{"id":29997,"date":"2025-10-15T14:21:43","date_gmt":"2025-10-15T06:21:43","guid":{"rendered":"https:\/\/www.eco-leather.com\/?post_type=product&#038;p=29997"},"modified":"2025-10-15T14:30:40","modified_gmt":"2025-10-15T06:30:40","slug":"eco-recycled-faux-fabric-imitation-leather-for-safety-shoes","status":"publish","type":"product","link":"https:\/\/www.eco-leather.com\/pt\/eco-recycled-faux-fabric-imitation-leather-for-safety-shoes\/","title":{"rendered":"Imita\u00e7\u00e3o de couro de tecido falso reciclado ecol\u00f3gico para cal\u00e7ado de seguran\u00e7a"},"content":{"rendered":"<p style=\"text-align: center;\"><span style=\"font-size: 40px; font-family: georgia, palatino, serif; color: #c49060;\"><em><strong><b><span style=\"vertical-align: inherit;\"><span style=\"font-size: 40px;\">produto de<\/span>descri\u00e7\u00e3o<\/span><\/b><\/strong><\/em><\/span><\/p>\n<hr \/>\n<div>\n<div class=\"ace-line\" dir=\"auto\" data-node=\"true\">\n<div class=\"ace-line\" dir=\"auto\" data-node=\"true\">\n<div class=\"ace-line\" dir=\"auto\" data-node=\"true\">\n<div class=\"ace-line\" dir=\"auto\" data-node=\"true\">\n<p class=\"ds-markdown-paragraph\"><strong>WINIW: Pioneering Sustainable Safety with <a href=\"https:\/\/www.eco-leather.com\/pt\/\">Eco Recycled Faux Leather<\/a><\/strong><\/p>\n<p class=\"ds-markdown-paragraph\">In an era where corporate responsibility and environmental stewardship are paramount, WINIW presents a revolutionary solution for the safety footwear industry: our Eco Recycled Faux Fabric Imitation Leather. This product is the culmination of advanced material science and a deep-seated commitment to sustainability, designed for forward-thinking brands that refuse to choose between planetary health and product performance. It represents a tangible step towards a circular economy in professional apparel.<\/p>\n<p class=\"ds-markdown-paragraph\">This innovative material is manufactured using a significant percentage of post-consumer and post-industrial recycled textiles, primarily polyester, which are processed and transformed into a robust, non-woven fabric base. <a href=\"https:\/\/www.eco-leather.com\/pt\/0-4mm-soft-touch-vegan-microfiber-leather-material-for-trainers-lining\/\"><strong>Microfiber Leather Material Manufacturers<\/strong><\/a>By diverting waste from landfills and reducing the reliance on virgin petroleum-based materials, WINIW significantly lowers the ecological footprint of each pair of safety shoes produced. The coating utilizes water-based polyurethanes, minimizing the release of volatile organic compounds (VOCs) and creating a safer production environment.<\/p>\n<p class=\"ds-markdown-paragraph\">Do not mistake its green credentials for a compromise in quality. WINIW&#8217;s Eco Recycled Leather is engineered to meet the rigorous demands of safety applications. <a href=\"https:\/\/www.eco-leather.com\/pt\/0-4mm-wear-resistance-pencil-pouch-economic-friendly-pu-biobased-leather\/\"><strong>Biobased Leather Manufacturer<\/strong><\/a>It offers remarkable resistance to abrasion, tears, and general wear and tear, ensuring the longevity expected from professional footwear. It is also easy to clean and maintain, requiring minimal resources for upkeep. By selecting this material, manufacturers can create safety shoes that protect the wearer while actively protecting the planet, building a powerful brand story rooted in authenticity and innovation.<\/p>\n<\/div>\n<\/div>\n<\/div>\n<\/div>\n<p class=\"wmn-title-pink\" style=\"text-align: center;\"><span style=\"color: #c49060;\"><span style=\"background-color: #ffffff; font-size: 40px;\"><strong><em><span style=\"vertical-align: inherit;\">par<\/span><\/em><\/strong><\/span><span style=\"background-color: #ffffff; font-size: 40px;\"><strong><em><span style=\"vertical-align: inherit;\">amper\u00edmetro<\/span><\/em><\/strong><\/span><\/span><\/p>\n<hr \/>\n<\/div>\n<div class=\"nei-table\">\n<p>&nbsp;<\/p>\n<table class=\"aligncenter\" style=\"height: 283px;\" width=\"1008\">\n<tbody>\n<tr>\n<td><span style=\"font-family: arial, helvetica, sans-serif; font-size: 20px;\"><span style=\"vertical-align: inherit;\">Material:<\/span><\/span><\/td>\n<td><span style=\"font-family: arial, helvetica, sans-serif; font-size: 20px;\">100% material sint\u00e9tico, amigo dos animais, sem pele.<\/span><\/td>\n<td><span style=\"font-family: arial, helvetica, sans-serif; font-size: 20px;\"><span style=\"vertical-align: inherit;\">cor:<\/span><\/span><\/td>\n<td><span style=\"font-family: arial, helvetica, sans-serif; font-size: 20px;\">personalizar cores.<\/span><\/td>\n<\/tr>\n<tr>\n<td><span style=\"font-family: arial, helvetica, sans-serif; font-size: 20px;\"><span style=\"vertical-align: inherit;\">Espessura\uff1a<\/span><\/span><\/td>\n<td><span style=\"font-family: arial, helvetica, sans-serif; font-size: 20px;\">0,4 mm-0,6 mm ou espessura personalizada.<\/span><\/td>\n<td><span style=\"font-family: arial, helvetica, sans-serif; font-size: 20px;\"><span style=\"vertical-align: inherit;\">Quantidade m\u00ednima de encomenda:<\/span><\/span><\/td>\n<td><span style=\"font-family: arial, helvetica, sans-serif; font-size: 20px;\"><span style=\"vertical-align: inherit;\">300 metros lineares.<\/span><\/span><\/td>\n<\/tr>\n<tr>\n<td><span style=\"font-family: arial, helvetica, sans-serif; font-size: 20px;\"><span style=\"vertical-align: inherit;\">Rolo Len<span style=\"font-family: arial, helvetica, sans-serif;\">gth:<\/span><\/span><\/span><\/td>\n<td><span style=\"font-family: arial, helvetica, sans-serif; font-size: 20px;\">20-30m\/rolo<\/span><\/td>\n<td><span style=\"font-family: arial, helvetica, sans-serif; font-size: 20px;\"><span style=\"vertical-align: inherit;\">prazo de entrega:<\/span><\/span><\/td>\n<td><span style=\"font-family: arial, helvetica, sans-serif; font-size: 20px;\"><span style=\"vertical-align: inherit;\">15-20 dias.<\/span><\/span><\/td>\n<\/tr>\n<tr>\n<td><span style=\"font-family: arial, helvetica, sans-serif; font-size: 20px;\"><span style=\"vertical-align: inherit;\">largura:<\/span><\/span><\/td>\n<td><span style=\"font-family: arial, helvetica, sans-serif; font-size: 20px;\">54\", 137cm<\/span><\/td>\n<td><span style=\"font-family: arial, helvetica, sans-serif; font-size: 20px;\"><span style=\"vertical-align: inherit;\">Capacidade de produ\u00e7\u00e3o:<\/span><\/span><\/td>\n<td><span style=\"font-family: arial, helvetica, sans-serif; font-size: 20px;\"><span style=\"vertical-align: inherit;\">1.000.000 de metros por m\u00eas.<\/span><\/span><\/td>\n<\/tr>\n<\/tbody>\n<\/table>\n<\/div>\n<div>\n<p style=\"text-align: center;\"><span style=\"font-size: 40px; color: #c49060;\"><em><strong><b><span style=\"vertical-align: inherit;\">Detalhes e carater\u00edsticas do produto<\/span><\/b><\/strong><\/em><\/span><\/p>\n<hr \/>\n<\/div>\n<div class=\"wmn-template-17\">\n<div class=\"ace-line list-div\" dir=\"auto\" data-node=\"true\"><\/div>\n<div class=\"ace-line list-div\" dir=\"auto\" data-node=\"true\">\n<div class=\"ace-line list-div\" dir=\"auto\" data-node=\"true\">\n<div class=\"ace-line list-div\" dir=\"auto\" data-node=\"true\"><strong>Three Key Advantages<\/strong><\/div>\n<div class=\"ace-line list-div\" dir=\"auto\" data-node=\"true\">\n<div class=\"ace-line list-div\" dir=\"auto\" data-node=\"true\">\n<div class=\"ace-line list-div\" dir=\"auto\" data-node=\"true\">\n<p class=\"ds-markdown-paragraph\"><strong>1. Superior Environmental Credentials and Circular Design<\/strong><br \/>\nThe most distinguished advantage of this material is its core composition from recycled textiles. WINIW directly addresses the global waste crisis by repurposing plastic bottles and fabric scraps into a high-value product. This process conserves natural resources, reduces energy consumption, and lowers carbon emissions compared to producing virgin synthetic leather. <strong>Microfiber Base Manufacturer<\/strong>It offers manufacturers a verifiable and marketable green alternative to align with ESG (Environmental, Social, and Governance) goals.<\/p>\n<p class=\"ds-markdown-paragraph\"><strong>2. Outstanding Durability and Functional Resilience<\/strong><br \/>\nSustainability without performance is meaningless in safety gear. WINIW&#8217;s recycled leather is rigorously tested to ensure it does not sacrifice strength for eco-friendliness. The recycled polyester base provides excellent tensile strength and dimensional stability, while the specialized coating offers high resistance to abrasion, cracking, and peeling. This results in safety shoes that are built to withstand harsh working conditions, proving that durable products need not come at the planet&#8217;s expense.<\/p>\n<p class=\"ds-markdown-paragraph\"><strong>3. Cost-Effectiveness and Regulatory Compliance<\/strong><br \/>\nUtilizing recycled materials can lead to a more stable and often lower raw material cost compared to fluctuating genuine leather prices. This economic benefit, combined with the material&#8217;s long lifespan, provides a compelling cost-saving proposition. <strong>Faux Pu Leather Manufacturer<\/strong>Furthermore, its manufacturing process, which often employs eco-friendly, water-based polyurethane, helps brands proactively comply with increasingly stringent international environmental and safety regulations, simplifying the supply chain.<\/p>\n<\/div>\n<\/div>\n<\/div>\n<\/div>\n<\/div>\n<p class=\"wmn-title-pink\" style=\"text-align: center;\"><span style=\"font-size: 40px; color: #c49060;\"><em><strong><span style=\"vertical-align: inherit;\"> utiliza\u00e7\u00e3o<\/span><\/strong><\/em><\/span><\/p>\n<hr \/>\n<\/div>\n<p>&nbsp;<\/p>\n<p><img fetchpriority=\"high\" decoding=\"async\" class=\"wp-image-29983 aligncenter\" src=\"https:\/\/www.eco-leather.com\/wp-content\/uploads\/2025\/10\/Microfiber-Leather-for-Safety-Shoes-2-238x300.jpg\" alt=\"\" width=\"608\" height=\"766\" srcset=\"https:\/\/www.eco-leather.com\/wp-content\/uploads\/2025\/10\/Microfiber-Leather-for-Safety-Shoes-2-238x300.jpg 238w, https:\/\/www.eco-leather.com\/wp-content\/uploads\/2025\/10\/Microfiber-Leather-for-Safety-Shoes-2-10x12.jpg 10w, https:\/\/www.eco-leather.com\/wp-content\/uploads\/2025\/10\/Microfiber-Leather-for-Safety-Shoes-2-600x757.jpg 600w, https:\/\/www.eco-leather.com\/wp-content\/uploads\/2025\/10\/Microfiber-Leather-for-Safety-Shoes-2.jpg 750w\" sizes=\"(max-width: 608px) 100vw, 608px\" \/> <img decoding=\"async\" class=\"wp-image-29984 aligncenter\" src=\"https:\/\/www.eco-leather.com\/wp-content\/uploads\/2025\/10\/Microfiber-Leather-for-Safety-Shoes-3-218x300.jpg\" alt=\"\" width=\"610\" height=\"839\" srcset=\"https:\/\/www.eco-leather.com\/wp-content\/uploads\/2025\/10\/Microfiber-Leather-for-Safety-Shoes-3-218x300.jpg 218w, https:\/\/www.eco-leather.com\/wp-content\/uploads\/2025\/10\/Microfiber-Leather-for-Safety-Shoes-3-745x1024.jpg 745w, https:\/\/www.eco-leather.com\/wp-content\/uploads\/2025\/10\/Microfiber-Leather-for-Safety-Shoes-3-9x12.jpg 9w, https:\/\/www.eco-leather.com\/wp-content\/uploads\/2025\/10\/Microfiber-Leather-for-Safety-Shoes-3-600x825.jpg 600w, https:\/\/www.eco-leather.com\/wp-content\/uploads\/2025\/10\/Microfiber-Leather-for-Safety-Shoes-3.jpg 750w\" sizes=\"(max-width: 610px) 100vw, 610px\" \/> <img decoding=\"async\" class=\"wp-image-29987 aligncenter\" src=\"https:\/\/www.eco-leather.com\/wp-content\/uploads\/2025\/10\/Microfiber-Leather-for-Safety-Shoes-12-270x300.jpg\" alt=\"\" width=\"611\" height=\"679\" srcset=\"https:\/\/www.eco-leather.com\/wp-content\/uploads\/2025\/10\/Microfiber-Leather-for-Safety-Shoes-12-270x300.jpg 270w, https:\/\/www.eco-leather.com\/wp-content\/uploads\/2025\/10\/Microfiber-Leather-for-Safety-Shoes-12-11x12.jpg 11w, https:\/\/www.eco-leather.com\/wp-content\/uploads\/2025\/10\/Microfiber-Leather-for-Safety-Shoes-12-600x666.jpg 600w, https:\/\/www.eco-leather.com\/wp-content\/uploads\/2025\/10\/Microfiber-Leather-for-Safety-Shoes-12.jpg 750w\" sizes=\"(max-width: 611px) 100vw, 611px\" \/> <img loading=\"lazy\" decoding=\"async\" class=\"wp-image-29986 aligncenter\" src=\"https:\/\/www.eco-leather.com\/wp-content\/uploads\/2025\/10\/Microfiber-Leather-for-Safety-Shoes-7-187x300.jpg\" alt=\"\" width=\"614\" height=\"985\" srcset=\"https:\/\/www.eco-leather.com\/wp-content\/uploads\/2025\/10\/Microfiber-Leather-for-Safety-Shoes-7-187x300.jpg 187w, https:\/\/www.eco-leather.com\/wp-content\/uploads\/2025\/10\/Microfiber-Leather-for-Safety-Shoes-7-639x1024.jpg 639w, https:\/\/www.eco-leather.com\/wp-content\/uploads\/2025\/10\/Microfiber-Leather-for-Safety-Shoes-7-7x12.jpg 7w, https:\/\/www.eco-leather.com\/wp-content\/uploads\/2025\/10\/Microfiber-Leather-for-Safety-Shoes-7-600x962.jpg 600w, https:\/\/www.eco-leather.com\/wp-content\/uploads\/2025\/10\/Microfiber-Leather-for-Safety-Shoes-7.jpg 750w\" sizes=\"(max-width: 614px) 100vw, 614px\" \/><\/p>\n<p>&nbsp;<\/p>\n<p>&nbsp;<\/p>\n<p style=\"text-align: center;\"><a href=\"https:\/\/www.synthetic-leather.com\/product-category\/product\/\" target=\"_blank\" rel=\"noopener\"><span style=\"font-family: arial, helvetica, sans-serif; font-size: 20px; color: #0000ff;\"><strong>Muitas outras cores personalizadas aguardam a sua consulta!<\/strong><\/span><\/a><\/p>\n<p>&nbsp;<\/p>\n<p style=\"text-align: center;\"><span style=\"color: #c49060;\"><em><span style=\"font-size: 40px;\"><strong><b><span style=\"vertical-align: inherit;\">Porqu\u00ea escolher a WINIW<\/span><\/b><\/strong><\/span><\/em><\/span><\/p>\n<hr \/>\n<p style=\"text-align: center;\"><span style=\"font-family: arial, helvetica, sans-serif; font-size: 20px; color: #ff6600;\"><strong>WINIW Couro Vegan SK Series \u00e0 base de plantas para o fabricante do material do assento interior do carro\u00a0<\/strong><\/span><\/p>\n<p>&nbsp;<\/p>\n<p id=\"\"><span style=\"font-family: arial, helvetica, sans-serif;\">A WINIW \u00e9 especializada no desenvolvimento e produ\u00e7\u00e3o de couro vegan ecol\u00f3gico \u00e0 base de plantas, empenhada em fornecer solu\u00e7\u00f5es de materiais sustent\u00e1veis de alta qualidade e com baixas emiss\u00f5es de COV para a ind\u00fastria de interiores de autom\u00f3veis. O nosso couro da s\u00e9rie SK conquistou a confian\u00e7a de in\u00fameros fabricantes de autom\u00f3veis de topo de gama em todo o mundo devido ao seu excelente desempenho ambiental e durabilidade.<\/span><\/p>\n<p><span style=\"font-family: arial, helvetica, sans-serif; color: #0000ff;\"><strong><b>Garantia de qualidade<\/b><\/strong><\/span><\/p>\n<p><span style=\"font-family: arial, helvetica, sans-serif;\">A fim de garantir a qualidade dos nossos produtos, adopt\u00e1mos medidas rigorosas de controlo de qualidade e uma gest\u00e3o abrangente da nossa produ\u00e7\u00e3o e cadeia de abastecimento. Desde a aquisi\u00e7\u00e3o de mat\u00e9rias-primas, monitoriza\u00e7\u00e3o do processo de produ\u00e7\u00e3o, at\u00e9 ao teste e inspe\u00e7\u00e3o dos produtos, centramo-nos sempre nos interesses dos nossos clientes e operamos em estrita conformidade com os requisitos do sistema de gest\u00e3o da qualidade ISO9001.<\/span><\/p>\n<p><span style=\"font-family: arial, helvetica, sans-serif; color: #0000ff;\"><strong><b>Equipa t\u00e9cnica profissional<\/b><\/strong><\/span><\/p>\n<p><span style=\"font-family: arial, helvetica, sans-serif;\">A WINIW disp\u00f5e de uma equipa t\u00e9cnica especializada, cujo objetivo \u00e9 fornecer produtos e servi\u00e7os de elevada qualidade. Esta equipa t\u00e9cnica \u00e9 constitu\u00edda por profissionais experientes, especializados em diversas \u00e1reas t\u00e9cnicas, capazes de satisfazer as necessidades dos nossos clientes.<\/span><\/p>\n<p><span style=\"font-family: arial, helvetica, sans-serif; color: #0000ff;\"><strong><b>Vasta gama de aplica\u00e7\u00f5es<\/b><\/strong><\/span><\/p>\n<p><span style=\"font-family: arial, helvetica, sans-serif;\">Os produtos s\u00e3o amplamente utilizados em cal\u00e7ado, vestu\u00e1rio, bagagem, interiores de autom\u00f3veis, mobili\u00e1rio para sof\u00e1s e outros dom\u00ednios.<\/span><\/p>\n<p><span style=\"font-family: arial, helvetica, sans-serif; color: #0000ff;\"><strong><b>Servi\u00e7os personalizados<\/b><\/strong><\/span><\/p>\n<p><span style=\"font-family: arial, helvetica, sans-serif;\">Os servi\u00e7os personalizados da WINIW s\u00e3o adaptados \u00e0s necessidades espec\u00edficas dos seus clientes. Esta abordagem garante que cada cliente receba solu\u00e7\u00f5es que s\u00e3o relevantes para as suas necessidades e situa\u00e7\u00f5es \u00fanicas. Ao conceber solu\u00e7\u00f5es desta forma, a WINIW \u00e9 capaz de fornecer solu\u00e7\u00f5es econ\u00f3micas que proporcionam o m\u00e1ximo valor aos seus clientes.<\/span><\/p>\n<p>&nbsp;<\/p>\n<p>&nbsp;<\/p>\n<p><img loading=\"lazy\" decoding=\"async\" class=\"aligncenter\" style=\"height: 803px; width: 803px;\" title=\"WINIW Microfieber Leather Manufacture\" src=\"https:\/\/img.waimaoniu.net\/3820\/3820-202312251058461571.jpg\" alt=\"Tecido de couro PVC\" width=\"803\" height=\"1200\" border=\"0\" vspace=\"0\" \/><\/p>\n<p style=\"text-align: center;\"><span style=\"font-size: 25px; color: #666464;\"><strong><span style=\"font-family: arial, helvetica, sans-serif;\"><span style=\"vertical-align: inherit;\">Entrega r\u00e1pida e elevada capacidade de produ\u00e7\u00e3o<\/span><\/span><\/strong><\/span><\/p>\n<p style=\"text-align: center;\"><span style=\"font-size: 25px; color: #666464;\"><strong><span style=\"font-family: arial, helvetica, sans-serif;\"><span style=\"vertical-align: inherit;\">Qualidade est\u00e1vel<\/span><\/span><\/strong><\/span><\/p>\n<p style=\"text-align: center;\"><span style=\"font-size: 25px; color: #666464;\"><strong><span style=\"font-family: arial, helvetica, sans-serif;\"><span style=\"vertical-align: inherit;\">servi\u00e7o profissional<\/span><\/span><\/strong><\/span><\/p>\n<p>&nbsp;<\/p>\n<p>&nbsp;<\/p>\n<div>\n<p class=\"wmn-title-pink\" style=\"text-align: center;\"><span style=\"color: #c49060;\"><em><span style=\"font-size: 40px;\"><strong><span style=\"vertical-align: inherit;\">FAQ<\/span><\/strong><\/span><\/em><\/span><\/p>\n<hr \/>\n<\/div>\n<p style=\"text-align: center;\">P: E quanto ao vosso servi\u00e7o?<\/p>\n<p style=\"text-align: center;\">R: Temos um grupo de vendedores de topo que lhe oferecem a profiss\u00e3o, a experi\u00eancia e a sinceridade do servi\u00e7o<\/p>\n<p style=\"text-align: center;\">Q:Quanto custa o couro de microfibra que vende? Podemos obter um desconto?<\/p>\n<p style=\"text-align: center;\">R: Depende da espessura, cores, quantidade, tempo de encomenda, etc, por favor diga-nos o seu requisito indetail, ent\u00e3o podemos dar-lhe o pre\u00e7o geral para refer\u00eancia Os pre\u00e7os podem ser melhores, se a quantidade de compra for maior.<\/p>\n<p style=\"text-align: center;\">Q:Como \u00e9 que controlam a qualidade dos produtos?<\/p>\n<p style=\"text-align: center;\">R: Temos uma equipe profissional de QC em cada etapa, que controla bem a qualidade de seus produtos durante toda a produ\u00e7\u00e3o em massa at\u00e9 o tempo de envio. Al\u00e9m disso, temos uma equipa de trabalho muito respons\u00e1vel<\/p>\n<p style=\"text-align: center;\">Podemos efetuar um servi\u00e7o de inspe\u00e7\u00e3o para si<\/p>\n<p>&nbsp;<\/p>\n<div style=\"color: #333333; font-family: Georgia, 'Times New Roman', 'Bitstream Charter', Times, serif;\">\n<p style=\"text-align: center;\"><span style=\"font-size: 30px; color: #c49060;\"><strong><span style=\"vertical-align: inherit;\">Esperamos sinceramente pelo seu pedido!<\/span><\/strong><\/span><\/p>\n<\/div>\n<p>&nbsp;<\/p>\n\n    <div class=\"xs_social_share_widget xs_share_url after_content \t\tmain_content  wslu-style-1 wslu-share-box-shaped wslu-fill-colored wslu-none wslu-share-horizontal wslu-theme-font-no wslu-main_content\">\n\n\t\t\n        <ul>\n\t\t\t        <\/ul>\n    <\/div>","protected":false},"excerpt":{"rendered":"<p>In an era where corporate responsibility and environmental stewardship are paramount, WINIW presents a revolutionary solution for the safety footwear industry: our Eco Recycled Faux Fabric Imitation Leather. This product is the culmination of advanced material science and a deep-seated commitment to sustainability, designed for forward-thinking brands that refuse to choose between planetary health and product performance. It represents a tangible step towards a circular economy in professional apparel.<\/p>","protected":false},"featured_media":30000,"template":"","meta":[],"product_brand":[],"product_cat":[111,293,204],"product_tag":[19377,19375],"class_list":{"0":"post-29997","1":"product","2":"type-product","3":"status-publish","4":"has-post-thumbnail","6":"product_cat-microfiber-leather","7":"product_cat-products","8":"product_cat-shoe-leather","9":"product_tag-faux-fabric-imitation-leather","10":"product_tag-shoes-leather","12":"first","13":"instock","14":"shipping-taxable","15":"product-type-simple"},"_links":{"self":[{"href":"https:\/\/www.eco-leather.com\/pt\/wp-json\/wp\/v2\/product\/29997","targetHints":{"allow":["GET"]}}],"collection":[{"href":"https:\/\/www.eco-leather.com\/pt\/wp-json\/wp\/v2\/product"}],"about":[{"href":"https:\/\/www.eco-leather.com\/pt\/wp-json\/wp\/v2\/types\/product"}],"wp:featuredmedia":[{"embeddable":true,"href":"https:\/\/www.eco-leather.com\/pt\/wp-json\/wp\/v2\/media\/30000"}],"wp:attachment":[{"href":"https:\/\/www.eco-leather.com\/pt\/wp-json\/wp\/v2\/media?parent=29997"}],"wp:term":[{"taxonomy":"product_brand","embeddable":true,"href":"https:\/\/www.eco-leather.com\/pt\/wp-json\/wp\/v2\/product_brand?post=29997"},{"taxonomy":"product_cat","embeddable":true,"href":"https:\/\/www.eco-leather.com\/pt\/wp-json\/wp\/v2\/product_cat?post=29997"},{"taxonomy":"product_tag","embeddable":true,"href":"https:\/\/www.eco-leather.com\/pt\/wp-json\/wp\/v2\/product_tag?post=29997"}],"curies":[{"name":"wp","href":"https:\/\/api.w.org\/{rel}","templated":true}]}}