{"id":29648,"date":"2025-09-07T11:05:19","date_gmt":"2025-09-07T03:05:19","guid":{"rendered":"https:\/\/www.eco-leather.com\/product\/1-8mm-strong-durability-microfiber-leather-fabric-for-jeans-label\/"},"modified":"2025-09-07T11:05:23","modified_gmt":"2025-09-07T03:05:23","slug":"1-tecido-de-couro-de-microfibra-de-8-mm-de-durabilidade-para-etiqueta-de-calcas-de-ganga","status":"publish","type":"product","link":"https:\/\/www.eco-leather.com\/pt\/1-tecido-de-couro-de-microfibra-de-8-mm-de-durabilidade-para-etiqueta-de-calcas-de-ganga\/","title":{"rendered":"Tecido de couro de microfibra de durabilidade forte de 1,8 mm para etiqueta de jeans"},"content":{"rendered":"<h2>Tecido de couro de microfibra de durabilidade forte de 1,8 mm para fabrica\u00e7\u00e3o de etiquetas de jeans<\/h2>\n<p><main><\/p>\n<section id=\"product-overview\">\n<h2>Descri\u00e7\u00e3o do produto<\/h2>\n<p>produto <strong>Tecido para sof\u00e1 floral<\/strong> descri\u00e7\u00e3o<\/p>\n<p>Artesanal <strong>Revendedores de tecidos para sacos<\/strong> A partir da melhor pele de microfibra, este tecido n\u00e3o s\u00f3 \u00e9 forte e resistente, como tamb\u00e9m incrivelmente suave ao tato. Proporciona um aspeto e um toque luxuosos que ir\u00e3o certamente elevar o design geral das suas cal\u00e7as de ganga e faz\u00ea-las sobressair da multid\u00e3o.<\/p>\n<p>Este <strong>Caixas em pele sint\u00e9tica China<\/strong> foi concebido para resistir ao desgaste di\u00e1rio, o que significa que as suas etiquetas de cal\u00e7as de ganga continuar\u00e3o a ter um \u00f3timo aspeto mesmo ap\u00f3s in\u00fameras lavagens e utiliza\u00e7\u00f5es. \u00c9 f\u00e1cil de cortar, coser e personalizar, o que o torna ideal tanto para a produ\u00e7\u00e3o em pequena como em grande escala.<\/p>\n<p>Fabricado a partir de materiais de microfibra de alta qualidade, o nosso couro sint\u00e9tico de microfibra Ultrasuede de 0,7 mm \u00e9 a escolha perfeita para luvas de ciclismo. Equilibra flexibilidade e resist\u00eancia, oferecendo uma respirabilidade excecional e propriedades de absor\u00e7\u00e3o de humidade para manter as m\u00e3os frescas e secas durante passeios intensos.<\/p>\n<p>Quer se trate de um ciclista profissional ou de um ciclista de lazer, o couro em microfibra proporciona um conforto e uma prote\u00e7\u00e3o imbat\u00edveis. A sua elevada resist\u00eancia \u00e0 abras\u00e3o e aos rasg\u00f5es garante um desempenho duradouro, enquanto o design elegante confere um toque sofisticado a qualquer conjunto de ciclismo.<\/p>\n<\/section>\n<section id=\"specifications\">\n<h2>Par\u00e2metros t\u00e9cnicos<\/h2>\n<ul class_=\"parameters-list\">\n<li><span class=\"param-name\">par\u00e2metro <strong>Couro para vestu\u00e1rio Importado<\/strong> Material:<\/span> microfibra + PU. cor: preto, castanho, cores personalizadas. Espessura 0.8-2.00mm Quantidade m\u00ednima de encomenda: 300 metros lineares.<\/li>\n<li><span class=\"param-name\">Comprimento do rolo:<\/span> 20-30m\/rolo Prazo de entrega: 15-20 dias. Largura: 54, 137cm Capacidade de produ\u00e7\u00e3o: 1.000.000 metros por m\u00eas.<\/li>\n<\/ul>\n<p><img decoding=\"async\" alt=\"0.7mm Ultrasuede Microfiber Faux Leather para Luvas de Ciclismo - Especifica\u00e7\u00e3o do Material\" class=\"product-image\" src=\"\/wp-content\/uploads\/2025\/08\/07mm-ultrasuede-microfiber-faux-leather-for-cycling-gloves--37881.jpg\"\/><\/p>\n<h3>Par\u00e2metros do produto<\/h3>\n<ul class=\"parameters-list\">\n<li><span class=\"param-name\">Material:<\/span> Microfibra + PU<\/li>\n<li><span class=\"param-name\">Cor:<\/span> Preto, cinzento, bege (cores personalizadas dispon\u00edveis)<\/li>\n<li><span class=\"param-name\">Espessura:<\/span> 0,6 mm, 0,7 mm, 0,8 mm, 1 mm<\/li>\n<li><span class=\"param-name\">Quantidade m\u00ednima de encomenda:<\/span> 300 metros lineares<\/li>\n<li><span class=\"param-name\">Comprimento do rolo:<\/span> 20-30m\/rolo<\/li>\n<li><span class=\"param-name\">Prazo de entrega:<\/span> 15-20 dias<\/li>\n<li><span class=\"param-name\">Largura:<\/span> 54\u2033, 137cm<\/li>\n<li><span class=\"param-name\">Capacidade de produ\u00e7\u00e3o:<\/span> 1.000.000 de metros por m\u00eas<\/li>\n<\/ul>\n<\/section>\n<section id=\"features\">\n<h2>Carater\u00edsticas do produto<\/h2>\n<div class=\"feature-item\">\n<img decoding=\"async\" alt=\"Apresentamos os importadores de tecidos para sof\u00e1s \u00e0 prova de \u00e1gua - o nosso mais recente produto, o 1\" class=\"feature-image left\" src=\"\/wp-content\/uploads\/2025\/08\/18mm-strong-durability-microfiber-leather-fabric-for-jeans-label-36436.jpg\"\/><\/p>\n<h3>Apresenta\u00e7\u00e3o <strong>Importadores de tecido de sof\u00e1 \u00e0 prova de \u00e1gua<\/strong> o nosso mais recente produto, o 1<\/h3>\n<p>Apresenta\u00e7\u00e3o <strong>Importadores de tecido de sof\u00e1 \u00e0 prova de \u00e1gua<\/strong> o nosso mais recente produto, o tecido de couro de microfibra de durabilidade forte de 1,8 mm para etiquetas de cal\u00e7as de ganga! Estamos entusiasmados por oferecer este material de alta qualidade que \u00e9 perfeito para criar etiquetas duradouras e com estilo para as suas cal\u00e7as de ganga.<\/p>\n<div class=\"clear\"><\/div>\n<\/div>\n<div class=\"feature-item\">\n<img decoding=\"async\" alt=\"Na nossa empresa, estamos empenhados em fornecer aos nossos clientes produtos da melhor qualidade\" class=\"feature-image left\" src=\"\/wp-content\/uploads\/2025\/08\/18mm-strong-durability-microfiber-leather-fabric-for-jeans-label-36436.jpg\"\/><\/p>\n<h3>Na nossa empresa, estamos empenhados em fornecer aos nossos clientes produtos da melhor qualidade<\/h3>\n<p>Na nossa empresa, estamos empenhados em fornecer aos nossos clientes produtos da melhor qualidade. N\u00f3s <strong>Leatherman falso \u00e0 prova de \u00e1gua<\/strong> A nossa empresa garante a durabilidade excecional e a qualidade duradoura deste tecido em pele de microfibra e acredita que ir\u00e1 exceder as suas expectativas.<\/p>\n<div class=\"clear\"><\/div>\n<\/div>\n<div class=\"feature-item\">\n<img decoding=\"async\" alt=\"Em resumo, se procura um material fi\u00e1vel e bonito para as suas etiquetas de cal\u00e7as de ganga, n\u00e3o procure mais do que o 1\" class=\"feature-image left\" src=\"\/wp-content\/uploads\/2025\/08\/18mm-strong-durability-microfiber-leather-fabric-for-jeans-label-36437.jpg\"\/><\/p>\n<h3>Em resumo, se procura um material fi\u00e1vel e bonito para as suas etiquetas de cal\u00e7as de ganga, n\u00e3o procure mais do que o 1<\/h3>\n<p>Em suma, se procura um material fi\u00e1vel e bonito para as suas etiquetas de cal\u00e7as de ganga, n\u00e3o procure mais do que o tecido de couro de microfibra de durabilidade forte de 1,8 mm. Temos a certeza de que ficar\u00e1 encantado com os resultados!<\/p>\n<div class=\"clear\"><\/div>\n<\/div>\n<div class=\"feature-item\">\n<img decoding=\"async\" alt=\"Alta resist\u00eancia \u00e0 rutura - Couro sint\u00e9tico de microfibra Ultrasuede para luvas de ciclismo\" class=\"feature-image left\" src=\"\/wp-content\/uploads\/2025\/08\/07mm-ultrasuede-microfiber-faux-leather-for-cycling-gloves--37882.jpg\"\/><\/p>\n<h3>Elevada resist\u00eancia ao rasgamento<\/h3>\n<p>O nosso couro de microfibra Ultrasuede possui uma resist\u00eancia excecional ao rasgamento, garantindo que n\u00e3o se parte ou deforma facilmente sob tens\u00e3o. Isto torna-a ideal para produtos que exigem durabilidade e desempenho a longo prazo.<\/p>\n<div class=\"clear\"><\/div>\n<\/div>\n<div class=\"feature-item\">\n<img decoding=\"async\" alt=\"Reten\u00e7\u00e3o da forma - Ultrasuede Microfibra Couro sint\u00e9tico para luvas de ciclismo\" class=\"feature-image right\" src=\"\/wp-content\/uploads\/2025\/08\/07mm-ultrasuede-microfiber-faux-leather-for-cycling-gloves--37883.jpg\"\/><\/p>\n<h3>N\u00e3o \u00e9 f\u00e1cil de deformar<\/h3>\n<p>Especialmente tratado para manter a sua forma original, este material oferece uma excelente elasticidade e estabilidade. Resiste \u00e0 deforma\u00e7\u00e3o por press\u00e3o externa ou estiramento, mantendo os produtos intactos e atractivos ao longo do tempo.<\/p>\n<div class=\"clear\"><\/div>\n<\/div>\n<div class=\"feature-item\">\n<img decoding=\"async\" alt=\"Durabilidade - Ultrasuede Microfibra Faux Leather para luvas de ciclismo\" class=\"feature-image left\" src=\"\/wp-content\/uploads\/2025\/08\/07mm-ultrasuede-microfiber-faux-leather-for-cycling-gloves--37884.jpg\"\/><\/p>\n<h3>Durabilidade<\/h3>\n<p>Extremamente resistente \u00e0 abras\u00e3o, aos rasg\u00f5es e aos furos, este material garante que as luvas se mant\u00eam em \u00f3ptimas condi\u00e7\u00f5es, mesmo com uma utiliza\u00e7\u00e3o prolongada. Mant\u00e9m tamb\u00e9m uma excelente destreza e for\u00e7a para artigos de couro de alta qualidade.<\/p>\n<div class=\"clear\"><\/div>\n<\/div>\n<\/section>\n<p><\/main><\/p>\n<section id=\"inquiry\">\n<h2 style=\"text-align: center;\">Sinceramente \u00e0 espera do seu inqu\u00e9rito!<\/h2>\n<p style=\"text-align: center;\">Contacte-nos hoje para saber mais sobre os nossos produtos e fazer a sua encomenda.<\/p>\n<\/section>\n\n    <div class=\"xs_social_share_widget xs_share_url after_content \t\tmain_content  wslu-style-1 wslu-share-box-shaped wslu-fill-colored wslu-none wslu-share-horizontal wslu-theme-font-no wslu-main_content\">\n\n\t\t\n        <ul>\n\t\t\t        <\/ul>\n    <\/div>","protected":false},"excerpt":{"rendered":"<div class=\"product-short-description\">Etiquetas Couro 1.8mm Durabilidade Forte Tecido de Couro de Microfibra Para Etiqueta de Jeans WINIW 1.8mm Durabilidade Forte Tecido de Couro de Microfibra Para Etiqueta de Jeans As principais carater\u00edsticas incluem: Ideal para quem procura qualidade e fiabilidade.<\/p>\n<p>Como f\u00e1brica direta, fabricante e grossista, podemos controlar rigorosamente o processo de produ\u00e7\u00e3o para garantir a qualidade do produto, proporcionando-lhe os pre\u00e7os mais favor\u00e1veis. Dispomos de equipamento de produ\u00e7\u00e3o avan\u00e7ado e de uma equipa t\u00e9cnica profissional para satisfazer as suas necessidades de encomendas em grande escala e garantir uma entrega atempada.<\/p>\n<\/div>","protected":false},"featured_media":5642,"template":"","meta":[],"product_brand":[],"product_cat":[314],"product_tag":[19292],"class_list":{"0":"post-29648","1":"product","2":"type-product","3":"status-publish","4":"has-post-thumbnail","6":"product_cat-labels-leather","7":"product_tag-car-leather-fabric-manufacturercar-leather-fabric-traderscar-leather-fabric-providercar-leather-fabric-distributorcar-leather-fabric-exportcar-leather-fabric-china","9":"first","10":"instock","11":"product-type-simple"},"_links":{"self":[{"href":"https:\/\/www.eco-leather.com\/pt\/wp-json\/wp\/v2\/product\/29648","targetHints":{"allow":["GET"]}}],"collection":[{"href":"https:\/\/www.eco-leather.com\/pt\/wp-json\/wp\/v2\/product"}],"about":[{"href":"https:\/\/www.eco-leather.com\/pt\/wp-json\/wp\/v2\/types\/product"}],"wp:featuredmedia":[{"embeddable":true,"href":"https:\/\/www.eco-leather.com\/pt\/wp-json\/wp\/v2\/media\/5642"}],"wp:attachment":[{"href":"https:\/\/www.eco-leather.com\/pt\/wp-json\/wp\/v2\/media?parent=29648"}],"wp:term":[{"taxonomy":"product_brand","embeddable":true,"href":"https:\/\/www.eco-leather.com\/pt\/wp-json\/wp\/v2\/product_brand?post=29648"},{"taxonomy":"product_cat","embeddable":true,"href":"https:\/\/www.eco-leather.com\/pt\/wp-json\/wp\/v2\/product_cat?post=29648"},{"taxonomy":"product_tag","embeddable":true,"href":"https:\/\/www.eco-leather.com\/pt\/wp-json\/wp\/v2\/product_tag?post=29648"}],"curies":[{"name":"wp","href":"https:\/\/api.w.org\/{rel}","templated":true}]}}