{"id":29620,"date":"2025-09-07T11:05:09","date_gmt":"2025-09-07T03:05:09","guid":{"rendered":"https:\/\/www.eco-leather.com\/product\/0-2mm-wide-range-of-application-car-cleaning-cloth-chamois-material\/"},"modified":"2025-09-07T11:05:10","modified_gmt":"2025-09-07T03:05:10","slug":"0-2mm-ampla-gama-de-aplicacoes-material-de-camurca-de-pano-de-limpeza-de-carro","status":"publish","type":"product","link":"https:\/\/www.eco-leather.com\/pt\/0-2mm-ampla-gama-de-aplicacoes-material-de-camurca-de-pano-de-limpeza-de-carro\/","title":{"rendered":"0,2 mm Vasta gama de aplica\u00e7\u00f5es Material de camur\u00e7a do pano de limpeza para autom\u00f3veis"},"content":{"rendered":"<h2>0,2 mm Ampla gama de aplica\u00e7\u00f5es Pano de limpeza para autom\u00f3veis Detalhes do material da camur\u00e7a<\/h2>\n<p><main><\/p>\n<section id=\"product-overview\">\n<h2>Descri\u00e7\u00e3o do produto<\/h2>\n<p>produto <strong>Empresa de materiais para cadeiras de autom\u00f3vel<\/strong> descri\u00e7\u00e3o<\/p>\n<p>Fabricado a partir de materiais de microfibra de alta qualidade, o nosso couro sint\u00e9tico de microfibra Ultrasuede de 0,7 mm \u00e9 a escolha perfeita para luvas de ciclismo. Equilibra flexibilidade e resist\u00eancia, oferecendo uma respirabilidade excecional e propriedades de absor\u00e7\u00e3o de humidade para manter as m\u00e3os frescas e secas durante passeios intensos.<\/p>\n<p>Quer se trate de um ciclista profissional ou de um ciclista de lazer, o couro em microfibra proporciona um conforto e uma prote\u00e7\u00e3o imbat\u00edveis. A sua elevada resist\u00eancia \u00e0 abras\u00e3o e aos rasg\u00f5es garante um desempenho duradouro, enquanto o design elegante confere um toque sofisticado a qualquer conjunto de ciclismo.<\/p>\n<\/section>\n<section id=\"specifications\">\n<h2>Par\u00e2metros t\u00e9cnicos<\/h2>\n<ul class_=\"parameters-list\">\n<li><span class=\"param-name\">par\u00e2metro <strong>Material de revestimento do cal\u00e7ado<\/strong> Material:<\/span> microfibra de camur\u00e7a. cor: branco, azul, rosa, cores personalizadas. Espessura 0.2-0.6mm Quantidade m\u00ednima de encomenda: 300 metros lineares.<\/li>\n<li><span class=\"param-name\">Comprimento do rolo:<\/span> 20-30m\/rolo Prazo de entrega: 15-20 dias. Largura: 54, 137cm Capacidade de produ\u00e7\u00e3o: 1.000.000 metros por m\u00eas.<\/li>\n<\/ul>\n<p><img decoding=\"async\" alt=\"0.7mm Ultrasuede Microfiber Faux Leather para Luvas de Ciclismo - Especifica\u00e7\u00e3o do Material\" class=\"product-image\" src=\"\/wp-content\/uploads\/2025\/08\/07mm-ultrasuede-microfiber-faux-leather-for-cycling-gloves--37881.jpg\"\/><\/p>\n<h3>Par\u00e2metros do produto<\/h3>\n<ul class=\"parameters-list\">\n<li><span class=\"param-name\">Material:<\/span> Microfibra + PU<\/li>\n<li><span class=\"param-name\">Cor:<\/span> Preto, cinzento, bege (cores personalizadas dispon\u00edveis)<\/li>\n<li><span class=\"param-name\">Espessura:<\/span> 0,6 mm, 0,7 mm, 0,8 mm, 1 mm<\/li>\n<li><span class=\"param-name\">Quantidade m\u00ednima de encomenda:<\/span> 300 metros lineares<\/li>\n<li><span class=\"param-name\">Comprimento do rolo:<\/span> 20-30m\/rolo<\/li>\n<li><span class=\"param-name\">Prazo de entrega:<\/span> 15-20 dias<\/li>\n<li><span class=\"param-name\">Largura:<\/span> 54\u2033, 137cm<\/li>\n<li><span class=\"param-name\">Capacidade de produ\u00e7\u00e3o:<\/span> 1.000.000 de metros por m\u00eas<\/li>\n<\/ul>\n<\/section>\n<section id=\"usage\">\n<h2>Utiliza\u00e7\u00e3o e aplica\u00e7\u00f5es<\/h2>\n<p><img fetchpriority=\"high\" decoding=\"async\" alt=\"0,2 mm Ampla gama de aplica\u00e7\u00f5es Pano de limpeza para autom\u00f3veis Detalhes do material da camur\u00e7a\" height=\"350\" src=\"\/wp-content\/uploads\/2025\/08\/02mm-wide-range-of-application-car-cleaning-cloth-chamois-material-36167.jpg\" width=\"350\"\/><\/p>\n<div class=\"usage-point\">\n<h3>O <strong>Material do cal\u00e7ado Puro<\/strong> 0<\/h3>\n<p>O <strong>Material do cal\u00e7ado Puro<\/strong> 0,2 mm Ampla gama de aplica\u00e7\u00f5es O material de camur\u00e7a do pano de limpeza para autom\u00f3veis \u00e9 a solu\u00e7\u00e3o perfeita para manter o seu autom\u00f3vel com o melhor aspeto poss\u00edvel. Este pano de limpeza de alta qualidade \u00e9 fabricado com material de camur\u00e7a de primeira qualidade, o que garante uma longa dura\u00e7\u00e3o e um desempenho de limpeza superior.<\/p>\n<\/div>\n<div class=\"usage-point\">\n<h3>Quer precise de limpar o exterior do seu autom\u00f3vel depois de uma longa viagem ou de limpar um derrame na \u00e1rea dos passageiros, este pano de limpeza \u00e9 vers\u00e1til e pode ser utilizado para uma vasta gama de aplica\u00e7\u00f5es<\/h3>\n<p>Quer precise de limpar o exterior do seu autom\u00f3vel depois de uma longa viagem ou de limpar um derrame na \u00e1rea dos passageiros, este pano de limpeza \u00e9 vers\u00e1til e pode ser utilizado para uma vasta gama de aplica\u00e7\u00f5es.<\/p>\n<\/div>\n<div class=\"usage-point\">\n<h3>Al\u00e9m disso, o seu 0<\/h3>\n<p>Al\u00e9m disso, a sua espessura de 0,2 mm garante um toque suave e delicado enquanto limpa, reduzindo o risco de riscos ou danos na pintura delicada do seu ve\u00edculo. Este <strong>Sint\u00e9ticoSapatos Material Sourcing<\/strong> O pano de limpeza \u00e9 tamb\u00e9m incrivelmente f\u00e1cil de utilizar e manter.<\/p>\n<\/div>\n<div class=\"usage-point\">\n<h3>Basta mergulh\u00e1-lo em \u00e1gua e torc\u00ea-lo antes de o utilizar e ter\u00e1 um pano de limpeza altamente absorvente, pronto para qualquer tarefa de limpeza<\/h3>\n<p>Basta mergulh\u00e1-lo em \u00e1gua e torc\u00ea-lo antes de o utilizar, e ter\u00e1 um pano de limpeza altamente absorvente que est\u00e1 pronto a enfrentar qualquer tarefa de limpeza. Quando terminar de o utilizar, basta enxagu\u00e1-lo com \u00e1gua e pendur\u00e1-lo para secar.<\/p>\n<\/div>\n<div class=\"usage-point\">\n<h3>\u00c9 assim t\u00e3o f\u00e1cil! Em <strong>Material do sof\u00e1 Sapatos de camur\u00e7a<\/strong> Para al\u00e9m de ser uma excelente ferramenta para limpar o seu autom\u00f3vel, este material de camur\u00e7a tamb\u00e9m \u00e9 perfeito para utilizar em casa<\/h3>\n<p>\u00c9 assim t\u00e3o f\u00e1cil! Em <strong>Material do sof\u00e1 Sapatos de camur\u00e7a<\/strong> Para al\u00e9m de ser uma excelente ferramenta para a limpeza do seu autom\u00f3vel, este material de camur\u00e7a tamb\u00e9m \u00e9 perfeito para ser utilizado em casa. Utilize-o para limpar bancadas, limpar derrames ou mesmo para polir os seus m\u00f3veis.<\/p>\n<\/div>\n<div class=\"usage-point\">\n<h3>Com a sua vasta gama de utiliza\u00e7\u00f5es, este pano de limpeza \u00e9 indispens\u00e1vel para qualquer kit de cuidados dom\u00e9sticos ou autom\u00f3veis<\/h3>\n<p>Com a sua vasta gama de utiliza\u00e7\u00f5es, este pano de limpeza \u00e9 indispens\u00e1vel em qualquer kit de limpeza dom\u00e9stica ou autom\u00f3vel. Em conclus\u00e3o, o Pano de Limpeza para Autom\u00f3vel de 0,2 mm com uma vasta gama de aplica\u00e7\u00f5es e material de camur\u00e7a \u00e9 um utens\u00edlio de limpeza de alta qualidade e vers\u00e1til, perfeito para qualquer amante de autom\u00f3veis ou de limpeza dom\u00e9stica.<\/p>\n<\/div>\n<div class=\"usage-point\">\n<h3>Aplica\u00e7\u00e3o<\/h3>\n<p>Ent\u00e3o, porqu\u00ea esperar? Encomende o seu hoje e experimente a diferen\u00e7a no desempenho de limpeza que adv\u00e9m da utiliza\u00e7\u00e3o de material de camur\u00e7a de primeira qualidade!<\/p>\n<\/div>\n<div class=\"usage-point\">\n<h3>Confort\u00e1vel e respir\u00e1vel<\/h3>\n<p>Macio, confort\u00e1vel e altamente respir\u00e1vel, este material \u00e9 perfeito para luvas de ciclismo e outros produtos utilizados durante longos per\u00edodos. Mant\u00e9m as m\u00e3os frescas e secas durante actividades extenuantes.<\/p>\n<\/div>\n<div class=\"usage-point\">\n<h3>Ecol\u00f3gico e sustent\u00e1vel<\/h3>\n<p>O nosso couro sint\u00e9tico de microfibra Ultrasuede inclui op\u00e7\u00f5es amigas do ambiente, como variantes feitas de PET reciclado e materiais \u00e0 base de plantas, reduzindo o impacto ambiental ao mesmo tempo que oferece diversas texturas.<\/p>\n<\/div>\n<div class=\"usage-point\">\n<h3>Prote\u00e7\u00e3o anti-bacteriana e contra poeiras<\/h3>\n<p>As variantes selecionadas possuem propriedades anti-bacterianas e resistentes ao p\u00f3, cumprindo elevados padr\u00f5es de higiene ideais para luvas que exigem controlos rigorosos de qualidade e seguran\u00e7a.<\/p>\n<\/div>\n<div class=\"usage-point\">\n<h3>Diversos cen\u00e1rios de aplica\u00e7\u00e3o<\/h3>\n<p>Para al\u00e9m das luvas de ciclismo, \u00e9 adequado para luvas de dedo, luvas de seguran\u00e7a e v\u00e1rios outros tipos de luvas, bem como para cal\u00e7ado, vestu\u00e1rio e acess\u00f3rios.<\/p>\n<\/div>\n<p><img decoding=\"async\" alt=\"Aplica\u00e7\u00f5es do couro sint\u00e9tico de microfibra Ultrasuede de 0,7 mm em v\u00e1rios produtos\" class=\"product-image\" src=\"\/wp-content\/uploads\/2025\/08\/07mm-ultrasuede-microfiber-faux-leather-for-cycling-gloves--37885.jpg\"\/><br \/>\n<img decoding=\"async\" alt=\"Luvas de ciclismo fabricadas em couro de microfibra Ultrasuede - exemplo de produto\" class=\"product-image\" src=\"\/wp-content\/uploads\/2025\/08\/07mm-ultrasuede-microfiber-faux-leather-for-cycling-gloves--37886.jpg\"\/><br \/>\n<\/section>\n<p><\/main><\/p>\n<section id=\"inquiry\">\n<h2 style=\"text-align: center;\">Sinceramente \u00e0 espera do seu inqu\u00e9rito!<\/h2>\n<p style=\"text-align: center;\">Contacte-nos hoje para saber mais sobre os nossos produtos e fazer a sua encomenda.<\/p>\n<\/section>\n\n    <div class=\"xs_social_share_widget xs_share_url after_content \t\tmain_content  wslu-style-1 wslu-share-box-shaped wslu-fill-colored wslu-none wslu-share-horizontal wslu-theme-font-no wslu-main_content\">\n\n\t\t\n        <ul>\n\t\t\t        <\/ul>\n    <\/div>","protected":false},"excerpt":{"rendered":"<div class=\"product-short-description\">Toalhete de limpeza em microfibra (camur\u00e7a sint\u00e9tica) 0,2 mm Vasta gama de aplica\u00e7\u00f5es Material da camur\u00e7a do pano de limpeza para autom\u00f3veis WINIW 0,2 mm Vasta gama de aplica\u00e7\u00f5es Material da camur\u00e7a do pano de limpeza para autom\u00f3veis As principais carater\u00edsticas incluem: Ideal para quem procura qualidade e fiabilidade.<\/p>\n<p>Como f\u00e1brica direta, fabricante e grossista, podemos controlar rigorosamente o processo de produ\u00e7\u00e3o para garantir a qualidade do produto, proporcionando-lhe os pre\u00e7os mais favor\u00e1veis. Dispomos de equipamento de produ\u00e7\u00e3o avan\u00e7ado e de uma equipa t\u00e9cnica profissional para satisfazer as suas necessidades de encomendas em grande escala e garantir uma entrega atempada.<\/p>\n<\/div>","protected":false},"featured_media":5586,"template":"","meta":[],"product_brand":[],"product_cat":[291],"product_tag":[],"class_list":{"0":"post-29620","1":"product","2":"type-product","3":"status-publish","4":"has-post-thumbnail","6":"product_cat-cleaning-wipe-microfiber-synthetic-chamois","8":"first","9":"instock","10":"product-type-simple"},"_links":{"self":[{"href":"https:\/\/www.eco-leather.com\/pt\/wp-json\/wp\/v2\/product\/29620","targetHints":{"allow":["GET"]}}],"collection":[{"href":"https:\/\/www.eco-leather.com\/pt\/wp-json\/wp\/v2\/product"}],"about":[{"href":"https:\/\/www.eco-leather.com\/pt\/wp-json\/wp\/v2\/types\/product"}],"wp:featuredmedia":[{"embeddable":true,"href":"https:\/\/www.eco-leather.com\/pt\/wp-json\/wp\/v2\/media\/5586"}],"wp:attachment":[{"href":"https:\/\/www.eco-leather.com\/pt\/wp-json\/wp\/v2\/media?parent=29620"}],"wp:term":[{"taxonomy":"product_brand","embeddable":true,"href":"https:\/\/www.eco-leather.com\/pt\/wp-json\/wp\/v2\/product_brand?post=29620"},{"taxonomy":"product_cat","embeddable":true,"href":"https:\/\/www.eco-leather.com\/pt\/wp-json\/wp\/v2\/product_cat?post=29620"},{"taxonomy":"product_tag","embeddable":true,"href":"https:\/\/www.eco-leather.com\/pt\/wp-json\/wp\/v2\/product_tag?post=29620"}],"curies":[{"name":"wp","href":"https:\/\/api.w.org\/{rel}","templated":true}]}}