{"id":29574,"date":"2025-09-07T11:04:37","date_gmt":"2025-09-07T03:04:37","guid":{"rendered":"https:\/\/www.eco-leather.com\/product\/1-7mm-artificial-vegan-leather-fabric-for-desk-protector-pad\/"},"modified":"2025-09-07T11:04:43","modified_gmt":"2025-09-07T03:04:43","slug":"1-7mm-artificial-vegan-leather-fabric-for-desk-protector-pad","status":"publish","type":"product","link":"https:\/\/www.eco-leather.com\/pt\/1-7mm-artificial-vegan-leather-fabric-for-desk-protector-pad\/","title":{"rendered":"1.7mm Artificial vegan Leather Fabric For Desk Protector Pad"},"content":{"rendered":"<h2>1.7mm Artificial vegan Leather Fabric For Desk Protector Pad factory<\/h2>\n<p><main><\/p>\n<section id=\"product-overview\">\n<h2>Descri\u00e7\u00e3o do produto<\/h2>\n<p>produto <strong>Tecido para sof\u00e1 floral<\/strong> descri\u00e7\u00e3o<\/p>\n<p>Com <strong>Caixas em pele sint\u00e9tica China<\/strong> our desk protector pad, you can enjoy a comfortable and stylish working environment while also protecting your desk. It is an excellent investment for anyone who wants to make their workspace comfortable and practical.<\/p>\n<p>Order now and experience the ultimate desk protection!<\/p>\n<p>Fabricado a partir de materiais de microfibra de alta qualidade, o nosso couro sint\u00e9tico de microfibra Ultrasuede de 0,7 mm \u00e9 a escolha perfeita para luvas de ciclismo. Equilibra flexibilidade e resist\u00eancia, oferecendo uma respirabilidade excecional e propriedades de absor\u00e7\u00e3o de humidade para manter as m\u00e3os frescas e secas durante passeios intensos.<\/p>\n<p>Quer se trate de um ciclista profissional ou de um ciclista de lazer, o couro em microfibra proporciona um conforto e uma prote\u00e7\u00e3o imbat\u00edveis. A sua elevada resist\u00eancia \u00e0 abras\u00e3o e aos rasg\u00f5es garante um desempenho duradouro, enquanto o design elegante confere um toque sofisticado a qualquer conjunto de ciclismo.<\/p>\n<\/section>\n<section id=\"specifications\">\n<h2>Par\u00e2metros t\u00e9cnicos<\/h2>\n<ul class_=\"parameters-list\">\n<li><span class=\"param-name\">par\u00e2metro <strong>Autom\u00f3vel CouroSapatos C\u00e3o de servi\u00e7o<\/strong> Material:<\/span> microfibra de camur\u00e7a. cor: branco, azul, rosa, cores personalizadas. Espessura 0.2-0.6mm Quantidade m\u00ednima de encomenda: 300 metros lineares.<\/li>\n<li><span class=\"param-name\">Comprimento do rolo:<\/span> 20-30m\/rolo Prazo de entrega: 15-20 dias. Largura: 54, 137cm Capacidade de produ\u00e7\u00e3o: 1.000.000 metros por m\u00eas.<\/li>\n<\/ul>\n<p><img decoding=\"async\" alt=\"0.7mm Ultrasuede Microfiber Faux Leather para Luvas de Ciclismo - Especifica\u00e7\u00e3o do Material\" class=\"product-image\" src=\"\/wp-content\/uploads\/2025\/08\/07mm-ultrasuede-microfiber-faux-leather-for-cycling-gloves--37881.jpg\"\/><\/p>\n<h3>Par\u00e2metros do produto<\/h3>\n<ul class=\"parameters-list\">\n<li><span class=\"param-name\">Material:<\/span> Microfibra + PU<\/li>\n<li><span class=\"param-name\">Cor:<\/span> Preto, cinzento, bege (cores personalizadas dispon\u00edveis)<\/li>\n<li><span class=\"param-name\">Espessura:<\/span> 0,6 mm, 0,7 mm, 0,8 mm, 1 mm<\/li>\n<li><span class=\"param-name\">Quantidade m\u00ednima de encomenda:<\/span> 300 metros lineares<\/li>\n<li><span class=\"param-name\">Comprimento do rolo:<\/span> 20-30m\/rolo<\/li>\n<li><span class=\"param-name\">Prazo de entrega:<\/span> 15-20 dias<\/li>\n<li><span class=\"param-name\">Largura:<\/span> 54\u2033, 137cm<\/li>\n<li><span class=\"param-name\">Capacidade de produ\u00e7\u00e3o:<\/span> 1.000.000 de metros por m\u00eas<\/li>\n<\/ul>\n<\/section>\n<section id=\"features\">\n<h2>Carater\u00edsticas do produto<\/h2>\n<div class=\"feature-item\">\n<img decoding=\"async\" alt=\"Carater\u00edsticas principais\" class=\"feature-image left\" src=\"\/wp-content\/uploads\/2025\/08\/17mm-artificial-vegan-leather-fabric-for-desk-protector-pad-35721.jpg\"\/><\/p>\n<h3>Carater\u00edsticas principais<\/h3>\n<p>Produto <strong>Spray imperme\u00e1vel para couro de camur\u00e7a<\/strong> pormenores e carater\u00edsticas<\/p>\n<div class=\"clear\"><\/div>\n<\/div>\n<div class=\"feature-item\">\n<img decoding=\"async\" alt=\"Alta resist\u00eancia \u00e0 rutura - Couro sint\u00e9tico de microfibra Ultrasuede para luvas de ciclismo\" class=\"feature-image left\" src=\"\/wp-content\/uploads\/2025\/08\/07mm-ultrasuede-microfiber-faux-leather-for-cycling-gloves--37882.jpg\"\/><\/p>\n<h3>Elevada resist\u00eancia ao rasgamento<\/h3>\n<p>O nosso couro de microfibra Ultrasuede possui uma resist\u00eancia excecional ao rasgamento, garantindo que n\u00e3o se parte ou deforma facilmente sob tens\u00e3o. Isto torna-a ideal para produtos que exigem durabilidade e desempenho a longo prazo.<\/p>\n<div class=\"clear\"><\/div>\n<\/div>\n<div class=\"feature-item\">\n<img decoding=\"async\" alt=\"Reten\u00e7\u00e3o da forma - Ultrasuede Microfibra Couro sint\u00e9tico para luvas de ciclismo\" class=\"feature-image right\" src=\"\/wp-content\/uploads\/2025\/08\/07mm-ultrasuede-microfiber-faux-leather-for-cycling-gloves--37883.jpg\"\/><\/p>\n<h3>N\u00e3o \u00e9 f\u00e1cil de deformar<\/h3>\n<p>Especialmente tratado para manter a sua forma original, este material oferece uma excelente elasticidade e estabilidade. Resiste \u00e0 deforma\u00e7\u00e3o por press\u00e3o externa ou estiramento, mantendo os produtos intactos e atractivos ao longo do tempo.<\/p>\n<div class=\"clear\"><\/div>\n<\/div>\n<div class=\"feature-item\">\n<img decoding=\"async\" alt=\"Durabilidade - Ultrasuede Microfibra Faux Leather para luvas de ciclismo\" class=\"feature-image left\" src=\"\/wp-content\/uploads\/2025\/08\/07mm-ultrasuede-microfiber-faux-leather-for-cycling-gloves--37884.jpg\"\/><\/p>\n<h3>Durabilidade<\/h3>\n<p>Extremamente resistente \u00e0 abras\u00e3o, aos rasg\u00f5es e aos furos, este material garante que as luvas se mant\u00eam em \u00f3ptimas condi\u00e7\u00f5es, mesmo com uma utiliza\u00e7\u00e3o prolongada. Mant\u00e9m tamb\u00e9m uma excelente destreza e for\u00e7a para artigos de couro de alta qualidade.<\/p>\n<div class=\"clear\"><\/div>\n<\/div>\n<\/section>\n<section id=\"usage\">\n<h2>Utiliza\u00e7\u00e3o e aplica\u00e7\u00f5es<\/h2>\n<p><img fetchpriority=\"high\" decoding=\"async\" alt=\"1.7mm Artificial vegan Leather Fabric For Desk Protector Pad factory\" height=\"350\" src=\"\/wp-content\/uploads\/2025\/08\/17mm-artificial-vegan-leather-fabric-for-desk-protector-pad-35720.jpg\" width=\"350\"\/><\/p>\n<div class=\"usage-point\">\n<h3>O nosso <strong>Revendedores de tecidos para sacos<\/strong> desk protector pad is made to be durable and long-lasting<\/h3>\n<p>O nosso <strong>Revendedores de tecidos para sacos<\/strong> desk protector pad is made to be durable and long-lasting. Its 1.7mm thickness ensures that it can withstand daily wear and tear, spills and scratches, and offers a smooth surface for your mouse and keyboard.<\/p>\n<\/div>\n<div class=\"usage-point\">\n<h3>This means that it can easily keep your desk looking new for longer while also providing a comfortable and stable work surface<\/h3>\n<p>This means that it can easily keep your desk looking new for longer while also providing a comfortable and stable work surface. The <strong>Couro para vestu\u00e1rio Importado<\/strong> Artificial vegan Leather Fabric is easy to wipe clean, making it effortless to maintain.<\/p>\n<\/div>\n<div class=\"usage-point\">\n<h3>It&#8217;s also waterproof, making it an excellent choice for individuals who are worried about accidental spills from drinks or food<\/h3>\n<p>It&#8217;s also waterproof, making it an excellent choice for individuals who are worried about accidental spills from drinks or food. Its unique texture and elegant appearance make it ideal for both home and office use.<\/p>\n<\/div>\n<div class=\"usage-point\">\n<h3>Confort\u00e1vel e respir\u00e1vel<\/h3>\n<p>Macio, confort\u00e1vel e altamente respir\u00e1vel, este material \u00e9 perfeito para luvas de ciclismo e outros produtos utilizados durante longos per\u00edodos. Mant\u00e9m as m\u00e3os frescas e secas durante actividades extenuantes.<\/p>\n<\/div>\n<div class=\"usage-point\">\n<h3>Ecol\u00f3gico e sustent\u00e1vel<\/h3>\n<p>O nosso couro sint\u00e9tico de microfibra Ultrasuede inclui op\u00e7\u00f5es amigas do ambiente, como variantes feitas de PET reciclado e materiais \u00e0 base de plantas, reduzindo o impacto ambiental ao mesmo tempo que oferece diversas texturas.<\/p>\n<\/div>\n<div class=\"usage-point\">\n<h3>Prote\u00e7\u00e3o anti-bacteriana e contra poeiras<\/h3>\n<p>As variantes selecionadas possuem propriedades anti-bacterianas e resistentes ao p\u00f3, cumprindo elevados padr\u00f5es de higiene ideais para luvas que exigem controlos rigorosos de qualidade e seguran\u00e7a.<\/p>\n<\/div>\n<div class=\"usage-point\">\n<h3>Diversos cen\u00e1rios de aplica\u00e7\u00e3o<\/h3>\n<p>Para al\u00e9m das luvas de ciclismo, \u00e9 adequado para luvas de dedo, luvas de seguran\u00e7a e v\u00e1rios outros tipos de luvas, bem como para cal\u00e7ado, vestu\u00e1rio e acess\u00f3rios.<\/p>\n<\/div>\n<p><img decoding=\"async\" alt=\"Aplica\u00e7\u00f5es do couro sint\u00e9tico de microfibra Ultrasuede de 0,7 mm em v\u00e1rios produtos\" class=\"product-image\" src=\"\/wp-content\/uploads\/2025\/08\/07mm-ultrasuede-microfiber-faux-leather-for-cycling-gloves--37885.jpg\"\/><br \/>\n<img decoding=\"async\" alt=\"Luvas de ciclismo fabricadas em couro de microfibra Ultrasuede - exemplo de produto\" class=\"product-image\" src=\"\/wp-content\/uploads\/2025\/08\/07mm-ultrasuede-microfiber-faux-leather-for-cycling-gloves--37886.jpg\"\/><br \/>\n<\/section>\n<section id=\"why-choose-us\">\n<h2>Porqu\u00ea escolher a WINIW<\/h2>\n<div class=\"advantage-item\">\n<h3>Introducing our premium quality 1<\/h3>\n<p>Introducing our premium quality 1.7mm Artificial vegan Leather Fabric for desk protector pad! Our product is designed to provide your desk with the ultimate protection it deserves while also adding a touch of style to your workspace. Made from top-quality vegan materials, our desk protector pad is a perfect choice for eco-conscious individuals who are looking for a stylish and sustainable option for their desk.<\/p>\n<\/div>\n<div class=\"advantage-item\">\n<h3>Garantia de qualidade<\/h3>\n<p>Implementamos um controlo de qualidade rigoroso em toda a cadeia de produ\u00e7\u00e3o e fornecimento, aderindo \u00e0s normas ISO9001. Desde a sele\u00e7\u00e3o da mat\u00e9ria-prima at\u00e9 \u00e0 inspe\u00e7\u00e3o final, damos prioridade aos interesses do cliente.<\/p>\n<\/div>\n<div class=\"advantage-item\">\n<h3>Equipa t\u00e9cnica profissional<\/h3>\n<p>A nossa equipa t\u00e9cnica especializada \u00e9 constitu\u00edda por profissionais experientes em v\u00e1rias \u00e1reas, dedicados a fornecer produtos de alta qualidade e solu\u00e7\u00f5es \u00e0 medida.<\/p>\n<\/div>\n<div class=\"advantage-item\">\n<h3>Vasta gama de aplica\u00e7\u00f5es<\/h3>\n<p>Os nossos materiais s\u00e3o amplamente utilizados em cal\u00e7ado, vestu\u00e1rio, bagagem, interiores de autom\u00f3veis, mobili\u00e1rio para sof\u00e1s e muito mais.<\/p>\n<\/div>\n<div class=\"advantage-item\">\n<h3>Experi\u00eancia rica<\/h3>\n<p>A Quanzhou WINIW Import &amp; Export Co., Ltd. tem mais de 20 anos de experi\u00eancia em produ\u00e7\u00e3o, oferecendo solu\u00e7\u00f5es perfeitas para clientes em todo o mundo.<\/p>\n<\/div>\n<div class=\"advantage-item\">\n<h3>Pre\u00e7o acess\u00edvel<\/h3>\n<p>Oferecemos pre\u00e7os competitivos e um excelente servi\u00e7o ao cliente. Solicite um cat\u00e1logo ou visite a nossa f\u00e1brica para explorar os nossos produtos.<\/p>\n<\/div>\n<div class=\"advantage-item\">\n<h3>Servi\u00e7o de apoio ao cliente online 24 horas por dia<\/h3>\n<p>A nossa equipa est\u00e1 dispon\u00edvel 24 horas por dia, 7 dias por semana, para responder a quest\u00f5es e responder prontamente a coment\u00e1rios.<\/p>\n<\/div>\n<p><img decoding=\"async\" alt=\"Instala\u00e7\u00e3o de produ\u00e7\u00e3o da WINIW - Processo de fabrico do couro de microfibra Ultrasuede\" class=\"product-image\" src=\"\/wp-content\/uploads\/2025\/08\/07mm-ultrasuede-microfiber-faux-leather-for-cycling-gloves--37888.jpg\"\/><br \/>\n<\/section>\n<p><\/main><\/p>\n<section id=\"inquiry\">\n<h2 style=\"text-align: center;\">Sinceramente \u00e0 espera do seu inqu\u00e9rito!<\/h2>\n<p style=\"text-align: center;\">Contacte-nos hoje para saber mais sobre os nossos produtos e fazer a sua encomenda.<\/p>\n<\/section>\n\n    <div class=\"xs_social_share_widget xs_share_url after_content \t\tmain_content  wslu-style-1 wslu-share-box-shaped wslu-fill-colored wslu-none wslu-share-horizontal wslu-theme-font-no wslu-main_content\">\n\n\t\t\n        <ul>\n\t\t\t        <\/ul>\n    <\/div>","protected":false},"excerpt":{"rendered":"<div class=\"product-short-description\">Faux Leather Mat 1.7mm Artificial vegan Leather Fabric For Desk Protector Pad WINIW 1.7mm Artificial vegan Leather Fabric For Desk Protector Pad Key features include.Ideal for those seeking quality and reliability.<\/p>\n<p>Como f\u00e1brica direta, fabricante e grossista, podemos controlar rigorosamente o processo de produ\u00e7\u00e3o para garantir a qualidade do produto, proporcionando-lhe os pre\u00e7os mais favor\u00e1veis. Dispomos de equipamento de produ\u00e7\u00e3o avan\u00e7ado e de uma equipa t\u00e9cnica profissional para satisfazer as suas necessidades de encomendas em grande escala e garantir uma entrega atempada.<\/p>\n<\/div>","protected":false},"featured_media":5454,"template":"","meta":[],"product_brand":[],"product_cat":[325],"product_tag":[19249],"class_list":{"0":"post-29574","1":"product","2":"type-product","3":"status-publish","4":"has-post-thumbnail","6":"product_cat-faux-leather-mat","7":"product_tag-eco-vegan-leatherethical-vegan-leatherfeiyue-vegan-leatherfreja-vegan-leatherfruit-vegan-leathergap-vegan-leather","9":"first","10":"instock","11":"product-type-simple"},"_links":{"self":[{"href":"https:\/\/www.eco-leather.com\/pt\/wp-json\/wp\/v2\/product\/29574","targetHints":{"allow":["GET"]}}],"collection":[{"href":"https:\/\/www.eco-leather.com\/pt\/wp-json\/wp\/v2\/product"}],"about":[{"href":"https:\/\/www.eco-leather.com\/pt\/wp-json\/wp\/v2\/types\/product"}],"wp:featuredmedia":[{"embeddable":true,"href":"https:\/\/www.eco-leather.com\/pt\/wp-json\/wp\/v2\/media\/5454"}],"wp:attachment":[{"href":"https:\/\/www.eco-leather.com\/pt\/wp-json\/wp\/v2\/media?parent=29574"}],"wp:term":[{"taxonomy":"product_brand","embeddable":true,"href":"https:\/\/www.eco-leather.com\/pt\/wp-json\/wp\/v2\/product_brand?post=29574"},{"taxonomy":"product_cat","embeddable":true,"href":"https:\/\/www.eco-leather.com\/pt\/wp-json\/wp\/v2\/product_cat?post=29574"},{"taxonomy":"product_tag","embeddable":true,"href":"https:\/\/www.eco-leather.com\/pt\/wp-json\/wp\/v2\/product_tag?post=29574"}],"curies":[{"name":"wp","href":"https:\/\/api.w.org\/{rel}","templated":true}]}}