{"id":29510,"date":"2025-09-07T11:04:07","date_gmt":"2025-09-07T03:04:07","guid":{"rendered":"https:\/\/www.eco-leather.com\/product\/chemical-resistance-bio-based-faux-vegan-leather-for-car-seat-covers\/"},"modified":"2025-09-07T11:04:11","modified_gmt":"2025-09-07T03:04:11","slug":"couro-falso-vegan-a-base-de-bio-resistencia-quimica-para-capas-de-assentos-de-automoveis","status":"publish","type":"product","link":"https:\/\/www.eco-leather.com\/pt\/couro-falso-vegan-a-base-de-bio-resistencia-quimica-para-capas-de-assentos-de-automoveis\/","title":{"rendered":"Resist\u00eancia qu\u00edmica Couro falso vegano de base biol\u00f3gica para capas de assento de carro"},"content":{"rendered":"<h2>Material dur\u00e1vel para venda - Couro AutomotivoSeats Service Dog, Couro para vestu\u00e1rio Importado<\/h2>\n<p><main><\/p>\n<section id=\"product-overview\">\n<h2>Descri\u00e7\u00e3o do produto<\/h2>\n<p>Qu\u00edmica <strong>Carteira em pele vegana<\/strong> Resist\u00eancia Bio Based Faux Vegan Leather For Car Seat Covers 01-Especifica\u00e7\u00f5es e Descri\u00e7\u00f5es<\/p>\n<p>Material <strong>Caixas em pele sint\u00e9tica China<\/strong> De base biol\u00f3gica Espessura 1,2 mm Cor personalizada Largura 1,37 m Peso 500 g\/m2 Utiliza\u00e7\u00e3o Interiores de autom\u00f3veis Outra vantagem do couro falso vegan de base biol\u00f3gica \u00e9 o facto de ser amigo do ambiente.<\/p>\n<p>O couro tradicional \u00e9 frequentemente fabricado com produtos qu\u00edmicos agressivos que podem ter efeitos negativos no ambiente, mas o couro falso vegan de base biol\u00f3gica \u00e9 fabricado com materiais naturais e sustent\u00e1veis que s\u00e3o melhores para o planeta.<\/p>\n<p>Fabricado a partir de materiais de microfibra de alta qualidade, o nosso couro sint\u00e9tico de microfibra Ultrasuede de 0,7 mm \u00e9 a escolha perfeita para luvas de ciclismo. Equilibra flexibilidade e resist\u00eancia, oferecendo uma respirabilidade excecional e propriedades de absor\u00e7\u00e3o de humidade para manter as m\u00e3os frescas e secas durante passeios intensos.<\/p>\n<p>Quer se trate de um ciclista profissional ou de um ciclista de lazer, o couro em microfibra proporciona um conforto e uma prote\u00e7\u00e3o imbat\u00edveis. A sua elevada resist\u00eancia \u00e0 abras\u00e3o e aos rasg\u00f5es garante um desempenho duradouro, enquanto o design elegante confere um toque sofisticado a qualquer conjunto de ciclismo.<\/p>\n<\/section>\n<section id=\"features\">\n<h2>Carater\u00edsticas do produto<\/h2>\n<div class=\"feature-item\">\n<img decoding=\"async\" alt=\"Quando se trata de escolher o material certo para as capas dos bancos do seu autom\u00f3vel, h\u00e1 muitos factores a considerar\" class=\"feature-image left\" src=\"\/wp-content\/uploads\/2025\/08\/chemical-resistance-bio-based-faux-vegan-leather-for-car-seat-covers-35095.png\"\/><\/p>\n<h3>Quando <strong>Spray imperme\u00e1vel para couro de camur\u00e7a<\/strong> Quando se trata de escolher o material certo para as coberturas dos bancos do autom\u00f3vel, h\u00e1 muitos factores a considerar<\/h3>\n<p>Quando <strong>Spray imperme\u00e1vel para couro de camur\u00e7a<\/strong> Quando se trata de escolher o material certo para as coberturas dos bancos do seu autom\u00f3vel, h\u00e1 muitos factores a considerar. A durabilidade, o conforto e a est\u00e9tica s\u00e3o todos importantes, mas um fator que pode ser frequentemente ignorado \u00e9 a resist\u00eancia aos produtos qu\u00edmicos.<\/p>\n<div class=\"clear\"><\/div>\n<\/div>\n<div class=\"feature-item\">\n<img decoding=\"async\" alt=\"\u00c9 o tecido de couro imperme\u00e1vel Odmhsasonde o couro falso vegan de base biol\u00f3gica entra\" class=\"feature-image left\" src=\"\/wp-content\/uploads\/2025\/08\/chemical-resistance-bio-based-faux-vegan-leather-for-car-seat-covers-35096.png\"\/><\/p>\n<h3>Isso \u00e9 <strong>Couro imperme\u00e1vel Tecido Odmhsas<\/strong> onde entra o couro falso vegan de base biol\u00f3gica<\/h3>\n<p>Isso \u00e9 <strong>Couro imperme\u00e1vel Tecido Odmhsas<\/strong> onde entra o couro falso vegan de base biol\u00f3gica. O couro falso vegan de base biol\u00f3gica \u00e9 tamb\u00e9m incrivelmente macio e confort\u00e1vel, pelo que n\u00e3o sacrificar\u00e1 o conforto em prol da durabilidade.<\/p>\n<div class=\"clear\"><\/div>\n<\/div>\n<div class=\"feature-item\">\n<img decoding=\"async\" alt=\"Al\u00e9m disso, Material de couro imperme\u00e1vel ServiceEst\u00e1 dispon\u00edvel numa vasta gama de cores e estilos, para que possa encontrar o visual perfeito para o seu autom\u00f3vel\" class=\"feature-image left\" src=\"\/wp-content\/uploads\/2025\/08\/chemical-resistance-bio-based-faux-vegan-leather-for-car-seat-covers-35097.png\"\/><\/p>\n<h3>Mais, <strong>Material de couro imperme\u00e1vel Servi\u00e7o<\/strong> est\u00e1 dispon\u00edvel numa vasta gama de cores e estilos, para que possa encontrar o visual perfeito para o seu autom\u00f3vel<\/h3>\n<p>Mais, <strong>Material de couro imperme\u00e1vel Servi\u00e7o<\/strong> est\u00e1 dispon\u00edvel numa vasta gama de cores e estilos, para que possa encontrar o visual perfeito para o seu autom\u00f3vel. De um modo geral, se procura um material dur\u00e1vel, confort\u00e1vel e amigo do ambiente para os revestimentos dos bancos do seu autom\u00f3vel, a pele sint\u00e9tica vegan de base biol\u00f3gica \u00e9 uma excelente op\u00e7\u00e3o a considerar.<\/p>\n<div class=\"clear\"><\/div>\n<\/div>\n<div class=\"feature-item\">\n<img decoding=\"async\" alt=\"A sua resist\u00eancia a produtos qu\u00edmicos e durabilidade fazem dele um investimento inteligente, e o seu toque suave e apar\u00eancia elegante far\u00e3o com que o seu autom\u00f3vel tenha um \u00f3timo aspeto\" class=\"feature-image left\" src=\"\/wp-content\/uploads\/2025\/08\/chemical-resistance-bio-based-faux-vegan-leather-for-car-seat-covers-35098.png\"\/><\/p>\n<h3>A sua resist\u00eancia a produtos qu\u00edmicos e durabilidade fazem dele um investimento inteligente, e o seu toque suave e apar\u00eancia elegante far\u00e3o com que o seu autom\u00f3vel tenha um \u00f3timo aspeto<\/h3>\n<p>A sua resist\u00eancia a produtos qu\u00edmicos e durabilidade fazem dele um investimento inteligente, e o seu toque suave e apar\u00eancia elegante far\u00e3o com que o seu autom\u00f3vel tenha um \u00f3timo aspeto.<\/p>\n<div class=\"clear\"><\/div>\n<\/div>\n<div class=\"feature-item\">\n<img decoding=\"async\" alt=\"Alta resist\u00eancia \u00e0 rutura - Couro sint\u00e9tico de microfibra Ultrasuede para luvas de ciclismo\" class=\"feature-image left\" src=\"\/wp-content\/uploads\/2025\/08\/07mm-ultrasuede-microfiber-faux-leather-for-cycling-gloves--37882.jpg\"\/><\/p>\n<h3>Elevada resist\u00eancia ao rasgamento<\/h3>\n<p>O nosso couro de microfibra Ultrasuede possui uma resist\u00eancia excecional ao rasgamento, garantindo que n\u00e3o se parte ou deforma facilmente sob tens\u00e3o. Isto torna-a ideal para produtos que exigem durabilidade e desempenho a longo prazo.<\/p>\n<div class=\"clear\"><\/div>\n<\/div>\n<div class=\"feature-item\">\n<img decoding=\"async\" alt=\"Reten\u00e7\u00e3o da forma - Ultrasuede Microfibra Couro sint\u00e9tico para luvas de ciclismo\" class=\"feature-image right\" src=\"\/wp-content\/uploads\/2025\/08\/07mm-ultrasuede-microfiber-faux-leather-for-cycling-gloves--37883.jpg\"\/><\/p>\n<h3>N\u00e3o \u00e9 f\u00e1cil de deformar<\/h3>\n<p>Especialmente tratado para manter a sua forma original, este material oferece uma excelente elasticidade e estabilidade. Resiste \u00e0 deforma\u00e7\u00e3o por press\u00e3o externa ou estiramento, mantendo os produtos intactos e atractivos ao longo do tempo.<\/p>\n<div class=\"clear\"><\/div>\n<\/div>\n<div class=\"feature-item\">\n<img decoding=\"async\" alt=\"Durabilidade - Ultrasuede Microfibra Faux Leather para luvas de ciclismo\" class=\"feature-image left\" src=\"\/wp-content\/uploads\/2025\/08\/07mm-ultrasuede-microfiber-faux-leather-for-cycling-gloves--37884.jpg\"\/><\/p>\n<h3>Durabilidade<\/h3>\n<p>Extremamente resistente \u00e0 abras\u00e3o, aos rasg\u00f5es e aos furos, este material garante que as luvas se mant\u00eam em \u00f3ptimas condi\u00e7\u00f5es, mesmo com uma utiliza\u00e7\u00e3o prolongada. Mant\u00e9m tamb\u00e9m uma excelente destreza e for\u00e7a para artigos de couro de alta qualidade.<\/p>\n<div class=\"clear\"><\/div>\n<\/div>\n<\/section>\n<section id=\"usage\">\n<h2>Utiliza\u00e7\u00e3o e aplica\u00e7\u00f5es<\/h2>\n<p><img decoding=\"async\" _src=\"\/wp-content\/uploads\/2025\/08\/chemical-resistance-bio-based-faux-vegan-leather-for-car-seat-covers-35099.png\" alt=\"Aplica\u00e7\u00e3o de material de qualidade - Caixas de couro falso da China, couro para vestu\u00e1rio importado\" src=\"\/wp-content\/uploads\/2025\/08\/chemical-resistance-bio-based-faux-vegan-leather-for-car-seat-covers-35099.png\"\/><\/p>\n<div class=\"usage-point\">\n<h3>Este <strong>Bolsas de couro em segunda m\u00e3o<\/strong> o material inovador \u00e9 fabricado a partir de materiais naturais e sustent\u00e1veis, concebidos para resistir aos efeitos nocivos dos produtos qu\u00edmicos e de outras subst\u00e2ncias agressivas<\/h3>\n<p>Este <strong>Bolsas de couro em segunda m\u00e3o<\/strong> O material inovador \u00e9 fabricado a partir de materiais naturais e sustent\u00e1veis, concebidos para resistir aos efeitos nocivos dos produtos qu\u00edmicos e de outras subst\u00e2ncias agressivas. \u00c9 perfeito para os assentos de autom\u00f3vel porque n\u00e3o se estraga nem se degrada com o tempo, mesmo com uma utiliza\u00e7\u00e3o intensiva.<\/p>\n<\/div>\n<div class=\"usage-point\">\n<h3>Confort\u00e1vel e respir\u00e1vel<\/h3>\n<p>Macio, confort\u00e1vel e altamente respir\u00e1vel, este material \u00e9 perfeito para luvas de ciclismo e outros produtos utilizados durante longos per\u00edodos. Mant\u00e9m as m\u00e3os frescas e secas durante actividades extenuantes.<\/p>\n<\/div>\n<div class=\"usage-point\">\n<h3>Ecol\u00f3gico e sustent\u00e1vel<\/h3>\n<p>O nosso couro sint\u00e9tico de microfibra Ultrasuede inclui op\u00e7\u00f5es amigas do ambiente, como variantes feitas de PET reciclado e materiais \u00e0 base de plantas, reduzindo o impacto ambiental ao mesmo tempo que oferece diversas texturas.<\/p>\n<\/div>\n<div class=\"usage-point\">\n<h3>Prote\u00e7\u00e3o anti-bacteriana e contra poeiras<\/h3>\n<p>As variantes selecionadas possuem propriedades anti-bacterianas e resistentes ao p\u00f3, cumprindo elevados padr\u00f5es de higiene ideais para luvas que exigem controlos rigorosos de qualidade e seguran\u00e7a.<\/p>\n<\/div>\n<div class=\"usage-point\">\n<h3>Diversos cen\u00e1rios de aplica\u00e7\u00e3o<\/h3>\n<p>Para al\u00e9m das luvas de ciclismo, \u00e9 adequado para luvas de dedo, luvas de seguran\u00e7a e v\u00e1rios outros tipos de luvas, bem como para cal\u00e7ado, vestu\u00e1rio e acess\u00f3rios.<\/p>\n<\/div>\n<p><img decoding=\"async\" alt=\"Aplica\u00e7\u00f5es do couro sint\u00e9tico de microfibra Ultrasuede de 0,7 mm em v\u00e1rios produtos\" class=\"product-image\" src=\"\/wp-content\/uploads\/2025\/08\/07mm-ultrasuede-microfiber-faux-leather-for-cycling-gloves--37885.jpg\"\/><br \/>\n<img decoding=\"async\" alt=\"Luvas de ciclismo fabricadas em couro de microfibra Ultrasuede - exemplo de produto\" class=\"product-image\" src=\"\/wp-content\/uploads\/2025\/08\/07mm-ultrasuede-microfiber-faux-leather-for-cycling-gloves--37886.jpg\"\/><br \/>\n<\/section>\n<p><\/main><\/p>\n<section id=\"inquiry\">\n<h2 style=\"text-align: center;\">Sinceramente \u00e0 espera do seu inqu\u00e9rito!<\/h2>\n<p style=\"text-align: center;\">Contacte-nos hoje para saber mais sobre os nossos produtos e fazer a sua encomenda.<\/p>\n<\/section>\n\n    <div class=\"xs_social_share_widget xs_share_url after_content \t\tmain_content  wslu-style-1 wslu-share-box-shaped wslu-fill-colored wslu-none wslu-share-horizontal wslu-theme-font-no wslu-main_content\">\n\n\t\t\n        <ul>\n\t\t\t        <\/ul>\n    <\/div>","protected":false},"excerpt":{"rendered":"<div class=\"product-short-description\">Produtos Resist\u00eancia qu\u00edmica Couro falso vegano de base biol\u00f3gica para capas de assento de carro WINIW Resist\u00eancia qu\u00edmica Couro falso vegano de base biol\u00f3gica para capas de assento de carro As principais carater\u00edsticas incluem: Ideal para quem procura qualidade e fiabilidade.<\/p>\n<p>Como f\u00e1brica direta, fabricante e grossista, podemos controlar rigorosamente o processo de produ\u00e7\u00e3o para garantir a qualidade do produto, proporcionando-lhe os pre\u00e7os mais favor\u00e1veis. Dispomos de equipamento de produ\u00e7\u00e3o avan\u00e7ado e de uma equipa t\u00e9cnica profissional para satisfazer as suas necessidades de encomendas em grande escala e garantir uma entrega atempada.<\/p>\n<\/div>","protected":false},"featured_media":4890,"template":"","meta":[],"product_brand":[],"product_cat":[293],"product_tag":[],"class_list":{"0":"post-29510","1":"product","2":"type-product","3":"status-publish","4":"has-post-thumbnail","6":"product_cat-products","8":"first","9":"instock","10":"product-type-simple"},"_links":{"self":[{"href":"https:\/\/www.eco-leather.com\/pt\/wp-json\/wp\/v2\/product\/29510","targetHints":{"allow":["GET"]}}],"collection":[{"href":"https:\/\/www.eco-leather.com\/pt\/wp-json\/wp\/v2\/product"}],"about":[{"href":"https:\/\/www.eco-leather.com\/pt\/wp-json\/wp\/v2\/types\/product"}],"wp:featuredmedia":[{"embeddable":true,"href":"https:\/\/www.eco-leather.com\/pt\/wp-json\/wp\/v2\/media\/4890"}],"wp:attachment":[{"href":"https:\/\/www.eco-leather.com\/pt\/wp-json\/wp\/v2\/media?parent=29510"}],"wp:term":[{"taxonomy":"product_brand","embeddable":true,"href":"https:\/\/www.eco-leather.com\/pt\/wp-json\/wp\/v2\/product_brand?post=29510"},{"taxonomy":"product_cat","embeddable":true,"href":"https:\/\/www.eco-leather.com\/pt\/wp-json\/wp\/v2\/product_cat?post=29510"},{"taxonomy":"product_tag","embeddable":true,"href":"https:\/\/www.eco-leather.com\/pt\/wp-json\/wp\/v2\/product_tag?post=29510"}],"curies":[{"name":"wp","href":"https:\/\/api.w.org\/{rel}","templated":true}]}}