{"id":29501,"date":"2025-09-07T11:04:07","date_gmt":"2025-09-07T03:04:07","guid":{"rendered":"https:\/\/www.eco-leather.com\/product\/cost-effectiveness-faux-nappa-fabric-microfiber-bags-belt-leather-2\/"},"modified":"2025-09-07T11:04:08","modified_gmt":"2025-09-07T03:04:08","slug":"custo-eficacia-sacos-de-microfibra-de-tecido-de-napa-falso-cinto-de-couro-2","status":"publish","type":"product","link":"https:\/\/www.eco-leather.com\/pt\/custo-eficacia-sacos-de-microfibra-de-tecido-de-napa-falso-cinto-de-couro-2\/","title":{"rendered":"Rela\u00e7\u00e3o custo-efic\u00e1cia Bolsas de tecido de microfibra de napa falsa Cinto de couro"},"content":{"rendered":"<h2>Aplica\u00e7\u00e3o de material de qualidade - Revendedores de tecidos para sacos<\/h2>\n<p><main><\/p>\n<section id=\"product-overview\">\n<h2>Descri\u00e7\u00e3o do produto<\/h2>\n<p>Descri\u00e7\u00e3o: <strong>Tecido para sof\u00e1 floral<\/strong> Introdu\u00e7\u00e3o ao produto<\/p>\n<p>Produto <strong>Revendedores de tecidos para sacos<\/strong> Desempenho:<\/p>\n<p>Fabricado a partir de materiais de microfibra de alta qualidade, o nosso couro sint\u00e9tico de microfibra Ultrasuede de 0,7 mm \u00e9 a escolha perfeita para luvas de ciclismo. Equilibra flexibilidade e resist\u00eancia, oferecendo uma respirabilidade excecional e propriedades de absor\u00e7\u00e3o de humidade para manter as m\u00e3os frescas e secas durante passeios intensos.<\/p>\n<p>Quer se trate de um ciclista profissional ou de um ciclista de lazer, o couro em microfibra proporciona um conforto e uma prote\u00e7\u00e3o imbat\u00edveis. A sua elevada resist\u00eancia \u00e0 abras\u00e3o e aos rasg\u00f5es garante um desempenho duradouro, enquanto o design elegante confere um toque sofisticado a qualquer conjunto de ciclismo.<\/p>\n<\/section>\n<section id=\"specifications\">\n<h2>Par\u00e2metros t\u00e9cnicos<\/h2>\n<ul class_=\"parameters-list\">\n<li><span class=\"param-name\">Produto <strong>Caixas em pele sint\u00e9tica China<\/strong> Especifica\u00e7\u00e3o Material:<\/span> Couro sint\u00e9tico de microfibra. Composi\u00e7\u00e3o: 55 Nylon + 45% Poliuretano. Nome da marca WINIW Company Factory Wholesale Faux Leather ManufacturersEspessura: 2mm, 3mm, 3.5mm, 4mm, 5mm Largura: 54 \u2033, 137cm.<\/li>\n<li><span class=\"param-name\">Cor:<\/span> Cinzento, Azul, Rosa, Preto, cores personalizadas. Quantidade m\u00ednima de encomenda: 300 metros lineares. Chumbo <strong>Bolsas de couro em segunda m\u00e3o<\/strong> prazo: 15-20 dias.<\/li>\n<li><span class=\"param-name\">Capacidade de produ\u00e7\u00e3o:<\/span> 1.000.000 metros por m\u00eas. Carater\u00edstica Anti-mofo, resistente a riscos, sem descascar Local de origem China Personalizado Sim Aplica\u00e7\u00e3o Saco, cinto de saco 1. sem metais pesados: Durante o processo de fabrica\u00e7\u00e3o de couro, pode haver polui\u00e7\u00e3o por metais pesados.<\/li>\n<p>Felizmente, o tecido de microfibras n\u00e3o cont\u00e9m metais pesados. \u00c9 importante que o fabrico de peles seja mais amigo do ambiente. N\u00f3s <strong>Casaco de couro Eco Car<\/strong> WINIW Company F\u00e1brica de couro sint\u00e9tico por atacado Manufacturersmade it.<\/p>\n<li><span class=\"param-name\">Os nossos produtos cumprem os requisitos de prote\u00e7\u00e3o ambiental. 2.Soft:<\/span> O couro sint\u00e9tico nappa \u00e9 muito macio e agrad\u00e1vel ao tato. Esta suavidade torna os artigos de couro mais confort\u00e1veis.<\/li>\n<p>Ao mesmo tempo, a sua textura macia tamb\u00e9m proporciona uma maior flexibilidade no processamento e no design do couro.<\/p>\n<\/ul>\n<p><img decoding=\"async\" alt=\"0.7mm Ultrasuede Microfiber Faux Leather para Luvas de Ciclismo - Especifica\u00e7\u00e3o do Material\" class=\"product-image\" src=\"\/wp-content\/uploads\/2025\/08\/07mm-ultrasuede-microfiber-faux-leather-for-cycling-gloves--37881.jpg\"\/><\/p>\n<h3>Par\u00e2metros do produto<\/h3>\n<ul class=\"parameters-list\">\n<li><span class=\"param-name\">Material:<\/span> Microfibra + PU<\/li>\n<li><span class=\"param-name\">Cor:<\/span> Preto, cinzento, bege (cores personalizadas dispon\u00edveis)<\/li>\n<li><span class=\"param-name\">Espessura:<\/span> 0,6 mm, 0,7 mm, 0,8 mm, 1 mm<\/li>\n<li><span class=\"param-name\">Quantidade m\u00ednima de encomenda:<\/span> 300 metros lineares<\/li>\n<li><span class=\"param-name\">Comprimento do rolo:<\/span> 20-30m\/rolo<\/li>\n<li><span class=\"param-name\">Prazo de entrega:<\/span> 15-20 dias<\/li>\n<li><span class=\"param-name\">Largura:<\/span> 54\u2033, 137cm<\/li>\n<li><span class=\"param-name\">Capacidade de produ\u00e7\u00e3o:<\/span> 1.000.000 de metros por m\u00eas<\/li>\n<\/ul>\n<\/section>\n<section id=\"why-choose-us\">\n<h2>Porqu\u00ea escolher a WINIW<\/h2>\n<div class=\"advantage-item\">\n<h3>A pele de microfibra napa sint\u00e9tica de alta qualidade \u00e9 macia, duradoura e ecol\u00f3gica<\/h3>\n<p>A pele de microfibra napa falsa de alta qualidade \u00e9 macia, duradoura e amiga do ambiente. Parece e se sente como couro real, mas \u00e9 muito mais acess\u00edvel. WINIW Company Factory Wholesale Faux Leather Manufacturersmicrofiber tecido \u00e9 resistente \u00e0 sujeira, tornando-o f\u00e1cil de limpar e manter. Com seu design atemporal, este cinto de couro \u00e9 perfeito para qualquer ocasi\u00e3o, dando-lhe um acess\u00f3rio vers\u00e1til e chique para combinar com sua roupa.<\/p>\n<\/div>\n<div class=\"advantage-item\">\n<h3>Garantia de qualidade<\/h3>\n<p>Implementamos um controlo de qualidade rigoroso em toda a cadeia de produ\u00e7\u00e3o e fornecimento, aderindo \u00e0s normas ISO9001. Desde a sele\u00e7\u00e3o da mat\u00e9ria-prima at\u00e9 \u00e0 inspe\u00e7\u00e3o final, damos prioridade aos interesses do cliente.<\/p>\n<\/div>\n<div class=\"advantage-item\">\n<h3>Equipa t\u00e9cnica profissional<\/h3>\n<p>A nossa equipa t\u00e9cnica especializada \u00e9 constitu\u00edda por profissionais experientes em v\u00e1rias \u00e1reas, dedicados a fornecer produtos de alta qualidade e solu\u00e7\u00f5es \u00e0 medida.<\/p>\n<\/div>\n<div class=\"advantage-item\">\n<h3>Vasta gama de aplica\u00e7\u00f5es<\/h3>\n<p>Os nossos materiais s\u00e3o amplamente utilizados em cal\u00e7ado, vestu\u00e1rio, bagagem, interiores de autom\u00f3veis, mobili\u00e1rio para sof\u00e1s e muito mais.<\/p>\n<\/div>\n<div class=\"advantage-item\">\n<h3>Experi\u00eancia rica<\/h3>\n<p>A Quanzhou WINIW Import &amp; Export Co., Ltd. tem mais de 20 anos de experi\u00eancia em produ\u00e7\u00e3o, oferecendo solu\u00e7\u00f5es perfeitas para clientes em todo o mundo.<\/p>\n<\/div>\n<div class=\"advantage-item\">\n<h3>Pre\u00e7o acess\u00edvel<\/h3>\n<p>Oferecemos pre\u00e7os competitivos e um excelente servi\u00e7o ao cliente. Solicite um cat\u00e1logo ou visite a nossa f\u00e1brica para explorar os nossos produtos.<\/p>\n<\/div>\n<div class=\"advantage-item\">\n<h3>Servi\u00e7o de apoio ao cliente online 24 horas por dia<\/h3>\n<p>A nossa equipa est\u00e1 dispon\u00edvel 24 horas por dia, 7 dias por semana, para responder a quest\u00f5es e responder prontamente a coment\u00e1rios.<\/p>\n<\/div>\n<p><img decoding=\"async\" alt=\"Instala\u00e7\u00e3o de produ\u00e7\u00e3o da WINIW - Processo de fabrico do couro de microfibra Ultrasuede\" class=\"product-image\" src=\"\/wp-content\/uploads\/2025\/08\/07mm-ultrasuede-microfiber-faux-leather-for-cycling-gloves--37888.jpg\"\/><br \/>\n<\/section>\n<p><\/main><\/p>\n<section id=\"inquiry\">\n<h2 style=\"text-align: center;\">Sinceramente \u00e0 espera do seu inqu\u00e9rito!<\/h2>\n<p style=\"text-align: center;\">Contacte-nos hoje para saber mais sobre os nossos produtos e fazer a sua encomenda.<\/p>\n<\/section>\n\n    <div class=\"xs_social_share_widget xs_share_url after_content \t\tmain_content  wslu-style-1 wslu-share-box-shaped wslu-fill-colored wslu-none wslu-share-horizontal wslu-theme-font-no wslu-main_content\">\n\n\t\t\n        <ul>\n\t\t\t        <\/ul>\n    <\/div>","protected":false},"excerpt":{"rendered":"<div class=\"product-short-description\">Produtos Custo-efic\u00e1cia Faux Nappa Tecido Microfibra Bolsas Cinto Couro WINIW Custo-efic\u00e1cia Faux Nappa Tecido Microfibra Bolsas Cinto Couro As principais carater\u00edsticas incluem: Ideal para quem procura qualidade e fiabilidade.<\/p>\n<p>Como f\u00e1brica direta, fabricante e grossista, podemos controlar rigorosamente o processo de produ\u00e7\u00e3o para garantir a qualidade do produto, proporcionando-lhe os pre\u00e7os mais favor\u00e1veis. Dispomos de equipamento de produ\u00e7\u00e3o avan\u00e7ado e de uma equipa t\u00e9cnica profissional para satisfazer as suas necessidades de encomendas em grande escala e garantir uma entrega atempada.<\/p>\n<\/div>","protected":false},"featured_media":4872,"template":"","meta":[],"product_brand":[],"product_cat":[293],"product_tag":[19216],"class_list":{"0":"post-29501","1":"product","2":"type-product","3":"status-publish","4":"has-post-thumbnail","6":"product_cat-products","7":"product_tag-nappa-leather-fabric-companiesnappa-leather-fabric-manufacturernappa-leather-fabric-private-labelnappa-leather-fabric-makernappa-leather-fabric-wholesalenappa-leather-fabric-importer","9":"first","10":"instock","11":"product-type-simple"},"_links":{"self":[{"href":"https:\/\/www.eco-leather.com\/pt\/wp-json\/wp\/v2\/product\/29501","targetHints":{"allow":["GET"]}}],"collection":[{"href":"https:\/\/www.eco-leather.com\/pt\/wp-json\/wp\/v2\/product"}],"about":[{"href":"https:\/\/www.eco-leather.com\/pt\/wp-json\/wp\/v2\/types\/product"}],"wp:featuredmedia":[{"embeddable":true,"href":"https:\/\/www.eco-leather.com\/pt\/wp-json\/wp\/v2\/media\/4872"}],"wp:attachment":[{"href":"https:\/\/www.eco-leather.com\/pt\/wp-json\/wp\/v2\/media?parent=29501"}],"wp:term":[{"taxonomy":"product_brand","embeddable":true,"href":"https:\/\/www.eco-leather.com\/pt\/wp-json\/wp\/v2\/product_brand?post=29501"},{"taxonomy":"product_cat","embeddable":true,"href":"https:\/\/www.eco-leather.com\/pt\/wp-json\/wp\/v2\/product_cat?post=29501"},{"taxonomy":"product_tag","embeddable":true,"href":"https:\/\/www.eco-leather.com\/pt\/wp-json\/wp\/v2\/product_tag?post=29501"}],"curies":[{"name":"wp","href":"https:\/\/api.w.org\/{rel}","templated":true}]}}