{"id":29497,"date":"2025-09-07T11:03:56","date_gmt":"2025-09-07T03:03:56","guid":{"rendered":"https:\/\/www.eco-leather.com\/product\/0-5mm-microfiber-suede-pu-faux-suede-leather-jewelry-box-material\/"},"modified":"2025-09-07T11:04:03","modified_gmt":"2025-09-07T03:04:03","slug":"0-5mm-microfiber-suede-pu-faux-suede-leather-jewelry-box-material","status":"publish","type":"product","link":"https:\/\/www.eco-leather.com\/pt\/0-5mm-microfiber-suede-pu-faux-suede-leather-jewelry-box-material\/","title":{"rendered":"0.5mm Microfibra Camur\u00e7a PU Faux Suede Couro Material da caixa de j\u00f3ias"},"content":{"rendered":"<h2>Durable material for sale &#8211; Second Hand Leather Bags, Automotive LeatherSeats Service Dog<\/h2>\n<p><main><\/p>\n<section id=\"product-overview\">\n<h2>Descri\u00e7\u00e3o do produto<\/h2>\n<p>0.5mm <strong>Sola em pele sint\u00e9tica<\/strong> Microfiber Suede PU Faux Suede Leather Jewelry Box Material 01-Specifications &amp; Descriptions<\/p>\n<p>Produto <strong>Caixas em pele sint\u00e9tica China<\/strong> Information First and foremost, this material has a luxurious and soft feel that makes it perfect for jewelry boxes, where delicate and valuable items need to be protected.<\/p>\n<p>The suede-like texture also gives the box an elegant and sophisticated look that is sure to impress. Additionally, <strong>Couro para vestu\u00e1rio Importado<\/strong> 0.5mm microfiber suede PU faux suede leather is a highly durable material that can withstand wear and tear, ensuring that the jewelry box will last for years to come.<\/p>\n<p>It is also resistant to scratches and stains, making it easy to clean and maintain. Furthermore, <strong>Bolsas de couro em segunda m\u00e3o<\/strong> this type of material is available in a wide range of colors, allowing for endless design possibilities and customization options.<\/p>\n<p>From classic black or brown to more playful pastel shades, the color options are virtually endless.<\/p>\n<p>Fabricado a partir de materiais de microfibra de alta qualidade, o nosso couro sint\u00e9tico de microfibra Ultrasuede de 0,7 mm \u00e9 a escolha perfeita para luvas de ciclismo. Equilibra flexibilidade e resist\u00eancia, oferecendo uma respirabilidade excecional e propriedades de absor\u00e7\u00e3o de humidade para manter as m\u00e3os frescas e secas durante passeios intensos.<\/p>\n<p>Quer se trate de um ciclista profissional ou de um ciclista de lazer, o couro em microfibra proporciona um conforto e uma prote\u00e7\u00e3o imbat\u00edveis. A sua elevada resist\u00eancia \u00e0 abras\u00e3o e aos rasg\u00f5es garante um desempenho duradouro, enquanto o design elegante confere um toque sofisticado a qualquer conjunto de ciclismo.<\/p>\n<\/section>\n<section id=\"specifications\">\n<h2>Par\u00e2metros t\u00e9cnicos<\/h2>\n<p>Par\u00e2metro <strong>Autom\u00f3vel CouroSapatos C\u00e3o de servi\u00e7o<\/strong> Detalhe Textura lisa Largura 54 , 137cm Cor Preto, Branco, Vermelho, Azul, Verde, Amarelo, Rosa, Bege, Cores personalizadas Carater\u00edstica Eco-Friendly, Anti-Mildew, Anti-Static, Etc.<\/p>\n<p>Utiliza\u00e7\u00e3o Decora\u00e7\u00e3o de expositores, caixa de j\u00f3ias, expositores, vitrinas, caixas, caixas de rel\u00f3gios Espessura 0,4 mm-0,8 mm<\/p>\n<p><img decoding=\"async\" alt=\"0.7mm Ultrasuede Microfiber Faux Leather para Luvas de Ciclismo - Especifica\u00e7\u00e3o do Material\" class=\"product-image\" src=\"\/wp-content\/uploads\/2025\/08\/07mm-ultrasuede-microfiber-faux-leather-for-cycling-gloves--37881.jpg\"\/><\/p>\n<h3>Par\u00e2metros do produto<\/h3>\n<ul class=\"parameters-list\">\n<li><span class=\"param-name\">Material:<\/span> Microfibra + PU<\/li>\n<li><span class=\"param-name\">Cor:<\/span> Preto, cinzento, bege (cores personalizadas dispon\u00edveis)<\/li>\n<li><span class=\"param-name\">Espessura:<\/span> 0,6 mm, 0,7 mm, 0,8 mm, 1 mm<\/li>\n<li><span class=\"param-name\">Quantidade m\u00ednima de encomenda:<\/span> 300 metros lineares<\/li>\n<li><span class=\"param-name\">Comprimento do rolo:<\/span> 20-30m\/rolo<\/li>\n<li><span class=\"param-name\">Prazo de entrega:<\/span> 15-20 dias<\/li>\n<li><span class=\"param-name\">Largura:<\/span> 54\u2033, 137cm<\/li>\n<li><span class=\"param-name\">Capacidade de produ\u00e7\u00e3o:<\/span> 1.000.000 de metros por m\u00eas<\/li>\n<\/ul>\n<\/section>\n<section id=\"usage\">\n<h2>Utiliza\u00e7\u00e3o e aplica\u00e7\u00f5es<\/h2>\n<p><img decoding=\"async\" _src=\"\/wp-content\/uploads\/2025\/08\/05mm-microfiber-suede-pu-faux-suede-leather-jewelry-box-material-35054.png\" alt=\"Durable material for sale - Second Hand Leather Bags, Automotive LeatherSeats Service Dog\" src=\"\/wp-content\/uploads\/2025\/08\/05mm-microfiber-suede-pu-faux-suede-leather-jewelry-box-material-35054.png\"\/><\/p>\n<div class=\"usage-point\">\n<h3>Quando <strong>Bolsas de couro vegan Premium<\/strong> it comes to designing and creating a jewelry box, the material used is a crucial factor in achieving an attractive and durable final product<\/h3>\n<p>Quando <strong>Bolsas de couro vegan Premium<\/strong> it comes to designing and creating a jewelry box, the material used is a crucial factor in achieving an attractive and durable final product. One popular choice for jewelry box material is 0.5mm microfiber suede PU faux suede leather, which offers several benefits.<\/p>\n<\/div>\n<div class=\"usage-point\">\n<h3>Confort\u00e1vel e respir\u00e1vel<\/h3>\n<p>Macio, confort\u00e1vel e altamente respir\u00e1vel, este material \u00e9 perfeito para luvas de ciclismo e outros produtos utilizados durante longos per\u00edodos. Mant\u00e9m as m\u00e3os frescas e secas durante actividades extenuantes.<\/p>\n<\/div>\n<div class=\"usage-point\">\n<h3>Ecol\u00f3gico e sustent\u00e1vel<\/h3>\n<p>O nosso couro sint\u00e9tico de microfibra Ultrasuede inclui op\u00e7\u00f5es amigas do ambiente, como variantes feitas de PET reciclado e materiais \u00e0 base de plantas, reduzindo o impacto ambiental ao mesmo tempo que oferece diversas texturas.<\/p>\n<\/div>\n<div class=\"usage-point\">\n<h3>Prote\u00e7\u00e3o anti-bacteriana e contra poeiras<\/h3>\n<p>As variantes selecionadas possuem propriedades anti-bacterianas e resistentes ao p\u00f3, cumprindo elevados padr\u00f5es de higiene ideais para luvas que exigem controlos rigorosos de qualidade e seguran\u00e7a.<\/p>\n<\/div>\n<div class=\"usage-point\">\n<h3>Diversos cen\u00e1rios de aplica\u00e7\u00e3o<\/h3>\n<p>Para al\u00e9m das luvas de ciclismo, \u00e9 adequado para luvas de dedo, luvas de seguran\u00e7a e v\u00e1rios outros tipos de luvas, bem como para cal\u00e7ado, vestu\u00e1rio e acess\u00f3rios.<\/p>\n<\/div>\n<p><img decoding=\"async\" alt=\"Aplica\u00e7\u00f5es do couro sint\u00e9tico de microfibra Ultrasuede de 0,7 mm em v\u00e1rios produtos\" class=\"product-image\" src=\"\/wp-content\/uploads\/2025\/08\/07mm-ultrasuede-microfiber-faux-leather-for-cycling-gloves--37885.jpg\"\/><br \/>\n<img decoding=\"async\" alt=\"Luvas de ciclismo fabricadas em couro de microfibra Ultrasuede - exemplo de produto\" class=\"product-image\" src=\"\/wp-content\/uploads\/2025\/08\/07mm-ultrasuede-microfiber-faux-leather-for-cycling-gloves--37886.jpg\"\/><br \/>\n<\/section>\n<p><\/main><\/p>\n<section id=\"inquiry\">\n<h2 style=\"text-align: center;\">Sinceramente \u00e0 espera do seu inqu\u00e9rito!<\/h2>\n<p style=\"text-align: center;\">Contacte-nos hoje para saber mais sobre os nossos produtos e fazer a sua encomenda.<\/p>\n<\/section>\n\n    <div class=\"xs_social_share_widget xs_share_url after_content \t\tmain_content  wslu-style-1 wslu-share-box-shaped wslu-fill-colored wslu-none wslu-share-horizontal wslu-theme-font-no wslu-main_content\">\n\n\t\t\n        <ul>\n\t\t\t        <\/ul>\n    <\/div>","protected":false},"excerpt":{"rendered":"<div class=\"product-short-description\">Products 0.5mm Microfiber Suede PU Faux Suede Leather Jewelry Box Material WINIW 0.5mm Microfiber Suede PU Faux Suede Leather Jewelry Box Material Key features include.Ideal for those seeking quality and reliability.<\/p>\n<p>Como f\u00e1brica direta, fabricante e grossista, podemos controlar rigorosamente o processo de produ\u00e7\u00e3o para garantir a qualidade do produto, proporcionando-lhe os pre\u00e7os mais favor\u00e1veis. Dispomos de equipamento de produ\u00e7\u00e3o avan\u00e7ado e de uma equipa t\u00e9cnica profissional para satisfazer as suas necessidades de encomendas em grande escala e garantir uma entrega atempada.<\/p>\n<\/div>","protected":false},"featured_media":4862,"template":"","meta":[],"product_brand":[],"product_cat":[293],"product_tag":[19213],"class_list":{"0":"post-29497","1":"product","2":"type-product","3":"status-publish","4":"has-post-thumbnail","6":"product_cat-products","7":"product_tag-faux-leather-jewelryvegan-leather-jewelryvegan-leather-jewelry-casefaux-leather-jewelry-casefaux-leather-jewelry-bagfaux-leather-jewelry-box","9":"first","10":"instock","11":"product-type-simple"},"_links":{"self":[{"href":"https:\/\/www.eco-leather.com\/pt\/wp-json\/wp\/v2\/product\/29497","targetHints":{"allow":["GET"]}}],"collection":[{"href":"https:\/\/www.eco-leather.com\/pt\/wp-json\/wp\/v2\/product"}],"about":[{"href":"https:\/\/www.eco-leather.com\/pt\/wp-json\/wp\/v2\/types\/product"}],"wp:featuredmedia":[{"embeddable":true,"href":"https:\/\/www.eco-leather.com\/pt\/wp-json\/wp\/v2\/media\/4862"}],"wp:attachment":[{"href":"https:\/\/www.eco-leather.com\/pt\/wp-json\/wp\/v2\/media?parent=29497"}],"wp:term":[{"taxonomy":"product_brand","embeddable":true,"href":"https:\/\/www.eco-leather.com\/pt\/wp-json\/wp\/v2\/product_brand?post=29497"},{"taxonomy":"product_cat","embeddable":true,"href":"https:\/\/www.eco-leather.com\/pt\/wp-json\/wp\/v2\/product_cat?post=29497"},{"taxonomy":"product_tag","embeddable":true,"href":"https:\/\/www.eco-leather.com\/pt\/wp-json\/wp\/v2\/product_tag?post=29497"}],"curies":[{"name":"wp","href":"https:\/\/api.w.org\/{rel}","templated":true}]}}