{"id":29472,"date":"2025-09-07T11:03:44","date_gmt":"2025-09-07T03:03:44","guid":{"rendered":"https:\/\/www.eco-leather.com\/product\/abrasion-resistant-vegan-imitation-fabric-for-ball-leather\/"},"modified":"2025-09-07T11:03:50","modified_gmt":"2025-09-07T03:03:50","slug":"abrasion-resistant-vegan-imitation-fabric-for-ball-leather","status":"publish","type":"product","link":"https:\/\/www.eco-leather.com\/pt\/abrasion-resistant-vegan-imitation-fabric-for-ball-leather\/","title":{"rendered":"Tecido de imita\u00e7\u00e3o vegan resistente \u00e0 abras\u00e3o para couro de bola"},"content":{"rendered":"<h2>Premium fabric product &#8211; Garment Leather Imported<\/h2>\n<p><main><\/p>\n<section id=\"product-overview\">\n<h2>Descri\u00e7\u00e3o do produto<\/h2>\n<p>R\u00e1pido <strong>Tecido para sof\u00e1 floral<\/strong> Detalhes: Descri\u00e7\u00e3o:<\/p>\n<p>Abras\u00e3o <strong>Couro para vestu\u00e1rio Importado<\/strong> Resistance Vegan-friendly Stylish Options<\/p>\n<p>Fabricado a partir de materiais de microfibra de alta qualidade, o nosso couro sint\u00e9tico de microfibra Ultrasuede de 0,7 mm \u00e9 a escolha perfeita para luvas de ciclismo. Equilibra flexibilidade e resist\u00eancia, oferecendo uma respirabilidade excecional e propriedades de absor\u00e7\u00e3o de humidade para manter as m\u00e3os frescas e secas durante passeios intensos.<\/p>\n<p>Quer se trate de um ciclista profissional ou de um ciclista de lazer, o couro em microfibra proporciona um conforto e uma prote\u00e7\u00e3o imbat\u00edveis. A sua elevada resist\u00eancia \u00e0 abras\u00e3o e aos rasg\u00f5es garante um desempenho duradouro, enquanto o design elegante confere um toque sofisticado a qualquer conjunto de ciclismo.<\/p>\n<\/section>\n<section id=\"features\">\n<h2>Carater\u00edsticas do produto<\/h2>\n<div class=\"feature-item\">\n<img decoding=\"async\" alt=\"Couro falso n\u00e3o imperme\u00e1velF\u00e1cil de deformar O couro de microfibra de material PU \u00e9 uma excelente escolha para aplica\u00e7\u00f5es de futebol\" class=\"feature-image left\" src=\"\/wp-content\/uploads\/2025\/08\/abrasion-resistant-vegan-imitation-fabric-for-ball-leather-34961.png\"\/><\/p>\n<h3>N\u00e3o <strong>Leatherman falso \u00e0 prova de \u00e1gua<\/strong> O couro de microfibra de material PU f\u00e1cil de deformar \u00e9 uma excelente escolha para aplica\u00e7\u00f5es de futebol<\/h3>\n<p>N\u00e3o <strong>Leatherman falso \u00e0 prova de \u00e1gua<\/strong> Material PU f\u00e1cil de deformar O couro de microfibra \u00e9 uma excelente escolha para aplica\u00e7\u00f5es de futebol. Este material proporciona uma combina\u00e7\u00e3o de durabilidade, conforto e estilo que \u00e9 dif\u00edcil de encontrar noutros materiais.<\/p>\n<div class=\"clear\"><\/div>\n<\/div>\n<div class=\"feature-item\">\n<img decoding=\"async\" alt=\"ItWaterproof Sofa Fabric Exporteris highly resistant to wear and tear, making it ideal for use in high-stress situations like those encountered during football games\" class=\"feature-image left\" src=\"\/wp-content\/uploads\/2025\/08\/abrasion-resistant-vegan-imitation-fabric-for-ball-leather-34962.png\"\/><\/p>\n<h3>\u00c9 <strong>Exportador de tecidos para sof\u00e1s \u00e0 prova de \u00e1gua<\/strong> is highly resistant to wear and tear, making it ideal for use in high-stress situations like those encountered during football games<\/h3>\n<p>\u00c9 <strong>Exportador de tecidos para sof\u00e1s \u00e0 prova de \u00e1gua<\/strong> is highly resistant to wear and tear, making it ideal for use in high-stress situations like those encountered during football games. Additionally, it is designed to be breathable and moisture-wicking, which helps to keep players cool and dry during intense physical activity.<\/p>\n<div class=\"clear\"><\/div>\n<\/div>\n<div class=\"feature-item\">\n<img decoding=\"async\" alt=\"Alta resist\u00eancia \u00e0 rutura - Couro sint\u00e9tico de microfibra Ultrasuede para luvas de ciclismo\" class=\"feature-image left\" src=\"\/wp-content\/uploads\/2025\/08\/07mm-ultrasuede-microfiber-faux-leather-for-cycling-gloves--37882.jpg\"\/><\/p>\n<h3>Elevada resist\u00eancia ao rasgamento<\/h3>\n<p>O nosso couro de microfibra Ultrasuede possui uma resist\u00eancia excecional ao rasgamento, garantindo que n\u00e3o se parte ou deforma facilmente sob tens\u00e3o. Isto torna-a ideal para produtos que exigem durabilidade e desempenho a longo prazo.<\/p>\n<div class=\"clear\"><\/div>\n<\/div>\n<div class=\"feature-item\">\n<img decoding=\"async\" alt=\"Reten\u00e7\u00e3o da forma - Ultrasuede Microfibra Couro sint\u00e9tico para luvas de ciclismo\" class=\"feature-image right\" src=\"\/wp-content\/uploads\/2025\/08\/07mm-ultrasuede-microfiber-faux-leather-for-cycling-gloves--37883.jpg\"\/><\/p>\n<h3>N\u00e3o \u00e9 f\u00e1cil de deformar<\/h3>\n<p>Especialmente tratado para manter a sua forma original, este material oferece uma excelente elasticidade e estabilidade. Resiste \u00e0 deforma\u00e7\u00e3o por press\u00e3o externa ou estiramento, mantendo os produtos intactos e atractivos ao longo do tempo.<\/p>\n<div class=\"clear\"><\/div>\n<\/div>\n<div class=\"feature-item\">\n<img decoding=\"async\" alt=\"Durabilidade - Ultrasuede Microfibra Faux Leather para luvas de ciclismo\" class=\"feature-image left\" src=\"\/wp-content\/uploads\/2025\/08\/07mm-ultrasuede-microfiber-faux-leather-for-cycling-gloves--37884.jpg\"\/><\/p>\n<h3>Durabilidade<\/h3>\n<p>Extremamente resistente \u00e0 abras\u00e3o, aos rasg\u00f5es e aos furos, este material garante que as luvas se mant\u00eam em \u00f3ptimas condi\u00e7\u00f5es, mesmo com uma utiliza\u00e7\u00e3o prolongada. Mant\u00e9m tamb\u00e9m uma excelente destreza e for\u00e7a para artigos de couro de alta qualidade.<\/p>\n<div class=\"clear\"><\/div>\n<\/div>\n<\/section>\n<section id=\"usage\">\n<h2>Utiliza\u00e7\u00e3o e aplica\u00e7\u00f5es<\/h2>\n<p><img decoding=\"async\" _src=\"\/wp-content\/uploads\/2025\/08\/abrasion-resistant-vegan-imitation-fabric-for-ball-leather-34960.png\" alt=\"Produto em tecido de qualidade superior - Couro para vestu\u00e1rio Importado\" src=\"\/wp-content\/uploads\/2025\/08\/abrasion-resistant-vegan-imitation-fabric-for-ball-leather-34960.png\"\/><\/p>\n<div class=\"usage-point\">\n<h3>Aplica\u00e7\u00f5es: <strong>Importadores de sapatos de couro vegan<\/strong> Outra vantagem do couro de microfibra de material PU n\u00e3o f\u00e1cil de deformar \u00e9 a sua capacidade de resistir \u00e0 deforma\u00e7\u00e3o<\/h3>\n<p>Aplica\u00e7\u00f5es: <strong>Importadores de sapatos de couro vegan<\/strong> Another advantage of Not Easy To Deform PU Material Microfiber Leather is its ability to resist deformation. This <strong>Bolsas de couro em segunda m\u00e3o<\/strong> means that it can maintain its shape even under heavy pressure, making it ideal for use as a covering for footballs.<\/p>\n<\/div>\n<div class=\"usage-point\">\n<h3>Os jogadores podem contar com este material para proporcionar uma sensa\u00e7\u00e3o e um ressalto consistentes durante os treinos e os jogos, o que pode ajudar a melhorar o seu desempenho em campo<\/h3>\n<p>Os jogadores podem contar com este material para proporcionar uma sensa\u00e7\u00e3o e um ressalto consistentes durante os treinos e os jogos, o que pode ajudar a melhorar o seu desempenho em campo.<\/p>\n<\/div>\n<div class=\"usage-point\">\n<h3>Confort\u00e1vel e respir\u00e1vel<\/h3>\n<p>Macio, confort\u00e1vel e altamente respir\u00e1vel, este material \u00e9 perfeito para luvas de ciclismo e outros produtos utilizados durante longos per\u00edodos. Mant\u00e9m as m\u00e3os frescas e secas durante actividades extenuantes.<\/p>\n<\/div>\n<div class=\"usage-point\">\n<h3>Ecol\u00f3gico e sustent\u00e1vel<\/h3>\n<p>O nosso couro sint\u00e9tico de microfibra Ultrasuede inclui op\u00e7\u00f5es amigas do ambiente, como variantes feitas de PET reciclado e materiais \u00e0 base de plantas, reduzindo o impacto ambiental ao mesmo tempo que oferece diversas texturas.<\/p>\n<\/div>\n<div class=\"usage-point\">\n<h3>Prote\u00e7\u00e3o anti-bacteriana e contra poeiras<\/h3>\n<p>As variantes selecionadas possuem propriedades anti-bacterianas e resistentes ao p\u00f3, cumprindo elevados padr\u00f5es de higiene ideais para luvas que exigem controlos rigorosos de qualidade e seguran\u00e7a.<\/p>\n<\/div>\n<div class=\"usage-point\">\n<h3>Diversos cen\u00e1rios de aplica\u00e7\u00e3o<\/h3>\n<p>Para al\u00e9m das luvas de ciclismo, \u00e9 adequado para luvas de dedo, luvas de seguran\u00e7a e v\u00e1rios outros tipos de luvas, bem como para cal\u00e7ado, vestu\u00e1rio e acess\u00f3rios.<\/p>\n<\/div>\n<p><img decoding=\"async\" alt=\"Aplica\u00e7\u00f5es do couro sint\u00e9tico de microfibra Ultrasuede de 0,7 mm em v\u00e1rios produtos\" class=\"product-image\" src=\"\/wp-content\/uploads\/2025\/08\/07mm-ultrasuede-microfiber-faux-leather-for-cycling-gloves--37885.jpg\"\/><br \/>\n<img decoding=\"async\" alt=\"Luvas de ciclismo fabricadas em couro de microfibra Ultrasuede - exemplo de produto\" class=\"product-image\" src=\"\/wp-content\/uploads\/2025\/08\/07mm-ultrasuede-microfiber-faux-leather-for-cycling-gloves--37886.jpg\"\/><br \/>\n<\/section>\n<p><\/main><\/p>\n<section id=\"inquiry\">\n<h2 style=\"text-align: center;\">Sinceramente \u00e0 espera do seu inqu\u00e9rito!<\/h2>\n<p style=\"text-align: center;\">Contacte-nos hoje para saber mais sobre os nossos produtos e fazer a sua encomenda.<\/p>\n<\/section>\n\n    <div class=\"xs_social_share_widget xs_share_url after_content \t\tmain_content  wslu-style-1 wslu-share-box-shaped wslu-fill-colored wslu-none wslu-share-horizontal wslu-theme-font-no wslu-main_content\">\n\n\t\t\n        <ul>\n\t\t\t        <\/ul>\n    <\/div>","protected":false},"excerpt":{"rendered":"<div class=\"product-short-description\">Balls Leather Abrasion-Resistant Vegan Imitation Fabric for Ball Leather WINIW Abrasion-Resistant Vegan Imitation Fabric for Ball Leather Key features include.Ideal for those seeking quality and reliability.<\/p>\n<p>Como f\u00e1brica direta, fabricante e grossista, podemos controlar rigorosamente o processo de produ\u00e7\u00e3o para garantir a qualidade do produto, proporcionando-lhe os pre\u00e7os mais favor\u00e1veis. Dispomos de equipamento de produ\u00e7\u00e3o avan\u00e7ado e de uma equipa t\u00e9cnica profissional para satisfazer as suas necessidades de encomendas em grande escala e garantir uma entrega atempada.<\/p>\n<\/div>","protected":false},"featured_media":4721,"template":"","meta":[],"product_brand":[],"product_cat":[271],"product_tag":[],"class_list":{"0":"post-29472","1":"product","2":"type-product","3":"status-publish","4":"has-post-thumbnail","6":"product_cat-balls-leather","8":"first","9":"instock","10":"product-type-simple"},"_links":{"self":[{"href":"https:\/\/www.eco-leather.com\/pt\/wp-json\/wp\/v2\/product\/29472","targetHints":{"allow":["GET"]}}],"collection":[{"href":"https:\/\/www.eco-leather.com\/pt\/wp-json\/wp\/v2\/product"}],"about":[{"href":"https:\/\/www.eco-leather.com\/pt\/wp-json\/wp\/v2\/types\/product"}],"wp:featuredmedia":[{"embeddable":true,"href":"https:\/\/www.eco-leather.com\/pt\/wp-json\/wp\/v2\/media\/4721"}],"wp:attachment":[{"href":"https:\/\/www.eco-leather.com\/pt\/wp-json\/wp\/v2\/media?parent=29472"}],"wp:term":[{"taxonomy":"product_brand","embeddable":true,"href":"https:\/\/www.eco-leather.com\/pt\/wp-json\/wp\/v2\/product_brand?post=29472"},{"taxonomy":"product_cat","embeddable":true,"href":"https:\/\/www.eco-leather.com\/pt\/wp-json\/wp\/v2\/product_cat?post=29472"},{"taxonomy":"product_tag","embeddable":true,"href":"https:\/\/www.eco-leather.com\/pt\/wp-json\/wp\/v2\/product_tag?post=29472"}],"curies":[{"name":"wp","href":"https:\/\/api.w.org\/{rel}","templated":true}]}}