{"id":29467,"date":"2025-09-07T11:03:44","date_gmt":"2025-09-07T03:03:44","guid":{"rendered":"https:\/\/www.eco-leather.com\/product\/colored-elastic-pu-microfiber-leather-for-mikasa-balls\/"},"modified":"2025-09-07T11:03:48","modified_gmt":"2025-09-07T03:03:48","slug":"couro-de-microfibra-pu-elastico-colorido-para-bolas-mikasa","status":"publish","type":"product","link":"https:\/\/www.eco-leather.com\/pt\/couro-de-microfibra-pu-elastico-colorido-para-bolas-mikasa\/","title":{"rendered":"Couro de microfibra PU el\u00e1stico colorido para bolas MIKASA"},"content":{"rendered":"<h2>Produto em tecido de alta qualidade - Bolsas de couro em segunda m\u00e3o, caixas de couro sint\u00e9tico China<\/h2>\n<p><main><\/p>\n<section id=\"product-overview\">\n<h2>Descri\u00e7\u00e3o do produto<\/h2>\n<p>R\u00e1pido <strong>Microfibra italiana Pu Fabricante<\/strong> Detalhes: Descri\u00e7\u00e3o:<\/p>\n<p>Fabricado a partir de materiais de microfibra de alta qualidade, o nosso couro sint\u00e9tico de microfibra Ultrasuede de 0,7 mm \u00e9 a escolha perfeita para luvas de ciclismo. Equilibra flexibilidade e resist\u00eancia, oferecendo uma respirabilidade excecional e propriedades de absor\u00e7\u00e3o de humidade para manter as m\u00e3os frescas e secas durante passeios intensos.<\/p>\n<p>Quer se trate de um ciclista profissional ou de um ciclista de lazer, o couro em microfibra proporciona um conforto e uma prote\u00e7\u00e3o imbat\u00edveis. A sua elevada resist\u00eancia \u00e0 abras\u00e3o e aos rasg\u00f5es garante um desempenho duradouro, enquanto o design elegante confere um toque sofisticado a qualquer conjunto de ciclismo.<\/p>\n<\/section>\n<section id=\"specifications\">\n<h2>Par\u00e2metros t\u00e9cnicos<\/h2>\n<ul class_=\"parameters-list\">\n<li><span class=\"param-name\">\u00d3timo <strong>Couro para vestu\u00e1rio Importado<\/strong> Elasticidade:<\/span> O nosso couro tem uma excelente elasticidade. Isto significa que, quando a bola \u00e9 atingida, pode saltar muito bem para tr\u00e1s. Tal como um coelhinho cheio de energia!<\/li>\n<li><span class=\"param-name\">Ajuda a bola a manter a sua forma e d\u00e1-lhe sempre um ressalto vivo, tornando o jogo mais emocionante para os jogadores. Op\u00e7\u00f5es coloridas:<\/span> H\u00e1 muitas cores dispon\u00edveis. Pode escolher as que combinam com as cores da sua equipa ou simplesmente escolher as que parecem mais fixes.<\/li>\n<li><span class=\"param-name\">\u00c9 <strong>Autom\u00f3vel CouroSapatos C\u00e3o de servi\u00e7o<\/strong> como ter um arco-\u00edris de escolhas para as suas bolas MIKASA. Pode tornar as suas bolas \u00fanicas e mostrar o seu estilo no campo. Qualidade duradoura:<\/span> A WINIW Company Factory Wholesale Silicone Leather Manufacturers garante que a qualidade \u00e9 de primeira qualidade.<\/li>\n<p>Este couro \u00e9 feito para durar. N\u00e3o se rasga nem se danifica facilmente, mesmo depois de muitos jogos intensos. Assim, n\u00e3o tem de se preocupar em substituir o couro das suas bolas com muita frequ\u00eancia.<\/p>\n<p>\u00c9 como ter uma pequena armadura resistente para as suas Bolas MIKASA.<\/p>\n<\/ul>\n<p><img decoding=\"async\" alt=\"0.7mm Ultrasuede Microfiber Faux Leather para Luvas de Ciclismo - Especifica\u00e7\u00e3o do Material\" class=\"product-image\" src=\"\/wp-content\/uploads\/2025\/08\/07mm-ultrasuede-microfiber-faux-leather-for-cycling-gloves--37881.jpg\"\/><\/p>\n<h3>Par\u00e2metros do produto<\/h3>\n<ul class=\"parameters-list\">\n<li><span class=\"param-name\">Material:<\/span> Microfibra + PU<\/li>\n<li><span class=\"param-name\">Cor:<\/span> Preto, cinzento, bege (cores personalizadas dispon\u00edveis)<\/li>\n<li><span class=\"param-name\">Espessura:<\/span> 0,6 mm, 0,7 mm, 0,8 mm, 1 mm<\/li>\n<li><span class=\"param-name\">Quantidade m\u00ednima de encomenda:<\/span> 300 metros lineares<\/li>\n<li><span class=\"param-name\">Comprimento do rolo:<\/span> 20-30m\/rolo<\/li>\n<li><span class=\"param-name\">Prazo de entrega:<\/span> 15-20 dias<\/li>\n<li><span class=\"param-name\">Largura:<\/span> 54\u2033, 137cm<\/li>\n<li><span class=\"param-name\">Capacidade de produ\u00e7\u00e3o:<\/span> 1.000.000 de metros por m\u00eas<\/li>\n<\/ul>\n<\/section>\n<section id=\"features\">\n<h2>Carater\u00edsticas do produto<\/h2>\n<div class=\"feature-item\">\n<img decoding=\"async\" alt=\"Couro falso n\u00e3o imperme\u00e1velF\u00e1cil de deformar O couro de microfibra de material PU \u00e9 uma excelente escolha para aplica\u00e7\u00f5es de futebol\" class=\"feature-image left\" src=\"\/wp-content\/uploads\/2025\/08\/colored-elastic-pu-microfiber-leather-for-mikasa-balls-34946.png\"\/><\/p>\n<h3>N\u00e3o <strong>Leatherman falso \u00e0 prova de \u00e1gua<\/strong> O couro de microfibra de material PU f\u00e1cil de deformar \u00e9 uma excelente escolha para aplica\u00e7\u00f5es de futebol<\/h3>\n<p>N\u00e3o <strong>Leatherman falso \u00e0 prova de \u00e1gua<\/strong> Material PU f\u00e1cil de deformar O couro de microfibra \u00e9 uma excelente escolha para aplica\u00e7\u00f5es de futebol. Este material proporciona uma combina\u00e7\u00e3o de durabilidade, conforto e estilo que \u00e9 dif\u00edcil de encontrar noutros materiais.<\/p>\n<div class=\"clear\"><\/div>\n<\/div>\n<div class=\"feature-item\">\n<img decoding=\"async\" alt=\"\u00c9 altamente resistente ao desgaste, o que o torna ideal para utiliza\u00e7\u00e3o em situa\u00e7\u00f5es de grande tens\u00e3o, como as que se verificam durante os jogos de futebol\" class=\"feature-image left\" src=\"\/wp-content\/uploads\/2025\/08\/colored-elastic-pu-microfiber-leather-for-mikasa-balls-34947.png\"\/><\/p>\n<h3>\u00c9 altamente resistente ao desgaste, o que o torna ideal para utiliza\u00e7\u00e3o em situa\u00e7\u00f5es de grande tens\u00e3o, como as que se verificam durante os jogos de futebol<\/h3>\n<p>\u00c9 altamente resistente ao desgaste, o que a torna ideal para utiliza\u00e7\u00e3o em situa\u00e7\u00f5es de grande stress, como as que se verificam durante os jogos de futebol. Al\u00e9m disso, foi concebida para ser respir\u00e1vel e absorver a humidade, o que ajuda a manter os jogadores frescos e secos durante a atividade f\u00edsica intensa.<\/p>\n<div class=\"clear\"><\/div>\n<\/div>\n<div class=\"feature-item\">\n<img decoding=\"async\" alt=\"Alta resist\u00eancia \u00e0 rutura - Couro sint\u00e9tico de microfibra Ultrasuede para luvas de ciclismo\" class=\"feature-image left\" src=\"\/wp-content\/uploads\/2025\/08\/07mm-ultrasuede-microfiber-faux-leather-for-cycling-gloves--37882.jpg\"\/><\/p>\n<h3>Elevada resist\u00eancia ao rasgamento<\/h3>\n<p>O nosso couro de microfibra Ultrasuede possui uma resist\u00eancia excecional ao rasgamento, garantindo que n\u00e3o se parte ou deforma facilmente sob tens\u00e3o. Isto torna-a ideal para produtos que exigem durabilidade e desempenho a longo prazo.<\/p>\n<div class=\"clear\"><\/div>\n<\/div>\n<div class=\"feature-item\">\n<img decoding=\"async\" alt=\"Reten\u00e7\u00e3o da forma - Ultrasuede Microfibra Couro sint\u00e9tico para luvas de ciclismo\" class=\"feature-image right\" src=\"\/wp-content\/uploads\/2025\/08\/07mm-ultrasuede-microfiber-faux-leather-for-cycling-gloves--37883.jpg\"\/><\/p>\n<h3>N\u00e3o \u00e9 f\u00e1cil de deformar<\/h3>\n<p>Especialmente tratado para manter a sua forma original, este material oferece uma excelente elasticidade e estabilidade. Resiste \u00e0 deforma\u00e7\u00e3o por press\u00e3o externa ou estiramento, mantendo os produtos intactos e atractivos ao longo do tempo.<\/p>\n<div class=\"clear\"><\/div>\n<\/div>\n<div class=\"feature-item\">\n<img decoding=\"async\" alt=\"Durabilidade - Ultrasuede Microfibra Faux Leather para luvas de ciclismo\" class=\"feature-image left\" src=\"\/wp-content\/uploads\/2025\/08\/07mm-ultrasuede-microfiber-faux-leather-for-cycling-gloves--37884.jpg\"\/><\/p>\n<h3>Durabilidade<\/h3>\n<p>Extremamente resistente \u00e0 abras\u00e3o, aos rasg\u00f5es e aos furos, este material garante que as luvas se mant\u00eam em \u00f3ptimas condi\u00e7\u00f5es, mesmo com uma utiliza\u00e7\u00e3o prolongada. Mant\u00e9m tamb\u00e9m uma excelente destreza e for\u00e7a para artigos de couro de alta qualidade.<\/p>\n<div class=\"clear\"><\/div>\n<\/div>\n<\/section>\n<section id=\"usage\">\n<h2>Utiliza\u00e7\u00e3o e aplica\u00e7\u00f5es<\/h2>\n<p><img decoding=\"async\" _src=\"\/wp-content\/uploads\/2025\/08\/colored-elastic-pu-microfiber-leather-for-mikasa-balls-34945.png\" alt=\"Produto em tecido de alta qualidade - Bolsas de couro em segunda m\u00e3o, caixas de couro sint\u00e9tico China\" src=\"\/wp-content\/uploads\/2025\/08\/colored-elastic-pu-microfiber-leather-for-mikasa-balls-34945.png\"\/><\/p>\n<div class=\"usage-point\">\n<h3>Aplica\u00e7\u00f5es: <strong>Bolsas de couro em segunda m\u00e3o<\/strong> Outra vantagem do couro de microfibra de material PU n\u00e3o f\u00e1cil de deformar \u00e9 a sua capacidade de resistir \u00e0 deforma\u00e7\u00e3o<\/h3>\n<p>Aplica\u00e7\u00f5es: <strong>Bolsas de couro em segunda m\u00e3o<\/strong> Outra vantagem do couro de microfibra de material PU n\u00e3o f\u00e1cil de deformar \u00e9 a sua capacidade de resistir \u00e0 deforma\u00e7\u00e3o. Isto significa que pode manter a sua forma mesmo sob forte press\u00e3o, o que o torna ideal para ser utilizado como revestimento de bolas de futebol.<\/p>\n<\/div>\n<div class=\"usage-point\">\n<h3>Os jogadores podem contar com este material para proporcionar uma sensa\u00e7\u00e3o e um ressalto consistentes durante os treinos e os jogos, o que pode ajudar a melhorar o seu desempenho em campo<\/h3>\n<p>Os jogadores podem contar com este material para proporcionar uma sensa\u00e7\u00e3o e um ressalto consistentes durante os treinos e os jogos, o que pode ajudar a melhorar o seu desempenho em campo.<\/p>\n<\/div>\n<div class=\"usage-point\">\n<h3>Confort\u00e1vel e respir\u00e1vel<\/h3>\n<p>Macio, confort\u00e1vel e altamente respir\u00e1vel, este material \u00e9 perfeito para luvas de ciclismo e outros produtos utilizados durante longos per\u00edodos. Mant\u00e9m as m\u00e3os frescas e secas durante actividades extenuantes.<\/p>\n<\/div>\n<div class=\"usage-point\">\n<h3>Ecol\u00f3gico e sustent\u00e1vel<\/h3>\n<p>O nosso couro sint\u00e9tico de microfibra Ultrasuede inclui op\u00e7\u00f5es amigas do ambiente, como variantes feitas de PET reciclado e materiais \u00e0 base de plantas, reduzindo o impacto ambiental ao mesmo tempo que oferece diversas texturas.<\/p>\n<\/div>\n<div class=\"usage-point\">\n<h3>Prote\u00e7\u00e3o anti-bacteriana e contra poeiras<\/h3>\n<p>As variantes selecionadas possuem propriedades anti-bacterianas e resistentes ao p\u00f3, cumprindo elevados padr\u00f5es de higiene ideais para luvas que exigem controlos rigorosos de qualidade e seguran\u00e7a.<\/p>\n<\/div>\n<div class=\"usage-point\">\n<h3>Diversos cen\u00e1rios de aplica\u00e7\u00e3o<\/h3>\n<p>Para al\u00e9m das luvas de ciclismo, \u00e9 adequado para luvas de dedo, luvas de seguran\u00e7a e v\u00e1rios outros tipos de luvas, bem como para cal\u00e7ado, vestu\u00e1rio e acess\u00f3rios.<\/p>\n<\/div>\n<p><img decoding=\"async\" alt=\"Aplica\u00e7\u00f5es do couro sint\u00e9tico de microfibra Ultrasuede de 0,7 mm em v\u00e1rios produtos\" class=\"product-image\" src=\"\/wp-content\/uploads\/2025\/08\/07mm-ultrasuede-microfiber-faux-leather-for-cycling-gloves--37885.jpg\"\/><br \/>\n<img decoding=\"async\" alt=\"Luvas de ciclismo fabricadas em couro de microfibra Ultrasuede - exemplo de produto\" class=\"product-image\" src=\"\/wp-content\/uploads\/2025\/08\/07mm-ultrasuede-microfiber-faux-leather-for-cycling-gloves--37886.jpg\"\/><br \/>\n<\/section>\n<p><\/main><\/p>\n<section id=\"inquiry\">\n<h2 style=\"text-align: center;\">Sinceramente \u00e0 espera do seu inqu\u00e9rito!<\/h2>\n<p style=\"text-align: center;\">Contacte-nos hoje para saber mais sobre os nossos produtos e fazer a sua encomenda.<\/p>\n<\/section>\n\n    <div class=\"xs_social_share_widget xs_share_url after_content \t\tmain_content  wslu-style-1 wslu-share-box-shaped wslu-fill-colored wslu-none wslu-share-horizontal wslu-theme-font-no wslu-main_content\">\n\n\t\t\n        <ul>\n\t\t\t        <\/ul>\n    <\/div>","protected":false},"excerpt":{"rendered":"<div class=\"product-short-description\">Bolas Couro Couro Microfibra PU El\u00e1stico Colorido para MIKASA Bolas WINIW Couro Microfibra PU El\u00e1stico Colorido para MIKASA Bolas As principais carater\u00edsticas incluem: Ideal para quem procura qualidade e fiabilidade.<\/p>\n<p>Como f\u00e1brica direta, fabricante e grossista, podemos controlar rigorosamente o processo de produ\u00e7\u00e3o para garantir a qualidade do produto, proporcionando-lhe os pre\u00e7os mais favor\u00e1veis. Dispomos de equipamento de produ\u00e7\u00e3o avan\u00e7ado e de uma equipa t\u00e9cnica profissional para satisfazer as suas necessidades de encomendas em grande escala e garantir uma entrega atempada.<\/p>\n<\/div>","protected":false},"featured_media":4711,"template":"","meta":[],"product_brand":[],"product_cat":[271],"product_tag":[],"class_list":{"0":"post-29467","1":"product","2":"type-product","3":"status-publish","4":"has-post-thumbnail","6":"product_cat-balls-leather","8":"first","9":"instock","10":"product-type-simple"},"_links":{"self":[{"href":"https:\/\/www.eco-leather.com\/pt\/wp-json\/wp\/v2\/product\/29467","targetHints":{"allow":["GET"]}}],"collection":[{"href":"https:\/\/www.eco-leather.com\/pt\/wp-json\/wp\/v2\/product"}],"about":[{"href":"https:\/\/www.eco-leather.com\/pt\/wp-json\/wp\/v2\/types\/product"}],"wp:featuredmedia":[{"embeddable":true,"href":"https:\/\/www.eco-leather.com\/pt\/wp-json\/wp\/v2\/media\/4711"}],"wp:attachment":[{"href":"https:\/\/www.eco-leather.com\/pt\/wp-json\/wp\/v2\/media?parent=29467"}],"wp:term":[{"taxonomy":"product_brand","embeddable":true,"href":"https:\/\/www.eco-leather.com\/pt\/wp-json\/wp\/v2\/product_brand?post=29467"},{"taxonomy":"product_cat","embeddable":true,"href":"https:\/\/www.eco-leather.com\/pt\/wp-json\/wp\/v2\/product_cat?post=29467"},{"taxonomy":"product_tag","embeddable":true,"href":"https:\/\/www.eco-leather.com\/pt\/wp-json\/wp\/v2\/product_tag?post=29467"}],"curies":[{"name":"wp","href":"https:\/\/api.w.org\/{rel}","templated":true}]}}