{"id":29459,"date":"2025-09-07T11:03:44","date_gmt":"2025-09-07T03:03:44","guid":{"rendered":"https:\/\/www.eco-leather.com\/product\/1-2-mm-cream-white-resistant-to-fading-microfiber-pu-leather-for-soccer-ball\/"},"modified":"2025-09-07T11:03:45","modified_gmt":"2025-09-07T03:03:45","slug":"1-2-mm-branco-creme-resistente-a-descoloracao-couro-pu-de-microfibra-para-bola-de-futebol","status":"publish","type":"product","link":"https:\/\/www.eco-leather.com\/pt\/1-2-mm-branco-creme-resistente-a-descoloracao-couro-pu-de-microfibra-para-bola-de-futebol\/","title":{"rendered":"1,2 mm Branco creme Resistente ao desbotamento Couro PU de microfibra para bola de futebol"},"content":{"rendered":"<h2>Aplica\u00e7\u00e3o de material de qualidade - Couro Autom\u00f3velSeats Service Dog<\/h2>\n<p><main><\/p>\n<section id=\"product-overview\">\n<h2>Descri\u00e7\u00e3o do produto<\/h2>\n<p>R\u00e1pido <strong>Couro sint\u00e9tico estampado<\/strong> Detalhes: Descri\u00e7\u00e3o:<\/p>\n<p>Com <strong>Couro para vestu\u00e1rio Importado<\/strong> N\u00e3o \u00e9 de admirar que o couro de microfibra de material PU n\u00e3o f\u00e1cil de deformar seja uma escolha popular para os fabricantes de equipamento de futebol. Quer seja um atleta profissional ou simplesmente aprecie o jogo como um passatempo, vale a pena considerar este material para a sua pr\u00f3xima compra relacionada com o futebol.<\/p>\n<p>Por isso, porqu\u00ea esperar? Experimente hoje mesmo o couro de microfibra de material PU que n\u00e3o \u00e9 f\u00e1cil de deformar e experimente todas as suas vantagens!<\/p>\n<p>Fabricado a partir de materiais de microfibra de alta qualidade, o nosso couro sint\u00e9tico de microfibra Ultrasuede de 0,7 mm \u00e9 a escolha perfeita para luvas de ciclismo. Equilibra flexibilidade e resist\u00eancia, oferecendo uma respirabilidade excecional e propriedades de absor\u00e7\u00e3o de humidade para manter as m\u00e3os frescas e secas durante passeios intensos.<\/p>\n<p>Quer se trate de um ciclista profissional ou de um ciclista de lazer, o couro em microfibra proporciona um conforto e uma prote\u00e7\u00e3o imbat\u00edveis. A sua elevada resist\u00eancia \u00e0 abras\u00e3o e aos rasg\u00f5es garante um desempenho duradouro, enquanto o design elegante confere um toque sofisticado a qualquer conjunto de ciclismo.<\/p>\n<\/section>\n<section id=\"specifications\">\n<h2>Par\u00e2metros t\u00e9cnicos<\/h2>\n<ul class_=\"parameters-list\">\n<li><span class=\"param-name\">Especifica\u00e7\u00f5es:<\/span> <\/li>\n<\/ul>\n<p><img decoding=\"async\" alt=\"0.7mm Ultrasuede Microfiber Faux Leather para Luvas de Ciclismo - Especifica\u00e7\u00e3o do Material\" class=\"product-image\" src=\"\/wp-content\/uploads\/2025\/08\/07mm-ultrasuede-microfiber-faux-leather-for-cycling-gloves--37881.jpg\"\/><\/p>\n<h3>Par\u00e2metros do produto<\/h3>\n<ul class=\"parameters-list\">\n<li><span class=\"param-name\">Material:<\/span> Microfibra + PU<\/li>\n<li><span class=\"param-name\">Cor:<\/span> Preto, cinzento, bege (cores personalizadas dispon\u00edveis)<\/li>\n<li><span class=\"param-name\">Espessura:<\/span> 0,6 mm, 0,7 mm, 0,8 mm, 1 mm<\/li>\n<li><span class=\"param-name\">Quantidade m\u00ednima de encomenda:<\/span> 300 metros lineares<\/li>\n<li><span class=\"param-name\">Comprimento do rolo:<\/span> 20-30m\/rolo<\/li>\n<li><span class=\"param-name\">Prazo de entrega:<\/span> 15-20 dias<\/li>\n<li><span class=\"param-name\">Largura:<\/span> 54\u2033, 137cm<\/li>\n<li><span class=\"param-name\">Capacidade de produ\u00e7\u00e3o:<\/span> 1.000.000 de metros por m\u00eas<\/li>\n<\/ul>\n<\/section>\n<section id=\"features\">\n<h2>Carater\u00edsticas do produto<\/h2>\n<div class=\"feature-item\">\n<img decoding=\"async\" alt=\"Material de couro n\u00e3o imperme\u00e1vel Servi\u00e7oF\u00e1cil de deformar Material de PU O couro de microfibra \u00e9 uma excelente escolha para aplica\u00e7\u00f5es de futebol\" class=\"feature-image left\" src=\"\/wp-content\/uploads\/2025\/08\/12-mm-cream-white-resistant-to-fading-microfiber-pu-leather-for-soccer-ball-34922.png\"\/><\/p>\n<h3>N\u00e3o <strong>Material de couro imperme\u00e1vel Servi\u00e7o<\/strong> O couro de microfibra de material PU f\u00e1cil de deformar \u00e9 uma excelente escolha para aplica\u00e7\u00f5es de futebol<\/h3>\n<p>N\u00e3o <strong>Material de couro imperme\u00e1vel Servi\u00e7o<\/strong> Material PU f\u00e1cil de deformar O couro de microfibra \u00e9 uma excelente escolha para aplica\u00e7\u00f5es de futebol. Este material proporciona uma combina\u00e7\u00e3o de durabilidade, conforto e estilo que \u00e9 dif\u00edcil de encontrar noutros materiais.<\/p>\n<div class=\"clear\"><\/div>\n<\/div>\n<div class=\"feature-item\">\n<img decoding=\"async\" alt=\"\u00c9 altamente resistente ao desgaste, o que o torna ideal para utiliza\u00e7\u00e3o em situa\u00e7\u00f5es de grande tens\u00e3o, como as que se verificam durante os jogos de futebol\" class=\"feature-image left\" src=\"\/wp-content\/uploads\/2025\/08\/12-mm-cream-white-resistant-to-fading-microfiber-pu-leather-for-soccer-ball-34923.png\"\/><\/p>\n<h3>\u00c9 altamente resistente ao desgaste, o que o torna ideal para utiliza\u00e7\u00e3o em situa\u00e7\u00f5es de grande tens\u00e3o, como as que se verificam durante os jogos de futebol<\/h3>\n<p>\u00c9 altamente resistente ao desgaste, o que o torna ideal para utiliza\u00e7\u00e3o em situa\u00e7\u00f5es de grande stress, como as que se verificam durante os jogos de futebol. Al\u00e9m disso, <strong>Leatherman falso \u00e0 prova de \u00e1gua<\/strong> foi concebido para ser respir\u00e1vel e absorver a humidade, o que ajuda a manter os jogadores frescos e secos durante a atividade f\u00edsica intensa.<\/p>\n<div class=\"clear\"><\/div>\n<\/div>\n<div class=\"feature-item\">\n<h3>N\u00e3o \u00e9 f\u00e1cil de deformar Refere-se \u00e0 sua capacidade de manter a sua forma e estrutura originais durante a utiliza\u00e7\u00e3o<\/h3>\n<p>N\u00e3o \u00e9 f\u00e1cil de deformar Refere-se \u00e0 capacidade de manter a sua forma e estrutura originais durante a utiliza\u00e7\u00e3o. O couro pode ter sido objeto de um tratamento especial para lhe conferir um certo grau de elasticidade e estabilidade, de modo a n\u00e3o ser facilmente deformado ou colapsado por press\u00e3o externa ou estiramento.<\/p>\n<div class=\"clear\"><\/div>\n<\/div>\n<div class=\"feature-item\">\n<h3>Este <strong>Spray imperme\u00e1vel para couro de camur\u00e7a<\/strong> A propriedade permite que os produtos feitos a partir dele permane\u00e7am intactos e bonitos durante muito tempo<\/h3>\n<p>Este <strong>Spray imperme\u00e1vel para couro de camur\u00e7a<\/strong> A propriedade do couro permite que os produtos feitos a partir dele permane\u00e7am intactos e bonitos durante muito tempo. Forte durabilidade Permite que os produtos de couro resistam a longos per\u00edodos de utiliza\u00e7\u00e3o e ao desgaste di\u00e1rio sem danos excessivos ou desgaste.<\/p>\n<div class=\"clear\"><\/div>\n<\/div>\n<div class=\"feature-item\">\n<h3>Esta propriedade faz dos produtos de couro um investimento de alta qualidade, duradouro e compensador, especialmente em \u00e1reas como o cal\u00e7ado, as malas e o mobili\u00e1rio<\/h3>\n<p>Esta propriedade faz dos produtos de couro um investimento de alta qualidade, duradouro e compensador, especialmente em \u00e1reas como o cal\u00e7ado, as malas e o mobili\u00e1rio. Resist\u00eancia ao envelhecimento Isto significa que o couro \u00e9 capaz de manter a sua textura e apar\u00eancia durante a utiliza\u00e7\u00e3o e armazenamento a longo prazo, e n\u00e3o \u00e9 propenso a endurecer, rachar, desvanecer a cor e outros fen\u00f3menos.<\/p>\n<div class=\"clear\"><\/div>\n<\/div>\n<div class=\"feature-item\">\n<h3>Esta carater\u00edstica torna os produtos de couro dur\u00e1veis, frequentemente utilizados na produ\u00e7\u00e3o de artigos de couro de alta qualidade, mobili\u00e1rio e outros produtos, e pode preservar a boa apar\u00eancia e a qualidade<\/h3>\n<p>Esta carater\u00edstica torna os produtos de couro dur\u00e1veis, frequentemente utilizados na produ\u00e7\u00e3o de artigos de couro de alta qualidade, mobili\u00e1rio e outros produtos, e pode preservar a boa apar\u00eancia e a qualidade.<\/p>\n<div class=\"clear\"><\/div>\n<\/div>\n<div class=\"feature-item\">\n<img decoding=\"async\" alt=\"Alta resist\u00eancia \u00e0 rutura - Couro sint\u00e9tico de microfibra Ultrasuede para luvas de ciclismo\" class=\"feature-image left\" src=\"\/wp-content\/uploads\/2025\/08\/07mm-ultrasuede-microfiber-faux-leather-for-cycling-gloves--37882.jpg\"\/><\/p>\n<h3>Elevada resist\u00eancia ao rasgamento<\/h3>\n<p>O nosso couro de microfibra Ultrasuede possui uma resist\u00eancia excecional ao rasgamento, garantindo que n\u00e3o se parte ou deforma facilmente sob tens\u00e3o. Isto torna-a ideal para produtos que exigem durabilidade e desempenho a longo prazo.<\/p>\n<div class=\"clear\"><\/div>\n<\/div>\n<div class=\"feature-item\">\n<img decoding=\"async\" alt=\"Reten\u00e7\u00e3o da forma - Ultrasuede Microfibra Couro sint\u00e9tico para luvas de ciclismo\" class=\"feature-image right\" src=\"\/wp-content\/uploads\/2025\/08\/07mm-ultrasuede-microfiber-faux-leather-for-cycling-gloves--37883.jpg\"\/><\/p>\n<h3>N\u00e3o \u00e9 f\u00e1cil de deformar<\/h3>\n<p>Especialmente tratado para manter a sua forma original, este material oferece uma excelente elasticidade e estabilidade. Resiste \u00e0 deforma\u00e7\u00e3o por press\u00e3o externa ou estiramento, mantendo os produtos intactos e atractivos ao longo do tempo.<\/p>\n<div class=\"clear\"><\/div>\n<\/div>\n<div class=\"feature-item\">\n<img decoding=\"async\" alt=\"Durabilidade - Ultrasuede Microfibra Faux Leather para luvas de ciclismo\" class=\"feature-image left\" src=\"\/wp-content\/uploads\/2025\/08\/07mm-ultrasuede-microfiber-faux-leather-for-cycling-gloves--37884.jpg\"\/><\/p>\n<h3>Durabilidade<\/h3>\n<p>Extremamente resistente \u00e0 abras\u00e3o, aos rasg\u00f5es e aos furos, este material garante que as luvas se mant\u00eam em \u00f3ptimas condi\u00e7\u00f5es, mesmo com uma utiliza\u00e7\u00e3o prolongada. Mant\u00e9m tamb\u00e9m uma excelente destreza e for\u00e7a para artigos de couro de alta qualidade.<\/p>\n<div class=\"clear\"><\/div>\n<\/div>\n<\/section>\n<section id=\"usage\">\n<h2>Utiliza\u00e7\u00e3o e aplica\u00e7\u00f5es<\/h2>\n<p><img decoding=\"async\" _src=\"\/wp-content\/uploads\/2025\/08\/12-mm-cream-white-resistant-to-fading-microfiber-pu-leather-for-soccer-ball-34921.png\" alt=\"Aplica\u00e7\u00e3o de material de qualidade - Couro Autom\u00f3velSeats Service Dog\" src=\"\/wp-content\/uploads\/2025\/08\/12-mm-cream-white-resistant-to-fading-microfiber-pu-leather-for-soccer-ball-34921.png\"\/><\/p>\n<div class=\"usage-point\">\n<h3>Aplica\u00e7\u00f5es: <strong>Bolsas de couro em segunda m\u00e3o<\/strong> Outra vantagem do couro de microfibra de material PU n\u00e3o f\u00e1cil de deformar \u00e9 a sua capacidade de resistir \u00e0 deforma\u00e7\u00e3o<\/h3>\n<p>Aplica\u00e7\u00f5es: <strong>Bolsas de couro em segunda m\u00e3o<\/strong> Outra vantagem do couro de microfibra de material PU n\u00e3o f\u00e1cil de deformar \u00e9 a sua capacidade de resistir \u00e0 deforma\u00e7\u00e3o. Isto significa que pode manter a sua forma mesmo sob forte press\u00e3o, o que o torna ideal para ser utilizado como revestimento de bolas de futebol.<\/p>\n<\/div>\n<div class=\"usage-point\">\n<h3>Os jogadores podem contar com este material para proporcionar uma sensa\u00e7\u00e3o e um ressalto consistentes durante os treinos e os jogos, o que pode ajudar a melhorar o seu desempenho em campo<\/h3>\n<p>Os jogadores podem contar com este material para proporcionar uma sensa\u00e7\u00e3o e um ressalto consistentes durante os treinos e os jogos, o que pode ajudar a melhorar o seu desempenho em campo.<\/p>\n<\/div>\n<div class=\"usage-point\">\n<h3>Confort\u00e1vel e respir\u00e1vel<\/h3>\n<p>Macio, confort\u00e1vel e altamente respir\u00e1vel, este material \u00e9 perfeito para luvas de ciclismo e outros produtos utilizados durante longos per\u00edodos. Mant\u00e9m as m\u00e3os frescas e secas durante actividades extenuantes.<\/p>\n<\/div>\n<div class=\"usage-point\">\n<h3>Ecol\u00f3gico e sustent\u00e1vel<\/h3>\n<p>O nosso couro sint\u00e9tico de microfibra Ultrasuede inclui op\u00e7\u00f5es amigas do ambiente, como variantes feitas de PET reciclado e materiais \u00e0 base de plantas, reduzindo o impacto ambiental ao mesmo tempo que oferece diversas texturas.<\/p>\n<\/div>\n<div class=\"usage-point\">\n<h3>Prote\u00e7\u00e3o anti-bacteriana e contra poeiras<\/h3>\n<p>As variantes selecionadas possuem propriedades anti-bacterianas e resistentes ao p\u00f3, cumprindo elevados padr\u00f5es de higiene ideais para luvas que exigem controlos rigorosos de qualidade e seguran\u00e7a.<\/p>\n<\/div>\n<div class=\"usage-point\">\n<h3>Diversos cen\u00e1rios de aplica\u00e7\u00e3o<\/h3>\n<p>Para al\u00e9m das luvas de ciclismo, \u00e9 adequado para luvas de dedo, luvas de seguran\u00e7a e v\u00e1rios outros tipos de luvas, bem como para cal\u00e7ado, vestu\u00e1rio e acess\u00f3rios.<\/p>\n<\/div>\n<p><img decoding=\"async\" alt=\"Aplica\u00e7\u00f5es do couro sint\u00e9tico de microfibra Ultrasuede de 0,7 mm em v\u00e1rios produtos\" class=\"product-image\" src=\"\/wp-content\/uploads\/2025\/08\/07mm-ultrasuede-microfiber-faux-leather-for-cycling-gloves--37885.jpg\"\/><br \/>\n<img decoding=\"async\" alt=\"Luvas de ciclismo fabricadas em couro de microfibra Ultrasuede - exemplo de produto\" class=\"product-image\" src=\"\/wp-content\/uploads\/2025\/08\/07mm-ultrasuede-microfiber-faux-leather-for-cycling-gloves--37886.jpg\"\/><br \/>\n<\/section>\n<p><\/main><\/p>\n<section id=\"inquiry\">\n<h2 style=\"text-align: center;\">Sinceramente \u00e0 espera do seu inqu\u00e9rito!<\/h2>\n<p style=\"text-align: center;\">Contacte-nos hoje para saber mais sobre os nossos produtos e fazer a sua encomenda.<\/p>\n<\/section>\n\n    <div class=\"xs_social_share_widget xs_share_url after_content \t\tmain_content  wslu-style-1 wslu-share-box-shaped wslu-fill-colored wslu-none wslu-share-horizontal wslu-theme-font-no wslu-main_content\">\n\n\t\t\n        <ul>\n\t\t\t        <\/ul>\n    <\/div>","protected":false},"excerpt":{"rendered":"<div class=\"product-short-description\">Bolas Couro 1.2 mm Branco Creme Resistente ao Desbotamento Couro PU de Microfibra para Bola de Futebol WINIW 1.2 mm Branco Creme Resistente ao Desbotamento Couro PU de Microfibra para Bola de Futebol As principais carater\u00edsticas incluem: Ideal para quem procura qualidade e fiabilidade.<\/p>\n<p>Como f\u00e1brica direta, fabricante e grossista, podemos controlar rigorosamente o processo de produ\u00e7\u00e3o para garantir a qualidade do produto, proporcionando-lhe os pre\u00e7os mais favor\u00e1veis. Dispomos de equipamento de produ\u00e7\u00e3o avan\u00e7ado e de uma equipa t\u00e9cnica profissional para satisfazer as suas necessidades de encomendas em grande escala e garantir uma entrega atempada.<\/p>\n<\/div>","protected":false},"featured_media":4695,"template":"","meta":[],"product_brand":[],"product_cat":[271],"product_tag":[],"class_list":{"0":"post-29459","1":"product","2":"type-product","3":"status-publish","4":"has-post-thumbnail","6":"product_cat-balls-leather","8":"first","9":"instock","10":"product-type-simple"},"_links":{"self":[{"href":"https:\/\/www.eco-leather.com\/pt\/wp-json\/wp\/v2\/product\/29459","targetHints":{"allow":["GET"]}}],"collection":[{"href":"https:\/\/www.eco-leather.com\/pt\/wp-json\/wp\/v2\/product"}],"about":[{"href":"https:\/\/www.eco-leather.com\/pt\/wp-json\/wp\/v2\/types\/product"}],"wp:featuredmedia":[{"embeddable":true,"href":"https:\/\/www.eco-leather.com\/pt\/wp-json\/wp\/v2\/media\/4695"}],"wp:attachment":[{"href":"https:\/\/www.eco-leather.com\/pt\/wp-json\/wp\/v2\/media?parent=29459"}],"wp:term":[{"taxonomy":"product_brand","embeddable":true,"href":"https:\/\/www.eco-leather.com\/pt\/wp-json\/wp\/v2\/product_brand?post=29459"},{"taxonomy":"product_cat","embeddable":true,"href":"https:\/\/www.eco-leather.com\/pt\/wp-json\/wp\/v2\/product_cat?post=29459"},{"taxonomy":"product_tag","embeddable":true,"href":"https:\/\/www.eco-leather.com\/pt\/wp-json\/wp\/v2\/product_tag?post=29459"}],"curies":[{"name":"wp","href":"https:\/\/api.w.org\/{rel}","templated":true}]}}