{"id":29414,"date":"2025-09-07T11:03:13","date_gmt":"2025-09-07T03:03:13","guid":{"rendered":"https:\/\/www.eco-leather.com\/product\/windproof-pu-artificial-leather-fabric-for-garment-manufacturer\/"},"modified":"2025-09-07T11:03:19","modified_gmt":"2025-09-07T03:03:19","slug":"tecido-de-couro-artificial-pu-a-prova-de-vento-para-fabricante-de-vestuario","status":"publish","type":"product","link":"https:\/\/www.eco-leather.com\/pt\/tecido-de-couro-artificial-pu-a-prova-de-vento-para-fabricante-de-vestuario\/","title":{"rendered":"Tecido de couro artificial PU \u00e0 prova de vento para fabricante de vestu\u00e1rio"},"content":{"rendered":"<h2>Pele sint\u00e9tica com relevo<\/h2>\n<p><main><\/p>\n<section id=\"product-overview\">\n<h2>Descri\u00e7\u00e3o do produto<\/h2>\n<p>Material <strong>Couro artificial Fabricante<\/strong> Introdu\u00e7\u00e3o<\/p>\n<p>O nosso <strong>Revendedores de tecidos para sacos<\/strong> Os materiais oferecem op\u00e7\u00f5es personaliz\u00e1veis em termos de espessura, cor e muito mais. Bem-vindo ao clique abaixo e contacte-nos imediatamente para explorar as infinitas possibilidades.<\/p>\n<p>  contactar-nos  <\/p>\n<p>Fabricado a partir de materiais de microfibra de alta qualidade, o nosso couro sint\u00e9tico de microfibra Ultrasuede de 0,7 mm \u00e9 a escolha perfeita para luvas de ciclismo. Equilibra flexibilidade e resist\u00eancia, oferecendo uma respirabilidade excecional e propriedades de absor\u00e7\u00e3o de humidade para manter as m\u00e3os frescas e secas durante passeios intensos.<\/p>\n<p>Quer se trate de um ciclista profissional ou de um ciclista de lazer, o couro em microfibra proporciona um conforto e uma prote\u00e7\u00e3o imbat\u00edveis. A sua elevada resist\u00eancia \u00e0 abras\u00e3o e aos rasg\u00f5es garante um desempenho duradouro, enquanto o design elegante confere um toque sofisticado a qualquer conjunto de ciclismo.<\/p>\n<\/section>\n<section id=\"specifications\">\n<h2>Par\u00e2metros t\u00e9cnicos<\/h2>\n<p>Material <strong>Caixas em pele sint\u00e9tica China<\/strong> Especifica\u00e7\u00e3o<\/p>\n<p><img decoding=\"async\" alt=\"0.7mm Ultrasuede Microfiber Faux Leather para Luvas de Ciclismo - Especifica\u00e7\u00e3o do Material\" class=\"product-image\" src=\"\/wp-content\/uploads\/2025\/08\/07mm-ultrasuede-microfiber-faux-leather-for-cycling-gloves--37881.jpg\"\/><\/p>\n<h3>Par\u00e2metros do produto<\/h3>\n<ul class=\"parameters-list\">\n<li><span class=\"param-name\">Material:<\/span> Microfibra + PU<\/li>\n<li><span class=\"param-name\">Cor:<\/span> Preto, cinzento, bege (cores personalizadas dispon\u00edveis)<\/li>\n<li><span class=\"param-name\">Espessura:<\/span> 0,6 mm, 0,7 mm, 0,8 mm, 1 mm<\/li>\n<li><span class=\"param-name\">Quantidade m\u00ednima de encomenda:<\/span> 300 metros lineares<\/li>\n<li><span class=\"param-name\">Comprimento do rolo:<\/span> 20-30m\/rolo<\/li>\n<li><span class=\"param-name\">Prazo de entrega:<\/span> 15-20 dias<\/li>\n<li><span class=\"param-name\">Largura:<\/span> 54\u2033, 137cm<\/li>\n<li><span class=\"param-name\">Capacidade de produ\u00e7\u00e3o:<\/span> 1.000.000 de metros por m\u00eas<\/li>\n<\/ul>\n<\/section>\n<section id=\"features\">\n<h2>Carater\u00edsticas do produto<\/h2>\n<div class=\"feature-item\">\n<img decoding=\"async\" alt=\"ItWaterproof Leather Fabric Odmhsascombina a durabilidade com uma flexibilidade leve, garantindo conforto e longevidade em condi\u00e7\u00f5es climat\u00e9ricas adversas\" class=\"feature-image left\" src=\"\/wp-content\/uploads\/2025\/08\/windproof-pu-artificial-leather-fabric-for-garment-manufacturer-34471.jpg\"\/><\/p>\n<h3>\u00c9 <strong>Couro imperme\u00e1vel Tecido Odmhsas<\/strong> combina durabilidade com flexibilidade leve, garantindo conforto e longevidade em condi\u00e7\u00f5es climat\u00e9ricas adversas<\/h3>\n<p>\u00c9 <strong>Couro imperme\u00e1vel Tecido Odmhsas<\/strong> combina durabilidade com flexibilidade leve, garantindo conforto e longevidade em condi\u00e7\u00f5es climat\u00e9ricas adversas. Amigo do ambiente e em conformidade com as certifica\u00e7\u00f5es internacionais, o nosso tecido cumpre rigorosas normas de seguran\u00e7a e qualidade.<\/p>\n<div class=\"clear\"><\/div>\n<\/div>\n<div class=\"feature-item\">\n<img decoding=\"async\" alt=\"Os fabricantes podem confiar na sua textura consistente, superf\u00edcie resistente ao desbotamento e facilidade de adapta\u00e7\u00e3o para casacos, blus\u00f5es e corta-ventos\" class=\"feature-image left\" src=\"\/wp-content\/uploads\/2025\/08\/windproof-pu-artificial-leather-fabric-for-garment-manufacturer-34472.jpg\"\/><\/p>\n<h3>Vestu\u00e1rio <strong>Spray imperme\u00e1vel para couro de camur\u00e7a<\/strong> os fabricantes podem confiar na sua textura consistente, superf\u00edcie resistente ao desbotamento e facilidade de adapta\u00e7\u00e3o para casacos, blus\u00f5es e corta-ventos<\/h3>\n<p>Vestu\u00e1rio <strong>Spray imperme\u00e1vel para couro de camur\u00e7a<\/strong> os fabricantes podem confiar na sua textura consistente, superf\u00edcie resistente ao desbotamento e facilidade de adapta\u00e7\u00e3o para casacos, blus\u00f5es e corta-ventos. Revolucione os seus designs com uma alternativa sustent\u00e1vel e preparada para as condi\u00e7\u00f5es climat\u00e9ricas aos materiais tradicionais.<\/p>\n<div class=\"clear\"><\/div>\n<\/div>\n<div class=\"feature-item\">\n<img decoding=\"async\" alt=\"MaterialTecido para Sof\u00e1 Dur\u00e1vel ComercianteMicrofibra PU Couro Marca WINIW Company F\u00e1brica Tecido de couro por atacado FabricantesLargura 54\" class=\"feature-image left\" src=\"\/wp-content\/uploads\/2025\/08\/windproof-pu-artificial-leather-fabric-for-garment-manufacturer-34473.jpg\"\/><\/p>\n<h3>Material <strong>Tecido para sof\u00e1 dur\u00e1vel Trader<\/strong> Couro PU de microfibra Nome da marca WINIW Company F\u00e1brica de fabricantes de tecidos de couro por atacadoLargura 54 \u2033; 1<\/h3>\n<p>Material <strong>Tecido para sof\u00e1 dur\u00e1vel Trader<\/strong> Couro PU de microfibra Marca WINIW Company F\u00e1brica Fabricantes de tecido de couro por atacadoLargura 54 \u2033; 1,37m Cor Vermelho, Preto, Marrom, Verde, aceita personalizar Carater\u00edstica Resistente ao desgaste, Imperme\u00e1vel, Anti-mofo, Espessura flex\u00edvel 0,6 mm-2,4 mm, aceita personalizar Local de origem China Personalizado Sim Tempo de entrega Normalmente dentro de 15 a 25 dias.<\/p>\n<div class=\"clear\"><\/div>\n<\/div>\n<div class=\"feature-item\">\n<img decoding=\"async\" alt=\"MOQ 300 metros Detalhes da embalagem 30\/50 metros por rolo\" class=\"feature-image left\" src=\"\/wp-content\/uploads\/2025\/08\/windproof-pu-artificial-leather-fabric-for-garment-manufacturer-34474.jpg\"\/><\/p>\n<h3>MOQ 300 metros Detalhes da embalagem 30\/50 metros por rolo<\/h3>\n<p>MOQ 300 metros Detalhes da embalagem 30\/50 metros por rolo. Ou personalizado Capacidade de produ\u00e7\u00e3o 1.000.000 metros mensais Carater\u00edstica do material<\/p>\n<div class=\"clear\"><\/div>\n<\/div>\n<div class=\"feature-item\">\n<img decoding=\"async\" alt=\"Alta resist\u00eancia \u00e0 rutura - Couro sint\u00e9tico de microfibra Ultrasuede para luvas de ciclismo\" class=\"feature-image left\" src=\"\/wp-content\/uploads\/2025\/08\/07mm-ultrasuede-microfiber-faux-leather-for-cycling-gloves--37882.jpg\"\/><\/p>\n<h3>Elevada resist\u00eancia ao rasgamento<\/h3>\n<p>O nosso couro de microfibra Ultrasuede possui uma resist\u00eancia excecional ao rasgamento, garantindo que n\u00e3o se parte ou deforma facilmente sob tens\u00e3o. Isto torna-a ideal para produtos que exigem durabilidade e desempenho a longo prazo.<\/p>\n<div class=\"clear\"><\/div>\n<\/div>\n<div class=\"feature-item\">\n<img decoding=\"async\" alt=\"Reten\u00e7\u00e3o da forma - Ultrasuede Microfibra Couro sint\u00e9tico para luvas de ciclismo\" class=\"feature-image right\" src=\"\/wp-content\/uploads\/2025\/08\/07mm-ultrasuede-microfiber-faux-leather-for-cycling-gloves--37883.jpg\"\/><\/p>\n<h3>N\u00e3o \u00e9 f\u00e1cil de deformar<\/h3>\n<p>Especialmente tratado para manter a sua forma original, este material oferece uma excelente elasticidade e estabilidade. Resiste \u00e0 deforma\u00e7\u00e3o por press\u00e3o externa ou estiramento, mantendo os produtos intactos e atractivos ao longo do tempo.<\/p>\n<div class=\"clear\"><\/div>\n<\/div>\n<div class=\"feature-item\">\n<img decoding=\"async\" alt=\"Durabilidade - Ultrasuede Microfibra Faux Leather para luvas de ciclismo\" class=\"feature-image left\" src=\"\/wp-content\/uploads\/2025\/08\/07mm-ultrasuede-microfiber-faux-leather-for-cycling-gloves--37884.jpg\"\/><\/p>\n<h3>Durabilidade<\/h3>\n<p>Extremamente resistente \u00e0 abras\u00e3o, aos rasg\u00f5es e aos furos, este material garante que as luvas se mant\u00eam em \u00f3ptimas condi\u00e7\u00f5es, mesmo com uma utiliza\u00e7\u00e3o prolongada. Mant\u00e9m tamb\u00e9m uma excelente destreza e for\u00e7a para artigos de couro de alta qualidade.<\/p>\n<div class=\"clear\"><\/div>\n<\/div>\n<\/section>\n<section id=\"why-choose-us\">\n<h2>Porqu\u00ea escolher a WINIW<\/h2>\n<div class=\"advantage-item\">\n<h3>WINIW Company Factory Wholesale Leather Fabricantes de tecido de couro \u00e0 prova de vento Artificial Leatherette PU Fabric \u00e9 um material premium projetado para a produ\u00e7\u00e3o de vestu\u00e1rio de alto desempenho<\/h3>\n<p>WINIW Company Factory Wholesale Leather Fabricantes de tecido de couro \u00e0 prova de vento O tecido PU de couro artificial \u00e0 prova de vento \u00e9 um material premium concebido para a produ\u00e7\u00e3o de vestu\u00e1rio de alto desempenho. Fabricado com tecnologia avan\u00e7ada de PU, este tecido replica o aspeto e a sensa\u00e7\u00e3o do couro genu\u00edno, oferecendo resist\u00eancia superior ao vento, tornando-o ideal para vestu\u00e1rio exterior e vestu\u00e1rio de prote\u00e7\u00e3o.<\/p>\n<\/div>\n<div class=\"advantage-item\">\n<h3>Garantia de qualidade<\/h3>\n<p>Implementamos um controlo de qualidade rigoroso em toda a cadeia de produ\u00e7\u00e3o e fornecimento, aderindo \u00e0s normas ISO9001. Desde a sele\u00e7\u00e3o da mat\u00e9ria-prima at\u00e9 \u00e0 inspe\u00e7\u00e3o final, damos prioridade aos interesses do cliente.<\/p>\n<\/div>\n<div class=\"advantage-item\">\n<h3>Equipa t\u00e9cnica profissional<\/h3>\n<p>A nossa equipa t\u00e9cnica especializada \u00e9 constitu\u00edda por profissionais experientes em v\u00e1rias \u00e1reas, dedicados a fornecer produtos de alta qualidade e solu\u00e7\u00f5es \u00e0 medida.<\/p>\n<\/div>\n<div class=\"advantage-item\">\n<h3>Vasta gama de aplica\u00e7\u00f5es<\/h3>\n<p>Os nossos materiais s\u00e3o amplamente utilizados em cal\u00e7ado, vestu\u00e1rio, bagagem, interiores de autom\u00f3veis, mobili\u00e1rio para sof\u00e1s e muito mais.<\/p>\n<\/div>\n<div class=\"advantage-item\">\n<h3>Experi\u00eancia rica<\/h3>\n<p>A Quanzhou WINIW Import &amp; Export Co., Ltd. tem mais de 20 anos de experi\u00eancia em produ\u00e7\u00e3o, oferecendo solu\u00e7\u00f5es perfeitas para clientes em todo o mundo.<\/p>\n<\/div>\n<div class=\"advantage-item\">\n<h3>Pre\u00e7o acess\u00edvel<\/h3>\n<p>Oferecemos pre\u00e7os competitivos e um excelente servi\u00e7o ao cliente. Solicite um cat\u00e1logo ou visite a nossa f\u00e1brica para explorar os nossos produtos.<\/p>\n<\/div>\n<div class=\"advantage-item\">\n<h3>Servi\u00e7o de apoio ao cliente online 24 horas por dia<\/h3>\n<p>A nossa equipa est\u00e1 dispon\u00edvel 24 horas por dia, 7 dias por semana, para responder a quest\u00f5es e responder prontamente a coment\u00e1rios.<\/p>\n<\/div>\n<p><img decoding=\"async\" alt=\"Instala\u00e7\u00e3o de produ\u00e7\u00e3o da WINIW - Processo de fabrico do couro de microfibra Ultrasuede\" class=\"product-image\" src=\"\/wp-content\/uploads\/2025\/08\/07mm-ultrasuede-microfiber-faux-leather-for-cycling-gloves--37888.jpg\"\/><br \/>\n<\/section>\n<p><\/main><\/p>\n<section id=\"inquiry\">\n<h2 style=\"text-align: center;\">Sinceramente \u00e0 espera do seu inqu\u00e9rito!<\/h2>\n<p style=\"text-align: center;\">Contacte-nos hoje para saber mais sobre os nossos produtos e fazer a sua encomenda.<\/p>\n<\/section>\n\n    <div class=\"xs_social_share_widget xs_share_url after_content \t\tmain_content  wslu-style-1 wslu-share-box-shaped wslu-fill-colored wslu-none wslu-share-horizontal wslu-theme-font-no wslu-main_content\">\n\n\t\t\n        <ul>\n\t\t\t        <\/ul>\n    <\/div>","protected":false},"excerpt":{"rendered":"<div class=\"product-short-description\">Couro para vestu\u00e1rio Tecido de couro artificial PU \u00e0 prova de vento para fabricante de vestu\u00e1rio Tecido de couro artificial PU \u00e0 prova de vento para fabricante de vestu\u00e1rio As principais carater\u00edsticas incluem Couro PU de microfibra, WINIW, Largura.<\/p>\n<p>Como f\u00e1brica direta, fabricante e grossista, podemos controlar rigorosamente o processo de produ\u00e7\u00e3o para garantir a qualidade do produto, proporcionando-lhe os pre\u00e7os mais favor\u00e1veis. Dispomos de equipamento de produ\u00e7\u00e3o avan\u00e7ado e de uma equipa t\u00e9cnica profissional para satisfazer as suas necessidades de encomendas em grande escala e garantir uma entrega atempada.<\/p>\n<\/div>","protected":false},"featured_media":3215,"template":"","meta":[],"product_brand":[],"product_cat":[180],"product_tag":[],"class_list":{"0":"post-29414","1":"product","2":"type-product","3":"status-publish","4":"has-post-thumbnail","6":"product_cat-garments-leather","8":"first","9":"instock","10":"product-type-simple"},"_links":{"self":[{"href":"https:\/\/www.eco-leather.com\/pt\/wp-json\/wp\/v2\/product\/29414","targetHints":{"allow":["GET"]}}],"collection":[{"href":"https:\/\/www.eco-leather.com\/pt\/wp-json\/wp\/v2\/product"}],"about":[{"href":"https:\/\/www.eco-leather.com\/pt\/wp-json\/wp\/v2\/types\/product"}],"wp:featuredmedia":[{"embeddable":true,"href":"https:\/\/www.eco-leather.com\/pt\/wp-json\/wp\/v2\/media\/3215"}],"wp:attachment":[{"href":"https:\/\/www.eco-leather.com\/pt\/wp-json\/wp\/v2\/media?parent=29414"}],"wp:term":[{"taxonomy":"product_brand","embeddable":true,"href":"https:\/\/www.eco-leather.com\/pt\/wp-json\/wp\/v2\/product_brand?post=29414"},{"taxonomy":"product_cat","embeddable":true,"href":"https:\/\/www.eco-leather.com\/pt\/wp-json\/wp\/v2\/product_cat?post=29414"},{"taxonomy":"product_tag","embeddable":true,"href":"https:\/\/www.eco-leather.com\/pt\/wp-json\/wp\/v2\/product_tag?post=29414"}],"curies":[{"name":"wp","href":"https:\/\/api.w.org\/{rel}","templated":true}]}}