{"id":29306,"date":"2025-09-07T11:02:18","date_gmt":"2025-09-07T03:02:18","guid":{"rendered":"https:\/\/www.eco-leather.com\/product\/2-4mm-full-leather-surface-vegan-faux-leather-for-fashionable-vests\/"},"modified":"2025-09-07T11:02:22","modified_gmt":"2025-09-07T03:02:22","slug":"2-4mm-full-leather-surface-vegan-faux-leather-for-fashionable-vests","status":"publish","type":"product","link":"https:\/\/www.eco-leather.com\/pt\/2-4mm-full-leather-surface-vegan-faux-leather-for-fashionable-vests\/","title":{"rendered":"Couro sint\u00e9tico vegan com superf\u00edcie de couro de 2,4 mm para coletes elegantes"},"content":{"rendered":"<h2>Fornecedor de couro sint\u00e9tico de qualidade superior<\/h2>\n<p><main><\/p>\n<section id=\"product-overview\">\n<h2>Descri\u00e7\u00e3o do produto<\/h2>\n<p>Material <strong>Pufe em pele sint\u00e9tica<\/strong> Introdu\u00e7\u00e3o<\/p>\n<p>Perfeito <strong>Casaco de couro Eco Car<\/strong> for vests, the material s Full Leather Surfacetechnology ensures a smooth, grain-detailed finish that mimics traditional leather without environmental or ethical compromises.<\/p>\n<p>Lightweight yet durable, it offers exceptional drape and structure for sleeveless designs, from sleek puffer vests to tailored waistcoats. Produced under eco-conscious guidelines and free from animal derivatives, it meets global safety standards, empowering designers to create fashion-forward vests that appeal to eco-aware consumers seeking both style and substance .<\/p>\n<p>O nosso <strong>Autom\u00f3vel CouroSapatos C\u00e3o de servi\u00e7o<\/strong> Os materiais oferecem op\u00e7\u00f5es personaliz\u00e1veis em termos de espessura, cor e muito mais. Bem-vindo ao clique abaixo e contacte-nos imediatamente para explorar as infinitas possibilidades.<\/p>\n<p>  contactar-nos  <\/p>\n<p>Fabricado a partir de materiais de microfibra de alta qualidade, o nosso couro sint\u00e9tico de microfibra Ultrasuede de 0,7 mm \u00e9 a escolha perfeita para luvas de ciclismo. Equilibra flexibilidade e resist\u00eancia, oferecendo uma respirabilidade excecional e propriedades de absor\u00e7\u00e3o de humidade para manter as m\u00e3os frescas e secas durante passeios intensos.<\/p>\n<p>Quer se trate de um ciclista profissional ou de um ciclista de lazer, o couro em microfibra proporciona um conforto e uma prote\u00e7\u00e3o imbat\u00edveis. A sua elevada resist\u00eancia \u00e0 abras\u00e3o e aos rasg\u00f5es garante um desempenho duradouro, enquanto o design elegante confere um toque sofisticado a qualquer conjunto de ciclismo.<\/p>\n<\/section>\n<section id=\"specifications\">\n<h2>Par\u00e2metros t\u00e9cnicos<\/h2>\n<p>Material <strong>Bolsas de couro em segunda m\u00e3o<\/strong> Especifica\u00e7\u00e3o<\/p>\n<p><img decoding=\"async\" alt=\"0.7mm Ultrasuede Microfiber Faux Leather para Luvas de Ciclismo - Especifica\u00e7\u00e3o do Material\" class=\"product-image\" src=\"\/wp-content\/uploads\/2025\/08\/07mm-ultrasuede-microfiber-faux-leather-for-cycling-gloves--37881.jpg\"\/><\/p>\n<h3>Par\u00e2metros do produto<\/h3>\n<ul class=\"parameters-list\">\n<li><span class=\"param-name\">Material:<\/span> Microfibra + PU<\/li>\n<li><span class=\"param-name\">Cor:<\/span> Preto, cinzento, bege (cores personalizadas dispon\u00edveis)<\/li>\n<li><span class=\"param-name\">Espessura:<\/span> 0,6 mm, 0,7 mm, 0,8 mm, 1 mm<\/li>\n<li><span class=\"param-name\">Quantidade m\u00ednima de encomenda:<\/span> 300 metros lineares<\/li>\n<li><span class=\"param-name\">Comprimento do rolo:<\/span> 20-30m\/rolo<\/li>\n<li><span class=\"param-name\">Prazo de entrega:<\/span> 15-20 dias<\/li>\n<li><span class=\"param-name\">Largura:<\/span> 54\u2033, 137cm<\/li>\n<li><span class=\"param-name\">Capacidade de produ\u00e7\u00e3o:<\/span> 1.000.000 de metros por m\u00eas<\/li>\n<\/ul>\n<\/section>\n<section id=\"features\">\n<h2>Carater\u00edsticas do produto<\/h2>\n<div class=\"feature-item\">\n<img decoding=\"async\" alt=\"MaterialWaterproof Faux LeathermanMicrofiber PU Leather Brand Name WINIW Company Factory Wholesale Nubuck Leather ManufacturersWidth 54\" class=\"feature-image left\" src=\"\/wp-content\/uploads\/2025\/08\/24mm-full-leather-surface-vegan-faux-leather-for-fashionable-vests-32903.jpg\"\/><\/p>\n<h3>Material <strong>Leatherman falso \u00e0 prova de \u00e1gua<\/strong> Microfiber PU Leather Brand Name WINIW Company Factory Wholesale Nubuck Leather ManufacturersWidth 54&#8243;; 1<\/h3>\n<p>Material <strong>Leatherman falso \u00e0 prova de \u00e1gua<\/strong> Microfiber PU Leather Brand Name WINIW Company Factory Wholesale Nubuck Leather ManufacturersWidth 54&#8243;; 1.37m Color Red, Black,Brown, Green,accept customize Feature Wear resistant, Waterproof, Anti-Mildew, Flexible Thickness 0.6mm-2.4mm, accept customize Place of Origin China Customized Yes Delivery time Usually within 15 &#8211; 25 days.<\/p>\n<div class=\"clear\"><\/div>\n<\/div>\n<div class=\"feature-item\">\n<img decoding=\"async\" alt=\"MOQ 300 metros Detalhes da embalagem 30\/50 metros por rolo\" class=\"feature-image left\" src=\"\/wp-content\/uploads\/2025\/08\/24mm-full-leather-surface-vegan-faux-leather-for-fashionable-vests-32904.jpg\"\/><\/p>\n<h3>MOQ 300 metros Detalhes da embalagem 30\/50 metros por rolo<\/h3>\n<p>MOQ 300 metros Detalhes da embalagem 30\/50 metros por rolo. Ou personalizado Capacidade de produ\u00e7\u00e3o 1.000.000 metros mensais Carater\u00edstica do material<\/p>\n<div class=\"clear\"><\/div>\n<\/div>\n<div class=\"feature-item\">\n<img decoding=\"async\" alt=\"Alta resist\u00eancia \u00e0 rutura - Couro sint\u00e9tico de microfibra Ultrasuede para luvas de ciclismo\" class=\"feature-image left\" src=\"\/wp-content\/uploads\/2025\/08\/07mm-ultrasuede-microfiber-faux-leather-for-cycling-gloves--37882.jpg\"\/><\/p>\n<h3>Elevada resist\u00eancia ao rasgamento<\/h3>\n<p>O nosso couro de microfibra Ultrasuede possui uma resist\u00eancia excecional ao rasgamento, garantindo que n\u00e3o se parte ou deforma facilmente sob tens\u00e3o. Isto torna-a ideal para produtos que exigem durabilidade e desempenho a longo prazo.<\/p>\n<div class=\"clear\"><\/div>\n<\/div>\n<div class=\"feature-item\">\n<img decoding=\"async\" alt=\"Reten\u00e7\u00e3o da forma - Ultrasuede Microfibra Couro sint\u00e9tico para luvas de ciclismo\" class=\"feature-image right\" src=\"\/wp-content\/uploads\/2025\/08\/07mm-ultrasuede-microfiber-faux-leather-for-cycling-gloves--37883.jpg\"\/><\/p>\n<h3>N\u00e3o \u00e9 f\u00e1cil de deformar<\/h3>\n<p>Especialmente tratado para manter a sua forma original, este material oferece uma excelente elasticidade e estabilidade. Resiste \u00e0 deforma\u00e7\u00e3o por press\u00e3o externa ou estiramento, mantendo os produtos intactos e atractivos ao longo do tempo.<\/p>\n<div class=\"clear\"><\/div>\n<\/div>\n<div class=\"feature-item\">\n<img decoding=\"async\" alt=\"Durabilidade - Ultrasuede Microfibra Faux Leather para luvas de ciclismo\" class=\"feature-image left\" src=\"\/wp-content\/uploads\/2025\/08\/07mm-ultrasuede-microfiber-faux-leather-for-cycling-gloves--37884.jpg\"\/><\/p>\n<h3>Durabilidade<\/h3>\n<p>Extremamente resistente \u00e0 abras\u00e3o, aos rasg\u00f5es e aos furos, este material garante que as luvas se mant\u00eam em \u00f3ptimas condi\u00e7\u00f5es, mesmo com uma utiliza\u00e7\u00e3o prolongada. Mant\u00e9m tamb\u00e9m uma excelente destreza e for\u00e7a para artigos de couro de alta qualidade.<\/p>\n<div class=\"clear\"><\/div>\n<\/div>\n<\/section>\n<section id=\"usage\">\n<h2>Utiliza\u00e7\u00e3o e aplica\u00e7\u00f5es<\/h2>\n<p><img fetchpriority=\"high\" decoding=\"async\" alt=\"Fornecedor de couro sint\u00e9tico de qualidade superior\" height=\"1079\" src=\"\/wp-content\/uploads\/2025\/08\/24mm-full-leather-surface-vegan-faux-leather-for-fashionable-vests-32902.jpg\" width=\"750\"\/><\/p>\n<div class=\"usage-point\">\n<h3>WINIW <strong>Couro para vestu\u00e1rio Importado<\/strong> Company Factory Wholesale Nubuck Leather ManufacturersFull Leather Surface Vegan Faux Leather redefines modern layering with a cruelty-free material crafted for stylish, versatile vests<\/h3>\n<p>WINIW <strong>Couro para vestu\u00e1rio Importado<\/strong> Company Factory Wholesale Nubuck Leather ManufacturersFull Leather Surface Vegan Faux Leather redefines modern layering with a cruelty-free material crafted for stylish, versatile vests.<\/p>\n<\/div>\n<div class=\"usage-point\">\n<h3>Designed to replicate the rich texture and elegance of genuine leather, this innovative fabric combines sustainability with high-end aesthetics, making it ideal for brands focused on ethical fashion<\/h3>\n<p>Designed to replicate the rich texture and elegance of genuine leather, this innovative fabric combines sustainability with high-end aesthetics, making it ideal for brands focused on ethical fashion.<\/p>\n<\/div>\n<div class=\"usage-point\">\n<h3>Confort\u00e1vel e respir\u00e1vel<\/h3>\n<p>Macio, confort\u00e1vel e altamente respir\u00e1vel, este material \u00e9 perfeito para luvas de ciclismo e outros produtos utilizados durante longos per\u00edodos. Mant\u00e9m as m\u00e3os frescas e secas durante actividades extenuantes.<\/p>\n<\/div>\n<div class=\"usage-point\">\n<h3>Ecol\u00f3gico e sustent\u00e1vel<\/h3>\n<p>O nosso couro sint\u00e9tico de microfibra Ultrasuede inclui op\u00e7\u00f5es amigas do ambiente, como variantes feitas de PET reciclado e materiais \u00e0 base de plantas, reduzindo o impacto ambiental ao mesmo tempo que oferece diversas texturas.<\/p>\n<\/div>\n<div class=\"usage-point\">\n<h3>Prote\u00e7\u00e3o anti-bacteriana e contra poeiras<\/h3>\n<p>As variantes selecionadas possuem propriedades anti-bacterianas e resistentes ao p\u00f3, cumprindo elevados padr\u00f5es de higiene ideais para luvas que exigem controlos rigorosos de qualidade e seguran\u00e7a.<\/p>\n<\/div>\n<div class=\"usage-point\">\n<h3>Diversos cen\u00e1rios de aplica\u00e7\u00e3o<\/h3>\n<p>Para al\u00e9m das luvas de ciclismo, \u00e9 adequado para luvas de dedo, luvas de seguran\u00e7a e v\u00e1rios outros tipos de luvas, bem como para cal\u00e7ado, vestu\u00e1rio e acess\u00f3rios.<\/p>\n<\/div>\n<p><img decoding=\"async\" alt=\"Aplica\u00e7\u00f5es do couro sint\u00e9tico de microfibra Ultrasuede de 0,7 mm em v\u00e1rios produtos\" class=\"product-image\" src=\"\/wp-content\/uploads\/2025\/08\/07mm-ultrasuede-microfiber-faux-leather-for-cycling-gloves--37885.jpg\"\/><br \/>\n<img decoding=\"async\" alt=\"Luvas de ciclismo fabricadas em couro de microfibra Ultrasuede - exemplo de produto\" class=\"product-image\" src=\"\/wp-content\/uploads\/2025\/08\/07mm-ultrasuede-microfiber-faux-leather-for-cycling-gloves--37886.jpg\"\/><br \/>\n<\/section>\n<p><\/main><\/p>\n<section id=\"inquiry\">\n<h2 style=\"text-align: center;\">Sinceramente \u00e0 espera do seu inqu\u00e9rito!<\/h2>\n<p style=\"text-align: center;\">Contacte-nos hoje para saber mais sobre os nossos produtos e fazer a sua encomenda.<\/p>\n<\/section>\n\n    <div class=\"xs_social_share_widget xs_share_url after_content \t\tmain_content  wslu-style-1 wslu-share-box-shaped wslu-fill-colored wslu-none wslu-share-horizontal wslu-theme-font-no wslu-main_content\">\n\n\t\t\n        <ul>\n\t\t\t        <\/ul>\n    <\/div>","protected":false},"excerpt":{"rendered":"<div class=\"product-short-description\">Garments Leather 2.4mm Full Leather Surface Vegan Faux Leather for Fashionable Vests WINIW 2.4mm Full Leather Surface Vegan Faux Leather for Fashionable Vests Key features include Microfiber PU Leather, WINIW, Width.Ideal for those seeking quality and reliability.<\/p>\n<p>Como f\u00e1brica direta, fabricante e grossista, podemos controlar rigorosamente o processo de produ\u00e7\u00e3o para garantir a qualidade do produto, proporcionando-lhe os pre\u00e7os mais favor\u00e1veis. Dispomos de equipamento de produ\u00e7\u00e3o avan\u00e7ado e de uma equipa t\u00e9cnica profissional para satisfazer as suas necessidades de encomendas em grande escala e garantir uma entrega atempada.<\/p>\n<\/div>","protected":false},"featured_media":2999,"template":"","meta":[],"product_brand":[],"product_cat":[180],"product_tag":[19106],"class_list":{"0":"post-29306","1":"product","2":"type-product","3":"status-publish","4":"has-post-thumbnail","6":"product_cat-garments-leather","7":"product_tag-vegan-faux-leather-distributorvegan-faux-leather-exportervegan-faux-leather-servicevegan-faux-leather-vendorvegan-faux-leather-odmvegan-faux-leather-customize","9":"first","10":"instock","11":"product-type-simple"},"_links":{"self":[{"href":"https:\/\/www.eco-leather.com\/pt\/wp-json\/wp\/v2\/product\/29306","targetHints":{"allow":["GET"]}}],"collection":[{"href":"https:\/\/www.eco-leather.com\/pt\/wp-json\/wp\/v2\/product"}],"about":[{"href":"https:\/\/www.eco-leather.com\/pt\/wp-json\/wp\/v2\/types\/product"}],"wp:featuredmedia":[{"embeddable":true,"href":"https:\/\/www.eco-leather.com\/pt\/wp-json\/wp\/v2\/media\/2999"}],"wp:attachment":[{"href":"https:\/\/www.eco-leather.com\/pt\/wp-json\/wp\/v2\/media?parent=29306"}],"wp:term":[{"taxonomy":"product_brand","embeddable":true,"href":"https:\/\/www.eco-leather.com\/pt\/wp-json\/wp\/v2\/product_brand?post=29306"},{"taxonomy":"product_cat","embeddable":true,"href":"https:\/\/www.eco-leather.com\/pt\/wp-json\/wp\/v2\/product_cat?post=29306"},{"taxonomy":"product_tag","embeddable":true,"href":"https:\/\/www.eco-leather.com\/pt\/wp-json\/wp\/v2\/product_tag?post=29306"}],"curies":[{"name":"wp","href":"https:\/\/api.w.org\/{rel}","templated":true}]}}