{"id":29303,"date":"2025-09-07T11:02:18","date_gmt":"2025-09-07T03:02:18","guid":{"rendered":"https:\/\/www.eco-leather.com\/product\/thermoregulating-vegan-pu-leather-for-adaptive-outerwear\/"},"modified":"2025-09-07T11:02:21","modified_gmt":"2025-09-07T03:02:21","slug":"couro-de-polietileno-vegan-termorregulador-para-vestuario-exterior-adaptavel","status":"publish","type":"product","link":"https:\/\/www.eco-leather.com\/pt\/couro-de-polietileno-vegan-termorregulador-para-vestuario-exterior-adaptavel\/","title":{"rendered":"Couro PU vegan termorregulador para vestu\u00e1rio exterior adapt\u00e1vel"},"content":{"rendered":"<h2>Fornecedor de couro sint\u00e9tico de qualidade superior<\/h2>\n<p><main><\/p>\n<section id=\"product-overview\">\n<h2>Descri\u00e7\u00e3o do produto<\/h2>\n<p>Material <strong>Couro sint\u00e9tico Spandex<\/strong> Introdu\u00e7\u00e3o<\/p>\n<p>Artesanal <strong>Bolsas de couro em segunda m\u00e3o<\/strong> com tecnologia ecol\u00f3gica de poliuretano e microfibras, \u00e9 leve, n\u00e3o tem crueldade e n\u00e3o cont\u00e9m produtos qu\u00edmicos nocivos, estando em conformidade com as normas globais de sustentabilidade.<\/p>\n<p>Quer se trate de utilizadores urbanos ou de entusiastas do ar livre, esta alternativa em pele redefine a funcionalidade, oferecendo uma mistura perfeita de estilo, \u00e9tica e desempenho inteligente em termos clim\u00e1ticos para o vestu\u00e1rio moderno. O nosso <strong>Caixas em pele sint\u00e9tica China<\/strong> Os materiais oferecem op\u00e7\u00f5es personaliz\u00e1veis em termos de espessura, cor e muito mais.<\/p>\n<p>Bem-vindo ao clique abaixo e contacte-nos imediatamente para explorar as infinitas possibilidades. contacte-nos  <\/p>\n<p>Fabricado a partir de materiais de microfibra de alta qualidade, o nosso couro sint\u00e9tico de microfibra Ultrasuede de 0,7 mm \u00e9 a escolha perfeita para luvas de ciclismo. Equilibra flexibilidade e resist\u00eancia, oferecendo uma respirabilidade excecional e propriedades de absor\u00e7\u00e3o de humidade para manter as m\u00e3os frescas e secas durante passeios intensos.<\/p>\n<p>Quer se trate de um ciclista profissional ou de um ciclista de lazer, o couro em microfibra proporciona um conforto e uma prote\u00e7\u00e3o imbat\u00edveis. A sua elevada resist\u00eancia \u00e0 abras\u00e3o e aos rasg\u00f5es garante um desempenho duradouro, enquanto o design elegante confere um toque sofisticado a qualquer conjunto de ciclismo.<\/p>\n<\/section>\n<section id=\"specifications\">\n<h2>Par\u00e2metros t\u00e9cnicos<\/h2>\n<p>Especifica\u00e7\u00e3o do material<\/p>\n<p><img decoding=\"async\" alt=\"0.7mm Ultrasuede Microfiber Faux Leather para Luvas de Ciclismo - Especifica\u00e7\u00e3o do Material\" class=\"product-image\" src=\"\/wp-content\/uploads\/2025\/08\/07mm-ultrasuede-microfiber-faux-leather-for-cycling-gloves--37881.jpg\"\/><\/p>\n<h3>Par\u00e2metros do produto<\/h3>\n<ul class=\"parameters-list\">\n<li><span class=\"param-name\">Material:<\/span> Microfibra + PU<\/li>\n<li><span class=\"param-name\">Cor:<\/span> Preto, cinzento, bege (cores personalizadas dispon\u00edveis)<\/li>\n<li><span class=\"param-name\">Espessura:<\/span> 0,6 mm, 0,7 mm, 0,8 mm, 1 mm<\/li>\n<li><span class=\"param-name\">Quantidade m\u00ednima de encomenda:<\/span> 300 metros lineares<\/li>\n<li><span class=\"param-name\">Comprimento do rolo:<\/span> 20-30m\/rolo<\/li>\n<li><span class=\"param-name\">Prazo de entrega:<\/span> 15-20 dias<\/li>\n<li><span class=\"param-name\">Largura:<\/span> 54\u2033, 137cm<\/li>\n<li><span class=\"param-name\">Capacidade de produ\u00e7\u00e3o:<\/span> 1.000.000 de metros por m\u00eas<\/li>\n<\/ul>\n<\/section>\n<section id=\"features\">\n<h2>Carater\u00edsticas do produto<\/h2>\n<div class=\"feature-item\">\n<img decoding=\"async\" alt=\"WINIWSuede Leather Waterproof ImportCompany Factory Wholesale Leather Fabricantes de tecidos de couroThermoregulating Vegan PU Leather apresenta uma inova\u00e7\u00e3o revolucion\u00e1ria para vestu\u00e1rio exterior concebido para se adaptar \u00e0s altera\u00e7\u00f5es clim\u00e1ticas\" class=\"feature-image left\" src=\"\/wp-content\/uploads\/2025\/08\/thermoregulating-vegan-pu-leather-for-adaptive-outerwear-32857.jpg\"\/><\/p>\n<h3>WINIW <strong>Camur\u00e7a Couro Imperme\u00e1vel Importa\u00e7\u00e3o<\/strong> F\u00e1brica da empresa Fabricantes de tecidos de couro por atacadoO couro PU vegano termorregulador apresenta uma inova\u00e7\u00e3o revolucion\u00e1ria para o vestu\u00e1rio exterior concebido para se adaptar \u00e0s mudan\u00e7as clim\u00e1ticas<\/h3>\n<p>WINIW <strong>Camur\u00e7a Couro Imperme\u00e1vel Importa\u00e7\u00e3o<\/strong> Empresa F\u00e1brica de Tecidos de Couro por AtacadoO Couro PU Vegano Termorregulador apresenta uma inova\u00e7\u00e3o revolucion\u00e1ria para o vestu\u00e1rio exterior concebido para se adaptar \u00e0s mudan\u00e7as clim\u00e1ticas.<\/p>\n<div class=\"clear\"><\/div>\n<\/div>\n<div class=\"feature-item\">\n<img decoding=\"async\" alt=\"Ao contr\u00e1rio do couro sint\u00e9tico tradicional, este material avan\u00e7ado possui propriedades de regula\u00e7\u00e3o da temperatura incorporadas, garantindo um conforto \u00f3timo tanto em ambientes quentes como frios\" class=\"feature-image left\" src=\"\/wp-content\/uploads\/2025\/08\/thermoregulating-vegan-pu-leather-for-adaptive-outerwear-32858.jpg\"\/><\/p>\n<h3>Ao contr\u00e1rio do couro sint\u00e9tico tradicional, este material avan\u00e7ado possui propriedades de regula\u00e7\u00e3o da temperatura incorporadas, garantindo um conforto \u00f3timo tanto em ambientes quentes como frios<\/h3>\n<p>Ao contr\u00e1rio da pele sint\u00e9tica tradicional, este material avan\u00e7ado possui propriedades de regula\u00e7\u00e3o da temperatura incorporadas, garantindo um conforto \u00f3timo tanto em ambientes quentes como frios. Ideal para <strong>Spray imperme\u00e1vel para couro de camur\u00e7a<\/strong> para casacos, blus\u00f5es e coletes, equilibra ativamente o calor do corpo, mantendo o aspeto luxuoso de uma superf\u00edcie totalmente em pele.<\/p>\n<div class=\"clear\"><\/div>\n<\/div>\n<div class=\"feature-item\">\n<img decoding=\"async\" alt=\"Material Couro PU de microfibra Nome da marca WINIW Company F\u00e1brica de tecido de couro por atacadoLargura 54\" class=\"feature-image left\" src=\"\/wp-content\/uploads\/2025\/08\/thermoregulating-vegan-pu-leather-for-adaptive-outerwear-32859.jpg\"\/><\/p>\n<h3>Material Couro PU de microfibra Nome da marca WINIW Company F\u00e1brica de fabricantes de tecidos de couro por atacadoLargura 54 \u2033; 1<\/h3>\n<p>Material Couro PU de microfibra Nome da marca WINIW Company F\u00e1brica de fabricantes de tecidos de couro por atacadoLargura 54 \u2033; 1,37m <strong>Material de couro imperme\u00e1vel Servi\u00e7o<\/strong> Cor Vermelha, Preta, Castanha, Verde, aceita personaliza\u00e7\u00e3o Carater\u00edstica Resistente ao desgaste, Imperme\u00e1vel, Anti-mofo, Flex\u00edvel Espessura 0.6mm-2.4mm, aceita personaliza\u00e7\u00e3o Local de Origem China Personalizado Sim Prazo de entrega Normalmente dentro de 15 - 25 dias.<\/p>\n<div class=\"clear\"><\/div>\n<\/div>\n<div class=\"feature-item\">\n<img decoding=\"async\" alt=\"MOQ 300 metros Detalhes da embalagem 30\/50 metros por rolo\" class=\"feature-image left\" src=\"\/wp-content\/uploads\/2025\/08\/thermoregulating-vegan-pu-leather-for-adaptive-outerwear-32860.jpg\"\/><\/p>\n<h3>MOQ 300 metros Detalhes da embalagem 30\/50 metros por rolo<\/h3>\n<p>MOQ 300 metros Detalhes da embalagem 30\/50 metros por rolo. Ou personalizado Capacidade de produ\u00e7\u00e3o 1.000.000 metros mensais Carater\u00edstica do material<\/p>\n<div class=\"clear\"><\/div>\n<\/div>\n<div class=\"feature-item\">\n<img decoding=\"async\" alt=\"Alta resist\u00eancia \u00e0 rutura - Couro sint\u00e9tico de microfibra Ultrasuede para luvas de ciclismo\" class=\"feature-image left\" src=\"\/wp-content\/uploads\/2025\/08\/07mm-ultrasuede-microfiber-faux-leather-for-cycling-gloves--37882.jpg\"\/><\/p>\n<h3>Elevada resist\u00eancia ao rasgamento<\/h3>\n<p>O nosso couro de microfibra Ultrasuede possui uma resist\u00eancia excecional ao rasgamento, garantindo que n\u00e3o se parte ou deforma facilmente sob tens\u00e3o. Isto torna-a ideal para produtos que exigem durabilidade e desempenho a longo prazo.<\/p>\n<div class=\"clear\"><\/div>\n<\/div>\n<div class=\"feature-item\">\n<img decoding=\"async\" alt=\"Reten\u00e7\u00e3o da forma - Ultrasuede Microfibra Couro sint\u00e9tico para luvas de ciclismo\" class=\"feature-image right\" src=\"\/wp-content\/uploads\/2025\/08\/07mm-ultrasuede-microfiber-faux-leather-for-cycling-gloves--37883.jpg\"\/><\/p>\n<h3>N\u00e3o \u00e9 f\u00e1cil de deformar<\/h3>\n<p>Especialmente tratado para manter a sua forma original, este material oferece uma excelente elasticidade e estabilidade. Resiste \u00e0 deforma\u00e7\u00e3o por press\u00e3o externa ou estiramento, mantendo os produtos intactos e atractivos ao longo do tempo.<\/p>\n<div class=\"clear\"><\/div>\n<\/div>\n<div class=\"feature-item\">\n<img decoding=\"async\" alt=\"Durabilidade - Ultrasuede Microfibra Faux Leather para luvas de ciclismo\" class=\"feature-image left\" src=\"\/wp-content\/uploads\/2025\/08\/07mm-ultrasuede-microfiber-faux-leather-for-cycling-gloves--37884.jpg\"\/><\/p>\n<h3>Durabilidade<\/h3>\n<p>Extremamente resistente \u00e0 abras\u00e3o, aos rasg\u00f5es e aos furos, este material garante que as luvas se mant\u00eam em \u00f3ptimas condi\u00e7\u00f5es, mesmo com uma utiliza\u00e7\u00e3o prolongada. Mant\u00e9m tamb\u00e9m uma excelente destreza e for\u00e7a para artigos de couro de alta qualidade.<\/p>\n<div class=\"clear\"><\/div>\n<\/div>\n<\/section>\n<p><\/main><\/p>\n<section id=\"inquiry\">\n<h2 style=\"text-align: center;\">Sinceramente \u00e0 espera do seu inqu\u00e9rito!<\/h2>\n<p style=\"text-align: center;\">Contacte-nos hoje para saber mais sobre os nossos produtos e fazer a sua encomenda.<\/p>\n<\/section>\n\n    <div class=\"xs_social_share_widget xs_share_url after_content \t\tmain_content  wslu-style-1 wslu-share-box-shaped wslu-fill-colored wslu-none wslu-share-horizontal wslu-theme-font-no wslu-main_content\">\n\n\t\t\n        <ul>\n\t\t\t        <\/ul>\n    <\/div>","protected":false},"excerpt":{"rendered":"<div class=\"product-short-description\">Vestu\u00e1rio Couro Couro PU Vegano Termorregulador para Roupa Exterior Adapt\u00e1vel WINIW Couro PU Vegano Termorregulador para Roupa Exterior Adapt\u00e1vel As principais carater\u00edsticas incluem Couro PU de Microfibra, WINIW, Largura, Ideal para quem procura qualidade e fiabilidade.<\/p>\n<p>Como f\u00e1brica direta, fabricante e grossista, podemos controlar rigorosamente o processo de produ\u00e7\u00e3o para garantir a qualidade do produto, proporcionando-lhe os pre\u00e7os mais favor\u00e1veis. Dispomos de equipamento de produ\u00e7\u00e3o avan\u00e7ado e de uma equipa t\u00e9cnica profissional para satisfazer as suas necessidades de encomendas em grande escala e garantir uma entrega atempada.<\/p>\n<\/div>","protected":false},"featured_media":2993,"template":"","meta":[],"product_brand":[],"product_cat":[180],"product_tag":[19105],"class_list":{"0":"post-29303","1":"product","2":"type-product","3":"status-publish","4":"has-post-thumbnail","6":"product_cat-garments-leather","7":"product_tag-upper-pu-leatherwaterborne-pu-leatheranello-pu-leatherbahan-pu-leathercheap-pu-leatherclean-pu-leather","9":"first","10":"instock","11":"product-type-simple"},"_links":{"self":[{"href":"https:\/\/www.eco-leather.com\/pt\/wp-json\/wp\/v2\/product\/29303","targetHints":{"allow":["GET"]}}],"collection":[{"href":"https:\/\/www.eco-leather.com\/pt\/wp-json\/wp\/v2\/product"}],"about":[{"href":"https:\/\/www.eco-leather.com\/pt\/wp-json\/wp\/v2\/types\/product"}],"wp:featuredmedia":[{"embeddable":true,"href":"https:\/\/www.eco-leather.com\/pt\/wp-json\/wp\/v2\/media\/2993"}],"wp:attachment":[{"href":"https:\/\/www.eco-leather.com\/pt\/wp-json\/wp\/v2\/media?parent=29303"}],"wp:term":[{"taxonomy":"product_brand","embeddable":true,"href":"https:\/\/www.eco-leather.com\/pt\/wp-json\/wp\/v2\/product_brand?post=29303"},{"taxonomy":"product_cat","embeddable":true,"href":"https:\/\/www.eco-leather.com\/pt\/wp-json\/wp\/v2\/product_cat?post=29303"},{"taxonomy":"product_tag","embeddable":true,"href":"https:\/\/www.eco-leather.com\/pt\/wp-json\/wp\/v2\/product_tag?post=29303"}],"curies":[{"name":"wp","href":"https:\/\/api.w.org\/{rel}","templated":true}]}}