{"id":29247,"date":"2025-09-07T11:01:48","date_gmt":"2025-09-07T03:01:48","guid":{"rendered":"https:\/\/www.eco-leather.com\/product\/fadeless-microsuede-imitation-material-for-jewelry-box-leather\/"},"modified":"2025-09-07T11:01:51","modified_gmt":"2025-09-07T03:01:51","slug":"material-de-imitacao-de-microcamurca-para-caixa-de-joias-em-couro","status":"publish","type":"product","link":"https:\/\/www.eco-leather.com\/pt\/material-de-imitacao-de-microcamurca-para-caixa-de-joias-em-couro\/","title":{"rendered":"Material de imita\u00e7\u00e3o de microcamur\u00e7a para caixa de j\u00f3ias em couro"},"content":{"rendered":"<h2>Material de imita\u00e7\u00e3o de microcamur\u00e7a sem desgaste para fornecedor de couro de caixa de j\u00f3ias<\/h2>\n<p><main><\/p>\n<section id=\"product-overview\">\n<h2>Descri\u00e7\u00e3o do produto<\/h2>\n<p>Produto <strong>Empresa de materiais para cadeiras de autom\u00f3vel<\/strong> Introdu\u00e7\u00e3o<\/p>\n<p>Material: <strong>Caixas em pele sint\u00e9tica China<\/strong> Couro de camur\u00e7a de microfibra<\/p>\n<p>Fabricado a partir de materiais de microfibra de alta qualidade, o nosso couro sint\u00e9tico de microfibra Ultrasuede de 0,7 mm \u00e9 a escolha perfeita para luvas de ciclismo. Equilibra flexibilidade e resist\u00eancia, oferecendo uma respirabilidade excecional e propriedades de absor\u00e7\u00e3o de humidade para manter as m\u00e3os frescas e secas durante passeios intensos.<\/p>\n<p>Quer se trate de um ciclista profissional ou de um ciclista de lazer, o couro em microfibra proporciona um conforto e uma prote\u00e7\u00e3o imbat\u00edveis. A sua elevada resist\u00eancia \u00e0 abras\u00e3o e aos rasg\u00f5es garante um desempenho duradouro, enquanto o design elegante confere um toque sofisticado a qualquer conjunto de ciclismo.<\/p>\n<\/section>\n<section id=\"specifications\">\n<h2>Par\u00e2metros t\u00e9cnicos<\/h2>\n<ul class_=\"parameters-list\">\n<li><span class=\"param-name\">Produto <strong>Couro para vestu\u00e1rio Importado<\/strong> Especifica\u00e7\u00e3o Material:<\/span> Microfibra Camur\u00e7a Couro Composi\u00e7\u00e3o: 55 Nylon + 45% Poliuretano Nome da marca WINIW Company Factory Wholesale PU Microfiber ManufacturersThickness: 0.4mm, 0.5mm, 0.6mm, largura personalizada: 54 \u2033, 137cm Cor: Branco, Vermelho, Azul, Verde, Bege, cores personalizadas MOQ: 300 metros lineares Prazo de execu\u00e7\u00e3o: 10 -20 dias Capacidade de produ\u00e7\u00e3o: 1.000.000 metros mensais Carater\u00edstica Anti-mofo, resistente a arranh\u00f5es, altamente dur\u00e1vel Local de origem China Personalizado Sim Aplica\u00e7\u00e3o Caixa de j\u00f3ias, suportes de exibi\u00e7\u00e3o, caixa de telefone, caixa de rel\u00f3gio Material: Microfibra Camur\u00e7a Composi\u00e7\u00e3o do couro: 55 Nylon + 45% Poliuretano Nome da marca WINIW Company Factory Wholesale PU Microfiber ManufacturersThickness: 0.4mm, 0.5mm, 0.6mm, largura personalizada: 54 \u2033, 137cm Cor: Branco, Vermelho, Azul, Verde, Bege, cores personalizadas MOQ: 300 metros lineares Prazo de execu\u00e7\u00e3o: 10 -20 dias Capacidade de produ\u00e7\u00e3o: 1.000.000 metros mensais Carater\u00edstica Anti-mofo, resistente a arranh\u00f5es, altamente dur\u00e1vel Local de origem China Personalizado Sim Caixa de j\u00f3ias de aplica\u00e7\u00e3o, suportes de exibi\u00e7\u00e3o, caixa de telefone, caixa de W atch<\/li>\n<\/ul>\n<p><img decoding=\"async\" alt=\"0.7mm Ultrasuede Microfiber Faux Leather para Luvas de Ciclismo - Especifica\u00e7\u00e3o do Material\" class=\"product-image\" src=\"\/wp-content\/uploads\/2025\/08\/07mm-ultrasuede-microfiber-faux-leather-for-cycling-gloves--37881.jpg\"\/><\/p>\n<h3>Par\u00e2metros do produto<\/h3>\n<ul class=\"parameters-list\">\n<li><span class=\"param-name\">Material:<\/span> Microfibra + PU<\/li>\n<li><span class=\"param-name\">Cor:<\/span> Preto, cinzento, bege (cores personalizadas dispon\u00edveis)<\/li>\n<li><span class=\"param-name\">Espessura:<\/span> 0,6 mm, 0,7 mm, 0,8 mm, 1 mm<\/li>\n<li><span class=\"param-name\">Quantidade m\u00ednima de encomenda:<\/span> 300 metros lineares<\/li>\n<li><span class=\"param-name\">Comprimento do rolo:<\/span> 20-30m\/rolo<\/li>\n<li><span class=\"param-name\">Prazo de entrega:<\/span> 15-20 dias<\/li>\n<li><span class=\"param-name\">Largura:<\/span> 54\u2033, 137cm<\/li>\n<li><span class=\"param-name\">Capacidade de produ\u00e7\u00e3o:<\/span> 1.000.000 de metros por m\u00eas<\/li>\n<\/ul>\n<\/section>\n<section id=\"usage\">\n<h2>Utiliza\u00e7\u00e3o e aplica\u00e7\u00f5es<\/h2>\n<p><img fetchpriority=\"high\" decoding=\"async\" alt=\"Material de imita\u00e7\u00e3o de microcamur\u00e7a sem desgaste para fornecedor de couro de caixa de j\u00f3ias\" height=\"557\" src=\"\/wp-content\/uploads\/2025\/08\/fadeless-microsuede-imitation-material-for-jewelry-box-leather-32300.jpg\" width=\"550\"\/><\/p>\n<div class=\"usage-point\">\n<h3>Mas <strong>Bolsas de couro em segunda m\u00e3o<\/strong> n\u00e3o se trata apenas de apar\u00eancia - a microcamur\u00e7a Fadeless tamb\u00e9m \u00e9 pr\u00e1tica<\/h3>\n<p>Mas <strong>Bolsas de couro em segunda m\u00e3o<\/strong> n\u00e3o se trata apenas de apar\u00eancia - a microcamur\u00e7a Fadeless tamb\u00e9m \u00e9 pr\u00e1tica. \u00c9 resistente ao desbotamento, o que significa que a sua caixa de j\u00f3ias continuar\u00e1 a ter um aspeto como novo, mesmo ap\u00f3s anos de utiliza\u00e7\u00e3o.<\/p>\n<\/div>\n<div class=\"usage-point\">\n<h3>Tamb\u00e9m \u00e9 f\u00e1cil de limpar, basta passar um pano h\u00famido para o manter com um aspeto fresco e impec\u00e1vel<\/h3>\n<p>Tamb\u00e9m \u00e9 f\u00e1cil de limpar, basta passar um pano h\u00famido para o manter com um aspeto fresco e impec\u00e1vel.<\/p>\n<\/div>\n<div class=\"usage-point\">\n<h3>Confort\u00e1vel e respir\u00e1vel<\/h3>\n<p>Macio, confort\u00e1vel e altamente respir\u00e1vel, este material \u00e9 perfeito para luvas de ciclismo e outros produtos utilizados durante longos per\u00edodos. Mant\u00e9m as m\u00e3os frescas e secas durante actividades extenuantes.<\/p>\n<\/div>\n<div class=\"usage-point\">\n<h3>Ecol\u00f3gico e sustent\u00e1vel<\/h3>\n<p>O nosso couro sint\u00e9tico de microfibra Ultrasuede inclui op\u00e7\u00f5es amigas do ambiente, como variantes feitas de PET reciclado e materiais \u00e0 base de plantas, reduzindo o impacto ambiental ao mesmo tempo que oferece diversas texturas.<\/p>\n<\/div>\n<div class=\"usage-point\">\n<h3>Prote\u00e7\u00e3o anti-bacteriana e contra poeiras<\/h3>\n<p>As variantes selecionadas possuem propriedades anti-bacterianas e resistentes ao p\u00f3, cumprindo elevados padr\u00f5es de higiene ideais para luvas que exigem controlos rigorosos de qualidade e seguran\u00e7a.<\/p>\n<\/div>\n<div class=\"usage-point\">\n<h3>Diversos cen\u00e1rios de aplica\u00e7\u00e3o<\/h3>\n<p>Para al\u00e9m das luvas de ciclismo, \u00e9 adequado para luvas de dedo, luvas de seguran\u00e7a e v\u00e1rios outros tipos de luvas, bem como para cal\u00e7ado, vestu\u00e1rio e acess\u00f3rios.<\/p>\n<\/div>\n<p><img decoding=\"async\" alt=\"Aplica\u00e7\u00f5es do couro sint\u00e9tico de microfibra Ultrasuede de 0,7 mm em v\u00e1rios produtos\" class=\"product-image\" src=\"\/wp-content\/uploads\/2025\/08\/07mm-ultrasuede-microfiber-faux-leather-for-cycling-gloves--37885.jpg\"\/><br \/>\n<img decoding=\"async\" alt=\"Luvas de ciclismo fabricadas em couro de microfibra Ultrasuede - exemplo de produto\" class=\"product-image\" src=\"\/wp-content\/uploads\/2025\/08\/07mm-ultrasuede-microfiber-faux-leather-for-cycling-gloves--37886.jpg\"\/><br \/>\n<\/section>\n<section id=\"why-choose-us\">\n<h2>Porqu\u00ea escolher a WINIW<\/h2>\n<div class=\"advantage-item\">\n<h3>O material \u00e9 feito de microfibra de alta qualidade, o que lhe confere um toque suave e luxuoso<\/h3>\n<p>O material \u00e9 feito de microfibra de alta qualidade, o que lhe confere um toque suave e luxuoso. A textura tipo camur\u00e7a acrescenta um toque de eleg\u00e2ncia a qualquer caixa de j\u00f3ias, tornando-a uma \u00f3ptima escolha para designs tradicionais e modernos. Est\u00e1 dispon\u00edvel numa grande variedade de cores, permitindo-lhe escolher a tonalidade perfeita para o seu design.<\/p>\n<\/div>\n<div class=\"advantage-item\">\n<h3>Garantia de qualidade<\/h3>\n<p>Implementamos um controlo de qualidade rigoroso em toda a cadeia de produ\u00e7\u00e3o e fornecimento, aderindo \u00e0s normas ISO9001. Desde a sele\u00e7\u00e3o da mat\u00e9ria-prima at\u00e9 \u00e0 inspe\u00e7\u00e3o final, damos prioridade aos interesses do cliente.<\/p>\n<\/div>\n<div class=\"advantage-item\">\n<h3>Equipa t\u00e9cnica profissional<\/h3>\n<p>A nossa equipa t\u00e9cnica especializada \u00e9 constitu\u00edda por profissionais experientes em v\u00e1rias \u00e1reas, dedicados a fornecer produtos de alta qualidade e solu\u00e7\u00f5es \u00e0 medida.<\/p>\n<\/div>\n<div class=\"advantage-item\">\n<h3>Vasta gama de aplica\u00e7\u00f5es<\/h3>\n<p>Os nossos materiais s\u00e3o amplamente utilizados em cal\u00e7ado, vestu\u00e1rio, bagagem, interiores de autom\u00f3veis, mobili\u00e1rio para sof\u00e1s e muito mais.<\/p>\n<\/div>\n<div class=\"advantage-item\">\n<h3>Experi\u00eancia rica<\/h3>\n<p>A Quanzhou WINIW Import &amp; Export Co., Ltd. tem mais de 20 anos de experi\u00eancia em produ\u00e7\u00e3o, oferecendo solu\u00e7\u00f5es perfeitas para clientes em todo o mundo.<\/p>\n<\/div>\n<div class=\"advantage-item\">\n<h3>Pre\u00e7o acess\u00edvel<\/h3>\n<p>Oferecemos pre\u00e7os competitivos e um excelente servi\u00e7o ao cliente. Solicite um cat\u00e1logo ou visite a nossa f\u00e1brica para explorar os nossos produtos.<\/p>\n<\/div>\n<div class=\"advantage-item\">\n<h3>Servi\u00e7o de apoio ao cliente online 24 horas por dia<\/h3>\n<p>A nossa equipa est\u00e1 dispon\u00edvel 24 horas por dia, 7 dias por semana, para responder a quest\u00f5es e responder prontamente a coment\u00e1rios.<\/p>\n<\/div>\n<p><img decoding=\"async\" alt=\"Instala\u00e7\u00e3o de produ\u00e7\u00e3o da WINIW - Processo de fabrico do couro de microfibra Ultrasuede\" class=\"product-image\" src=\"\/wp-content\/uploads\/2025\/08\/07mm-ultrasuede-microfiber-faux-leather-for-cycling-gloves--37888.jpg\"\/><br \/>\n<\/section>\n<p><\/main><\/p>\n<section id=\"inquiry\">\n<h2 style=\"text-align: center;\">Sinceramente \u00e0 espera do seu inqu\u00e9rito!<\/h2>\n<p style=\"text-align: center;\">Contacte-nos hoje para saber mais sobre os nossos produtos e fazer a sua encomenda.<\/p>\n<\/section>\n\n    <div class=\"xs_social_share_widget xs_share_url after_content \t\tmain_content  wslu-style-1 wslu-share-box-shaped wslu-fill-colored wslu-none wslu-share-horizontal wslu-theme-font-no wslu-main_content\">\n\n\t\t\n        <ul>\n\t\t\t        <\/ul>\n    <\/div>","protected":false},"excerpt":{"rendered":"<div class=\"product-short-description\">Microsuede para expositor de j\u00f3ias Material de imita\u00e7\u00e3o de microcamur\u00e7a sem modera\u00e7\u00e3o para caixa de j\u00f3ias Couro WINIW Material de imita\u00e7\u00e3o de microcamur\u00e7a sem modera\u00e7\u00e3o para caixa de j\u00f3ias Couro As principais carater\u00edsticas incluem: Ideal para quem procura qualidade e fiabilidade.<\/p>\n<p>Como f\u00e1brica direta, fabricante e grossista, podemos controlar rigorosamente o processo de produ\u00e7\u00e3o para garantir a qualidade do produto, proporcionando-lhe os pre\u00e7os mais favor\u00e1veis. Dispomos de equipamento de produ\u00e7\u00e3o avan\u00e7ado e de uma equipa t\u00e9cnica profissional para satisfazer as suas necessidades de encomendas em grande escala e garantir uma entrega atempada.<\/p>\n<\/div>","protected":false},"featured_media":5468,"template":"","meta":[],"product_brand":[],"product_cat":[294],"product_tag":[19073],"class_list":{"0":"post-29247","1":"product","2":"type-product","3":"status-publish","4":"has-post-thumbnail","6":"product_cat-microsuede-for-jewelry-display","7":"product_tag-pu-leather-material-for-jewelry-box-leatherjewelry-box-leather-pricesfine-jewelry-box-leatherexpensive-jewelry-box-leatherjewelry-box-leatherjewelry-box-leather-large","9":"first","10":"instock","11":"product-type-simple"},"_links":{"self":[{"href":"https:\/\/www.eco-leather.com\/pt\/wp-json\/wp\/v2\/product\/29247","targetHints":{"allow":["GET"]}}],"collection":[{"href":"https:\/\/www.eco-leather.com\/pt\/wp-json\/wp\/v2\/product"}],"about":[{"href":"https:\/\/www.eco-leather.com\/pt\/wp-json\/wp\/v2\/types\/product"}],"wp:featuredmedia":[{"embeddable":true,"href":"https:\/\/www.eco-leather.com\/pt\/wp-json\/wp\/v2\/media\/5468"}],"wp:attachment":[{"href":"https:\/\/www.eco-leather.com\/pt\/wp-json\/wp\/v2\/media?parent=29247"}],"wp:term":[{"taxonomy":"product_brand","embeddable":true,"href":"https:\/\/www.eco-leather.com\/pt\/wp-json\/wp\/v2\/product_brand?post=29247"},{"taxonomy":"product_cat","embeddable":true,"href":"https:\/\/www.eco-leather.com\/pt\/wp-json\/wp\/v2\/product_cat?post=29247"},{"taxonomy":"product_tag","embeddable":true,"href":"https:\/\/www.eco-leather.com\/pt\/wp-json\/wp\/v2\/product_tag?post=29247"}],"curies":[{"name":"wp","href":"https:\/\/api.w.org\/{rel}","templated":true}]}}