{"id":29237,"date":"2025-09-07T11:01:48","date_gmt":"2025-09-07T03:01:48","guid":{"rendered":"https:\/\/www.eco-leather.com\/product\/wrinkle-resistant-artificial-vegan-suede-fabric-for-display-stands\/"},"modified":"2025-09-07T11:01:48","modified_gmt":"2025-09-07T03:01:48","slug":"tecido-de-camurca-vegana-artificial-resistente-a-rugas-para-expositores","status":"publish","type":"product","link":"https:\/\/www.eco-leather.com\/pt\/tecido-de-camurca-vegana-artificial-resistente-a-rugas-para-expositores\/","title":{"rendered":"Tecido de camur\u00e7a artificial vegan resistente a rugas para expositores"},"content":{"rendered":"<h2>Fornecedor de tecido de camur\u00e7a artificial vegana resistente a rugas para expositores<\/h2>\n<p><main><\/p>\n<section id=\"product-overview\">\n<h2>Descri\u00e7\u00e3o do produto<\/h2>\n<p>Produto <strong>Tecido imperme\u00e1vel para sof\u00e1s<\/strong> Introdu\u00e7\u00e3o<\/p>\n<p>Material: <strong>Exportador de tecidos para interiores de autom\u00f3veis<\/strong> Microfibra Camur\u00e7a Composi\u00e7\u00e3o da pele:<\/p>\n<p>Fabricado a partir de materiais de microfibra de alta qualidade, o nosso couro sint\u00e9tico de microfibra Ultrasuede de 0,7 mm \u00e9 a escolha perfeita para luvas de ciclismo. Equilibra flexibilidade e resist\u00eancia, oferecendo uma respirabilidade excecional e propriedades de absor\u00e7\u00e3o de humidade para manter as m\u00e3os frescas e secas durante passeios intensos.<\/p>\n<p>Quer se trate de um ciclista profissional ou de um ciclista de lazer, o couro em microfibra proporciona um conforto e uma prote\u00e7\u00e3o imbat\u00edveis. A sua elevada resist\u00eancia \u00e0 abras\u00e3o e aos rasg\u00f5es garante um desempenho duradouro, enquanto o design elegante confere um toque sofisticado a qualquer conjunto de ciclismo.<\/p>\n<\/section>\n<section id=\"specifications\">\n<h2>Par\u00e2metros t\u00e9cnicos<\/h2>\n<ul class_=\"parameters-list\">\n<li><span class=\"param-name\">Camur\u00e7a <strong>Tecido para sof\u00e1 resistente a manchas<\/strong> Textura, acento elegante:<\/span> O design exclusivo da camur\u00e7a n\u00e3o s\u00f3 melhora o efeito visual da caixa de j\u00f3ias, como tamb\u00e9m real\u00e7a eficazmente o brilho das j\u00f3ias.<\/li>\n<li><span class=\"param-name\">\u00c9 <strong>Retalhistas de tecidos de couro texturizado<\/strong> permite que cada pe\u00e7a de joalharia tenha o seu melhor aspeto em luz e sombra suaves, acrescentando um encanto infinito. Leve <strong>Distribuidor grossista de tecidos para sof\u00e1s<\/strong> e macio, f\u00e1cil de manusear:<\/span> A natureza leve e flex\u00edvel do material torna o processo de fabrico da caixa de j\u00f3ias mais f\u00e1cil e mais eficiente.<\/li>\n<li><span class=\"param-name\">Os designers podem utilizar materiais de forma flex\u00edvel para criar uma variedade de estilos e formas bonitas para satisfazer diferentes necessidades de visualiza\u00e7\u00e3o. Especifica\u00e7\u00e3o do produto Material:<\/span> Microfibra Camur\u00e7a Composi\u00e7\u00e3o do couro: 55 Nylon + 45% Poliuretano Nome da marca WINIW Company Factory Wholesale PU Material ManufacturersThickness: 0.4mm, 0.5mm, 0.6mm, personalizado Largura: 54 \u2033, 137cm Cor: Branco, Vermelho, Azul, Verde, Bege, cores personalizadas MOQ: 300 metros lineares Prazo de execu\u00e7\u00e3o: 10 -20 dias Capacidade de produ\u00e7\u00e3o: 1.000.000 metros mensais Carater\u00edstica Anti-mofo, resistente a arranh\u00f5es, altamente dur\u00e1vel Local de origem China Personalizado Sim Aplica\u00e7\u00e3o Caixa de j\u00f3ias, suportes de exibi\u00e7\u00e3o, caixa de telefone, caixa de rel\u00f3gio Material: Microfibra Camur\u00e7a Composi\u00e7\u00e3o do couro: 55 Nylon + 45% Poliuretano Nome da marca WINIW Company Factory Wholesale PU Material ManufacturersThickness: 0.4mm, 0.5mm, 0.6mm, largura personalizada: 54\u2033, 137cm Cor: Branco, Vermelho, Azul, Verde, Bege, cores personalizadas MOQ: 300 metros lineares Prazo de execu\u00e7\u00e3o: 1 0 -20 dias Capacidade de produ\u00e7\u00e3o: 1.000.000 metros mensais Carater\u00edstica Anti-mofo, resistente a arranh\u00f5es, altamente dur\u00e1vel Local de origem China Personalizado Sim Caixa de j\u00f3ias de aplica\u00e7\u00e3o, suportes de D isplay, caixa de telefone, caixa de W atch<\/li>\n<\/ul>\n<p><img decoding=\"async\" alt=\"0.7mm Ultrasuede Microfiber Faux Leather para Luvas de Ciclismo - Especifica\u00e7\u00e3o do Material\" class=\"product-image\" src=\"\/wp-content\/uploads\/2025\/08\/07mm-ultrasuede-microfiber-faux-leather-for-cycling-gloves--37881.jpg\"\/><\/p>\n<h3>Par\u00e2metros do produto<\/h3>\n<ul class=\"parameters-list\">\n<li><span class=\"param-name\">Material:<\/span> Microfibra + PU<\/li>\n<li><span class=\"param-name\">Cor:<\/span> Preto, cinzento, bege (cores personalizadas dispon\u00edveis)<\/li>\n<li><span class=\"param-name\">Espessura:<\/span> 0,6 mm, 0,7 mm, 0,8 mm, 1 mm<\/li>\n<li><span class=\"param-name\">Quantidade m\u00ednima de encomenda:<\/span> 300 metros lineares<\/li>\n<li><span class=\"param-name\">Comprimento do rolo:<\/span> 20-30m\/rolo<\/li>\n<li><span class=\"param-name\">Prazo de entrega:<\/span> 15-20 dias<\/li>\n<li><span class=\"param-name\">Largura:<\/span> 54\u2033, 137cm<\/li>\n<li><span class=\"param-name\">Capacidade de produ\u00e7\u00e3o:<\/span> 1.000.000 de metros por m\u00eas<\/li>\n<\/ul>\n<\/section>\n<p><\/main><\/p>\n<section id=\"inquiry\">\n<h2 style=\"text-align: center;\">Sinceramente \u00e0 espera do seu inqu\u00e9rito!<\/h2>\n<p style=\"text-align: center;\">Contacte-nos hoje para saber mais sobre os nossos produtos e fazer a sua encomenda.<\/p>\n<\/section>\n\n    <div class=\"xs_social_share_widget xs_share_url after_content \t\tmain_content  wslu-style-1 wslu-share-box-shaped wslu-fill-colored wslu-none wslu-share-horizontal wslu-theme-font-no wslu-main_content\">\n\n\t\t\n        <ul>\n\t\t\t        <\/ul>\n    <\/div>","protected":false},"excerpt":{"rendered":"<div class=\"product-short-description\">Microsuede para expositor de j\u00f3ias Tecido de camur\u00e7a artificial vegana resistente a rugas para expositores WINIW Tecido de camur\u00e7a artificial vegana resistente a rugas para expositores As principais carater\u00edsticas incluem: Ideal para quem procura qualidade e fiabilidade.<\/p>\n<p>Como f\u00e1brica direta, fabricante e grossista, podemos controlar rigorosamente o processo de produ\u00e7\u00e3o para garantir a qualidade do produto, proporcionando-lhe os pre\u00e7os mais favor\u00e1veis. Dispomos de equipamento de produ\u00e7\u00e3o avan\u00e7ado e de uma equipa t\u00e9cnica profissional para satisfazer as suas necessidades de encomendas em grande escala e garantir uma entrega atempada.<\/p>\n<\/div>","protected":false},"featured_media":5284,"template":"","meta":[],"product_brand":[],"product_cat":[294],"product_tag":[19065],"class_list":{"0":"post-29237","1":"product","2":"type-product","3":"status-publish","4":"has-post-thumbnail","6":"product_cat-microsuede-for-jewelry-display","7":"product_tag-vegan-suede-hatsvegan-suede-hats-wholesalevegan-suede-bag-in-greyvegan-suede-bag-in-blackvegan-suede-bag-in-brownvegan-suede-bag-with-flap","9":"first","10":"instock","11":"product-type-simple"},"_links":{"self":[{"href":"https:\/\/www.eco-leather.com\/pt\/wp-json\/wp\/v2\/product\/29237","targetHints":{"allow":["GET"]}}],"collection":[{"href":"https:\/\/www.eco-leather.com\/pt\/wp-json\/wp\/v2\/product"}],"about":[{"href":"https:\/\/www.eco-leather.com\/pt\/wp-json\/wp\/v2\/types\/product"}],"wp:featuredmedia":[{"embeddable":true,"href":"https:\/\/www.eco-leather.com\/pt\/wp-json\/wp\/v2\/media\/5284"}],"wp:attachment":[{"href":"https:\/\/www.eco-leather.com\/pt\/wp-json\/wp\/v2\/media?parent=29237"}],"wp:term":[{"taxonomy":"product_brand","embeddable":true,"href":"https:\/\/www.eco-leather.com\/pt\/wp-json\/wp\/v2\/product_brand?post=29237"},{"taxonomy":"product_cat","embeddable":true,"href":"https:\/\/www.eco-leather.com\/pt\/wp-json\/wp\/v2\/product_cat?post=29237"},{"taxonomy":"product_tag","embeddable":true,"href":"https:\/\/www.eco-leather.com\/pt\/wp-json\/wp\/v2\/product_tag?post=29237"}],"curies":[{"name":"wp","href":"https:\/\/api.w.org\/{rel}","templated":true}]}}