{"id":29232,"date":"2025-09-07T11:01:38","date_gmt":"2025-09-07T03:01:38","guid":{"rendered":"https:\/\/www.eco-leather.com\/product\/aging-resistant-faux-vegan-suede-material-for-display-equipment\/"},"modified":"2025-09-07T11:01:42","modified_gmt":"2025-09-07T03:01:42","slug":"material-de-camurca-vegana-falsa-resistente-ao-envelhecimento-para-equipamento-de-exposicao","status":"publish","type":"product","link":"https:\/\/www.eco-leather.com\/pt\/material-de-camurca-vegana-falsa-resistente-ao-envelhecimento-para-equipamento-de-exposicao\/","title":{"rendered":"Material de camur\u00e7a vegana falsa resistente ao envelhecimento para equipamento de exposi\u00e7\u00e3o"},"content":{"rendered":"<h2>Material de camur\u00e7a vegana falsa resistente ao envelhecimento para a f\u00e1brica de equipamento de exposi\u00e7\u00e3o<\/h2>\n<p><main><\/p>\n<section id=\"product-overview\">\n<h2>Descri\u00e7\u00e3o do produto<\/h2>\n<p>Produto <strong>Solu\u00e7\u00e3o de material para cadeiras de autom\u00f3vel<\/strong> Introdu\u00e7\u00e3o<\/p>\n<p>Material: <strong>Vestido branco Material Meesho<\/strong> Couro de camur\u00e7a de microfibra<\/p>\n<p>Fabricado a partir de materiais de microfibra de alta qualidade, o nosso couro sint\u00e9tico de microfibra Ultrasuede de 0,7 mm \u00e9 a escolha perfeita para luvas de ciclismo. Equilibra flexibilidade e resist\u00eancia, oferecendo uma respirabilidade excecional e propriedades de absor\u00e7\u00e3o de humidade para manter as m\u00e3os frescas e secas durante passeios intensos.<\/p>\n<p>Quer se trate de um ciclista profissional ou de um ciclista de lazer, o couro em microfibra proporciona um conforto e uma prote\u00e7\u00e3o imbat\u00edveis. A sua elevada resist\u00eancia \u00e0 abras\u00e3o e aos rasg\u00f5es garante um desempenho duradouro, enquanto o design elegante confere um toque sofisticado a qualquer conjunto de ciclismo.<\/p>\n<\/section>\n<section id=\"specifications\">\n<h2>Par\u00e2metros t\u00e9cnicos<\/h2>\n<ul class_=\"parameters-list\">\n<li><span class=\"param-name\">Personalizado, <strong>Materiais para cal\u00e7ado Pre\u00e7o na China<\/strong> \u00fanico:<\/span> Oferecemos um servi\u00e7o de personaliza\u00e7\u00e3o para criar uma caixa de j\u00f3ias exclusiva em pele de camur\u00e7a de microfibra com base nas suas necessidades e prefer\u00eancias. Se <strong>Material do cal\u00e7ado Puro<\/strong> padr\u00f5es, cores ou tamanhos, podemos satisfazer as suas necessidades individuais.<\/li>\n<li><span class=\"param-name\">Produto <strong>Material de revestimento do cal\u00e7ado<\/strong> Especifica\u00e7\u00e3o Material:<\/span> Microfibra Camur\u00e7a Couro Composi\u00e7\u00e3o: 55 Nylon + 45% Poliuretano Nome da marca WINIW Company F\u00e1brica Fabricantes de tecidos por atacado Espessura: 0,4 mm, 0,5 mm, 0,6 mm, largura personalizada: 54 \u2033, 137 cm Cor: Branco, Vermelho, Azul, Verde, Bege, cores personalizadas MOQ: 300 metros lineares Prazo de execu\u00e7\u00e3o: 10 -20 dias Capacidade de produ\u00e7\u00e3o: 1.000.000 metros mensais Carater\u00edstica Anti-mofo, resistente a arranh\u00f5es, altamente dur\u00e1vel Local de origem China Personalizado Sim Aplica\u00e7\u00e3o de caixa de j\u00f3ias, suportes de exibi\u00e7\u00e3o, caixa de telefone, caixa de rel\u00f3gio Material: Microfibra Camur\u00e7a Composi\u00e7\u00e3o do couro: 55 Nylon + 45% Poliuretano Nome da marca WINIW Company F\u00e1brica Fabricantes de tecidos por atacado Espessura: 0,4 mm, 0,5 mm, 0,6 mm, largura personalizada: 54 \u2033, 137 cm Cor: Branco, Vermelho, Azul, Verde, Bege, cores personalizadas MOQ: 300 metros lineares Prazo de execu\u00e7\u00e3o: 10 -20 dias Capacidade de produ\u00e7\u00e3o: 1.000.000 metros mensais Carater\u00edstica Anti-mofo, resistente a arranh\u00f5es, altamente dur\u00e1vel Local de origem China Personalizado Sim Caixa de joias de aplicativos, suportes de exibi\u00e7\u00e3o, caixa de telefone, caixa de rel\u00f3gio<\/li>\n<\/ul>\n<p><img decoding=\"async\" alt=\"0.7mm Ultrasuede Microfiber Faux Leather para Luvas de Ciclismo - Especifica\u00e7\u00e3o do Material\" class=\"product-image\" src=\"\/wp-content\/uploads\/2025\/08\/07mm-ultrasuede-microfiber-faux-leather-for-cycling-gloves--37881.jpg\"\/><\/p>\n<h3>Par\u00e2metros do produto<\/h3>\n<ul class=\"parameters-list\">\n<li><span class=\"param-name\">Material:<\/span> Microfibra + PU<\/li>\n<li><span class=\"param-name\">Cor:<\/span> Preto, cinzento, bege (cores personalizadas dispon\u00edveis)<\/li>\n<li><span class=\"param-name\">Espessura:<\/span> 0,6 mm, 0,7 mm, 0,8 mm, 1 mm<\/li>\n<li><span class=\"param-name\">Quantidade m\u00ednima de encomenda:<\/span> 300 metros lineares<\/li>\n<li><span class=\"param-name\">Comprimento do rolo:<\/span> 20-30m\/rolo<\/li>\n<li><span class=\"param-name\">Prazo de entrega:<\/span> 15-20 dias<\/li>\n<li><span class=\"param-name\">Largura:<\/span> 54\u2033, 137cm<\/li>\n<li><span class=\"param-name\">Capacidade de produ\u00e7\u00e3o:<\/span> 1.000.000 de metros por m\u00eas<\/li>\n<\/ul>\n<\/section>\n<section id=\"features\">\n<h2>Carater\u00edsticas do produto<\/h2>\n<div class=\"feature-item\">\n<img decoding=\"async\" alt=\"ComMaterial de sof\u00e1 \u00e0 prova de \u00e1guaa melhoria cont\u00ednua dos requisitos dos consumidores em termos de qualidade e embalagem de j\u00f3ias, o couro de camur\u00e7a de microfibra para exposi\u00e7\u00e3o de j\u00f3ias \u00e9 favorecido devido \u00e0s suas carater\u00edsticas materiais \u00fanicas e bom efeito de exposi\u00e7\u00e3o\" class=\"feature-image left\" src=\"\/wp-content\/uploads\/2025\/08\/aging-resistant-faux-vegan-suede-material-for-display-equipment-32186.jpg\"\/><\/p>\n<h3>Com <strong>Materialidade do sof\u00e1 imperme\u00e1vel<\/strong> a melhoria cont\u00ednua das exig\u00eancias dos consumidores em mat\u00e9ria de qualidade e embalagem das j\u00f3ias, o couro de camur\u00e7a de microfibra para exposi\u00e7\u00e3o de j\u00f3ias \u00e9 preferido devido \u00e0s suas carater\u00edsticas materiais \u00fanicas e ao seu bom efeito de exposi\u00e7\u00e3o<\/h3>\n<p>Com <strong>Materialidade do sof\u00e1 imperme\u00e1vel<\/strong> a melhoria cont\u00ednua das exig\u00eancias dos consumidores em termos de qualidade e embalagem das j\u00f3ias, o couro de camur\u00e7a de microfibra para exposi\u00e7\u00e3o de j\u00f3ias \u00e9 preferido devido \u00e0s suas carater\u00edsticas materiais \u00fanicas e ao seu bom efeito de exposi\u00e7\u00e3o.<\/p>\n<div class=\"clear\"><\/div>\n<\/div>\n<div class=\"feature-item\">\n<img decoding=\"async\" alt=\"Ao mesmo tempo, com o avan\u00e7o cont\u00ednuo da tecnologia e a redu\u00e7\u00e3o dos custos, o pre\u00e7o do couro de camur\u00e7a para exposi\u00e7\u00e3o de j\u00f3ias em microfibra tornou-se mais acess\u00edvel, o que promoveu ainda mais a sua popularidade e aplica\u00e7\u00e3o no mercado\" class=\"feature-image left\" src=\"\/wp-content\/uploads\/2025\/08\/aging-resistant-faux-vegan-suede-material-for-display-equipment-32187.jpg\"\/><\/p>\n<h3>Ao mesmo tempo, com o avan\u00e7o cont\u00ednuo da tecnologia e a redu\u00e7\u00e3o dos custos, o pre\u00e7o do couro de camur\u00e7a para exposi\u00e7\u00e3o de j\u00f3ias em microfibra tornou-se mais acess\u00edvel, o que promoveu ainda mais a sua popularidade e aplica\u00e7\u00e3o no mercado<\/h3>\n<p>Ao mesmo tempo, com o avan\u00e7o cont\u00ednuo da tecnologia e a redu\u00e7\u00e3o dos custos, o pre\u00e7o do couro de camur\u00e7a de microfibra para exposi\u00e7\u00e3o de j\u00f3ias tornou-se mais acess\u00edvel, o que promoveu ainda mais a sua popularidade e aplica\u00e7\u00e3o no mercado.<\/p>\n<div class=\"clear\"><\/div>\n<\/div>\n<div class=\"feature-item\">\n<img decoding=\"async\" alt=\"Alta resist\u00eancia \u00e0 rutura - Couro sint\u00e9tico de microfibra Ultrasuede para luvas de ciclismo\" class=\"feature-image left\" src=\"\/wp-content\/uploads\/2025\/08\/07mm-ultrasuede-microfiber-faux-leather-for-cycling-gloves--37882.jpg\"\/><\/p>\n<h3>Elevada resist\u00eancia ao rasgamento<\/h3>\n<p>O nosso couro de microfibra Ultrasuede possui uma resist\u00eancia excecional ao rasgamento, garantindo que n\u00e3o se parte ou deforma facilmente sob tens\u00e3o. Isto torna-a ideal para produtos que exigem durabilidade e desempenho a longo prazo.<\/p>\n<div class=\"clear\"><\/div>\n<\/div>\n<div class=\"feature-item\">\n<img decoding=\"async\" alt=\"Reten\u00e7\u00e3o da forma - Ultrasuede Microfibra Couro sint\u00e9tico para luvas de ciclismo\" class=\"feature-image right\" src=\"\/wp-content\/uploads\/2025\/08\/07mm-ultrasuede-microfiber-faux-leather-for-cycling-gloves--37883.jpg\"\/><\/p>\n<h3>N\u00e3o \u00e9 f\u00e1cil de deformar<\/h3>\n<p>Especialmente tratado para manter a sua forma original, este material oferece uma excelente elasticidade e estabilidade. Resiste \u00e0 deforma\u00e7\u00e3o por press\u00e3o externa ou estiramento, mantendo os produtos intactos e atractivos ao longo do tempo.<\/p>\n<div class=\"clear\"><\/div>\n<\/div>\n<div class=\"feature-item\">\n<img decoding=\"async\" alt=\"Durabilidade - Ultrasuede Microfibra Faux Leather para luvas de ciclismo\" class=\"feature-image left\" src=\"\/wp-content\/uploads\/2025\/08\/07mm-ultrasuede-microfiber-faux-leather-for-cycling-gloves--37884.jpg\"\/><\/p>\n<h3>Durabilidade<\/h3>\n<p>Extremamente resistente \u00e0 abras\u00e3o, aos rasg\u00f5es e aos furos, este material garante que as luvas se mant\u00eam em \u00f3ptimas condi\u00e7\u00f5es, mesmo com uma utiliza\u00e7\u00e3o prolongada. Mant\u00e9m tamb\u00e9m uma excelente destreza e for\u00e7a para artigos de couro de alta qualidade.<\/p>\n<div class=\"clear\"><\/div>\n<\/div>\n<\/section>\n<p><\/main><\/p>\n<section id=\"inquiry\">\n<h2 style=\"text-align: center;\">Sinceramente \u00e0 espera do seu inqu\u00e9rito!<\/h2>\n<p style=\"text-align: center;\">Contacte-nos hoje para saber mais sobre os nossos produtos e fazer a sua encomenda.<\/p>\n<\/section>\n\n    <div class=\"xs_social_share_widget xs_share_url after_content \t\tmain_content  wslu-style-1 wslu-share-box-shaped wslu-fill-colored wslu-none wslu-share-horizontal wslu-theme-font-no wslu-main_content\">\n\n\t\t\n        <ul>\n\t\t\t        <\/ul>\n    <\/div>","protected":false},"excerpt":{"rendered":"<div class=\"product-short-description\">Microsuede para expositor de j\u00f3ias Material de camur\u00e7a vegana para expositor resistente ao envelhecimento Material de camur\u00e7a vegana para expositor WINIW Material de camur\u00e7a vegana para expositor resistente ao envelhecimento Carater\u00edsticas principais: Ideal para quem procura qualidade e fiabilidade.<\/p>\n<p>Como f\u00e1brica direta, fabricante e grossista, podemos controlar rigorosamente o processo de produ\u00e7\u00e3o para garantir a qualidade do produto, proporcionando-lhe os pre\u00e7os mais favor\u00e1veis. Dispomos de equipamento de produ\u00e7\u00e3o avan\u00e7ado e de uma equipa t\u00e9cnica profissional para satisfazer as suas necessidades de encomendas em grande escala e garantir uma entrega atempada.<\/p>\n<\/div>","protected":false},"featured_media":5274,"template":"","meta":[],"product_brand":[],"product_cat":[294],"product_tag":[19062],"class_list":{"0":"post-29232","1":"product","2":"type-product","3":"status-publish","4":"has-post-thumbnail","6":"product_cat-microsuede-for-jewelry-display","7":"product_tag-vegan-suede-cropped-shirtvegan-suede-capsvegan-suede-clogs-and-mules-for-women-dealstesla-model-y-vegan-leather-and-suedevegan-suede-vs-vegan-leathervegan-suede-jacket","9":"first","10":"instock","11":"product-type-simple"},"_links":{"self":[{"href":"https:\/\/www.eco-leather.com\/pt\/wp-json\/wp\/v2\/product\/29232","targetHints":{"allow":["GET"]}}],"collection":[{"href":"https:\/\/www.eco-leather.com\/pt\/wp-json\/wp\/v2\/product"}],"about":[{"href":"https:\/\/www.eco-leather.com\/pt\/wp-json\/wp\/v2\/types\/product"}],"wp:featuredmedia":[{"embeddable":true,"href":"https:\/\/www.eco-leather.com\/pt\/wp-json\/wp\/v2\/media\/5274"}],"wp:attachment":[{"href":"https:\/\/www.eco-leather.com\/pt\/wp-json\/wp\/v2\/media?parent=29232"}],"wp:term":[{"taxonomy":"product_brand","embeddable":true,"href":"https:\/\/www.eco-leather.com\/pt\/wp-json\/wp\/v2\/product_brand?post=29232"},{"taxonomy":"product_cat","embeddable":true,"href":"https:\/\/www.eco-leather.com\/pt\/wp-json\/wp\/v2\/product_cat?post=29232"},{"taxonomy":"product_tag","embeddable":true,"href":"https:\/\/www.eco-leather.com\/pt\/wp-json\/wp\/v2\/product_tag?post=29232"}],"curies":[{"name":"wp","href":"https:\/\/api.w.org\/{rel}","templated":true}]}}