{"id":29219,"date":"2025-09-07T11:01:38","date_gmt":"2025-09-07T03:01:38","guid":{"rendered":"https:\/\/www.eco-leather.com\/product\/easy-clean-microfiber-pu-artificial-leather-phone-cover-material\/"},"modified":"2025-09-07T11:01:38","modified_gmt":"2025-09-07T03:01:38","slug":"easy-clean-microfiber-pu-artificial-leather-phone-cover-material","status":"publish","type":"product","link":"https:\/\/www.eco-leather.com\/pt\/easy-clean-microfiber-pu-artificial-leather-phone-cover-material\/","title":{"rendered":"Material da capa para telem\u00f3vel em couro artificial PU de microfibra de f\u00e1cil limpeza"},"content":{"rendered":"<h2>Easy Clean Microfiber PU Artificial Leather Phone Cover Material manufacture<\/h2>\n<p><main><\/p>\n<section id=\"product-overview\">\n<h2>Descri\u00e7\u00e3o do produto<\/h2>\n<p>Produto <strong>Fabricantes de couro artificial<\/strong> Introdu\u00e7\u00e3o<\/p>\n<p>Material: <strong>Couro para vestu\u00e1rio Importado<\/strong> Microfibra Composi\u00e7\u00e3o da pele:<\/p>\n<p>Fabricado a partir de materiais de microfibra de alta qualidade, o nosso couro sint\u00e9tico de microfibra Ultrasuede de 0,7 mm \u00e9 a escolha perfeita para luvas de ciclismo. Equilibra flexibilidade e resist\u00eancia, oferecendo uma respirabilidade excecional e propriedades de absor\u00e7\u00e3o de humidade para manter as m\u00e3os frescas e secas durante passeios intensos.<\/p>\n<p>Quer se trate de um ciclista profissional ou de um ciclista de lazer, o couro em microfibra proporciona um conforto e uma prote\u00e7\u00e3o imbat\u00edveis. A sua elevada resist\u00eancia \u00e0 abras\u00e3o e aos rasg\u00f5es garante um desempenho duradouro, enquanto o design elegante confere um toque sofisticado a qualquer conjunto de ciclismo.<\/p>\n<\/section>\n<section id=\"specifications\">\n<h2>Par\u00e2metros t\u00e9cnicos<\/h2>\n<ul class_=\"parameters-list\">\n<li><span class=\"param-name\">Breathable <strong>Vestido branco Material Meesho<\/strong> to protect the inside:<\/span> Some high-end artificial leather products are also breathable. This <strong>Autom\u00f3vel CouroSapatos C\u00e3o de servi\u00e7o<\/strong> feature helps the electronics to dissipate heat during use and avoid overheating and damage to internal components;<\/li>\n<li><span class=\"param-name\">Em <strong>Casaco de couro Eco Car<\/strong> the same time, for stationery items such as notebook covers, it can also keep the paper dry and flat. Product Specification Material:<\/span> Microfiber L eather Composition: 55 Nylon + 45% Polyurethane Brand Name WINIW Company Factory Wholesale Micro Suede ManufacturersThickness: 0.4mm, 0.5mm, 0.6mm, customized Width: 54&#8243;, 137cm Color: White, Red, Blue, Green, Beige, customized colors MOQ : 300 linear meters Lead time: 1 0 -20 days Production Capacity: 1,000,000 meters monthly Place of Origin China Customized Yes Material: Microfiber L eather Composition: 55 Nylon + 45% Polyurethane Brand Name WINIW Company Factory Wholesale Micro Suede ManufacturersThickness: 0.4mm, 0.5mm, 0.6mm, customized Width: 54&#8243;, 137cm Color: White, Red, Blue, Green, Beige, customized colors MOQ : 300 linear meters Lead time: 1 0 -20 days Production Capacity: 1,000,000 meters monthly Place of Origin China Customized Yes<\/li>\n<\/ul>\n<p><img decoding=\"async\" alt=\"0.7mm Ultrasuede Microfiber Faux Leather para Luvas de Ciclismo - Especifica\u00e7\u00e3o do Material\" class=\"product-image\" src=\"\/wp-content\/uploads\/2025\/08\/07mm-ultrasuede-microfiber-faux-leather-for-cycling-gloves--37881.jpg\"\/><\/p>\n<h3>Par\u00e2metros do produto<\/h3>\n<ul class=\"parameters-list\">\n<li><span class=\"param-name\">Material:<\/span> Microfibra + PU<\/li>\n<li><span class=\"param-name\">Cor:<\/span> Preto, cinzento, bege (cores personalizadas dispon\u00edveis)<\/li>\n<li><span class=\"param-name\">Espessura:<\/span> 0,6 mm, 0,7 mm, 0,8 mm, 1 mm<\/li>\n<li><span class=\"param-name\">Quantidade m\u00ednima de encomenda:<\/span> 300 metros lineares<\/li>\n<li><span class=\"param-name\">Comprimento do rolo:<\/span> 20-30m\/rolo<\/li>\n<li><span class=\"param-name\">Prazo de entrega:<\/span> 15-20 dias<\/li>\n<li><span class=\"param-name\">Largura:<\/span> 54\u2033, 137cm<\/li>\n<li><span class=\"param-name\">Capacidade de produ\u00e7\u00e3o:<\/span> 1.000.000 de metros por m\u00eas<\/li>\n<\/ul>\n<\/section>\n<p><\/main><\/p>\n<section id=\"inquiry\">\n<h2 style=\"text-align: center;\">Sinceramente \u00e0 espera do seu inqu\u00e9rito!<\/h2>\n<p style=\"text-align: center;\">Contacte-nos hoje para saber mais sobre os nossos produtos e fazer a sua encomenda.<\/p>\n<\/section>\n\n    <div class=\"xs_social_share_widget xs_share_url after_content \t\tmain_content  wslu-style-1 wslu-share-box-shaped wslu-fill-colored wslu-none wslu-share-horizontal wslu-theme-font-no wslu-main_content\">\n\n\t\t\n        <ul>\n\t\t\t        <\/ul>\n    <\/div>","protected":false},"excerpt":{"rendered":"<div class=\"product-short-description\">Faux Leather for Electronic Devices Covering Easy Clean Microfiber PU Artificial Leather Phone Cover Material WINIW Easy Clean Microfiber PU Artificial Leather Phone Cover Material Key features include.Ideal for those seeking quality and reliability.<\/p>\n<p>Como f\u00e1brica direta, fabricante e grossista, podemos controlar rigorosamente o processo de produ\u00e7\u00e3o para garantir a qualidade do produto, proporcionando-lhe os pre\u00e7os mais favor\u00e1veis. Dispomos de equipamento de produ\u00e7\u00e3o avan\u00e7ado e de uma equipa t\u00e9cnica profissional para satisfazer as suas necessidades de encomendas em grande escala e garantir uma entrega atempada.<\/p>\n<\/div>","protected":false},"featured_media":5248,"template":"","meta":[],"product_brand":[],"product_cat":[316],"product_tag":[],"class_list":{"0":"post-29219","1":"product","2":"type-product","3":"status-publish","4":"has-post-thumbnail","6":"product_cat-faux-leather-for-electronic-devices-covering","8":"first","9":"instock","10":"product-type-simple"},"_links":{"self":[{"href":"https:\/\/www.eco-leather.com\/pt\/wp-json\/wp\/v2\/product\/29219","targetHints":{"allow":["GET"]}}],"collection":[{"href":"https:\/\/www.eco-leather.com\/pt\/wp-json\/wp\/v2\/product"}],"about":[{"href":"https:\/\/www.eco-leather.com\/pt\/wp-json\/wp\/v2\/types\/product"}],"wp:featuredmedia":[{"embeddable":true,"href":"https:\/\/www.eco-leather.com\/pt\/wp-json\/wp\/v2\/media\/5248"}],"wp:attachment":[{"href":"https:\/\/www.eco-leather.com\/pt\/wp-json\/wp\/v2\/media?parent=29219"}],"wp:term":[{"taxonomy":"product_brand","embeddable":true,"href":"https:\/\/www.eco-leather.com\/pt\/wp-json\/wp\/v2\/product_brand?post=29219"},{"taxonomy":"product_cat","embeddable":true,"href":"https:\/\/www.eco-leather.com\/pt\/wp-json\/wp\/v2\/product_cat?post=29219"},{"taxonomy":"product_tag","embeddable":true,"href":"https:\/\/www.eco-leather.com\/pt\/wp-json\/wp\/v2\/product_tag?post=29219"}],"curies":[{"name":"wp","href":"https:\/\/api.w.org\/{rel}","templated":true}]}}