{"id":29212,"date":"2025-09-07T11:01:28","date_gmt":"2025-09-07T03:01:28","guid":{"rendered":"https:\/\/www.eco-leather.com\/product\/highly-durable-vegan-microfiber-phone-case-leather-fabric-faux-material\/"},"modified":"2025-09-07T11:01:33","modified_gmt":"2025-09-07T03:01:33","slug":"capa-para-telemovel-em-microfibra-vegana-altamente-duravel-em-tecido-de-pele","status":"publish","type":"product","link":"https:\/\/www.eco-leather.com\/pt\/capa-para-telemovel-em-microfibra-vegana-altamente-duravel-em-tecido-de-pele\/","title":{"rendered":"Capa para telem\u00f3vel em microfibra vegana altamente dur\u00e1vel Material falso em tecido de couro"},"content":{"rendered":"<h2>Capa para telem\u00f3vel em microfibra vegana altamente dur\u00e1vel Fornecedor de material falso em tecido de couro<\/h2>\n<p><main><\/p>\n<section id=\"product-overview\">\n<h2>Descri\u00e7\u00e3o do produto<\/h2>\n<p>Produto <strong>Tecido para sof\u00e1 floral<\/strong> Introdu\u00e7\u00e3o Integra\u00e7\u00e3o da inova\u00e7\u00e3o e da tecnologia: Continuamos a integrar tecnologia inovadora na investiga\u00e7\u00e3o, desenvolvimento e produ\u00e7\u00e3o de produtos de couro artificial.<\/p>\n<p>Atrav\u00e9s da introdu\u00e7\u00e3o de novos materiais, novos processos e novas tecnologias, o desempenho e o n\u00edvel de qualidade dos produtos s\u00e3o continuamente melhorados. Permite-lhe apreciar a beleza e o car\u00e1cter pr\u00e1tico ao mesmo tempo, mas tamb\u00e9m sentir a conveni\u00eancia e a surpresa trazidas pelo progresso cient\u00edfico e tecnol\u00f3gico.<\/p>\n<p>Material: <strong>Caixas em pele sint\u00e9tica China<\/strong> Couro de microfibra<\/p>\n<p>Fabricado a partir de materiais de microfibra de alta qualidade, o nosso couro sint\u00e9tico de microfibra Ultrasuede de 0,7 mm \u00e9 a escolha perfeita para luvas de ciclismo. Equilibra flexibilidade e resist\u00eancia, oferecendo uma respirabilidade excecional e propriedades de absor\u00e7\u00e3o de humidade para manter as m\u00e3os frescas e secas durante passeios intensos.<\/p>\n<p>Quer se trate de um ciclista profissional ou de um ciclista de lazer, o couro em microfibra proporciona um conforto e uma prote\u00e7\u00e3o imbat\u00edveis. A sua elevada resist\u00eancia \u00e0 abras\u00e3o e aos rasg\u00f5es garante um desempenho duradouro, enquanto o design elegante confere um toque sofisticado a qualquer conjunto de ciclismo.<\/p>\n<\/section>\n<section id=\"specifications\">\n<h2>Par\u00e2metros t\u00e9cnicos<\/h2>\n<ul class_=\"parameters-list\">\n<li><span class=\"param-name\">Diversos <strong>Revendedores de tecidos para sacos<\/strong> texturas e cores:<\/span> Para satisfazer as necessidades individuais dos diferentes consumidores, oferecemos uma variedade de texturas e op\u00e7\u00f5es de cores. De <strong>Vestido branco Material Meesho<\/strong> Do cl\u00e1ssico tecido liso ao elegante crocodilo, do preto calmo \u00e0s cores vivas e vibrantes, h\u00e1 sempre algo que vai tocar o seu cora\u00e7\u00e3o.<\/li>\n<li><span class=\"param-name\">Produto <strong>Couro para vestu\u00e1rio Importado<\/strong> Especifica\u00e7\u00e3o Material:<\/span> Composi\u00e7\u00e3o: 55 Nylon + 45% Poliuretano 55 Nylon + 45% Poliuretano Nome da marca WINIW Company F\u00e1brica Fabricantes de microfibra de camur\u00e7a por atacado Espessura: 0,4 mm, 0,5 mm, 0,6 mm, largura personalizada: 54 \u2033, 137 cm Cor: Branco, Vermelho, Azul, Verde, Bege, cores personalizadas MOQ: 300 metros lineares Prazo de execu\u00e7\u00e3o: 1 0 -20 dias Capacidade de produ\u00e7\u00e3o: 1.000.000 metros mensais Local de origem China Personalizado Sim Material: Microfibra Composi\u00e7\u00e3o do couro: 55 Nylon + 45% Poliuretano Nome da marca WINIW Company F\u00e1brica Fabricantes de microfibra de camur\u00e7a por atacado Espessura: 0.4 mm, 0.5 mm, 0.6 mm, largura personalizada: 54 \u2033, 137 cm Cor: Branco, Vermelho, Azul, Verde, Bege, cores personalizadas MOQ: 300 metros lineares Prazo de execu\u00e7\u00e3o: 1 0 -20 dias Capacidade de produ\u00e7\u00e3o: 1,000,000 metros mensais Local de origem China Personalizado Sim<\/li>\n<\/ul>\n<p><img decoding=\"async\" alt=\"0.7mm Ultrasuede Microfiber Faux Leather para Luvas de Ciclismo - Especifica\u00e7\u00e3o do Material\" class=\"product-image\" src=\"\/wp-content\/uploads\/2025\/08\/07mm-ultrasuede-microfiber-faux-leather-for-cycling-gloves--37881.jpg\"\/><\/p>\n<h3>Par\u00e2metros do produto<\/h3>\n<ul class=\"parameters-list\">\n<li><span class=\"param-name\">Material:<\/span> Microfibra + PU<\/li>\n<li><span class=\"param-name\">Cor:<\/span> Preto, cinzento, bege (cores personalizadas dispon\u00edveis)<\/li>\n<li><span class=\"param-name\">Espessura:<\/span> 0,6 mm, 0,7 mm, 0,8 mm, 1 mm<\/li>\n<li><span class=\"param-name\">Quantidade m\u00ednima de encomenda:<\/span> 300 metros lineares<\/li>\n<li><span class=\"param-name\">Comprimento do rolo:<\/span> 20-30m\/rolo<\/li>\n<li><span class=\"param-name\">Prazo de entrega:<\/span> 15-20 dias<\/li>\n<li><span class=\"param-name\">Largura:<\/span> 54\u2033, 137cm<\/li>\n<li><span class=\"param-name\">Capacidade de produ\u00e7\u00e3o:<\/span> 1.000.000 de metros por m\u00eas<\/li>\n<\/ul>\n<\/section>\n<p><\/main><\/p>\n<section id=\"inquiry\">\n<h2 style=\"text-align: center;\">Sinceramente \u00e0 espera do seu inqu\u00e9rito!<\/h2>\n<p style=\"text-align: center;\">Contacte-nos hoje para saber mais sobre os nossos produtos e fazer a sua encomenda.<\/p>\n<\/section>\n\n    <div class=\"xs_social_share_widget xs_share_url after_content \t\tmain_content  wslu-style-1 wslu-share-box-shaped wslu-fill-colored wslu-none wslu-share-horizontal wslu-theme-font-no wslu-main_content\">\n\n\t\t\n        <ul>\n\t\t\t        <\/ul>\n    <\/div>","protected":false},"excerpt":{"rendered":"<div class=\"product-short-description\">Pele sint\u00e9tica para dispositivos electr\u00f3nicos Capa para telem\u00f3vel em microfibra vegana altamente dur\u00e1vel Material em tecido de pele sint\u00e9tica WINIW Capa para telem\u00f3vel em microfibra vegana altamente dur\u00e1vel Material em tecido de pele sint\u00e9tica As principais carater\u00edsticas incluem: Ideal para quem procura qualidade e fiabilidade.<\/p>\n<p>Como f\u00e1brica direta, fabricante e grossista, podemos controlar rigorosamente o processo de produ\u00e7\u00e3o para garantir a qualidade do produto, proporcionando-lhe os pre\u00e7os mais favor\u00e1veis. Dispomos de equipamento de produ\u00e7\u00e3o avan\u00e7ado e de uma equipa t\u00e9cnica profissional para satisfazer as suas necessidades de encomendas em grande escala e garantir uma entrega atempada.<\/p>\n<\/div>","protected":false},"featured_media":5234,"template":"","meta":[],"product_brand":[],"product_cat":[316],"product_tag":[],"class_list":{"0":"post-29212","1":"product","2":"type-product","3":"status-publish","4":"has-post-thumbnail","6":"product_cat-faux-leather-for-electronic-devices-covering","8":"first","9":"instock","10":"product-type-simple"},"_links":{"self":[{"href":"https:\/\/www.eco-leather.com\/pt\/wp-json\/wp\/v2\/product\/29212","targetHints":{"allow":["GET"]}}],"collection":[{"href":"https:\/\/www.eco-leather.com\/pt\/wp-json\/wp\/v2\/product"}],"about":[{"href":"https:\/\/www.eco-leather.com\/pt\/wp-json\/wp\/v2\/types\/product"}],"wp:featuredmedia":[{"embeddable":true,"href":"https:\/\/www.eco-leather.com\/pt\/wp-json\/wp\/v2\/media\/5234"}],"wp:attachment":[{"href":"https:\/\/www.eco-leather.com\/pt\/wp-json\/wp\/v2\/media?parent=29212"}],"wp:term":[{"taxonomy":"product_brand","embeddable":true,"href":"https:\/\/www.eco-leather.com\/pt\/wp-json\/wp\/v2\/product_brand?post=29212"},{"taxonomy":"product_cat","embeddable":true,"href":"https:\/\/www.eco-leather.com\/pt\/wp-json\/wp\/v2\/product_cat?post=29212"},{"taxonomy":"product_tag","embeddable":true,"href":"https:\/\/www.eco-leather.com\/pt\/wp-json\/wp\/v2\/product_tag?post=29212"}],"curies":[{"name":"wp","href":"https:\/\/api.w.org\/{rel}","templated":true}]}}