{"id":29203,"date":"2025-09-07T11:01:28","date_gmt":"2025-09-07T03:01:28","guid":{"rendered":"https:\/\/www.eco-leather.com\/product\/0-6mm-ultra-wear-resistant-pvc-leather-fabric-for-electronics-cover\/"},"modified":"2025-09-07T11:01:30","modified_gmt":"2025-09-07T03:01:30","slug":"0-6mm-ultra-wear-resistant-pvc-leather-fabric-for-electronics-cover","status":"publish","type":"product","link":"https:\/\/www.eco-leather.com\/pt\/0-6mm-ultra-wear-resistant-pvc-leather-fabric-for-electronics-cover\/","title":{"rendered":"Tecido de couro PVC de 0,6 mm ultra-resistente ao desgaste para capa de eletr\u00f3nica"},"content":{"rendered":"<h2>Couro de microfibra para estofos de autom\u00f3veis<\/h2>\n<p><main><\/p>\n<section id=\"product-overview\">\n<h2>Descri\u00e7\u00e3o do produto<\/h2>\n<p>produto <strong>Pvc Leather Material Customized<\/strong> descri\u00e7\u00e3o<\/p>\n<p>Anti-est\u00e1tico <strong>Caixas em pele sint\u00e9tica China<\/strong> Oil-resistant<\/p>\n<p>Fabricado a partir de materiais de microfibra de alta qualidade, o nosso couro sint\u00e9tico de microfibra Ultrasuede de 0,7 mm \u00e9 a escolha perfeita para luvas de ciclismo. Equilibra flexibilidade e resist\u00eancia, oferecendo uma respirabilidade excecional e propriedades de absor\u00e7\u00e3o de humidade para manter as m\u00e3os frescas e secas durante passeios intensos.<\/p>\n<p>Quer se trate de um ciclista profissional ou de um ciclista de lazer, o couro em microfibra proporciona um conforto e uma prote\u00e7\u00e3o imbat\u00edveis. A sua elevada resist\u00eancia \u00e0 abras\u00e3o e aos rasg\u00f5es garante um desempenho duradouro, enquanto o design elegante confere um toque sofisticado a qualquer conjunto de ciclismo.<\/p>\n<\/section>\n<section id=\"specifications\">\n<h2>Par\u00e2metros t\u00e9cnicos<\/h2>\n<ul class_=\"parameters-list\">\n<li><span class=\"param-name\">par\u00e2metro <strong>Couro para vestu\u00e1rio Importado<\/strong> Material:<\/span> microfibra + PU. cor: cores personalizadas. Espessura: Normalmente 1,2 mm, tamb\u00e9m 0,6 mm, 0,8 mm, 1 mm, 1,4 mm, 1,6 mm ou espessura personalizada Quantidade m\u00ednima de encomenda: 300 metros lineares.<\/li>\n<li><span class=\"param-name\">Comprimento do rolo:<\/span> 20-30m\/rolo Prazo de entrega: 15-20 dias. Largura: 54, 137cm Capacidade de produ\u00e7\u00e3o: 1.000.000 metros por m\u00eas.<\/li>\n<\/ul>\n<p><img decoding=\"async\" alt=\"0.7mm Ultrasuede Microfiber Faux Leather para Luvas de Ciclismo - Especifica\u00e7\u00e3o do Material\" class=\"product-image\" src=\"\/wp-content\/uploads\/2025\/08\/07mm-ultrasuede-microfiber-faux-leather-for-cycling-gloves--37881.jpg\"\/><\/p>\n<h3>Par\u00e2metros do produto<\/h3>\n<ul class=\"parameters-list\">\n<li><span class=\"param-name\">Material:<\/span> Microfibra + PU<\/li>\n<li><span class=\"param-name\">Cor:<\/span> Preto, cinzento, bege (cores personalizadas dispon\u00edveis)<\/li>\n<li><span class=\"param-name\">Espessura:<\/span> 0,6 mm, 0,7 mm, 0,8 mm, 1 mm<\/li>\n<li><span class=\"param-name\">Quantidade m\u00ednima de encomenda:<\/span> 300 metros lineares<\/li>\n<li><span class=\"param-name\">Comprimento do rolo:<\/span> 20-30m\/rolo<\/li>\n<li><span class=\"param-name\">Prazo de entrega:<\/span> 15-20 dias<\/li>\n<li><span class=\"param-name\">Largura:<\/span> 54\u2033, 137cm<\/li>\n<li><span class=\"param-name\">Capacidade de produ\u00e7\u00e3o:<\/span> 1.000.000 de metros por m\u00eas<\/li>\n<\/ul>\n<\/section>\n<section id=\"features\">\n<h2>Carater\u00edsticas do produto<\/h2>\n<div class=\"feature-item\">\n<img decoding=\"async\" alt=\"ThisWaterproof Sofa Fabric Exporter0\" class=\"feature-image left\" src=\"\/wp-content\/uploads\/2025\/08\/06mm-ultra-wear-resistant-pvc-leather-fabric-for-electronics-cover-31899.jpg\"\/><\/p>\n<h3>Este <strong>Exportador de tecidos para sof\u00e1s \u00e0 prova de \u00e1gua<\/strong> 0<\/h3>\n<p>Este <strong>Exportador de tecidos para sof\u00e1s \u00e0 prova de \u00e1gua<\/strong> 0.6mm high-density PVC leather features enhanced surface coating technology for ultra-wear resistance (Taber test  10,000 cycles), weatherproof (-20  to 80 ), scratch resistance, and flexibility.<\/p>\n<div class=\"clear\"><\/div>\n<\/div>\n<div class=\"feature-item\">\n<img decoding=\"async\" alt=\"DesignedWaterproof Leather Fabric Odmhsasfor electronic device covers, it supports B2B customization in size, texture, and color, complies with RoHS\/REACH standards, and suits automated cutting lines\" class=\"feature-image left\" src=\"\/wp-content\/uploads\/2025\/08\/06mm-ultra-wear-resistant-pvc-leather-fabric-for-electronics-cover-31900.jpg\"\/><\/p>\n<h3>Concebidos <strong>Couro imperme\u00e1vel Tecido Odmhsas<\/strong> for electronic device covers, it supports B2B customization in size, texture, and color, complies with RoHS\/REACH standards, and suits automated cutting lines<\/h3>\n<p>Concebidos <strong>Couro imperme\u00e1vel Tecido Odmhsas<\/strong> for electronic device covers, it supports B2B customization in size, texture, and color, complies with RoHS\/REACH standards, and suits automated cutting lines.<\/p>\n<div class=\"clear\"><\/div>\n<\/div>\n<div class=\"feature-item\">\n<img decoding=\"async\" alt=\"ProductDurable Sofa Fabric Traderdetails and features Our leather material for electronic packaging features an antistatic property, achieved through the integration of conductive additives or surface treatments, ensuring the safe handling and protection of sensitive electronic components by dissipating static charges effectively\" class=\"feature-image left\" src=\"\/wp-content\/uploads\/2025\/08\/06mm-ultra-wear-resistant-pvc-leather-fabric-for-electronics-cover-31901.jpg\"\/><\/p>\n<h3>Produto <strong>Tecido para sof\u00e1 dur\u00e1vel Trader<\/strong> Detalhes e carater\u00edsticas O nosso material de couro para embalagens electr\u00f3nicas possui uma propriedade antiest\u00e1tica, conseguida atrav\u00e9s da integra\u00e7\u00e3o de aditivos condutores ou tratamentos de superf\u00edcie, garantindo o manuseamento seguro e a prote\u00e7\u00e3o de componentes electr\u00f3nicos sens\u00edveis atrav\u00e9s da dissipa\u00e7\u00e3o eficaz de cargas est\u00e1ticas<\/h3>\n<p>Produto <strong>Tecido para sof\u00e1 dur\u00e1vel Trader<\/strong> Detalhes e carater\u00edsticas O nosso material de couro para embalagens electr\u00f3nicas possui uma propriedade antiest\u00e1tica, conseguida atrav\u00e9s da integra\u00e7\u00e3o de aditivos condutores ou tratamentos de superf\u00edcie, garantindo o manuseamento seguro e a prote\u00e7\u00e3o de componentes electr\u00f3nicos sens\u00edveis atrav\u00e9s da dissipa\u00e7\u00e3o eficaz de cargas est\u00e1ticas.<\/p>\n<div class=\"clear\"><\/div>\n<\/div>\n<div class=\"feature-item\">\n<img decoding=\"async\" alt=\"Alta resist\u00eancia \u00e0 rutura - Couro sint\u00e9tico de microfibra Ultrasuede para luvas de ciclismo\" class=\"feature-image left\" src=\"\/wp-content\/uploads\/2025\/08\/07mm-ultrasuede-microfiber-faux-leather-for-cycling-gloves--37882.jpg\"\/><\/p>\n<h3>Elevada resist\u00eancia ao rasgamento<\/h3>\n<p>O nosso couro de microfibra Ultrasuede possui uma resist\u00eancia excecional ao rasgamento, garantindo que n\u00e3o se parte ou deforma facilmente sob tens\u00e3o. Isto torna-a ideal para produtos que exigem durabilidade e desempenho a longo prazo.<\/p>\n<div class=\"clear\"><\/div>\n<\/div>\n<div class=\"feature-item\">\n<img decoding=\"async\" alt=\"Reten\u00e7\u00e3o da forma - Ultrasuede Microfibra Couro sint\u00e9tico para luvas de ciclismo\" class=\"feature-image right\" src=\"\/wp-content\/uploads\/2025\/08\/07mm-ultrasuede-microfiber-faux-leather-for-cycling-gloves--37883.jpg\"\/><\/p>\n<h3>N\u00e3o \u00e9 f\u00e1cil de deformar<\/h3>\n<p>Especialmente tratado para manter a sua forma original, este material oferece uma excelente elasticidade e estabilidade. Resiste \u00e0 deforma\u00e7\u00e3o por press\u00e3o externa ou estiramento, mantendo os produtos intactos e atractivos ao longo do tempo.<\/p>\n<div class=\"clear\"><\/div>\n<\/div>\n<div class=\"feature-item\">\n<img decoding=\"async\" alt=\"Durabilidade - Ultrasuede Microfibra Faux Leather para luvas de ciclismo\" class=\"feature-image left\" src=\"\/wp-content\/uploads\/2025\/08\/07mm-ultrasuede-microfiber-faux-leather-for-cycling-gloves--37884.jpg\"\/><\/p>\n<h3>Durabilidade<\/h3>\n<p>Extremamente resistente \u00e0 abras\u00e3o, aos rasg\u00f5es e aos furos, este material garante que as luvas se mant\u00eam em \u00f3ptimas condi\u00e7\u00f5es, mesmo com uma utiliza\u00e7\u00e3o prolongada. Mant\u00e9m tamb\u00e9m uma excelente destreza e for\u00e7a para artigos de couro de alta qualidade.<\/p>\n<div class=\"clear\"><\/div>\n<\/div>\n<\/section>\n<p><\/main><\/p>\n<section id=\"inquiry\">\n<h2 style=\"text-align: center;\">Sinceramente \u00e0 espera do seu inqu\u00e9rito!<\/h2>\n<p style=\"text-align: center;\">Contacte-nos hoje para saber mais sobre os nossos produtos e fazer a sua encomenda.<\/p>\n<\/section>\n\n    <div class=\"xs_social_share_widget xs_share_url after_content \t\tmain_content  wslu-style-1 wslu-share-box-shaped wslu-fill-colored wslu-none wslu-share-horizontal wslu-theme-font-no wslu-main_content\">\n\n\t\t\n        <ul>\n\t\t\t        <\/ul>\n    <\/div>","protected":false},"excerpt":{"rendered":"<div class=\"product-short-description\">Faux Leather for Electronic Devices Covering 0.6mm Ultra-wear Resistant PVC Leather Fabric For Electronics Cover WINIW 0.6mm Ultra-wear Resistant PVC Leather Fabric For Electronics Cover Key features include.Ideal for those seeking quality and reliability.<\/p>\n<p>Como f\u00e1brica direta, fabricante e grossista, podemos controlar rigorosamente o processo de produ\u00e7\u00e3o para garantir a qualidade do produto, proporcionando-lhe os pre\u00e7os mais favor\u00e1veis. Dispomos de equipamento de produ\u00e7\u00e3o avan\u00e7ado e de uma equipa t\u00e9cnica profissional para satisfazer as suas necessidades de encomendas em grande escala e garantir uma entrega atempada.<\/p>\n<\/div>","protected":false},"featured_media":5080,"template":"","meta":[],"product_brand":[],"product_cat":[316],"product_tag":[19045],"class_list":{"0":"post-29203","1":"product","2":"type-product","3":"status-publish","4":"has-post-thumbnail","6":"product_cat-faux-leather-for-electronic-devices-covering","7":"product_tag-pvc-leather-fabric-factorypvc-leather-fabric-exporterpvc-leather-fabric-companypvc-leather-fabric-retailerpvc-leather-fabric-oempvc-leather-fabric-bulk","9":"first","10":"instock","11":"product-type-simple"},"_links":{"self":[{"href":"https:\/\/www.eco-leather.com\/pt\/wp-json\/wp\/v2\/product\/29203","targetHints":{"allow":["GET"]}}],"collection":[{"href":"https:\/\/www.eco-leather.com\/pt\/wp-json\/wp\/v2\/product"}],"about":[{"href":"https:\/\/www.eco-leather.com\/pt\/wp-json\/wp\/v2\/types\/product"}],"wp:featuredmedia":[{"embeddable":true,"href":"https:\/\/www.eco-leather.com\/pt\/wp-json\/wp\/v2\/media\/5080"}],"wp:attachment":[{"href":"https:\/\/www.eco-leather.com\/pt\/wp-json\/wp\/v2\/media?parent=29203"}],"wp:term":[{"taxonomy":"product_brand","embeddable":true,"href":"https:\/\/www.eco-leather.com\/pt\/wp-json\/wp\/v2\/product_brand?post=29203"},{"taxonomy":"product_cat","embeddable":true,"href":"https:\/\/www.eco-leather.com\/pt\/wp-json\/wp\/v2\/product_cat?post=29203"},{"taxonomy":"product_tag","embeddable":true,"href":"https:\/\/www.eco-leather.com\/pt\/wp-json\/wp\/v2\/product_tag?post=29203"}],"curies":[{"name":"wp","href":"https:\/\/api.w.org\/{rel}","templated":true}]}}