{"id":28984,"date":"2025-09-07T10:59:28","date_gmt":"2025-09-07T02:59:28","guid":{"rendered":"https:\/\/www.eco-leather.com\/product\/1-2mm-easy-maintain-pu-imitation-leather-for-shoes\/"},"modified":"2025-09-07T10:59:31","modified_gmt":"2025-09-07T02:59:31","slug":"1-2mm-easy-maintain-pu-imitation-leather-for-shoes","status":"publish","type":"product","link":"https:\/\/www.eco-leather.com\/pt\/1-2mm-easy-maintain-pu-imitation-leather-for-shoes\/","title":{"rendered":"1.2mm Easy Maintain PU Imitation Leather for shoes"},"content":{"rendered":"<h2>Couro de microfibra para forro de sapatos<\/h2>\n<p><main><\/p>\n<section id=\"product-overview\">\n<h2>Descri\u00e7\u00e3o do produto<\/h2>\n<p>Produto <strong>Comerciante de bolsas de couro artificial<\/strong> Introdu\u00e7\u00e3o<\/p>\n<p>Clean <strong>Cal\u00e7as de couro de pelo de vaca para homem<\/strong> with just one wipe, a savior for lazy people What to do if the upper is dirty No need to wash or brush, just wipe with a wet wipe or a dry cloth, and the dust, water stains, and oil stains will all disappear.<\/p>\n<p>The white shoes can be instantly &#8220;whitened&#8221; when rubbed against mud, and you are no longer afraid of the sudden &#8220;upper crisis&#8221;. Wearing shoes every day is as comfortable as taking off new shoes. Crisp and stylish, with good looks The 1.2mm golden thickness makes the upper super &#8220;bone&#8221;-the neat outline of Chelsea boots and the stiff lines of Martin boots can be perfectly supported, and it can walk with the wind without collapsing, and it looks stylish no matter how you look at it in the photo.<\/p>\n<p>Suave <strong>Bolsas de couro em segunda m\u00e3o<\/strong> and comfortable Don&#8217;t look at it as crisp, but the inside is soft! The arc design that fits the foot shape, with a skin-friendly lining, is like giving your feet a SPA when you wear it, and there is no foot rubbing or squeezing.<\/p>\n<p>It is comfortable from morning to night, good-looking, easy to wear and easy to take care of. Who can not love it<\/p>\n<p>Fabricado a partir de materiais de microfibra de alta qualidade, o nosso couro sint\u00e9tico de microfibra Ultrasuede de 0,7 mm \u00e9 a escolha perfeita para luvas de ciclismo. Equilibra flexibilidade e resist\u00eancia, oferecendo uma respirabilidade excecional e propriedades de absor\u00e7\u00e3o de humidade para manter as m\u00e3os frescas e secas durante passeios intensos.<\/p>\n<p>Quer se trate de um ciclista profissional ou de um ciclista de lazer, o couro em microfibra proporciona um conforto e uma prote\u00e7\u00e3o imbat\u00edveis. A sua elevada resist\u00eancia \u00e0 abras\u00e3o e aos rasg\u00f5es garante um desempenho duradouro, enquanto o design elegante confere um toque sofisticado a qualquer conjunto de ciclismo.<\/p>\n<\/section>\n<section id=\"specifications\">\n<h2>Par\u00e2metros t\u00e9cnicos<\/h2>\n<ul class_=\"parameters-list\">\n<p>Good <strong>Couro para vestu\u00e1rio Importado<\/strong> news for lazy shoe lovers! This 1.2mm easy-care imitation PU leather is called the &#8220;all-round player in the shoe industry&#8221; &#8211; stepping on puddles on rainy days Just wipe it clean with a wet tissue;<\/p>\n<p>dust and stains rubbed against the shoe surface Just wipe it lightly and it will be refreshed in seconds, and you don t have to worry about dirty shoes anymore. The <strong>Autom\u00f3vel CouroSapatos C\u00e3o de servi\u00e7o<\/strong> slightly crisp thickness can support the neat lines of Chelsea boots and hold the fluffy shape of dad shoes.<\/p>\n<p>Designers love its strong plasticity, and consumers love its worry-free quality of &#8220;wearing like new for a long time&#8221;. The soft lining fits the curve of the foot and will not rub the feet after walking for a long time.<\/p>\n<li><span class=\"param-name\">Whether it is the low-key texture of commuter leather shoes or the vibrant color matching of casual sneakers, it can steadily control it, so you don t have to worry before going out every day:<\/span> &#8220;This pair of shoes looks good and worry-free no matter what you wear!&#8221; Product Specification<\/li>\n<\/ul>\n<p><img decoding=\"async\" alt=\"0.7mm Ultrasuede Microfiber Faux Leather para Luvas de Ciclismo - Especifica\u00e7\u00e3o do Material\" class=\"product-image\" src=\"\/wp-content\/uploads\/2025\/08\/07mm-ultrasuede-microfiber-faux-leather-for-cycling-gloves--37881.jpg\"\/><\/p>\n<h3>Par\u00e2metros do produto<\/h3>\n<ul class=\"parameters-list\">\n<li><span class=\"param-name\">Material:<\/span> Microfibra + PU<\/li>\n<li><span class=\"param-name\">Cor:<\/span> Preto, cinzento, bege (cores personalizadas dispon\u00edveis)<\/li>\n<li><span class=\"param-name\">Espessura:<\/span> 0,6 mm, 0,7 mm, 0,8 mm, 1 mm<\/li>\n<li><span class=\"param-name\">Quantidade m\u00ednima de encomenda:<\/span> 300 metros lineares<\/li>\n<li><span class=\"param-name\">Comprimento do rolo:<\/span> 20-30m\/rolo<\/li>\n<li><span class=\"param-name\">Prazo de entrega:<\/span> 15-20 dias<\/li>\n<li><span class=\"param-name\">Largura:<\/span> 54\u2033, 137cm<\/li>\n<li><span class=\"param-name\">Capacidade de produ\u00e7\u00e3o:<\/span> 1.000.000 de metros por m\u00eas<\/li>\n<\/ul>\n<\/section>\n<section id=\"features\">\n<h2>Carater\u00edsticas do produto<\/h2>\n<div class=\"feature-item\">\n<img decoding=\"async\" alt=\"MaterialSuede Leather Waterproof SprayMicrofiberLeather Brand Name WINIW Company Factory Wholesale PU Leather ManufacturersWidth 54\" class=\"feature-image left\" src=\"\/wp-content\/uploads\/2025\/08\/12mm-easy-maintain-pu-imitation-leather-for-shoes--30375.jpg\"\/><\/p>\n<h3>Material <strong>Spray imperme\u00e1vel para couro de camur\u00e7a<\/strong> MicrofiberLeather Brand Name WINIW Company Factory Wholesale PU Leather ManufacturersWidth 54&#8243;; 1<\/h3>\n<p>Material <strong>Spray imperme\u00e1vel para couro de camur\u00e7a<\/strong> MicrofiberLeather Brand Name WINIW Company Factory Wholesale PU Leather ManufacturersWidth 54&#8243;; 1.37m Color Red, Black,Brown, Green,accept customize Feature Wear resistant, Waterproof, Anti-Mildew, Flexible Thickness 0.6mm-2.0mm Place of Origin China Customized Yes Delivery time Usually within 15 &#8211; 25 days.<\/p>\n<div class=\"clear\"><\/div>\n<\/div>\n<div class=\"feature-item\">\n<img decoding=\"async\" alt=\"MOQ 300 metros Detalhes da embalagem 30\/50 metros por rolo\" class=\"feature-image left\" src=\"\/wp-content\/uploads\/2025\/08\/12mm-easy-maintain-pu-imitation-leather-for-shoes--30376.jpg\"\/><\/p>\n<h3>MOQ 300 metros Detalhes da embalagem 30\/50 metros por rolo<\/h3>\n<p>MOQ 300 metros Detalhes da embalagem 30\/50 metros por rolo. Ou personalizado Capacidade de produ\u00e7\u00e3o 1.000.000 metros mensais Carater\u00edstica do produto<\/p>\n<div class=\"clear\"><\/div>\n<\/div>\n<div class=\"feature-item\">\n<img decoding=\"async\" alt=\"Alta resist\u00eancia \u00e0 rutura - Couro sint\u00e9tico de microfibra Ultrasuede para luvas de ciclismo\" class=\"feature-image left\" src=\"\/wp-content\/uploads\/2025\/08\/07mm-ultrasuede-microfiber-faux-leather-for-cycling-gloves--37882.jpg\"\/><\/p>\n<h3>Elevada resist\u00eancia ao rasgamento<\/h3>\n<p>O nosso couro de microfibra Ultrasuede possui uma resist\u00eancia excecional ao rasgamento, garantindo que n\u00e3o se parte ou deforma facilmente sob tens\u00e3o. Isto torna-a ideal para produtos que exigem durabilidade e desempenho a longo prazo.<\/p>\n<div class=\"clear\"><\/div>\n<\/div>\n<div class=\"feature-item\">\n<img decoding=\"async\" alt=\"Reten\u00e7\u00e3o da forma - Ultrasuede Microfibra Couro sint\u00e9tico para luvas de ciclismo\" class=\"feature-image right\" src=\"\/wp-content\/uploads\/2025\/08\/07mm-ultrasuede-microfiber-faux-leather-for-cycling-gloves--37883.jpg\"\/><\/p>\n<h3>N\u00e3o \u00e9 f\u00e1cil de deformar<\/h3>\n<p>Especialmente tratado para manter a sua forma original, este material oferece uma excelente elasticidade e estabilidade. Resiste \u00e0 deforma\u00e7\u00e3o por press\u00e3o externa ou estiramento, mantendo os produtos intactos e atractivos ao longo do tempo.<\/p>\n<div class=\"clear\"><\/div>\n<\/div>\n<div class=\"feature-item\">\n<img decoding=\"async\" alt=\"Durabilidade - Ultrasuede Microfibra Faux Leather para luvas de ciclismo\" class=\"feature-image left\" src=\"\/wp-content\/uploads\/2025\/08\/07mm-ultrasuede-microfiber-faux-leather-for-cycling-gloves--37884.jpg\"\/><\/p>\n<h3>Durabilidade<\/h3>\n<p>Extremamente resistente \u00e0 abras\u00e3o, aos rasg\u00f5es e aos furos, este material garante que as luvas se mant\u00eam em \u00f3ptimas condi\u00e7\u00f5es, mesmo com uma utiliza\u00e7\u00e3o prolongada. Mant\u00e9m tamb\u00e9m uma excelente destreza e for\u00e7a para artigos de couro de alta qualidade.<\/p>\n<div class=\"clear\"><\/div>\n<\/div>\n<\/section>\n<p><\/main><\/p>\n<section id=\"inquiry\">\n<h2 style=\"text-align: center;\">Sinceramente \u00e0 espera do seu inqu\u00e9rito!<\/h2>\n<p style=\"text-align: center;\">Contacte-nos hoje para saber mais sobre os nossos produtos e fazer a sua encomenda.<\/p>\n<\/section>\n\n    <div class=\"xs_social_share_widget xs_share_url after_content \t\tmain_content  wslu-style-1 wslu-share-box-shaped wslu-fill-colored wslu-none wslu-share-horizontal wslu-theme-font-no wslu-main_content\">\n\n\t\t\n        <ul>\n\t\t\t        <\/ul>\n    <\/div>","protected":false},"excerpt":{"rendered":"<div class=\"product-short-description\">Shoe Leather 1.2mm Easy Maintain PU Imitation Leather for shoes  WINIW 1.2mm Easy Maintain PU Imitation Leather for shoes  Key features include MicrofiberLeather, WINIW, Width.Ideal for those seeking quality and reliability.<\/p>\n<p>Como f\u00e1brica direta, fabricante e grossista, podemos controlar rigorosamente o processo de produ\u00e7\u00e3o para garantir a qualidade do produto, proporcionando-lhe os pre\u00e7os mais favor\u00e1veis. Dispomos de equipamento de produ\u00e7\u00e3o avan\u00e7ado e de uma equipa t\u00e9cnica profissional para satisfazer as suas necessidades de encomendas em grande escala e garantir uma entrega atempada.<\/p>\n<\/div>","protected":false},"featured_media":3575,"template":"","meta":[],"product_brand":[],"product_cat":[204],"product_tag":[],"class_list":{"0":"post-28984","1":"product","2":"type-product","3":"status-publish","4":"has-post-thumbnail","6":"product_cat-shoe-leather","8":"first","9":"instock","10":"product-type-simple"},"_links":{"self":[{"href":"https:\/\/www.eco-leather.com\/pt\/wp-json\/wp\/v2\/product\/28984","targetHints":{"allow":["GET"]}}],"collection":[{"href":"https:\/\/www.eco-leather.com\/pt\/wp-json\/wp\/v2\/product"}],"about":[{"href":"https:\/\/www.eco-leather.com\/pt\/wp-json\/wp\/v2\/types\/product"}],"wp:featuredmedia":[{"embeddable":true,"href":"https:\/\/www.eco-leather.com\/pt\/wp-json\/wp\/v2\/media\/3575"}],"wp:attachment":[{"href":"https:\/\/www.eco-leather.com\/pt\/wp-json\/wp\/v2\/media?parent=28984"}],"wp:term":[{"taxonomy":"product_brand","embeddable":true,"href":"https:\/\/www.eco-leather.com\/pt\/wp-json\/wp\/v2\/product_brand?post=28984"},{"taxonomy":"product_cat","embeddable":true,"href":"https:\/\/www.eco-leather.com\/pt\/wp-json\/wp\/v2\/product_cat?post=28984"},{"taxonomy":"product_tag","embeddable":true,"href":"https:\/\/www.eco-leather.com\/pt\/wp-json\/wp\/v2\/product_tag?post=28984"}],"curies":[{"name":"wp","href":"https:\/\/api.w.org\/{rel}","templated":true}]}}