{"id":28963,"date":"2025-09-07T10:59:17","date_gmt":"2025-09-07T02:59:17","guid":{"rendered":"https:\/\/www.eco-leather.com\/product\/pfas-free-pu-imitation-suede-leather-for-safety-shoes\/"},"modified":"2025-09-07T10:59:19","modified_gmt":"2025-09-07T02:59:19","slug":"pfas-free-pu-imitacao-de-couro-de-camurca-para-calcado-de-seguranca","status":"publish","type":"product","link":"https:\/\/www.eco-leather.com\/pt\/pfas-free-pu-imitacao-de-couro-de-camurca-para-calcado-de-seguranca\/","title":{"rendered":"Imita\u00e7\u00e3o de couro de camur\u00e7a PU sem PFAS para cal\u00e7ado de seguran\u00e7a"},"content":{"rendered":"<h2>Couro de microfibra para forro de sapatos<\/h2>\n<p><main><\/p>\n<section id=\"product-overview\">\n<h2>Descri\u00e7\u00e3o do produto<\/h2>\n<p>Produto <strong>Sola em pele sint\u00e9tica<\/strong> Introdu\u00e7\u00e3o<\/p>\n<p>Chama <strong>Autom\u00f3vel CouroSapatos C\u00e3o de servi\u00e7o<\/strong> Retardamento Desempenho \u00e0 prova de \u00e1gua<\/p>\n<p>Fabricado a partir de materiais de microfibra de alta qualidade, o nosso couro sint\u00e9tico de microfibra Ultrasuede de 0,7 mm \u00e9 a escolha perfeita para luvas de ciclismo. Equilibra flexibilidade e resist\u00eancia, oferecendo uma respirabilidade excecional e propriedades de absor\u00e7\u00e3o de humidade para manter as m\u00e3os frescas e secas durante passeios intensos.<\/p>\n<p>Quer se trate de um ciclista profissional ou de um ciclista de lazer, o couro em microfibra proporciona um conforto e uma prote\u00e7\u00e3o imbat\u00edveis. A sua elevada resist\u00eancia \u00e0 abras\u00e3o e aos rasg\u00f5es garante um desempenho duradouro, enquanto o design elegante confere um toque sofisticado a qualquer conjunto de ciclismo.<\/p>\n<\/section>\n<section id=\"specifications\">\n<h2>Par\u00e2metros t\u00e9cnicos<\/h2>\n<p>Produto <strong>Couro para vestu\u00e1rio Importado<\/strong> Especifica\u00e7\u00e3o<\/p>\n<p><img decoding=\"async\" alt=\"0.7mm Ultrasuede Microfiber Faux Leather para Luvas de Ciclismo - Especifica\u00e7\u00e3o do Material\" class=\"product-image\" src=\"\/wp-content\/uploads\/2025\/08\/07mm-ultrasuede-microfiber-faux-leather-for-cycling-gloves--37881.jpg\"\/><\/p>\n<h3>Par\u00e2metros do produto<\/h3>\n<ul class=\"parameters-list\">\n<li><span class=\"param-name\">Material:<\/span> Microfibra + PU<\/li>\n<li><span class=\"param-name\">Cor:<\/span> Preto, cinzento, bege (cores personalizadas dispon\u00edveis)<\/li>\n<li><span class=\"param-name\">Espessura:<\/span> 0,6 mm, 0,7 mm, 0,8 mm, 1 mm<\/li>\n<li><span class=\"param-name\">Quantidade m\u00ednima de encomenda:<\/span> 300 metros lineares<\/li>\n<li><span class=\"param-name\">Comprimento do rolo:<\/span> 20-30m\/rolo<\/li>\n<li><span class=\"param-name\">Prazo de entrega:<\/span> 15-20 dias<\/li>\n<li><span class=\"param-name\">Largura:<\/span> 54\u2033, 137cm<\/li>\n<li><span class=\"param-name\">Capacidade de produ\u00e7\u00e3o:<\/span> 1.000.000 de metros por m\u00eas<\/li>\n<\/ul>\n<\/section>\n<section id=\"features\">\n<h2>Carater\u00edsticas do produto<\/h2>\n<div class=\"feature-item\">\n<img decoding=\"async\" alt=\"WINIWWWaterproof Leather Material ServiceCompany Factory Wholesale Fabricantes de tecidos A imita\u00e7\u00e3o de couro de camur\u00e7a PU sem PFAS proporciona uma prote\u00e7\u00e3o industrial com um acabamento elegante e sint\u00e9tico\" class=\"feature-image left\" src=\"\/wp-content\/uploads\/2025\/08\/pfas-free-pu-imitation-suede-leather-for-safety-shoes-30207.jpg\"\/><\/p>\n<h3>WINIW <strong>Material de couro imperme\u00e1vel Servi\u00e7o<\/strong> F\u00e1brica da empresa Fabricantes de tecidos por grosso A imita\u00e7\u00e3o de pele de camur\u00e7a PU sem PFAS proporciona uma prote\u00e7\u00e3o industrial com um acabamento elegante e sint\u00e9tico<\/h3>\n<p>WINIW <strong>Material de couro imperme\u00e1vel Servi\u00e7o<\/strong> Empresa F\u00e1brica Fabricantes de tecidos por grosso A imita\u00e7\u00e3o de pele de camur\u00e7a PU sem PFAS proporciona uma prote\u00e7\u00e3o industrial com um acabamento elegante e sint\u00e9tico.<\/p>\n<div class=\"clear\"><\/div>\n<\/div>\n<div class=\"feature-item\">\n<img decoding=\"async\" alt=\"Concebido para cal\u00e7ado de seguran\u00e7a, este material imita a textura da camur\u00e7a natural e oferece uma resist\u00eancia superior \u00e0 \u00e1gua e aos produtos qu\u00edmicos\" class=\"feature-image left\" src=\"\/wp-content\/uploads\/2025\/08\/pfas-free-pu-imitation-suede-leather-for-safety-shoes-30208.jpg\"\/><\/p>\n<h3>Concebido para cal\u00e7ado de seguran\u00e7a, este material imita a textura da camur\u00e7a natural e oferece uma resist\u00eancia superior \u00e0 \u00e1gua e aos produtos qu\u00edmicos<\/h3>\n<p>Concebido para cal\u00e7ado de seguran\u00e7a, este material imita a textura natural da camur\u00e7a e oferece uma resist\u00eancia superior \u00e0 \u00e1gua e aos produtos qu\u00edmicos. O seu n\u00facleo de PU refor\u00e7ado absorve o impacto durante o trabalho pesado, tornando-o ideal para ambientes de constru\u00e7\u00e3o ou de armaz\u00e9m.<\/p>\n<div class=\"clear\"><\/div>\n<\/div>\n<div class=\"feature-item\">\n<img decoding=\"async\" alt=\"Isento de PFAS nocivos, combina o respeito pelo ambiente com um elevado desempenho\" class=\"feature-image left\" src=\"\/wp-content\/uploads\/2025\/08\/pfas-free-pu-imitation-suede-leather-for-safety-shoes-30209.jpg\"\/><\/p>\n<h3>Isento de PFAS nocivos, combina o respeito pelo ambiente com um elevado desempenho<\/h3>\n<p>Sem PFAS nocivos, combina o respeito pelo ambiente com um elevado desempenho. WINIW <strong>Spray imperme\u00e1vel para couro de camur\u00e7a<\/strong> F\u00e1brica da empresa Fabricantes de tecidos por atacadoA camur\u00e7a de imita\u00e7\u00e3o PU sem PFAS \u00e9 uma alternativa econ\u00f3mica \u00e0 camur\u00e7a tradicional.<\/p>\n<div class=\"clear\"><\/div>\n<\/div>\n<div class=\"feature-item\">\n<img decoding=\"async\" alt=\"A estrutura de camada dupla combina uma base de PU almofadada para absor\u00e7\u00e3o de choques com um revestimento superior de inspira\u00e7\u00e3o nobuck para ader\u00eancia\" class=\"feature-image left\" src=\"\/wp-content\/uploads\/2025\/08\/pfas-free-pu-imitation-suede-leather-for-safety-shoes-30210.jpg\"\/><\/p>\n<h3>A estrutura de camada dupla combina uma base de PU almofadada para absor\u00e7\u00e3o de choques com um revestimento superior de inspira\u00e7\u00e3o nobuck para ader\u00eancia<\/h3>\n<p>A estrutura de camada dupla combina uma base de PU almofadada para absor\u00e7\u00e3o de choques com um revestimento superior inspirado no nobuck para ader\u00eancia. Testada para resist\u00eancia ao deslizamento em superf\u00edcies molhadas, resiste a \u00f3leo, solventes e abras\u00f5es. Leve e flex\u00edvel, \u00e9 perfeita para botas de seguran\u00e7a que requerem agilidade e durabilidade.<\/p>\n<div class=\"clear\"><\/div>\n<\/div>\n<div class=\"feature-item\">\n<img decoding=\"async\" alt=\"MaterialTecido de couro \u00e0 prova de \u00e1gua OdmhsasMicrofibraCouro Marca WINIW Company F\u00e1brica Fabricantes de tecido por grossoLargura 54\" class=\"feature-image left\" src=\"\/wp-content\/uploads\/2025\/08\/pfas-free-pu-imitation-suede-leather-for-safety-shoes-30211.jpg\"\/><\/p>\n<h3>Material <strong>Couro imperme\u00e1vel Tecido Odmhsas<\/strong> MicrofibraCouro Marca WINIW Company F\u00e1brica Fabricantes de tecidos por atacadoLargura 54\u2033; 1<\/h3>\n<p>Material <strong>Couro imperme\u00e1vel Tecido Odmhsas<\/strong> MicrofiberLeather Brand Name WINIW Company Factory Wholesale Fabricantes de tecidosWidth 54\u2033; 1.37m Color Red, Black, Brown, Green, aceitam personalizar Feature Wear resistant, Waterproof, Anti-Mildew, Flexible Thickness 0.6mm-2.0mm Place of Origin China Customized Yes Delivery time Usually within 15 - 25 days.<\/p>\n<div class=\"clear\"><\/div>\n<\/div>\n<div class=\"feature-item\">\n<h3>MOQ 300 metros Detalhes da embalagem 30\/50 metros por rolo<\/h3>\n<p>MOQ 300 metros Detalhes da embalagem 30\/50 metros por rolo. Ou personalizado Capacidade de produ\u00e7\u00e3o 1.000.000 metros mensais Carater\u00edstica do produto<\/p>\n<div class=\"clear\"><\/div>\n<\/div>\n<div class=\"feature-item\">\n<img decoding=\"async\" alt=\"Alta resist\u00eancia \u00e0 rutura - Couro sint\u00e9tico de microfibra Ultrasuede para luvas de ciclismo\" class=\"feature-image left\" src=\"\/wp-content\/uploads\/2025\/08\/07mm-ultrasuede-microfiber-faux-leather-for-cycling-gloves--37882.jpg\"\/><\/p>\n<h3>Elevada resist\u00eancia ao rasgamento<\/h3>\n<p>O nosso couro de microfibra Ultrasuede possui uma resist\u00eancia excecional ao rasgamento, garantindo que n\u00e3o se parte ou deforma facilmente sob tens\u00e3o. Isto torna-a ideal para produtos que exigem durabilidade e desempenho a longo prazo.<\/p>\n<div class=\"clear\"><\/div>\n<\/div>\n<div class=\"feature-item\">\n<img decoding=\"async\" alt=\"Reten\u00e7\u00e3o da forma - Ultrasuede Microfibra Couro sint\u00e9tico para luvas de ciclismo\" class=\"feature-image right\" src=\"\/wp-content\/uploads\/2025\/08\/07mm-ultrasuede-microfiber-faux-leather-for-cycling-gloves--37883.jpg\"\/><\/p>\n<h3>N\u00e3o \u00e9 f\u00e1cil de deformar<\/h3>\n<p>Especialmente tratado para manter a sua forma original, este material oferece uma excelente elasticidade e estabilidade. Resiste \u00e0 deforma\u00e7\u00e3o por press\u00e3o externa ou estiramento, mantendo os produtos intactos e atractivos ao longo do tempo.<\/p>\n<div class=\"clear\"><\/div>\n<\/div>\n<div class=\"feature-item\">\n<img decoding=\"async\" alt=\"Durabilidade - Ultrasuede Microfibra Faux Leather para luvas de ciclismo\" class=\"feature-image left\" src=\"\/wp-content\/uploads\/2025\/08\/07mm-ultrasuede-microfiber-faux-leather-for-cycling-gloves--37884.jpg\"\/><\/p>\n<h3>Durabilidade<\/h3>\n<p>Extremamente resistente \u00e0 abras\u00e3o, aos rasg\u00f5es e aos furos, este material garante que as luvas se mant\u00eam em \u00f3ptimas condi\u00e7\u00f5es, mesmo com uma utiliza\u00e7\u00e3o prolongada. Mant\u00e9m tamb\u00e9m uma excelente destreza e for\u00e7a para artigos de couro de alta qualidade.<\/p>\n<div class=\"clear\"><\/div>\n<\/div>\n<\/section>\n<p><\/main><\/p>\n<section id=\"inquiry\">\n<h2 style=\"text-align: center;\">Sinceramente \u00e0 espera do seu inqu\u00e9rito!<\/h2>\n<p style=\"text-align: center;\">Contacte-nos hoje para saber mais sobre os nossos produtos e fazer a sua encomenda.<\/p>\n<\/section>\n\n    <div class=\"xs_social_share_widget xs_share_url after_content \t\tmain_content  wslu-style-1 wslu-share-box-shaped wslu-fill-colored wslu-none wslu-share-horizontal wslu-theme-font-no wslu-main_content\">\n\n\t\t\n        <ul>\n\t\t\t        <\/ul>\n    <\/div>","protected":false},"excerpt":{"rendered":"<div class=\"product-short-description\">Sapato Couro PFAS Free PU Imita\u00e7\u00e3o Camur\u00e7a Couro para Sapatos de Seguran\u00e7a WINIW PFAS Free PU Imita\u00e7\u00e3o Camur\u00e7a Couro para Sapatos de Seguran\u00e7a As principais carater\u00edsticas incluem MicrofibraCouro, WINIW, Largura.Ideal para quem procura qualidade e fiabilidade.<\/p>\n<p>Como f\u00e1brica direta, fabricante e grossista, podemos controlar rigorosamente o processo de produ\u00e7\u00e3o para garantir a qualidade do produto, proporcionando-lhe os pre\u00e7os mais favor\u00e1veis. Dispomos de equipamento de produ\u00e7\u00e3o avan\u00e7ado e de uma equipa t\u00e9cnica profissional para satisfazer as suas necessidades de encomendas em grande escala e garantir uma entrega atempada.<\/p>\n<\/div>","protected":false},"featured_media":3417,"template":"","meta":[],"product_brand":[],"product_cat":[204],"product_tag":[18957],"class_list":{"0":"post-28963","1":"product","2":"type-product","3":"status-publish","4":"has-post-thumbnail","6":"product_cat-shoe-leather","7":"product_tag-imitation-suede-leathernubuck-leather-safety-shoesnubuck-tumble-leather-safety-shoesnubuck-leather-safety-shoes-suppliernubuck-leather-safety-shoes-suppliersnubuck-leather-safety-shoes-factory","9":"first","10":"instock","11":"product-type-simple"},"_links":{"self":[{"href":"https:\/\/www.eco-leather.com\/pt\/wp-json\/wp\/v2\/product\/28963","targetHints":{"allow":["GET"]}}],"collection":[{"href":"https:\/\/www.eco-leather.com\/pt\/wp-json\/wp\/v2\/product"}],"about":[{"href":"https:\/\/www.eco-leather.com\/pt\/wp-json\/wp\/v2\/types\/product"}],"wp:featuredmedia":[{"embeddable":true,"href":"https:\/\/www.eco-leather.com\/pt\/wp-json\/wp\/v2\/media\/3417"}],"wp:attachment":[{"href":"https:\/\/www.eco-leather.com\/pt\/wp-json\/wp\/v2\/media?parent=28963"}],"wp:term":[{"taxonomy":"product_brand","embeddable":true,"href":"https:\/\/www.eco-leather.com\/pt\/wp-json\/wp\/v2\/product_brand?post=28963"},{"taxonomy":"product_cat","embeddable":true,"href":"https:\/\/www.eco-leather.com\/pt\/wp-json\/wp\/v2\/product_cat?post=28963"},{"taxonomy":"product_tag","embeddable":true,"href":"https:\/\/www.eco-leather.com\/pt\/wp-json\/wp\/v2\/product_tag?post=28963"}],"curies":[{"name":"wp","href":"https:\/\/api.w.org\/{rel}","templated":true}]}}