{"id":28957,"date":"2025-09-07T10:59:17","date_gmt":"2025-09-07T02:59:17","guid":{"rendered":"https:\/\/www.eco-leather.com\/product\/pink-anti-aging-designing-espadrilles-shoe-lining-microfiber-leather\/"},"modified":"2025-09-07T10:59:17","modified_gmt":"2025-09-07T02:59:17","slug":"alpargatas-de-design-anti-envelhecimento-cor-de-rosa-forro-de-couro-de-microfibra","status":"publish","type":"product","link":"https:\/\/www.eco-leather.com\/pt\/alpargatas-de-design-anti-envelhecimento-cor-de-rosa-forro-de-couro-de-microfibra\/","title":{"rendered":"Espadrilhas com design anti-envelhecimento cor-de-rosa Forro do sapato em microfibra Couro"},"content":{"rendered":"<h2>Couro de microfibra para forro de sapatos<\/h2>\n<p><main><\/p>\n<section id=\"product-overview\">\n<h2>Descri\u00e7\u00e3o do produto<\/h2>\n<p>Produto <strong>Sola em pele sint\u00e9tica<\/strong> Introdu\u00e7\u00e3o<\/p>\n<p>Fabricado a partir de materiais de microfibra de alta qualidade, o nosso couro sint\u00e9tico de microfibra Ultrasuede de 0,7 mm \u00e9 a escolha perfeita para luvas de ciclismo. Equilibra flexibilidade e resist\u00eancia, oferecendo uma respirabilidade excecional e propriedades de absor\u00e7\u00e3o de humidade para manter as m\u00e3os frescas e secas durante passeios intensos.<\/p>\n<p>Quer se trate de um ciclista profissional ou de um ciclista de lazer, o couro em microfibra proporciona um conforto e uma prote\u00e7\u00e3o imbat\u00edveis. A sua elevada resist\u00eancia \u00e0 abras\u00e3o e aos rasg\u00f5es garante um desempenho duradouro, enquanto o design elegante confere um toque sofisticado a qualquer conjunto de ciclismo.<\/p>\n<\/section>\n<section id=\"specifications\">\n<h2>Par\u00e2metros t\u00e9cnicos<\/h2>\n<ul class_=\"parameters-list\">\n<li><span class=\"param-name\">Produto <strong>Caixas em pele sint\u00e9tica China<\/strong> Especifica\u00e7\u00e3o WINIW Company F\u00e1brica de couro de PVC por atacado Fabricantes de couro sint\u00e9tico personaliz\u00e1vel:<\/span> Eleg\u00e2ncia, durabilidade e op\u00e7\u00f5es de cores.<\/li>\n<\/ul>\n<p><img decoding=\"async\" alt=\"0.7mm Ultrasuede Microfiber Faux Leather para Luvas de Ciclismo - Especifica\u00e7\u00e3o do Material\" class=\"product-image\" src=\"\/wp-content\/uploads\/2025\/08\/07mm-ultrasuede-microfiber-faux-leather-for-cycling-gloves--37881.jpg\"\/><\/p>\n<h3>Par\u00e2metros do produto<\/h3>\n<ul class=\"parameters-list\">\n<li><span class=\"param-name\">Material:<\/span> Microfibra + PU<\/li>\n<li><span class=\"param-name\">Cor:<\/span> Preto, cinzento, bege (cores personalizadas dispon\u00edveis)<\/li>\n<li><span class=\"param-name\">Espessura:<\/span> 0,6 mm, 0,7 mm, 0,8 mm, 1 mm<\/li>\n<li><span class=\"param-name\">Quantidade m\u00ednima de encomenda:<\/span> 300 metros lineares<\/li>\n<li><span class=\"param-name\">Comprimento do rolo:<\/span> 20-30m\/rolo<\/li>\n<li><span class=\"param-name\">Prazo de entrega:<\/span> 15-20 dias<\/li>\n<li><span class=\"param-name\">Largura:<\/span> 54\u2033, 137cm<\/li>\n<li><span class=\"param-name\">Capacidade de produ\u00e7\u00e3o:<\/span> 1.000.000 de metros por m\u00eas<\/li>\n<\/ul>\n<\/section>\n<section id=\"features\">\n<h2>Carater\u00edsticas do produto<\/h2>\n<div class=\"feature-item\">\n<img decoding=\"async\" alt=\"Revolucionando a ind\u00fastria do cal\u00e7ado com inova\u00e7\u00e3o e excel\u00eancia, a WINIW Company Factory Wholesale PVC Leather Manufacturersfactory apresenta orgulhosamente a nossa Imita\u00e7\u00e3o de Couro de Microfibra Anti-Envelhecimento, especificamente adaptada para forros de sapatos de alpargatas\" class=\"feature-image left\" src=\"\/wp-content\/uploads\/2025\/08\/pink-anti-aging-designing-espadrilles-shoe-lining-microfiber-leather-30159.jpg\"\/><\/p>\n<h3>Revolucionando <strong>Spray imperme\u00e1vel para couro de camur\u00e7a<\/strong> A WINIW Company Factory Wholesale PVC Leather Manufacturersfactory apresenta orgulhosamente a nossa Imita\u00e7\u00e3o de Couro de Microfibra Anti-Envelhecimento, especificamente concebida para forros de sapatos de alpargatas<\/h3>\n<p>Revolucionando <strong>Spray imperme\u00e1vel para couro de camur\u00e7a<\/strong> a ind\u00fastria do cal\u00e7ado com inova\u00e7\u00e3o e excel\u00eancia, a WINIW Company Factory Wholesale PVC Leather Manufacturersfactory apresenta orgulhosamente o nosso Anti-Aging Imitation Microfiber Leather, especificamente adaptado para forros de sapatos espadrilles.<\/p>\n<div class=\"clear\"><\/div>\n<\/div>\n<div class=\"feature-item\">\n<img decoding=\"async\" alt=\"Fabricada com precis\u00e3o e aten\u00e7\u00e3o aos detalhes, esta pele de microfibra \u00e9 um testemunho do compromisso da WINIW Company Factory Wholesale PVC Leather Manufacturersmanufacturer com a qualidade e a sustentabilidade\" class=\"feature-image left\" src=\"\/wp-content\/uploads\/2025\/08\/pink-anti-aging-designing-espadrilles-shoe-lining-microfiber-leather-30160.jpg\"\/><\/p>\n<h3>Fabricada com precis\u00e3o e aten\u00e7\u00e3o aos detalhes, esta pele de microfibra \u00e9 um testemunho do compromisso da WINIW Company Factory Wholesale PVC Leather Manufacturersmanufacturer com a qualidade e a sustentabilidade<\/h3>\n<p>Criado com precis\u00e3o e aten\u00e7\u00e3o aos detalhes, este couro de microfibra \u00e9 um testemunho do compromisso da WINIW Company Factory Wholesale PVC Leather Manufacturersmanufacturer com a qualidade e a sustentabilidade.<\/p>\n<div class=\"clear\"><\/div>\n<\/div>\n<div class=\"feature-item\">\n<img decoding=\"async\" alt=\"Ao contr\u00e1rio dos materiais tradicionais, a nossa pele de microfibra combina o toque luxuoso da pele genu\u00edna com a durabilidade e o respeito pelo ambiente dos materiais sint\u00e9ticos modernos\" class=\"feature-image left\" src=\"\/wp-content\/uploads\/2025\/08\/pink-anti-aging-designing-espadrilles-shoe-lining-microfiber-leather-30161.jpg\"\/><\/p>\n<h3>Ao contr\u00e1rio dos materiais tradicionais, a nossa pele de microfibra combina o toque luxuoso da pele genu\u00edna com a durabilidade e o respeito pelo ambiente dos materiais sint\u00e9ticos modernos<\/h3>\n<p>Ao contr\u00e1rio dos materiais tradicionais, a nossa pele de microfibra combina o toque luxuoso da pele genu\u00edna com a durabilidade e o respeito pelo ambiente dos sint\u00e9ticos modernos. Concebido para resistir ao envelhecimento, este material mant\u00e9m a sua suavidade, a vibra\u00e7\u00e3o da cor e a integridade estrutural durante longos per\u00edodos de tempo, garantindo que cada par de alpargatas forradas com a nossa pele continua a ser uma obra-prima intemporal.<\/p>\n<div class=\"clear\"><\/div>\n<\/div>\n<div class=\"feature-item\">\n<img decoding=\"async\" alt=\"WINIWWWaterproof Faux LeathermanCompany Factory Wholesale PVC Leather ManufacturersOs processos de produ\u00e7\u00e3o de \u00faltima gera\u00e7\u00e3o da f\u00e1brica garantem um acabamento perfeito, tornando este couro de microfibra uma escolha ideal para designers e fabricantes de cal\u00e7ado exigentes \" class=\"feature-image left\" src=\"\/wp-content\/uploads\/2025\/08\/pink-anti-aging-designing-espadrilles-shoe-lining-microfiber-leather-30162.jpg\"\/><\/p>\n<h3>WINIW <strong>Leatherman falso \u00e0 prova de \u00e1gua<\/strong> Os processos de produ\u00e7\u00e3o de \u00faltima gera\u00e7\u00e3o da Company Factory Wholesale PVC Leather Manufacturersfactory garantem um acabamento perfeito, tornando esta pele de microfibra a escolha ideal para designers e fabricantes de cal\u00e7ado exigentes <\/h3>\n<p>WINIW <strong>Leatherman falso \u00e0 prova de \u00e1gua<\/strong> Os processos de produ\u00e7\u00e3o de \u00faltima gera\u00e7\u00e3o da Company Factory Wholesale PVC Leather Manufacturersfactory garantem um acabamento perfeito, tornando este couro de microfibra uma escolha ideal para designers e fabricantes de cal\u00e7ado exigentes.<\/p>\n<div class=\"clear\"><\/div>\n<\/div>\n<div class=\"feature-item\">\n<img decoding=\"async\" alt=\"Material MicrofibraCouro Nome da marca WINIW Company F\u00e1brica Fabricantes de couro PVC por atacadoLargura 54\" class=\"feature-image left\" src=\"\/wp-content\/uploads\/2025\/08\/pink-anti-aging-designing-espadrilles-shoe-lining-microfiber-leather-30163.jpg\"\/><\/p>\n<h3>Material MicrofibraCouro Nome da marca WINIW Company F\u00e1brica Fabricantes de couro de PVC por atacadoLargura 54\u2033; 1<\/h3>\n<p>Material MicrofiberLeather Brand Name WINIW Company Factory Wholesale PVC Leather ManufacturersWidth 54\u2033; 1.37m Color Red, Black,Brown, Green, accept customize Feature Wear resistant, Waterproof, Anti-Mildew, Flexible Thickness 0.6mm-2.0mm Place of Origin China Customized Yes Delivery time Usually within 15 - 25 days.<\/p>\n<div class=\"clear\"><\/div>\n<\/div>\n<div class=\"feature-item\">\n<h3>MOQ 300 metros Detalhes da embalagem 30\/50 metros por rolo<\/h3>\n<p>MOQ 300 metros Detalhes da embalagem 30\/50 metros por rolo. Ou <strong>Couro imperme\u00e1vel Tecido Odmhsas<\/strong> Capacidade de produ\u00e7\u00e3o personalizada 1.000.000 metros mensais Carater\u00edstica do produto Distinguindo-se por uma mistura de sofistica\u00e7\u00e3o e funcionalidade, o couro de microfibra de imita\u00e7\u00e3o anti-envelhecimento da WINIW Company Factory Wholesale PVC Leather Manufacturersmanufacturer oferece uma s\u00e9rie de carater\u00edsticas not\u00e1veis.<\/p>\n<div class=\"clear\"><\/div>\n<\/div>\n<div class=\"feature-item\">\n<h3>As suas propriedades anti-envelhecimento asseguram que o couro mant\u00e9m a sua textura e aspeto originais, defendendo-o dos estragos do tempo e de factores ambientais como os raios UV e a humidade<\/h3>\n<p>As suas propriedades anti-envelhecimento asseguram que o couro mant\u00e9m a sua textura e aspeto originais, defendendo-se contra a devasta\u00e7\u00e3o do tempo e de factores ambientais como os raios UV e a humidade. A composi\u00e7\u00e3o em microfibra proporciona uma respirabilidade excecional, tornando-a perfeita para forros de cal\u00e7ado, uma vez que aumenta o conforto ao permitir a circula\u00e7\u00e3o do ar, mantendo os p\u00e9s frescos e secos.<\/p>\n<div class=\"clear\"><\/div>\n<\/div>\n<div class=\"feature-item\">\n<h3>Al\u00e9m disso, este material \u00e9 leve mas robusto, oferecendo um equil\u00edbrio entre flexibilidade e resist\u00eancia que \u00e9 crucial para as alpargatas, que muitas vezes requerem uma mistura delicada de eleg\u00e2ncia casual e apoio estrutural<\/h3>\n<p>Al\u00e9m disso, este material \u00e9 leve mas robusto, oferecendo um equil\u00edbrio entre flexibilidade e resist\u00eancia que \u00e9 crucial para as alpargatas, que muitas vezes requerem uma mistura delicada de eleg\u00e2ncia casual e apoio estrutural.<\/p>\n<div class=\"clear\"><\/div>\n<\/div>\n<div class=\"feature-item\">\n<h3>A dedica\u00e7\u00e3o da WINIW Company Factory Wholesale PVC Leather Manufacturersfactory \u00e0 utiliza\u00e7\u00e3o de m\u00e9todos de produ\u00e7\u00e3o ecol\u00f3gicos garante que esta pele de microfibra n\u00e3o s\u00f3 cumpre as normas da ind\u00fastria, como tamb\u00e9m se alinha com a crescente procura de moda sustent\u00e1vel por parte dos consumidores<\/h3>\n<p>A dedica\u00e7\u00e3o da WINIW Company Factory Wholesale PVC Leather Manufacturersfactory \u00e0 utiliza\u00e7\u00e3o de m\u00e9todos de produ\u00e7\u00e3o ecol\u00f3gicos garante que esta pele de microfibra n\u00e3o s\u00f3 cumpre as normas da ind\u00fastria, como tamb\u00e9m se alinha com a crescente procura de moda sustent\u00e1vel por parte dos consumidores.<\/p>\n<div class=\"clear\"><\/div>\n<\/div>\n<div class=\"feature-item\">\n<h3>A facilidade de manuten\u00e7\u00e3o, incluindo a resist\u00eancia a manchas e riscos, sublinha ainda mais a sua adequa\u00e7\u00e3o a aplica\u00e7\u00f5es de cal\u00e7ado de alta qualidade <\/h3>\n<p>A facilidade de manuten\u00e7\u00e3o, incluindo a resist\u00eancia a manchas e riscos, sublinha ainda mais a sua adequa\u00e7\u00e3o a aplica\u00e7\u00f5es de cal\u00e7ado topo de gama.<\/p>\n<div class=\"clear\"><\/div>\n<\/div>\n<div class=\"feature-item\">\n<img decoding=\"async\" alt=\"Alta resist\u00eancia \u00e0 rutura - Couro sint\u00e9tico de microfibra Ultrasuede para luvas de ciclismo\" class=\"feature-image left\" src=\"\/wp-content\/uploads\/2025\/08\/07mm-ultrasuede-microfiber-faux-leather-for-cycling-gloves--37882.jpg\"\/><\/p>\n<h3>Elevada resist\u00eancia ao rasgamento<\/h3>\n<p>O nosso couro de microfibra Ultrasuede possui uma resist\u00eancia excecional ao rasgamento, garantindo que n\u00e3o se parte ou deforma facilmente sob tens\u00e3o. Isto torna-a ideal para produtos que exigem durabilidade e desempenho a longo prazo.<\/p>\n<div class=\"clear\"><\/div>\n<\/div>\n<div class=\"feature-item\">\n<img decoding=\"async\" alt=\"Reten\u00e7\u00e3o da forma - Ultrasuede Microfibra Couro sint\u00e9tico para luvas de ciclismo\" class=\"feature-image right\" src=\"\/wp-content\/uploads\/2025\/08\/07mm-ultrasuede-microfiber-faux-leather-for-cycling-gloves--37883.jpg\"\/><\/p>\n<h3>N\u00e3o \u00e9 f\u00e1cil de deformar<\/h3>\n<p>Especialmente tratado para manter a sua forma original, este material oferece uma excelente elasticidade e estabilidade. Resiste \u00e0 deforma\u00e7\u00e3o por press\u00e3o externa ou estiramento, mantendo os produtos intactos e atractivos ao longo do tempo.<\/p>\n<div class=\"clear\"><\/div>\n<\/div>\n<div class=\"feature-item\">\n<img decoding=\"async\" alt=\"Durabilidade - Ultrasuede Microfibra Faux Leather para luvas de ciclismo\" class=\"feature-image left\" src=\"\/wp-content\/uploads\/2025\/08\/07mm-ultrasuede-microfiber-faux-leather-for-cycling-gloves--37884.jpg\"\/><\/p>\n<h3>Durabilidade<\/h3>\n<p>Extremamente resistente \u00e0 abras\u00e3o, aos rasg\u00f5es e aos furos, este material garante que as luvas se mant\u00eam em \u00f3ptimas condi\u00e7\u00f5es, mesmo com uma utiliza\u00e7\u00e3o prolongada. Mant\u00e9m tamb\u00e9m uma excelente destreza e for\u00e7a para artigos de couro de alta qualidade.<\/p>\n<div class=\"clear\"><\/div>\n<\/div>\n<\/section>\n<section id=\"why-choose-us\">\n<h2>Porqu\u00ea escolher a WINIW<\/h2>\n<div class=\"advantage-item\">\n<h3>A nossa vantagem<\/h3>\n<p>F\u00e1brica da empresa WINIW Fabricantes de couro de PVC por atacadoMostra de produtos da f\u00e1brica<\/p>\n<\/div>\n<div class=\"advantage-item\">\n<h3>Garantia de qualidade<\/h3>\n<p>Implementamos um controlo de qualidade rigoroso em toda a cadeia de produ\u00e7\u00e3o e fornecimento, aderindo \u00e0s normas ISO9001. Desde a sele\u00e7\u00e3o da mat\u00e9ria-prima at\u00e9 \u00e0 inspe\u00e7\u00e3o final, damos prioridade aos interesses do cliente.<\/p>\n<\/div>\n<div class=\"advantage-item\">\n<h3>Equipa t\u00e9cnica profissional<\/h3>\n<p>A nossa equipa t\u00e9cnica especializada \u00e9 constitu\u00edda por profissionais experientes em v\u00e1rias \u00e1reas, dedicados a fornecer produtos de alta qualidade e solu\u00e7\u00f5es \u00e0 medida.<\/p>\n<\/div>\n<div class=\"advantage-item\">\n<h3>Vasta gama de aplica\u00e7\u00f5es<\/h3>\n<p>Os nossos materiais s\u00e3o amplamente utilizados em cal\u00e7ado, vestu\u00e1rio, bagagem, interiores de autom\u00f3veis, mobili\u00e1rio para sof\u00e1s e muito mais.<\/p>\n<\/div>\n<div class=\"advantage-item\">\n<h3>Experi\u00eancia rica<\/h3>\n<p>A Quanzhou WINIW Import &amp; Export Co., Ltd. tem mais de 20 anos de experi\u00eancia em produ\u00e7\u00e3o, oferecendo solu\u00e7\u00f5es perfeitas para clientes em todo o mundo.<\/p>\n<\/div>\n<div class=\"advantage-item\">\n<h3>Pre\u00e7o acess\u00edvel<\/h3>\n<p>Oferecemos pre\u00e7os competitivos e um excelente servi\u00e7o ao cliente. Solicite um cat\u00e1logo ou visite a nossa f\u00e1brica para explorar os nossos produtos.<\/p>\n<\/div>\n<div class=\"advantage-item\">\n<h3>Servi\u00e7o de apoio ao cliente online 24 horas por dia<\/h3>\n<p>A nossa equipa est\u00e1 dispon\u00edvel 24 horas por dia, 7 dias por semana, para responder a quest\u00f5es e responder prontamente a coment\u00e1rios.<\/p>\n<\/div>\n<p><img decoding=\"async\" alt=\"Instala\u00e7\u00e3o de produ\u00e7\u00e3o da WINIW - Processo de fabrico do couro de microfibra Ultrasuede\" class=\"product-image\" src=\"\/wp-content\/uploads\/2025\/08\/07mm-ultrasuede-microfiber-faux-leather-for-cycling-gloves--37888.jpg\"\/><br \/>\n<\/section>\n<p><\/main><\/p>\n<section id=\"inquiry\">\n<h2 style=\"text-align: center;\">Sinceramente \u00e0 espera do seu inqu\u00e9rito!<\/h2>\n<p style=\"text-align: center;\">Contacte-nos hoje para saber mais sobre os nossos produtos e fazer a sua encomenda.<\/p>\n<\/section>\n\n    <div class=\"xs_social_share_widget xs_share_url after_content \t\tmain_content  wslu-style-1 wslu-share-box-shaped wslu-fill-colored wslu-none wslu-share-horizontal wslu-theme-font-no wslu-main_content\">\n\n\t\t\n        <ul>\n\t\t\t        <\/ul>\n    <\/div>","protected":false},"excerpt":{"rendered":"<div class=\"product-short-description\">Microfiber Shoe Lining Leather Pink Anti-Aging Designing Espadrilles Shoe Lining Microfiber Leather WINIW Pink Anti-Aging Designing Espadrilles Shoe Lining Microfiber Leather As principais carater\u00edsticas incluem MicrofiberLeather, WINIW, Width.Ideal para quem procura qualidade e fiabilidade.<\/p>\n<p>Como f\u00e1brica direta, fabricante e grossista, podemos controlar rigorosamente o processo de produ\u00e7\u00e3o para garantir a qualidade do produto, proporcionando-lhe os pre\u00e7os mais favor\u00e1veis. Dispomos de equipamento de produ\u00e7\u00e3o avan\u00e7ado e de uma equipa t\u00e9cnica profissional para satisfazer as suas necessidades de encomendas em grande escala e garantir uma entrega atempada.<\/p>\n<\/div>","protected":false},"featured_media":3375,"template":"","meta":[],"product_brand":[],"product_cat":[210],"product_tag":[],"class_list":{"0":"post-28957","1":"product","2":"type-product","3":"status-publish","4":"has-post-thumbnail","6":"product_cat-microfiber-shoe-lining-leather","8":"first","9":"instock","10":"product-type-simple"},"_links":{"self":[{"href":"https:\/\/www.eco-leather.com\/pt\/wp-json\/wp\/v2\/product\/28957","targetHints":{"allow":["GET"]}}],"collection":[{"href":"https:\/\/www.eco-leather.com\/pt\/wp-json\/wp\/v2\/product"}],"about":[{"href":"https:\/\/www.eco-leather.com\/pt\/wp-json\/wp\/v2\/types\/product"}],"wp:featuredmedia":[{"embeddable":true,"href":"https:\/\/www.eco-leather.com\/pt\/wp-json\/wp\/v2\/media\/3375"}],"wp:attachment":[{"href":"https:\/\/www.eco-leather.com\/pt\/wp-json\/wp\/v2\/media?parent=28957"}],"wp:term":[{"taxonomy":"product_brand","embeddable":true,"href":"https:\/\/www.eco-leather.com\/pt\/wp-json\/wp\/v2\/product_brand?post=28957"},{"taxonomy":"product_cat","embeddable":true,"href":"https:\/\/www.eco-leather.com\/pt\/wp-json\/wp\/v2\/product_cat?post=28957"},{"taxonomy":"product_tag","embeddable":true,"href":"https:\/\/www.eco-leather.com\/pt\/wp-json\/wp\/v2\/product_tag?post=28957"}],"curies":[{"name":"wp","href":"https:\/\/api.w.org\/{rel}","templated":true}]}}