{"id":28955,"date":"2025-09-07T10:59:07","date_gmt":"2025-09-07T02:59:07","guid":{"rendered":"https:\/\/www.eco-leather.com\/product\/pfas-free-microfiber-synthetic-suede-leather-for-safety-shoes\/"},"modified":"2025-09-07T10:59:13","modified_gmt":"2025-09-07T02:59:13","slug":"couro-de-camurca-sintetica-de-microfibra-sem-pfas-para-calcado-de-seguranca","status":"publish","type":"product","link":"https:\/\/www.eco-leather.com\/pt\/couro-de-camurca-sintetica-de-microfibra-sem-pfas-para-calcado-de-seguranca\/","title":{"rendered":"Couro de camur\u00e7a sint\u00e9tica sem PFAS para cal\u00e7ado de seguran\u00e7a"},"content":{"rendered":"<h2>Couro de microfibra para forro de sapatos<\/h2>\n<p><main><\/p>\n<section id=\"product-overview\">\n<h2>Descri\u00e7\u00e3o do produto<\/h2>\n<p>Produto <strong>Couro sint\u00e9tico Spandex<\/strong> Introdu\u00e7\u00e3o<\/p>\n<p>Fabricado a partir de materiais de microfibra de alta qualidade, o nosso couro sint\u00e9tico de microfibra Ultrasuede de 0,7 mm \u00e9 a escolha perfeita para luvas de ciclismo. Equilibra flexibilidade e resist\u00eancia, oferecendo uma respirabilidade excecional e propriedades de absor\u00e7\u00e3o de humidade para manter as m\u00e3os frescas e secas durante passeios intensos.<\/p>\n<p>Quer se trate de um ciclista profissional ou de um ciclista de lazer, o couro em microfibra proporciona um conforto e uma prote\u00e7\u00e3o imbat\u00edveis. A sua elevada resist\u00eancia \u00e0 abras\u00e3o e aos rasg\u00f5es garante um desempenho duradouro, enquanto o design elegante confere um toque sofisticado a qualquer conjunto de ciclismo.<\/p>\n<\/section>\n<section id=\"specifications\">\n<h2>Par\u00e2metros t\u00e9cnicos<\/h2>\n<ul class_=\"parameters-list\">\n<li><span class=\"param-name\">Produto <strong>Caixas em pele sint\u00e9tica China<\/strong> Especifica\u00e7\u00e3o WINIW Company F\u00e1brica de tecidos por atacado Fabricantes de couro sint\u00e9tico personaliz\u00e1vel:<\/span> Eleg\u00e2ncia, durabilidade e op\u00e7\u00f5es de cores.<\/li>\n<\/ul>\n<p><img decoding=\"async\" alt=\"0.7mm Ultrasuede Microfiber Faux Leather para Luvas de Ciclismo - Especifica\u00e7\u00e3o do Material\" class=\"product-image\" src=\"\/wp-content\/uploads\/2025\/08\/07mm-ultrasuede-microfiber-faux-leather-for-cycling-gloves--37881.jpg\"\/><\/p>\n<h3>Par\u00e2metros do produto<\/h3>\n<ul class=\"parameters-list\">\n<li><span class=\"param-name\">Material:<\/span> Microfibra + PU<\/li>\n<li><span class=\"param-name\">Cor:<\/span> Preto, cinzento, bege (cores personalizadas dispon\u00edveis)<\/li>\n<li><span class=\"param-name\">Espessura:<\/span> 0,6 mm, 0,7 mm, 0,8 mm, 1 mm<\/li>\n<li><span class=\"param-name\">Quantidade m\u00ednima de encomenda:<\/span> 300 metros lineares<\/li>\n<li><span class=\"param-name\">Comprimento do rolo:<\/span> 20-30m\/rolo<\/li>\n<li><span class=\"param-name\">Prazo de entrega:<\/span> 15-20 dias<\/li>\n<li><span class=\"param-name\">Largura:<\/span> 54\u2033, 137cm<\/li>\n<li><span class=\"param-name\">Capacidade de produ\u00e7\u00e3o:<\/span> 1.000.000 de metros por m\u00eas<\/li>\n<\/ul>\n<\/section>\n<section id=\"features\">\n<h2>Carater\u00edsticas do produto<\/h2>\n<div class=\"feature-item\">\n<img decoding=\"async\" alt=\"WINIWSuede Leather Waterproof SprayCompany Factory Wholesale Fabricantes de Tecidos O couro de camur\u00e7a sint\u00e9tica de microfibra sem PFAS \u00e9 um divisor de \u00e1guas para o cal\u00e7ado de seguran\u00e7a industrial\" class=\"feature-image left\" src=\"\/wp-content\/uploads\/2025\/08\/pfas-free-microfiber-synthetic-suede-leather-for-safety-shoes-30143.jpg\"\/><\/p>\n<h3>WINIW <strong>Spray imperme\u00e1vel para couro de camur\u00e7a<\/strong> Empresa F\u00e1brica Fabricantes de tecidos por atacado O couro de camur\u00e7a sint\u00e9tica de microfibra sem PFAS \u00e9 um divisor de \u00e1guas para o cal\u00e7ado de seguran\u00e7a industrial<\/h3>\n<p>WINIW <strong>Spray imperme\u00e1vel para couro de camur\u00e7a<\/strong> Empresa F\u00e1brica Fabricantes de tecidos por grosso O couro de camur\u00e7a sint\u00e9tica de microfibra sem PFAS \u00e9 um fator de mudan\u00e7a no cal\u00e7ado de seguran\u00e7a industrial. Combinando flexibilidade leve com durabilidade de n\u00edvel industrial, este material resiste a abras\u00f5es, degrada\u00e7\u00e3o de UV e exposi\u00e7\u00e3o qu\u00edmica.<\/p>\n<div class=\"clear\"><\/div>\n<\/div>\n<div class=\"feature-item\">\n<img decoding=\"async\" alt=\"A sua estrutura em microfibra densa melhora a respirabilidade, mantendo os p\u00e9s secos durante longos turnos\" class=\"feature-image left\" src=\"\/wp-content\/uploads\/2025\/08\/pfas-free-microfiber-synthetic-suede-leather-for-safety-shoes-30144.jpg\"\/><\/p>\n<h3>A sua estrutura em microfibra densa melhora a respirabilidade, mantendo os p\u00e9s secos durante longos turnos<\/h3>\n<p>A sua estrutura de microfibras densas melhora a respirabilidade, mantendo os p\u00e9s secos durante longos turnos. Ideal para plataformas petrol\u00edferas ou pisos de fabrico, oferece resist\u00eancia ao deslizamento e isolamento t\u00e9rmico sem comprometer as normas ecol\u00f3gicas.<\/p>\n<div class=\"clear\"><\/div>\n<\/div>\n<div class=\"feature-item\">\n<img decoding=\"async\" alt=\"WINIW Company Factory Wholesale Fabricantes de Tecidos A camur\u00e7a de microfibra sem PFAS foi concebida para condi\u00e7\u00f5es extremas\" class=\"feature-image left\" src=\"\/wp-content\/uploads\/2025\/08\/pfas-free-microfiber-synthetic-suede-leather-for-safety-shoes-30145.jpg\"\/><\/p>\n<h3>WINIW Company Factory Wholesale Fabricantes de Tecidos A camur\u00e7a de microfibra sem PFAS foi concebida para condi\u00e7\u00f5es extremas<\/h3>\n<p>WINIW Company Factory Wholesale Fabricantes de TecidosPFAS-Free Microfiber Suede foi concebido para condi\u00e7\u00f5es extremas. O <strong>Leatherman falso \u00e0 prova de \u00e1gua<\/strong> A constru\u00e7\u00e3o de tr\u00eas camadas integra um n\u00facleo de PU ign\u00edfugo, uma camada interm\u00e9dia de microfibra repelente de \u00e1gua e uma superf\u00edcie de camur\u00e7a texturada.<\/p>\n<div class=\"clear\"><\/div>\n<\/div>\n<div class=\"feature-item\">\n<img decoding=\"async\" alt=\"Testado para durabilidade em climas rigorosos, resiste ao tr\u00e1fego pedonal intenso e a contaminantes industriais\" class=\"feature-image left\" src=\"\/wp-content\/uploads\/2025\/08\/pfas-free-microfiber-synthetic-suede-leather-for-safety-shoes-30146.jpg\"\/><\/p>\n<h3>Testado para durabilidade em climas rigorosos, resiste ao tr\u00e1fego pedonal intenso e a contaminantes industriais<\/h3>\n<p>Testado para durabilidade em climas rigorosos, resiste ao tr\u00e1fego pedonal intenso e a contaminantes industriais. Sem PFAS, est\u00e1 em conformidade com os regulamentos REACH e OEKO-TEX, o que o torna uma escolha segura para empresas com preocupa\u00e7\u00f5es ecol\u00f3gicas.<\/p>\n<div class=\"clear\"><\/div>\n<\/div>\n<div class=\"feature-item\">\n<img decoding=\"async\" alt=\"Material MicrofibraCouro Marca WINIW Company F\u00e1brica Fabricantes de tecidos por grossoLargura 54\" class=\"feature-image left\" src=\"\/wp-content\/uploads\/2025\/08\/pfas-free-microfiber-synthetic-suede-leather-for-safety-shoes-30147.jpg\"\/><\/p>\n<h3>Material MicrofibraCouro Nome da marca WINIW Company F\u00e1brica Fabricantes de tecidos por atacadoLargura 54\u2033; 1<\/h3>\n<p>Material MicrofibraCouro Marca WINIW Company F\u00e1brica Fabricantes de tecidos por atacadoLargura 54 \u2033; 1.37m Cor Vermelho, Preto, Marrom, Verde, aceita personaliza\u00e7\u00e3o Carater\u00edstica Resistente ao desgaste, Imperme\u00e1vel, Anti-mofo, Espessura flex\u00edvel 0.6 mm-2.0 mm Local de origem China Personalizado Sim Tempo de entrega Normalmente dentro de 15 - 25 dias.<\/p>\n<div class=\"clear\"><\/div>\n<\/div>\n<div class=\"feature-item\">\n<h3>MOQ <strong>Couro imperme\u00e1vel Tecido Odmhsas<\/strong> 300 metros Detalhes da embalagem 30\/50 metros por rolo<\/h3>\n<p>MOQ <strong>Couro imperme\u00e1vel Tecido Odmhsas<\/strong> 300 metros Detalhes da embalagem 30\/50 metros por rolo. Ou personalizado Capacidade de produ\u00e7\u00e3o 1.000.000 metros mensais Carater\u00edstica do produto Com uma estrutura de poros finos meticulosamente trabalhada, este couro de microfibra da WINIW Company Factory Wholesale Fabric Manufacturersfactory destaca-se pela sua excecional respirabilidade e suavidade.<\/p>\n<div class=\"clear\"><\/div>\n<\/div>\n<div class=\"feature-item\">\n<h3>Ao contr\u00e1rio dos materiais tradicionais, o nosso couro sint\u00e9tico \u00e9 submetido a testes rigorosos para garantir que cumpre os mais elevados padr\u00f5es de compatibilidade com o veganismo, durabilidade e flexibilidade<\/h3>\n<p>Ao contr\u00e1rio dos materiais tradicionais, o nosso couro sint\u00e9tico \u00e9 submetido a testes rigorosos para garantir que cumpre os mais elevados padr\u00f5es de compatibilidade com o veganismo, durabilidade e flexibilidade. A sua capacidade de resistir ao desgaste, juntamente com as suas propriedades de resist\u00eancia \u00e0s manchas, torna-o um investimento duradouro para v\u00e1rias aplica\u00e7\u00f5es.<\/p>\n<div class=\"clear\"><\/div>\n<\/div>\n<div class=\"feature-item\">\n<h3>Al\u00e9m disso, a consci\u00eancia ambiental incorporada em cada rolo da nossa imita\u00e7\u00e3o de pele sublinha o nosso compromisso para com a sustentabilidade, em conson\u00e2ncia com a crescente prefer\u00eancia dos consumidores por produtos com consci\u00eancia ecol\u00f3gica<\/h3>\n<p>Al\u00e9m disso, a consci\u00eancia ambiental incorporada em cada rolo da nossa imita\u00e7\u00e3o de pele sublinha o nosso compromisso para com a sustentabilidade, em conson\u00e2ncia com a crescente prefer\u00eancia dos consumidores por produtos com consci\u00eancia ecol\u00f3gica.<\/p>\n<div class=\"clear\"><\/div>\n<\/div>\n<div class=\"feature-item\">\n<h3>A combina\u00e7\u00e3o perfeita de est\u00e9tica e funcionalidade no nosso couro de microfibra de imita\u00e7\u00e3o de poros finos sublinha a experi\u00eancia da WINIW Company Factory Wholesale Fabric Manufacturersexpertise no fornecimento de solu\u00e7\u00f5es de couro artificial de primeira qualidade, adaptadas para satisfazer diversas necessidades B2B <\/h3>\n<p>A mistura perfeita de est\u00e9tica e funcionalidade no nosso couro de microfibra de imita\u00e7\u00e3o de poros finos sublinha a experi\u00eancia da WINIW Company Factory Wholesale Fabric Manufacturersexpertise em fornecer solu\u00e7\u00f5es de couro artificial de primeira linha adaptadas para atender \u00e0s diversas necessidades B2B.<\/p>\n<div class=\"clear\"><\/div>\n<\/div>\n<div class=\"feature-item\">\n<img decoding=\"async\" alt=\"Alta resist\u00eancia \u00e0 rutura - Couro sint\u00e9tico de microfibra Ultrasuede para luvas de ciclismo\" class=\"feature-image left\" src=\"\/wp-content\/uploads\/2025\/08\/07mm-ultrasuede-microfiber-faux-leather-for-cycling-gloves--37882.jpg\"\/><\/p>\n<h3>Elevada resist\u00eancia ao rasgamento<\/h3>\n<p>O nosso couro de microfibra Ultrasuede possui uma resist\u00eancia excecional ao rasgamento, garantindo que n\u00e3o se parte ou deforma facilmente sob tens\u00e3o. Isto torna-a ideal para produtos que exigem durabilidade e desempenho a longo prazo.<\/p>\n<div class=\"clear\"><\/div>\n<\/div>\n<div class=\"feature-item\">\n<img decoding=\"async\" alt=\"Reten\u00e7\u00e3o da forma - Ultrasuede Microfibra Couro sint\u00e9tico para luvas de ciclismo\" class=\"feature-image right\" src=\"\/wp-content\/uploads\/2025\/08\/07mm-ultrasuede-microfiber-faux-leather-for-cycling-gloves--37883.jpg\"\/><\/p>\n<h3>N\u00e3o \u00e9 f\u00e1cil de deformar<\/h3>\n<p>Especialmente tratado para manter a sua forma original, este material oferece uma excelente elasticidade e estabilidade. Resiste \u00e0 deforma\u00e7\u00e3o por press\u00e3o externa ou estiramento, mantendo os produtos intactos e atractivos ao longo do tempo.<\/p>\n<div class=\"clear\"><\/div>\n<\/div>\n<div class=\"feature-item\">\n<img decoding=\"async\" alt=\"Durabilidade - Ultrasuede Microfibra Faux Leather para luvas de ciclismo\" class=\"feature-image left\" src=\"\/wp-content\/uploads\/2025\/08\/07mm-ultrasuede-microfiber-faux-leather-for-cycling-gloves--37884.jpg\"\/><\/p>\n<h3>Durabilidade<\/h3>\n<p>Extremamente resistente \u00e0 abras\u00e3o, aos rasg\u00f5es e aos furos, este material garante que as luvas se mant\u00eam em \u00f3ptimas condi\u00e7\u00f5es, mesmo com uma utiliza\u00e7\u00e3o prolongada. Mant\u00e9m tamb\u00e9m uma excelente destreza e for\u00e7a para artigos de couro de alta qualidade.<\/p>\n<div class=\"clear\"><\/div>\n<\/div>\n<\/section>\n<p><\/main><\/p>\n<section id=\"inquiry\">\n<h2 style=\"text-align: center;\">Sinceramente \u00e0 espera do seu inqu\u00e9rito!<\/h2>\n<p style=\"text-align: center;\">Contacte-nos hoje para saber mais sobre os nossos produtos e fazer a sua encomenda.<\/p>\n<\/section>\n\n    <div class=\"xs_social_share_widget xs_share_url after_content \t\tmain_content  wslu-style-1 wslu-share-box-shaped wslu-fill-colored wslu-none wslu-share-horizontal wslu-theme-font-no wslu-main_content\">\n\n\t\t\n        <ul>\n\t\t\t        <\/ul>\n    <\/div>","protected":false},"excerpt":{"rendered":"<div class=\"product-short-description\">Sapato Couro PFAS Free Microfibra Couro de Camur\u00e7a Sint\u00e9tica para Sapatos de Seguran\u00e7a WINIW PFAS Free Microfibra Couro de Camur\u00e7a Sint\u00e9tica para Sapatos de Seguran\u00e7a As principais carater\u00edsticas incluem MicrofibraCouro, WINIW, Largura.Ideal para quem procura qualidade e fiabilidade.<\/p>\n<p>Como f\u00e1brica direta, fabricante e grossista, podemos controlar rigorosamente o processo de produ\u00e7\u00e3o para garantir a qualidade do produto, proporcionando-lhe os pre\u00e7os mais favor\u00e1veis. Dispomos de equipamento de produ\u00e7\u00e3o avan\u00e7ado e de uma equipa t\u00e9cnica profissional para satisfazer as suas necessidades de encomendas em grande escala e garantir uma entrega atempada.<\/p>\n<\/div>","protected":false},"featured_media":3361,"template":"","meta":[],"product_brand":[],"product_cat":[204],"product_tag":[18954],"class_list":{"0":"post-28955","1":"product","2":"type-product","3":"status-publish","4":"has-post-thumbnail","6":"product_cat-shoe-leather","7":"product_tag-microfiber-synthetic-suedesynthetic-suede-materialsynthetic-suede-fabricsynthetic-suedesynthetic-suede-material-exporterssynthetic-suede-material-export","9":"first","10":"instock","11":"product-type-simple"},"_links":{"self":[{"href":"https:\/\/www.eco-leather.com\/pt\/wp-json\/wp\/v2\/product\/28955","targetHints":{"allow":["GET"]}}],"collection":[{"href":"https:\/\/www.eco-leather.com\/pt\/wp-json\/wp\/v2\/product"}],"about":[{"href":"https:\/\/www.eco-leather.com\/pt\/wp-json\/wp\/v2\/types\/product"}],"wp:featuredmedia":[{"embeddable":true,"href":"https:\/\/www.eco-leather.com\/pt\/wp-json\/wp\/v2\/media\/3361"}],"wp:attachment":[{"href":"https:\/\/www.eco-leather.com\/pt\/wp-json\/wp\/v2\/media?parent=28955"}],"wp:term":[{"taxonomy":"product_brand","embeddable":true,"href":"https:\/\/www.eco-leather.com\/pt\/wp-json\/wp\/v2\/product_brand?post=28955"},{"taxonomy":"product_cat","embeddable":true,"href":"https:\/\/www.eco-leather.com\/pt\/wp-json\/wp\/v2\/product_cat?post=28955"},{"taxonomy":"product_tag","embeddable":true,"href":"https:\/\/www.eco-leather.com\/pt\/wp-json\/wp\/v2\/product_tag?post=28955"}],"curies":[{"name":"wp","href":"https:\/\/api.w.org\/{rel}","templated":true}]}}