{"id":28899,"date":"2025-09-07T10:58:46","date_gmt":"2025-09-07T02:58:46","guid":{"rendered":"https:\/\/www.eco-leather.com\/product\/not-easy-to-wrinkle-imitation-leather-fabric-for-making-sofa\/"},"modified":"2025-09-07T10:58:47","modified_gmt":"2025-09-07T02:58:47","slug":"tecido-de-imitacao-de-couro-para-fabrico-de-sofas-que-nao-se-enruga-facilmente","status":"publish","type":"product","link":"https:\/\/www.eco-leather.com\/pt\/tecido-de-imitacao-de-couro-para-fabrico-de-sofas-que-nao-se-enruga-facilmente\/","title":{"rendered":"Tecido de imita\u00e7\u00e3o de couro para fabrico de sof\u00e1s n\u00e3o \u00e9 f\u00e1cil de enrugar"},"content":{"rendered":"<h2>Produto em tecido de qualidade superior - Couro para vestu\u00e1rio importado, malas de couro em segunda m\u00e3o<\/h2>\n<p><main><\/p>\n<section id=\"product-overview\">\n<h2>Descri\u00e7\u00e3o do produto<\/h2>\n<p>R\u00e1pido <strong>Importador de bolsas de imita\u00e7\u00e3o de couro<\/strong> Detalhes: Descri\u00e7\u00e3o:<\/p>\n<p>Fabricado a partir de materiais de microfibra de alta qualidade, o nosso couro sint\u00e9tico de microfibra Ultrasuede de 0,7 mm \u00e9 a escolha perfeita para luvas de ciclismo. Equilibra flexibilidade e resist\u00eancia, oferecendo uma respirabilidade excecional e propriedades de absor\u00e7\u00e3o de humidade para manter as m\u00e3os frescas e secas durante passeios intensos.<\/p>\n<p>Quer se trate de um ciclista profissional ou de um ciclista de lazer, o couro em microfibra proporciona um conforto e uma prote\u00e7\u00e3o imbat\u00edveis. A sua elevada resist\u00eancia \u00e0 abras\u00e3o e aos rasg\u00f5es garante um desempenho duradouro, enquanto o design elegante confere um toque sofisticado a qualquer conjunto de ciclismo.<\/p>\n<\/section>\n<section id=\"features\">\n<h2>Carater\u00edsticas do produto<\/h2>\n<div class=\"feature-item\">\n<img decoding=\"async\" alt=\"Com a sua qualidade superior e durabilidade duradoura, este tecido de imita\u00e7\u00e3o de pele \u00e9 um \u00f3timo investimento para qualquer pessoa que esteja a remodelar a sua casa\" class=\"feature-image left\" src=\"\/wp-content\/uploads\/2025\/08\/not-easy-to-wrinkle-imitation-leather-fabric-for-making-sofa-29742.png\"\/><\/p>\n<h3>Com <strong>Leatherman falso \u00e0 prova de \u00e1gua<\/strong> a sua qualidade superior e durabilidade, este tecido de imita\u00e7\u00e3o de pele \u00e9 um \u00f3timo investimento para quem est\u00e1 a remodelar a sua casa<\/h3>\n<p>Com <strong>Leatherman falso \u00e0 prova de \u00e1gua<\/strong> A sua qualidade superior e durabilidade, este tecido de imita\u00e7\u00e3o de pele \u00e9 um \u00f3timo investimento para qualquer pessoa que esteja a remodelar a sua casa. \u00c9 f\u00e1cil de limpar e manter, garantindo que o seu sof\u00e1 ter\u00e1 um aspeto bonito e novo durante muitos anos.<\/p>\n<div class=\"clear\"><\/div>\n<\/div>\n<div class=\"feature-item\">\n<img decoding=\"async\" alt=\"Al\u00e9m disso, est\u00e1 dispon\u00edvel numa variedade de cores e texturas, permitindo-lhe escolher a op\u00e7\u00e3o perfeita para combinar com a decora\u00e7\u00e3o da sua casa\" class=\"feature-image left\" src=\"\/wp-content\/uploads\/2025\/08\/not-easy-to-wrinkle-imitation-leather-fabric-for-making-sofa-29743.png\"\/><\/p>\n<h3>Al\u00e9m disso, est\u00e1 dispon\u00edvel numa variedade de cores e texturas, permitindo-lhe escolher a op\u00e7\u00e3o perfeita para combinar com a decora\u00e7\u00e3o da sua casa<\/h3>\n<p>Al\u00e9m disso, est\u00e1 dispon\u00edvel numa variedade de cores e texturas, permitindo-lhe escolher a op\u00e7\u00e3o perfeita para combinar com a decora\u00e7\u00e3o da sua casa. Em <strong>Spray imperme\u00e1vel para couro de camur\u00e7a<\/strong> resumo, se quiser elevar o estilo da sua casa e, ao mesmo tempo, garantir conforto e durabilidade, o tecido de imita\u00e7\u00e3o de couro para fazer sof\u00e1 n\u00e3o \u00e9 f\u00e1cil de enrugar \u00e9 a escolha perfeita.<\/p>\n<div class=\"clear\"><\/div>\n<\/div>\n<div class=\"feature-item\">\n<img decoding=\"async\" alt=\"\u00c9 o tecido ideal para dar ao seu sof\u00e1 um aspeto elegante e chique e, sem d\u00favida, impressionar\u00e1 qualquer pessoa que o veja\" class=\"feature-image left\" src=\"\/wp-content\/uploads\/2025\/08\/not-easy-to-wrinkle-imitation-leather-fabric-for-making-sofa-29744.png\"\/><\/p>\n<h3>\u00c9 o tecido ideal para dar ao seu sof\u00e1 um aspeto elegante e chique e, sem d\u00favida, impressionar\u00e1 qualquer pessoa que o veja<\/h3>\n<p>\u00c9 o tecido ideal para dar ao seu sof\u00e1 um aspeto elegante e chique e, sem d\u00favida, impressionar\u00e1 qualquer pessoa que o veja. O tecido de imita\u00e7\u00e3o de pele para fazer sof\u00e1s, que n\u00e3o \u00e9 f\u00e1cil de enrugar, \u00e9 um material fant\u00e1stico que \u00e9 perfeito para fazer m\u00f3veis, especialmente sof\u00e1s.<\/p>\n<div class=\"clear\"><\/div>\n<\/div>\n<div class=\"feature-item\">\n<img decoding=\"async\" alt=\"Este tecido \u00e0 prova de \u00e1gua para sof\u00e1s tem uma carater\u00edstica \u00fanica que o distingue de outros tipos de materiais\" class=\"feature-image left\" src=\"\/wp-content\/uploads\/2025\/08\/not-easy-to-wrinkle-imitation-leather-fabric-for-making-sofa-29745.png\"\/><\/p>\n<h3>Este <strong>Exportador de tecidos para sof\u00e1s \u00e0 prova de \u00e1gua<\/strong> o tecido deslumbrante tem uma carater\u00edstica \u00fanica que o distingue de outros tipos de materiais<\/h3>\n<p>Este <strong>Exportador de tecidos para sof\u00e1s \u00e0 prova de \u00e1gua<\/strong> O tecido deslumbrante tem uma carater\u00edstica \u00fanica que o distingue de outros tipos de materiais. \u00c9 fabricado de forma a n\u00e3o se enrugar facilmente, o que garante que mant\u00e9m a sua forma e design originais durante um longo per\u00edodo de tempo.<\/p>\n<div class=\"clear\"><\/div>\n<\/div>\n<div class=\"feature-item\">\n<h3>O tecido de imita\u00e7\u00e3o de couro para fabrico de sof\u00e1s, que n\u00e3o \u00e9 f\u00e1cil de enrugar, foi concebido para oferecer durabilidade, flexibilidade e conforto<\/h3>\n<p>O tecido de imita\u00e7\u00e3o de pele para fabrico de sof\u00e1s, que n\u00e3o \u00e9 f\u00e1cil de enrugar, foi concebido para oferecer durabilidade, flexibilidade e conforto. Isto deve-se ao material de alta qualidade utilizado para fabricar o tecido, que \u00e9 cuidadosamente selecionado para garantir que cumpre os mais elevados padr\u00f5es.<\/p>\n<div class=\"clear\"><\/div>\n<\/div>\n<div class=\"feature-item\">\n<h3>Este tecido \u00e9 ideal para as pessoas que querem preservar a beleza e a qualidade dos seus m\u00f3veis, uma vez que \u00e9 resistente ao desgaste<\/h3>\n<p>Este tecido \u00e9 ideal para as pessoas que querem preservar a beleza e a qualidade dos seus m\u00f3veis, uma vez que \u00e9 resistente ao desgaste.<\/p>\n<div class=\"clear\"><\/div>\n<\/div>\n<div class=\"feature-item\">\n<img decoding=\"async\" alt=\"Alta resist\u00eancia \u00e0 rutura - Couro sint\u00e9tico de microfibra Ultrasuede para luvas de ciclismo\" class=\"feature-image left\" src=\"\/wp-content\/uploads\/2025\/08\/07mm-ultrasuede-microfiber-faux-leather-for-cycling-gloves--37882.jpg\"\/><\/p>\n<h3>Elevada resist\u00eancia ao rasgamento<\/h3>\n<p>O nosso couro de microfibra Ultrasuede possui uma resist\u00eancia excecional ao rasgamento, garantindo que n\u00e3o se parte ou deforma facilmente sob tens\u00e3o. Isto torna-a ideal para produtos que exigem durabilidade e desempenho a longo prazo.<\/p>\n<div class=\"clear\"><\/div>\n<\/div>\n<div class=\"feature-item\">\n<img decoding=\"async\" alt=\"Reten\u00e7\u00e3o da forma - Ultrasuede Microfibra Couro sint\u00e9tico para luvas de ciclismo\" class=\"feature-image right\" src=\"\/wp-content\/uploads\/2025\/08\/07mm-ultrasuede-microfiber-faux-leather-for-cycling-gloves--37883.jpg\"\/><\/p>\n<h3>N\u00e3o \u00e9 f\u00e1cil de deformar<\/h3>\n<p>Especialmente tratado para manter a sua forma original, este material oferece uma excelente elasticidade e estabilidade. Resiste \u00e0 deforma\u00e7\u00e3o por press\u00e3o externa ou estiramento, mantendo os produtos intactos e atractivos ao longo do tempo.<\/p>\n<div class=\"clear\"><\/div>\n<\/div>\n<div class=\"feature-item\">\n<img decoding=\"async\" alt=\"Durabilidade - Ultrasuede Microfibra Faux Leather para luvas de ciclismo\" class=\"feature-image left\" src=\"\/wp-content\/uploads\/2025\/08\/07mm-ultrasuede-microfiber-faux-leather-for-cycling-gloves--37884.jpg\"\/><\/p>\n<h3>Durabilidade<\/h3>\n<p>Extremamente resistente \u00e0 abras\u00e3o, aos rasg\u00f5es e aos furos, este material garante que as luvas se mant\u00eam em \u00f3ptimas condi\u00e7\u00f5es, mesmo com uma utiliza\u00e7\u00e3o prolongada. Mant\u00e9m tamb\u00e9m uma excelente destreza e for\u00e7a para artigos de couro de alta qualidade.<\/p>\n<div class=\"clear\"><\/div>\n<\/div>\n<\/section>\n<section id=\"usage\">\n<h2>Utiliza\u00e7\u00e3o e aplica\u00e7\u00f5es<\/h2>\n<p><img decoding=\"async\" _src=\"\/wp-content\/uploads\/2025\/08\/not-easy-to-wrinkle-imitation-leather-fabric-for-making-sofa-29741.png\" alt=\"Produto em tecido de qualidade superior - Couro para vestu\u00e1rio importado, malas de couro em segunda m\u00e3o\" src=\"\/wp-content\/uploads\/2025\/08\/not-easy-to-wrinkle-imitation-leather-fabric-for-making-sofa-29741.png\"\/><\/p>\n<div class=\"usage-point\">\n<h3>N\u00e3o <strong>Revendedores de tecidos para sacos<\/strong> O tecido de imita\u00e7\u00e3o de pele f\u00e1cil de enrugar para fabrico de sof\u00e1s \u00e9 a escolha perfeita para quem procura acrescentar eleg\u00e2ncia e sofistica\u00e7\u00e3o \u00e0 sua casa<\/h3>\n<p>N\u00e3o <strong>Revendedores de tecidos para sacos<\/strong> O tecido de imita\u00e7\u00e3o de pele f\u00e1cil de enrugar para fabrico de sof\u00e1s \u00e9 a escolha perfeita para quem procura acrescentar eleg\u00e2ncia e sofistica\u00e7\u00e3o \u00e0 sua casa. Este tecido de alta qualidade apresenta um aspeto elegante e moderno que ir\u00e1 certamente impressionar qualquer h\u00f3spede.<\/p>\n<\/div>\n<div class=\"usage-point\">\n<h3>\u00c9 fabricado com materiais duradouros que garantem que n\u00e3o se enrugar\u00e1 facilmente, o que o torna uma escolha ideal para utiliza\u00e7\u00e3o em \u00e1reas com muito movimento<\/h3>\n<p>\u00c9 fabricado com materiais duradouros que garantem que n\u00e3o se enrugar\u00e1 facilmente, o que o torna uma escolha ideal para utiliza\u00e7\u00e3o em \u00e1reas com muito movimento.<\/p>\n<\/div>\n<div class=\"usage-point\">\n<h3>Confort\u00e1vel e respir\u00e1vel<\/h3>\n<p>Macio, confort\u00e1vel e altamente respir\u00e1vel, este material \u00e9 perfeito para luvas de ciclismo e outros produtos utilizados durante longos per\u00edodos. Mant\u00e9m as m\u00e3os frescas e secas durante actividades extenuantes.<\/p>\n<\/div>\n<div class=\"usage-point\">\n<h3>Ecol\u00f3gico e sustent\u00e1vel<\/h3>\n<p>O nosso couro sint\u00e9tico de microfibra Ultrasuede inclui op\u00e7\u00f5es amigas do ambiente, como variantes feitas de PET reciclado e materiais \u00e0 base de plantas, reduzindo o impacto ambiental ao mesmo tempo que oferece diversas texturas.<\/p>\n<\/div>\n<div class=\"usage-point\">\n<h3>Prote\u00e7\u00e3o anti-bacteriana e contra poeiras<\/h3>\n<p>As variantes selecionadas possuem propriedades anti-bacterianas e resistentes ao p\u00f3, cumprindo elevados padr\u00f5es de higiene ideais para luvas que exigem controlos rigorosos de qualidade e seguran\u00e7a.<\/p>\n<\/div>\n<div class=\"usage-point\">\n<h3>Diversos cen\u00e1rios de aplica\u00e7\u00e3o<\/h3>\n<p>Para al\u00e9m das luvas de ciclismo, \u00e9 adequado para luvas de dedo, luvas de seguran\u00e7a e v\u00e1rios outros tipos de luvas, bem como para cal\u00e7ado, vestu\u00e1rio e acess\u00f3rios.<\/p>\n<\/div>\n<p><img decoding=\"async\" alt=\"Aplica\u00e7\u00f5es do couro sint\u00e9tico de microfibra Ultrasuede de 0,7 mm em v\u00e1rios produtos\" class=\"product-image\" src=\"\/wp-content\/uploads\/2025\/08\/07mm-ultrasuede-microfiber-faux-leather-for-cycling-gloves--37885.jpg\"\/><br \/>\n<img decoding=\"async\" alt=\"Luvas de ciclismo fabricadas em couro de microfibra Ultrasuede - exemplo de produto\" class=\"product-image\" src=\"\/wp-content\/uploads\/2025\/08\/07mm-ultrasuede-microfiber-faux-leather-for-cycling-gloves--37886.jpg\"\/><br \/>\n<\/section>\n<section id=\"why-choose-us\">\n<h2>Porqu\u00ea escolher a WINIW<\/h2>\n<div class=\"advantage-item\">\n<h3>De um modo geral, as folhas de tecido de couro sint\u00e9tico para sof\u00e1s s\u00e3o uma op\u00e7\u00e3o acess\u00edvel, duradoura e vers\u00e1til para projectos de estofos, para dar uma nova vida \u00e0 decora\u00e7\u00e3o da sua casa<\/h3>\n<p>De um modo geral, as folhas de tecido de pele sint\u00e9tica para sof\u00e1s s\u00e3o uma op\u00e7\u00e3o acess\u00edvel, duradoura e vers\u00e1til para projectos de estofos, para dar uma nova vida \u00e0 decora\u00e7\u00e3o da sua casa. Quer pretenda criar um visual cl\u00e1ssico e intemporal ou algo mais moderno e na moda, a pele sint\u00e9tica oferece uma vasta gama de estilos e texturas \u00e0 sua escolha que n\u00e3o v\u00e3o dar cabo do or\u00e7amento. Estas folhas de alta qualidade s\u00e3o adequadas para o processamento e fabrico de pe\u00e7as de estofos deslumbrantes que resistir\u00e3o ao teste do tempo.<\/p>\n<\/div>\n<div class=\"advantage-item\">\n<h3>Garantia de qualidade<\/h3>\n<p>Implementamos um controlo de qualidade rigoroso em toda a cadeia de produ\u00e7\u00e3o e fornecimento, aderindo \u00e0s normas ISO9001. Desde a sele\u00e7\u00e3o da mat\u00e9ria-prima at\u00e9 \u00e0 inspe\u00e7\u00e3o final, damos prioridade aos interesses do cliente.<\/p>\n<\/div>\n<div class=\"advantage-item\">\n<h3>Equipa t\u00e9cnica profissional<\/h3>\n<p>A nossa equipa t\u00e9cnica especializada \u00e9 constitu\u00edda por profissionais experientes em v\u00e1rias \u00e1reas, dedicados a fornecer produtos de alta qualidade e solu\u00e7\u00f5es \u00e0 medida.<\/p>\n<\/div>\n<div class=\"advantage-item\">\n<h3>Vasta gama de aplica\u00e7\u00f5es<\/h3>\n<p>Os nossos materiais s\u00e3o amplamente utilizados em cal\u00e7ado, vestu\u00e1rio, bagagem, interiores de autom\u00f3veis, mobili\u00e1rio para sof\u00e1s e muito mais.<\/p>\n<\/div>\n<div class=\"advantage-item\">\n<h3>Experi\u00eancia rica<\/h3>\n<p>A Quanzhou WINIW Import &amp; Export Co., Ltd. tem mais de 20 anos de experi\u00eancia em produ\u00e7\u00e3o, oferecendo solu\u00e7\u00f5es perfeitas para clientes em todo o mundo.<\/p>\n<\/div>\n<div class=\"advantage-item\">\n<h3>Pre\u00e7o acess\u00edvel<\/h3>\n<p>Oferecemos pre\u00e7os competitivos e um excelente servi\u00e7o ao cliente. Solicite um cat\u00e1logo ou visite a nossa f\u00e1brica para explorar os nossos produtos.<\/p>\n<\/div>\n<div class=\"advantage-item\">\n<h3>Servi\u00e7o de apoio ao cliente online 24 horas por dia<\/h3>\n<p>A nossa equipa est\u00e1 dispon\u00edvel 24 horas por dia, 7 dias por semana, para responder a quest\u00f5es e responder prontamente a coment\u00e1rios.<\/p>\n<\/div>\n<p><img decoding=\"async\" alt=\"Instala\u00e7\u00e3o de produ\u00e7\u00e3o da WINIW - Processo de fabrico do couro de microfibra Ultrasuede\" class=\"product-image\" src=\"\/wp-content\/uploads\/2025\/08\/07mm-ultrasuede-microfiber-faux-leather-for-cycling-gloves--37888.jpg\"\/><br \/>\n<\/section>\n<p><\/main><\/p>\n<section id=\"inquiry\">\n<h2 style=\"text-align: center;\">Sinceramente \u00e0 espera do seu inqu\u00e9rito!<\/h2>\n<p style=\"text-align: center;\">Contacte-nos hoje para saber mais sobre os nossos produtos e fazer a sua encomenda.<\/p>\n<\/section>\n\n    <div class=\"xs_social_share_widget xs_share_url after_content \t\tmain_content  wslu-style-1 wslu-share-box-shaped wslu-fill-colored wslu-none wslu-share-horizontal wslu-theme-font-no wslu-main_content\">\n\n\t\t\n        <ul>\n\t\t\t        <\/ul>\n    <\/div>","protected":false},"excerpt":{"rendered":"<div class=\"product-short-description\">Couro para estofos dom\u00e9sticos N\u00e3o \u00e9 f\u00e1cil de enrugar Tecido de imita\u00e7\u00e3o de couro para fazer sof\u00e1 WINIW N\u00e3o \u00e9 f\u00e1cil de enrugar Tecido de imita\u00e7\u00e3o de couro para fazer sof\u00e1 As principais carater\u00edsticas incluem: Ideal para quem procura qualidade e fiabilidade.<\/p>\n<p>Como f\u00e1brica direta, fabricante e grossista, podemos controlar rigorosamente o processo de produ\u00e7\u00e3o para garantir a qualidade do produto, proporcionando-lhe os pre\u00e7os mais favor\u00e1veis. Dispomos de equipamento de produ\u00e7\u00e3o avan\u00e7ado e de uma equipa t\u00e9cnica profissional para satisfazer as suas necessidades de encomendas em grande escala e garantir uma entrega atempada.<\/p>\n<\/div>","protected":false},"featured_media":4900,"template":"","meta":[],"product_brand":[],"product_cat":[284],"product_tag":[18923],"class_list":{"0":"post-28899","1":"product","2":"type-product","3":"status-publish","4":"has-post-thumbnail","6":"product_cat-domestic-upholstery-leather","7":"product_tag-leather-fabric-trimleather-fabric-usesliquid-leather-fabricmango-leather-fabricmichaels-leather-fabricmicro-leather-fabric","9":"first","10":"instock","11":"product-type-simple"},"_links":{"self":[{"href":"https:\/\/www.eco-leather.com\/pt\/wp-json\/wp\/v2\/product\/28899","targetHints":{"allow":["GET"]}}],"collection":[{"href":"https:\/\/www.eco-leather.com\/pt\/wp-json\/wp\/v2\/product"}],"about":[{"href":"https:\/\/www.eco-leather.com\/pt\/wp-json\/wp\/v2\/types\/product"}],"wp:featuredmedia":[{"embeddable":true,"href":"https:\/\/www.eco-leather.com\/pt\/wp-json\/wp\/v2\/media\/4900"}],"wp:attachment":[{"href":"https:\/\/www.eco-leather.com\/pt\/wp-json\/wp\/v2\/media?parent=28899"}],"wp:term":[{"taxonomy":"product_brand","embeddable":true,"href":"https:\/\/www.eco-leather.com\/pt\/wp-json\/wp\/v2\/product_brand?post=28899"},{"taxonomy":"product_cat","embeddable":true,"href":"https:\/\/www.eco-leather.com\/pt\/wp-json\/wp\/v2\/product_cat?post=28899"},{"taxonomy":"product_tag","embeddable":true,"href":"https:\/\/www.eco-leather.com\/pt\/wp-json\/wp\/v2\/product_tag?post=28899"}],"curies":[{"name":"wp","href":"https:\/\/api.w.org\/{rel}","templated":true}]}}