{"id":28896,"date":"2025-09-07T10:58:36","date_gmt":"2025-09-07T02:58:36","guid":{"rendered":"https:\/\/www.eco-leather.com\/product\/0-4mm-scratch-resistant-upholstery-leather-auto-seat-perforated-material\/"},"modified":"2025-09-07T10:58:43","modified_gmt":"2025-09-07T02:58:43","slug":"0-4mm-material-perfurado-para-estofos-em-pele-para-automovel-resistente-a-riscos","status":"publish","type":"product","link":"https:\/\/www.eco-leather.com\/pt\/0-4mm-material-perfurado-para-estofos-em-pele-para-automovel-resistente-a-riscos\/","title":{"rendered":"Material perfurado para assento de autom\u00f3vel em couro resistente a riscos de 0,4 mm"},"content":{"rendered":"<h2>0.4mm resistente a arranh\u00f5es estofos de couro auto assento perfurado material de fabrica\u00e7\u00e3o<\/h2>\n<p><main><\/p>\n<section id=\"product-overview\">\n<h2>Descri\u00e7\u00e3o do produto<\/h2>\n<p>produto <strong>Solu\u00e7\u00e3o de material para cadeiras de autom\u00f3vel<\/strong> descri\u00e7\u00e3o<\/p>\n<p>F\u00e1cil <strong>Caixas em pele sint\u00e9tica China<\/strong> O nosso couro para estofos resistente a riscos foi concebido para resistir ao teste do tempo. A sua superf\u00edcie resiste a manchas e pode ser limpa com um detergente suave, mantendo o seu interior com um aspeto fresco e novo durante muitos anos.<\/p>\n<p>Melhore o interior do seu ve\u00edculo com este couro perfurado de \u00faltima gera\u00e7\u00e3o e experimente o que h\u00e1 de mais moderno em termos de luxo e praticidade autom\u00f3vel. Quer esteja a renovar o seu condutor di\u00e1rio ou a equipar um ve\u00edculo de desempenho, este material ir\u00e1 certamente elevar o ambiente geral e a experi\u00eancia de condu\u00e7\u00e3o.<\/p>\n<p>Fabricado a partir de materiais de microfibra de alta qualidade, o nosso couro sint\u00e9tico de microfibra Ultrasuede de 0,7 mm \u00e9 a escolha perfeita para luvas de ciclismo. Equilibra flexibilidade e resist\u00eancia, oferecendo uma respirabilidade excecional e propriedades de absor\u00e7\u00e3o de humidade para manter as m\u00e3os frescas e secas durante passeios intensos.<\/p>\n<p>Quer se trate de um ciclista profissional ou de um ciclista de lazer, o couro em microfibra proporciona um conforto e uma prote\u00e7\u00e3o imbat\u00edveis. A sua elevada resist\u00eancia \u00e0 abras\u00e3o e aos rasg\u00f5es garante um desempenho duradouro, enquanto o design elegante confere um toque sofisticado a qualquer conjunto de ciclismo.<\/p>\n<\/section>\n<section id=\"specifications\">\n<h2>Par\u00e2metros t\u00e9cnicos<\/h2>\n<ul class_=\"parameters-list\">\n<li><span class=\"param-name\">par\u00e2metro <strong>Autom\u00f3vel CouroSapatos C\u00e3o de servi\u00e7o<\/strong> Material:<\/span> Couro de microfibra. cor: branco, azul, rosa, cores personalizadas. Espessura 0.6-2.0mm Quantidade m\u00ednima de encomenda: 300 metros lineares.<\/li>\n<li><span class=\"param-name\">Comprimento do rolo:<\/span> 20-30m\/rolo Prazo de entrega: 15-20 dias. Largura: 54, 137cm Capacidade de produ\u00e7\u00e3o: 1.000.000 metros por m\u00eas.<\/li>\n<\/ul>\n<p><img decoding=\"async\" alt=\"0.7mm Ultrasuede Microfiber Faux Leather para Luvas de Ciclismo - Especifica\u00e7\u00e3o do Material\" class=\"product-image\" src=\"\/wp-content\/uploads\/2025\/08\/07mm-ultrasuede-microfiber-faux-leather-for-cycling-gloves--37881.jpg\"\/><\/p>\n<h3>Par\u00e2metros do produto<\/h3>\n<ul class=\"parameters-list\">\n<li><span class=\"param-name\">Material:<\/span> Microfibra + PU<\/li>\n<li><span class=\"param-name\">Cor:<\/span> Preto, cinzento, bege (cores personalizadas dispon\u00edveis)<\/li>\n<li><span class=\"param-name\">Espessura:<\/span> 0,6 mm, 0,7 mm, 0,8 mm, 1 mm<\/li>\n<li><span class=\"param-name\">Quantidade m\u00ednima de encomenda:<\/span> 300 metros lineares<\/li>\n<li><span class=\"param-name\">Comprimento do rolo:<\/span> 20-30m\/rolo<\/li>\n<li><span class=\"param-name\">Prazo de entrega:<\/span> 15-20 dias<\/li>\n<li><span class=\"param-name\">Largura:<\/span> 54\u2033, 137cm<\/li>\n<li><span class=\"param-name\">Capacidade de produ\u00e7\u00e3o:<\/span> 1.000.000 de metros por m\u00eas<\/li>\n<\/ul>\n<\/section>\n<section id=\"features\">\n<h2>Carater\u00edsticas do produto<\/h2>\n<div class=\"feature-item\">\n<img decoding=\"async\" alt=\"IntroducingSuede Leather Waterproof Sprayour premium 0\" class=\"feature-image left\" src=\"\/wp-content\/uploads\/2025\/08\/04mm-scratch-resistant-upholstery-leather-auto-seat-perforated-material-29712.jpg\"\/><\/p>\n<h3>Apresenta\u00e7\u00e3o <strong>Spray imperme\u00e1vel para couro de camur\u00e7a<\/strong> o nosso pr\u00e9mio 0<\/h3>\n<p>Apresenta\u00e7\u00e3o <strong>Spray imperme\u00e1vel para couro de camur\u00e7a<\/strong> O nosso couro para estofos para assentos de autom\u00f3veis, resistente a riscos, de 0,4 mm, meticulosamente trabalhado para uma fus\u00e3o de estilo, durabilidade e conforto sem paralelo.<\/p>\n<div class=\"clear\"><\/div>\n<\/div>\n<div class=\"feature-item\">\n<img decoding=\"async\" alt=\"Este material perfurado foi concebido especificamente para interiores de autom\u00f3veis, oferecendo um toque luxuoso e garantindo a m\u00e1xima respirabilidade e fluxo de ar, mesmo durante as viagens mais longas\" class=\"feature-image left\" src=\"\/wp-content\/uploads\/2025\/08\/04mm-scratch-resistant-upholstery-leather-auto-seat-perforated-material-29713.jpg\"\/><\/p>\n<h3>Este material perfurado foi concebido especificamente para interiores de autom\u00f3veis, oferecendo um toque luxuoso e garantindo a m\u00e1xima respirabilidade e fluxo de ar, mesmo durante as viagens mais longas<\/h3>\n<p>Este material perfurado foi concebido especificamente para interiores de autom\u00f3veis, oferecendo um toque luxuoso e assegurando simultaneamente a m\u00e1xima respirabilidade e fluxo de ar, mesmo durante as viagens mais longas. O <strong>Leatherman falso \u00e0 prova de \u00e1gua<\/strong> A espessura de 0,4 mm \u00e9 cuidadosamente selecionada para proporcionar um equil\u00edbrio perfeito entre durabilidade e flexibilidade, garantindo uma sensa\u00e7\u00e3o de flexibilidade que se adapta \u00e0 forma do seu corpo para um ajuste personalizado.<\/p>\n<div class=\"clear\"><\/div>\n<\/div>\n<div class=\"feature-item\">\n<img decoding=\"async\" alt=\"A suavidade natural do couro, combinada com a sua resist\u00eancia melhorada a riscos e arranh\u00f5es, torna-o a escolha ideal para condutores exigentes que exigem o melhor para os seus ve\u00edculos\" class=\"feature-image left\" src=\"\/wp-content\/uploads\/2025\/08\/04mm-scratch-resistant-upholstery-leather-auto-seat-perforated-material-29714.jpg\"\/><\/p>\n<h3>A suavidade natural do couro, combinada com a sua resist\u00eancia melhorada a riscos e arranh\u00f5es, torna-o a escolha ideal para condutores exigentes que procuram o melhor para os seus ve\u00edculos<\/h3>\n<p>A suavidade natural do couro, combinada com a sua resist\u00eancia melhorada a riscos e arranh\u00f5es, torna-o a escolha ideal para condutores exigentes que procuram o melhor para os seus ve\u00edculos.<\/p>\n<div class=\"clear\"><\/div>\n<\/div>\n<div class=\"feature-item\">\n<img decoding=\"async\" alt=\"Alta resist\u00eancia \u00e0 rutura - Couro sint\u00e9tico de microfibra Ultrasuede para luvas de ciclismo\" class=\"feature-image left\" src=\"\/wp-content\/uploads\/2025\/08\/07mm-ultrasuede-microfiber-faux-leather-for-cycling-gloves--37882.jpg\"\/><\/p>\n<h3>Elevada resist\u00eancia ao rasgamento<\/h3>\n<p>O nosso couro de microfibra Ultrasuede possui uma resist\u00eancia excecional ao rasgamento, garantindo que n\u00e3o se parte ou deforma facilmente sob tens\u00e3o. Isto torna-a ideal para produtos que exigem durabilidade e desempenho a longo prazo.<\/p>\n<div class=\"clear\"><\/div>\n<\/div>\n<div class=\"feature-item\">\n<img decoding=\"async\" alt=\"Reten\u00e7\u00e3o da forma - Ultrasuede Microfibra Couro sint\u00e9tico para luvas de ciclismo\" class=\"feature-image right\" src=\"\/wp-content\/uploads\/2025\/08\/07mm-ultrasuede-microfiber-faux-leather-for-cycling-gloves--37883.jpg\"\/><\/p>\n<h3>N\u00e3o \u00e9 f\u00e1cil de deformar<\/h3>\n<p>Especialmente tratado para manter a sua forma original, este material oferece uma excelente elasticidade e estabilidade. Resiste \u00e0 deforma\u00e7\u00e3o por press\u00e3o externa ou estiramento, mantendo os produtos intactos e atractivos ao longo do tempo.<\/p>\n<div class=\"clear\"><\/div>\n<\/div>\n<div class=\"feature-item\">\n<img decoding=\"async\" alt=\"Durabilidade - Ultrasuede Microfibra Faux Leather para luvas de ciclismo\" class=\"feature-image left\" src=\"\/wp-content\/uploads\/2025\/08\/07mm-ultrasuede-microfiber-faux-leather-for-cycling-gloves--37884.jpg\"\/><\/p>\n<h3>Durabilidade<\/h3>\n<p>Extremamente resistente \u00e0 abras\u00e3o, aos rasg\u00f5es e aos furos, este material garante que as luvas se mant\u00eam em \u00f3ptimas condi\u00e7\u00f5es, mesmo com uma utiliza\u00e7\u00e3o prolongada. Mant\u00e9m tamb\u00e9m uma excelente destreza e for\u00e7a para artigos de couro de alta qualidade.<\/p>\n<div class=\"clear\"><\/div>\n<\/div>\n<\/section>\n<section id=\"usage\">\n<h2>Utiliza\u00e7\u00e3o e aplica\u00e7\u00f5es<\/h2>\n<p><img decoding=\"async\" alt=\"Aplica\u00e7\u00e3o de material de qualidade - Vestido Branco Material Meesho, Vestu\u00e1rio Couro Importado\" data-mce-file-size=\"NaN\" data-mce-file-status=\"1\" height=\"auto\" jpg=\"\" src=\"\/wp-content\/uploads\/2025\/08\/04mm-scratch-resistant-upholstery-leather-auto-seat-perforated-material-29715.jpg\" width=\"auto\"\/><\/p>\n<div class=\"usage-point\">\n<h3>Artesanal <strong>Couro para vestu\u00e1rio Importado<\/strong> Fabricado em couro de alta qualidade, este estofo possui uma resist\u00eancia excecional aos riscos, garantindo que os seus bancos mant\u00eam o seu aspeto imaculado, mesmo em caso de utiliza\u00e7\u00e3o intensa e desgaste di\u00e1rio<\/h3>\n<p>Artesanal <strong>Couro para vestu\u00e1rio Importado<\/strong> Fabricado em couro de alta qualidade, este estofo possui uma resist\u00eancia excecional aos riscos, garantindo que os seus bancos mant\u00eam o seu aspeto imaculado mesmo com uma utiliza\u00e7\u00e3o intensa e com o desgaste di\u00e1rio.<\/p>\n<\/div>\n<div class=\"usage-point\">\n<h3>O meticuloso processo de perfura\u00e7\u00e3o n\u00e3o s\u00f3 melhora o aspeto est\u00e9tico com um toque moderno e desportivo, como tamb\u00e9m gere eficazmente o calor e a humidade, mantendo-o fresco e seco em condi\u00e7\u00f5es meteorol\u00f3gicas mais quentes<\/h3>\n<p>O meticuloso processo de perfura\u00e7\u00e3o n\u00e3o s\u00f3 melhora o aspeto est\u00e9tico com um toque moderno e desportivo, como tamb\u00e9m gere eficazmente o calor e a humidade, mantendo-o fresco e seco em condi\u00e7\u00f5es meteorol\u00f3gicas mais quentes.<\/p>\n<\/div>\n<div class=\"usage-point\">\n<h3>Confort\u00e1vel e respir\u00e1vel<\/h3>\n<p>Macio, confort\u00e1vel e altamente respir\u00e1vel, este material \u00e9 perfeito para luvas de ciclismo e outros produtos utilizados durante longos per\u00edodos. Mant\u00e9m as m\u00e3os frescas e secas durante actividades extenuantes.<\/p>\n<\/div>\n<div class=\"usage-point\">\n<h3>Ecol\u00f3gico e sustent\u00e1vel<\/h3>\n<p>O nosso couro sint\u00e9tico de microfibra Ultrasuede inclui op\u00e7\u00f5es amigas do ambiente, como variantes feitas de PET reciclado e materiais \u00e0 base de plantas, reduzindo o impacto ambiental ao mesmo tempo que oferece diversas texturas.<\/p>\n<\/div>\n<div class=\"usage-point\">\n<h3>Prote\u00e7\u00e3o anti-bacteriana e contra poeiras<\/h3>\n<p>As variantes selecionadas possuem propriedades anti-bacterianas e resistentes ao p\u00f3, cumprindo elevados padr\u00f5es de higiene ideais para luvas que exigem controlos rigorosos de qualidade e seguran\u00e7a.<\/p>\n<\/div>\n<div class=\"usage-point\">\n<h3>Diversos cen\u00e1rios de aplica\u00e7\u00e3o<\/h3>\n<p>Para al\u00e9m das luvas de ciclismo, \u00e9 adequado para luvas de dedo, luvas de seguran\u00e7a e v\u00e1rios outros tipos de luvas, bem como para cal\u00e7ado, vestu\u00e1rio e acess\u00f3rios.<\/p>\n<\/div>\n<p><img decoding=\"async\" alt=\"Aplica\u00e7\u00f5es do couro sint\u00e9tico de microfibra Ultrasuede de 0,7 mm em v\u00e1rios produtos\" class=\"product-image\" src=\"\/wp-content\/uploads\/2025\/08\/07mm-ultrasuede-microfiber-faux-leather-for-cycling-gloves--37885.jpg\"\/><br \/>\n<img decoding=\"async\" alt=\"Luvas de ciclismo fabricadas em couro de microfibra Ultrasuede - exemplo de produto\" class=\"product-image\" src=\"\/wp-content\/uploads\/2025\/08\/07mm-ultrasuede-microfiber-faux-leather-for-cycling-gloves--37886.jpg\"\/><br \/>\n<\/section>\n<p><\/main><\/p>\n<section id=\"inquiry\">\n<h2 style=\"text-align: center;\">Sinceramente \u00e0 espera do seu inqu\u00e9rito!<\/h2>\n<p style=\"text-align: center;\">Contacte-nos hoje para saber mais sobre os nossos produtos e fazer a sua encomenda.<\/p>\n<\/section>\n\n    <div class=\"xs_social_share_widget xs_share_url after_content \t\tmain_content  wslu-style-1 wslu-share-box-shaped wslu-fill-colored wslu-none wslu-share-horizontal wslu-theme-font-no wslu-main_content\">\n\n\t\t\n        <ul>\n\t\t\t        <\/ul>\n    <\/div>","protected":false},"excerpt":{"rendered":"<div class=\"product-short-description\">Couro Automotivo 0.4mm Resistente a Arranh\u00f5es Couro para Estofados Material Perfurado para Assento Automotivo WINIW 0.4mm Resistente a Arranh\u00f5es Couro para Estofados Material Perfurado para Assento Automotivo As principais carater\u00edsticas incluem: Ideal para quem procura qualidade e confiabilidade.<\/p>\n<p>Como f\u00e1brica direta, fabricante e grossista, podemos controlar rigorosamente o processo de produ\u00e7\u00e3o para garantir a qualidade do produto, proporcionando-lhe os pre\u00e7os mais favor\u00e1veis. Dispomos de equipamento de produ\u00e7\u00e3o avan\u00e7ado e de uma equipa t\u00e9cnica profissional para satisfazer as suas necessidades de encomendas em grande escala e garantir uma entrega atempada.<\/p>\n<\/div>","protected":false},"featured_media":5370,"template":"","meta":[],"product_brand":[],"product_cat":[50],"product_tag":[18920],"class_list":{"0":"post-28896","1":"product","2":"type-product","3":"status-publish","4":"has-post-thumbnail","6":"product_cat-automotive-leather","7":"product_tag-genuine-leather-auto-seat-coversleather-auto-seat-covers-replacementcustom-leather-auto-seat-coversleather-auto-seat-covers-custom-fitleather-auto-seat-coversbest-leather-auto-seat-covers","9":"first","10":"instock","11":"product-type-simple"},"_links":{"self":[{"href":"https:\/\/www.eco-leather.com\/pt\/wp-json\/wp\/v2\/product\/28896","targetHints":{"allow":["GET"]}}],"collection":[{"href":"https:\/\/www.eco-leather.com\/pt\/wp-json\/wp\/v2\/product"}],"about":[{"href":"https:\/\/www.eco-leather.com\/pt\/wp-json\/wp\/v2\/types\/product"}],"wp:featuredmedia":[{"embeddable":true,"href":"https:\/\/www.eco-leather.com\/pt\/wp-json\/wp\/v2\/media\/5370"}],"wp:attachment":[{"href":"https:\/\/www.eco-leather.com\/pt\/wp-json\/wp\/v2\/media?parent=28896"}],"wp:term":[{"taxonomy":"product_brand","embeddable":true,"href":"https:\/\/www.eco-leather.com\/pt\/wp-json\/wp\/v2\/product_brand?post=28896"},{"taxonomy":"product_cat","embeddable":true,"href":"https:\/\/www.eco-leather.com\/pt\/wp-json\/wp\/v2\/product_cat?post=28896"},{"taxonomy":"product_tag","embeddable":true,"href":"https:\/\/www.eco-leather.com\/pt\/wp-json\/wp\/v2\/product_tag?post=28896"}],"curies":[{"name":"wp","href":"https:\/\/api.w.org\/{rel}","templated":true}]}}