{"id":28887,"date":"2025-09-07T10:58:36","date_gmt":"2025-09-07T02:58:36","guid":{"rendered":"https:\/\/www.eco-leather.com\/product\/0-4mm-design-and-style-automotive-seat-upholstery-embossed-fabric-leather\/"},"modified":"2025-09-07T10:58:40","modified_gmt":"2025-09-07T02:58:40","slug":"0-4mm-design-e-estilo-estofos-de-assento-automovel-tecido-em-relevo-couro","status":"publish","type":"product","link":"https:\/\/www.eco-leather.com\/pt\/0-4mm-design-e-estilo-estofos-de-assento-automovel-tecido-em-relevo-couro\/","title":{"rendered":"0,4 mm Design e estilo Estofamento de assento automotivo em tecido em relevo Couro"},"content":{"rendered":"<h2>0.4mm Design e Estilo Estofamento de Assento Automotivo Tecido em relevo Fabrica\u00e7\u00e3o de Couro<\/h2>\n<p><main><\/p>\n<section id=\"product-overview\">\n<h2>Descri\u00e7\u00e3o do produto<\/h2>\n<p>produto <strong>Tecido para sof\u00e1 floral<\/strong> descri\u00e7\u00e3o<\/p>\n<p>Medi\u00e7\u00e3o <strong>Couro para vestu\u00e1rio Importado<\/strong> Com uns requintados 0,4 mm de espessura, esta pele de tecido em relevo apresenta um acabamento elegante e sofisticado que n\u00e3o s\u00f3 tem um aspeto deslumbrante como tamb\u00e9m \u00e9 incrivelmente suave ao toque.<\/p>\n<p>Os intrincados padr\u00f5es de relevo acrescentam uma camada de profundidade e textura, melhorando o aspeto visual geral dos bancos do seu autom\u00f3vel, tornando cada viagem num deleite sensorial. Al\u00e9m disso, este tecido em pele \u00e9 f\u00e1cil de limpar e manter, permitindo-lhe manter o interior do seu autom\u00f3vel com um aspeto fresco e convidativo com o m\u00ednimo esfor\u00e7o.<\/p>\n<p>A sua natureza respir\u00e1vel tamb\u00e9m garante um conforto \u00f3timo, mesmo durante longas viagens, regulando a temperatura e reduzindo a acumula\u00e7\u00e3o de humidade.<\/p>\n<p>Fabricado a partir de materiais de microfibra de alta qualidade, o nosso couro sint\u00e9tico de microfibra Ultrasuede de 0,7 mm \u00e9 a escolha perfeita para luvas de ciclismo. Equilibra flexibilidade e resist\u00eancia, oferecendo uma respirabilidade excecional e propriedades de absor\u00e7\u00e3o de humidade para manter as m\u00e3os frescas e secas durante passeios intensos.<\/p>\n<p>Quer se trate de um ciclista profissional ou de um ciclista de lazer, o couro em microfibra proporciona um conforto e uma prote\u00e7\u00e3o imbat\u00edveis. A sua elevada resist\u00eancia \u00e0 abras\u00e3o e aos rasg\u00f5es garante um desempenho duradouro, enquanto o design elegante confere um toque sofisticado a qualquer conjunto de ciclismo.<\/p>\n<\/section>\n<section id=\"specifications\">\n<h2>Par\u00e2metros t\u00e9cnicos<\/h2>\n<ul class_=\"parameters-list\">\n<li><span class=\"param-name\">par\u00e2metro <strong>Revendedores de tecidos para sacos<\/strong> Material:<\/span> Couro de microfibra. cor: branco, azul, rosa, cores personalizadas. Espessura 0.6-2.0mm Quantidade m\u00ednima de encomenda: 300 metros lineares.<\/li>\n<li><span class=\"param-name\">Comprimento do rolo:<\/span> 20-30m\/rolo Prazo de entrega: 15-20 dias. Largura: 54, 137cm Capacidade de produ\u00e7\u00e3o: 1.000.000 metros por m\u00eas.<\/li>\n<\/ul>\n<p><img decoding=\"async\" alt=\"0.7mm Ultrasuede Microfiber Faux Leather para Luvas de Ciclismo - Especifica\u00e7\u00e3o do Material\" class=\"product-image\" src=\"\/wp-content\/uploads\/2025\/08\/07mm-ultrasuede-microfiber-faux-leather-for-cycling-gloves--37881.jpg\"\/><\/p>\n<h3>Par\u00e2metros do produto<\/h3>\n<ul class=\"parameters-list\">\n<li><span class=\"param-name\">Material:<\/span> Microfibra + PU<\/li>\n<li><span class=\"param-name\">Cor:<\/span> Preto, cinzento, bege (cores personalizadas dispon\u00edveis)<\/li>\n<li><span class=\"param-name\">Espessura:<\/span> 0,6 mm, 0,7 mm, 0,8 mm, 1 mm<\/li>\n<li><span class=\"param-name\">Quantidade m\u00ednima de encomenda:<\/span> 300 metros lineares<\/li>\n<li><span class=\"param-name\">Comprimento do rolo:<\/span> 20-30m\/rolo<\/li>\n<li><span class=\"param-name\">Prazo de entrega:<\/span> 15-20 dias<\/li>\n<li><span class=\"param-name\">Largura:<\/span> 54\u2033, 137cm<\/li>\n<li><span class=\"param-name\">Capacidade de produ\u00e7\u00e3o:<\/span> 1.000.000 de metros por m\u00eas<\/li>\n<\/ul>\n<\/section>\n<section id=\"features\">\n<h2>Carater\u00edsticas do produto<\/h2>\n<div class=\"feature-item\">\n<img decoding=\"async\" alt=\"IntroducingSuede Leather Waterproof Spraythe WINIW Company Factory Wholesale Vegan Leather Manufacturers\" class=\"feature-image left\" src=\"\/wp-content\/uploads\/2025\/08\/04mm-design-and-style-automotive-seat-upholstery-embossed-fabric-leather-29622.jpg\"\/><\/p>\n<h3>Apresenta\u00e7\u00e3o <strong>Spray imperme\u00e1vel para couro de camur\u00e7a<\/strong> a empresa WINIW F\u00e1brica de couro vegan por atacado<\/h3>\n<p>Apresenta\u00e7\u00e3o <strong>Spray imperme\u00e1vel para couro de camur\u00e7a<\/strong> a WINIW Company Factory Wholesale Vegan Leather Manufacturers.4mm Design &amp; Style Automotive Seat Upholstery Embossed Fabric Leather, uma mistura revolucion\u00e1ria de sofistica\u00e7\u00e3o e durabilidade adaptada para elevar o quociente de luxo do interior do seu ve\u00edculo.<\/p>\n<div class=\"clear\"><\/div>\n<\/div>\n<div class=\"feature-item\">\n<img decoding=\"async\" alt=\"Fabricado com uma aten\u00e7\u00e3o meticulosa aos pormenores, este tecido de couro para estofos de qualidade superior combina a eleg\u00e2ncia do couro genu\u00edno com a versatilidade e o conforto dos tecidos modernos, estabelecendo uma nova refer\u00eancia na est\u00e9tica dos assentos dos autom\u00f3veis\" class=\"feature-image left\" src=\"\/wp-content\/uploads\/2025\/08\/04mm-design-and-style-automotive-seat-upholstery-embossed-fabric-leather-29623.jpg\"\/><\/p>\n<h3>Fabricado com uma aten\u00e7\u00e3o meticulosa aos pormenores, este tecido de couro para estofos de qualidade superior combina a eleg\u00e2ncia do couro genu\u00edno com a versatilidade e o conforto dos tecidos modernos, estabelecendo uma nova refer\u00eancia na est\u00e9tica dos assentos dos autom\u00f3veis<\/h3>\n<p>Fabricado com uma aten\u00e7\u00e3o meticulosa aos pormenores, este tecido de couro para estofos de qualidade superior combina a eleg\u00e2ncia do couro genu\u00edno com a versatilidade e o conforto dos tecidos modernos, estabelecendo uma nova refer\u00eancia na est\u00e9tica dos assentos dos autom\u00f3veis.<\/p>\n<div class=\"clear\"><\/div>\n<\/div>\n<div class=\"feature-item\">\n<img decoding=\"async\" alt=\"Concebida como uma Leatherman \u00e0 prova de \u00e1gua para maior durabilidade e longevidade, a WINIW Company fabrica couro vegan por atacado\" class=\"feature-image left\" src=\"\/wp-content\/uploads\/2025\/08\/04mm-design-and-style-automotive-seat-upholstery-embossed-fabric-leather-29624.jpg\"\/><\/p>\n<h3>Concebidos <strong>Leatherman falso \u00e0 prova de \u00e1gua<\/strong> para maior durabilidade e longevidade, WINIW Company Factory Wholesale Vegan Leather Manufacturers<\/h3>\n<p>Concebidos <strong>Leatherman falso \u00e0 prova de \u00e1gua<\/strong> para durabilidade e longevidade, WINIW Company Factory Wholesale Vegan Leather Manufacturers.4mm Design &amp; Style Automotive Seat Upholstery \u00e9 constru\u00eddo para suportar os rigores do uso di\u00e1rio, mantendo sua apar\u00eancia intocada.<\/p>\n<div class=\"clear\"><\/div>\n<\/div>\n<div class=\"feature-item\">\n<img decoding=\"async\" alt=\"\u00c9 resistente ao desgaste, assegurando que os seus bancos mant\u00eam o seu toque e aspeto luxuosos durante muitos anos\" class=\"feature-image left\" src=\"\/wp-content\/uploads\/2025\/08\/04mm-design-and-style-automotive-seat-upholstery-embossed-fabric-leather-29625.jpg\"\/><\/p>\n<h3>\u00c9 resistente ao desgaste, assegurando que os seus bancos mant\u00eam o seu toque e aspeto luxuosos durante muitos anos<\/h3>\n<p>\u00c9 resistente ao desgaste, assegurando que os seus bancos mant\u00eam o seu aspeto e toque luxuosos durante muitos anos.<\/p>\n<div class=\"clear\"><\/div>\n<\/div>\n<div class=\"feature-item\">\n<img decoding=\"async\" alt=\"Alta resist\u00eancia \u00e0 rutura - Couro sint\u00e9tico de microfibra Ultrasuede para luvas de ciclismo\" class=\"feature-image left\" src=\"\/wp-content\/uploads\/2025\/08\/07mm-ultrasuede-microfiber-faux-leather-for-cycling-gloves--37882.jpg\"\/><\/p>\n<h3>Elevada resist\u00eancia ao rasgamento<\/h3>\n<p>O nosso couro de microfibra Ultrasuede possui uma resist\u00eancia excecional ao rasgamento, garantindo que n\u00e3o se parte ou deforma facilmente sob tens\u00e3o. Isto torna-a ideal para produtos que exigem durabilidade e desempenho a longo prazo.<\/p>\n<div class=\"clear\"><\/div>\n<\/div>\n<div class=\"feature-item\">\n<img decoding=\"async\" alt=\"Reten\u00e7\u00e3o da forma - Ultrasuede Microfibra Couro sint\u00e9tico para luvas de ciclismo\" class=\"feature-image right\" src=\"\/wp-content\/uploads\/2025\/08\/07mm-ultrasuede-microfiber-faux-leather-for-cycling-gloves--37883.jpg\"\/><\/p>\n<h3>N\u00e3o \u00e9 f\u00e1cil de deformar<\/h3>\n<p>Especialmente tratado para manter a sua forma original, este material oferece uma excelente elasticidade e estabilidade. Resiste \u00e0 deforma\u00e7\u00e3o por press\u00e3o externa ou estiramento, mantendo os produtos intactos e atractivos ao longo do tempo.<\/p>\n<div class=\"clear\"><\/div>\n<\/div>\n<div class=\"feature-item\">\n<img decoding=\"async\" alt=\"Durabilidade - Ultrasuede Microfibra Faux Leather para luvas de ciclismo\" class=\"feature-image left\" src=\"\/wp-content\/uploads\/2025\/08\/07mm-ultrasuede-microfiber-faux-leather-for-cycling-gloves--37884.jpg\"\/><\/p>\n<h3>Durabilidade<\/h3>\n<p>Extremamente resistente \u00e0 abras\u00e3o, aos rasg\u00f5es e aos furos, este material garante que as luvas se mant\u00eam em \u00f3ptimas condi\u00e7\u00f5es, mesmo com uma utiliza\u00e7\u00e3o prolongada. Mant\u00e9m tamb\u00e9m uma excelente destreza e for\u00e7a para artigos de couro de alta qualidade.<\/p>\n<div class=\"clear\"><\/div>\n<\/div>\n<\/section>\n<section id=\"why-choose-us\">\n<h2>Porqu\u00ea escolher a WINIW<\/h2>\n<div class=\"advantage-item\">\n<h3>Quer pretenda atualizar o interior do seu ve\u00edculo existente ou equipar um novo com os melhores materiais, a WINIW Company Factory Wholesale Vegan Leather Manufacturers<\/h3>\n<p>Se voc\u00ea est\u00e1 procurando atualizar o interior do seu ve\u00edculo existente ou equipar um novo com os melhores materiais, o WINIW Company Factory Wholesale Vegan Leather Manufacturers.4mm Design &amp; Style Automotive Seat Upholstery Embossed Fabric Leather \u00e9 a escolha perfeita. \u00c9 um testemunho da fus\u00e3o entre eleg\u00e2ncia intemporal e inova\u00e7\u00e3o moderna, transformando os bancos do seu carro numa verdadeira obra de arte. Experimente o m\u00e1ximo em luxo e conforto automotivo, escolha WINIW Company Factory Wholesale Vegan Leather Manufacturerstoday!<\/p>\n<\/div>\n<div class=\"advantage-item\">\n<h3>Garantia de qualidade<\/h3>\n<p>Implementamos um controlo de qualidade rigoroso em toda a cadeia de produ\u00e7\u00e3o e fornecimento, aderindo \u00e0s normas ISO9001. Desde a sele\u00e7\u00e3o da mat\u00e9ria-prima at\u00e9 \u00e0 inspe\u00e7\u00e3o final, damos prioridade aos interesses do cliente.<\/p>\n<\/div>\n<div class=\"advantage-item\">\n<h3>Equipa t\u00e9cnica profissional<\/h3>\n<p>A nossa equipa t\u00e9cnica especializada \u00e9 constitu\u00edda por profissionais experientes em v\u00e1rias \u00e1reas, dedicados a fornecer produtos de alta qualidade e solu\u00e7\u00f5es \u00e0 medida.<\/p>\n<\/div>\n<div class=\"advantage-item\">\n<h3>Vasta gama de aplica\u00e7\u00f5es<\/h3>\n<p>Os nossos materiais s\u00e3o amplamente utilizados em cal\u00e7ado, vestu\u00e1rio, bagagem, interiores de autom\u00f3veis, mobili\u00e1rio para sof\u00e1s e muito mais.<\/p>\n<\/div>\n<div class=\"advantage-item\">\n<h3>Experi\u00eancia rica<\/h3>\n<p>A Quanzhou WINIW Import &amp; Export Co., Ltd. tem mais de 20 anos de experi\u00eancia em produ\u00e7\u00e3o, oferecendo solu\u00e7\u00f5es perfeitas para clientes em todo o mundo.<\/p>\n<\/div>\n<div class=\"advantage-item\">\n<h3>Pre\u00e7o acess\u00edvel<\/h3>\n<p>Oferecemos pre\u00e7os competitivos e um excelente servi\u00e7o ao cliente. Solicite um cat\u00e1logo ou visite a nossa f\u00e1brica para explorar os nossos produtos.<\/p>\n<\/div>\n<div class=\"advantage-item\">\n<h3>Servi\u00e7o de apoio ao cliente online 24 horas por dia<\/h3>\n<p>A nossa equipa est\u00e1 dispon\u00edvel 24 horas por dia, 7 dias por semana, para responder a quest\u00f5es e responder prontamente a coment\u00e1rios.<\/p>\n<\/div>\n<p><img decoding=\"async\" alt=\"Instala\u00e7\u00e3o de produ\u00e7\u00e3o da WINIW - Processo de fabrico do couro de microfibra Ultrasuede\" class=\"product-image\" src=\"\/wp-content\/uploads\/2025\/08\/07mm-ultrasuede-microfiber-faux-leather-for-cycling-gloves--37888.jpg\"\/><br \/>\n<\/section>\n<p><\/main><\/p>\n<section id=\"inquiry\">\n<h2 style=\"text-align: center;\">Sinceramente \u00e0 espera do seu inqu\u00e9rito!<\/h2>\n<p style=\"text-align: center;\">Contacte-nos hoje para saber mais sobre os nossos produtos e fazer a sua encomenda.<\/p>\n<\/section>\n\n    <div class=\"xs_social_share_widget xs_share_url after_content \t\tmain_content  wslu-style-1 wslu-share-box-shaped wslu-fill-colored wslu-none wslu-share-horizontal wslu-theme-font-no wslu-main_content\">\n\n\t\t\n        <ul>\n\t\t\t        <\/ul>\n    <\/div>","protected":false},"excerpt":{"rendered":"<div class=\"product-short-description\">Couro Automotivo 0.4mm Design e Estilo Estofamento de Assento Automotivo Couro de Tecido em relevo WINIW 0.4mm Design e Estilo Estofamento de Assento Automotivo Couro de Tecido em relevo As principais carater\u00edsticas incluem: Ideal para quem procura qualidade e fiabilidade.<\/p>\n<p>Como f\u00e1brica direta, fabricante e grossista, podemos controlar rigorosamente o processo de produ\u00e7\u00e3o para garantir a qualidade do produto, proporcionando-lhe os pre\u00e7os mais favor\u00e1veis. Dispomos de equipamento de produ\u00e7\u00e3o avan\u00e7ado e de uma equipa t\u00e9cnica profissional para satisfazer as suas necessidades de encomendas em grande escala e garantir uma entrega atempada.<\/p>\n<\/div>","protected":false},"featured_media":5352,"template":"","meta":[],"product_brand":[],"product_cat":[50],"product_tag":[],"class_list":{"0":"post-28887","1":"product","2":"type-product","3":"status-publish","4":"has-post-thumbnail","6":"product_cat-automotive-leather","8":"first","9":"instock","10":"product-type-simple"},"_links":{"self":[{"href":"https:\/\/www.eco-leather.com\/pt\/wp-json\/wp\/v2\/product\/28887","targetHints":{"allow":["GET"]}}],"collection":[{"href":"https:\/\/www.eco-leather.com\/pt\/wp-json\/wp\/v2\/product"}],"about":[{"href":"https:\/\/www.eco-leather.com\/pt\/wp-json\/wp\/v2\/types\/product"}],"wp:featuredmedia":[{"embeddable":true,"href":"https:\/\/www.eco-leather.com\/pt\/wp-json\/wp\/v2\/media\/5352"}],"wp:attachment":[{"href":"https:\/\/www.eco-leather.com\/pt\/wp-json\/wp\/v2\/media?parent=28887"}],"wp:term":[{"taxonomy":"product_brand","embeddable":true,"href":"https:\/\/www.eco-leather.com\/pt\/wp-json\/wp\/v2\/product_brand?post=28887"},{"taxonomy":"product_cat","embeddable":true,"href":"https:\/\/www.eco-leather.com\/pt\/wp-json\/wp\/v2\/product_cat?post=28887"},{"taxonomy":"product_tag","embeddable":true,"href":"https:\/\/www.eco-leather.com\/pt\/wp-json\/wp\/v2\/product_tag?post=28887"}],"curies":[{"name":"wp","href":"https:\/\/api.w.org\/{rel}","templated":true}]}}