{"id":28680,"date":"2025-09-07T10:56:49","date_gmt":"2025-09-07T02:56:49","guid":{"rendered":"https:\/\/www.eco-leather.com\/product\/can-be-embossed-artificial-pvc-leather-leatherette-fabric\/"},"modified":"2025-09-07T10:56:51","modified_gmt":"2025-09-07T02:56:51","slug":"pode-ser-gravado-em-tecido-de-couro-artificial-de-pvc-couro-sintetico","status":"publish","type":"product","link":"https:\/\/www.eco-leather.com\/pt\/pode-ser-gravado-em-tecido-de-couro-artificial-de-pvc-couro-sintetico\/","title":{"rendered":"Pode ser gravado em relevo Tecido de couro artificial de PVC Leatherette"},"content":{"rendered":"<h2>Tecido de imita\u00e7\u00e3o de PVC<\/h2>\n<p><main><\/p>\n<section id=\"product-overview\">\n<h2>Descri\u00e7\u00e3o do produto<\/h2>\n<p>Material <strong>Estofos em couro sint\u00e9tico personalizados<\/strong> Introdu\u00e7\u00e3o<\/p>\n<p>Artesanal <strong>Caixas em pele sint\u00e9tica China<\/strong> A partir dos melhores materiais sint\u00e9ticos, o nosso tecido de pele sint\u00e9tica em PVC n\u00e3o s\u00f3 imita o aspeto e o toque da pele genu\u00edna, como tamb\u00e9m a ultrapassa em termos de versatilidade e rentabilidade.<\/p>\n<p>Adequado para fornecimentos por grosso a fabricantes de v\u00e1rios sectores, este tecido foi concebido para satisfazer as exig\u00eancias rigorosas dos processos de produ\u00e7\u00e3o modernos. Se <strong>Revendedores de tecidos para sacos<\/strong> Se \u00e9 um fabricante de mobili\u00e1rio, um fornecedor de cal\u00e7ado ou um produtor de acess\u00f3rios de luxo, o nosso tecido de couro sint\u00e9tico em PVC oferece uma alternativa sustent\u00e1vel e elegante ao couro tradicional.<\/p>\n<p>Resistente ao desgaste, \u00e0 prova de \u00e1gua, anti-mofo, flex\u00edvel, resist\u00eancia ao fogo, resist\u00eancia ao frio, resist\u00eancia ao mofo, resist\u00eancia \u00e0s intemp\u00e9ries,<\/p>\n<p>Fabricado a partir de materiais de microfibra de alta qualidade, o nosso couro sint\u00e9tico de microfibra Ultrasuede de 0,7 mm \u00e9 a escolha perfeita para luvas de ciclismo. Equilibra flexibilidade e resist\u00eancia, oferecendo uma respirabilidade excecional e propriedades de absor\u00e7\u00e3o de humidade para manter as m\u00e3os frescas e secas durante passeios intensos.<\/p>\n<p>Quer se trate de um ciclista profissional ou de um ciclista de lazer, o couro em microfibra proporciona um conforto e uma prote\u00e7\u00e3o imbat\u00edveis. A sua elevada resist\u00eancia \u00e0 abras\u00e3o e aos rasg\u00f5es garante um desempenho duradouro, enquanto o design elegante confere um toque sofisticado a qualquer conjunto de ciclismo.<\/p>\n<\/section>\n<section id=\"specifications\">\n<h2>Par\u00e2metros t\u00e9cnicos<\/h2>\n<p>Especifica\u00e7\u00e3o do material<\/p>\n<p><img decoding=\"async\" alt=\"0.7mm Ultrasuede Microfiber Faux Leather para Luvas de Ciclismo - Especifica\u00e7\u00e3o do Material\" class=\"product-image\" src=\"\/wp-content\/uploads\/2025\/08\/07mm-ultrasuede-microfiber-faux-leather-for-cycling-gloves--37881.jpg\"\/><\/p>\n<h3>Par\u00e2metros do produto<\/h3>\n<ul class=\"parameters-list\">\n<li><span class=\"param-name\">Material:<\/span> Microfibra + PU<\/li>\n<li><span class=\"param-name\">Cor:<\/span> Preto, cinzento, bege (cores personalizadas dispon\u00edveis)<\/li>\n<li><span class=\"param-name\">Espessura:<\/span> 0,6 mm, 0,7 mm, 0,8 mm, 1 mm<\/li>\n<li><span class=\"param-name\">Quantidade m\u00ednima de encomenda:<\/span> 300 metros lineares<\/li>\n<li><span class=\"param-name\">Comprimento do rolo:<\/span> 20-30m\/rolo<\/li>\n<li><span class=\"param-name\">Prazo de entrega:<\/span> 15-20 dias<\/li>\n<li><span class=\"param-name\">Largura:<\/span> 54\u2033, 137cm<\/li>\n<li><span class=\"param-name\">Capacidade de produ\u00e7\u00e3o:<\/span> 1.000.000 de metros por m\u00eas<\/li>\n<\/ul>\n<\/section>\n<section id=\"features\">\n<h2>Carater\u00edsticas do produto<\/h2>\n<div class=\"feature-item\">\n<img decoding=\"async\" alt=\"O nosso tecido para sof\u00e1 dur\u00e1vel TraderCan Be Embossed Artificial PVC Leatherette Fabric destaca-se como uma escolha premium para os fabricantes que procuram materiais de alta qualidade e amigos do ambiente para os seus produtos\" class=\"feature-image left\" src=\"\/wp-content\/uploads\/2025\/08\/can-be-embossed-artificial-pvc-leather-leatherette-fabric-27320.jpg\"\/><\/p>\n<h3>O nosso <strong>Tecido para sof\u00e1 dur\u00e1vel Trader<\/strong> Can Be Embossed Artificial PVC Leatherette Fabric destaca-se como uma escolha de excel\u00eancia para os fabricantes que procuram materiais de alta qualidade e amigos do ambiente para os seus produtos<\/h3>\n<p>O nosso <strong>Tecido para sof\u00e1 dur\u00e1vel Trader<\/strong> Can Be Embossed Artificial PVC Leatherette Fabric destaca-se como uma escolha de excel\u00eancia para os fabricantes que procuram materiais de alta qualidade e amigos do ambiente para os seus produtos.<\/p>\n<div class=\"clear\"><\/div>\n<\/div>\n<div class=\"feature-item\">\n<img decoding=\"async\" alt=\"Como uma f\u00e1brica l\u00edder na produ\u00e7\u00e3o de couros sint\u00e9ticos, a WINIW Company Factory Wholesale Artificial Leather Manufactureroferece este not\u00e1vel couro sint\u00e9tico de PVC que combina eleg\u00e2ncia com durabilidade\" class=\"feature-image left\" src=\"\/wp-content\/uploads\/2025\/08\/can-be-embossed-artificial-pvc-leather-leatherette-fabric-27321.jpg\"\/><\/p>\n<h3>Como uma f\u00e1brica l\u00edder na produ\u00e7\u00e3o de couros sint\u00e9ticos, a WINIW Company Factory Wholesale Artificial Leather Manufactureroferece este not\u00e1vel couro sint\u00e9tico de PVC que combina eleg\u00e2ncia com durabilidade<\/h3>\n<p>Como uma f\u00e1brica l\u00edder na produ\u00e7\u00e3o de couros sint\u00e9ticos, a WINIW Company Factory Wholesale Artificial Leather Manufactureroferece este not\u00e1vel couro sint\u00e9tico de PVC que combina eleg\u00e2ncia com durabilidade.<\/p>\n<div class=\"clear\"><\/div>\n<\/div>\n<div class=\"feature-item\">\n<img decoding=\"async\" alt=\"MaterialCouro de camur\u00e7a Pulveriza\u00e7\u00e3o \u00e0 prova de \u00e1guaCouro de PVC Nome da marca WINIW Empresa F\u00e1brica Fabricantes de couro artificial por atacadoLargura 54\" class=\"feature-image left\" src=\"\/wp-content\/uploads\/2025\/08\/can-be-embossed-artificial-pvc-leather-leatherette-fabric-27322.jpg\"\/><\/p>\n<h3>Material <strong>Spray imperme\u00e1vel para couro de camur\u00e7a<\/strong> Couro de PVC Nome da marca WINIW Company F\u00e1brica de fabricantes de couro artificial por atacadoLargura 54 \u2033; 1<\/h3>\n<p>Material <strong>Spray imperme\u00e1vel para couro de camur\u00e7a<\/strong> Couro de PVC Nome da marca WINIW Company Factory Wholesale Artificial Leather ManufacturersWidth 54 \u2033; 1.37m Cor vermelha, preta, marrom, verde, aceita personalizar Carater\u00edstica Resistente ao desgaste, \u00e0 prova d'\u00e1gua, anti-mofo, flex\u00edvel, resist\u00eancia ao fogo, resist\u00eancia ao frio, resist\u00eancia ao mofo, resist\u00eancia \u00e0s intemp\u00e9ries, resist\u00eancia \u00e0 luz, resist\u00eancia ao crocking Espessura 0.6 mm-2.4 mm, aceita personalizar Local de origem China Personalizado Sim Tempo de entrega Normalmente dentro de 15 - 25 dias.<\/p>\n<div class=\"clear\"><\/div>\n<\/div>\n<div class=\"feature-item\">\n<img decoding=\"async\" alt=\"MOQTecido para sof\u00e1 imperme\u00e1vel Exportador300 metros Detalhes da embalagem 30\/50 metros por rolo\" class=\"feature-image left\" src=\"\/wp-content\/uploads\/2025\/08\/can-be-embossed-artificial-pvc-leather-leatherette-fabric-27323.jpg\"\/><\/p>\n<h3>MOQ <strong>Exportador de tecidos para sof\u00e1s \u00e0 prova de \u00e1gua<\/strong> 300 metros Detalhes da embalagem 30\/50 metros por rolo<\/h3>\n<p>MOQ <strong>Exportador de tecidos para sof\u00e1s \u00e0 prova de \u00e1gua<\/strong> 300 metros Detalhes da embalagem 30\/50 metros por rolo. Ou personalizado Capacidade de produ\u00e7\u00e3o 1.000.000 metros por m\u00eas<\/p>\n<div class=\"clear\"><\/div>\n<\/div>\n<div class=\"feature-item\">\n<img decoding=\"async\" alt=\"Alta resist\u00eancia \u00e0 rutura - Couro sint\u00e9tico de microfibra Ultrasuede para luvas de ciclismo\" class=\"feature-image left\" src=\"\/wp-content\/uploads\/2025\/08\/07mm-ultrasuede-microfiber-faux-leather-for-cycling-gloves--37882.jpg\"\/><\/p>\n<h3>Elevada resist\u00eancia ao rasgamento<\/h3>\n<p>O nosso couro de microfibra Ultrasuede possui uma resist\u00eancia excecional ao rasgamento, garantindo que n\u00e3o se parte ou deforma facilmente sob tens\u00e3o. Isto torna-a ideal para produtos que exigem durabilidade e desempenho a longo prazo.<\/p>\n<div class=\"clear\"><\/div>\n<\/div>\n<div class=\"feature-item\">\n<img decoding=\"async\" alt=\"Reten\u00e7\u00e3o da forma - Ultrasuede Microfibra Couro sint\u00e9tico para luvas de ciclismo\" class=\"feature-image right\" src=\"\/wp-content\/uploads\/2025\/08\/07mm-ultrasuede-microfiber-faux-leather-for-cycling-gloves--37883.jpg\"\/><\/p>\n<h3>N\u00e3o \u00e9 f\u00e1cil de deformar<\/h3>\n<p>Especialmente tratado para manter a sua forma original, este material oferece uma excelente elasticidade e estabilidade. Resiste \u00e0 deforma\u00e7\u00e3o por press\u00e3o externa ou estiramento, mantendo os produtos intactos e atractivos ao longo do tempo.<\/p>\n<div class=\"clear\"><\/div>\n<\/div>\n<div class=\"feature-item\">\n<img decoding=\"async\" alt=\"Durabilidade - Ultrasuede Microfibra Faux Leather para luvas de ciclismo\" class=\"feature-image left\" src=\"\/wp-content\/uploads\/2025\/08\/07mm-ultrasuede-microfiber-faux-leather-for-cycling-gloves--37884.jpg\"\/><\/p>\n<h3>Durabilidade<\/h3>\n<p>Extremamente resistente \u00e0 abras\u00e3o, aos rasg\u00f5es e aos furos, este material garante que as luvas se mant\u00eam em \u00f3ptimas condi\u00e7\u00f5es, mesmo com uma utiliza\u00e7\u00e3o prolongada. Mant\u00e9m tamb\u00e9m uma excelente destreza e for\u00e7a para artigos de couro de alta qualidade.<\/p>\n<div class=\"clear\"><\/div>\n<\/div>\n<\/section>\n<p><\/main><\/p>\n<section id=\"inquiry\">\n<h2 style=\"text-align: center;\">Sinceramente \u00e0 espera do seu inqu\u00e9rito!<\/h2>\n<p style=\"text-align: center;\">Contacte-nos hoje para saber mais sobre os nossos produtos e fazer a sua encomenda.<\/p>\n<\/section>\n\n    <div class=\"xs_social_share_widget xs_share_url after_content \t\tmain_content  wslu-style-1 wslu-share-box-shaped wslu-fill-colored wslu-none wslu-share-horizontal wslu-theme-font-no wslu-main_content\">\n\n\t\t\n        <ul>\n\t\t\t        <\/ul>\n    <\/div>","protected":false},"excerpt":{"rendered":"<div class=\"product-short-description\">Couro de PVC pode ser gravado em relevo Tecido de Couro de PVC Artificial WINIW pode ser gravado em relevo Tecido de Couro de PVC Artificial As principais carater\u00edsticas incluem Couro de PVC, WINIW, Largura.<\/p>\n<p>Como f\u00e1brica direta, fabricante e grossista, podemos controlar rigorosamente o processo de produ\u00e7\u00e3o para garantir a qualidade do produto, proporcionando-lhe os pre\u00e7os mais favor\u00e1veis. Dispomos de equipamento de produ\u00e7\u00e3o avan\u00e7ado e de uma equipa t\u00e9cnica profissional para satisfazer as suas necessidades de encomendas em grande escala e garantir uma entrega atempada.<\/p>\n<\/div>","protected":false},"featured_media":2707,"template":"","meta":[],"product_brand":[],"product_cat":[129],"product_tag":[18798],"class_list":{"0":"post-28680","1":"product","2":"type-product","3":"status-publish","4":"has-post-thumbnail","6":"product_cat-pvc-leather","7":"product_tag-automotive-pvc-leather-importerautomotive-pvc-leather-customautomotive-pvc-leather-factoryautomotive-pvc-leather-makerautomotive-pvc-leather-wholesalerautomotive-pvc-leather-traders","9":"first","10":"instock","11":"product-type-simple"},"_links":{"self":[{"href":"https:\/\/www.eco-leather.com\/pt\/wp-json\/wp\/v2\/product\/28680","targetHints":{"allow":["GET"]}}],"collection":[{"href":"https:\/\/www.eco-leather.com\/pt\/wp-json\/wp\/v2\/product"}],"about":[{"href":"https:\/\/www.eco-leather.com\/pt\/wp-json\/wp\/v2\/types\/product"}],"wp:featuredmedia":[{"embeddable":true,"href":"https:\/\/www.eco-leather.com\/pt\/wp-json\/wp\/v2\/media\/2707"}],"wp:attachment":[{"href":"https:\/\/www.eco-leather.com\/pt\/wp-json\/wp\/v2\/media?parent=28680"}],"wp:term":[{"taxonomy":"product_brand","embeddable":true,"href":"https:\/\/www.eco-leather.com\/pt\/wp-json\/wp\/v2\/product_brand?post=28680"},{"taxonomy":"product_cat","embeddable":true,"href":"https:\/\/www.eco-leather.com\/pt\/wp-json\/wp\/v2\/product_cat?post=28680"},{"taxonomy":"product_tag","embeddable":true,"href":"https:\/\/www.eco-leather.com\/pt\/wp-json\/wp\/v2\/product_tag?post=28680"}],"curies":[{"name":"wp","href":"https:\/\/api.w.org\/{rel}","templated":true}]}}