{"id":28678,"date":"2025-09-07T10:56:49","date_gmt":"2025-09-07T02:56:49","guid":{"rendered":"https:\/\/www.eco-leather.com\/product\/2-2mm-numerous-design-style-synthetic-leather-pvc-leather-fabric\/"},"modified":"2025-09-07T10:56:50","modified_gmt":"2025-09-07T02:56:50","slug":"2-2mm-numerosos-design-estilo-couro-sintetico-tecido-de-couro-pvc","status":"publish","type":"product","link":"https:\/\/www.eco-leather.com\/pt\/2-2mm-numerosos-design-estilo-couro-sintetico-tecido-de-couro-pvc\/","title":{"rendered":"2.2mm Numerosos estilos de design Couro sint\u00e9tico Tecido de couro PVC"},"content":{"rendered":"<h2>Tecido de imita\u00e7\u00e3o de PVC<\/h2>\n<p><main><\/p>\n<section id=\"product-overview\">\n<h2>Descri\u00e7\u00e3o do produto<\/h2>\n<p>Material <strong>Couro sint\u00e9tico \u00e0 base de \u00e1gua<\/strong> Introdu\u00e7\u00e3o<\/p>\n<p>Desgaste <strong>Couro para vestu\u00e1rio Importado<\/strong> resistente, imperme\u00e1vel, anti-mofo, flex\u00edvel, resist\u00eancia ao fogo, resist\u00eancia ao frio, resist\u00eancia ao mofo, resist\u00eancia \u00e0s intemp\u00e9ries,<\/p>\n<p>Fabricado a partir de materiais de microfibra de alta qualidade, o nosso couro sint\u00e9tico de microfibra Ultrasuede de 0,7 mm \u00e9 a escolha perfeita para luvas de ciclismo. Equilibra flexibilidade e resist\u00eancia, oferecendo uma respirabilidade excecional e propriedades de absor\u00e7\u00e3o de humidade para manter as m\u00e3os frescas e secas durante passeios intensos.<\/p>\n<p>Quer se trate de um ciclista profissional ou de um ciclista de lazer, o couro em microfibra proporciona um conforto e uma prote\u00e7\u00e3o imbat\u00edveis. A sua elevada resist\u00eancia \u00e0 abras\u00e3o e aos rasg\u00f5es garante um desempenho duradouro, enquanto o design elegante confere um toque sofisticado a qualquer conjunto de ciclismo.<\/p>\n<\/section>\n<section id=\"specifications\">\n<h2>Par\u00e2metros t\u00e9cnicos<\/h2>\n<p>Material <strong>Caixas em pele sint\u00e9tica China<\/strong> Especifica\u00e7\u00e3o<\/p>\n<p><img decoding=\"async\" alt=\"0.7mm Ultrasuede Microfiber Faux Leather para Luvas de Ciclismo - Especifica\u00e7\u00e3o do Material\" class=\"product-image\" src=\"\/wp-content\/uploads\/2025\/08\/07mm-ultrasuede-microfiber-faux-leather-for-cycling-gloves--37881.jpg\"\/><\/p>\n<h3>Par\u00e2metros do produto<\/h3>\n<ul class=\"parameters-list\">\n<li><span class=\"param-name\">Material:<\/span> Microfibra + PU<\/li>\n<li><span class=\"param-name\">Cor:<\/span> Preto, cinzento, bege (cores personalizadas dispon\u00edveis)<\/li>\n<li><span class=\"param-name\">Espessura:<\/span> 0,6 mm, 0,7 mm, 0,8 mm, 1 mm<\/li>\n<li><span class=\"param-name\">Quantidade m\u00ednima de encomenda:<\/span> 300 metros lineares<\/li>\n<li><span class=\"param-name\">Comprimento do rolo:<\/span> 20-30m\/rolo<\/li>\n<li><span class=\"param-name\">Prazo de entrega:<\/span> 15-20 dias<\/li>\n<li><span class=\"param-name\">Largura:<\/span> 54\u2033, 137cm<\/li>\n<li><span class=\"param-name\">Capacidade de produ\u00e7\u00e3o:<\/span> 1.000.000 de metros por m\u00eas<\/li>\n<\/ul>\n<\/section>\n<section id=\"features\">\n<h2>Carater\u00edsticas do produto<\/h2>\n<div class=\"feature-item\">\n<img decoding=\"async\" alt=\"Ao contr\u00e1rio do couro tradicional derivado de peles de animais, o nosso couro sint\u00e9tico \u00e9 fabricado com tecnologia avan\u00e7ada para reproduzir a textura, o toque e o aspeto do couro genu\u00edno, mas sem comprometer a \u00e9tica ou a sustentabilidade\" class=\"feature-image left\" src=\"\/wp-content\/uploads\/2025\/08\/22mm-numerous-design-style-synthetic-leather-pvc-leather-fabric-27302.jpg\"\/><\/p>\n<h3>Diferente <strong>Leatherman falso \u00e0 prova de \u00e1gua<\/strong> O couro tradicional derivado de peles de animais, o nosso couro sint\u00e9tico \u00e9 fabricado com tecnologia avan\u00e7ada para reproduzir a textura, o toque e o aspeto do couro genu\u00edno, mas sem comprometer a \u00e9tica ou a sustentabilidade<\/h3>\n<p>Diferente <strong>Leatherman falso \u00e0 prova de \u00e1gua<\/strong> O nosso couro sint\u00e9tico \u00e9 fabricado com tecnologia avan\u00e7ada para reproduzir a textura, o toque e o aspeto do couro genu\u00edno, mas sem comprometer a \u00e9tica ou a sustentabilidade.<\/p>\n<div class=\"clear\"><\/div>\n<\/div>\n<div class=\"feature-item\">\n<img decoding=\"async\" alt=\"Enquanto fornecedor de confian\u00e7a de in\u00fameros fabricantes em todo o mundo, garantimos que o nosso couro sint\u00e9tico em PVC cumpre os mais elevados padr\u00f5es de qualidade, durabilidade e est\u00e9tica\" class=\"feature-image left\" src=\"\/wp-content\/uploads\/2025\/08\/22mm-numerous-design-style-synthetic-leather-pvc-leather-fabric-27303.jpg\"\/><\/p>\n<h3>Enquanto fornecedor de confian\u00e7a de in\u00fameros fabricantes em todo o mundo, garantimos que o nosso couro sint\u00e9tico em PVC cumpre os mais elevados padr\u00f5es de qualidade, durabilidade e est\u00e9tica<\/h3>\n<p>Enquanto fornecedor de confian\u00e7a de numerosos fabricantes em todo o mundo, garantimos que o nosso couro sint\u00e9tico em PVC cumpre os mais elevados padr\u00f5es de qualidade, durabilidade e apelo est\u00e9tico. Seja <strong>Importadores de tecido de sof\u00e1 \u00e0 prova de \u00e1gua<\/strong> Se \u00e9 uma casa de moda, um fabricante de mobili\u00e1rio ou um especialista em interiores de autom\u00f3veis, o nosso couro sint\u00e9tico de PVC vegan proporciona uma alternativa sustent\u00e1vel e elegante aos materiais tradicionais.<\/p>\n<div class=\"clear\"><\/div>\n<\/div>\n<div class=\"feature-item\">\n<img decoding=\"async\" alt=\"Material Couro PVC Nome da marca WINIW Empresa F\u00e1brica Material por atacado FabricantesLargura 54\" class=\"feature-image left\" src=\"\/wp-content\/uploads\/2025\/08\/22mm-numerous-design-style-synthetic-leather-pvc-leather-fabric-27304.jpg\"\/><\/p>\n<h3>Material Couro PVC Nome da marca WINIW Empresa F\u00e1brica Material por atacado FabricantesLargura 54\u2033; 1<\/h3>\n<p>Material Couro PVC Nome da marca WINIW Empresa F\u00e1brica Material por atacado FabricantesLargura 54\u2033; 1.37m <strong>Exportador de tecidos para sof\u00e1s \u00e0 prova de \u00e1gua<\/strong> Cor Vermelha, Preta, Castanha, Verde, aceita personaliza\u00e7\u00e3o Carater\u00edstica Resistente ao desgaste, Imperme\u00e1vel, Anti-mofo, Flex\u00edvel, Resist\u00eancia ao fogo, Resist\u00eancia ao frio, Resist\u00eancia ao mofo, Resist\u00eancia \u00e0s intemp\u00e9ries, Resist\u00eancia \u00e0 luz, Resist\u00eancia ao croch\u00e9 Espessura 0.6mm-2.4mm, aceita personaliza\u00e7\u00e3o Local de origem China Personalizado Sim Prazo de entrega Normalmente dentro de 15 - 25 dias.<\/p>\n<div class=\"clear\"><\/div>\n<\/div>\n<div class=\"feature-item\">\n<img decoding=\"async\" alt=\"MOQ 300 metros Detalhes da embalagem 30\/50 metros por rolo\" class=\"feature-image left\" src=\"\/wp-content\/uploads\/2025\/08\/22mm-numerous-design-style-synthetic-leather-pvc-leather-fabric-27305.jpg\"\/><\/p>\n<h3>MOQ 300 metros Detalhes da embalagem 30\/50 metros por rolo<\/h3>\n<p>MOQ 300 metros Detalhes da embalagem 30\/50 metros por rolo. Ou personalizado Capacidade de produ\u00e7\u00e3o 1.000.000 metros mensais<\/p>\n<div class=\"clear\"><\/div>\n<\/div>\n<div class=\"feature-item\">\n<img decoding=\"async\" alt=\"Alta resist\u00eancia \u00e0 rutura - Couro sint\u00e9tico de microfibra Ultrasuede para luvas de ciclismo\" class=\"feature-image left\" src=\"\/wp-content\/uploads\/2025\/08\/07mm-ultrasuede-microfiber-faux-leather-for-cycling-gloves--37882.jpg\"\/><\/p>\n<h3>Elevada resist\u00eancia ao rasgamento<\/h3>\n<p>O nosso couro de microfibra Ultrasuede possui uma resist\u00eancia excecional ao rasgamento, garantindo que n\u00e3o se parte ou deforma facilmente sob tens\u00e3o. Isto torna-a ideal para produtos que exigem durabilidade e desempenho a longo prazo.<\/p>\n<div class=\"clear\"><\/div>\n<\/div>\n<div class=\"feature-item\">\n<img decoding=\"async\" alt=\"Reten\u00e7\u00e3o da forma - Ultrasuede Microfibra Couro sint\u00e9tico para luvas de ciclismo\" class=\"feature-image right\" src=\"\/wp-content\/uploads\/2025\/08\/07mm-ultrasuede-microfiber-faux-leather-for-cycling-gloves--37883.jpg\"\/><\/p>\n<h3>N\u00e3o \u00e9 f\u00e1cil de deformar<\/h3>\n<p>Especialmente tratado para manter a sua forma original, este material oferece uma excelente elasticidade e estabilidade. Resiste \u00e0 deforma\u00e7\u00e3o por press\u00e3o externa ou estiramento, mantendo os produtos intactos e atractivos ao longo do tempo.<\/p>\n<div class=\"clear\"><\/div>\n<\/div>\n<div class=\"feature-item\">\n<img decoding=\"async\" alt=\"Durabilidade - Ultrasuede Microfibra Faux Leather para luvas de ciclismo\" class=\"feature-image left\" src=\"\/wp-content\/uploads\/2025\/08\/07mm-ultrasuede-microfiber-faux-leather-for-cycling-gloves--37884.jpg\"\/><\/p>\n<h3>Durabilidade<\/h3>\n<p>Extremamente resistente \u00e0 abras\u00e3o, aos rasg\u00f5es e aos furos, este material garante que as luvas se mant\u00eam em \u00f3ptimas condi\u00e7\u00f5es, mesmo com uma utiliza\u00e7\u00e3o prolongada. Mant\u00e9m tamb\u00e9m uma excelente destreza e for\u00e7a para artigos de couro de alta qualidade.<\/p>\n<div class=\"clear\"><\/div>\n<\/div>\n<\/section>\n<section id=\"why-choose-us\">\n<h2>Porqu\u00ea escolher a WINIW<\/h2>\n<div class=\"advantage-item\">\n<h3>Descubra a eleg\u00e2ncia e a versatilidade do nosso couro sint\u00e9tico em PVC vegan com v\u00e1rios estilos de design, fabricado pela WINIW Company Factory Wholesale Material Manufacturers, uma f\u00e1brica l\u00edder no fabrico de peles artificiais de qualidade superior<\/h3>\n<p>Descubra a eleg\u00e2ncia e a versatilidade do nosso couro sint\u00e9tico de PVC vegan com v\u00e1rios estilos de design, fabricado pela WINIW Company Factory Wholesale Material Manufacturers, uma f\u00e1brica l\u00edder no fabrico de couros artificiais de primeira qualidade. Concebido especificamente para fabricantes e grossistas que procuram materiais de alta qualidade e amigos do ambiente para os seus artigos de couro, o nosso couro sint\u00e9tico de PVC oferece uma impressionante variedade de designs que satisfazem diversos gostos e tend\u00eancias.<\/p>\n<\/div>\n<div class=\"advantage-item\">\n<h3>Garantia de qualidade<\/h3>\n<p>Implementamos um controlo de qualidade rigoroso em toda a cadeia de produ\u00e7\u00e3o e fornecimento, aderindo \u00e0s normas ISO9001. Desde a sele\u00e7\u00e3o da mat\u00e9ria-prima at\u00e9 \u00e0 inspe\u00e7\u00e3o final, damos prioridade aos interesses do cliente.<\/p>\n<\/div>\n<div class=\"advantage-item\">\n<h3>Equipa t\u00e9cnica profissional<\/h3>\n<p>A nossa equipa t\u00e9cnica especializada \u00e9 constitu\u00edda por profissionais experientes em v\u00e1rias \u00e1reas, dedicados a fornecer produtos de alta qualidade e solu\u00e7\u00f5es \u00e0 medida.<\/p>\n<\/div>\n<div class=\"advantage-item\">\n<h3>Vasta gama de aplica\u00e7\u00f5es<\/h3>\n<p>Os nossos materiais s\u00e3o amplamente utilizados em cal\u00e7ado, vestu\u00e1rio, bagagem, interiores de autom\u00f3veis, mobili\u00e1rio para sof\u00e1s e muito mais.<\/p>\n<\/div>\n<div class=\"advantage-item\">\n<h3>Experi\u00eancia rica<\/h3>\n<p>A Quanzhou WINIW Import &amp; Export Co., Ltd. tem mais de 20 anos de experi\u00eancia em produ\u00e7\u00e3o, oferecendo solu\u00e7\u00f5es perfeitas para clientes em todo o mundo.<\/p>\n<\/div>\n<div class=\"advantage-item\">\n<h3>Pre\u00e7o acess\u00edvel<\/h3>\n<p>Oferecemos pre\u00e7os competitivos e um excelente servi\u00e7o ao cliente. Solicite um cat\u00e1logo ou visite a nossa f\u00e1brica para explorar os nossos produtos.<\/p>\n<\/div>\n<div class=\"advantage-item\">\n<h3>Servi\u00e7o de apoio ao cliente online 24 horas por dia<\/h3>\n<p>A nossa equipa est\u00e1 dispon\u00edvel 24 horas por dia, 7 dias por semana, para responder a quest\u00f5es e responder prontamente a coment\u00e1rios.<\/p>\n<\/div>\n<p><img decoding=\"async\" alt=\"Instala\u00e7\u00e3o de produ\u00e7\u00e3o da WINIW - Processo de fabrico do couro de microfibra Ultrasuede\" class=\"product-image\" src=\"\/wp-content\/uploads\/2025\/08\/07mm-ultrasuede-microfiber-faux-leather-for-cycling-gloves--37888.jpg\"\/><br \/>\n<\/section>\n<p><\/main><\/p>\n<section id=\"inquiry\">\n<h2 style=\"text-align: center;\">Sinceramente \u00e0 espera do seu inqu\u00e9rito!<\/h2>\n<p style=\"text-align: center;\">Contacte-nos hoje para saber mais sobre os nossos produtos e fazer a sua encomenda.<\/p>\n<\/section>\n\n    <div class=\"xs_social_share_widget xs_share_url after_content \t\tmain_content  wslu-style-1 wslu-share-box-shaped wslu-fill-colored wslu-none wslu-share-horizontal wslu-theme-font-no wslu-main_content\">\n\n\t\t\n        <ul>\n\t\t\t        <\/ul>\n    <\/div>","protected":false},"excerpt":{"rendered":"<div class=\"product-short-description\">Couro PVC 2.2mm Numerosos Design Estilo Couro Sint\u00e9tico Tecido Couro PVC WINIW 2.2mm Numerosos Design Estilo Couro Sint\u00e9tico Tecido Couro PVC As principais carater\u00edsticas incluem Couro PVC, WINIW, Largura.<\/p>\n<p>Como f\u00e1brica direta, fabricante e grossista, podemos controlar rigorosamente o processo de produ\u00e7\u00e3o para garantir a qualidade do produto, proporcionando-lhe os pre\u00e7os mais favor\u00e1veis. Dispomos de equipamento de produ\u00e7\u00e3o avan\u00e7ado e de uma equipa t\u00e9cnica profissional para satisfazer as suas necessidades de encomendas em grande escala e garantir uma entrega atempada.<\/p>\n<\/div>","protected":false},"featured_media":2693,"template":"","meta":[],"product_brand":[],"product_cat":[129],"product_tag":[],"class_list":{"0":"post-28678","1":"product","2":"type-product","3":"status-publish","4":"has-post-thumbnail","6":"product_cat-pvc-leather","8":"first","9":"instock","10":"product-type-simple"},"_links":{"self":[{"href":"https:\/\/www.eco-leather.com\/pt\/wp-json\/wp\/v2\/product\/28678","targetHints":{"allow":["GET"]}}],"collection":[{"href":"https:\/\/www.eco-leather.com\/pt\/wp-json\/wp\/v2\/product"}],"about":[{"href":"https:\/\/www.eco-leather.com\/pt\/wp-json\/wp\/v2\/types\/product"}],"wp:featuredmedia":[{"embeddable":true,"href":"https:\/\/www.eco-leather.com\/pt\/wp-json\/wp\/v2\/media\/2693"}],"wp:attachment":[{"href":"https:\/\/www.eco-leather.com\/pt\/wp-json\/wp\/v2\/media?parent=28678"}],"wp:term":[{"taxonomy":"product_brand","embeddable":true,"href":"https:\/\/www.eco-leather.com\/pt\/wp-json\/wp\/v2\/product_brand?post=28678"},{"taxonomy":"product_cat","embeddable":true,"href":"https:\/\/www.eco-leather.com\/pt\/wp-json\/wp\/v2\/product_cat?post=28678"},{"taxonomy":"product_tag","embeddable":true,"href":"https:\/\/www.eco-leather.com\/pt\/wp-json\/wp\/v2\/product_tag?post=28678"}],"curies":[{"name":"wp","href":"https:\/\/api.w.org\/{rel}","templated":true}]}}