{"id":28526,"date":"2025-09-07T10:55:23","date_gmt":"2025-09-07T02:55:23","guid":{"rendered":"https:\/\/www.eco-leather.com\/product\/0-5mm-excellent-flexibility-and-crease-resistance-apparel-microfiber-base-leather\/"},"modified":"2025-09-07T10:55:27","modified_gmt":"2025-09-07T02:55:27","slug":"0-5mm-excelente-flexibilidade-e-resistencia-ao-vinco-do-couro-de-base-de-microfibra-de-vestuario","status":"publish","type":"product","link":"https:\/\/www.eco-leather.com\/pt\/0-5mm-excelente-flexibilidade-e-resistencia-ao-vinco-do-couro-de-base-de-microfibra-de-vestuario\/","title":{"rendered":"0,5 mm Excelente flexibilidade e resist\u00eancia a vincos Couro de base de microfibra para vestu\u00e1rio"},"content":{"rendered":"<h2>Base em microfibra Couro<\/h2>\n<p><main><\/p>\n<section id=\"product-overview\">\n<h2>Descri\u00e7\u00e3o do produto<\/h2>\n<p>produto <strong>Couro sint\u00e9tico Spandex<\/strong> descri\u00e7\u00e3o<\/p>\n<p>Excelente <strong>Autom\u00f3vel CouroSapatos C\u00e3o de servi\u00e7o<\/strong> Flexibilidade e resist\u00eancia a dobras<\/p>\n<p>Fabricado a partir de materiais de microfibra de alta qualidade, o nosso couro sint\u00e9tico de microfibra Ultrasuede de 0,7 mm \u00e9 a escolha perfeita para luvas de ciclismo. Equilibra flexibilidade e resist\u00eancia, oferecendo uma respirabilidade excecional e propriedades de absor\u00e7\u00e3o de humidade para manter as m\u00e3os frescas e secas durante passeios intensos.<\/p>\n<p>Quer se trate de um ciclista profissional ou de um ciclista de lazer, o couro em microfibra proporciona um conforto e uma prote\u00e7\u00e3o imbat\u00edveis. A sua elevada resist\u00eancia \u00e0 abras\u00e3o e aos rasg\u00f5es garante um desempenho duradouro, enquanto o design elegante confere um toque sofisticado a qualquer conjunto de ciclismo.<\/p>\n<\/section>\n<section id=\"specifications\">\n<h2>Par\u00e2metros t\u00e9cnicos<\/h2>\n<ul class_=\"parameters-list\">\n<li><span class=\"param-name\">par\u00e2metro <strong>Caixas em pele sint\u00e9tica China<\/strong> Material:<\/span> microfibra + PU. cor: refer\u00eancia de cor Pantone ou amostra Espessura Normal 0,5 mm-2,0 mm ou espessura personalizada Quantidade m\u00ednima de encomenda: 300 metros lineares.<\/li>\n<li><span class=\"param-name\">Comprimento do rolo:<\/span> 20-30m\/rolo Prazo de entrega: 15-20 dias. Largura: 54, 137cm Capacidade de produ\u00e7\u00e3o: 1.000.000 metros por m\u00eas.<\/li>\n<\/ul>\n<p><img decoding=\"async\" alt=\"0.7mm Ultrasuede Microfiber Faux Leather para Luvas de Ciclismo - Especifica\u00e7\u00e3o do Material\" class=\"product-image\" src=\"\/wp-content\/uploads\/2025\/08\/07mm-ultrasuede-microfiber-faux-leather-for-cycling-gloves--37881.jpg\"\/><\/p>\n<h3>Par\u00e2metros do produto<\/h3>\n<ul class=\"parameters-list\">\n<li><span class=\"param-name\">Material:<\/span> Microfibra + PU<\/li>\n<li><span class=\"param-name\">Cor:<\/span> Preto, cinzento, bege (cores personalizadas dispon\u00edveis)<\/li>\n<li><span class=\"param-name\">Espessura:<\/span> 0,6 mm, 0,7 mm, 0,8 mm, 1 mm<\/li>\n<li><span class=\"param-name\">Quantidade m\u00ednima de encomenda:<\/span> 300 metros lineares<\/li>\n<li><span class=\"param-name\">Comprimento do rolo:<\/span> 20-30m\/rolo<\/li>\n<li><span class=\"param-name\">Prazo de entrega:<\/span> 15-20 dias<\/li>\n<li><span class=\"param-name\">Largura:<\/span> 54\u2033, 137cm<\/li>\n<li><span class=\"param-name\">Capacidade de produ\u00e7\u00e3o:<\/span> 1.000.000 de metros por m\u00eas<\/li>\n<\/ul>\n<\/section>\n<section id=\"features\">\n<h2>Carater\u00edsticas do produto<\/h2>\n<div class=\"feature-item\">\n<img decoding=\"async\" alt=\"Apresentando o Leathermanour falso \u00e0 prova de \u00e1gua 0\" class=\"feature-image left\" src=\"\/wp-content\/uploads\/2025\/08\/05mm-excellent-flexibility-and-crease-resistance-apparel-microfiber-base-leather-25784.jpg\"\/><\/p>\n<h3>Apresenta\u00e7\u00e3o <strong>Leatherman falso \u00e0 prova de \u00e1gua<\/strong> nosso 0<\/h3>\n<p>Apresenta\u00e7\u00e3o <strong>Leatherman falso \u00e0 prova de \u00e1gua<\/strong> O nosso couro \u00e0 base de microfibras para vestu\u00e1rio com 0,5 mm de excelente flexibilidade e resist\u00eancia aos vincos, especificamente concebido para f\u00e1bricas de topo de gama que procuram materiais de primeira qualidade para a produ\u00e7\u00e3o de vestu\u00e1rio de elevado desempenho.<\/p>\n<div class=\"clear\"><\/div>\n<\/div>\n<div class=\"feature-item\">\n<img decoding=\"async\" alt=\"Este couro sint\u00e9tico \u00e0 prova de \u00e1gua personaliz\u00e1vel em fibra apresenta uma durabilidade e flexibilidade excepcionais, o que o torna a escolha ideal para o fabrico de uma variedade de pe\u00e7as de vestu\u00e1rio que requerem um apelo est\u00e9tico e uma funcionalidade robusta\" class=\"feature-image left\" src=\"\/wp-content\/uploads\/2025\/08\/05mm-excellent-flexibility-and-crease-resistance-apparel-microfiber-base-leather-25785.JPG\"\/><\/p>\n<h3>Este <strong>Personaliza\u00e7\u00e3o em pele sint\u00e9tica imperme\u00e1vel<\/strong> O couro de microfibra possui uma durabilidade e flexibilidade excepcionais, o que o torna a escolha ideal para o fabrico de uma variedade de pe\u00e7as de vestu\u00e1rio que requerem um aspeto est\u00e9tico e uma funcionalidade robusta<\/h3>\n<p>Este <strong>Personaliza\u00e7\u00e3o em pele sint\u00e9tica imperme\u00e1vel<\/strong> O couro de microfibra apresenta uma durabilidade e flexibilidade excepcionais, o que o torna a escolha ideal para o fabrico de uma variedade de pe\u00e7as de vestu\u00e1rio que requerem um apelo est\u00e9tico e uma funcionalidade robusta.<\/p>\n<div class=\"clear\"><\/div>\n<\/div>\n<div class=\"feature-item\">\n<img decoding=\"async\" alt=\"O seu tecido de couro imperme\u00e1vel Odmhsas avan\u00e7ado resist\u00eancia ao vinco garante que os produtos acabados mant\u00eam a sua forma e eleg\u00e2ncia ao longo do tempo, melhorando a qualidade geral e a comercializa\u00e7\u00e3o das suas linhas de vestu\u00e1rio\" class=\"feature-image left\" src=\"\/wp-content\/uploads\/2025\/08\/05mm-excellent-flexibility-and-crease-resistance-apparel-microfiber-base-leather-25786.JPG\"\/><\/p>\n<h3>Os seus <strong>Couro imperme\u00e1vel Tecido Odmhsas<\/strong> a resist\u00eancia avan\u00e7ada ao vinco garante que os produtos acabados mant\u00eam a sua forma e eleg\u00e2ncia ao longo do tempo, melhorando a qualidade geral e a comercializa\u00e7\u00e3o das suas linhas de vestu\u00e1rio<\/h3>\n<p>Os seus <strong>Couro imperme\u00e1vel Tecido Odmhsas<\/strong> A resist\u00eancia avan\u00e7ada ao vinco garante que os produtos acabados mant\u00eam a sua forma e eleg\u00e2ncia ao longo do tempo, melhorando a qualidade geral e a comercializa\u00e7\u00e3o das suas linhas de vestu\u00e1rio.<\/p>\n<div class=\"clear\"><\/div>\n<\/div>\n<div class=\"feature-item\">\n<img decoding=\"async\" alt=\"Detalhes e carater\u00edsticas do produto O couro de microfibra de alta resist\u00eancia apresenta uma elevada durabilidade e resist\u00eancia a riscos, desgaste ou rasg\u00f5es\" class=\"feature-image left\" src=\"\/wp-content\/uploads\/2025\/08\/05mm-excellent-flexibility-and-crease-resistance-apparel-microfiber-base-leather-25787.JPG\"\/><\/p>\n<h3>Detalhes e carater\u00edsticas do produto O couro de microfibra de alta resist\u00eancia apresenta uma elevada durabilidade e resist\u00eancia a riscos, desgaste ou rasg\u00f5es<\/h3>\n<p>Detalhes e carater\u00edsticas do produto O couro de microfibra de alta resist\u00eancia apresenta uma elevada durabilidade e resist\u00eancia a riscos, desgaste ou rasg\u00f5es.<\/p>\n<div class=\"clear\"><\/div>\n<\/div>\n<div class=\"feature-item\">\n<img decoding=\"async\" alt=\"Alta resist\u00eancia \u00e0 rutura - Couro sint\u00e9tico de microfibra Ultrasuede para luvas de ciclismo\" class=\"feature-image left\" src=\"\/wp-content\/uploads\/2025\/08\/07mm-ultrasuede-microfiber-faux-leather-for-cycling-gloves--37882.jpg\"\/><\/p>\n<h3>Elevada resist\u00eancia ao rasgamento<\/h3>\n<p>O nosso couro de microfibra Ultrasuede possui uma resist\u00eancia excecional ao rasgamento, garantindo que n\u00e3o se parte ou deforma facilmente sob tens\u00e3o. Isto torna-a ideal para produtos que exigem durabilidade e desempenho a longo prazo.<\/p>\n<div class=\"clear\"><\/div>\n<\/div>\n<div class=\"feature-item\">\n<img decoding=\"async\" alt=\"Reten\u00e7\u00e3o da forma - Ultrasuede Microfibra Couro sint\u00e9tico para luvas de ciclismo\" class=\"feature-image right\" src=\"\/wp-content\/uploads\/2025\/08\/07mm-ultrasuede-microfiber-faux-leather-for-cycling-gloves--37883.jpg\"\/><\/p>\n<h3>N\u00e3o \u00e9 f\u00e1cil de deformar<\/h3>\n<p>Especialmente tratado para manter a sua forma original, este material oferece uma excelente elasticidade e estabilidade. Resiste \u00e0 deforma\u00e7\u00e3o por press\u00e3o externa ou estiramento, mantendo os produtos intactos e atractivos ao longo do tempo.<\/p>\n<div class=\"clear\"><\/div>\n<\/div>\n<div class=\"feature-item\">\n<img decoding=\"async\" alt=\"Durabilidade - Ultrasuede Microfibra Faux Leather para luvas de ciclismo\" class=\"feature-image left\" src=\"\/wp-content\/uploads\/2025\/08\/07mm-ultrasuede-microfiber-faux-leather-for-cycling-gloves--37884.jpg\"\/><\/p>\n<h3>Durabilidade<\/h3>\n<p>Extremamente resistente \u00e0 abras\u00e3o, aos rasg\u00f5es e aos furos, este material garante que as luvas se mant\u00eam em \u00f3ptimas condi\u00e7\u00f5es, mesmo com uma utiliza\u00e7\u00e3o prolongada. Mant\u00e9m tamb\u00e9m uma excelente destreza e for\u00e7a para artigos de couro de alta qualidade.<\/p>\n<div class=\"clear\"><\/div>\n<\/div>\n<\/section>\n<p><\/main><\/p>\n<section id=\"inquiry\">\n<h2 style=\"text-align: center;\">Sinceramente \u00e0 espera do seu inqu\u00e9rito!<\/h2>\n<p style=\"text-align: center;\">Contacte-nos hoje para saber mais sobre os nossos produtos e fazer a sua encomenda.<\/p>\n<\/section>\n\n    <div class=\"xs_social_share_widget xs_share_url after_content \t\tmain_content  wslu-style-1 wslu-share-box-shaped wslu-fill-colored wslu-none wslu-share-horizontal wslu-theme-font-no wslu-main_content\">\n\n\t\t\n        <ul>\n\t\t\t        <\/ul>\n    <\/div>","protected":false},"excerpt":{"rendered":"<div class=\"product-short-description\">Couro b\u00e1sico de microfibra 0,5 mm Excelente flexibilidade e resist\u00eancia a vincos Vestu\u00e1rio Couro b\u00e1sico de microfibra WINIW 0,5 mm Excelente flexibilidade e resist\u00eancia a vincos Vestu\u00e1rio Couro b\u00e1sico de microfibra As principais carater\u00edsticas incluem microfibra + PU, cor:, refer\u00eancia de cor Pantone ou amostra.<\/p>\n<p>Como f\u00e1brica direta, fabricante e grossista, podemos controlar rigorosamente o processo de produ\u00e7\u00e3o para garantir a qualidade do produto, proporcionando-lhe os pre\u00e7os mais favor\u00e1veis. Dispomos de equipamento de produ\u00e7\u00e3o avan\u00e7ado e de uma equipa t\u00e9cnica profissional para satisfazer as suas necessidades de encomendas em grande escala e garantir uma entrega atempada.<\/p>\n<\/div>","protected":false},"featured_media":4545,"template":"","meta":[],"product_brand":[],"product_cat":[267],"product_tag":[],"class_list":{"0":"post-28526","1":"product","2":"type-product","3":"status-publish","4":"has-post-thumbnail","6":"product_cat-microfiber-base-leather","8":"first","9":"instock","10":"product-type-simple"},"_links":{"self":[{"href":"https:\/\/www.eco-leather.com\/pt\/wp-json\/wp\/v2\/product\/28526","targetHints":{"allow":["GET"]}}],"collection":[{"href":"https:\/\/www.eco-leather.com\/pt\/wp-json\/wp\/v2\/product"}],"about":[{"href":"https:\/\/www.eco-leather.com\/pt\/wp-json\/wp\/v2\/types\/product"}],"wp:featuredmedia":[{"embeddable":true,"href":"https:\/\/www.eco-leather.com\/pt\/wp-json\/wp\/v2\/media\/4545"}],"wp:attachment":[{"href":"https:\/\/www.eco-leather.com\/pt\/wp-json\/wp\/v2\/media?parent=28526"}],"wp:term":[{"taxonomy":"product_brand","embeddable":true,"href":"https:\/\/www.eco-leather.com\/pt\/wp-json\/wp\/v2\/product_brand?post=28526"},{"taxonomy":"product_cat","embeddable":true,"href":"https:\/\/www.eco-leather.com\/pt\/wp-json\/wp\/v2\/product_cat?post=28526"},{"taxonomy":"product_tag","embeddable":true,"href":"https:\/\/www.eco-leather.com\/pt\/wp-json\/wp\/v2\/product_tag?post=28526"}],"curies":[{"name":"wp","href":"https:\/\/api.w.org\/{rel}","templated":true}]}}