{"id":28525,"date":"2025-09-07T10:55:23","date_gmt":"2025-09-07T02:55:23","guid":{"rendered":"https:\/\/www.eco-leather.com\/product\/0-7mm-moderate-elongation-making-clothing-microfiber-base-leather-material\/"},"modified":"2025-09-07T10:55:26","modified_gmt":"2025-09-07T02:55:26","slug":"0-7mm-moderate-elongation-making-clothing-microfiber-base-leather-material","status":"publish","type":"product","link":"https:\/\/www.eco-leather.com\/pt\/0-7mm-moderate-elongation-making-clothing-microfiber-base-leather-material\/","title":{"rendered":"0.7mm Moderate Elongation Making Clothing Microfiber Base Leather Material"},"content":{"rendered":"<h2>Base em microfibra Couro<\/h2>\n<p><main><\/p>\n<section id=\"product-overview\">\n<h2>Descri\u00e7\u00e3o do produto<\/h2>\n<p>produto <strong>Sola em pele sint\u00e9tica<\/strong> descri\u00e7\u00e3o<\/p>\n<p>Excelente <strong>Vestido branco Material Meesho<\/strong> Flexibilidade e resist\u00eancia a dobras<\/p>\n<p>Fabricado a partir de materiais de microfibra de alta qualidade, o nosso couro sint\u00e9tico de microfibra Ultrasuede de 0,7 mm \u00e9 a escolha perfeita para luvas de ciclismo. Equilibra flexibilidade e resist\u00eancia, oferecendo uma respirabilidade excecional e propriedades de absor\u00e7\u00e3o de humidade para manter as m\u00e3os frescas e secas durante passeios intensos.<\/p>\n<p>Quer se trate de um ciclista profissional ou de um ciclista de lazer, o couro em microfibra proporciona um conforto e uma prote\u00e7\u00e3o imbat\u00edveis. A sua elevada resist\u00eancia \u00e0 abras\u00e3o e aos rasg\u00f5es garante um desempenho duradouro, enquanto o design elegante confere um toque sofisticado a qualquer conjunto de ciclismo.<\/p>\n<\/section>\n<section id=\"specifications\">\n<h2>Par\u00e2metros t\u00e9cnicos<\/h2>\n<ul class_=\"parameters-list\">\n<li><span class=\"param-name\">par\u00e2metro <strong>Couro para vestu\u00e1rio Importado<\/strong> Material:<\/span> microfibra + PU. cor: refer\u00eancia de cor Pantone ou amostra Espessura Normal 0,5 mm-2,0 mm ou espessura personalizada Quantidade m\u00ednima de encomenda: 300 metros lineares.<\/li>\n<li><span class=\"param-name\">Comprimento do rolo:<\/span> 20-30m\/rolo Prazo de entrega: 15-20 dias. Largura: 54, 137cm Capacidade de produ\u00e7\u00e3o: 1.000.000 metros por m\u00eas.<\/li>\n<\/ul>\n<p><img decoding=\"async\" alt=\"0.7mm Ultrasuede Microfiber Faux Leather para Luvas de Ciclismo - Especifica\u00e7\u00e3o do Material\" class=\"product-image\" src=\"\/wp-content\/uploads\/2025\/08\/07mm-ultrasuede-microfiber-faux-leather-for-cycling-gloves--37881.jpg\"\/><\/p>\n<h3>Par\u00e2metros do produto<\/h3>\n<ul class=\"parameters-list\">\n<li><span class=\"param-name\">Material:<\/span> Microfibra + PU<\/li>\n<li><span class=\"param-name\">Cor:<\/span> Preto, cinzento, bege (cores personalizadas dispon\u00edveis)<\/li>\n<li><span class=\"param-name\">Espessura:<\/span> 0,6 mm, 0,7 mm, 0,8 mm, 1 mm<\/li>\n<li><span class=\"param-name\">Quantidade m\u00ednima de encomenda:<\/span> 300 metros lineares<\/li>\n<li><span class=\"param-name\">Comprimento do rolo:<\/span> 20-30m\/rolo<\/li>\n<li><span class=\"param-name\">Prazo de entrega:<\/span> 15-20 dias<\/li>\n<li><span class=\"param-name\">Largura:<\/span> 54\u2033, 137cm<\/li>\n<li><span class=\"param-name\">Capacidade de produ\u00e7\u00e3o:<\/span> 1.000.000 de metros por m\u00eas<\/li>\n<\/ul>\n<\/section>\n<section id=\"features\">\n<h2>Carater\u00edsticas do produto<\/h2>\n<div class=\"feature-item\">\n<img decoding=\"async\" alt=\"OurWaterproof Sofa Material Wholesaler0\" class=\"feature-image left\" src=\"\/wp-content\/uploads\/2025\/08\/07mm-moderate-elongation-making-clothing-microfiber-base-leather-material-25772.jpg\"\/><\/p>\n<h3>O nosso <strong>Atacadista de material para sof\u00e1 imperme\u00e1vel<\/strong> 0<\/h3>\n<p>O nosso <strong>Atacadista de material para sof\u00e1 imperme\u00e1vel<\/strong> 0.7mm Moderate Elongation Making Clothing Microfiber Base Leather Material is specifically designed for B-end factories that prioritize durability, flexibility, and aesthetic appeal in their garment production.<\/p>\n<div class=\"clear\"><\/div>\n<\/div>\n<div class=\"feature-item\">\n<img decoding=\"async\" alt=\"CraftedWaterproof Leather Fabric Odmhsaswith precision, this microfiber leather boasts a moderate elongation property, ensuring that it can withstand the rigors of stitching, sewing, and various manufacturing processes without compromising its structural integrity\" class=\"feature-image left\" src=\"\/wp-content\/uploads\/2025\/08\/07mm-moderate-elongation-making-clothing-microfiber-base-leather-material-25773.JPG\"\/><\/p>\n<h3>Artesanal <strong>Couro imperme\u00e1vel Tecido Odmhsas<\/strong> with precision, this microfiber leather boasts a moderate elongation property, ensuring that it can withstand the rigors of stitching, sewing, and various manufacturing processes without compromising its structural integrity<\/h3>\n<p>Artesanal <strong>Couro imperme\u00e1vel Tecido Odmhsas<\/strong> with precision, this microfiber leather boasts a moderate elongation property, ensuring that it can withstand the rigors of stitching, sewing, and various manufacturing processes without compromising its structural integrity.<\/p>\n<div class=\"clear\"><\/div>\n<\/div>\n<div class=\"feature-item\">\n<img decoding=\"async\" alt=\"TheWaterproof Faux Leathermanmaterial's fine texture and smooth finish make it an ideal choice for creating high-quality clothing items that combine both fashion and functionality\" class=\"feature-image left\" src=\"\/wp-content\/uploads\/2025\/08\/07mm-moderate-elongation-making-clothing-microfiber-base-leather-material-25774.JPG\"\/><\/p>\n<h3>O <strong>Leatherman falso \u00e0 prova de \u00e1gua<\/strong> material&#8217;s fine texture and smooth finish make it an ideal choice for creating high-quality clothing items that combine both fashion and functionality<\/h3>\n<p>O <strong>Leatherman falso \u00e0 prova de \u00e1gua<\/strong> material&#8217;s fine texture and smooth finish make it an ideal choice for creating high-quality clothing items that combine both fashion and functionality. Its microfiber composition enhances breathability and comfort, making it suitable for a wide range of applications in the apparel industry.<\/p>\n<div class=\"clear\"><\/div>\n<\/div>\n<div class=\"feature-item\">\n<img decoding=\"async\" alt=\"Detalhes e carater\u00edsticas do produto O couro de microfibra de alta resist\u00eancia apresenta uma elevada durabilidade e resist\u00eancia a riscos, desgaste ou rasg\u00f5es\" class=\"feature-image left\" src=\"\/wp-content\/uploads\/2025\/08\/07mm-moderate-elongation-making-clothing-microfiber-base-leather-material-25775.JPG\"\/><\/p>\n<h3>Detalhes e carater\u00edsticas do produto O couro de microfibra de alta resist\u00eancia apresenta uma elevada durabilidade e resist\u00eancia a riscos, desgaste ou rasg\u00f5es<\/h3>\n<p>Detalhes e carater\u00edsticas do produto O couro de microfibra de alta resist\u00eancia apresenta uma elevada durabilidade e resist\u00eancia a riscos, desgaste ou rasg\u00f5es.<\/p>\n<div class=\"clear\"><\/div>\n<\/div>\n<div class=\"feature-item\">\n<img decoding=\"async\" alt=\"Alta resist\u00eancia \u00e0 rutura - Couro sint\u00e9tico de microfibra Ultrasuede para luvas de ciclismo\" class=\"feature-image left\" src=\"\/wp-content\/uploads\/2025\/08\/07mm-ultrasuede-microfiber-faux-leather-for-cycling-gloves--37882.jpg\"\/><\/p>\n<h3>Elevada resist\u00eancia ao rasgamento<\/h3>\n<p>O nosso couro de microfibra Ultrasuede possui uma resist\u00eancia excecional ao rasgamento, garantindo que n\u00e3o se parte ou deforma facilmente sob tens\u00e3o. Isto torna-a ideal para produtos que exigem durabilidade e desempenho a longo prazo.<\/p>\n<div class=\"clear\"><\/div>\n<\/div>\n<div class=\"feature-item\">\n<img decoding=\"async\" alt=\"Reten\u00e7\u00e3o da forma - Ultrasuede Microfibra Couro sint\u00e9tico para luvas de ciclismo\" class=\"feature-image right\" src=\"\/wp-content\/uploads\/2025\/08\/07mm-ultrasuede-microfiber-faux-leather-for-cycling-gloves--37883.jpg\"\/><\/p>\n<h3>N\u00e3o \u00e9 f\u00e1cil de deformar<\/h3>\n<p>Especialmente tratado para manter a sua forma original, este material oferece uma excelente elasticidade e estabilidade. Resiste \u00e0 deforma\u00e7\u00e3o por press\u00e3o externa ou estiramento, mantendo os produtos intactos e atractivos ao longo do tempo.<\/p>\n<div class=\"clear\"><\/div>\n<\/div>\n<div class=\"feature-item\">\n<img decoding=\"async\" alt=\"Durabilidade - Ultrasuede Microfibra Faux Leather para luvas de ciclismo\" class=\"feature-image left\" src=\"\/wp-content\/uploads\/2025\/08\/07mm-ultrasuede-microfiber-faux-leather-for-cycling-gloves--37884.jpg\"\/><\/p>\n<h3>Durabilidade<\/h3>\n<p>Extremamente resistente \u00e0 abras\u00e3o, aos rasg\u00f5es e aos furos, este material garante que as luvas se mant\u00eam em \u00f3ptimas condi\u00e7\u00f5es, mesmo com uma utiliza\u00e7\u00e3o prolongada. Mant\u00e9m tamb\u00e9m uma excelente destreza e for\u00e7a para artigos de couro de alta qualidade.<\/p>\n<div class=\"clear\"><\/div>\n<\/div>\n<\/section>\n<p><\/main><\/p>\n<section id=\"inquiry\">\n<h2 style=\"text-align: center;\">Sinceramente \u00e0 espera do seu inqu\u00e9rito!<\/h2>\n<p style=\"text-align: center;\">Contacte-nos hoje para saber mais sobre os nossos produtos e fazer a sua encomenda.<\/p>\n<\/section>\n\n    <div class=\"xs_social_share_widget xs_share_url after_content \t\tmain_content  wslu-style-1 wslu-share-box-shaped wslu-fill-colored wslu-none wslu-share-horizontal wslu-theme-font-no wslu-main_content\">\n\n\t\t\n        <ul>\n\t\t\t        <\/ul>\n    <\/div>","protected":false},"excerpt":{"rendered":"<div class=\"product-short-description\">Microfiber Base Leather 0.7mm Moderate Elongation Making Clothing Microfiber Base Leather Material WINIW 0.7mm Moderate Elongation Making Clothing Microfiber Base Leather Material Key features include microfiber + PU., color:, Pantone color reference Or Sample.Ideal for those seeking quality and reliability.<\/p>\n<p>Como f\u00e1brica direta, fabricante e grossista, podemos controlar rigorosamente o processo de produ\u00e7\u00e3o para garantir a qualidade do produto, proporcionando-lhe os pre\u00e7os mais favor\u00e1veis. Dispomos de equipamento de produ\u00e7\u00e3o avan\u00e7ado e de uma equipa t\u00e9cnica profissional para satisfazer as suas necessidades de encomendas em grande escala e garantir uma entrega atempada.<\/p>\n<\/div>","protected":false},"featured_media":4543,"template":"","meta":[],"product_brand":[],"product_cat":[267],"product_tag":[18712],"class_list":{"0":"post-28525","1":"product","2":"type-product","3":"status-publish","4":"has-post-thumbnail","6":"product_cat-microfiber-base-leather","7":"product_tag-sofa-leather-material-priceblack-faux-leather-materialred-faux-leather-materialblack-fake-leather-materialfaux-leather-material-for-clothingfaux-leather-material-for-sale","9":"first","10":"instock","11":"product-type-simple"},"_links":{"self":[{"href":"https:\/\/www.eco-leather.com\/pt\/wp-json\/wp\/v2\/product\/28525","targetHints":{"allow":["GET"]}}],"collection":[{"href":"https:\/\/www.eco-leather.com\/pt\/wp-json\/wp\/v2\/product"}],"about":[{"href":"https:\/\/www.eco-leather.com\/pt\/wp-json\/wp\/v2\/types\/product"}],"wp:featuredmedia":[{"embeddable":true,"href":"https:\/\/www.eco-leather.com\/pt\/wp-json\/wp\/v2\/media\/4543"}],"wp:attachment":[{"href":"https:\/\/www.eco-leather.com\/pt\/wp-json\/wp\/v2\/media?parent=28525"}],"wp:term":[{"taxonomy":"product_brand","embeddable":true,"href":"https:\/\/www.eco-leather.com\/pt\/wp-json\/wp\/v2\/product_brand?post=28525"},{"taxonomy":"product_cat","embeddable":true,"href":"https:\/\/www.eco-leather.com\/pt\/wp-json\/wp\/v2\/product_cat?post=28525"},{"taxonomy":"product_tag","embeddable":true,"href":"https:\/\/www.eco-leather.com\/pt\/wp-json\/wp\/v2\/product_tag?post=28525"}],"curies":[{"name":"wp","href":"https:\/\/api.w.org\/{rel}","templated":true}]}}