{"id":28354,"date":"2025-09-07T10:53:42","date_gmt":"2025-09-07T02:53:42","guid":{"rendered":"https:\/\/www.eco-leather.com\/product\/0-6mm-not-easy-to-wrinkle-vegan-microfiber-leather-for-poncho\/"},"modified":"2025-09-07T10:53:49","modified_gmt":"2025-09-07T02:53:49","slug":"0-6mm-not-easy-to-wrinkle-vegan-microfiber-leather-for-poncho","status":"publish","type":"product","link":"https:\/\/www.eco-leather.com\/pt\/0-6mm-not-easy-to-wrinkle-vegan-microfiber-leather-for-poncho\/","title":{"rendered":"0.6mm Not Easy To Wrinkle Vegan Microfiber Leather For Poncho"},"content":{"rendered":"<h2>Revestimento artificial em couro de microfibra<\/h2>\n<p><main><\/p>\n<section id=\"product-overview\">\n<h2>Descri\u00e7\u00e3o do produto<\/h2>\n<p>Produto <strong>Couro sint\u00e9tico Spandex<\/strong> Introdu\u00e7\u00e3o<\/p>\n<p>Fabricado a partir de materiais de microfibra de alta qualidade, o nosso couro sint\u00e9tico de microfibra Ultrasuede de 0,7 mm \u00e9 a escolha perfeita para luvas de ciclismo. Equilibra flexibilidade e resist\u00eancia, oferecendo uma respirabilidade excecional e propriedades de absor\u00e7\u00e3o de humidade para manter as m\u00e3os frescas e secas durante passeios intensos.<\/p>\n<p>Quer se trate de um ciclista profissional ou de um ciclista de lazer, o couro em microfibra proporciona um conforto e uma prote\u00e7\u00e3o imbat\u00edveis. A sua elevada resist\u00eancia \u00e0 abras\u00e3o e aos rasg\u00f5es garante um desempenho duradouro, enquanto o design elegante confere um toque sofisticado a qualquer conjunto de ciclismo.<\/p>\n<\/section>\n<section id=\"specifications\">\n<h2>Par\u00e2metros t\u00e9cnicos<\/h2>\n<ul class_=\"parameters-list\">\n<li><span class=\"param-name\">Produto <strong>Caixas em pele sint\u00e9tica China<\/strong> Specification WINIW Company Factory Wholesale Suede Microfiber ManufacturersCustomizable Synthetic Leather:<\/span> Eleg\u00e2ncia, durabilidade e op\u00e7\u00f5es de cores.<\/li>\n<\/ul>\n<p><img decoding=\"async\" alt=\"0.7mm Ultrasuede Microfiber Faux Leather para Luvas de Ciclismo - Especifica\u00e7\u00e3o do Material\" class=\"product-image\" src=\"\/wp-content\/uploads\/2025\/08\/07mm-ultrasuede-microfiber-faux-leather-for-cycling-gloves--37881.jpg\"\/><\/p>\n<h3>Par\u00e2metros do produto<\/h3>\n<ul class=\"parameters-list\">\n<li><span class=\"param-name\">Material:<\/span> Microfibra + PU<\/li>\n<li><span class=\"param-name\">Cor:<\/span> Preto, cinzento, bege (cores personalizadas dispon\u00edveis)<\/li>\n<li><span class=\"param-name\">Espessura:<\/span> 0,6 mm, 0,7 mm, 0,8 mm, 1 mm<\/li>\n<li><span class=\"param-name\">Quantidade m\u00ednima de encomenda:<\/span> 300 metros lineares<\/li>\n<li><span class=\"param-name\">Comprimento do rolo:<\/span> 20-30m\/rolo<\/li>\n<li><span class=\"param-name\">Prazo de entrega:<\/span> 15-20 dias<\/li>\n<li><span class=\"param-name\">Largura:<\/span> 54\u2033, 137cm<\/li>\n<li><span class=\"param-name\">Capacidade de produ\u00e7\u00e3o:<\/span> 1.000.000 de metros por m\u00eas<\/li>\n<\/ul>\n<\/section>\n<section id=\"features\">\n<h2>Carater\u00edsticas do produto<\/h2>\n<div class=\"feature-item\">\n<img decoding=\"async\" alt=\"AtWaterproof Leather Fabric OdmhsasWINIW Company Factory Wholesale Suede Microfiber Manufacturersfactory, we pride ourselves on crafting exceptional materials that redefine the standards of quality and innovation in the leatherette industry\" class=\"feature-image left\" src=\"\/wp-content\/uploads\/2025\/08\/06mm-not-easy-to-wrinkle-vegan-microfiber-leather-for-poncho-24307.jpg\"\/><\/p>\n<h3>Em <strong>Couro imperme\u00e1vel Tecido Odmhsas<\/strong> WINIW Company Factory Wholesale Suede Microfiber Manufacturersfactory, we pride ourselves on crafting exceptional materials that redefine the standards of quality and innovation in the leatherette industry<\/h3>\n<p>Em <strong>Couro imperme\u00e1vel Tecido Odmhsas<\/strong> WINIW Company Factory Wholesale Suede Microfiber Manufacturersfactory, we pride ourselves on crafting exceptional materials that redefine the standards of quality and innovation in the leatherette industry.<\/p>\n<div class=\"clear\"><\/div>\n<\/div>\n<div class=\"feature-item\">\n<img decoding=\"async\" alt=\"Our latest masterpiece, the Not Easy To Wrinkle Vegan Leatherette Microfiber Fabric For Poncho, is a testament to this commitment\" class=\"feature-image left\" src=\"\/wp-content\/uploads\/2025\/08\/06mm-not-easy-to-wrinkle-vegan-microfiber-leather-for-poncho-24308.jpg\"\/><\/p>\n<h3>Our latest masterpiece, the Not Easy To Wrinkle Vegan Leatherette Microfiber Fabric For Poncho, is a testament to this commitment<\/h3>\n<p>Our latest masterpiece, the Not Easy To Wrinkle Vegan Leatherette Microfiber Fabric For Poncho, is a testament to this commitment. This microfiber leather fabric is meticulously engineered using advanced technologies and eco-friendly processes, ensuring it meets the highest expectations of designers and manufacturers alike.<\/p>\n<div class=\"clear\"><\/div>\n<\/div>\n<div class=\"feature-item\">\n<img decoding=\"async\" alt=\"The WINIW Company Factory Wholesale Suede Microfiber Manufacturersmanufacturer has infused this fabric with unparalleled durability and a luxurious feel, making it an ideal choice for crafting high-end outerwear without compromising on sustainability\" class=\"feature-image left\" src=\"\/wp-content\/uploads\/2025\/08\/06mm-not-easy-to-wrinkle-vegan-microfiber-leather-for-poncho-24309.jpg\"\/><\/p>\n<h3>The WINIW Company Factory Wholesale Suede Microfiber Manufacturersmanufacturer has infused this fabric with unparalleled durability and a luxurious feel, making it an ideal choice for crafting high-end outerwear without compromising on sustainability<\/h3>\n<p>The WINIW Company Factory Wholesale Suede Microfiber Manufacturersmanufacturer has infused this fabric with unparalleled durability and a luxurious feel, making it an ideal choice for crafting high-end outerwear without compromising on sustainability.<\/p>\n<div class=\"clear\"><\/div>\n<\/div>\n<div class=\"feature-item\">\n<img decoding=\"async\" alt=\"ItsWaterproof Leather Material Servicesmooth texture and refined aesthetics set it apart, promising to elevate any poncho design with a sophisticated, modern twist \" class=\"feature-image left\" src=\"\/wp-content\/uploads\/2025\/08\/06mm-not-easy-to-wrinkle-vegan-microfiber-leather-for-poncho-24310.jpg\"\/><\/p>\n<h3>Os seus <strong>Material de couro imperme\u00e1vel Servi\u00e7o<\/strong> smooth texture and refined aesthetics set it apart, promising to elevate any poncho design with a sophisticated, modern twist <\/h3>\n<p>Os seus <strong>Material de couro imperme\u00e1vel Servi\u00e7o<\/strong> smooth texture and refined aesthetics set it apart, promising to elevate any poncho design with a sophisticated, modern twist . Material MicrofiberLeather Brand Name WINIW Company Factory Wholesale Suede Microfiber ManufacturersWidth 54&#8243;;<\/p>\n<div class=\"clear\"><\/div>\n<\/div>\n<div class=\"feature-item\">\n<img decoding=\"async\" alt=\"1\" class=\"feature-image left\" src=\"\/wp-content\/uploads\/2025\/08\/06mm-not-easy-to-wrinkle-vegan-microfiber-leather-for-poncho-24311.jpg\"\/><\/p>\n<h3>1<\/h3>\n<p>1.37m Cor Vermelho, Preto, Castanho, Verde, aceita personaliza\u00e7\u00e3o Carater\u00edstica Resistente ao desgaste, Imperme\u00e1vel, Anti-mofo, Flex\u00edvel Espessura 0.6mm-2.0mm Local de origem China Personalizado Sim Prazo de entrega Normalmente dentro de 15 - 25 dias.<\/p>\n<div class=\"clear\"><\/div>\n<\/div>\n<div class=\"feature-item\">\n<h3>MOQ 300 metros Detalhes da embalagem 30\/50 metros por rolo<\/h3>\n<p>MOQ 300 metros Detalhes da embalagem 30\/50 metros por rolo. Ou <strong>Leatherman falso \u00e0 prova de \u00e1gua<\/strong> customized Production Capacity 1,000,000 meters monthly Product Feature What truly distinguishes the Not Easy To Wrinkle Vegan Leatherette Microfiber Fabric For Poncho from other materials in the market is its remarkable resilience and ease of use.<\/p>\n<div class=\"clear\"><\/div>\n<\/div>\n<div class=\"feature-item\">\n<h3>As a leading WINIW Company Factory Wholesale Suede Microfiber Manufacturersmanufacturer, we&#8217;ve ensured this fabric retains its shape and elegance even after repeated wear and wash, thanks to its anti-wrinkle properties<\/h3>\n<p>As a leading WINIW Company Factory Wholesale Suede Microfiber Manufacturersmanufacturer, we&#8217;ve ensured this fabric retains its shape and elegance even after repeated wear and wash, thanks to its anti-wrinkle properties.<\/p>\n<div class=\"clear\"><\/div>\n<\/div>\n<div class=\"feature-item\">\n<h3>Its vegan composition makes it a compassionate choice for consumers seeking ethical alternatives to animal-derived leathers<\/h3>\n<p>Its vegan composition makes it a compassionate choice for consumers seeking ethical alternatives to animal-derived leathers. Moreover, the microfiber construction guarantees a breathable and lightweight fabric, perfect for maintaining comfort throughout the changing seasons.<\/p>\n<div class=\"clear\"><\/div>\n<\/div>\n<div class=\"feature-item\">\n<h3>The WINIW Company Factory Wholesale Suede Microfiber Manufacturersfactory&#8217;s rigorous quality control processes ensure each roll meets stringent standards for color consistency, tear strength, and flexibility, making it a reliable option for bulk orders and large-scale production runs<\/h3>\n<p>The WINIW Company Factory Wholesale Suede Microfiber Manufacturersfactory&#8217;s rigorous quality control processes ensure each roll meets stringent standards for color consistency, tear strength, and flexibility, making it a reliable option for bulk orders and large-scale production runs.<\/p>\n<div class=\"clear\"><\/div>\n<\/div>\n<div class=\"feature-item\">\n<h3>Its versatility in accepting various printing and dyeing techniques further broadens its appeal, catering to diverse aesthetic preferences and market demands <\/h3>\n<p>Its versatility in accepting various printing and dyeing techniques further broadens its appeal, catering to diverse aesthetic preferences and market demands .<\/p>\n<div class=\"clear\"><\/div>\n<\/div>\n<div class=\"feature-item\">\n<img decoding=\"async\" alt=\"Alta resist\u00eancia \u00e0 rutura - Couro sint\u00e9tico de microfibra Ultrasuede para luvas de ciclismo\" class=\"feature-image left\" src=\"\/wp-content\/uploads\/2025\/08\/07mm-ultrasuede-microfiber-faux-leather-for-cycling-gloves--37882.jpg\"\/><\/p>\n<h3>Elevada resist\u00eancia ao rasgamento<\/h3>\n<p>O nosso couro de microfibra Ultrasuede possui uma resist\u00eancia excecional ao rasgamento, garantindo que n\u00e3o se parte ou deforma facilmente sob tens\u00e3o. Isto torna-a ideal para produtos que exigem durabilidade e desempenho a longo prazo.<\/p>\n<div class=\"clear\"><\/div>\n<\/div>\n<div class=\"feature-item\">\n<img decoding=\"async\" alt=\"Reten\u00e7\u00e3o da forma - Ultrasuede Microfibra Couro sint\u00e9tico para luvas de ciclismo\" class=\"feature-image right\" src=\"\/wp-content\/uploads\/2025\/08\/07mm-ultrasuede-microfiber-faux-leather-for-cycling-gloves--37883.jpg\"\/><\/p>\n<h3>N\u00e3o \u00e9 f\u00e1cil de deformar<\/h3>\n<p>Especialmente tratado para manter a sua forma original, este material oferece uma excelente elasticidade e estabilidade. Resiste \u00e0 deforma\u00e7\u00e3o por press\u00e3o externa ou estiramento, mantendo os produtos intactos e atractivos ao longo do tempo.<\/p>\n<div class=\"clear\"><\/div>\n<\/div>\n<div class=\"feature-item\">\n<img decoding=\"async\" alt=\"Durabilidade - Ultrasuede Microfibra Faux Leather para luvas de ciclismo\" class=\"feature-image left\" src=\"\/wp-content\/uploads\/2025\/08\/07mm-ultrasuede-microfiber-faux-leather-for-cycling-gloves--37884.jpg\"\/><\/p>\n<h3>Durabilidade<\/h3>\n<p>Extremamente resistente \u00e0 abras\u00e3o, aos rasg\u00f5es e aos furos, este material garante que as luvas se mant\u00eam em \u00f3ptimas condi\u00e7\u00f5es, mesmo com uma utiliza\u00e7\u00e3o prolongada. Mant\u00e9m tamb\u00e9m uma excelente destreza e for\u00e7a para artigos de couro de alta qualidade.<\/p>\n<div class=\"clear\"><\/div>\n<\/div>\n<\/section>\n<section id=\"why-choose-us\">\n<h2>Porqu\u00ea escolher a WINIW<\/h2>\n<div class=\"advantage-item\">\n<h3>A nossa vantagem<\/h3>\n<p>WINIW Company Factory Wholesale Suede Microfiber ManufacturersFactory Product Showcase<\/p>\n<\/div>\n<div class=\"advantage-item\">\n<h3>Garantia de qualidade<\/h3>\n<p>Implementamos um controlo de qualidade rigoroso em toda a cadeia de produ\u00e7\u00e3o e fornecimento, aderindo \u00e0s normas ISO9001. Desde a sele\u00e7\u00e3o da mat\u00e9ria-prima at\u00e9 \u00e0 inspe\u00e7\u00e3o final, damos prioridade aos interesses do cliente.<\/p>\n<\/div>\n<div class=\"advantage-item\">\n<h3>Equipa t\u00e9cnica profissional<\/h3>\n<p>A nossa equipa t\u00e9cnica especializada \u00e9 constitu\u00edda por profissionais experientes em v\u00e1rias \u00e1reas, dedicados a fornecer produtos de alta qualidade e solu\u00e7\u00f5es \u00e0 medida.<\/p>\n<\/div>\n<div class=\"advantage-item\">\n<h3>Vasta gama de aplica\u00e7\u00f5es<\/h3>\n<p>Os nossos materiais s\u00e3o amplamente utilizados em cal\u00e7ado, vestu\u00e1rio, bagagem, interiores de autom\u00f3veis, mobili\u00e1rio para sof\u00e1s e muito mais.<\/p>\n<\/div>\n<div class=\"advantage-item\">\n<h3>Experi\u00eancia rica<\/h3>\n<p>A Quanzhou WINIW Import &amp; Export Co., Ltd. tem mais de 20 anos de experi\u00eancia em produ\u00e7\u00e3o, oferecendo solu\u00e7\u00f5es perfeitas para clientes em todo o mundo.<\/p>\n<\/div>\n<div class=\"advantage-item\">\n<h3>Pre\u00e7o acess\u00edvel<\/h3>\n<p>Oferecemos pre\u00e7os competitivos e um excelente servi\u00e7o ao cliente. Solicite um cat\u00e1logo ou visite a nossa f\u00e1brica para explorar os nossos produtos.<\/p>\n<\/div>\n<div class=\"advantage-item\">\n<h3>Servi\u00e7o de apoio ao cliente online 24 horas por dia<\/h3>\n<p>A nossa equipa est\u00e1 dispon\u00edvel 24 horas por dia, 7 dias por semana, para responder a quest\u00f5es e responder prontamente a coment\u00e1rios.<\/p>\n<\/div>\n<p><img decoding=\"async\" alt=\"Instala\u00e7\u00e3o de produ\u00e7\u00e3o da WINIW - Processo de fabrico do couro de microfibra Ultrasuede\" class=\"product-image\" src=\"\/wp-content\/uploads\/2025\/08\/07mm-ultrasuede-microfiber-faux-leather-for-cycling-gloves--37888.jpg\"\/><br \/>\n<\/section>\n<p><\/main><\/p>\n<section id=\"inquiry\">\n<h2 style=\"text-align: center;\">Sinceramente \u00e0 espera do seu inqu\u00e9rito!<\/h2>\n<p style=\"text-align: center;\">Contacte-nos hoje para saber mais sobre os nossos produtos e fazer a sua encomenda.<\/p>\n<\/section>\n\n    <div class=\"xs_social_share_widget xs_share_url after_content \t\tmain_content  wslu-style-1 wslu-share-box-shaped wslu-fill-colored wslu-none wslu-share-horizontal wslu-theme-font-no wslu-main_content\">\n\n\t\t\n        <ul>\n\t\t\t        <\/ul>\n    <\/div>","protected":false},"excerpt":{"rendered":"<div class=\"product-short-description\">Microfiber Leather 0.6mm Not Easy To Wrinkle Vegan Microfiber Leather For Poncho WINIW 0.6mm Not Easy To Wrinkle Vegan Microfiber Leather For Poncho Key features include MicrofiberLeather, WINIW, Width.Ideal for those seeking quality and reliability.<\/p>\n<p>Como f\u00e1brica direta, fabricante e grossista, podemos controlar rigorosamente o processo de produ\u00e7\u00e3o para garantir a qualidade do produto, proporcionando-lhe os pre\u00e7os mais favor\u00e1veis. Dispomos de equipamento de produ\u00e7\u00e3o avan\u00e7ado e de uma equipa t\u00e9cnica profissional para satisfazer as suas necessidades de encomendas em grande escala e garantir uma entrega atempada.<\/p>\n<\/div>","protected":false},"featured_media":4095,"template":"","meta":[],"product_brand":[],"product_cat":[111],"product_tag":[],"class_list":{"0":"post-28354","1":"product","2":"type-product","3":"status-publish","4":"has-post-thumbnail","6":"product_cat-microfiber-leather","8":"first","9":"instock","10":"product-type-simple"},"_links":{"self":[{"href":"https:\/\/www.eco-leather.com\/pt\/wp-json\/wp\/v2\/product\/28354","targetHints":{"allow":["GET"]}}],"collection":[{"href":"https:\/\/www.eco-leather.com\/pt\/wp-json\/wp\/v2\/product"}],"about":[{"href":"https:\/\/www.eco-leather.com\/pt\/wp-json\/wp\/v2\/types\/product"}],"wp:featuredmedia":[{"embeddable":true,"href":"https:\/\/www.eco-leather.com\/pt\/wp-json\/wp\/v2\/media\/4095"}],"wp:attachment":[{"href":"https:\/\/www.eco-leather.com\/pt\/wp-json\/wp\/v2\/media?parent=28354"}],"wp:term":[{"taxonomy":"product_brand","embeddable":true,"href":"https:\/\/www.eco-leather.com\/pt\/wp-json\/wp\/v2\/product_brand?post=28354"},{"taxonomy":"product_cat","embeddable":true,"href":"https:\/\/www.eco-leather.com\/pt\/wp-json\/wp\/v2\/product_cat?post=28354"},{"taxonomy":"product_tag","embeddable":true,"href":"https:\/\/www.eco-leather.com\/pt\/wp-json\/wp\/v2\/product_tag?post=28354"}],"curies":[{"name":"wp","href":"https:\/\/api.w.org\/{rel}","templated":true}]}}