{"id":28048,"date":"2025-09-07T10:50:55","date_gmt":"2025-09-07T02:50:55","guid":{"rendered":"https:\/\/www.eco-leather.com\/product\/flat-straight-branding-emblem-imitation-microfiber-leather-tags\/"},"modified":"2025-09-07T10:51:00","modified_gmt":"2025-09-07T02:51:00","slug":"etiquetas-planas-rectas-com-emblema-da-marca-em-imitacao-de-couro-de-microfibra","status":"publish","type":"product","link":"https:\/\/www.eco-leather.com\/pt\/etiquetas-planas-rectas-com-emblema-da-marca-em-imitacao-de-couro-de-microfibra\/","title":{"rendered":"Etiquetas de couro de microfibra de imita\u00e7\u00e3o com emblema de marca reto e plano"},"content":{"rendered":"<h2>Couro de microfibra sint\u00e9tica resistente \u00e0s costuras<\/h2>\n<p><main><\/p>\n<section id=\"product-overview\">\n<h2>Descri\u00e7\u00e3o do produto<\/h2>\n<p>Produto <strong>Sola em pele sint\u00e9tica<\/strong> Introdu\u00e7\u00e3o<\/p>\n<p>Fabricado a partir de materiais de microfibra de alta qualidade, o nosso couro sint\u00e9tico de microfibra Ultrasuede de 0,7 mm \u00e9 a escolha perfeita para luvas de ciclismo. Equilibra flexibilidade e resist\u00eancia, oferecendo uma respirabilidade excecional e propriedades de absor\u00e7\u00e3o de humidade para manter as m\u00e3os frescas e secas durante passeios intensos.<\/p>\n<p>Quer se trate de um ciclista profissional ou de um ciclista de lazer, o couro em microfibra proporciona um conforto e uma prote\u00e7\u00e3o imbat\u00edveis. A sua elevada resist\u00eancia \u00e0 abras\u00e3o e aos rasg\u00f5es garante um desempenho duradouro, enquanto o design elegante confere um toque sofisticado a qualquer conjunto de ciclismo.<\/p>\n<\/section>\n<section id=\"specifications\">\n<h2>Par\u00e2metros t\u00e9cnicos<\/h2>\n<ul class_=\"parameters-list\">\n<li><span class=\"param-name\">Produto <strong>Couro para vestu\u00e1rio Importado<\/strong> Especifica\u00e7\u00e3o WINIW Company F\u00e1brica de material PU por atacado Fabricantes de couro sint\u00e9tico personaliz\u00e1vel:<\/span> Eleg\u00e2ncia, durabilidade e op\u00e7\u00f5es de cores.<\/li>\n<\/ul>\n<p><img decoding=\"async\" alt=\"0.7mm Ultrasuede Microfiber Faux Leather para Luvas de Ciclismo - Especifica\u00e7\u00e3o do Material\" class=\"product-image\" src=\"\/wp-content\/uploads\/2025\/08\/07mm-ultrasuede-microfiber-faux-leather-for-cycling-gloves--37881.jpg\"\/><\/p>\n<h3>Par\u00e2metros do produto<\/h3>\n<ul class=\"parameters-list\">\n<li><span class=\"param-name\">Material:<\/span> Microfibra + PU<\/li>\n<li><span class=\"param-name\">Cor:<\/span> Preto, cinzento, bege (cores personalizadas dispon\u00edveis)<\/li>\n<li><span class=\"param-name\">Espessura:<\/span> 0,6 mm, 0,7 mm, 0,8 mm, 1 mm<\/li>\n<li><span class=\"param-name\">Quantidade m\u00ednima de encomenda:<\/span> 300 metros lineares<\/li>\n<li><span class=\"param-name\">Comprimento do rolo:<\/span> 20-30m\/rolo<\/li>\n<li><span class=\"param-name\">Prazo de entrega:<\/span> 15-20 dias<\/li>\n<li><span class=\"param-name\">Largura:<\/span> 54\u2033, 137cm<\/li>\n<li><span class=\"param-name\">Capacidade de produ\u00e7\u00e3o:<\/span> 1.000.000 de metros por m\u00eas<\/li>\n<\/ul>\n<\/section>\n<section id=\"features\">\n<h2>Carater\u00edsticas do produto<\/h2>\n<div class=\"feature-item\">\n<img decoding=\"async\" alt=\"WINIWWWaterproof Faux Leather CustomizeCompany Factory Wholesale PU Material Manufacturers, como um fabricante l\u00edder na ind\u00fastria de couro, orgulha-se de criar produtos de couro de microfibra excepcionais adaptados para atender \u00e0s diversas necessidades dos clientes\" class=\"feature-image left\" src=\"\/wp-content\/uploads\/2025\/08\/flat-straight-branding-emblem-imitation-microfiber-leather-tags-21727.jpg\"\/><\/p>\n<h3>WINIW <strong>Personaliza\u00e7\u00e3o em pele sint\u00e9tica imperme\u00e1vel<\/strong> F\u00e1brica da empresa Fabricantes de material PU por atacado, como um fabricante l\u00edder na ind\u00fastria de couro, orgulha-se de criar produtos de couro de microfibra excepcionais, adaptados para atender \u00e0s diversas necessidades dos clientes<\/h3>\n<p>WINIW <strong>Personaliza\u00e7\u00e3o em pele sint\u00e9tica imperme\u00e1vel<\/strong> F\u00e1brica da empresa Fabricantes de material PU por atacado, como um fabricante l\u00edder na ind\u00fastria de couro, orgulha-se de criar produtos de couro de microfibra excepcionais, adaptados para atender \u00e0s diversas necessidades dos clientes.<\/p>\n<div class=\"clear\"><\/div>\n<\/div>\n<div class=\"feature-item\">\n<img decoding=\"async\" alt=\"A nossa imita\u00e7\u00e3o de pele de microfibra plana e reta para etiquetas com emblema de marca destaca-se como uma escolha de material de primeira qualidade para a cria\u00e7\u00e3o de etiquetas e emblemas de alta qualidade que melhoram a identidade da marca\" class=\"feature-image left\" src=\"\/wp-content\/uploads\/2025\/08\/flat-straight-branding-emblem-imitation-microfiber-leather-tags-21728.jpg\"\/><\/p>\n<h3>A nossa imita\u00e7\u00e3o de pele de microfibra plana e reta para etiquetas com emblema de marca destaca-se como uma escolha de material de primeira qualidade para a cria\u00e7\u00e3o de etiquetas e emblemas de alta qualidade que melhoram a identidade da marca<\/h3>\n<p>A nossa imita\u00e7\u00e3o de pele de microfibra plana e reta para etiquetas de emblemas de marcas destaca-se como uma escolha de material de primeira qualidade para a cria\u00e7\u00e3o de etiquetas e emblemas de alta qualidade que melhoram a identidade da marca. Esta pele meticulosamente concebida apresenta um padr\u00e3o de gr\u00e3o reto e elegante, imitando a eleg\u00e2ncia da pele genu\u00edna e oferecendo uma durabilidade e versatilidade superiores.<\/p>\n<div class=\"clear\"><\/div>\n<\/div>\n<div class=\"feature-item\">\n<img decoding=\"async\" alt=\"Concebida especificamente para fins de marca, permite a impress\u00e3o n\u00edtida e clara de log\u00f3tipos, slogans e outras marcas de identifica\u00e7\u00e3o, assegurando que a mensagem da sua marca se destaca com um apelo profissional \" class=\"feature-image left\" src=\"\/wp-content\/uploads\/2025\/08\/flat-straight-branding-emblem-imitation-microfiber-leather-tags-21729.jpg\"\/><\/p>\n<h3>Concebida especificamente para fins de marca, permite a impress\u00e3o n\u00edtida e clara de log\u00f3tipos, slogans e outras marcas de identifica\u00e7\u00e3o, assegurando que a mensagem da sua marca se destaca com um apelo profissional <\/h3>\n<p>Concebido especificamente para fins de marca, permite a impress\u00e3o n\u00edtida e clara de log\u00f3tipos, slogans e outras marcas de identifica\u00e7\u00e3o, assegurando que a mensagem da sua marca se destaca com um apelo profissional. Material <strong>Spray imperme\u00e1vel para couro de camur\u00e7a<\/strong> MicrofibraCouro Nome da marca WINIW Company F\u00e1brica de fabricantes de material PU por atacadoLargura 54\u2033;<\/p>\n<div class=\"clear\"><\/div>\n<\/div>\n<div class=\"feature-item\">\n<img decoding=\"async\" alt=\"1\" class=\"feature-image left\" src=\"\/wp-content\/uploads\/2025\/08\/flat-straight-branding-emblem-imitation-microfiber-leather-tags-21730.jpg\"\/><\/p>\n<h3>1<\/h3>\n<p>1.37m Cor Vermelho, Preto, Castanho, Verde, aceita personaliza\u00e7\u00e3o Carater\u00edstica Resistente ao desgaste, Imperme\u00e1vel, Anti-mofo, Flex\u00edvel Espessura 0.6mm-2.0mm Local de origem China Personalizado Sim Prazo de entrega Normalmente dentro de 15 - 25 dias.<\/p>\n<div class=\"clear\"><\/div>\n<\/div>\n<div class=\"feature-item\">\n<img decoding=\"async\" alt=\"MOQ 300 metros Detalhes da embalagem 30\/50 metros por rolo\" class=\"feature-image left\" src=\"\/wp-content\/uploads\/2025\/08\/flat-straight-branding-emblem-imitation-microfiber-leather-tags-21731.jpg\"\/><\/p>\n<h3>MOQ 300 metros Detalhes da embalagem 30\/50 metros por rolo<\/h3>\n<p>MOQ 300 metros Detalhes da embalagem 30\/50 metros por rolo. Ou personalizado Capacidade de produ\u00e7\u00e3o 1.000.000 metros mensais Carater\u00edstica do produto O couro de microfibra de imita\u00e7\u00e3o reta plana da WINIW Company Factory Wholesale PU Material Manufacturersfactory combina o apelo est\u00e9tico do couro tradicional com os avan\u00e7os sint\u00e9ticos modernos.<\/p>\n<div class=\"clear\"><\/div>\n<\/div>\n<div class=\"feature-item\">\n<h3>\u00c9 <strong>Camur\u00e7a Couro Imperme\u00e1vel Importa\u00e7\u00e3o<\/strong> apresenta uma superf\u00edcie ultra-suave que n\u00e3o s\u00f3 aceita tintas e corantes com uma ader\u00eancia excecional, como tamb\u00e9m mant\u00e9m a sua cor vibrante e o seu acabamento ao longo do tempo<\/h3>\n<p>\u00c9 <strong>Camur\u00e7a Couro Imperme\u00e1vel Importa\u00e7\u00e3o<\/strong> apresenta uma superf\u00edcie ultra-suave que n\u00e3o s\u00f3 aceita tintas e corantes com uma ader\u00eancia excecional, como tamb\u00e9m mant\u00e9m a sua cor vibrante e o seu acabamento ao longo do tempo.<\/p>\n<div class=\"clear\"><\/div>\n<\/div>\n<div class=\"feature-item\">\n<h3>A sua composi\u00e7\u00e3o em microfibra confere-lhe uma resist\u00eancia excecional \u00e0 rutura e ao desgaste, tornando-a resistente aos rigores da utiliza\u00e7\u00e3o di\u00e1ria<\/h3>\n<p>A sua composi\u00e7\u00e3o em microfibra confere-lhe uma resist\u00eancia excecional ao rasgo e ao desgaste, tornando-a resistente aos rigores da utiliza\u00e7\u00e3o di\u00e1ria. Al\u00e9m disso, esta pele \u00e9 leve mas robusta, oferecendo uma sensa\u00e7\u00e3o equilibrada que \u00e9 simultaneamente confort\u00e1vel de manusear e suficientemente dur\u00e1vel para suportar o manuseamento repetido e a exposi\u00e7\u00e3o a v\u00e1rios ambientes.<\/p>\n<div class=\"clear\"><\/div>\n<\/div>\n<div class=\"feature-item\">\n<h3>O seu design de gr\u00e3o direito acrescenta um toque de sofistica\u00e7\u00e3o, tornando-a a escolha ideal para as marcas que procuram elevar as suas solu\u00e7\u00f5es de etiquetas e emblemas <\/h3>\n<p>O seu design de gr\u00e3o reto acrescenta um toque de sofistica\u00e7\u00e3o, tornando-o na escolha ideal para marcas que procuram elevar as suas solu\u00e7\u00f5es de etiquetas e emblemas.<\/p>\n<div class=\"clear\"><\/div>\n<\/div>\n<div class=\"feature-item\">\n<img decoding=\"async\" alt=\"Alta resist\u00eancia \u00e0 rutura - Couro sint\u00e9tico de microfibra Ultrasuede para luvas de ciclismo\" class=\"feature-image left\" src=\"\/wp-content\/uploads\/2025\/08\/07mm-ultrasuede-microfiber-faux-leather-for-cycling-gloves--37882.jpg\"\/><\/p>\n<h3>Elevada resist\u00eancia ao rasgamento<\/h3>\n<p>O nosso couro de microfibra Ultrasuede possui uma resist\u00eancia excecional ao rasgamento, garantindo que n\u00e3o se parte ou deforma facilmente sob tens\u00e3o. Isto torna-a ideal para produtos que exigem durabilidade e desempenho a longo prazo.<\/p>\n<div class=\"clear\"><\/div>\n<\/div>\n<div class=\"feature-item\">\n<img decoding=\"async\" alt=\"Reten\u00e7\u00e3o da forma - Ultrasuede Microfibra Couro sint\u00e9tico para luvas de ciclismo\" class=\"feature-image right\" src=\"\/wp-content\/uploads\/2025\/08\/07mm-ultrasuede-microfiber-faux-leather-for-cycling-gloves--37883.jpg\"\/><\/p>\n<h3>N\u00e3o \u00e9 f\u00e1cil de deformar<\/h3>\n<p>Especialmente tratado para manter a sua forma original, este material oferece uma excelente elasticidade e estabilidade. Resiste \u00e0 deforma\u00e7\u00e3o por press\u00e3o externa ou estiramento, mantendo os produtos intactos e atractivos ao longo do tempo.<\/p>\n<div class=\"clear\"><\/div>\n<\/div>\n<div class=\"feature-item\">\n<img decoding=\"async\" alt=\"Durabilidade - Ultrasuede Microfibra Faux Leather para luvas de ciclismo\" class=\"feature-image left\" src=\"\/wp-content\/uploads\/2025\/08\/07mm-ultrasuede-microfiber-faux-leather-for-cycling-gloves--37884.jpg\"\/><\/p>\n<h3>Durabilidade<\/h3>\n<p>Extremamente resistente \u00e0 abras\u00e3o, aos rasg\u00f5es e aos furos, este material garante que as luvas se mant\u00eam em \u00f3ptimas condi\u00e7\u00f5es, mesmo com uma utiliza\u00e7\u00e3o prolongada. Mant\u00e9m tamb\u00e9m uma excelente destreza e for\u00e7a para artigos de couro de alta qualidade.<\/p>\n<div class=\"clear\"><\/div>\n<\/div>\n<\/section>\n<section id=\"why-choose-us\">\n<h2>Porqu\u00ea escolher a WINIW<\/h2>\n<div class=\"advantage-item\">\n<h3>A nossa vantagem<\/h3>\n<p>F\u00e1brica WINIW F\u00e1brica de material PU por atacado FabricantesMostra de produtos da f\u00e1brica<\/p>\n<\/div>\n<div class=\"advantage-item\">\n<h3>Garantia de qualidade<\/h3>\n<p>Implementamos um controlo de qualidade rigoroso em toda a cadeia de produ\u00e7\u00e3o e fornecimento, aderindo \u00e0s normas ISO9001. Desde a sele\u00e7\u00e3o da mat\u00e9ria-prima at\u00e9 \u00e0 inspe\u00e7\u00e3o final, damos prioridade aos interesses do cliente.<\/p>\n<\/div>\n<div class=\"advantage-item\">\n<h3>Equipa t\u00e9cnica profissional<\/h3>\n<p>A nossa equipa t\u00e9cnica especializada \u00e9 constitu\u00edda por profissionais experientes em v\u00e1rias \u00e1reas, dedicados a fornecer produtos de alta qualidade e solu\u00e7\u00f5es \u00e0 medida.<\/p>\n<\/div>\n<div class=\"advantage-item\">\n<h3>Vasta gama de aplica\u00e7\u00f5es<\/h3>\n<p>Os nossos materiais s\u00e3o amplamente utilizados em cal\u00e7ado, vestu\u00e1rio, bagagem, interiores de autom\u00f3veis, mobili\u00e1rio para sof\u00e1s e muito mais.<\/p>\n<\/div>\n<div class=\"advantage-item\">\n<h3>Experi\u00eancia rica<\/h3>\n<p>A Quanzhou WINIW Import &amp; Export Co., Ltd. tem mais de 20 anos de experi\u00eancia em produ\u00e7\u00e3o, oferecendo solu\u00e7\u00f5es perfeitas para clientes em todo o mundo.<\/p>\n<\/div>\n<div class=\"advantage-item\">\n<h3>Pre\u00e7o acess\u00edvel<\/h3>\n<p>Oferecemos pre\u00e7os competitivos e um excelente servi\u00e7o ao cliente. Solicite um cat\u00e1logo ou visite a nossa f\u00e1brica para explorar os nossos produtos.<\/p>\n<\/div>\n<div class=\"advantage-item\">\n<h3>Servi\u00e7o de apoio ao cliente online 24 horas por dia<\/h3>\n<p>A nossa equipa est\u00e1 dispon\u00edvel 24 horas por dia, 7 dias por semana, para responder a quest\u00f5es e responder prontamente a coment\u00e1rios.<\/p>\n<\/div>\n<p><img decoding=\"async\" alt=\"Instala\u00e7\u00e3o de produ\u00e7\u00e3o da WINIW - Processo de fabrico do couro de microfibra Ultrasuede\" class=\"product-image\" src=\"\/wp-content\/uploads\/2025\/08\/07mm-ultrasuede-microfiber-faux-leather-for-cycling-gloves--37888.jpg\"\/><br \/>\n<\/section>\n<p><\/main><\/p>\n<section id=\"inquiry\">\n<h2 style=\"text-align: center;\">Sinceramente \u00e0 espera do seu inqu\u00e9rito!<\/h2>\n<p style=\"text-align: center;\">Contacte-nos hoje para saber mais sobre os nossos produtos e fazer a sua encomenda.<\/p>\n<\/section>\n\n    <div class=\"xs_social_share_widget xs_share_url after_content \t\tmain_content  wslu-style-1 wslu-share-box-shaped wslu-fill-colored wslu-none wslu-share-horizontal wslu-theme-font-no wslu-main_content\">\n\n\t\t\n        <ul>\n\t\t\t        <\/ul>\n    <\/div>","protected":false},"excerpt":{"rendered":"<div class=\"product-short-description\">Couro de microfibra Etiquetas de couro de imita\u00e7\u00e3o de microfibra WINIW Etiquetas de couro de imita\u00e7\u00e3o de microfibra WINIW Etiquetas de couro de imita\u00e7\u00e3o de microfibra As principais carater\u00edsticas incluem MicrofibraCouro, WINIW, Largura.<\/p>\n<p>Como f\u00e1brica direta, fabricante e grossista, podemos controlar rigorosamente o processo de produ\u00e7\u00e3o para garantir a qualidade do produto, proporcionando-lhe os pre\u00e7os mais favor\u00e1veis. Dispomos de equipamento de produ\u00e7\u00e3o avan\u00e7ado e de uma equipa t\u00e9cnica profissional para satisfazer as suas necessidades de encomendas em grande escala e garantir uma entrega atempada.<\/p>\n<\/div>","protected":false},"featured_media":2927,"template":"","meta":[],"product_brand":[],"product_cat":[111],"product_tag":[18502],"class_list":{"0":"post-28048","1":"product","2":"type-product","3":"status-publish","4":"has-post-thumbnail","6":"product_cat-microfiber-leather","7":"product_tag-microfiber-leather-boxing-glovesmicrofiber-leather-labelsmicrofiber-leather-fabric-labelmicrofiber-leather-gym-beltsnappa-microfiber-leather-blackmicrofiber-leather-manufactroy","9":"first","10":"instock","11":"product-type-simple"},"_links":{"self":[{"href":"https:\/\/www.eco-leather.com\/pt\/wp-json\/wp\/v2\/product\/28048","targetHints":{"allow":["GET"]}}],"collection":[{"href":"https:\/\/www.eco-leather.com\/pt\/wp-json\/wp\/v2\/product"}],"about":[{"href":"https:\/\/www.eco-leather.com\/pt\/wp-json\/wp\/v2\/types\/product"}],"wp:featuredmedia":[{"embeddable":true,"href":"https:\/\/www.eco-leather.com\/pt\/wp-json\/wp\/v2\/media\/2927"}],"wp:attachment":[{"href":"https:\/\/www.eco-leather.com\/pt\/wp-json\/wp\/v2\/media?parent=28048"}],"wp:term":[{"taxonomy":"product_brand","embeddable":true,"href":"https:\/\/www.eco-leather.com\/pt\/wp-json\/wp\/v2\/product_brand?post=28048"},{"taxonomy":"product_cat","embeddable":true,"href":"https:\/\/www.eco-leather.com\/pt\/wp-json\/wp\/v2\/product_cat?post=28048"},{"taxonomy":"product_tag","embeddable":true,"href":"https:\/\/www.eco-leather.com\/pt\/wp-json\/wp\/v2\/product_tag?post=28048"}],"curies":[{"name":"wp","href":"https:\/\/api.w.org\/{rel}","templated":true}]}}