{"id":28045,"date":"2025-09-07T10:50:55","date_gmt":"2025-09-07T02:50:55","guid":{"rendered":"https:\/\/www.eco-leather.com\/product\/1-2mm-durable-reliable-brogues-shoes-imitation-microfiber-leather\/"},"modified":"2025-09-07T10:50:59","modified_gmt":"2025-09-07T02:50:59","slug":"1-2mm-duravel-confiavel-brogues-sapatos-imitacao-de-couro-de-microfibra","status":"publish","type":"product","link":"https:\/\/www.eco-leather.com\/pt\/1-2mm-duravel-confiavel-brogues-sapatos-imitacao-de-couro-de-microfibra\/","title":{"rendered":"1.2mm Durable Reliable Brogues Shoes Imitation Microfiber Leather"},"content":{"rendered":"<h2>Microfibra sint\u00e9tica resistente \u00e0s costuras<\/h2>\n<p><main><\/p>\n<section id=\"product-overview\">\n<h2>Descri\u00e7\u00e3o do produto<\/h2>\n<p>Produto <strong>Couro sint\u00e9tico Spandex<\/strong> Introdu\u00e7\u00e3o<\/p>\n<p>Fabricado a partir de materiais de microfibra de alta qualidade, o nosso couro sint\u00e9tico de microfibra Ultrasuede de 0,7 mm \u00e9 a escolha perfeita para luvas de ciclismo. Equilibra flexibilidade e resist\u00eancia, oferecendo uma respirabilidade excecional e propriedades de absor\u00e7\u00e3o de humidade para manter as m\u00e3os frescas e secas durante passeios intensos.<\/p>\n<p>Quer se trate de um ciclista profissional ou de um ciclista de lazer, o couro em microfibra proporciona um conforto e uma prote\u00e7\u00e3o imbat\u00edveis. A sua elevada resist\u00eancia \u00e0 abras\u00e3o e aos rasg\u00f5es garante um desempenho duradouro, enquanto o design elegante confere um toque sofisticado a qualquer conjunto de ciclismo.<\/p>\n<\/section>\n<section id=\"specifications\">\n<h2>Par\u00e2metros t\u00e9cnicos<\/h2>\n<ul class_=\"parameters-list\">\n<li><span class=\"param-name\">Produto <strong>Couro para vestu\u00e1rio Importado<\/strong> Especifica\u00e7\u00e3o WINIW Company F\u00e1brica de couro sint\u00e9tico por atacado Fabricantes de couro sint\u00e9tico personaliz\u00e1vel:<\/span> Eleg\u00e2ncia, durabilidade e op\u00e7\u00f5es de cores.<\/li>\n<\/ul>\n<p><img decoding=\"async\" alt=\"0.7mm Ultrasuede Microfiber Faux Leather para Luvas de Ciclismo - Especifica\u00e7\u00e3o do Material\" class=\"product-image\" src=\"\/wp-content\/uploads\/2025\/08\/07mm-ultrasuede-microfiber-faux-leather-for-cycling-gloves--37881.jpg\"\/><\/p>\n<h3>Par\u00e2metros do produto<\/h3>\n<ul class=\"parameters-list\">\n<li><span class=\"param-name\">Material:<\/span> Microfibra + PU<\/li>\n<li><span class=\"param-name\">Cor:<\/span> Preto, cinzento, bege (cores personalizadas dispon\u00edveis)<\/li>\n<li><span class=\"param-name\">Espessura:<\/span> 0,6 mm, 0,7 mm, 0,8 mm, 1 mm<\/li>\n<li><span class=\"param-name\">Quantidade m\u00ednima de encomenda:<\/span> 300 metros lineares<\/li>\n<li><span class=\"param-name\">Comprimento do rolo:<\/span> 20-30m\/rolo<\/li>\n<li><span class=\"param-name\">Prazo de entrega:<\/span> 15-20 dias<\/li>\n<li><span class=\"param-name\">Largura:<\/span> 54\u2033, 137cm<\/li>\n<li><span class=\"param-name\">Capacidade de produ\u00e7\u00e3o:<\/span> 1.000.000 de metros por m\u00eas<\/li>\n<\/ul>\n<\/section>\n<section id=\"features\">\n<h2>Carater\u00edsticas do produto<\/h2>\n<div class=\"feature-item\">\n<img decoding=\"async\" alt=\"DurableWaterproof Faux Leather Customizeand Reliable Imitation Microfiber Leather For Brogues Shoes, criado com precis\u00e3o pela WINIW Company Factory Wholesale Synthetic Leather Manufacturersfactory, \u00e9 um testemunho do nosso compromisso com a excel\u00eancia na fabrica\u00e7\u00e3o de couro\" class=\"feature-image left\" src=\"\/wp-content\/uploads\/2025\/08\/12mm-durable-reliable-brogues-shoes-imitation-microfiber-leather-21701.jpg\"\/><\/p>\n<h3>Duradouro <strong>Personaliza\u00e7\u00e3o em pele sint\u00e9tica imperme\u00e1vel<\/strong> e Confi\u00e1vel Imita\u00e7\u00e3o de Couro de Microfibra Para Sapatos Brogues, trabalhada com precis\u00e3o pela WINIW Company Factory Wholesale Synthetic Leather Manufacturersfactory, \u00e9 um testemunho do nosso compromisso com a excel\u00eancia na fabrica\u00e7\u00e3o de couro<\/h3>\n<p>Duradouro <strong>Personaliza\u00e7\u00e3o em pele sint\u00e9tica imperme\u00e1vel<\/strong> e confi\u00e1vel Imita\u00e7\u00e3o de couro de microfibra para sapatos Brogues, trabalhada com precis\u00e3o pela WINIW Company Factory Wholesale Synthetic Leather Manufacturersfactory, \u00e9 uma prova do nosso compromisso com a excel\u00eancia na fabrica\u00e7\u00e3o de couro.<\/p>\n<div class=\"clear\"><\/div>\n<\/div>\n<div class=\"feature-item\">\n<img decoding=\"async\" alt=\"Como fabricante l\u00edder da WINIW Company Factory Wholesale Synthetic Leather Manufacturers, dedicamo-nos a desenvolver materiais que n\u00e3o s\u00f3 imitam a eleg\u00e2ncia e sofistica\u00e7\u00e3o do couro genu\u00edno, mas tamb\u00e9m o superam em termos de durabilidade e acessibilidade\" class=\"feature-image left\" src=\"\/wp-content\/uploads\/2025\/08\/12mm-durable-reliable-brogues-shoes-imitation-microfiber-leather-21702.jpg\"\/><\/p>\n<h3>Como fabricante l\u00edder da WINIW Company Factory Wholesale Synthetic Leather Manufacturers, dedicamo-nos a desenvolver materiais que n\u00e3o s\u00f3 imitam a eleg\u00e2ncia e sofistica\u00e7\u00e3o do couro genu\u00edno, mas tamb\u00e9m o superam em termos de durabilidade e acessibilidade<\/h3>\n<p>Como fabricante l\u00edder da WINIW Company Factory Wholesale Synthetic Leather Manufacturers, dedicamo-nos a desenvolver materiais que n\u00e3o s\u00f3 imitam a eleg\u00e2ncia e sofistica\u00e7\u00e3o do couro genu\u00edno, mas tamb\u00e9m o superam em termos de durabilidade e acessibilidade.<\/p>\n<div class=\"clear\"><\/div>\n<\/div>\n<div class=\"feature-item\">\n<img decoding=\"async\" alt=\"Este couro de microfibra \u00e9 meticulosamente concebido para satisfazer os mais elevados padr\u00f5es da ind\u00fastria do cal\u00e7ado, oferecendo uma solu\u00e7\u00e3o vers\u00e1til para os designers e fabricantes de cal\u00e7ado que procuram elevar a qualidade dos seus sapatos de brogue sem comprometer o estilo ou o or\u00e7amento\" class=\"feature-image left\" src=\"\/wp-content\/uploads\/2025\/08\/12mm-durable-reliable-brogues-shoes-imitation-microfiber-leather-21703.jpg\"\/><\/p>\n<h3>Este couro de microfibra \u00e9 meticulosamente concebido para satisfazer os mais elevados padr\u00f5es da ind\u00fastria do cal\u00e7ado, oferecendo uma solu\u00e7\u00e3o vers\u00e1til para os designers e fabricantes de cal\u00e7ado que procuram elevar a qualidade dos seus sapatos de brogue sem comprometer o estilo ou o or\u00e7amento<\/h3>\n<p>Este couro de microfibra \u00e9 meticulosamente concebido para satisfazer os mais elevados padr\u00f5es da ind\u00fastria do cal\u00e7ado, oferecendo uma solu\u00e7\u00e3o vers\u00e1til para os designers e fabricantes de cal\u00e7ado que procuram elevar a qualidade dos seus sapatos brogues sem comprometer o estilo ou o or\u00e7amento.<\/p>\n<div class=\"clear\"><\/div>\n<\/div>\n<div class=\"feature-item\">\n<img decoding=\"async\" class=\"feature-image left\" src=\"\/wp-content\/uploads\/2025\/08\/12mm-durable-reliable-brogues-shoes-imitation-microfiber-leather-21704.jpg\">\" alt=\"A nossa pele de microfibra foi concebida para suportar os rigores do uso di\u00e1rio, mantendo um aspeto luxuoso, o que a torna a escolha ideal para clientes exigentes\"&gt;<\/p>\n<h3>A nossa pele de microfibra foi concebida para resistir aos rigores do uso di\u00e1rio, mantendo um aspeto luxuoso, o que a torna a escolha ideal para clientes exigentes <\/h3>\n<p>A nossa pele de microfibra foi concebida para suportar os rigores do uso di\u00e1rio, mantendo um aspeto luxuoso, o que a torna a escolha ideal para clientes exigentes. Material <strong>Leatherman falso \u00e0 prova de \u00e1gua<\/strong> MicrofibraCouro Nome da marca WINIW Company F\u00e1brica de fabricantes de couro sint\u00e9tico por atacadoLargura 54\u2033;<\/p>\n<div class=\"clear\"><\/div>\n<p><\/img><\/div>\n<div class=\"feature-item\">\n<img decoding=\"async\" alt=\"1\" class=\"feature-image left\" src=\"\/wp-content\/uploads\/2025\/08\/12mm-durable-reliable-brogues-shoes-imitation-microfiber-leather-21705.jpg\"\/><\/p>\n<h3>1<\/h3>\n<p>1.37m Cor Vermelho, Preto, Castanho, Verde, aceita personaliza\u00e7\u00e3o Carater\u00edstica Resistente ao desgaste, Imperme\u00e1vel, Anti-mofo, Flex\u00edvel Espessura 0.6mm-2.0mm Local de origem China Personalizado Sim Prazo de entrega Normalmente dentro de 15 - 25 dias.<\/p>\n<div class=\"clear\"><\/div>\n<\/div>\n<div class=\"feature-item\">\n<h3>MOQ 300 metros Detalhes da embalagem 30\/50 metros por rolo<\/h3>\n<p>MOQ 300 metros Detalhes da embalagem 30\/50 metros por rolo. Ou personalizado Capacidade de produ\u00e7\u00e3o 1.000.000 metros mensais Carater\u00edstica do produto O couro de microfibra de imita\u00e7\u00e3o dur\u00e1vel e confi\u00e1vel para sapatos Brogues possui uma gama de carater\u00edsticas impressionantes que o diferenciam no mercado.<\/p>\n<div class=\"clear\"><\/div>\n<\/div>\n<div class=\"feature-item\">\n<h3>Produzido <strong>Camur\u00e7a Couro Imperme\u00e1vel Importa\u00e7\u00e3o<\/strong> by WINIW Company Factory Wholesale Synthetic Leather Manufacturersfactory utilizando t\u00e9cnicas de fabrico avan\u00e7adas, esta pele de microfibra destaca-se pela sua resist\u00eancia e longevidade<\/h3>\n<p>Produzido <strong>Camur\u00e7a Couro Imperme\u00e1vel Importa\u00e7\u00e3o<\/strong> by WINIW Company Factory Wholesale Synthetic Leather Manufacturersfactory utilizando t\u00e9cnicas de fabrico avan\u00e7adas, esta pele de microfibra destaca-se em termos de resist\u00eancia e longevidade.<\/p>\n<div class=\"clear\"><\/div>\n<\/div>\n<div class=\"feature-item\">\n<h3>\u00c9 altamente resistente ao desgaste, garantindo que os sapatos fabricados com este material mant\u00eam a sua forma e apar\u00eancia durante longos per\u00edodos de utiliza\u00e7\u00e3o<\/h3>\n<p>\u00c9 altamente resistente ao desgaste, garantindo que os sapatos fabricados com este material mant\u00eam a sua forma e apar\u00eancia durante longos per\u00edodos de utiliza\u00e7\u00e3o. Al\u00e9m disso, a nossa pele de microfibra foi concebida para ser respir\u00e1vel, permitindo uma melhor circula\u00e7\u00e3o do ar e uma experi\u00eancia de utiliza\u00e7\u00e3o mais confort\u00e1vel.<\/p>\n<div class=\"clear\"><\/div>\n<\/div>\n<div class=\"feature-item\">\n<h3>A sua flexibilidade superior garante que se adapta \u00e0 forma do p\u00e9, proporcionando um melhor apoio e reduzindo a probabilidade de fadiga<\/h3>\n<p>A sua flexibilidade superior garante que se adapta \u00e0 forma do p\u00e9, proporcionando um apoio melhorado e reduzindo a probabilidade de fadiga. Al\u00e9m disso, o couro de microfibra da WINIW Company Factory Wholesale Synthetic Leather Manufacturersmicrofiber \u00e9 f\u00e1cil de limpar e manter, preservando a sua apar\u00eancia imaculada com o m\u00ednimo esfor\u00e7o.<\/p>\n<div class=\"clear\"><\/div>\n<\/div>\n<div class=\"feature-item\">\n<h3>Estas carater\u00edsticas, combinadas com o compromisso da nossa f\u00e1brica para com a sustentabilidade e pr\u00e1ticas ecol\u00f3gicas, fazem do nosso couro de microfibra uma escolha excecional para os fabricantes de cal\u00e7ado que procuram criar sapatos de alta qualidade, dur\u00e1veis e com estilo <\/h3>\n<p>Estas carater\u00edsticas, combinadas com o compromisso da nossa f\u00e1brica para com a sustentabilidade e pr\u00e1ticas ecol\u00f3gicas, fazem do nosso couro de microfibra uma escolha excecional para os fabricantes de cal\u00e7ado que procuram criar sapatos de alta qualidade, dur\u00e1veis e com estilo.<\/p>\n<div class=\"clear\"><\/div>\n<\/div>\n<div class=\"feature-item\">\n<img decoding=\"async\" alt=\"Alta resist\u00eancia \u00e0 rutura - Couro sint\u00e9tico de microfibra Ultrasuede para luvas de ciclismo\" class=\"feature-image left\" src=\"\/wp-content\/uploads\/2025\/08\/07mm-ultrasuede-microfiber-faux-leather-for-cycling-gloves--37882.jpg\"\/><\/p>\n<h3>Elevada resist\u00eancia ao rasgamento<\/h3>\n<p>O nosso couro de microfibra Ultrasuede possui uma resist\u00eancia excecional ao rasgamento, garantindo que n\u00e3o se parte ou deforma facilmente sob tens\u00e3o. Isto torna-a ideal para produtos que exigem durabilidade e desempenho a longo prazo.<\/p>\n<div class=\"clear\"><\/div>\n<\/div>\n<div class=\"feature-item\">\n<img decoding=\"async\" alt=\"Reten\u00e7\u00e3o da forma - Ultrasuede Microfibra Couro sint\u00e9tico para luvas de ciclismo\" class=\"feature-image right\" src=\"\/wp-content\/uploads\/2025\/08\/07mm-ultrasuede-microfiber-faux-leather-for-cycling-gloves--37883.jpg\"\/><\/p>\n<h3>N\u00e3o \u00e9 f\u00e1cil de deformar<\/h3>\n<p>Especialmente tratado para manter a sua forma original, este material oferece uma excelente elasticidade e estabilidade. Resiste \u00e0 deforma\u00e7\u00e3o por press\u00e3o externa ou estiramento, mantendo os produtos intactos e atractivos ao longo do tempo.<\/p>\n<div class=\"clear\"><\/div>\n<\/div>\n<div class=\"feature-item\">\n<img decoding=\"async\" alt=\"Durabilidade - Ultrasuede Microfibra Faux Leather para luvas de ciclismo\" class=\"feature-image left\" src=\"\/wp-content\/uploads\/2025\/08\/07mm-ultrasuede-microfiber-faux-leather-for-cycling-gloves--37884.jpg\"\/><\/p>\n<h3>Durabilidade<\/h3>\n<p>Extremamente resistente \u00e0 abras\u00e3o, aos rasg\u00f5es e aos furos, este material garante que as luvas se mant\u00eam em \u00f3ptimas condi\u00e7\u00f5es, mesmo com uma utiliza\u00e7\u00e3o prolongada. Mant\u00e9m tamb\u00e9m uma excelente destreza e for\u00e7a para artigos de couro de alta qualidade.<\/p>\n<div class=\"clear\"><\/div>\n<\/div>\n<\/section>\n<section id=\"why-choose-us\">\n<h2>Porqu\u00ea escolher a WINIW<\/h2>\n<div class=\"advantage-item\">\n<h3>A nossa vantagem<\/h3>\n<p>F\u00e1brica da empresa WINIW Fabricantes de couro sint\u00e9tico por atacadoMostra de produtos da f\u00e1brica<\/p>\n<\/div>\n<div class=\"advantage-item\">\n<h3>Garantia de qualidade<\/h3>\n<p>Implementamos um controlo de qualidade rigoroso em toda a cadeia de produ\u00e7\u00e3o e fornecimento, aderindo \u00e0s normas ISO9001. Desde a sele\u00e7\u00e3o da mat\u00e9ria-prima at\u00e9 \u00e0 inspe\u00e7\u00e3o final, damos prioridade aos interesses do cliente.<\/p>\n<\/div>\n<div class=\"advantage-item\">\n<h3>Equipa t\u00e9cnica profissional<\/h3>\n<p>A nossa equipa t\u00e9cnica especializada \u00e9 constitu\u00edda por profissionais experientes em v\u00e1rias \u00e1reas, dedicados a fornecer produtos de alta qualidade e solu\u00e7\u00f5es \u00e0 medida.<\/p>\n<\/div>\n<div class=\"advantage-item\">\n<h3>Vasta gama de aplica\u00e7\u00f5es<\/h3>\n<p>Os nossos materiais s\u00e3o amplamente utilizados em cal\u00e7ado, vestu\u00e1rio, bagagem, interiores de autom\u00f3veis, mobili\u00e1rio para sof\u00e1s e muito mais.<\/p>\n<\/div>\n<div class=\"advantage-item\">\n<h3>Experi\u00eancia rica<\/h3>\n<p>A Quanzhou WINIW Import &amp; Export Co., Ltd. tem mais de 20 anos de experi\u00eancia em produ\u00e7\u00e3o, oferecendo solu\u00e7\u00f5es perfeitas para clientes em todo o mundo.<\/p>\n<\/div>\n<div class=\"advantage-item\">\n<h3>Pre\u00e7o acess\u00edvel<\/h3>\n<p>Oferecemos pre\u00e7os competitivos e um excelente servi\u00e7o ao cliente. Solicite um cat\u00e1logo ou visite a nossa f\u00e1brica para explorar os nossos produtos.<\/p>\n<\/div>\n<div class=\"advantage-item\">\n<h3>Servi\u00e7o de apoio ao cliente online 24 horas por dia<\/h3>\n<p>A nossa equipa est\u00e1 dispon\u00edvel 24 horas por dia, 7 dias por semana, para responder a quest\u00f5es e responder prontamente a coment\u00e1rios.<\/p>\n<\/div>\n<p><img decoding=\"async\" alt=\"Instala\u00e7\u00e3o de produ\u00e7\u00e3o da WINIW - Processo de fabrico do couro de microfibra Ultrasuede\" class=\"product-image\" src=\"\/wp-content\/uploads\/2025\/08\/07mm-ultrasuede-microfiber-faux-leather-for-cycling-gloves--37888.jpg\"\/><br \/>\n<\/section>\n<p><\/main><\/p>\n<section id=\"inquiry\">\n<h2 style=\"text-align: center;\">Sinceramente \u00e0 espera do seu inqu\u00e9rito!<\/h2>\n<p style=\"text-align: center;\">Contacte-nos hoje para saber mais sobre os nossos produtos e fazer a sua encomenda.<\/p>\n<\/section>\n\n    <div class=\"xs_social_share_widget xs_share_url after_content \t\tmain_content  wslu-style-1 wslu-share-box-shaped wslu-fill-colored wslu-none wslu-share-horizontal wslu-theme-font-no wslu-main_content\">\n\n\t\t\n        <ul>\n\t\t\t        <\/ul>\n    <\/div>","protected":false},"excerpt":{"rendered":"<div class=\"product-short-description\">Microfiber Leather 1.2mm Durable Reliable Brogues Shoes Imitation Microfiber Leather WINIW 1.2mm Durable Reliable Brogues Shoes Imitation Microfiber Leather As principais carater\u00edsticas incluem MicrofiberLeather, WINIW, Width.Ideal para quem procura qualidade e fiabilidade.<\/p>\n<p>Como f\u00e1brica direta, fabricante e grossista, podemos controlar rigorosamente o processo de produ\u00e7\u00e3o para garantir a qualidade do produto, proporcionando-lhe os pre\u00e7os mais favor\u00e1veis. Dispomos de equipamento de produ\u00e7\u00e3o avan\u00e7ado e de uma equipa t\u00e9cnica profissional para satisfazer as suas necessidades de encomendas em grande escala e garantir uma entrega atempada.<\/p>\n<\/div>","protected":false},"featured_media":2917,"template":"","meta":[],"product_brand":[],"product_cat":[111],"product_tag":[],"class_list":{"0":"post-28045","1":"product","2":"type-product","3":"status-publish","4":"has-post-thumbnail","6":"product_cat-microfiber-leather","8":"first","9":"instock","10":"product-type-simple"},"_links":{"self":[{"href":"https:\/\/www.eco-leather.com\/pt\/wp-json\/wp\/v2\/product\/28045","targetHints":{"allow":["GET"]}}],"collection":[{"href":"https:\/\/www.eco-leather.com\/pt\/wp-json\/wp\/v2\/product"}],"about":[{"href":"https:\/\/www.eco-leather.com\/pt\/wp-json\/wp\/v2\/types\/product"}],"wp:featuredmedia":[{"embeddable":true,"href":"https:\/\/www.eco-leather.com\/pt\/wp-json\/wp\/v2\/media\/2917"}],"wp:attachment":[{"href":"https:\/\/www.eco-leather.com\/pt\/wp-json\/wp\/v2\/media?parent=28045"}],"wp:term":[{"taxonomy":"product_brand","embeddable":true,"href":"https:\/\/www.eco-leather.com\/pt\/wp-json\/wp\/v2\/product_brand?post=28045"},{"taxonomy":"product_cat","embeddable":true,"href":"https:\/\/www.eco-leather.com\/pt\/wp-json\/wp\/v2\/product_cat?post=28045"},{"taxonomy":"product_tag","embeddable":true,"href":"https:\/\/www.eco-leather.com\/pt\/wp-json\/wp\/v2\/product_tag?post=28045"}],"curies":[{"name":"wp","href":"https:\/\/api.w.org\/{rel}","templated":true}]}}