{"id":28031,"date":"2025-09-07T10:50:43","date_gmt":"2025-09-07T02:50:43","guid":{"rendered":"https:\/\/www.eco-leather.com\/product\/0-8mm-eco-friendly-sustainable-pea-coat-crafting-microfiber-leather\/"},"modified":"2025-09-07T10:50:49","modified_gmt":"2025-09-07T02:50:49","slug":"0-8-mm-de-pele-de-microfibra-ecologica-e-sustentavel","status":"publish","type":"product","link":"https:\/\/www.eco-leather.com\/pt\/0-8-mm-de-pele-de-microfibra-ecologica-e-sustentavel\/","title":{"rendered":"Couro de microfibra de artesanato sustent\u00e1vel de 0,8 mm com revestimento de ervilha ecol\u00f3gico"},"content":{"rendered":"<h2>Revestimento artificial em couro de microfibra<\/h2>\n<p><main><\/p>\n<section id=\"product-overview\">\n<h2>Descri\u00e7\u00e3o do produto<\/h2>\n<p>Produto <strong>Couro sint\u00e9tico Spandex<\/strong> Introdu\u00e7\u00e3o<\/p>\n<p>Fabricado a partir de materiais de microfibra de alta qualidade, o nosso couro sint\u00e9tico de microfibra Ultrasuede de 0,7 mm \u00e9 a escolha perfeita para luvas de ciclismo. Equilibra flexibilidade e resist\u00eancia, oferecendo uma respirabilidade excecional e propriedades de absor\u00e7\u00e3o de humidade para manter as m\u00e3os frescas e secas durante passeios intensos.<\/p>\n<p>Quer se trate de um ciclista profissional ou de um ciclista de lazer, o couro em microfibra proporciona um conforto e uma prote\u00e7\u00e3o imbat\u00edveis. A sua elevada resist\u00eancia \u00e0 abras\u00e3o e aos rasg\u00f5es garante um desempenho duradouro, enquanto o design elegante confere um toque sofisticado a qualquer conjunto de ciclismo.<\/p>\n<\/section>\n<section id=\"specifications\">\n<h2>Par\u00e2metros t\u00e9cnicos<\/h2>\n<ul class_=\"parameters-list\">\n<li><span class=\"param-name\">Produto <strong>Couro para vestu\u00e1rio Importado<\/strong> Especifica\u00e7\u00e3o WINIW Company F\u00e1brica de couro sint\u00e9tico por atacado Fabricantes de couro sint\u00e9tico personaliz\u00e1vel:<\/span> Eleg\u00e2ncia, durabilidade e op\u00e7\u00f5es de cores.<\/li>\n<\/ul>\n<p><img decoding=\"async\" alt=\"0.7mm Ultrasuede Microfiber Faux Leather para Luvas de Ciclismo - Especifica\u00e7\u00e3o do Material\" class=\"product-image\" src=\"\/wp-content\/uploads\/2025\/08\/07mm-ultrasuede-microfiber-faux-leather-for-cycling-gloves--37881.jpg\"\/><\/p>\n<h3>Par\u00e2metros do produto<\/h3>\n<ul class=\"parameters-list\">\n<li><span class=\"param-name\">Material:<\/span> Microfibra + PU<\/li>\n<li><span class=\"param-name\">Cor:<\/span> Preto, cinzento, bege (cores personalizadas dispon\u00edveis)<\/li>\n<li><span class=\"param-name\">Espessura:<\/span> 0,6 mm, 0,7 mm, 0,8 mm, 1 mm<\/li>\n<li><span class=\"param-name\">Quantidade m\u00ednima de encomenda:<\/span> 300 metros lineares<\/li>\n<li><span class=\"param-name\">Comprimento do rolo:<\/span> 20-30m\/rolo<\/li>\n<li><span class=\"param-name\">Prazo de entrega:<\/span> 15-20 dias<\/li>\n<li><span class=\"param-name\">Largura:<\/span> 54\u2033, 137cm<\/li>\n<li><span class=\"param-name\">Capacidade de produ\u00e7\u00e3o:<\/span> 1.000.000 de metros por m\u00eas<\/li>\n<\/ul>\n<\/section>\n<section id=\"features\">\n<h2>Carater\u00edsticas do produto<\/h2>\n<div class=\"feature-item\">\n<img decoding=\"async\" alt=\"NaSuede Leather Waterproof ImportWINIW Company Factory Wholesale Leatherette Manufacturersfactory, orgulhamo-nos de criar o futuro dos materiais sustent\u00e1veis com o nosso Couro de Microfibra Sustent\u00e1vel e Ecol\u00f3gico, concebido especificamente para a produ\u00e7\u00e3o de casacos de ervilha\" class=\"feature-image left\" src=\"\/wp-content\/uploads\/2025\/08\/08mm-eco-friendly-sustainable-pea-coat-crafting-microfiber-leather-21585.jpg\"\/><\/p>\n<h3>Em <strong>Camur\u00e7a Couro Imperme\u00e1vel Importa\u00e7\u00e3o<\/strong> WINIW Company Factory Wholesale Leatherette Manufacturersfactory, orgulhamo-nos de criar o futuro dos materiais sustent\u00e1veis com o nosso Couro de Microfibra Sustent\u00e1vel Ecol\u00f3gico, adaptado especificamente para a produ\u00e7\u00e3o de casacos de ervilha<\/h3>\n<p>Em <strong>Camur\u00e7a Couro Imperme\u00e1vel Importa\u00e7\u00e3o<\/strong> WINIW Company Factory Wholesale Leatherette Manufacturersfactory, orgulhamo-nos de criar o futuro dos materiais sustent\u00e1veis com o nosso Couro de Microfibra Sustent\u00e1vel Ecol\u00f3gico, adaptado especificamente para a produ\u00e7\u00e3o de casacos de ervilha.<\/p>\n<div class=\"clear\"><\/div>\n<\/div>\n<div class=\"feature-item\">\n<img decoding=\"async\" alt=\"Como fabricante l\u00edder da WINIW Company Factory Wholesale Leatherette Manufacturers, concebemos meticulosamente esta pele de microfibra para combinar a consci\u00eancia ecol\u00f3gica com o elevado desempenho, garantindo que cumpre os rigorosos padr\u00f5es exigidos pelas ind\u00fastrias da moda e do vestu\u00e1rio\" class=\"feature-image left\" src=\"\/wp-content\/uploads\/2025\/08\/08mm-eco-friendly-sustainable-pea-coat-crafting-microfiber-leather-21586.jpg\"\/><\/p>\n<h3>Como fabricante l\u00edder da WINIW Company Factory Wholesale Leatherette Manufacturers, concebemos meticulosamente esta pele de microfibra para combinar a consci\u00eancia ecol\u00f3gica com o elevado desempenho, garantindo que cumpre os rigorosos padr\u00f5es exigidos pelas ind\u00fastrias da moda e do vestu\u00e1rio<\/h3>\n<p>Como fabricante l\u00edder da WINIW Company Factory Wholesale Leatherette Manufacturers, concebemos meticulosamente esta pele de microfibra para combinar a consci\u00eancia ecol\u00f3gica com o elevado desempenho, garantindo que cumpre os rigorosos padr\u00f5es exigidos pelas ind\u00fastrias da moda e do vestu\u00e1rio.<\/p>\n<div class=\"clear\"><\/div>\n<\/div>\n<div class=\"feature-item\">\n<img decoding=\"async\" alt=\"O nosso couro de microfibra \u00e9 uma alternativa revolucion\u00e1ria ao couro tradicional, combinando a eleg\u00e2ncia e a durabilidade esperadas dos materiais de vestu\u00e1rio exterior de primeira qualidade sem comprometer o abastecimento \u00e9tico ou o impacto ambiental\" class=\"feature-image left\" src=\"\/wp-content\/uploads\/2025\/08\/08mm-eco-friendly-sustainable-pea-coat-crafting-microfiber-leather-21587.jpg\"\/><\/p>\n<h3>O nosso couro de microfibra \u00e9 uma alternativa revolucion\u00e1ria ao couro tradicional, combinando a eleg\u00e2ncia e a durabilidade esperadas dos materiais de vestu\u00e1rio exterior de primeira qualidade sem comprometer o abastecimento \u00e9tico ou o impacto ambiental<\/h3>\n<p>O nosso couro de microfibra \u00e9 uma alternativa revolucion\u00e1ria ao couro tradicional, combinando a eleg\u00e2ncia e a durabilidade esperadas dos materiais de vestu\u00e1rio exterior de primeira qualidade sem comprometer o abastecimento \u00e9tico ou o impacto ambiental.<\/p>\n<div class=\"clear\"><\/div>\n<\/div>\n<div class=\"feature-item\">\n<img decoding=\"async\" alt=\"Fabricado a partir de uma mistura de poli\u00e9ster e poliuretano reciclados, \u00e9 submetido a testes rigorosos nas nossas instala\u00e7\u00f5es de \u00faltima gera\u00e7\u00e3o para garantir a sua resist\u00eancia ao desgaste, o que o torna uma escolha ideal para designers e fabricantes que procuram elevar as suas colec\u00e7\u00f5es de casacos com um toque sustent\u00e1vel \" class=\"feature-image left\" src=\"\/wp-content\/uploads\/2025\/08\/08mm-eco-friendly-sustainable-pea-coat-crafting-microfiber-leather-21588.jpg\"\/><\/p>\n<h3>Fabricado a partir de uma mistura de poli\u00e9ster e poliuretano reciclados, \u00e9 submetido a testes rigorosos nas nossas instala\u00e7\u00f5es de \u00faltima gera\u00e7\u00e3o para garantir a sua resist\u00eancia ao desgaste, o que o torna uma escolha ideal para designers e fabricantes que procuram elevar as suas colec\u00e7\u00f5es de casacos com um toque sustent\u00e1vel <\/h3>\n<p>Fabricado a partir de uma mistura de poli\u00e9ster e poliuretano reciclados, \u00e9 submetido a testes rigorosos nas nossas instala\u00e7\u00f5es de \u00faltima gera\u00e7\u00e3o para garantir a sua resist\u00eancia ao desgaste, o que o torna uma escolha ideal para designers e fabricantes que procuram elevar as suas colec\u00e7\u00f5es de casacos com um toque sustent\u00e1vel.<\/p>\n<div class=\"clear\"><\/div>\n<\/div>\n<div class=\"feature-item\">\n<img decoding=\"async\" alt=\"MaterialCouro de camur\u00e7a Pulveriza\u00e7\u00e3o \u00e0 prova de \u00e1guaMicrofibraCouro Nome da marca WINIW Company F\u00e1brica Fabricantes de couro sint\u00e9tico por grossoLargura 54\" class=\"feature-image left\" src=\"\/wp-content\/uploads\/2025\/08\/08mm-eco-friendly-sustainable-pea-coat-crafting-microfiber-leather-21589.jpg\"\/><\/p>\n<h3>Material <strong>Spray imperme\u00e1vel para couro de camur\u00e7a<\/strong> MicrofibraCouro Marca WINIW Company F\u00e1brica Fabricantes de couro sint\u00e9tico por atacadoLargura 54\u2033; 1<\/h3>\n<p>Material <strong>Spray imperme\u00e1vel para couro de camur\u00e7a<\/strong> MicrofiberLeather Brand Name WINIW Company Factory Wholesale Leatherette ManufacturersWidth 54\u2033; 1.37m Color Red, Black,Brown, Green,accept customize Feature Wear resistant, Waterproof, Anti-Mildew, Flexible Thickness 0.6mm-2.0mm Place of Origin China Customized Yes Delivery time Usually within 15 - 25 days.<\/p>\n<div class=\"clear\"><\/div>\n<\/div>\n<div class=\"feature-item\">\n<h3>MOQ 300 metros Detalhes da embalagem 30\/50 metros por rolo<\/h3>\n<p>MOQ 300 metros Detalhes da embalagem 30\/50 metros por rolo. Ou personalizado Capacidade de produ\u00e7\u00e3o 1.000.000 metros mensais Carater\u00edstica do produto O que diferencia o nosso couro de microfibra sustent\u00e1vel e ecol\u00f3gico \u00e9 a sua mistura \u00fanica de carater\u00edsticas que atendem \u00e0s necessidades est\u00e9ticas e funcionais.<\/p>\n<div class=\"clear\"><\/div>\n<\/div>\n<div class=\"feature-item\">\n<h3>Como <strong>Personaliza\u00e7\u00e3o em pele sint\u00e9tica imperme\u00e1vel<\/strong> um fabricante de couro sint\u00e9tico por atacado da WINIW Company, garantimos que cada lote deste couro de microfibra apresenta uma suavidade e flexibilidade excepcionais, rivalizando com o toque do couro genu\u00edno, mantendo uma sensa\u00e7\u00e3o de leveza, crucial para um uso confort\u00e1vel durante as esta\u00e7\u00f5es mais frias<\/h3>\n<p>Como <strong>Personaliza\u00e7\u00e3o em pele sint\u00e9tica imperme\u00e1vel<\/strong> um fabricante de couro sint\u00e9tico por atacado da WINIW Company, garantimos que cada lote deste couro de microfibra apresenta uma suavidade e flexibilidade excepcionais, rivalizando com o toque do couro genu\u00edno, mantendo uma sensa\u00e7\u00e3o de leveza, crucial para uma utiliza\u00e7\u00e3o confort\u00e1vel durante as esta\u00e7\u00f5es mais frias.<\/p>\n<div class=\"clear\"><\/div>\n<\/div>\n<div class=\"feature-item\">\n<h3>A sua resist\u00eancia \u00e0 \u00e1gua e \u00e0s manchas garante que os casacos de ervilha fabricados com o nosso material conservam o seu aspeto primitivo, mesmo ap\u00f3s exposi\u00e7\u00e3o repetida aos elementos<\/h3>\n<p>A sua resist\u00eancia \u00e0 \u00e1gua e \u00e0s manchas garante que os casacos de ervilha fabricados com o nosso material conservam o seu aspeto imaculado, mesmo ap\u00f3s exposi\u00e7\u00e3o repetida aos elementos. Al\u00e9m disso, a nossa pele em microfibra apresenta uma respirabilidade melhorada, permitindo uma melhor regula\u00e7\u00e3o da temperatura, o que \u00e9 uma carater\u00edstica vital para o vestu\u00e1rio exterior destinado a condi\u00e7\u00f5es climat\u00e9ricas vari\u00e1veis.<\/p>\n<div class=\"clear\"><\/div>\n<\/div>\n<div class=\"feature-item\">\n<h3>O compromisso da WINIW Company Factory Wholesale Leatherette Manufacturersfactory com a sustentabilidade transparece em todos os aspectos deste produto, desde a sua pegada de carbono reduzida durante a produ\u00e7\u00e3o at\u00e9 \u00e0 sua total reciclabilidade em fim de vida, tornando-o uma solu\u00e7\u00e3o de moda verdadeiramente circular <\/h3>\n<p>O compromisso da WINIW Company Factory Wholesale Leatherette Manufacturersfactory com a sustentabilidade transparece em todos os aspectos deste produto, desde a sua pegada de carbono reduzida durante a produ\u00e7\u00e3o at\u00e9 \u00e0 sua total reciclabilidade em fim de vida, tornando-o uma solu\u00e7\u00e3o de moda verdadeiramente circular.<\/p>\n<div class=\"clear\"><\/div>\n<\/div>\n<div class=\"feature-item\">\n<img decoding=\"async\" alt=\"Alta resist\u00eancia \u00e0 rutura - Couro sint\u00e9tico de microfibra Ultrasuede para luvas de ciclismo\" class=\"feature-image left\" src=\"\/wp-content\/uploads\/2025\/08\/07mm-ultrasuede-microfiber-faux-leather-for-cycling-gloves--37882.jpg\"\/><\/p>\n<h3>Elevada resist\u00eancia ao rasgamento<\/h3>\n<p>O nosso couro de microfibra Ultrasuede possui uma resist\u00eancia excecional ao rasgamento, garantindo que n\u00e3o se parte ou deforma facilmente sob tens\u00e3o. Isto torna-a ideal para produtos que exigem durabilidade e desempenho a longo prazo.<\/p>\n<div class=\"clear\"><\/div>\n<\/div>\n<div class=\"feature-item\">\n<img decoding=\"async\" alt=\"Reten\u00e7\u00e3o da forma - Ultrasuede Microfibra Couro sint\u00e9tico para luvas de ciclismo\" class=\"feature-image right\" src=\"\/wp-content\/uploads\/2025\/08\/07mm-ultrasuede-microfiber-faux-leather-for-cycling-gloves--37883.jpg\"\/><\/p>\n<h3>N\u00e3o \u00e9 f\u00e1cil de deformar<\/h3>\n<p>Especialmente tratado para manter a sua forma original, este material oferece uma excelente elasticidade e estabilidade. Resiste \u00e0 deforma\u00e7\u00e3o por press\u00e3o externa ou estiramento, mantendo os produtos intactos e atractivos ao longo do tempo.<\/p>\n<div class=\"clear\"><\/div>\n<\/div>\n<div class=\"feature-item\">\n<img decoding=\"async\" alt=\"Durabilidade - Ultrasuede Microfibra Faux Leather para luvas de ciclismo\" class=\"feature-image left\" src=\"\/wp-content\/uploads\/2025\/08\/07mm-ultrasuede-microfiber-faux-leather-for-cycling-gloves--37884.jpg\"\/><\/p>\n<h3>Durabilidade<\/h3>\n<p>Extremamente resistente \u00e0 abras\u00e3o, aos rasg\u00f5es e aos furos, este material garante que as luvas se mant\u00eam em \u00f3ptimas condi\u00e7\u00f5es, mesmo com uma utiliza\u00e7\u00e3o prolongada. Mant\u00e9m tamb\u00e9m uma excelente destreza e for\u00e7a para artigos de couro de alta qualidade.<\/p>\n<div class=\"clear\"><\/div>\n<\/div>\n<\/section>\n<section id=\"why-choose-us\">\n<h2>Porqu\u00ea escolher a WINIW<\/h2>\n<div class=\"advantage-item\">\n<h3>A nossa vantagem<\/h3>\n<p>WINIW Company F\u00e1brica de artigos de couro por atacadoF\u00e1brica de exposi\u00e7\u00e3o de produtos<\/p>\n<\/div>\n<div class=\"advantage-item\">\n<h3>Garantia de qualidade<\/h3>\n<p>Implementamos um controlo de qualidade rigoroso em toda a cadeia de produ\u00e7\u00e3o e fornecimento, aderindo \u00e0s normas ISO9001. Desde a sele\u00e7\u00e3o da mat\u00e9ria-prima at\u00e9 \u00e0 inspe\u00e7\u00e3o final, damos prioridade aos interesses do cliente.<\/p>\n<\/div>\n<div class=\"advantage-item\">\n<h3>Equipa t\u00e9cnica profissional<\/h3>\n<p>A nossa equipa t\u00e9cnica especializada \u00e9 constitu\u00edda por profissionais experientes em v\u00e1rias \u00e1reas, dedicados a fornecer produtos de alta qualidade e solu\u00e7\u00f5es \u00e0 medida.<\/p>\n<\/div>\n<div class=\"advantage-item\">\n<h3>Vasta gama de aplica\u00e7\u00f5es<\/h3>\n<p>Os nossos materiais s\u00e3o amplamente utilizados em cal\u00e7ado, vestu\u00e1rio, bagagem, interiores de autom\u00f3veis, mobili\u00e1rio para sof\u00e1s e muito mais.<\/p>\n<\/div>\n<div class=\"advantage-item\">\n<h3>Experi\u00eancia rica<\/h3>\n<p>A Quanzhou WINIW Import &amp; Export Co., Ltd. tem mais de 20 anos de experi\u00eancia em produ\u00e7\u00e3o, oferecendo solu\u00e7\u00f5es perfeitas para clientes em todo o mundo.<\/p>\n<\/div>\n<div class=\"advantage-item\">\n<h3>Pre\u00e7o acess\u00edvel<\/h3>\n<p>Oferecemos pre\u00e7os competitivos e um excelente servi\u00e7o ao cliente. Solicite um cat\u00e1logo ou visite a nossa f\u00e1brica para explorar os nossos produtos.<\/p>\n<\/div>\n<div class=\"advantage-item\">\n<h3>Servi\u00e7o de apoio ao cliente online 24 horas por dia<\/h3>\n<p>A nossa equipa est\u00e1 dispon\u00edvel 24 horas por dia, 7 dias por semana, para responder a quest\u00f5es e responder prontamente a coment\u00e1rios.<\/p>\n<\/div>\n<p><img decoding=\"async\" alt=\"Instala\u00e7\u00e3o de produ\u00e7\u00e3o da WINIW - Processo de fabrico do couro de microfibra Ultrasuede\" class=\"product-image\" src=\"\/wp-content\/uploads\/2025\/08\/07mm-ultrasuede-microfiber-faux-leather-for-cycling-gloves--37888.jpg\"\/><br \/>\n<\/section>\n<p><\/main><\/p>\n<section id=\"inquiry\">\n<h2 style=\"text-align: center;\">Sinceramente \u00e0 espera do seu inqu\u00e9rito!<\/h2>\n<p style=\"text-align: center;\">Contacte-nos hoje para saber mais sobre os nossos produtos e fazer a sua encomenda.<\/p>\n<\/section>\n\n    <div class=\"xs_social_share_widget xs_share_url after_content \t\tmain_content  wslu-style-1 wslu-share-box-shaped wslu-fill-colored wslu-none wslu-share-horizontal wslu-theme-font-no wslu-main_content\">\n\n\t\t\n        <ul>\n\t\t\t        <\/ul>\n    <\/div>","protected":false},"excerpt":{"rendered":"<div class=\"product-short-description\">Couro de microfibra 0,8 mm Eco-Friendly Sustainable Pea Coat Crafting Couro de microfibra WINIW 0,8 mm Eco-Friendly Sustainable Pea Coat Crafting Couro de microfibra As principais carater\u00edsticas incluem Couro de microfibra, WINIW, Largura.<\/p>\n<p>Como f\u00e1brica direta, fabricante e grossista, podemos controlar rigorosamente o processo de produ\u00e7\u00e3o para garantir a qualidade do produto, proporcionando-lhe os pre\u00e7os mais favor\u00e1veis. Dispomos de equipamento de produ\u00e7\u00e3o avan\u00e7ado e de uma equipa t\u00e9cnica profissional para satisfazer as suas necessidades de encomendas em grande escala e garantir uma entrega atempada.<\/p>\n<\/div>","protected":false},"featured_media":2869,"template":"","meta":[],"product_brand":[],"product_cat":[111],"product_tag":[],"class_list":{"0":"post-28031","1":"product","2":"type-product","3":"status-publish","4":"has-post-thumbnail","6":"product_cat-microfiber-leather","8":"first","9":"instock","10":"product-type-simple"},"_links":{"self":[{"href":"https:\/\/www.eco-leather.com\/pt\/wp-json\/wp\/v2\/product\/28031","targetHints":{"allow":["GET"]}}],"collection":[{"href":"https:\/\/www.eco-leather.com\/pt\/wp-json\/wp\/v2\/product"}],"about":[{"href":"https:\/\/www.eco-leather.com\/pt\/wp-json\/wp\/v2\/types\/product"}],"wp:featuredmedia":[{"embeddable":true,"href":"https:\/\/www.eco-leather.com\/pt\/wp-json\/wp\/v2\/media\/2869"}],"wp:attachment":[{"href":"https:\/\/www.eco-leather.com\/pt\/wp-json\/wp\/v2\/media?parent=28031"}],"wp:term":[{"taxonomy":"product_brand","embeddable":true,"href":"https:\/\/www.eco-leather.com\/pt\/wp-json\/wp\/v2\/product_brand?post=28031"},{"taxonomy":"product_cat","embeddable":true,"href":"https:\/\/www.eco-leather.com\/pt\/wp-json\/wp\/v2\/product_cat?post=28031"},{"taxonomy":"product_tag","embeddable":true,"href":"https:\/\/www.eco-leather.com\/pt\/wp-json\/wp\/v2\/product_tag?post=28031"}],"curies":[{"name":"wp","href":"https:\/\/api.w.org\/{rel}","templated":true}]}}