{"id":28028,"date":"2025-09-07T10:50:43","date_gmt":"2025-09-07T02:50:43","guid":{"rendered":"https:\/\/www.eco-leather.com\/product\/nonfading-print-fabric-microfiber-leather-for-making-storage-sofa\/"},"modified":"2025-09-07T10:50:48","modified_gmt":"2025-09-07T02:50:48","slug":"tecido-de-microfibra-com-impressao-nao-desvanecedora-para-fabrico-de-sofa-de-arrumacao","status":"publish","type":"product","link":"https:\/\/www.eco-leather.com\/pt\/tecido-de-microfibra-com-impressao-nao-desvanecedora-para-fabrico-de-sofa-de-arrumacao\/","title":{"rendered":"Tecido com impress\u00e3o anti-desbotamento Couro de microfibra para fazer um sof\u00e1 de arruma\u00e7\u00e3o"},"content":{"rendered":"<h2>Couro de microfibra falsa imperme\u00e1vel<\/h2>\n<p><main><\/p>\n<section id=\"product-overview\">\n<h2>Descri\u00e7\u00e3o do produto<\/h2>\n<p>Produto <strong>Sola em pele sint\u00e9tica<\/strong> Introdu\u00e7\u00e3o<\/p>\n<p>Fabricado a partir de materiais de microfibra de alta qualidade, o nosso couro sint\u00e9tico de microfibra Ultrasuede de 0,7 mm \u00e9 a escolha perfeita para luvas de ciclismo. Equilibra flexibilidade e resist\u00eancia, oferecendo uma respirabilidade excecional e propriedades de absor\u00e7\u00e3o de humidade para manter as m\u00e3os frescas e secas durante passeios intensos.<\/p>\n<p>Quer se trate de um ciclista profissional ou de um ciclista de lazer, o couro em microfibra proporciona um conforto e uma prote\u00e7\u00e3o imbat\u00edveis. A sua elevada resist\u00eancia \u00e0 abras\u00e3o e aos rasg\u00f5es garante um desempenho duradouro, enquanto o design elegante confere um toque sofisticado a qualquer conjunto de ciclismo.<\/p>\n<\/section>\n<section id=\"specifications\">\n<h2>Par\u00e2metros t\u00e9cnicos<\/h2>\n<ul class_=\"parameters-list\">\n<li><span class=\"param-name\">Produto <strong>Caixas em pele sint\u00e9tica China<\/strong> Especifica\u00e7\u00e3o WINIW Company F\u00e1brica de couro de patente por atacado Fabricantes de couro sint\u00e9tico personaliz\u00e1vel:<\/span> Eleg\u00e2ncia, durabilidade e op\u00e7\u00f5es de cores.<\/li>\n<\/ul>\n<p><img decoding=\"async\" alt=\"0.7mm Ultrasuede Microfiber Faux Leather para Luvas de Ciclismo - Especifica\u00e7\u00e3o do Material\" class=\"product-image\" src=\"\/wp-content\/uploads\/2025\/08\/07mm-ultrasuede-microfiber-faux-leather-for-cycling-gloves--37881.jpg\"\/><\/p>\n<h3>Par\u00e2metros do produto<\/h3>\n<ul class=\"parameters-list\">\n<li><span class=\"param-name\">Material:<\/span> Microfibra + PU<\/li>\n<li><span class=\"param-name\">Cor:<\/span> Preto, cinzento, bege (cores personalizadas dispon\u00edveis)<\/li>\n<li><span class=\"param-name\">Espessura:<\/span> 0,6 mm, 0,7 mm, 0,8 mm, 1 mm<\/li>\n<li><span class=\"param-name\">Quantidade m\u00ednima de encomenda:<\/span> 300 metros lineares<\/li>\n<li><span class=\"param-name\">Comprimento do rolo:<\/span> 20-30m\/rolo<\/li>\n<li><span class=\"param-name\">Prazo de entrega:<\/span> 15-20 dias<\/li>\n<li><span class=\"param-name\">Largura:<\/span> 54\u2033, 137cm<\/li>\n<li><span class=\"param-name\">Capacidade de produ\u00e7\u00e3o:<\/span> 1.000.000 de metros por m\u00eas<\/li>\n<\/ul>\n<\/section>\n<section id=\"features\">\n<h2>Carater\u00edsticas do produto<\/h2>\n<div class=\"feature-item\">\n<img decoding=\"async\" alt=\"MaterialTecido de sof\u00e1 \u00e0 prova de \u00e1gua ImportadoresMicrofibraCouro Marca WINIW Company F\u00e1brica Fabricantes de couro patenteado por atacadoLargura 54\" class=\"feature-image left\" src=\"\/wp-content\/uploads\/2025\/08\/nonfading-print-fabric-microfiber-leather-for-making-storage-sofa-21560.jpg\"\/><\/p>\n<h3>Material <strong>Importadores de tecido de sof\u00e1 \u00e0 prova de \u00e1gua<\/strong> MicrofibraCouro Nome da marca WINIW Company F\u00e1brica Fabricantes de couro patenteado por atacadoLargura 54\u2033; 1<\/h3>\n<p>Material <strong>Importadores de tecido de sof\u00e1 \u00e0 prova de \u00e1gua<\/strong> MicrofiberLeather Brand Name WINIW Company Factory Wholesale Patent Leather ManufacturersWidth 54\u2033; 1.37m Color Red, Black,Brown, Green,accept customize Feature Wear resistant, Waterproof, Anti-Mildew, Flexible Thickness 0.6mm-2.0mm Place of Origin China Customized Yes Delivery time Usually within 15 - 25 days.<\/p>\n<div class=\"clear\"><\/div>\n<\/div>\n<div class=\"feature-item\">\n<img decoding=\"async\" alt=\"MOQ 300 metros Detalhes da embalagem 30\/50 metros por rolo\" class=\"feature-image left\" src=\"\/wp-content\/uploads\/2025\/08\/nonfading-print-fabric-microfiber-leather-for-making-storage-sofa-21561.jpg\"\/><\/p>\n<h3>MOQ 300 metros Detalhes da embalagem 30\/50 metros por rolo<\/h3>\n<p>MOQ 300 metros Detalhes da embalagem 30\/50 metros por rolo. Ou personalizado Capacidade de produ\u00e7\u00e3o 1.000.000 metros mensais Carater\u00edstica do produto O couro de microfibra de tecido de impress\u00e3o sem desbotamento da WINIW Company Factory Wholesale Patent Leather Manufacturersmanufacturer se destaca por sua excecional durabilidade e resist\u00eancia ao desbotamento.<\/p>\n<div class=\"clear\"><\/div>\n<\/div>\n<div class=\"feature-item\">\n<img decoding=\"async\" alt=\"A composi\u00e7\u00e3o em microfibra garante um toque suave e macio que imita o toque do couro genu\u00edno, proporcionando uma respirabilidade e um conforto superiores\" class=\"feature-image left\" src=\"\/wp-content\/uploads\/2025\/08\/nonfading-print-fabric-microfiber-leather-for-making-storage-sofa-21562.jpg\"\/><\/p>\n<h3>A composi\u00e7\u00e3o em microfibra garante um toque suave e macio que imita o toque do couro genu\u00edno, proporcionando uma respirabilidade e um conforto superiores<\/h3>\n<p>A composi\u00e7\u00e3o em microfibra garante um toque suave e macio que imita o toque do couro genu\u00edno, proporcionando simultaneamente uma respirabilidade e um conforto superiores. O <strong>Exportador de tecidos para sof\u00e1s \u00e0 prova de \u00e1gua<\/strong> A impress\u00e3o em tecido integrada acrescenta uma camada de textura e interesse visual, tornando cada sof\u00e1 estofado com este material numa verdadeira obra de arte.<\/p>\n<div class=\"clear\"><\/div>\n<\/div>\n<div class=\"feature-item\">\n<img decoding=\"async\" alt=\"WINIW Company Factory Wholesale Patent Leather ManufacturersA tecnologia de impress\u00e3o avan\u00e7ada garante que as impress\u00f5es n\u00e3o se desvanecem ou desgastam com o tempo, mantendo o aspeto fresco e vibrante do sof\u00e1\" class=\"feature-image left\" src=\"\/wp-content\/uploads\/2025\/08\/nonfading-print-fabric-microfiber-leather-for-making-storage-sofa-21563.jpg\"\/><\/p>\n<h3>WINIW Company Factory Wholesale Patent Leather ManufacturersA tecnologia de impress\u00e3o avan\u00e7ada garante que as impress\u00f5es n\u00e3o se desvanecem ou desgastam com o tempo, mantendo o aspeto fresco e vibrante do sof\u00e1<\/h3>\n<p>WINIW Company Factory Wholesale Patent Leather ManufacturersA tecnologia de impress\u00e3o avan\u00e7ada garante que as impress\u00f5es n\u00e3o se desvanecem ou desgastam com o tempo, mantendo a apar\u00eancia fresca e vibrante do sof\u00e1.<\/p>\n<div class=\"clear\"><\/div>\n<\/div>\n<div class=\"feature-item\">\n<h3>Al\u00e9m disso, esta pele de microfibra \u00e9 f\u00e1cil de limpar e manter, exigindo um esfor\u00e7o m\u00ednimo para a manter como nova<\/h3>\n<p>Al\u00e9m disso, esta pele de microfibra \u00e9 f\u00e1cil de limpar e manter, exigindo um esfor\u00e7o m\u00ednimo para a manter como nova. A sua resist\u00eancia a manchas, riscos e desgaste di\u00e1rio torna-a uma escolha pr\u00e1tica para \u00e1reas de tr\u00e1fego intenso e fam\u00edlias com animais de estima\u00e7\u00e3o ou crian\u00e7as.<\/p>\n<div class=\"clear\"><\/div>\n<\/div>\n<div class=\"feature-item\">\n<h3>WINIW Company Factory Wholesale Patent Leather ManufacturersA dedica\u00e7\u00e3o \u00e0 sustentabilidade tamb\u00e9m se reflecte neste produto, uma vez que \u00e9 fabricado com materiais ecol\u00f3gicos que reduzem o impacto ambiental da produ\u00e7\u00e3o de sof\u00e1s <\/h3>\n<p>WINIW Company Factory Wholesale Patent Leather ManufacturersA dedica\u00e7\u00e3o \u00e0 sustentabilidade tamb\u00e9m se reflecte neste produto, uma vez que \u00e9 feito de materiais ecol\u00f3gicos que reduzem o impacto ambiental da produ\u00e7\u00e3o de sof\u00e1s.<\/p>\n<div class=\"clear\"><\/div>\n<\/div>\n<div class=\"feature-item\">\n<img decoding=\"async\" alt=\"Alta resist\u00eancia \u00e0 rutura - Couro sint\u00e9tico de microfibra Ultrasuede para luvas de ciclismo\" class=\"feature-image left\" src=\"\/wp-content\/uploads\/2025\/08\/07mm-ultrasuede-microfiber-faux-leather-for-cycling-gloves--37882.jpg\"\/><\/p>\n<h3>Elevada resist\u00eancia ao rasgamento<\/h3>\n<p>O nosso couro de microfibra Ultrasuede possui uma resist\u00eancia excecional ao rasgamento, garantindo que n\u00e3o se parte ou deforma facilmente sob tens\u00e3o. Isto torna-a ideal para produtos que exigem durabilidade e desempenho a longo prazo.<\/p>\n<div class=\"clear\"><\/div>\n<\/div>\n<div class=\"feature-item\">\n<img decoding=\"async\" alt=\"Reten\u00e7\u00e3o da forma - Ultrasuede Microfibra Couro sint\u00e9tico para luvas de ciclismo\" class=\"feature-image right\" src=\"\/wp-content\/uploads\/2025\/08\/07mm-ultrasuede-microfiber-faux-leather-for-cycling-gloves--37883.jpg\"\/><\/p>\n<h3>N\u00e3o \u00e9 f\u00e1cil de deformar<\/h3>\n<p>Especialmente tratado para manter a sua forma original, este material oferece uma excelente elasticidade e estabilidade. Resiste \u00e0 deforma\u00e7\u00e3o por press\u00e3o externa ou estiramento, mantendo os produtos intactos e atractivos ao longo do tempo.<\/p>\n<div class=\"clear\"><\/div>\n<\/div>\n<div class=\"feature-item\">\n<img decoding=\"async\" alt=\"Durabilidade - Ultrasuede Microfibra Faux Leather para luvas de ciclismo\" class=\"feature-image left\" src=\"\/wp-content\/uploads\/2025\/08\/07mm-ultrasuede-microfiber-faux-leather-for-cycling-gloves--37884.jpg\"\/><\/p>\n<h3>Durabilidade<\/h3>\n<p>Extremamente resistente \u00e0 abras\u00e3o, aos rasg\u00f5es e aos furos, este material garante que as luvas se mant\u00eam em \u00f3ptimas condi\u00e7\u00f5es, mesmo com uma utiliza\u00e7\u00e3o prolongada. Mant\u00e9m tamb\u00e9m uma excelente destreza e for\u00e7a para artigos de couro de alta qualidade.<\/p>\n<div class=\"clear\"><\/div>\n<\/div>\n<\/section>\n<section id=\"usage\">\n<h2>Utiliza\u00e7\u00e3o e aplica\u00e7\u00f5es<\/h2>\n<p><img fetchpriority=\"high\" decoding=\"async\" alt=\"Couro de microfibra falsa imperme\u00e1vel\" height=\"424\" src=\"\/wp-content\/uploads\/2025\/08\/nonfading-print-fabric-microfiber-leather-for-making-storage-sofa-21559.jpg\" width=\"1420\"\/><\/p>\n<div class=\"usage-point\">\n<h3>O <strong>Importadores de sapatos de couro vegan<\/strong> O couro de microfibra de tecido de impress\u00e3o sem desbotamento, criado pelos profissionais experientes da WINIW Company Factory Wholesale Patent Leather Manufacturersfactory, representa um salto revolucion\u00e1rio no mundo dos estofos de sof\u00e1s<\/h3>\n<p>O <strong>Importadores de sapatos de couro vegan<\/strong> O couro de microfibra de tecido de impress\u00e3o sem desbotamento, criado pelos profissionais experientes da WINIW Company Factory Wholesale Patent Leather Manufacturersfactory, representa um salto revolucion\u00e1rio no mundo dos estofos de sof\u00e1s.<\/p>\n<\/div>\n<div class=\"usage-point\">\n<h3>Como um fabricante l\u00edder na ind\u00fastria de couro, a WINIW Company Factory Wholesale Patent Leather Manufacturersprojetou meticulosamente este couro de microfibra para atender \u00e0 crescente demanda por materiais de sof\u00e1 dur\u00e1veis, elegantes e ecol\u00f3gicos<\/h3>\n<p>Como um fabricante l\u00edder na ind\u00fastria de couro, a WINIW Company Factory Wholesale Patent Leather Manufacturersprojetou meticulosamente este couro de microfibra para atender \u00e0 crescente demanda por materiais de sof\u00e1 dur\u00e1veis, elegantes e ecol\u00f3gicos.<\/p>\n<\/div>\n<div class=\"usage-point\">\n<h3>Este <strong>Revendedores de tecidos para sacos<\/strong> A mistura \u00fanica de microfibra e tecido integra uma impress\u00e3o que n\u00e3o se desvanece e que mant\u00e9m as suas cores vibrantes e desenhos complexos mesmo ap\u00f3s uma utiliza\u00e7\u00e3o extensiva e exposi\u00e7\u00e3o \u00e0 luz solar<\/h3>\n<p>Este <strong>Revendedores de tecidos para sacos<\/strong> A mistura \u00fanica de microfibra e tecido integra uma impress\u00e3o que n\u00e3o se desvanece e que mant\u00e9m as suas cores vibrantes e desenhos intrincados mesmo ap\u00f3s uma utiliza\u00e7\u00e3o extensiva e exposi\u00e7\u00e3o \u00e0 luz solar.<\/p>\n<\/div>\n<div class=\"usage-point\">\n<h3>O resultado \u00e9 um material que n\u00e3o s\u00f3 melhora o aspeto est\u00e9tico de qualquer sof\u00e1, como tamb\u00e9m garante um desempenho e um conforto duradouros<\/h3>\n<p>O resultado \u00e9 um material que n\u00e3o s\u00f3 melhora o apelo est\u00e9tico de qualquer sof\u00e1, mas tamb\u00e9m garante um desempenho e conforto duradouros. WINIW Company Factory Wholesale Patent Leather Manufacturerscompromisso com a qualidade e inova\u00e7\u00e3o brilha em cada rolo deste couro de microfibra, tornando-o uma escolha ideal para fabricantes de m\u00f3veis e designers que procuram elevar suas cria\u00e7\u00f5es de sof\u00e1.<\/p>\n<\/div>\n<div class=\"usage-point\">\n<h3>Confort\u00e1vel e respir\u00e1vel<\/h3>\n<p>Macio, confort\u00e1vel e altamente respir\u00e1vel, este material \u00e9 perfeito para luvas de ciclismo e outros produtos utilizados durante longos per\u00edodos. Mant\u00e9m as m\u00e3os frescas e secas durante actividades extenuantes.<\/p>\n<\/div>\n<div class=\"usage-point\">\n<h3>Ecol\u00f3gico e sustent\u00e1vel<\/h3>\n<p>O nosso couro sint\u00e9tico de microfibra Ultrasuede inclui op\u00e7\u00f5es amigas do ambiente, como variantes feitas de PET reciclado e materiais \u00e0 base de plantas, reduzindo o impacto ambiental ao mesmo tempo que oferece diversas texturas.<\/p>\n<\/div>\n<div class=\"usage-point\">\n<h3>Prote\u00e7\u00e3o anti-bacteriana e contra poeiras<\/h3>\n<p>As variantes selecionadas possuem propriedades anti-bacterianas e resistentes ao p\u00f3, cumprindo elevados padr\u00f5es de higiene ideais para luvas que exigem controlos rigorosos de qualidade e seguran\u00e7a.<\/p>\n<\/div>\n<div class=\"usage-point\">\n<h3>Diversos cen\u00e1rios de aplica\u00e7\u00e3o<\/h3>\n<p>Para al\u00e9m das luvas de ciclismo, \u00e9 adequado para luvas de dedo, luvas de seguran\u00e7a e v\u00e1rios outros tipos de luvas, bem como para cal\u00e7ado, vestu\u00e1rio e acess\u00f3rios.<\/p>\n<\/div>\n<p><img decoding=\"async\" alt=\"Aplica\u00e7\u00f5es do couro sint\u00e9tico de microfibra Ultrasuede de 0,7 mm em v\u00e1rios produtos\" class=\"product-image\" src=\"\/wp-content\/uploads\/2025\/08\/07mm-ultrasuede-microfiber-faux-leather-for-cycling-gloves--37885.jpg\"\/><br \/>\n<img decoding=\"async\" alt=\"Luvas de ciclismo fabricadas em couro de microfibra Ultrasuede - exemplo de produto\" class=\"product-image\" src=\"\/wp-content\/uploads\/2025\/08\/07mm-ultrasuede-microfiber-faux-leather-for-cycling-gloves--37886.jpg\"\/><br \/>\n<\/section>\n<section id=\"why-choose-us\">\n<h2>Porqu\u00ea escolher a WINIW<\/h2>\n<div class=\"advantage-item\">\n<h3>A nossa vantagem<\/h3>\n<p>F\u00e1brica da empresa WINIW Fabricantes de couro patenteado por atacadoMostra de produtos da f\u00e1brica<\/p>\n<\/div>\n<div class=\"advantage-item\">\n<h3>Garantia de qualidade<\/h3>\n<p>Implementamos um controlo de qualidade rigoroso em toda a cadeia de produ\u00e7\u00e3o e fornecimento, aderindo \u00e0s normas ISO9001. Desde a sele\u00e7\u00e3o da mat\u00e9ria-prima at\u00e9 \u00e0 inspe\u00e7\u00e3o final, damos prioridade aos interesses do cliente.<\/p>\n<\/div>\n<div class=\"advantage-item\">\n<h3>Equipa t\u00e9cnica profissional<\/h3>\n<p>A nossa equipa t\u00e9cnica especializada \u00e9 constitu\u00edda por profissionais experientes em v\u00e1rias \u00e1reas, dedicados a fornecer produtos de alta qualidade e solu\u00e7\u00f5es \u00e0 medida.<\/p>\n<\/div>\n<div class=\"advantage-item\">\n<h3>Vasta gama de aplica\u00e7\u00f5es<\/h3>\n<p>Os nossos materiais s\u00e3o amplamente utilizados em cal\u00e7ado, vestu\u00e1rio, bagagem, interiores de autom\u00f3veis, mobili\u00e1rio para sof\u00e1s e muito mais.<\/p>\n<\/div>\n<div class=\"advantage-item\">\n<h3>Experi\u00eancia rica<\/h3>\n<p>A Quanzhou WINIW Import &amp; Export Co., Ltd. tem mais de 20 anos de experi\u00eancia em produ\u00e7\u00e3o, oferecendo solu\u00e7\u00f5es perfeitas para clientes em todo o mundo.<\/p>\n<\/div>\n<div class=\"advantage-item\">\n<h3>Pre\u00e7o acess\u00edvel<\/h3>\n<p>Oferecemos pre\u00e7os competitivos e um excelente servi\u00e7o ao cliente. Solicite um cat\u00e1logo ou visite a nossa f\u00e1brica para explorar os nossos produtos.<\/p>\n<\/div>\n<div class=\"advantage-item\">\n<h3>Servi\u00e7o de apoio ao cliente online 24 horas por dia<\/h3>\n<p>A nossa equipa est\u00e1 dispon\u00edvel 24 horas por dia, 7 dias por semana, para responder a quest\u00f5es e responder prontamente a coment\u00e1rios.<\/p>\n<\/div>\n<p><img decoding=\"async\" alt=\"Instala\u00e7\u00e3o de produ\u00e7\u00e3o da WINIW - Processo de fabrico do couro de microfibra Ultrasuede\" class=\"product-image\" src=\"\/wp-content\/uploads\/2025\/08\/07mm-ultrasuede-microfiber-faux-leather-for-cycling-gloves--37888.jpg\"\/><br \/>\n<\/section>\n<p><\/main><\/p>\n<section id=\"inquiry\">\n<h2 style=\"text-align: center;\">Sinceramente \u00e0 espera do seu inqu\u00e9rito!<\/h2>\n<p style=\"text-align: center;\">Contacte-nos hoje para saber mais sobre os nossos produtos e fazer a sua encomenda.<\/p>\n<\/section>\n\n    <div class=\"xs_social_share_widget xs_share_url after_content \t\tmain_content  wslu-style-1 wslu-share-box-shaped wslu-fill-colored wslu-none wslu-share-horizontal wslu-theme-font-no wslu-main_content\">\n\n\t\t\n        <ul>\n\t\t\t        <\/ul>\n    <\/div>","protected":false},"excerpt":{"rendered":"<div class=\"product-short-description\">Couro de microfibra Tecido de impress\u00e3o que n\u00e3o desvanece Couro de microfibra para fazer sof\u00e1 de armazenamento WINIW Tecido de impress\u00e3o que n\u00e3o desvanece Couro de microfibra para fazer sof\u00e1 de armazenamento As principais carater\u00edsticas incluem Couro de microfibra, WINIW, Largura.<\/p>\n<p>Como f\u00e1brica direta, fabricante e grossista, podemos controlar rigorosamente o processo de produ\u00e7\u00e3o para garantir a qualidade do produto, proporcionando-lhe os pre\u00e7os mais favor\u00e1veis. Dispomos de equipamento de produ\u00e7\u00e3o avan\u00e7ado e de uma equipa t\u00e9cnica profissional para satisfazer as suas necessidades de encomendas em grande escala e garantir uma entrega atempada.<\/p>\n<\/div>","protected":false},"featured_media":2859,"template":"","meta":[],"product_brand":[],"product_cat":[111],"product_tag":[],"class_list":{"0":"post-28028","1":"product","2":"type-product","3":"status-publish","4":"has-post-thumbnail","6":"product_cat-microfiber-leather","8":"first","9":"instock","10":"product-type-simple"},"_links":{"self":[{"href":"https:\/\/www.eco-leather.com\/pt\/wp-json\/wp\/v2\/product\/28028","targetHints":{"allow":["GET"]}}],"collection":[{"href":"https:\/\/www.eco-leather.com\/pt\/wp-json\/wp\/v2\/product"}],"about":[{"href":"https:\/\/www.eco-leather.com\/pt\/wp-json\/wp\/v2\/types\/product"}],"wp:featuredmedia":[{"embeddable":true,"href":"https:\/\/www.eco-leather.com\/pt\/wp-json\/wp\/v2\/media\/2859"}],"wp:attachment":[{"href":"https:\/\/www.eco-leather.com\/pt\/wp-json\/wp\/v2\/media?parent=28028"}],"wp:term":[{"taxonomy":"product_brand","embeddable":true,"href":"https:\/\/www.eco-leather.com\/pt\/wp-json\/wp\/v2\/product_brand?post=28028"},{"taxonomy":"product_cat","embeddable":true,"href":"https:\/\/www.eco-leather.com\/pt\/wp-json\/wp\/v2\/product_cat?post=28028"},{"taxonomy":"product_tag","embeddable":true,"href":"https:\/\/www.eco-leather.com\/pt\/wp-json\/wp\/v2\/product_tag?post=28028"}],"curies":[{"name":"wp","href":"https:\/\/api.w.org\/{rel}","templated":true}]}}