{"id":28013,"date":"2025-09-07T10:50:33","date_gmt":"2025-09-07T02:50:33","guid":{"rendered":"https:\/\/www.eco-leather.com\/product\/brown-nonfading-print-fabric-storage-sofa-faux-microfiber-leather\/"},"modified":"2025-09-07T10:50:39","modified_gmt":"2025-09-07T02:50:39","slug":"brown-nonfading-print-fabric-storage-sofa-faux-microfiber-leather","status":"publish","type":"product","link":"https:\/\/www.eco-leather.com\/pt\/brown-nonfading-print-fabric-storage-sofa-faux-microfiber-leather\/","title":{"rendered":"Sof\u00e1 de arruma\u00e7\u00e3o em tecido castanho com impress\u00e3o que n\u00e3o desbota, em couro de microfibra falsa"},"content":{"rendered":"<h2>Couro de microfibra falsa imperme\u00e1vel<\/h2>\n<p><main><\/p>\n<section id=\"product-overview\">\n<h2>Descri\u00e7\u00e3o do produto<\/h2>\n<p>Produto <strong>Tecido para sof\u00e1 floral<\/strong> Introdu\u00e7\u00e3o<\/p>\n<p>Fabricado a partir de materiais de microfibra de alta qualidade, o nosso couro sint\u00e9tico de microfibra Ultrasuede de 0,7 mm \u00e9 a escolha perfeita para luvas de ciclismo. Equilibra flexibilidade e resist\u00eancia, oferecendo uma respirabilidade excecional e propriedades de absor\u00e7\u00e3o de humidade para manter as m\u00e3os frescas e secas durante passeios intensos.<\/p>\n<p>Quer se trate de um ciclista profissional ou de um ciclista de lazer, o couro em microfibra proporciona um conforto e uma prote\u00e7\u00e3o imbat\u00edveis. A sua elevada resist\u00eancia \u00e0 abras\u00e3o e aos rasg\u00f5es garante um desempenho duradouro, enquanto o design elegante confere um toque sofisticado a qualquer conjunto de ciclismo.<\/p>\n<\/section>\n<section id=\"specifications\">\n<h2>Par\u00e2metros t\u00e9cnicos<\/h2>\n<ul class_=\"parameters-list\">\n<li><span class=\"param-name\">Produto <strong>Couro para vestu\u00e1rio Importado<\/strong> Especifica\u00e7\u00e3o WINIW Company F\u00e1brica de material de couro sint\u00e9tico por atacado Fabricantes de couro sint\u00e9tico personaliz\u00e1vel:<\/span> Eleg\u00e2ncia, durabilidade e op\u00e7\u00f5es de cores.<\/li>\n<\/ul>\n<p><img decoding=\"async\" alt=\"0.7mm Ultrasuede Microfiber Faux Leather para Luvas de Ciclismo - Especifica\u00e7\u00e3o do Material\" class=\"product-image\" src=\"\/wp-content\/uploads\/2025\/08\/07mm-ultrasuede-microfiber-faux-leather-for-cycling-gloves--37881.jpg\"\/><\/p>\n<h3>Par\u00e2metros do produto<\/h3>\n<ul class=\"parameters-list\">\n<li><span class=\"param-name\">Material:<\/span> Microfibra + PU<\/li>\n<li><span class=\"param-name\">Cor:<\/span> Preto, cinzento, bege (cores personalizadas dispon\u00edveis)<\/li>\n<li><span class=\"param-name\">Espessura:<\/span> 0,6 mm, 0,7 mm, 0,8 mm, 1 mm<\/li>\n<li><span class=\"param-name\">Quantidade m\u00ednima de encomenda:<\/span> 300 metros lineares<\/li>\n<li><span class=\"param-name\">Comprimento do rolo:<\/span> 20-30m\/rolo<\/li>\n<li><span class=\"param-name\">Prazo de entrega:<\/span> 15-20 dias<\/li>\n<li><span class=\"param-name\">Largura:<\/span> 54\u2033, 137cm<\/li>\n<li><span class=\"param-name\">Capacidade de produ\u00e7\u00e3o:<\/span> 1.000.000 de metros por m\u00eas<\/li>\n<\/ul>\n<\/section>\n<section id=\"features\">\n<h2>Carater\u00edsticas do produto<\/h2>\n<div class=\"feature-item\">\n<img decoding=\"async\" alt=\"WINIWSofa Fabric Waterproof ImportersCompany Factory Wholesale Leatherette Material Manufacturersfactory proudly presents the Nonfading Print Fabric Microfiber Leather, a revolutionary material tailored for the manufacturing of storage sofas\" class=\"feature-image left\" src=\"\/wp-content\/uploads\/2025\/08\/brown-nonfading-print-fabric-storage-sofa-faux-microfiber-leather-21433.jpg\"\/><\/p>\n<h3>WINIW <strong>Importadores de tecido de sof\u00e1 \u00e0 prova de \u00e1gua<\/strong> Company Factory Wholesale Leatherette Material Manufacturersfactory proudly presents the Nonfading Print Fabric Microfiber Leather, a revolutionary material tailored for the manufacturing of storage sofas<\/h3>\n<p>WINIW <strong>Importadores de tecido de sof\u00e1 \u00e0 prova de \u00e1gua<\/strong> Company Factory Wholesale Leatherette Material Manufacturersfactory proudly presents the Nonfading Print Fabric Microfiber Leather, a revolutionary material tailored for the manufacturing of storage sofas.<\/p>\n<div class=\"clear\"><\/div>\n<\/div>\n<div class=\"feature-item\">\n<img decoding=\"async\" alt=\"As a pioneering WINIW Company Factory Wholesale Leatherette Material Manufacturersmanufacturer, we have meticulously engineered this microfiber leather to combine the elegance of printed fabrics with the durability and practicality of microfiber\" class=\"feature-image left\" src=\"\/wp-content\/uploads\/2025\/08\/brown-nonfading-print-fabric-storage-sofa-faux-microfiber-leather-21434.jpg\"\/><\/p>\n<h3>As a pioneering WINIW Company Factory Wholesale Leatherette Material Manufacturersmanufacturer, we have meticulously engineered this microfiber leather to combine the elegance of printed fabrics with the durability and practicality of microfiber<\/h3>\n<p>As a pioneering WINIW Company Factory Wholesale Leatherette Material Manufacturersmanufacturer, we have meticulously engineered this microfiber leather to combine the elegance of printed fabrics with the durability and practicality of microfiber.<\/p>\n<div class=\"clear\"><\/div>\n<\/div>\n<div class=\"feature-item\">\n<img decoding=\"async\" alt=\"The intricate designs, embedded deep within the material's surface, are guaranteed to retain their vibrancy and clarity, even after extensive use and repeated cleaning\" class=\"feature-image left\" src=\"\/wp-content\/uploads\/2025\/08\/brown-nonfading-print-fabric-storage-sofa-faux-microfiber-leather-21435.jpg\"\/><\/p>\n<h3>The intricate designs, embedded deep within the material&#8217;s surface, are guaranteed to retain their vibrancy and clarity, even after extensive use and repeated cleaning<\/h3>\n<p>The intricate designs, embedded deep within the material&#8217;s surface, are guaranteed to retain their vibrancy and clarity, even after extensive use and repeated cleaning. This Nonfading Print Fabric Microfiber Leather is a testament to WINIW Company Factory Wholesale Leatherette Material Manufacturerscommitment to innovation and quality, offering furniture makers a superior alternative to traditional leather and fabric options .<\/p>\n<div class=\"clear\"><\/div>\n<\/div>\n<div class=\"feature-item\">\n<img decoding=\"async\" alt=\"MaterialDurable Sofa Fabric TraderMicrofiberLeather Brand Name WINIW Company Factory Wholesale Leatherette Material ManufacturersWidth 54\" class=\"feature-image left\" src=\"\/wp-content\/uploads\/2025\/08\/brown-nonfading-print-fabric-storage-sofa-faux-microfiber-leather-21436.jpg\"\/><\/p>\n<h3>Material <strong>Tecido para sof\u00e1 dur\u00e1vel Trader<\/strong> MicrofibraCouro Nome da marca WINIW Company F\u00e1brica de material de couro sint\u00e9tico por atacado FabricantesLargura 54\u2033; 1<\/h3>\n<p>Material <strong>Tecido para sof\u00e1 dur\u00e1vel Trader<\/strong> MicrofiberLeather Brand Name WINIW Company Factory Wholesale Leatherette Material ManufacturersWidth 54\u2033; 1.37m Color Red, Black,Brown, Green,accept customize Feature Wear resistant, Waterproof, Anti-Mildew, Flexible Thickness 0.6mm-2.0mm Place of Origin China Customized Yes Delivery time Usually within 15 - 25 days.<\/p>\n<div class=\"clear\"><\/div>\n<\/div>\n<div class=\"feature-item\">\n<img decoding=\"async\" alt=\"MOQ 300 metros Detalhes da embalagem 30\/50 metros por rolo\" class=\"feature-image left\" src=\"\/wp-content\/uploads\/2025\/08\/brown-nonfading-print-fabric-storage-sofa-faux-microfiber-leather-21437.jpg\"\/><\/p>\n<h3>MOQ 300 metros Detalhes da embalagem 30\/50 metros por rolo<\/h3>\n<p>MOQ 300 meters Packaging Details 30\/50 Meters per Roll. Or customized Production Capacity 1,000,000 meters monthly Product Feature Our Nonfading Print Fabric Microfiber Leather stands out in the market due to its unique blend of aesthetic appeal and functional prowess.<\/p>\n<div class=\"clear\"><\/div>\n<\/div>\n<div class=\"feature-item\">\n<h3>Artesanal <strong>Leatherman falso \u00e0 prova de \u00e1gua<\/strong> using advanced printing techniques, the vibrant patterns and colors are embedded into the microfiber&#8217;s fibers, ensuring they never fade or wear off over time<\/h3>\n<p>Artesanal <strong>Leatherman falso \u00e0 prova de \u00e1gua<\/strong> using advanced printing techniques, the vibrant patterns and colors are embedded into the microfiber&#8217;s fibers, ensuring they never fade or wear off over time.<\/p>\n<div class=\"clear\"><\/div>\n<\/div>\n<div class=\"feature-item\">\n<h3>The material&#8217;s microfiber composition grants it exceptional softness and comfort, rivaling the touch of genuine leather while maintaining a fraction of its weight<\/h3>\n<p>The material&#8217;s microfiber composition grants it exceptional softness and comfort, rivaling the touch of genuine leather while maintaining a fraction of its weight. Additionally, it is highly resilient to stains and scratches, making it an ideal choice for high-traffic areas such as living rooms and offices.<\/p>\n<div class=\"clear\"><\/div>\n<\/div>\n<div class=\"feature-item\">\n<h3>WINIW Company Factory Wholesale Leatherette Material Manufacturersmanufacturer ensures that each batch undergoes rigorous testing to meet international standards for durability, environmental friendliness, and safety<\/h3>\n<p>WINIW Company Factory Wholesale Leatherette Material Manufacturersmanufacturer ensures that each batch undergoes rigorous testing to meet international standards for durability, environmental friendliness, and safety.<\/p>\n<div class=\"clear\"><\/div>\n<\/div>\n<div class=\"feature-item\">\n<h3>The result is a versatile, stylish, and sustainable microfiber leather that is perfect for crafting storage sofas that not only look great but also stand the test of time <\/h3>\n<p>The result is a versatile, stylish, and sustainable microfiber leather that is perfect for crafting storage sofas that not only look great but also stand the test of time .<\/p>\n<div class=\"clear\"><\/div>\n<\/div>\n<div class=\"feature-item\">\n<img decoding=\"async\" alt=\"Alta resist\u00eancia \u00e0 rutura - Couro sint\u00e9tico de microfibra Ultrasuede para luvas de ciclismo\" class=\"feature-image left\" src=\"\/wp-content\/uploads\/2025\/08\/07mm-ultrasuede-microfiber-faux-leather-for-cycling-gloves--37882.jpg\"\/><\/p>\n<h3>Elevada resist\u00eancia ao rasgamento<\/h3>\n<p>O nosso couro de microfibra Ultrasuede possui uma resist\u00eancia excecional ao rasgamento, garantindo que n\u00e3o se parte ou deforma facilmente sob tens\u00e3o. Isto torna-a ideal para produtos que exigem durabilidade e desempenho a longo prazo.<\/p>\n<div class=\"clear\"><\/div>\n<\/div>\n<div class=\"feature-item\">\n<img decoding=\"async\" alt=\"Reten\u00e7\u00e3o da forma - Ultrasuede Microfibra Couro sint\u00e9tico para luvas de ciclismo\" class=\"feature-image right\" src=\"\/wp-content\/uploads\/2025\/08\/07mm-ultrasuede-microfiber-faux-leather-for-cycling-gloves--37883.jpg\"\/><\/p>\n<h3>N\u00e3o \u00e9 f\u00e1cil de deformar<\/h3>\n<p>Especialmente tratado para manter a sua forma original, este material oferece uma excelente elasticidade e estabilidade. Resiste \u00e0 deforma\u00e7\u00e3o por press\u00e3o externa ou estiramento, mantendo os produtos intactos e atractivos ao longo do tempo.<\/p>\n<div class=\"clear\"><\/div>\n<\/div>\n<div class=\"feature-item\">\n<img decoding=\"async\" alt=\"Durabilidade - Ultrasuede Microfibra Faux Leather para luvas de ciclismo\" class=\"feature-image left\" src=\"\/wp-content\/uploads\/2025\/08\/07mm-ultrasuede-microfiber-faux-leather-for-cycling-gloves--37884.jpg\"\/><\/p>\n<h3>Durabilidade<\/h3>\n<p>Extremamente resistente \u00e0 abras\u00e3o, aos rasg\u00f5es e aos furos, este material garante que as luvas se mant\u00eam em \u00f3ptimas condi\u00e7\u00f5es, mesmo com uma utiliza\u00e7\u00e3o prolongada. Mant\u00e9m tamb\u00e9m uma excelente destreza e for\u00e7a para artigos de couro de alta qualidade.<\/p>\n<div class=\"clear\"><\/div>\n<\/div>\n<\/section>\n<section id=\"why-choose-us\">\n<h2>Porqu\u00ea escolher a WINIW<\/h2>\n<div class=\"advantage-item\">\n<h3>A nossa vantagem<\/h3>\n<p>WINIW Company F\u00e1brica de material de couro sint\u00e9tico por atacado FabricantesF\u00e1brica de exposi\u00e7\u00e3o de produtos<\/p>\n<\/div>\n<div class=\"advantage-item\">\n<h3>Garantia de qualidade<\/h3>\n<p>Implementamos um controlo de qualidade rigoroso em toda a cadeia de produ\u00e7\u00e3o e fornecimento, aderindo \u00e0s normas ISO9001. Desde a sele\u00e7\u00e3o da mat\u00e9ria-prima at\u00e9 \u00e0 inspe\u00e7\u00e3o final, damos prioridade aos interesses do cliente.<\/p>\n<\/div>\n<div class=\"advantage-item\">\n<h3>Equipa t\u00e9cnica profissional<\/h3>\n<p>A nossa equipa t\u00e9cnica especializada \u00e9 constitu\u00edda por profissionais experientes em v\u00e1rias \u00e1reas, dedicados a fornecer produtos de alta qualidade e solu\u00e7\u00f5es \u00e0 medida.<\/p>\n<\/div>\n<div class=\"advantage-item\">\n<h3>Vasta gama de aplica\u00e7\u00f5es<\/h3>\n<p>Os nossos materiais s\u00e3o amplamente utilizados em cal\u00e7ado, vestu\u00e1rio, bagagem, interiores de autom\u00f3veis, mobili\u00e1rio para sof\u00e1s e muito mais.<\/p>\n<\/div>\n<div class=\"advantage-item\">\n<h3>Experi\u00eancia rica<\/h3>\n<p>A Quanzhou WINIW Import &amp; Export Co., Ltd. tem mais de 20 anos de experi\u00eancia em produ\u00e7\u00e3o, oferecendo solu\u00e7\u00f5es perfeitas para clientes em todo o mundo.<\/p>\n<\/div>\n<div class=\"advantage-item\">\n<h3>Pre\u00e7o acess\u00edvel<\/h3>\n<p>Oferecemos pre\u00e7os competitivos e um excelente servi\u00e7o ao cliente. Solicite um cat\u00e1logo ou visite a nossa f\u00e1brica para explorar os nossos produtos.<\/p>\n<\/div>\n<div class=\"advantage-item\">\n<h3>Servi\u00e7o de apoio ao cliente online 24 horas por dia<\/h3>\n<p>A nossa equipa est\u00e1 dispon\u00edvel 24 horas por dia, 7 dias por semana, para responder a quest\u00f5es e responder prontamente a coment\u00e1rios.<\/p>\n<\/div>\n<p><img decoding=\"async\" alt=\"Instala\u00e7\u00e3o de produ\u00e7\u00e3o da WINIW - Processo de fabrico do couro de microfibra Ultrasuede\" class=\"product-image\" src=\"\/wp-content\/uploads\/2025\/08\/07mm-ultrasuede-microfiber-faux-leather-for-cycling-gloves--37888.jpg\"\/><br \/>\n<\/section>\n<p><\/main><\/p>\n<section id=\"inquiry\">\n<h2 style=\"text-align: center;\">Sinceramente \u00e0 espera do seu inqu\u00e9rito!<\/h2>\n<p style=\"text-align: center;\">Contacte-nos hoje para saber mais sobre os nossos produtos e fazer a sua encomenda.<\/p>\n<\/section>\n\n    <div class=\"xs_social_share_widget xs_share_url after_content \t\tmain_content  wslu-style-1 wslu-share-box-shaped wslu-fill-colored wslu-none wslu-share-horizontal wslu-theme-font-no wslu-main_content\">\n\n\t\t\n        <ul>\n\t\t\t        <\/ul>\n    <\/div>","protected":false},"excerpt":{"rendered":"<div class=\"product-short-description\">Microfiber Leather Brown Nonfading Print Fabric Storage Sofa Faux Microfiber Leather WINIW Brown Nonfading Print Fabric Storage Sofa Faux Microfiber Leather Key features include MicrofiberLeather, WINIW, Width.Ideal for those seeking quality and reliability.<\/p>\n<p>Como f\u00e1brica direta, fabricante e grossista, podemos controlar rigorosamente o processo de produ\u00e7\u00e3o para garantir a qualidade do produto, proporcionando-lhe os pre\u00e7os mais favor\u00e1veis. Dispomos de equipamento de produ\u00e7\u00e3o avan\u00e7ado e de uma equipa t\u00e9cnica profissional para satisfazer as suas necessidades de encomendas em grande escala e garantir uma entrega atempada.<\/p>\n<\/div>","protected":false},"featured_media":2809,"template":"","meta":[],"product_brand":[],"product_cat":[111],"product_tag":[],"class_list":{"0":"post-28013","1":"product","2":"type-product","3":"status-publish","4":"has-post-thumbnail","6":"product_cat-microfiber-leather","8":"first","9":"instock","10":"product-type-simple"},"_links":{"self":[{"href":"https:\/\/www.eco-leather.com\/pt\/wp-json\/wp\/v2\/product\/28013","targetHints":{"allow":["GET"]}}],"collection":[{"href":"https:\/\/www.eco-leather.com\/pt\/wp-json\/wp\/v2\/product"}],"about":[{"href":"https:\/\/www.eco-leather.com\/pt\/wp-json\/wp\/v2\/types\/product"}],"wp:featuredmedia":[{"embeddable":true,"href":"https:\/\/www.eco-leather.com\/pt\/wp-json\/wp\/v2\/media\/2809"}],"wp:attachment":[{"href":"https:\/\/www.eco-leather.com\/pt\/wp-json\/wp\/v2\/media?parent=28013"}],"wp:term":[{"taxonomy":"product_brand","embeddable":true,"href":"https:\/\/www.eco-leather.com\/pt\/wp-json\/wp\/v2\/product_brand?post=28013"},{"taxonomy":"product_cat","embeddable":true,"href":"https:\/\/www.eco-leather.com\/pt\/wp-json\/wp\/v2\/product_cat?post=28013"},{"taxonomy":"product_tag","embeddable":true,"href":"https:\/\/www.eco-leather.com\/pt\/wp-json\/wp\/v2\/product_tag?post=28013"}],"curies":[{"name":"wp","href":"https:\/\/api.w.org\/{rel}","templated":true}]}}