{"id":27896,"date":"2025-09-07T10:49:29","date_gmt":"2025-09-07T02:49:29","guid":{"rendered":"https:\/\/www.eco-leather.com\/product\/blue-color-aging-resistance-polyurethane-microfiber-leather\/"},"modified":"2025-09-07T10:49:37","modified_gmt":"2025-09-07T02:49:37","slug":"blue-color-aging-resistance-polyurethane-microfiber-leather","status":"publish","type":"product","link":"https:\/\/www.eco-leather.com\/pt\/blue-color-aging-resistance-polyurethane-microfiber-leather\/","title":{"rendered":"Blue Color Aging Resistance polyurethane Microfiber Leather"},"content":{"rendered":"<h2>Couro ecol\u00f3gico autoadesivo Couro PU<\/h2>\n<p><main><\/p>\n<section id=\"product-overview\">\n<h2>Descri\u00e7\u00e3o do produto<\/h2>\n<p>Material <strong>Sola em pele sint\u00e9tica<\/strong> Introdu\u00e7\u00e3o<\/p>\n<p>O nosso <strong>Autom\u00f3vel CouroSapatos C\u00e3o de servi\u00e7o<\/strong> Os materiais oferecem op\u00e7\u00f5es personaliz\u00e1veis em termos de espessura, cor e muito mais. Bem-vindo ao clique abaixo e contacte-nos imediatamente para explorar as infinitas possibilidades.<\/p>\n<p>  contactar-nos  <\/p>\n<p>Fabricado a partir de materiais de microfibra de alta qualidade, o nosso couro sint\u00e9tico de microfibra Ultrasuede de 0,7 mm \u00e9 a escolha perfeita para luvas de ciclismo. Equilibra flexibilidade e resist\u00eancia, oferecendo uma respirabilidade excecional e propriedades de absor\u00e7\u00e3o de humidade para manter as m\u00e3os frescas e secas durante passeios intensos.<\/p>\n<p>Quer se trate de um ciclista profissional ou de um ciclista de lazer, o couro em microfibra proporciona um conforto e uma prote\u00e7\u00e3o imbat\u00edveis. A sua elevada resist\u00eancia \u00e0 abras\u00e3o e aos rasg\u00f5es garante um desempenho duradouro, enquanto o design elegante confere um toque sofisticado a qualquer conjunto de ciclismo.<\/p>\n<\/section>\n<section id=\"specifications\">\n<h2>Par\u00e2metros t\u00e9cnicos<\/h2>\n<p>Material <strong>Caixas em pele sint\u00e9tica China<\/strong> Especifica\u00e7\u00e3o<\/p>\n<p><img decoding=\"async\" alt=\"0.7mm Ultrasuede Microfiber Faux Leather para Luvas de Ciclismo - Especifica\u00e7\u00e3o do Material\" class=\"product-image\" src=\"\/wp-content\/uploads\/2025\/08\/07mm-ultrasuede-microfiber-faux-leather-for-cycling-gloves--37881.jpg\"\/><\/p>\n<h3>Par\u00e2metros do produto<\/h3>\n<ul class=\"parameters-list\">\n<li><span class=\"param-name\">Material:<\/span> Microfibra + PU<\/li>\n<li><span class=\"param-name\">Cor:<\/span> Preto, cinzento, bege (cores personalizadas dispon\u00edveis)<\/li>\n<li><span class=\"param-name\">Espessura:<\/span> 0,6 mm, 0,7 mm, 0,8 mm, 1 mm<\/li>\n<li><span class=\"param-name\">Quantidade m\u00ednima de encomenda:<\/span> 300 metros lineares<\/li>\n<li><span class=\"param-name\">Comprimento do rolo:<\/span> 20-30m\/rolo<\/li>\n<li><span class=\"param-name\">Prazo de entrega:<\/span> 15-20 dias<\/li>\n<li><span class=\"param-name\">Largura:<\/span> 54\u2033, 137cm<\/li>\n<li><span class=\"param-name\">Capacidade de produ\u00e7\u00e3o:<\/span> 1.000.000 de metros por m\u00eas<\/li>\n<\/ul>\n<\/section>\n<section id=\"features\">\n<h2>Carater\u00edsticas do produto<\/h2>\n<div class=\"feature-item\">\n<img decoding=\"async\" alt=\"IntroducingWaterproof Leather Material Serviceour premium Aging Resistance Microfiber PU Leather Material, designed specifically for leather goods manufacturers seeking durability and elegance in their products\" class=\"feature-image left\" src=\"\/wp-content\/uploads\/2025\/08\/blue-color-aging-resistance-polyurethane-microfiber-leather-20402.jpg\"\/><\/p>\n<h3>Apresenta\u00e7\u00e3o <strong>Material de couro imperme\u00e1vel Servi\u00e7o<\/strong> our premium Aging Resistance Microfiber PU Leather Material, designed specifically for leather goods manufacturers seeking durability and elegance in their products<\/h3>\n<p>Apresenta\u00e7\u00e3o <strong>Material de couro imperme\u00e1vel Servi\u00e7o<\/strong> our premium Aging Resistance Microfiber PU Leather Material, designed specifically for leather goods manufacturers seeking durability and elegance in their products.<\/p>\n<div class=\"clear\"><\/div>\n<\/div>\n<div class=\"feature-item\">\n<img decoding=\"async\" alt=\"Crafted from high-quality microfiber, this PU leather combines the softness and comfort of natural leather with enhanced resistance to aging, ensuring your creations retain their beauty and strength over time\" class=\"feature-image left\" src=\"\/wp-content\/uploads\/2025\/08\/blue-color-aging-resistance-polyurethane-microfiber-leather-20403.jpg\"\/><\/p>\n<h3>Crafted from high-quality microfiber, this PU leather combines the softness and comfort of natural leather with enhanced resistance to aging, ensuring your creations retain their beauty and strength over time<\/h3>\n<p>Crafted from high-quality microfiber, this PU leather combines the softness and comfort of natural leather with enhanced resistance to aging, ensuring your creations retain their beauty and strength over time.<\/p>\n<div class=\"clear\"><\/div>\n<\/div>\n<div class=\"feature-item\">\n<img decoding=\"async\" alt=\"Suitable for a wide range of applications, our material is a versatile choice for bags, shoes, wallets, and more \" class=\"feature-image left\" src=\"\/wp-content\/uploads\/2025\/08\/blue-color-aging-resistance-polyurethane-microfiber-leather-20404.jpg\"\/><\/p>\n<h3>Suitable for a wide range of applications, our material is a versatile choice for bags, shoes, wallets, and more <\/h3>\n<p>Suitable for a wide range of applications, our material is a versatile choice for bags, shoes, wallets, and more . Material <strong>Personaliza\u00e7\u00e3o em pele sint\u00e9tica imperme\u00e1vel<\/strong> Microfiber PU Leather Brand Name WINIW Company Factory Wholesale Suede Microfiber ManufacturersWidth 54&#8243;;<\/p>\n<div class=\"clear\"><\/div>\n<\/div>\n<div class=\"feature-item\">\n<img decoding=\"async\" alt=\"1\" class=\"feature-image left\" src=\"\/wp-content\/uploads\/2025\/08\/blue-color-aging-resistance-polyurethane-microfiber-leather-20405.jpg\"\/><\/p>\n<h3>1<\/h3>\n<p>1.37m Cor Vermelho, Preto, Castanho, Verde, aceita personaliza\u00e7\u00e3o Carater\u00edstica Resistente ao desgaste, Imperme\u00e1vel, Anti-mofo, Flex\u00edvel Espessura 0.6mm-2.4mm, aceita personaliza\u00e7\u00e3o Local de origem China Personalizado Sim Prazo de entrega Normalmente dentro de 15 - 25 dias.<\/p>\n<div class=\"clear\"><\/div>\n<\/div>\n<div class=\"feature-item\">\n<img decoding=\"async\" alt=\"MOQ 300 metros Detalhes da embalagem 30\/50 metros por rolo\" class=\"feature-image left\" src=\"\/wp-content\/uploads\/2025\/08\/blue-color-aging-resistance-polyurethane-microfiber-leather-20406.jpg\"\/><\/p>\n<h3>MOQ 300 metros Detalhes da embalagem 30\/50 metros por rolo<\/h3>\n<p>MOQ 300 metros Detalhes da embalagem 30\/50 metros por rolo. Ou <strong>Leatherman falso \u00e0 prova de \u00e1gua<\/strong> customized Production Capacity 1,000,000 meters monthly Material Feature Our Aging Resistance Microfiber PU Leather Material stands out for its exceptional durability and resistance to wear and tear.<\/p>\n<div class=\"clear\"><\/div>\n<\/div>\n<div class=\"feature-item\">\n<h3>The microfiber base provides a robust foundation, while the PU coating enhances flexibility and water repellency<\/h3>\n<p>The microfiber base provides a robust foundation, while the PU coating enhances flexibility and water repellency. The leather&#8217;s aging resistance ensures it maintains its vibrant color and smooth texture, even with prolonged use and exposure to environmental elements.<\/p>\n<div class=\"clear\"><\/div>\n<\/div>\n<div class=\"feature-item\">\n<h3>Its soft touch and luxurious appearance make it an ideal choice for high-end leather goods, appealing to discerning consumers who value both style and longevity <\/h3>\n<p>Its soft touch and luxurious appearance make it an ideal choice for high-end leather goods, appealing to discerning consumers who value both style and longevity .<\/p>\n<div class=\"clear\"><\/div>\n<\/div>\n<div class=\"feature-item\">\n<img decoding=\"async\" alt=\"Alta resist\u00eancia \u00e0 rutura - Couro sint\u00e9tico de microfibra Ultrasuede para luvas de ciclismo\" class=\"feature-image left\" src=\"\/wp-content\/uploads\/2025\/08\/07mm-ultrasuede-microfiber-faux-leather-for-cycling-gloves--37882.jpg\"\/><\/p>\n<h3>Elevada resist\u00eancia ao rasgamento<\/h3>\n<p>O nosso couro de microfibra Ultrasuede possui uma resist\u00eancia excecional ao rasgamento, garantindo que n\u00e3o se parte ou deforma facilmente sob tens\u00e3o. Isto torna-a ideal para produtos que exigem durabilidade e desempenho a longo prazo.<\/p>\n<div class=\"clear\"><\/div>\n<\/div>\n<div class=\"feature-item\">\n<img decoding=\"async\" alt=\"Reten\u00e7\u00e3o da forma - Ultrasuede Microfibra Couro sint\u00e9tico para luvas de ciclismo\" class=\"feature-image right\" src=\"\/wp-content\/uploads\/2025\/08\/07mm-ultrasuede-microfiber-faux-leather-for-cycling-gloves--37883.jpg\"\/><\/p>\n<h3>N\u00e3o \u00e9 f\u00e1cil de deformar<\/h3>\n<p>Especialmente tratado para manter a sua forma original, este material oferece uma excelente elasticidade e estabilidade. Resiste \u00e0 deforma\u00e7\u00e3o por press\u00e3o externa ou estiramento, mantendo os produtos intactos e atractivos ao longo do tempo.<\/p>\n<div class=\"clear\"><\/div>\n<\/div>\n<div class=\"feature-item\">\n<img decoding=\"async\" alt=\"Durabilidade - Ultrasuede Microfibra Faux Leather para luvas de ciclismo\" class=\"feature-image left\" src=\"\/wp-content\/uploads\/2025\/08\/07mm-ultrasuede-microfiber-faux-leather-for-cycling-gloves--37884.jpg\"\/><\/p>\n<h3>Durabilidade<\/h3>\n<p>Extremamente resistente \u00e0 abras\u00e3o, aos rasg\u00f5es e aos furos, este material garante que as luvas se mant\u00eam em \u00f3ptimas condi\u00e7\u00f5es, mesmo com uma utiliza\u00e7\u00e3o prolongada. Mant\u00e9m tamb\u00e9m uma excelente destreza e for\u00e7a para artigos de couro de alta qualidade.<\/p>\n<div class=\"clear\"><\/div>\n<\/div>\n<\/section>\n<p><\/main><\/p>\n<section id=\"inquiry\">\n<h2 style=\"text-align: center;\">Sinceramente \u00e0 espera do seu inqu\u00e9rito!<\/h2>\n<p style=\"text-align: center;\">Contacte-nos hoje para saber mais sobre os nossos produtos e fazer a sua encomenda.<\/p>\n<\/section>\n\n    <div class=\"xs_social_share_widget xs_share_url after_content \t\tmain_content  wslu-style-1 wslu-share-box-shaped wslu-fill-colored wslu-none wslu-share-horizontal wslu-theme-font-no wslu-main_content\">\n\n\t\t\n        <ul>\n\t\t\t        <\/ul>\n    <\/div>","protected":false},"excerpt":{"rendered":"<div class=\"product-short-description\">Microfiber pu Leather Blue Color Aging Resistance polyurethane Microfiber Leather WINIW Blue Color Aging Resistance polyurethane Microfiber Leather Key features include Microfiber PU Leather, WINIW, Width.Ideal for those seeking quality and reliability.<\/p>\n<p>Como f\u00e1brica direta, fabricante e grossista, podemos controlar rigorosamente o processo de produ\u00e7\u00e3o para garantir a qualidade do produto, proporcionando-lhe os pre\u00e7os mais favor\u00e1veis. Dispomos de equipamento de produ\u00e7\u00e3o avan\u00e7ado e de uma equipa t\u00e9cnica profissional para satisfazer as suas necessidades de encomendas em grande escala e garantir uma entrega atempada.<\/p>\n<\/div>","protected":false},"featured_media":2359,"template":"","meta":[],"product_brand":[],"product_cat":[114],"product_tag":[18408],"class_list":{"0":"post-27896","1":"product","2":"type-product","3":"status-publish","4":"has-post-thumbnail","6":"product_cat-microfiber-pu-leather","7":"product_tag-microfiber-leather-sectionalmicrofiber-leather-shoeswiniw-microfiber-leatheris-microfiber-leathermicrofiber-leather-basketballmicrofiber-leather-cleaner","9":"first","10":"instock","11":"product-type-simple"},"_links":{"self":[{"href":"https:\/\/www.eco-leather.com\/pt\/wp-json\/wp\/v2\/product\/27896","targetHints":{"allow":["GET"]}}],"collection":[{"href":"https:\/\/www.eco-leather.com\/pt\/wp-json\/wp\/v2\/product"}],"about":[{"href":"https:\/\/www.eco-leather.com\/pt\/wp-json\/wp\/v2\/types\/product"}],"wp:featuredmedia":[{"embeddable":true,"href":"https:\/\/www.eco-leather.com\/pt\/wp-json\/wp\/v2\/media\/2359"}],"wp:attachment":[{"href":"https:\/\/www.eco-leather.com\/pt\/wp-json\/wp\/v2\/media?parent=27896"}],"wp:term":[{"taxonomy":"product_brand","embeddable":true,"href":"https:\/\/www.eco-leather.com\/pt\/wp-json\/wp\/v2\/product_brand?post=27896"},{"taxonomy":"product_cat","embeddable":true,"href":"https:\/\/www.eco-leather.com\/pt\/wp-json\/wp\/v2\/product_cat?post=27896"},{"taxonomy":"product_tag","embeddable":true,"href":"https:\/\/www.eco-leather.com\/pt\/wp-json\/wp\/v2\/product_tag?post=27896"}],"curies":[{"name":"wp","href":"https:\/\/api.w.org\/{rel}","templated":true}]}}