{"id":27882,"date":"2025-09-07T10:49:29","date_gmt":"2025-09-07T02:49:29","guid":{"rendered":"https:\/\/www.eco-leather.com\/product\/crack-resistant-microfiber-pu-leather-fabric-durable-synthetic-leatherette\/"},"modified":"2025-09-07T10:49:32","modified_gmt":"2025-09-07T02:49:32","slug":"crack-resistant-microfiber-pu-leather-fabric-durable-synthetic-leatherette","status":"publish","type":"product","link":"https:\/\/www.eco-leather.com\/pt\/crack-resistant-microfiber-pu-leather-fabric-durable-synthetic-leatherette\/","title":{"rendered":"Microfibra resistente a fissuras Tecido de couro PU Couro sint\u00e9tico dur\u00e1vel"},"content":{"rendered":"<h2>Couro ecol\u00f3gico autoadesivo Couro PU<\/h2>\n<p><main><\/p>\n<section id=\"product-overview\">\n<h2>Descri\u00e7\u00e3o do produto<\/h2>\n<p>Material <strong>Tecido imperme\u00e1vel para sof\u00e1s<\/strong> Introdu\u00e7\u00e3o<\/p>\n<p>Os seus <strong>Autom\u00f3vel CouroSapatos C\u00e3o de servi\u00e7o<\/strong> eco-friendly composition meets global safety standards, making it a sustainable alternative to traditional leather. Lightweight, water-resistant, and easy to clean, it s ideal for mass production of bags, footwear, and accessories.<\/p>\n<p>With versatile textures and colors, this fabric delivers luxury without compromise, tailored for businesses prioritizing cost-efficiency and environmental responsibility . Our <strong>Caixas em pele sint\u00e9tica China<\/strong> Os materiais oferecem op\u00e7\u00f5es personaliz\u00e1veis em termos de espessura, cor e muito mais.<\/p>\n<p>Bem-vindo ao clique abaixo e contacte-nos imediatamente para explorar as infinitas possibilidades. contacte-nos  <\/p>\n<p>Fabricado a partir de materiais de microfibra de alta qualidade, o nosso couro sint\u00e9tico de microfibra Ultrasuede de 0,7 mm \u00e9 a escolha perfeita para luvas de ciclismo. Equilibra flexibilidade e resist\u00eancia, oferecendo uma respirabilidade excecional e propriedades de absor\u00e7\u00e3o de humidade para manter as m\u00e3os frescas e secas durante passeios intensos.<\/p>\n<p>Quer se trate de um ciclista profissional ou de um ciclista de lazer, o couro em microfibra proporciona um conforto e uma prote\u00e7\u00e3o imbat\u00edveis. A sua elevada resist\u00eancia \u00e0 abras\u00e3o e aos rasg\u00f5es garante um desempenho duradouro, enquanto o design elegante confere um toque sofisticado a qualquer conjunto de ciclismo.<\/p>\n<\/section>\n<section id=\"specifications\">\n<h2>Par\u00e2metros t\u00e9cnicos<\/h2>\n<p>Especifica\u00e7\u00e3o do material<\/p>\n<p><img decoding=\"async\" alt=\"0.7mm Ultrasuede Microfiber Faux Leather para Luvas de Ciclismo - Especifica\u00e7\u00e3o do Material\" class=\"product-image\" src=\"\/wp-content\/uploads\/2025\/08\/07mm-ultrasuede-microfiber-faux-leather-for-cycling-gloves--37881.jpg\"\/><\/p>\n<h3>Par\u00e2metros do produto<\/h3>\n<ul class=\"parameters-list\">\n<li><span class=\"param-name\">Material:<\/span> Microfibra + PU<\/li>\n<li><span class=\"param-name\">Cor:<\/span> Preto, cinzento, bege (cores personalizadas dispon\u00edveis)<\/li>\n<li><span class=\"param-name\">Espessura:<\/span> 0,6 mm, 0,7 mm, 0,8 mm, 1 mm<\/li>\n<li><span class=\"param-name\">Quantidade m\u00ednima de encomenda:<\/span> 300 metros lineares<\/li>\n<li><span class=\"param-name\">Comprimento do rolo:<\/span> 20-30m\/rolo<\/li>\n<li><span class=\"param-name\">Prazo de entrega:<\/span> 15-20 dias<\/li>\n<li><span class=\"param-name\">Largura:<\/span> 54\u2033, 137cm<\/li>\n<li><span class=\"param-name\">Capacidade de produ\u00e7\u00e3o:<\/span> 1.000.000 de metros por m\u00eas<\/li>\n<\/ul>\n<\/section>\n<section id=\"features\">\n<h2>Carater\u00edsticas do produto<\/h2>\n<div class=\"feature-item\">\n<img decoding=\"async\" alt=\"WINIWWaterproof Leather Fabric OdmhsasCompany Factory Wholesale Vegan Leather ManufacturersCrack-Resistant Microfiber PU Leather Fabric combines premium durability with a leather-like aesthetic, designed for manufacturers of high-quality leather goods\" class=\"feature-image left\" src=\"\/wp-content\/uploads\/2025\/08\/crack-resistant-microfiber-pu-leather-fabric-durable-synthetic-leatherette-20276.jpg\"\/><\/p>\n<h3>WINIW <strong>Couro imperme\u00e1vel Tecido Odmhsas<\/strong> Company Factory Wholesale Vegan Leather ManufacturersCrack-Resistant Microfiber PU Leather Fabric combines premium durability with a leather-like aesthetic, designed for manufacturers of high-quality leather goods<\/h3>\n<p>WINIW <strong>Couro imperme\u00e1vel Tecido Odmhsas<\/strong> Company Factory Wholesale Vegan Leather ManufacturersCrack-Resistant Microfiber PU Leather Fabric combines premium durability with a leather-like aesthetic, designed for manufacturers of high-quality leather goods.<\/p>\n<div class=\"clear\"><\/div>\n<\/div>\n<div class=\"feature-item\">\n<img decoding=\"async\" alt=\"Crafted with advanced microfiber technology, this synthetic leatherette resists cracking, peeling, and fading even under heavy use, ensuring long-lasting performance\" class=\"feature-image left\" src=\"\/wp-content\/uploads\/2025\/08\/crack-resistant-microfiber-pu-leather-fabric-durable-synthetic-leatherette-20277.jpg\"\/><\/p>\n<h3>Crafted with advanced microfiber technology, this synthetic leatherette resists cracking, peeling, and fading even under heavy use, ensuring long-lasting performance<\/h3>\n<p>Crafted with advanced microfiber technology, this synthetic leatherette resists cracking, peeling, and fading even under heavy use, ensuring long-lasting performance. Material <strong>Tecido para sof\u00e1 dur\u00e1vel Trader<\/strong> Couro PU de microfibra Nome da marca WINIW Company F\u00e1brica de fabricantes de couro vegano por atacadoLargura 54 \u2033;<\/p>\n<div class=\"clear\"><\/div>\n<\/div>\n<div class=\"feature-item\">\n<img decoding=\"async\" alt=\"1\" class=\"feature-image left\" src=\"\/wp-content\/uploads\/2025\/08\/crack-resistant-microfiber-pu-leather-fabric-durable-synthetic-leatherette-20278.jpg\"\/><\/p>\n<h3>1<\/h3>\n<p>1.37m Cor Vermelho, Preto, Castanho, Verde, aceita personaliza\u00e7\u00e3o Carater\u00edstica Resistente ao desgaste, Imperme\u00e1vel, Anti-mofo, Flex\u00edvel Espessura 0.6mm-2.4mm, aceita personaliza\u00e7\u00e3o Local de origem China Personalizado Sim Prazo de entrega Normalmente dentro de 15 - 25 dias.<\/p>\n<div class=\"clear\"><\/div>\n<\/div>\n<div class=\"feature-item\">\n<img decoding=\"async\" alt=\"MOQSuede Leather Waterproof Spray300 metros Detalhes da embalagem 30\/50 metros por rolo\" class=\"feature-image left\" src=\"\/wp-content\/uploads\/2025\/08\/crack-resistant-microfiber-pu-leather-fabric-durable-synthetic-leatherette-20279.jpg\"\/><\/p>\n<h3>MOQ <strong>Spray imperme\u00e1vel para couro de camur\u00e7a<\/strong> 300 metros Detalhes da embalagem 30\/50 metros por rolo<\/h3>\n<p>MOQ <strong>Spray imperme\u00e1vel para couro de camur\u00e7a<\/strong> 300 metros Detalhes da embalagem 30\/50 metros por rolo. Ou personalizado Capacidade de produ\u00e7\u00e3o 1.000.000 metros mensais Carater\u00edstica do material<\/p>\n<div class=\"clear\"><\/div>\n<\/div>\n<div class=\"feature-item\">\n<img decoding=\"async\" alt=\"Alta resist\u00eancia \u00e0 rutura - Couro sint\u00e9tico de microfibra Ultrasuede para luvas de ciclismo\" class=\"feature-image left\" src=\"\/wp-content\/uploads\/2025\/08\/07mm-ultrasuede-microfiber-faux-leather-for-cycling-gloves--37882.jpg\"\/><\/p>\n<h3>Elevada resist\u00eancia ao rasgamento<\/h3>\n<p>O nosso couro de microfibra Ultrasuede possui uma resist\u00eancia excecional ao rasgamento, garantindo que n\u00e3o se parte ou deforma facilmente sob tens\u00e3o. Isto torna-a ideal para produtos que exigem durabilidade e desempenho a longo prazo.<\/p>\n<div class=\"clear\"><\/div>\n<\/div>\n<div class=\"feature-item\">\n<img decoding=\"async\" alt=\"Reten\u00e7\u00e3o da forma - Ultrasuede Microfibra Couro sint\u00e9tico para luvas de ciclismo\" class=\"feature-image right\" src=\"\/wp-content\/uploads\/2025\/08\/07mm-ultrasuede-microfiber-faux-leather-for-cycling-gloves--37883.jpg\"\/><\/p>\n<h3>N\u00e3o \u00e9 f\u00e1cil de deformar<\/h3>\n<p>Especialmente tratado para manter a sua forma original, este material oferece uma excelente elasticidade e estabilidade. Resiste \u00e0 deforma\u00e7\u00e3o por press\u00e3o externa ou estiramento, mantendo os produtos intactos e atractivos ao longo do tempo.<\/p>\n<div class=\"clear\"><\/div>\n<\/div>\n<div class=\"feature-item\">\n<img decoding=\"async\" alt=\"Durabilidade - Ultrasuede Microfibra Faux Leather para luvas de ciclismo\" class=\"feature-image left\" src=\"\/wp-content\/uploads\/2025\/08\/07mm-ultrasuede-microfiber-faux-leather-for-cycling-gloves--37884.jpg\"\/><\/p>\n<h3>Durabilidade<\/h3>\n<p>Extremamente resistente \u00e0 abras\u00e3o, aos rasg\u00f5es e aos furos, este material garante que as luvas se mant\u00eam em \u00f3ptimas condi\u00e7\u00f5es, mesmo com uma utiliza\u00e7\u00e3o prolongada. Mant\u00e9m tamb\u00e9m uma excelente destreza e for\u00e7a para artigos de couro de alta qualidade.<\/p>\n<div class=\"clear\"><\/div>\n<\/div>\n<\/section>\n<p><\/main><\/p>\n<section id=\"inquiry\">\n<h2 style=\"text-align: center;\">Sinceramente \u00e0 espera do seu inqu\u00e9rito!<\/h2>\n<p style=\"text-align: center;\">Contacte-nos hoje para saber mais sobre os nossos produtos e fazer a sua encomenda.<\/p>\n<\/section>\n\n    <div class=\"xs_social_share_widget xs_share_url after_content \t\tmain_content  wslu-style-1 wslu-share-box-shaped wslu-fill-colored wslu-none wslu-share-horizontal wslu-theme-font-no wslu-main_content\">\n\n\t\t\n        <ul>\n\t\t\t        <\/ul>\n    <\/div>","protected":false},"excerpt":{"rendered":"<div class=\"product-short-description\">Microfiber pu Leather Crack-Resistant Microfiber PU Leather Fabric Durable Synthetic Leatherette WINIW Crack-Resistant Microfiber PU Leather Fabric Durable Synthetic Leatherette Key features include Microfiber PU Leather, WINIW, Width.Ideal for those seeking quality and reliability.<\/p>\n<p>Como f\u00e1brica direta, fabricante e grossista, podemos controlar rigorosamente o processo de produ\u00e7\u00e3o para garantir a qualidade do produto, proporcionando-lhe os pre\u00e7os mais favor\u00e1veis. Dispomos de equipamento de produ\u00e7\u00e3o avan\u00e7ado e de uma equipa t\u00e9cnica profissional para satisfazer as suas necessidades de encomendas em grande escala e garantir uma entrega atempada.<\/p>\n<\/div>","protected":false},"featured_media":2293,"template":"","meta":[],"product_brand":[],"product_cat":[114],"product_tag":[18398],"class_list":{"0":"post-27882","1":"product","2":"type-product","3":"status-publish","4":"has-post-thumbnail","6":"product_cat-microfiber-pu-leather","7":"product_tag-leather-fabricleather-fabric-materialfaux-leather-fabricimitation-leather-fabricartificial-leather-fabricsynthetic-leather-fabric","9":"first","10":"instock","11":"product-type-simple"},"_links":{"self":[{"href":"https:\/\/www.eco-leather.com\/pt\/wp-json\/wp\/v2\/product\/27882","targetHints":{"allow":["GET"]}}],"collection":[{"href":"https:\/\/www.eco-leather.com\/pt\/wp-json\/wp\/v2\/product"}],"about":[{"href":"https:\/\/www.eco-leather.com\/pt\/wp-json\/wp\/v2\/types\/product"}],"wp:featuredmedia":[{"embeddable":true,"href":"https:\/\/www.eco-leather.com\/pt\/wp-json\/wp\/v2\/media\/2293"}],"wp:attachment":[{"href":"https:\/\/www.eco-leather.com\/pt\/wp-json\/wp\/v2\/media?parent=27882"}],"wp:term":[{"taxonomy":"product_brand","embeddable":true,"href":"https:\/\/www.eco-leather.com\/pt\/wp-json\/wp\/v2\/product_brand?post=27882"},{"taxonomy":"product_cat","embeddable":true,"href":"https:\/\/www.eco-leather.com\/pt\/wp-json\/wp\/v2\/product_cat?post=27882"},{"taxonomy":"product_tag","embeddable":true,"href":"https:\/\/www.eco-leather.com\/pt\/wp-json\/wp\/v2\/product_tag?post=27882"}],"curies":[{"name":"wp","href":"https:\/\/api.w.org\/{rel}","templated":true}]}}