{"id":59023,"date":"2026-02-27T10:24:27","date_gmt":"2026-02-27T02:24:27","guid":{"rendered":"https:\/\/www.eco-leather.com\/?post_type=product&#038;p=59023"},"modified":"2026-02-27T10:27:29","modified_gmt":"2026-02-27T02:27:29","slug":"long-service-life-pu-leather-for-safety-shoes-upper","status":"publish","type":"product","link":"https:\/\/www.eco-leather.com\/pl\/long-service-life-pu-leather-for-safety-shoes-upper\/","title":{"rendered":"Long Service Life PU Leather For Safety Shoes Upper"},"content":{"rendered":"<p style=\"text-align: center;\"><span style=\"font-size: 40px; font-family: georgia, palatino, serif; color: #c49060;\"><em><strong><b><span style=\"vertical-align: inherit;\"><span style=\"font-size: 40px;\">produkt de<\/span>opis<\/span><\/b><\/strong><\/em><\/span><\/p>\n<hr \/>\n<div>\n<div class=\"ace-line\" dir=\"auto\" data-node=\"true\">\n<div class=\"ace-line\" dir=\"auto\" data-node=\"true\">\n<div class=\"ace-line\" dir=\"auto\" data-node=\"true\">\n<div class=\"ace-line\" dir=\"auto\" data-node=\"true\">\n<p>&nbsp;<\/p>\n<\/div>\n<\/div>\n<\/div>\n<\/div>\n<div class=\"auto-hide-last-sibling-br paragraph-pP9ZLC paragraph-element br-paragraph-space\">WINIW\u2019s Solid Color PU Imitation Leather is a premium choice for safety shoe manufacturers seeking a combination of aesthetic appeal and functional performance. Available in a range of uniform, vibrant solid colors\u2014from classic black and brown to industrial gray and navy\u2014this PU leather offers a sleek, consistent finish that enhances the visual appeal of safety shoes. Crafted with high-quality polyurethane resins, it delivers excellent scratch resistance and color fastness, retaining its vibrant hue even after prolonged exposure to sunlight, water, and daily wear.<\/div>\n<div><\/div>\n<div class=\"auto-hide-last-sibling-br paragraph-pP9ZLC paragraph-element br-paragraph-space\">The material is lightweight, flexible, and easy to process, compatible with cutting, embossing, and stitching techniques to create diverse safety shoe designs. WINIW\u2019s solid color PU imitation leather is also eco-friendly, free from harmful chemicals, and meets OEKO-TEX\u00ae Standard 100 requirements. It balances style and safety, making it suitable for both industrial workplaces and professional settings where appearance matters as much as performance.<\/div>\n<p class=\"wmn-title-pink\" style=\"text-align: center;\"><span style=\"color: #c49060;\"><span style=\"background-color: #ffffff; font-size: 40px;\"><strong><em><span style=\"vertical-align: inherit;\">par<\/span><\/em><\/strong><\/span><span style=\"background-color: #ffffff; font-size: 40px;\"><strong><em><span style=\"vertical-align: inherit;\">amperomierz<\/span><\/em><\/strong><\/span><\/span><\/p>\n<hr \/>\n<\/div>\n<div class=\"nei-table\">\n<p>&nbsp;<\/p>\n<table class=\"aligncenter\" style=\"height: 283px;\" width=\"1008\">\n<tbody>\n<tr>\n<td><span style=\"font-family: arial, helvetica, sans-serif; font-size: 20px;\"><span style=\"vertical-align: inherit;\">Materia\u0142:<\/span><\/span><\/td>\n<td><span style=\"font-family: arial, helvetica, sans-serif; font-size: 20px;\">100% syntetyczny, przyjazny dla zwierz\u0105t, niesk\u00f3rzany materia\u0142.<\/span><\/td>\n<td><span style=\"font-family: arial, helvetica, sans-serif; font-size: 20px;\"><span style=\"vertical-align: inherit;\">kolor:<\/span><\/span><\/td>\n<td><span style=\"font-family: arial, helvetica, sans-serif; font-size: 20px;\">dostosuj kolory.<\/span><\/td>\n<\/tr>\n<tr>\n<td><span style=\"font-family: arial, helvetica, sans-serif; font-size: 20px;\"><span style=\"vertical-align: inherit;\">Grubo\u015b\u0107\uff1a<\/span><\/span><\/td>\n<td><span style=\"font-family: arial, helvetica, sans-serif; font-size: 20px;\">0,4 mm-0,6 mm lub niestandardowa grubo\u015b\u0107.<\/span><\/td>\n<td><span style=\"font-family: arial, helvetica, sans-serif; font-size: 20px;\"><span style=\"vertical-align: inherit;\">Minimalna ilo\u015b\u0107 zam\u00f3wienia:<\/span><\/span><\/td>\n<td><span style=\"font-family: arial, helvetica, sans-serif; font-size: 20px;\"><span style=\"vertical-align: inherit;\">300 metr\u00f3w bie\u017c\u0105cych.<\/span><\/span><\/td>\n<\/tr>\n<tr>\n<td><span style=\"font-family: arial, helvetica, sans-serif; font-size: 20px;\"><span style=\"vertical-align: inherit;\">Roll Len<span style=\"font-family: arial, helvetica, sans-serif;\">gth:<\/span><\/span><\/span><\/td>\n<td><span style=\"font-family: arial, helvetica, sans-serif; font-size: 20px;\">20-30 m\/rolka<\/span><\/td>\n<td><span style=\"font-family: arial, helvetica, sans-serif; font-size: 20px;\"><span style=\"vertical-align: inherit;\">czas dostawy:<\/span><\/span><\/td>\n<td><span style=\"font-family: arial, helvetica, sans-serif; font-size: 20px;\"><span style=\"vertical-align: inherit;\">15-20 dni.<\/span><\/span><\/td>\n<\/tr>\n<tr>\n<td><span style=\"font-family: arial, helvetica, sans-serif; font-size: 20px;\"><span style=\"vertical-align: inherit;\">szeroko\u015b\u0107:<\/span><\/span><\/td>\n<td><span style=\"font-family: arial, helvetica, sans-serif; font-size: 20px;\">54\", 137 cm<\/span><\/td>\n<td><span style=\"font-family: arial, helvetica, sans-serif; font-size: 20px;\"><span style=\"vertical-align: inherit;\">Zdolno\u015b\u0107 produkcyjna:<\/span><\/span><\/td>\n<td><span style=\"font-family: arial, helvetica, sans-serif; font-size: 20px;\"><span style=\"vertical-align: inherit;\">1 000 000 metr\u00f3w miesi\u0119cznie.<\/span><\/span><\/td>\n<\/tr>\n<\/tbody>\n<\/table>\n<\/div>\n<div>\n<p style=\"text-align: center;\"><span style=\"font-size: 40px; color: #c49060;\"><em><strong><b><span style=\"vertical-align: inherit;\">Szczeg\u00f3\u0142y i funkcje produktu<\/span><\/b><\/strong><\/em><\/span><\/p>\n<hr \/>\n<\/div>\n<div class=\"wmn-template-17\">\n<div class=\"ace-line list-div\" dir=\"auto\" data-node=\"true\"><\/div>\n<div class=\"auto-hide-last-sibling-br paragraph-pP9ZLC paragraph-element br-paragraph-space\">\n<div class=\"auto-hide-last-sibling-br paragraph-pP9ZLC paragraph-element br-paragraph-space\">\n<div class=\"auto-hide-last-sibling-br paragraph-pP9ZLC paragraph-element br-paragraph-space\">\n<h3 class=\"header-iWP5WJ auto-hide-last-sibling-br\">1. Uniform &amp; Long-Lasting Color Fastness<\/h3>\n<div class=\"auto-hide-last-sibling-br paragraph-pP9ZLC paragraph-element br-paragraph-space\">The advanced dyeing process ensures 100% color uniformity across every batch, with no streaks or fading. The color resists UV radiation and repeated cleaning, maintaining a fresh, professional look for safety shoes over their entire service life.<\/div>\n<h3 class=\"header-iWP5WJ auto-hide-last-sibling-br\">2. Customizable Aesthetic Options<\/h3>\n<div class=\"auto-hide-last-sibling-br paragraph-pP9ZLC paragraph-element br-paragraph-space\">Offered in 15+ standard solid colors and customizable shades, it allows safety shoe brands to align with corporate identities or market trends. The smooth surface is also suitable for embossing logos or safety certifications, enhancing brand recognition.<\/div>\n<h3 class=\"header-iWP5WJ auto-hide-last-sibling-br\">3. Lightweight &amp; User-Friendly Design<\/h3>\n<div class=\"auto-hide-last-sibling-br paragraph-pP9ZLC paragraph-element br-paragraph-space\">Weighing 30% less than traditional genuine leather, this PU imitation leather reduces the overall weight of safety shoes, minimizing foot fatigue during long shifts. Its flexible texture ensures a comfortable fit, while its scratch-resistant surface keeps shoes looking new with minimal maintenance.<\/div>\n<\/div>\n<\/div>\n<\/div>\n<p class=\"wmn-title-pink\" style=\"text-align: center;\"><span style=\"font-size: 40px; color: #c49060;\"><em><strong><span style=\"vertical-align: inherit;\">wykorzystanie<\/span><\/strong><\/em><\/span><\/p>\n<hr \/>\n<\/div>\n<p>&nbsp;<\/p>\n<p><img fetchpriority=\"high\" decoding=\"async\" class=\"wp-image-29983 aligncenter\" src=\"https:\/\/www.eco-leather.com\/wp-content\/uploads\/2025\/10\/Microfiber-Leather-for-Safety-Shoes-2-238x300.jpg\" alt=\"\" width=\"608\" height=\"766\" srcset=\"https:\/\/www.eco-leather.com\/wp-content\/uploads\/2025\/10\/Microfiber-Leather-for-Safety-Shoes-2-238x300.jpg 238w, https:\/\/www.eco-leather.com\/wp-content\/uploads\/2025\/10\/Microfiber-Leather-for-Safety-Shoes-2-10x12.jpg 10w, https:\/\/www.eco-leather.com\/wp-content\/uploads\/2025\/10\/Microfiber-Leather-for-Safety-Shoes-2-600x757.jpg 600w, https:\/\/www.eco-leather.com\/wp-content\/uploads\/2025\/10\/Microfiber-Leather-for-Safety-Shoes-2.jpg 750w\" sizes=\"(max-width: 608px) 100vw, 608px\" \/> <img decoding=\"async\" class=\"wp-image-29984 aligncenter\" src=\"https:\/\/www.eco-leather.com\/wp-content\/uploads\/2025\/10\/Microfiber-Leather-for-Safety-Shoes-3-218x300.jpg\" alt=\"\" width=\"610\" height=\"839\" srcset=\"https:\/\/www.eco-leather.com\/wp-content\/uploads\/2025\/10\/Microfiber-Leather-for-Safety-Shoes-3-218x300.jpg 218w, https:\/\/www.eco-leather.com\/wp-content\/uploads\/2025\/10\/Microfiber-Leather-for-Safety-Shoes-3-745x1024.jpg 745w, https:\/\/www.eco-leather.com\/wp-content\/uploads\/2025\/10\/Microfiber-Leather-for-Safety-Shoes-3-9x12.jpg 9w, https:\/\/www.eco-leather.com\/wp-content\/uploads\/2025\/10\/Microfiber-Leather-for-Safety-Shoes-3-600x825.jpg 600w, https:\/\/www.eco-leather.com\/wp-content\/uploads\/2025\/10\/Microfiber-Leather-for-Safety-Shoes-3.jpg 750w\" sizes=\"(max-width: 610px) 100vw, 610px\" \/> <img decoding=\"async\" class=\"wp-image-29987 aligncenter\" src=\"https:\/\/www.eco-leather.com\/wp-content\/uploads\/2025\/10\/Microfiber-Leather-for-Safety-Shoes-12-270x300.jpg\" alt=\"\" width=\"611\" height=\"679\" srcset=\"https:\/\/www.eco-leather.com\/wp-content\/uploads\/2025\/10\/Microfiber-Leather-for-Safety-Shoes-12-270x300.jpg 270w, https:\/\/www.eco-leather.com\/wp-content\/uploads\/2025\/10\/Microfiber-Leather-for-Safety-Shoes-12-11x12.jpg 11w, https:\/\/www.eco-leather.com\/wp-content\/uploads\/2025\/10\/Microfiber-Leather-for-Safety-Shoes-12-600x666.jpg 600w, https:\/\/www.eco-leather.com\/wp-content\/uploads\/2025\/10\/Microfiber-Leather-for-Safety-Shoes-12.jpg 750w\" sizes=\"(max-width: 611px) 100vw, 611px\" \/> <img loading=\"lazy\" decoding=\"async\" class=\"wp-image-29986 aligncenter\" src=\"https:\/\/www.eco-leather.com\/wp-content\/uploads\/2025\/10\/Microfiber-Leather-for-Safety-Shoes-7-187x300.jpg\" alt=\"\" width=\"614\" height=\"985\" srcset=\"https:\/\/www.eco-leather.com\/wp-content\/uploads\/2025\/10\/Microfiber-Leather-for-Safety-Shoes-7-187x300.jpg 187w, https:\/\/www.eco-leather.com\/wp-content\/uploads\/2025\/10\/Microfiber-Leather-for-Safety-Shoes-7-639x1024.jpg 639w, https:\/\/www.eco-leather.com\/wp-content\/uploads\/2025\/10\/Microfiber-Leather-for-Safety-Shoes-7-7x12.jpg 7w, https:\/\/www.eco-leather.com\/wp-content\/uploads\/2025\/10\/Microfiber-Leather-for-Safety-Shoes-7-600x962.jpg 600w, https:\/\/www.eco-leather.com\/wp-content\/uploads\/2025\/10\/Microfiber-Leather-for-Safety-Shoes-7.jpg 750w\" sizes=\"(max-width: 614px) 100vw, 614px\" \/><\/p>\n<p>&nbsp;<\/p>\n<p>&nbsp;<\/p>\n<p style=\"text-align: center;\"><a href=\"https:\/\/www.synthetic-leather.com\/product-category\/product\/\" target=\"_blank\" rel=\"noopener\"><span style=\"font-family: arial, helvetica, sans-serif; font-size: 20px; color: #0000ff;\"><strong>Wiele innych niestandardowych kolor\u00f3w czeka na Twoje zapytanie!<\/strong><\/span><\/a><\/p>\n<p>&nbsp;<\/p>\n<p style=\"text-align: center;\"><span style=\"color: #c49060;\"><em><span style=\"font-size: 40px;\"><strong><b><span style=\"vertical-align: inherit;\">Dlaczego warto wybra\u0107 WINIW<\/span><\/b><\/strong><\/span><\/em><\/span><\/p>\n<hr \/>\n<p style=\"text-align: center;\"><span style=\"font-family: arial, helvetica, sans-serif; font-size: 20px; color: #ff6600;\"><strong>WINIW Wega\u0144ska sk\u00f3ra na bazie ro\u015blin z serii SK do produkcji materia\u0142\u00f3w na siedzenia samochodowe\u00a0<\/strong><\/span><\/p>\n<p>&nbsp;<\/p>\n<p id=\"\"><span style=\"font-family: arial, helvetica, sans-serif;\">WINIW specjalizuje si\u0119 w opracowywaniu i produkcji ekologicznej sk\u00f3ry wega\u0144skiej na bazie ro\u015blin, zobowi\u0105zuj\u0105c si\u0119 do dostarczania wysokiej jako\u015bci, zr\u00f3wnowa\u017conych rozwi\u0105za\u0144 materia\u0142owych o niskiej emisji LZO dla bran\u017cy wn\u0119trz samochodowych. Nasza sk\u00f3ra z serii SK zdoby\u0142a zaufanie wielu wysokiej klasy producent\u00f3w samochod\u00f3w na ca\u0142ym \u015bwiecie ze wzgl\u0119du na jej wyj\u0105tkow\u0105 ekologiczno\u015b\u0107 i trwa\u0142o\u015b\u0107.<\/span><\/p>\n<p><span style=\"font-family: arial, helvetica, sans-serif; color: #0000ff;\"><strong><b>Zapewnienie jako\u015bci<\/b><\/strong><\/span><\/p>\n<p><span style=\"font-family: arial, helvetica, sans-serif;\">Aby zapewni\u0107 jako\u015b\u0107 naszych produkt\u00f3w, przyj\u0119li\u015bmy rygorystyczne \u015brodki kontroli jako\u015bci i kompleksowe zarz\u0105dzanie naszym \u0142a\u0144cuchem produkcji i dostaw. Od pozyskiwania surowc\u00f3w, monitorowania procesu produkcji, po testowanie i kontrol\u0119 produkt\u00f3w, zawsze koncentrujemy si\u0119 na interesach naszych klient\u00f3w i dzia\u0142amy w \u015bcis\u0142ej zgodno\u015bci z wymogami systemu zarz\u0105dzania jako\u015bci\u0105 ISO9001.<\/span><\/p>\n<p><span style=\"font-family: arial, helvetica, sans-serif; color: #0000ff;\"><strong><b>Profesjonalny zesp\u00f3\u0142 techniczny<\/b><\/strong><\/span><\/p>\n<p><span style=\"font-family: arial, helvetica, sans-serif;\">WINIW posiada wyspecjalizowany zesp\u00f3\u0142 techniczny, kt\u00f3ry koncentruje si\u0119 na dostarczaniu wysokiej jako\u015bci produkt\u00f3w i us\u0142ug. Ten zesp\u00f3\u0142 techniczny sk\u0142ada si\u0119 z do\u015bwiadczonych profesjonalist\u00f3w, kt\u00f3rzy specjalizuj\u0105 si\u0119 w r\u00f3\u017cnych dziedzinach technicznych i s\u0105 w stanie zaspokoi\u0107 potrzeby naszych klient\u00f3w.<\/span><\/p>\n<p><span style=\"font-family: arial, helvetica, sans-serif; color: #0000ff;\"><strong><b>Szeroki zakres zastosowa\u0144<\/b><\/strong><\/span><\/p>\n<p><span style=\"font-family: arial, helvetica, sans-serif;\">Produkty te s\u0105 szeroko stosowane w obuwiu, odzie\u017cy, baga\u017cu, wn\u0119trzach samochodowych, meblach wypoczynkowych i innych dziedzinach.<\/span><\/p>\n<p><span style=\"font-family: arial, helvetica, sans-serif; color: #0000ff;\"><strong><b>Us\u0142ugi niestandardowe<\/b><\/strong><\/span><\/p>\n<p><span style=\"font-family: arial, helvetica, sans-serif;\">Zindywidualizowane us\u0142ugi WINIW s\u0105 dostosowane do konkretnych potrzeb klient\u00f3w. Takie podej\u015bcie zapewnia, \u017ce ka\u017cdy klient otrzymuje rozwi\u0105zania, kt\u00f3re s\u0105 odpowiednie dla jego unikalnych potrzeb i sytuacji. Projektuj\u0105c rozwi\u0105zania w ten spos\u00f3b, WINIW jest w stanie zapewni\u0107 op\u0142acalne rozwi\u0105zania, kt\u00f3re zapewniaj\u0105 maksymaln\u0105 warto\u015b\u0107 dla swoich klient\u00f3w.<\/span><\/p>\n<p>&nbsp;<\/p>\n<p>&nbsp;<\/p>\n<p><img loading=\"lazy\" decoding=\"async\" class=\"aligncenter\" style=\"height: 803px; width: 803px;\" title=\"WINIW Microfieber Leather Manufacture\" src=\"https:\/\/img.waimaoniu.net\/3820\/3820-202312251058461571.jpg\" alt=\"Tkanina sk\u00f3rzana PVC\" width=\"803\" height=\"1200\" border=\"0\" vspace=\"0\" \/><\/p>\n<p style=\"text-align: center;\"><span style=\"font-size: 25px; color: #666464;\"><strong><span style=\"font-family: arial, helvetica, sans-serif;\"><span style=\"vertical-align: inherit;\">Szybka dostawa i wysoka zdolno\u015b\u0107 produkcyjna<\/span><\/span><\/strong><\/span><\/p>\n<p style=\"text-align: center;\"><span style=\"font-size: 25px; color: #666464;\"><strong><span style=\"font-family: arial, helvetica, sans-serif;\"><span style=\"vertical-align: inherit;\">Stabilna jako\u015b\u0107<\/span><\/span><\/strong><\/span><\/p>\n<p style=\"text-align: center;\"><span style=\"font-size: 25px; color: #666464;\"><strong><span style=\"font-family: arial, helvetica, sans-serif;\"><span style=\"vertical-align: inherit;\">profesjonalna obs\u0142uga<\/span><\/span><\/strong><\/span><\/p>\n<p>&nbsp;<\/p>\n<p>&nbsp;<\/p>\n<div>\n<p class=\"wmn-title-pink\" style=\"text-align: center;\"><span style=\"color: #c49060;\"><em><span style=\"font-size: 40px;\"><strong><span style=\"vertical-align: inherit;\">FAQ<\/span><\/strong><\/span><\/em><\/span><\/p>\n<hr \/>\n<\/div>\n<p style=\"text-align: center;\">P: A co z us\u0142ugami?<\/p>\n<p style=\"text-align: center;\">Mamy grup\u0119 najlepszych sprzedawc\u00f3w, kt\u00f3rzy oferuj\u0105 profesjonaln\u0105, do\u015bwiadczon\u0105 i szczer\u0105 obs\u0142ug\u0119<\/p>\n<p style=\"text-align: center;\">P: Ile kosztuje sprzedawana sk\u00f3ra z mikrofibry? Czy mo\u017cemy otrzyma\u0107 zni\u017ck\u0119?<\/p>\n<p style=\"text-align: center;\">Zale\u017cy to od grubo\u015bci, kolor\u00f3w, ilo\u015bci, czasu zam\u00f3wienia itp., Prosimy o podanie nam szczeg\u00f3\u0142owych wymaga\u0144, a nast\u0119pnie mo\u017cemy poda\u0107 og\u00f3ln\u0105 cen\u0119 w celach informacyjnych Ceny mog\u0105 by\u0107 lepsze, je\u015bli ilo\u015b\u0107 zakup\u00f3w jest wi\u0119ksza.<\/p>\n<p style=\"text-align: center;\">P: Jak kontrolowa\u0107 jako\u015b\u0107 produkt\u00f3w?<\/p>\n<p style=\"text-align: center;\">Mamy profesjonalny zesp\u00f3\u0142 kontroli jako\u015bci na ka\u017cdym etapie, kt\u00f3ry dobrze kontroluje jako\u015b\u0107 towar\u00f3w podczas ca\u0142ej masowej produkcji do czasu wysy\u0142ki. Poza tym mamy bardzo odpowiedzialny personel roboczy<\/p>\n<p style=\"text-align: center;\">Mo\u017cemy wykona\u0107 dla Ciebie us\u0142ug\u0119 inspekcji<\/p>\n<p>&nbsp;<\/p>\n<div style=\"color: #333333; font-family: Georgia, 'Times New Roman', 'Bitstream Charter', Times, serif;\">\n<p style=\"text-align: center;\"><span style=\"font-size: 30px; color: #c49060;\"><strong><span style=\"vertical-align: inherit;\">Z powa\u017caniem czekamy na Twoje zapytanie!<\/span><\/strong><\/span><\/p>\n<\/div>\n<p>&nbsp;<\/p>\n\n    <div class=\"xs_social_share_widget xs_share_url after_content \t\tmain_content  wslu-style-1 wslu-share-box-shaped wslu-fill-colored wslu-none wslu-share-horizontal wslu-theme-font-no wslu-main_content\">\n\n\t\t\n        <ul>\n\t\t\t        <\/ul>\n    <\/div>","protected":false},"excerpt":{"rendered":"<p>WINIW\u2019s resistant to wear and tear PU leather is specifically engineered for safety shoes that endure harsh daily use.<\/p>","protected":false},"featured_media":58672,"template":"","meta":[],"product_brand":[],"product_cat":[293,204],"product_tag":[19375],"class_list":{"0":"post-59023","1":"product","2":"type-product","3":"status-publish","4":"has-post-thumbnail","6":"product_cat-products","7":"product_cat-shoe-leather","8":"product_tag-shoes-leather","10":"first","11":"instock","12":"shipping-taxable","13":"product-type-simple"},"_links":{"self":[{"href":"https:\/\/www.eco-leather.com\/pl\/wp-json\/wp\/v2\/product\/59023","targetHints":{"allow":["GET"]}}],"collection":[{"href":"https:\/\/www.eco-leather.com\/pl\/wp-json\/wp\/v2\/product"}],"about":[{"href":"https:\/\/www.eco-leather.com\/pl\/wp-json\/wp\/v2\/types\/product"}],"wp:featuredmedia":[{"embeddable":true,"href":"https:\/\/www.eco-leather.com\/pl\/wp-json\/wp\/v2\/media\/58672"}],"wp:attachment":[{"href":"https:\/\/www.eco-leather.com\/pl\/wp-json\/wp\/v2\/media?parent=59023"}],"wp:term":[{"taxonomy":"product_brand","embeddable":true,"href":"https:\/\/www.eco-leather.com\/pl\/wp-json\/wp\/v2\/product_brand?post=59023"},{"taxonomy":"product_cat","embeddable":true,"href":"https:\/\/www.eco-leather.com\/pl\/wp-json\/wp\/v2\/product_cat?post=59023"},{"taxonomy":"product_tag","embeddable":true,"href":"https:\/\/www.eco-leather.com\/pl\/wp-json\/wp\/v2\/product_tag?post=59023"}],"curies":[{"name":"wp","href":"https:\/\/api.w.org\/{rel}","templated":true}]}}