{"id":29792,"date":"2025-09-07T11:06:33","date_gmt":"2025-09-07T03:06:33","guid":{"rendered":"https:\/\/www.eco-leather.com\/product\/0-8mm-microsuede-faux-leather-sheet-for-sports-gloves\/"},"modified":"2025-09-07T11:06:38","modified_gmt":"2025-09-07T03:06:38","slug":"0-8-mm-arkusz-sztucznej-skory-z-mikrozamszu-do-rekawic-sportowych","status":"publish","type":"product","link":"https:\/\/www.eco-leather.com\/pl\/0-8-mm-arkusz-sztucznej-skory-z-mikrozamszu-do-rekawic-sportowych\/","title":{"rendered":"0,8 mm arkusz sztucznej sk\u00f3ry Microsuede do r\u0119kawic sportowych"},"content":{"rendered":"<h2>0,8 mm arkusz sztucznej sk\u00f3ry Microsuede do r\u0119kawic sportowych szczeg\u00f3\u0142y<\/h2>\n<p><main><\/p>\n<section id=\"product-overview\">\n<h2>Opis produktu<\/h2>\n<p>produkt <strong>Podeszwa ze sztucznej sk\u00f3ry<\/strong> opis<\/p>\n<p>Wykonane z wysokiej jako\u015bci materia\u0142\u00f3w z mikrofibry, nasze r\u0119kawiczki Ultrasuede Microfiber Faux Leather 0,7 mm to idealny wyb\u00f3r na r\u0119kawiczki rowerowe. R\u00f3wnowa\u017cy elastyczno\u015b\u0107 i wytrzyma\u0142o\u015b\u0107, oferuj\u0105c wyj\u0105tkow\u0105 oddychalno\u015b\u0107 i w\u0142a\u015bciwo\u015bci odprowadzania wilgoci, aby d\u0142onie by\u0142y ch\u0142odne i suche podczas intensywnych przeja\u017cd\u017cek.<\/p>\n<p>Niezale\u017cnie od tego, czy jeste\u015b profesjonalnym rowerzyst\u0105, czy je\u017adzisz rekreacyjnie, materia\u0142 Microfiber Leather zapewnia niezr\u00f3wnany komfort i ochron\u0119. Jego wysoka odporno\u015b\u0107 na \u015bcieranie i rozdarcia zapewnia d\u0142ugotrwa\u0142\u0105 wydajno\u015b\u0107, a elegancki wygl\u0105d dodaje wyrafinowanego akcentu ka\u017cdemu zestawowi rowerowemu.<\/p>\n<\/section>\n<section id=\"specifications\">\n<h2>Parametry techniczne<\/h2>\n<ul class_=\"parameters-list\">\n<p>parametr<\/p>\n<li><span class=\"param-name\">Materia\u0142:<\/span> mikrofibra + PU. kolor: czarny, szary, be\u017cowy. Grubo\u015b\u0107: 0,6 mm, 0,7 mm, 0,8 mm, 1 mm. Minimalna ilo\u015b\u0107 zam\u00f3wienia: 300 metr\u00f3w bie\u017c\u0105cych. D\u0142ugo\u015b\u0107 rolki: 20-30 m\/rolka Czas dostawy: 15-20 dni Szeroko\u015b\u0107: 54, 137 cm Zdolno\u015b\u0107 produkcyjna: 1 000 000 metr\u00f3w miesi\u0119cznie.<\/li>\n<\/ul>\n<p><img decoding=\"async\" alt=\"R\u0119kawiczki kolarskie z mikrofibry 0,7 mm Ultrasuede - specyfikacja materia\u0142owa\" class=\"product-image\" src=\"\/wp-content\/uploads\/2025\/08\/07mm-ultrasuede-microfiber-faux-leather-for-cycling-gloves--37881.jpg\"\/><\/p>\n<h3>Parametry produktu<\/h3>\n<ul class=\"parameters-list\">\n<li><span class=\"param-name\">Materia\u0142:<\/span> Mikrofibra + PU<\/li>\n<li><span class=\"param-name\">Kolor:<\/span> Czarny, szary, be\u017cowy (dost\u0119pne kolory niestandardowe)<\/li>\n<li><span class=\"param-name\">Grubo\u015b\u0107:<\/span> 0,6 mm, 0,7 mm, 0,8 mm, 1 mm<\/li>\n<li><span class=\"param-name\">Minimalna ilo\u015b\u0107 zam\u00f3wienia:<\/span> 300 metr\u00f3w bie\u017c\u0105cych<\/li>\n<li><span class=\"param-name\">D\u0142ugo\u015b\u0107 rolki:<\/span> 20-30 m\/rolka<\/li>\n<li><span class=\"param-name\">Czas dostawy:<\/span> 15-20 dni<\/li>\n<li><span class=\"param-name\">Szeroko\u015b\u0107:<\/span> 54\u2033, 137 cm<\/li>\n<li><span class=\"param-name\">Zdolno\u015b\u0107 produkcyjna:<\/span> 1 000 000 metr\u00f3w miesi\u0119cznie<\/li>\n<\/ul>\n<\/section>\n<section id=\"features\">\n<h2>Cechy produktu<\/h2>\n<div class=\"feature-item\">\n<img decoding=\"async\" alt=\"TheSuede Leather Waterproof Spray0\" class=\"feature-image left\" src=\"\/wp-content\/uploads\/2025\/08\/08mm-microsuede-faux-leather-sheet-for-sports-gloves-37815.jpg\"\/><\/p>\n<h3>The <strong>Wodoodporny spray do sk\u00f3ry zamszowej<\/strong> 0<\/h3>\n<p>The <strong>Wodoodporny spray do sk\u00f3ry zamszowej<\/strong> 0.8mm Microsuede Faux Leather Sheet to idealny materia\u0142 na r\u0119kawice sportowe, kt\u00f3re musz\u0105 wytrzyma\u0107 intensywne u\u017cytkowanie, a jednocze\u015bnie czu\u0107 si\u0119 komfortowo na sk\u00f3rze.<\/p>\n<div class=\"clear\"><\/div>\n<\/div>\n<div class=\"feature-item\">\n<img decoding=\"async\" alt=\"Ten innowacyjny produkt jest wykonany z wysokiej jako\u015bci materia\u0142\u00f3w syntetycznych, kt\u00f3re na\u015bladuj\u0105 wygl\u0105d i dotyk prawdziwej sk\u00f3ry zamszowej\" class=\"feature-image left\" src=\"\/wp-content\/uploads\/2025\/08\/08mm-microsuede-faux-leather-sheet-for-sports-gloves-37816.jpg\"\/><\/p>\n<h3>Ten innowacyjny produkt jest wykonany z wysokiej jako\u015bci materia\u0142\u00f3w syntetycznych, kt\u00f3re na\u015bladuj\u0105 wygl\u0105d i dotyk prawdziwej sk\u00f3ry zamszowej<\/h3>\n<p>Ten innowacyjny produkt jest wykonany z wysokiej jako\u015bci materia\u0142\u00f3w syntetycznych, kt\u00f3re na\u015bladuj\u0105 wygl\u0105d i dotyk prawdziwej sk\u00f3ry zamszowej. Zosta\u0142 zaprojektowany tak, aby zapewni\u0107 doskona\u0142\u0105 trwa\u0142o\u015b\u0107, elastyczno\u015b\u0107 i odporno\u015b\u0107 na \u015bcieranie, dzi\u0119ki czemu idealnie nadaje si\u0119 do u\u017cytku w sprz\u0119cie sportowym.<\/p>\n<div class=\"clear\"><\/div>\n<\/div>\n<div class=\"feature-item\">\n<img decoding=\"async\" alt=\"Og\u00f3\u0142em, wodoodporny materia\u0142 sk\u00f3rzany Servicethe 0\" class=\"feature-image left\" src=\"\/wp-content\/uploads\/2025\/08\/08mm-microsuede-faux-leather-sheet-for-sports-gloves-37817.jpg\"\/><\/p>\n<h3>Og\u00f3lnie, <strong>Obs\u0142uga wodoodpornych materia\u0142\u00f3w sk\u00f3rzanych<\/strong> the 0<\/h3>\n<p>Og\u00f3lnie, <strong>Obs\u0142uga wodoodpornych materia\u0142\u00f3w sk\u00f3rzanych<\/strong> 0.8mm Microsuede Faux Leather Sheet to doskona\u0142y wyb\u00f3r dla r\u0119kawic sportowych, kt\u00f3re wymagaj\u0105 trwa\u0142o\u015bci, elastyczno\u015bci, wygody i stylu. Jest to wysokiej jako\u015bci materia\u0142 syntetyczny, kt\u00f3ry daje wra\u017cenie prawdziwego zamszu bez wysokich koszt\u00f3w i wymaga\u0144 konserwacyjnych.<\/p>\n<div class=\"clear\"><\/div>\n<\/div>\n<div class=\"feature-item\">\n<img decoding=\"async\" alt=\"Niezale\u017cnie od tego, czy jeste\u015b profesjonalnym sportowcem, czy dopiero zaczynasz, ten innowacyjny produkt z pewno\u015bci\u0105 przekroczy Twoje oczekiwania i pomo\u017ce Ci osi\u0105gn\u0105\u0107 Twoje cele\" class=\"feature-image left\" src=\"\/wp-content\/uploads\/2025\/08\/08mm-microsuede-faux-leather-sheet-for-sports-gloves-37818.jpg\"\/><\/p>\n<h3>Niezale\u017cnie od tego, czy jeste\u015b profesjonalnym sportowcem, czy dopiero zaczynasz, ten innowacyjny produkt z pewno\u015bci\u0105 przekroczy Twoje oczekiwania i pomo\u017ce Ci osi\u0105gn\u0105\u0107 Twoje cele<\/h3>\n<p>Niezale\u017cnie od tego, czy jeste\u015b profesjonalnym sportowcem, czy dopiero zaczynasz, ten innowacyjny produkt z pewno\u015bci\u0105 przekroczy Twoje oczekiwania i pomo\u017ce Ci osi\u0105gn\u0105\u0107 wyznaczone cele.<\/p>\n<div class=\"clear\"><\/div>\n<\/div>\n<div class=\"feature-item\">\n<img decoding=\"async\" alt=\"Wysoka wytrzyma\u0142o\u015b\u0107 na rozdarcie - sztuczna sk\u00f3ra Ultrasuede z mikrofibry do r\u0119kawiczek rowerowych\" class=\"feature-image left\" src=\"\/wp-content\/uploads\/2025\/08\/07mm-ultrasuede-microfiber-faux-leather-for-cycling-gloves--37882.jpg\"\/><\/p>\n<h3>Wysoka wytrzyma\u0142o\u015b\u0107 na rozerwanie<\/h3>\n<p>Nasza sk\u00f3ra z mikrofibry Ultrasuede charakteryzuje si\u0119 wyj\u0105tkow\u0105 odporno\u015bci\u0105 na rozdarcia, dzi\u0119ki czemu nie p\u0119ka ani nie odkszta\u0142ca si\u0119 \u0142atwo pod wp\u0142ywem napr\u0119\u017ce\u0144. Dzi\u0119ki temu idealnie nadaje si\u0119 do produkt\u00f3w wymagaj\u0105cych trwa\u0142o\u015bci i d\u0142ugotrwa\u0142ej wydajno\u015bci.<\/p>\n<div class=\"clear\"><\/div>\n<\/div>\n<div class=\"feature-item\">\n<img decoding=\"async\" alt=\"Zachowanie kszta\u0142tu - Ultrasuede, mikrofibra, sztuczna sk\u00f3ra dla r\u0119kawiczek kolarskich\" class=\"feature-image right\" src=\"\/wp-content\/uploads\/2025\/08\/07mm-ultrasuede-microfiber-faux-leather-for-cycling-gloves--37883.jpg\"\/><\/p>\n<h3>Nie\u0142atwe do odkszta\u0142cenia<\/h3>\n<p>Poddany specjalnej obr\u00f3bce w celu zachowania oryginalnego kszta\u0142tu, materia\u0142 ten oferuje doskona\u0142\u0105 elastyczno\u015b\u0107 i stabilno\u015b\u0107. Jest odporny na odkszta\u0142cenia spowodowane naciskiem zewn\u0119trznym lub rozci\u0105ganiem, dzi\u0119ki czemu produkty pozostaj\u0105 nienaruszone i atrakcyjne przez d\u0142ugi czas.<\/p>\n<div class=\"clear\"><\/div>\n<\/div>\n<div class=\"feature-item\">\n<img decoding=\"async\" alt=\"Wytrzyma\u0142o\u015b\u0107 - r\u0119kawiczki kolarskie z mikrofibry i sztucznej sk\u00f3ry Ultrasuede\" class=\"feature-image left\" src=\"\/wp-content\/uploads\/2025\/08\/07mm-ultrasuede-microfiber-faux-leather-for-cycling-gloves--37884.jpg\"\/><\/p>\n<h3>Trwa\u0142o\u015b\u0107<\/h3>\n<p>Niezwykle odporny na \u015bcieranie, rozdarcia i przebicia materia\u0142 sprawia, \u017ce r\u0119kawice pozostaj\u0105 w doskona\u0142ym stanie nawet przy d\u0142ugotrwa\u0142ym u\u017cytkowaniu. Zachowuje r\u00f3wnie\u017c doskona\u0142\u0105 zr\u0119czno\u015b\u0107 i wytrzyma\u0142o\u015b\u0107 wysokiej jako\u015bci wyrob\u00f3w sk\u00f3rzanych.<\/p>\n<div class=\"clear\"><\/div>\n<\/div>\n<\/section>\n<section id=\"usage\">\n<h2>U\u017cycie i zastosowania<\/h2>\n<p><img fetchpriority=\"high\" decoding=\"async\" alt=\"0,8 mm arkusz sztucznej sk\u00f3ry Microsuede do fabryki r\u0119kawic sportowych\" height=\"675\" src=\"\/wp-content\/uploads\/2025\/08\/08mm-microsuede-faux-leather-sheet-for-sports-gloves-37819.jpg\" width=\"675\"\/><\/p>\n<div class=\"usage-point\">\n<h3>The <strong>Wysokiej jako\u015bci torby ze sk\u00f3ry wega\u0144skiej<\/strong> Materia\u0142 ten ma delikatniejsz\u0105 tekstur\u0119 ni\u017c prawdziwy zamsz, a ponadto jest znacznie ta\u0144szy i \u0142atwiejszy w utrzymaniu<\/h3>\n<p>The <strong>Wysokiej jako\u015bci torby ze sk\u00f3ry wega\u0144skiej<\/strong> Materia\u0142 ten ma delikatniejsz\u0105 tekstur\u0119 ni\u017c prawdziwy zamsz i jest znacznie ta\u0144szy i \u0142atwiejszy w utrzymaniu. Jest r\u00f3wnie\u017c bardzo wszechstronny, dost\u0119pny w szerokiej gamie kolor\u00f3w, aby dopasowa\u0107 si\u0119 do wszelkich preferencji.<\/p>\n<\/div>\n<div class=\"usage-point\">\n<h3>The <strong>Torby sk\u00f3rzane z drugiej r\u0119ki<\/strong> g\u0142adka powierzchnia 0<\/h3>\n<p>The <strong>Torby sk\u00f3rzane z drugiej r\u0119ki<\/strong> G\u0142adka powierzchnia 0,8 mm Microsuede Faux Leather Sheet u\u0142atwia czyszczenie i utrzymanie w doskona\u0142ym stanie, dzi\u0119ki czemu idealnie nadaje si\u0119 do stosowania w sprz\u0119cie sportowym, kt\u00f3ry jest cz\u0119sto nara\u017cony na dzia\u0142anie potu, brudu i innych czynnik\u00f3w.<\/p>\n<\/div>\n<div class=\"usage-point\">\n<h3>Materia\u0142 jest r\u00f3wnie\u017c oddychaj\u0105cy, umo\u017cliwiaj\u0105c swobodn\u0105 cyrkulacj\u0119 powietrza i zapewniaj\u0105c u\u017cytkownikowi ch\u0142\u00f3d i wygod\u0119<\/h3>\n<p>Materia\u0142 jest r\u00f3wnie\u017c oddychaj\u0105cy, umo\u017cliwiaj\u0105c swobodn\u0105 cyrkulacj\u0119 powietrza i zapewniaj\u0105c u\u017cytkownikowi ch\u0142\u00f3d i wygod\u0119. To <strong>Sk\u00f3ra odzie\u017cowa Importowane<\/strong> Jest to szczeg\u00f3lnie wa\u017cne w przypadku r\u0119kawic sportowych, kt\u00f3re s\u0105 u\u017cywane podczas aktywno\u015bci o wysokiej intensywno\u015bci, takich jak podnoszenie ci\u0119\u017car\u00f3w, boks lub trening MMA.<\/p>\n<\/div>\n<div class=\"usage-point\">\n<h3>R\u0119kawice wykonane z tego materia\u0142u zapewniaj\u0105 doskona\u0142\u0105 przyczepno\u015b\u0107, dzi\u0119ki czemu sportowcy mog\u0105 osi\u0105ga\u0107 najlepsze wyniki bez obawy o po\u015blizgni\u0119cie si\u0119 lub utrat\u0119 kontroli nad sprz\u0119tem<\/h3>\n<p>R\u0119kawice wykonane z tego materia\u0142u zapewniaj\u0105 doskona\u0142\u0105 przyczepno\u015b\u0107, dzi\u0119ki czemu sportowcy mog\u0105 osi\u0105ga\u0107 najlepsze wyniki bez obawy o po\u015blizgni\u0119cie si\u0119 lub utrat\u0119 kontroli nad sprz\u0119tem. Pomimo syntetycznego pochodzenia, 0,8 mm Microsuede Faux Leather Sheet to wysokiej jako\u015bci, ekologiczny materia\u0142, kt\u00f3ry jest przyjazny dla \u015brodowiska.<\/p>\n<\/div>\n<div class=\"usage-point\">\n<h3>Jest odporny na wod\u0119 i plamy, co oznacza, \u017ce mo\u017ce by\u0107 u\u017cywany do szerokiego zakresu zastosowa\u0144 poza r\u0119kawicami sportowymi, takich jak tapicerka, torby, obuwie i inne<\/h3>\n<p>Jest odporny na wod\u0119 i plamy, co oznacza, \u017ce mo\u017ce by\u0107 u\u017cywany do szerokiego zakresu zastosowa\u0144 poza r\u0119kawicami sportowymi, takich jak tapicerka, torby, obuwie i inne.<\/p>\n<\/div>\n<div class=\"usage-point\">\n<h3>Wygodne i oddychaj\u0105ce<\/h3>\n<p>Mi\u0119kki, wygodny i wysoce oddychaj\u0105cy materia\u0142 jest idealny do r\u0119kawiczek rowerowych i innych produkt\u00f3w noszonych przez d\u0142u\u017cszy czas. Utrzymuje d\u0142onie w ch\u0142odzie i sucho\u015bci podczas intensywnych aktywno\u015bci.<\/p>\n<\/div>\n<div class=\"usage-point\">\n<h3>Przyjazny dla \u015brodowiska i zr\u00f3wnowa\u017cony<\/h3>\n<p>Nasza sztuczna sk\u00f3ra z mikrofibry Ultrasuede obejmuje opcje przyjazne dla \u015brodowiska, takie jak warianty wykonane z przetworzonego PET i materia\u0142\u00f3w ro\u015blinnych, zmniejszaj\u0105c wp\u0142yw na \u015brodowisko, oferuj\u0105c jednocze\u015bnie r\u00f3\u017cnorodne tekstury.<\/p>\n<\/div>\n<div class=\"usage-point\">\n<h3>Ochrona antybakteryjna i przeciwpy\u0142owa<\/h3>\n<p>Wybrane warianty charakteryzuj\u0105 si\u0119 w\u0142a\u015bciwo\u015bciami antybakteryjnymi i py\u0142oszczelnymi, spe\u0142niaj\u0105c wysokie standardy higieny idealne dla r\u0119kawic wymagaj\u0105cych \u015bcis\u0142ej kontroli jako\u015bci i bezpiecze\u0144stwa.<\/p>\n<\/div>\n<div class=\"usage-point\">\n<h3>R\u00f3\u017cnorodne scenariusze zastosowa\u0144<\/h3>\n<p>Opr\u00f3cz r\u0119kawiczek rowerowych, nadaje si\u0119 do r\u0119kawiczek z palcami, r\u0119kawic ochronnych i r\u00f3\u017cnych innych rodzaj\u00f3w r\u0119kawic, a tak\u017ce obuwia, odzie\u017cy i akcesori\u00f3w.<\/p>\n<\/div>\n<p><img decoding=\"async\" alt=\"Zastosowania sztucznej sk\u00f3ry z mikrofibry Ultrasuede 0,7 mm w r\u00f3\u017cnych produktach\" class=\"product-image\" src=\"\/wp-content\/uploads\/2025\/08\/07mm-ultrasuede-microfiber-faux-leather-for-cycling-gloves--37885.jpg\"\/><br \/>\n<img decoding=\"async\" alt=\"R\u0119kawiczki kolarskie wykonane z mikrofibry Ultrasuede - przyk\u0142ad produktu\" class=\"product-image\" src=\"\/wp-content\/uploads\/2025\/08\/07mm-ultrasuede-microfiber-faux-leather-for-cycling-gloves--37886.jpg\"\/><br \/>\n<\/section>\n<p><\/main><\/p>\n<section id=\"inquiry\">\n<h2 style=\"text-align: center;\">Z powa\u017caniem czekam na Twoje zapytanie!<\/h2>\n<p style=\"text-align: center;\">Skontaktuj si\u0119 z nami ju\u017c dzi\u015b, aby dowiedzie\u0107 si\u0119 wi\u0119cej o naszych produktach i z\u0142o\u017cy\u0107 zam\u00f3wienie.<\/p>\n<\/section>\n\n    <div class=\"xs_social_share_widget xs_share_url after_content \t\tmain_content  wslu-style-1 wslu-share-box-shaped wslu-fill-colored wslu-none wslu-share-horizontal wslu-theme-font-no wslu-main_content\">\n\n\t\t\n        <ul>\n\t\t\t        <\/ul>\n    <\/div>","protected":false},"excerpt":{"rendered":"<div class=\"product-short-description\">R\u0119kawice Sk\u00f3rzane 0.8mm Microsuede Faux Leather Sheet For Sports Gloves WINIW 0.8mm Microsuede Faux Leather Sheet For Sports Gloves Kluczowe cechy obejmuj\u0105: Idealny dla os\u00f3b poszukuj\u0105cych jako\u015bci i niezawodno\u015bci.<\/p>\n<p>Jako bezpo\u015brednia fabryka, producent i hurtownik mo\u017cemy \u015bci\u015ble kontrolowa\u0107 proces produkcji, aby zapewni\u0107 jako\u015b\u0107 produktu, zapewniaj\u0105c jednocze\u015bnie najkorzystniejsze ceny. Dysponujemy zaawansowanym sprz\u0119tem produkcyjnym i profesjonalnym zespo\u0142em technicznym, aby sprosta\u0107 potrzebom zam\u00f3wie\u0144 na du\u017c\u0105 skal\u0119 i zapewni\u0107 terminow\u0105 dostaw\u0119.<\/p>\n<\/div>","protected":false},"featured_media":6063,"template":"","meta":[],"product_brand":[],"product_cat":[308],"product_tag":[19362],"class_list":{"0":"post-29792","1":"product","2":"type-product","3":"status-publish","4":"has-post-thumbnail","6":"product_cat-gloves-leather","7":"product_tag-leather-sheet-for-car-manufacturerleather-sheet-for-car-suppliersleather-sheet-for-car-customizeleather-sheet-for-car-distributorleather-sheet-for-car-retailerleather-sheet-for-car-sourcing","9":"first","10":"instock","11":"product-type-simple"},"_links":{"self":[{"href":"https:\/\/www.eco-leather.com\/pl\/wp-json\/wp\/v2\/product\/29792","targetHints":{"allow":["GET"]}}],"collection":[{"href":"https:\/\/www.eco-leather.com\/pl\/wp-json\/wp\/v2\/product"}],"about":[{"href":"https:\/\/www.eco-leather.com\/pl\/wp-json\/wp\/v2\/types\/product"}],"wp:featuredmedia":[{"embeddable":true,"href":"https:\/\/www.eco-leather.com\/pl\/wp-json\/wp\/v2\/media\/6063"}],"wp:attachment":[{"href":"https:\/\/www.eco-leather.com\/pl\/wp-json\/wp\/v2\/media?parent=29792"}],"wp:term":[{"taxonomy":"product_brand","embeddable":true,"href":"https:\/\/www.eco-leather.com\/pl\/wp-json\/wp\/v2\/product_brand?post=29792"},{"taxonomy":"product_cat","embeddable":true,"href":"https:\/\/www.eco-leather.com\/pl\/wp-json\/wp\/v2\/product_cat?post=29792"},{"taxonomy":"product_tag","embeddable":true,"href":"https:\/\/www.eco-leather.com\/pl\/wp-json\/wp\/v2\/product_tag?post=29792"}],"curies":[{"name":"wp","href":"https:\/\/api.w.org\/{rel}","templated":true}]}}