{"id":29648,"date":"2025-09-07T11:05:19","date_gmt":"2025-09-07T03:05:19","guid":{"rendered":"https:\/\/www.eco-leather.com\/product\/1-8mm-strong-durability-microfiber-leather-fabric-for-jeans-label\/"},"modified":"2025-09-07T11:05:23","modified_gmt":"2025-09-07T03:05:23","slug":"1-8-mm-wytrzymala-tkanina-z-mikrofibry-na-etykiety-dzinsow","status":"publish","type":"product","link":"https:\/\/www.eco-leather.com\/pl\/1-8-mm-wytrzymala-tkanina-z-mikrofibry-na-etykiety-dzinsow\/","title":{"rendered":"1,8 mm Wytrzyma\u0142a tkanina sk\u00f3rzana z mikrofibry do etykietowania d\u017cins\u00f3w"},"content":{"rendered":"<h2>1,8 mm Wytrzyma\u0142a tkanina sk\u00f3rzana z mikrofibry do produkcji etykiet jeansowych<\/h2>\n<p><main><\/p>\n<section id=\"product-overview\">\n<h2>Opis produktu<\/h2>\n<p>produkt <strong>Tkanina na sof\u0119 w kwiaty<\/strong> opis<\/p>\n<p>Wykonane <strong>Sprzedawcy tkanin na torby<\/strong> Wykonany z najlepszej mikrofibry materia\u0142 jest nie tylko wytrzyma\u0142y i spr\u0119\u017cysty, ale tak\u017ce niezwykle mi\u0119kki w dotyku. Zapewnia luksusowy wygl\u0105d i dotyk, kt\u00f3ry z pewno\u015bci\u0105 podniesie og\u00f3lny wygl\u0105d d\u017cins\u00f3w i wyr\u00f3\u017cni je z t\u0142umu.<\/p>\n<p>To <strong>Pude\u0142ka ze sztucznej sk\u00f3ry Chiny<\/strong> Tkanina zosta\u0142a zaprojektowana tak, aby wytrzyma\u0107 codzienne zu\u017cycie, co oznacza, \u017ce etykiety jeansowe b\u0119d\u0105 nadal wygl\u0105da\u0107 \u015bwietnie nawet po niezliczonych praniach i noszeniach. Jest \u0142atwy do ci\u0119cia, zszywania i dostosowywania, dzi\u0119ki czemu idealnie nadaje si\u0119 zar\u00f3wno do produkcji na ma\u0142\u0105, jak i du\u017c\u0105 skal\u0119.<\/p>\n<p>Wykonane z wysokiej jako\u015bci materia\u0142\u00f3w z mikrofibry, nasze r\u0119kawiczki Ultrasuede Microfiber Faux Leather 0,7 mm to idealny wyb\u00f3r na r\u0119kawiczki rowerowe. R\u00f3wnowa\u017cy elastyczno\u015b\u0107 i wytrzyma\u0142o\u015b\u0107, oferuj\u0105c wyj\u0105tkow\u0105 oddychalno\u015b\u0107 i w\u0142a\u015bciwo\u015bci odprowadzania wilgoci, aby d\u0142onie by\u0142y ch\u0142odne i suche podczas intensywnych przeja\u017cd\u017cek.<\/p>\n<p>Niezale\u017cnie od tego, czy jeste\u015b profesjonalnym rowerzyst\u0105, czy je\u017adzisz rekreacyjnie, materia\u0142 Microfiber Leather zapewnia niezr\u00f3wnany komfort i ochron\u0119. Jego wysoka odporno\u015b\u0107 na \u015bcieranie i rozdarcia zapewnia d\u0142ugotrwa\u0142\u0105 wydajno\u015b\u0107, a elegancki wygl\u0105d dodaje wyrafinowanego akcentu ka\u017cdemu zestawowi rowerowemu.<\/p>\n<\/section>\n<section id=\"specifications\">\n<h2>Parametry techniczne<\/h2>\n<ul class_=\"parameters-list\">\n<li><span class=\"param-name\">parametr <strong>Sk\u00f3ra odzie\u017cowa Importowane<\/strong> Materia\u0142:<\/span> mikrofibra + PU. kolor: czarny, br\u0105zowy, kolory niestandardowe. Grubo\u015b\u0107 0,8-2,00 mm Minimalna ilo\u015b\u0107 zam\u00f3wienia: 300 metr\u00f3w bie\u017c\u0105cych.<\/li>\n<li><span class=\"param-name\">D\u0142ugo\u015b\u0107 rolki:<\/span> 20-30 m\/rolka Czas dostawy: 15-20 dni Szeroko\u015b\u0107: 54, 137 cm Zdolno\u015b\u0107 produkcyjna: 1 000 000 metr\u00f3w miesi\u0119cznie.<\/li>\n<\/ul>\n<p><img decoding=\"async\" alt=\"R\u0119kawiczki kolarskie z mikrofibry 0,7 mm Ultrasuede - specyfikacja materia\u0142owa\" class=\"product-image\" src=\"\/wp-content\/uploads\/2025\/08\/07mm-ultrasuede-microfiber-faux-leather-for-cycling-gloves--37881.jpg\"\/><\/p>\n<h3>Parametry produktu<\/h3>\n<ul class=\"parameters-list\">\n<li><span class=\"param-name\">Materia\u0142:<\/span> Mikrofibra + PU<\/li>\n<li><span class=\"param-name\">Kolor:<\/span> Czarny, szary, be\u017cowy (dost\u0119pne kolory niestandardowe)<\/li>\n<li><span class=\"param-name\">Grubo\u015b\u0107:<\/span> 0,6 mm, 0,7 mm, 0,8 mm, 1 mm<\/li>\n<li><span class=\"param-name\">Minimalna ilo\u015b\u0107 zam\u00f3wienia:<\/span> 300 metr\u00f3w bie\u017c\u0105cych<\/li>\n<li><span class=\"param-name\">D\u0142ugo\u015b\u0107 rolki:<\/span> 20-30 m\/rolka<\/li>\n<li><span class=\"param-name\">Czas dostawy:<\/span> 15-20 dni<\/li>\n<li><span class=\"param-name\">Szeroko\u015b\u0107:<\/span> 54\u2033, 137 cm<\/li>\n<li><span class=\"param-name\">Zdolno\u015b\u0107 produkcyjna:<\/span> 1 000 000 metr\u00f3w miesi\u0119cznie<\/li>\n<\/ul>\n<\/section>\n<section id=\"features\">\n<h2>Cechy produktu<\/h2>\n<div class=\"feature-item\">\n<img decoding=\"async\" alt=\"PrzedstawiamySofa Fabric Waterproof Importers nasz najnowszy produkt, 1\" class=\"feature-image left\" src=\"\/wp-content\/uploads\/2025\/08\/18mm-strong-durability-microfiber-leather-fabric-for-jeans-label-36436.jpg\"\/><\/p>\n<h3>Wprowadzenie <strong>Sofa z tkaniny wodoodpornej Importerzy<\/strong> Nasz najnowszy produkt, 1<\/h3>\n<p>Wprowadzenie <strong>Sofa z tkaniny wodoodpornej Importerzy<\/strong> Nasz najnowszy produkt, 1,8 mm wytrzyma\u0142a tkanina z mikrofibry na etykiety jeansowe! Cieszymy si\u0119, \u017ce mo\u017cemy zaoferowa\u0107 ten wysokiej jako\u015bci materia\u0142, kt\u00f3ry jest idealny do tworzenia trwa\u0142ych i stylowych etykiet na d\u017cinsy.<\/p>\n<div class=\"clear\"><\/div>\n<\/div>\n<div class=\"feature-item\">\n<img decoding=\"async\" alt=\"W naszej firmie dok\u0142adamy wszelkich stara\u0144, aby dostarcza\u0107 naszym klientom produkty najwy\u017cszej jako\u015bci\" class=\"feature-image left\" src=\"\/wp-content\/uploads\/2025\/08\/18mm-strong-durability-microfiber-leather-fabric-for-jeans-label-36436.jpg\"\/><\/p>\n<h3>W naszej firmie dok\u0142adamy wszelkich stara\u0144, aby dostarcza\u0107 naszym klientom produkty najwy\u017cszej jako\u015bci<\/h3>\n<p>W naszej firmie dok\u0142adamy wszelkich stara\u0144, aby dostarcza\u0107 naszym klientom produkty najwy\u017cszej jako\u015bci. My <strong>Wodoodporny Faux Leatherman<\/strong> Stoimy za wyj\u0105tkow\u0105 trwa\u0142o\u015bci\u0105 i d\u0142ugotrwa\u0142\u0105 jako\u015bci\u0105 tej tkaniny z mikrofibry i wierzymy, \u017ce przekroczy ona Twoje oczekiwania.<\/p>\n<div class=\"clear\"><\/div>\n<\/div>\n<div class=\"feature-item\">\n<img decoding=\"async\" alt=\"Podsumowuj\u0105c, je\u015bli szukasz niezawodnego i pi\u0119knego materia\u0142u na metki do d\u017cins\u00f3w, nie szukaj dalej ni\u017c 1\" class=\"feature-image left\" src=\"\/wp-content\/uploads\/2025\/08\/18mm-strong-durability-microfiber-leather-fabric-for-jeans-label-36437.jpg\"\/><\/p>\n<h3>Podsumowuj\u0105c, je\u015bli szukasz niezawodnego i pi\u0119knego materia\u0142u na metki do d\u017cins\u00f3w, nie szukaj dalej ni\u017c 1<\/h3>\n<p>Podsumowuj\u0105c, je\u015bli szukasz niezawodnego i pi\u0119knego materia\u0142u na metki do d\u017cins\u00f3w, nie szukaj dalej ni\u017c 1,8 mm mocna i wytrzyma\u0142a tkanina z mikrofibry. Jeste\u015bmy pewni, \u017ce b\u0119dziesz zachwycony rezultatami!<\/p>\n<div class=\"clear\"><\/div>\n<\/div>\n<div class=\"feature-item\">\n<img decoding=\"async\" alt=\"Wysoka wytrzyma\u0142o\u015b\u0107 na rozdarcie - sztuczna sk\u00f3ra Ultrasuede z mikrofibry do r\u0119kawiczek rowerowych\" class=\"feature-image left\" src=\"\/wp-content\/uploads\/2025\/08\/07mm-ultrasuede-microfiber-faux-leather-for-cycling-gloves--37882.jpg\"\/><\/p>\n<h3>Wysoka wytrzyma\u0142o\u015b\u0107 na rozerwanie<\/h3>\n<p>Nasza sk\u00f3ra z mikrofibry Ultrasuede charakteryzuje si\u0119 wyj\u0105tkow\u0105 odporno\u015bci\u0105 na rozdarcia, dzi\u0119ki czemu nie p\u0119ka ani nie odkszta\u0142ca si\u0119 \u0142atwo pod wp\u0142ywem napr\u0119\u017ce\u0144. Dzi\u0119ki temu idealnie nadaje si\u0119 do produkt\u00f3w wymagaj\u0105cych trwa\u0142o\u015bci i d\u0142ugotrwa\u0142ej wydajno\u015bci.<\/p>\n<div class=\"clear\"><\/div>\n<\/div>\n<div class=\"feature-item\">\n<img decoding=\"async\" alt=\"Zachowanie kszta\u0142tu - Ultrasuede, mikrofibra, sztuczna sk\u00f3ra dla r\u0119kawiczek kolarskich\" class=\"feature-image right\" src=\"\/wp-content\/uploads\/2025\/08\/07mm-ultrasuede-microfiber-faux-leather-for-cycling-gloves--37883.jpg\"\/><\/p>\n<h3>Nie\u0142atwe do odkszta\u0142cenia<\/h3>\n<p>Poddany specjalnej obr\u00f3bce w celu zachowania oryginalnego kszta\u0142tu, materia\u0142 ten oferuje doskona\u0142\u0105 elastyczno\u015b\u0107 i stabilno\u015b\u0107. Jest odporny na odkszta\u0142cenia spowodowane naciskiem zewn\u0119trznym lub rozci\u0105ganiem, dzi\u0119ki czemu produkty pozostaj\u0105 nienaruszone i atrakcyjne przez d\u0142ugi czas.<\/p>\n<div class=\"clear\"><\/div>\n<\/div>\n<div class=\"feature-item\">\n<img decoding=\"async\" alt=\"Wytrzyma\u0142o\u015b\u0107 - r\u0119kawiczki kolarskie z mikrofibry i sztucznej sk\u00f3ry Ultrasuede\" class=\"feature-image left\" src=\"\/wp-content\/uploads\/2025\/08\/07mm-ultrasuede-microfiber-faux-leather-for-cycling-gloves--37884.jpg\"\/><\/p>\n<h3>Trwa\u0142o\u015b\u0107<\/h3>\n<p>Niezwykle odporny na \u015bcieranie, rozdarcia i przebicia materia\u0142 sprawia, \u017ce r\u0119kawice pozostaj\u0105 w doskona\u0142ym stanie nawet przy d\u0142ugotrwa\u0142ym u\u017cytkowaniu. Zachowuje r\u00f3wnie\u017c doskona\u0142\u0105 zr\u0119czno\u015b\u0107 i wytrzyma\u0142o\u015b\u0107 wysokiej jako\u015bci wyrob\u00f3w sk\u00f3rzanych.<\/p>\n<div class=\"clear\"><\/div>\n<\/div>\n<\/section>\n<p><\/main><\/p>\n<section id=\"inquiry\">\n<h2 style=\"text-align: center;\">Z powa\u017caniem czekam na Twoje zapytanie!<\/h2>\n<p style=\"text-align: center;\">Skontaktuj si\u0119 z nami ju\u017c dzi\u015b, aby dowiedzie\u0107 si\u0119 wi\u0119cej o naszych produktach i z\u0142o\u017cy\u0107 zam\u00f3wienie.<\/p>\n<\/section>\n\n    <div class=\"xs_social_share_widget xs_share_url after_content \t\tmain_content  wslu-style-1 wslu-share-box-shaped wslu-fill-colored wslu-none wslu-share-horizontal wslu-theme-font-no wslu-main_content\">\n\n\t\t\n        <ul>\n\t\t\t        <\/ul>\n    <\/div>","protected":false},"excerpt":{"rendered":"<div class=\"product-short-description\">Etykiety sk\u00f3rzane 1,8 mm Mocna wytrzyma\u0142o\u015b\u0107 Tkanina z mikrofibry do etykiet jeansowych WINIW 1,8 mm Mocna wytrzyma\u0142o\u015b\u0107 Tkanina z mikrofibry do etykiet jeansowych Kluczowe cechy obejmuj\u0105: Idealny dla os\u00f3b poszukuj\u0105cych jako\u015bci i niezawodno\u015bci.<\/p>\n<p>Jako bezpo\u015brednia fabryka, producent i hurtownik mo\u017cemy \u015bci\u015ble kontrolowa\u0107 proces produkcji, aby zapewni\u0107 jako\u015b\u0107 produktu, zapewniaj\u0105c jednocze\u015bnie najkorzystniejsze ceny. Dysponujemy zaawansowanym sprz\u0119tem produkcyjnym i profesjonalnym zespo\u0142em technicznym, aby sprosta\u0107 potrzebom zam\u00f3wie\u0144 na du\u017c\u0105 skal\u0119 i zapewni\u0107 terminow\u0105 dostaw\u0119.<\/p>\n<\/div>","protected":false},"featured_media":5642,"template":"","meta":[],"product_brand":[],"product_cat":[314],"product_tag":[19292],"class_list":{"0":"post-29648","1":"product","2":"type-product","3":"status-publish","4":"has-post-thumbnail","6":"product_cat-labels-leather","7":"product_tag-car-leather-fabric-manufacturercar-leather-fabric-traderscar-leather-fabric-providercar-leather-fabric-distributorcar-leather-fabric-exportcar-leather-fabric-china","9":"first","10":"instock","11":"product-type-simple"},"_links":{"self":[{"href":"https:\/\/www.eco-leather.com\/pl\/wp-json\/wp\/v2\/product\/29648","targetHints":{"allow":["GET"]}}],"collection":[{"href":"https:\/\/www.eco-leather.com\/pl\/wp-json\/wp\/v2\/product"}],"about":[{"href":"https:\/\/www.eco-leather.com\/pl\/wp-json\/wp\/v2\/types\/product"}],"wp:featuredmedia":[{"embeddable":true,"href":"https:\/\/www.eco-leather.com\/pl\/wp-json\/wp\/v2\/media\/5642"}],"wp:attachment":[{"href":"https:\/\/www.eco-leather.com\/pl\/wp-json\/wp\/v2\/media?parent=29648"}],"wp:term":[{"taxonomy":"product_brand","embeddable":true,"href":"https:\/\/www.eco-leather.com\/pl\/wp-json\/wp\/v2\/product_brand?post=29648"},{"taxonomy":"product_cat","embeddable":true,"href":"https:\/\/www.eco-leather.com\/pl\/wp-json\/wp\/v2\/product_cat?post=29648"},{"taxonomy":"product_tag","embeddable":true,"href":"https:\/\/www.eco-leather.com\/pl\/wp-json\/wp\/v2\/product_tag?post=29648"}],"curies":[{"name":"wp","href":"https:\/\/api.w.org\/{rel}","templated":true}]}}