{"id":29620,"date":"2025-09-07T11:05:09","date_gmt":"2025-09-07T03:05:09","guid":{"rendered":"https:\/\/www.eco-leather.com\/product\/0-2mm-wide-range-of-application-car-cleaning-cloth-chamois-material\/"},"modified":"2025-09-07T11:05:10","modified_gmt":"2025-09-07T03:05:10","slug":"0-2-mm-material-irchy-do-czyszczenia-samochodow-o-szerokim-zakresie-zastosowan","status":"publish","type":"product","link":"https:\/\/www.eco-leather.com\/pl\/0-2-mm-material-irchy-do-czyszczenia-samochodow-o-szerokim-zakresie-zastosowan\/","title":{"rendered":"0,2 mm Szeroki zakres zastosowa\u0144 \u015aciereczka do czyszczenia samochodu Materia\u0142 irchy"},"content":{"rendered":"<h2>0,2 mm Szeroki zakres zastosowa\u0144 \u015aciereczka do czyszczenia samochodu Szczeg\u00f3\u0142y materia\u0142u irchy<\/h2>\n<p><main><\/p>\n<section id=\"product-overview\">\n<h2>Opis produktu<\/h2>\n<p>produkt <strong>Firma produkuj\u0105ca foteliki samochodowe<\/strong> opis<\/p>\n<p>Wykonane z wysokiej jako\u015bci materia\u0142\u00f3w z mikrofibry, nasze r\u0119kawiczki Ultrasuede Microfiber Faux Leather 0,7 mm to idealny wyb\u00f3r na r\u0119kawiczki rowerowe. R\u00f3wnowa\u017cy elastyczno\u015b\u0107 i wytrzyma\u0142o\u015b\u0107, oferuj\u0105c wyj\u0105tkow\u0105 oddychalno\u015b\u0107 i w\u0142a\u015bciwo\u015bci odprowadzania wilgoci, aby d\u0142onie by\u0142y ch\u0142odne i suche podczas intensywnych przeja\u017cd\u017cek.<\/p>\n<p>Niezale\u017cnie od tego, czy jeste\u015b profesjonalnym rowerzyst\u0105, czy je\u017adzisz rekreacyjnie, materia\u0142 Microfiber Leather zapewnia niezr\u00f3wnany komfort i ochron\u0119. Jego wysoka odporno\u015b\u0107 na \u015bcieranie i rozdarcia zapewnia d\u0142ugotrwa\u0142\u0105 wydajno\u015b\u0107, a elegancki wygl\u0105d dodaje wyrafinowanego akcentu ka\u017cdemu zestawowi rowerowemu.<\/p>\n<\/section>\n<section id=\"specifications\">\n<h2>Parametry techniczne<\/h2>\n<ul class_=\"parameters-list\">\n<li><span class=\"param-name\">parametr <strong>Materia\u0142 podszewki obuwia<\/strong> Materia\u0142:<\/span> Kolor: bia\u0142y, niebieski, r\u00f3\u017cowy, kolory niestandardowe. Grubo\u015b\u0107 0,2-0,6 mm Minimalna ilo\u015b\u0107 zam\u00f3wienia: 300 metr\u00f3w bie\u017c\u0105cych.<\/li>\n<li><span class=\"param-name\">D\u0142ugo\u015b\u0107 rolki:<\/span> 20-30 m\/rolka Czas dostawy: 15-20 dni Szeroko\u015b\u0107: 54, 137 cm Zdolno\u015b\u0107 produkcyjna: 1 000 000 metr\u00f3w miesi\u0119cznie.<\/li>\n<\/ul>\n<p><img decoding=\"async\" alt=\"R\u0119kawiczki kolarskie z mikrofibry 0,7 mm Ultrasuede - specyfikacja materia\u0142owa\" class=\"product-image\" src=\"\/wp-content\/uploads\/2025\/08\/07mm-ultrasuede-microfiber-faux-leather-for-cycling-gloves--37881.jpg\"\/><\/p>\n<h3>Parametry produktu<\/h3>\n<ul class=\"parameters-list\">\n<li><span class=\"param-name\">Materia\u0142:<\/span> Mikrofibra + PU<\/li>\n<li><span class=\"param-name\">Kolor:<\/span> Czarny, szary, be\u017cowy (dost\u0119pne kolory niestandardowe)<\/li>\n<li><span class=\"param-name\">Grubo\u015b\u0107:<\/span> 0,6 mm, 0,7 mm, 0,8 mm, 1 mm<\/li>\n<li><span class=\"param-name\">Minimalna ilo\u015b\u0107 zam\u00f3wienia:<\/span> 300 metr\u00f3w bie\u017c\u0105cych<\/li>\n<li><span class=\"param-name\">D\u0142ugo\u015b\u0107 rolki:<\/span> 20-30 m\/rolka<\/li>\n<li><span class=\"param-name\">Czas dostawy:<\/span> 15-20 dni<\/li>\n<li><span class=\"param-name\">Szeroko\u015b\u0107:<\/span> 54\u2033, 137 cm<\/li>\n<li><span class=\"param-name\">Zdolno\u015b\u0107 produkcyjna:<\/span> 1 000 000 metr\u00f3w miesi\u0119cznie<\/li>\n<\/ul>\n<\/section>\n<section id=\"usage\">\n<h2>U\u017cycie i zastosowania<\/h2>\n<p><img fetchpriority=\"high\" decoding=\"async\" alt=\"0,2 mm Szeroki zakres zastosowa\u0144 \u015aciereczka do czyszczenia samochodu Szczeg\u00f3\u0142y materia\u0142u irchy\" height=\"350\" src=\"\/wp-content\/uploads\/2025\/08\/02mm-wide-range-of-application-car-cleaning-cloth-chamois-material-36167.jpg\" width=\"350\"\/><\/p>\n<div class=\"usage-point\">\n<h3>The <strong>Materia\u0142 but\u00f3w Pure<\/strong> 0<\/h3>\n<p>The <strong>Materia\u0142 but\u00f3w Pure<\/strong> 0,2 mm Szeroki zakres zastosowa\u0144 \u015aciereczka do czyszczenia samochodu z materia\u0142u irchowego to idealne rozwi\u0105zanie, aby Tw\u00f3j samoch\u00f3d wygl\u0105da\u0142 jak najlepiej. Ta wysokiej jako\u015bci \u015bciereczka do czyszczenia jest wykonana z wysokiej jako\u015bci materia\u0142u irchowego, kt\u00f3ry zapewnia d\u0142ug\u0105 \u017cywotno\u015b\u0107, a jednocze\u015bnie zapewnia doskona\u0142\u0105 wydajno\u015b\u0107 czyszczenia.<\/p>\n<\/div>\n<div class=\"usage-point\">\n<h3>Niezale\u017cnie od tego, czy chcesz wytrze\u0107 zewn\u0119trzn\u0105 cz\u0119\u015b\u0107 samochodu po d\u0142ugiej je\u017adzie, czy te\u017c posprz\u0105ta\u0107 rozlany p\u0142yn w przestrzeni pasa\u017cerskiej, ta \u015bciereczka do czyszczenia jest wszechstronna i mo\u017ce by\u0107 u\u017cywana w szerokim zakresie zastosowa\u0144<\/h3>\n<p>Niezale\u017cnie od tego, czy chcesz wytrze\u0107 zewn\u0119trzn\u0105 cz\u0119\u015b\u0107 samochodu po d\u0142ugiej je\u017adzie, czy te\u017c posprz\u0105ta\u0107 rozlany p\u0142yn w kabinie pasa\u017cerskiej, ta \u015bciereczka do czyszczenia jest wszechstronna i mo\u017ce by\u0107 u\u017cywana do szerokiego zakresu zastosowa\u0144.<\/p>\n<\/div>\n<div class=\"usage-point\">\n<h3>Plus, jego 0<\/h3>\n<p>Ponadto grubo\u015b\u0107 0,2 mm zapewnia mi\u0119kki i delikatny dotyk podczas czyszczenia, zmniejszaj\u0105c ryzyko zadrapa\u0144 lub uszkodzenia delikatnego lakieru pojazdu. To <strong>Materia\u0142 syntetyczny do produkcji but\u00f3w<\/strong> \u015aciereczka czyszcz\u0105ca jest r\u00f3wnie\u017c niezwykle \u0142atwa w u\u017cyciu i utrzymaniu.<\/p>\n<\/div>\n<div class=\"usage-point\">\n<h3>Wystarczy namoczy\u0107 j\u0105 w wodzie i wykr\u0119ci\u0107 przed u\u017cyciem, aby uzyska\u0107 wysoce ch\u0142onn\u0105 \u015bciereczk\u0119 do czyszczenia, kt\u00f3ra jest gotowa do wykonania ka\u017cdego zadania zwi\u0105zanego z czyszczeniem<\/h3>\n<p>Wystarczy namoczy\u0107 j\u0105 w wodzie i wykr\u0119ci\u0107 przed u\u017cyciem, aby uzyska\u0107 bardzo ch\u0142onn\u0105 \u015bciereczk\u0119 do czyszczenia, kt\u00f3ra jest gotowa do wykonania ka\u017cdego zadania zwi\u0105zanego z czyszczeniem. Po zako\u0144czeniu u\u017cytkowania wystarczy wyp\u0142uka\u0107 j\u0105 wod\u0105 i powiesi\u0107 do wyschni\u0119cia.<\/p>\n<\/div>\n<div class=\"usage-point\">\n<h3>To takie proste! W <strong>Sofa Materia\u0142 Zamsz Buty<\/strong> Opr\u00f3cz tego, \u017ce jest doskona\u0142ym narz\u0119dziem do czyszczenia samochodu, ten materia\u0142 irchowy jest r\u00f3wnie\u017c idealny do u\u017cytku w domu.<\/h3>\n<p>To takie proste! W <strong>Sofa Materia\u0142 Zamsz Buty<\/strong> Opr\u00f3cz tego, \u017ce jest to \u015bwietne narz\u0119dzie do czyszczenia samochodu, ten materia\u0142 irchowy jest r\u00f3wnie\u017c idealny do u\u017cytku w domu. Mo\u017cna go u\u017cywa\u0107 do wycierania blat\u00f3w, usuwania rozlanych p\u0142yn\u00f3w, a nawet polerowania mebli.<\/p>\n<\/div>\n<div class=\"usage-point\">\n<h3>Dzi\u0119ki szerokiemu zakresowi zastosowa\u0144 ta \u015bciereczka do czyszczenia jest niezb\u0119dna w ka\u017cdym zestawie do piel\u0119gnacji domu lub samochodu<\/h3>\n<p>Dzi\u0119ki szerokiemu zakresowi zastosowa\u0144 ta \u015bciereczka do czyszczenia jest niezb\u0119dna w ka\u017cdym gospodarstwie domowym lub zestawie do piel\u0119gnacji samochodu. Podsumowuj\u0105c, \u015bciereczka do czyszczenia samochodu o grubo\u015bci 0,2 mm i szerokim zakresie zastosowa\u0144 to wysokiej jako\u015bci i wszechstronne narz\u0119dzie czyszcz\u0105ce, kt\u00f3re jest idealne dla ka\u017cdego mi\u0142o\u015bnika samochod\u00f3w lub domowych \u015brodk\u00f3w czyszcz\u0105cych.<\/p>\n<\/div>\n<div class=\"usage-point\">\n<h3>Zastosowanie<\/h3>\n<p>Nie ma wi\u0119c na co czeka\u0107, zam\u00f3w swoj\u0105 ju\u017c dzi\u015b i do\u015bwiadcz r\u00f3\u017cnicy w wydajno\u015bci czyszczenia, kt\u00f3ra wynika z zastosowania najwy\u017cszej jako\u015bci materia\u0142u irchowego!<\/p>\n<\/div>\n<div class=\"usage-point\">\n<h3>Wygodne i oddychaj\u0105ce<\/h3>\n<p>Mi\u0119kki, wygodny i wysoce oddychaj\u0105cy materia\u0142 jest idealny do r\u0119kawiczek rowerowych i innych produkt\u00f3w noszonych przez d\u0142u\u017cszy czas. Utrzymuje d\u0142onie w ch\u0142odzie i sucho\u015bci podczas intensywnych aktywno\u015bci.<\/p>\n<\/div>\n<div class=\"usage-point\">\n<h3>Przyjazny dla \u015brodowiska i zr\u00f3wnowa\u017cony<\/h3>\n<p>Nasza sztuczna sk\u00f3ra z mikrofibry Ultrasuede obejmuje opcje przyjazne dla \u015brodowiska, takie jak warianty wykonane z przetworzonego PET i materia\u0142\u00f3w ro\u015blinnych, zmniejszaj\u0105c wp\u0142yw na \u015brodowisko, oferuj\u0105c jednocze\u015bnie r\u00f3\u017cnorodne tekstury.<\/p>\n<\/div>\n<div class=\"usage-point\">\n<h3>Ochrona antybakteryjna i przeciwpy\u0142owa<\/h3>\n<p>Wybrane warianty charakteryzuj\u0105 si\u0119 w\u0142a\u015bciwo\u015bciami antybakteryjnymi i py\u0142oszczelnymi, spe\u0142niaj\u0105c wysokie standardy higieny idealne dla r\u0119kawic wymagaj\u0105cych \u015bcis\u0142ej kontroli jako\u015bci i bezpiecze\u0144stwa.<\/p>\n<\/div>\n<div class=\"usage-point\">\n<h3>R\u00f3\u017cnorodne scenariusze zastosowa\u0144<\/h3>\n<p>Opr\u00f3cz r\u0119kawiczek rowerowych, nadaje si\u0119 do r\u0119kawiczek z palcami, r\u0119kawic ochronnych i r\u00f3\u017cnych innych rodzaj\u00f3w r\u0119kawic, a tak\u017ce obuwia, odzie\u017cy i akcesori\u00f3w.<\/p>\n<\/div>\n<p><img decoding=\"async\" alt=\"Zastosowania sztucznej sk\u00f3ry z mikrofibry Ultrasuede 0,7 mm w r\u00f3\u017cnych produktach\" class=\"product-image\" src=\"\/wp-content\/uploads\/2025\/08\/07mm-ultrasuede-microfiber-faux-leather-for-cycling-gloves--37885.jpg\"\/><br \/>\n<img decoding=\"async\" alt=\"R\u0119kawiczki kolarskie wykonane z mikrofibry Ultrasuede - przyk\u0142ad produktu\" class=\"product-image\" src=\"\/wp-content\/uploads\/2025\/08\/07mm-ultrasuede-microfiber-faux-leather-for-cycling-gloves--37886.jpg\"\/><br \/>\n<\/section>\n<p><\/main><\/p>\n<section id=\"inquiry\">\n<h2 style=\"text-align: center;\">Z powa\u017caniem czekam na Twoje zapytanie!<\/h2>\n<p style=\"text-align: center;\">Skontaktuj si\u0119 z nami ju\u017c dzi\u015b, aby dowiedzie\u0107 si\u0119 wi\u0119cej o naszych produktach i z\u0142o\u017cy\u0107 zam\u00f3wienie.<\/p>\n<\/section>\n\n    <div class=\"xs_social_share_widget xs_share_url after_content \t\tmain_content  wslu-style-1 wslu-share-box-shaped wslu-fill-colored wslu-none wslu-share-horizontal wslu-theme-font-no wslu-main_content\">\n\n\t\t\n        <ul>\n\t\t\t        <\/ul>\n    <\/div>","protected":false},"excerpt":{"rendered":"<div class=\"product-short-description\">\u015aciereczka czyszcz\u0105ca z mikrofibry (syntetyczna ircha) 0,2 mm Szeroki zakres zastosowa\u0144 \u015aciereczka do czyszczenia samochodu Materia\u0142 ircha WINIW 0,2 mm Szeroki zakres zastosowa\u0144 \u015aciereczka do czyszczenia samochodu Materia\u0142 ircha Kluczowe cechy obejmuj\u0105: Idealny dla os\u00f3b poszukuj\u0105cych jako\u015bci i niezawodno\u015bci.<\/p>\n<p>Jako bezpo\u015brednia fabryka, producent i hurtownik mo\u017cemy \u015bci\u015ble kontrolowa\u0107 proces produkcji, aby zapewni\u0107 jako\u015b\u0107 produktu, zapewniaj\u0105c jednocze\u015bnie najkorzystniejsze ceny. Dysponujemy zaawansowanym sprz\u0119tem produkcyjnym i profesjonalnym zespo\u0142em technicznym, aby sprosta\u0107 potrzebom zam\u00f3wie\u0144 na du\u017c\u0105 skal\u0119 i zapewni\u0107 terminow\u0105 dostaw\u0119.<\/p>\n<\/div>","protected":false},"featured_media":5586,"template":"","meta":[],"product_brand":[],"product_cat":[291],"product_tag":[],"class_list":{"0":"post-29620","1":"product","2":"type-product","3":"status-publish","4":"has-post-thumbnail","6":"product_cat-cleaning-wipe-microfiber-synthetic-chamois","8":"first","9":"instock","10":"product-type-simple"},"_links":{"self":[{"href":"https:\/\/www.eco-leather.com\/pl\/wp-json\/wp\/v2\/product\/29620","targetHints":{"allow":["GET"]}}],"collection":[{"href":"https:\/\/www.eco-leather.com\/pl\/wp-json\/wp\/v2\/product"}],"about":[{"href":"https:\/\/www.eco-leather.com\/pl\/wp-json\/wp\/v2\/types\/product"}],"wp:featuredmedia":[{"embeddable":true,"href":"https:\/\/www.eco-leather.com\/pl\/wp-json\/wp\/v2\/media\/5586"}],"wp:attachment":[{"href":"https:\/\/www.eco-leather.com\/pl\/wp-json\/wp\/v2\/media?parent=29620"}],"wp:term":[{"taxonomy":"product_brand","embeddable":true,"href":"https:\/\/www.eco-leather.com\/pl\/wp-json\/wp\/v2\/product_brand?post=29620"},{"taxonomy":"product_cat","embeddable":true,"href":"https:\/\/www.eco-leather.com\/pl\/wp-json\/wp\/v2\/product_cat?post=29620"},{"taxonomy":"product_tag","embeddable":true,"href":"https:\/\/www.eco-leather.com\/pl\/wp-json\/wp\/v2\/product_tag?post=29620"}],"curies":[{"name":"wp","href":"https:\/\/api.w.org\/{rel}","templated":true}]}}