{"id":29543,"date":"2025-09-07T11:04:27","date_gmt":"2025-09-07T03:04:27","guid":{"rendered":"https:\/\/www.eco-leather.com\/product\/0-8mm-environmentally-friendly-making-clothes-pu-microfiber-leather-material\/"},"modified":"2025-09-07T11:04:29","modified_gmt":"2025-09-07T03:04:29","slug":"0-8-mm-przyjazny-dla-srodowiska-material-do-produkcji-odziezy-z-mikrofibry-pu","status":"publish","type":"product","link":"https:\/\/www.eco-leather.com\/pl\/0-8-mm-przyjazny-dla-srodowiska-material-do-produkcji-odziezy-z-mikrofibry-pu\/","title":{"rendered":"0,8 mm Przyjazny dla \u015brodowiska materia\u0142 do produkcji odzie\u017cy z mikrofibry Pu"},"content":{"rendered":"<h2>0,8 mm Przyjazny dla \u015brodowiska dostawca materia\u0142\u00f3w z mikrofibry PU do produkcji odzie\u017cy<\/h2>\n<p><main><\/p>\n<section id=\"product-overview\">\n<h2>Opis produktu<\/h2>\n<p>produkt <strong>Producenci materia\u0142\u00f3w sk\u00f3rzanych<\/strong> opis<\/p>\n<p>Przy <strong>Pude\u0142ka ze sztucznej sk\u00f3ry Chiny<\/strong> Sercem jego atrakcyjno\u015bci jest przyjazny dla \u015brodowiska charakter. Wyprodukowany przy u\u017cyciu zaawansowanej technologii, kt\u00f3ra minimalizuje ilo\u015b\u0107 odpad\u00f3w i szkodliwych emisji, materia\u0142 ten znacznie zmniejsza \u015blad w\u0119glowy zwi\u0105zany z tradycyjn\u0105 produkcj\u0105 sk\u00f3ry.<\/p>\n<p>To \u015bwiadectwo naszego zaanga\u017cowania w ochron\u0119 zasob\u00f3w naturalnych planety i promowanie bardziej ekologicznej, zr\u00f3wnowa\u017conej przysz\u0142o\u015bci mody. Do\u015bwiadcz luksusu zr\u00f3wnowa\u017conej mody dzi\u0119ki naszemu przyjaznemu dla \u015brodowiska materia\u0142owi z mikrofibry PU o grubo\u015bci 0,8 mm.<\/p>\n<p>Wyobra\u017a sobie przysz\u0142o\u015b\u0107, w kt\u00f3rej styl i zr\u00f3wnowa\u017cony rozw\u00f3j id\u0105 w parze, i wyra\u017a to ka\u017cdym swoim strojem.<\/p>\n<p>Wykonane z wysokiej jako\u015bci materia\u0142\u00f3w z mikrofibry, nasze r\u0119kawiczki Ultrasuede Microfiber Faux Leather 0,7 mm to idealny wyb\u00f3r na r\u0119kawiczki rowerowe. R\u00f3wnowa\u017cy elastyczno\u015b\u0107 i wytrzyma\u0142o\u015b\u0107, oferuj\u0105c wyj\u0105tkow\u0105 oddychalno\u015b\u0107 i w\u0142a\u015bciwo\u015bci odprowadzania wilgoci, aby d\u0142onie by\u0142y ch\u0142odne i suche podczas intensywnych przeja\u017cd\u017cek.<\/p>\n<p>Niezale\u017cnie od tego, czy jeste\u015b profesjonalnym rowerzyst\u0105, czy je\u017adzisz rekreacyjnie, materia\u0142 Microfiber Leather zapewnia niezr\u00f3wnany komfort i ochron\u0119. Jego wysoka odporno\u015b\u0107 na \u015bcieranie i rozdarcia zapewnia d\u0142ugotrwa\u0142\u0105 wydajno\u015b\u0107, a elegancki wygl\u0105d dodaje wyrafinowanego akcentu ka\u017cdemu zestawowi rowerowemu.<\/p>\n<\/section>\n<section id=\"specifications\">\n<h2>Parametry techniczne<\/h2>\n<ul class_=\"parameters-list\">\n<li><span class=\"param-name\">parametr <strong>Sk\u00f3ra odzie\u017cowa Importowane<\/strong> Materia\u0142:<\/span> Sk\u00f3ra z mikrofibry. kolor: bia\u0142y, niebieski, r\u00f3\u017cowy, kolory niestandardowe. Grubo\u015b\u0107 0,6-2,0 mm Minimalna ilo\u015b\u0107 zam\u00f3wienia: 300 metr\u00f3w bie\u017c\u0105cych.<\/li>\n<li><span class=\"param-name\">D\u0142ugo\u015b\u0107 rolki:<\/span> 20-30 m\/rolka Czas dostawy: 15-20 dni Szeroko\u015b\u0107: 54, 137 cm Zdolno\u015b\u0107 produkcyjna: 1 000 000 metr\u00f3w miesi\u0119cznie.<\/li>\n<\/ul>\n<p><img decoding=\"async\" alt=\"R\u0119kawiczki kolarskie z mikrofibry 0,7 mm Ultrasuede - specyfikacja materia\u0142owa\" class=\"product-image\" src=\"\/wp-content\/uploads\/2025\/08\/07mm-ultrasuede-microfiber-faux-leather-for-cycling-gloves--37881.jpg\"\/><\/p>\n<h3>Parametry produktu<\/h3>\n<ul class=\"parameters-list\">\n<li><span class=\"param-name\">Materia\u0142:<\/span> Mikrofibra + PU<\/li>\n<li><span class=\"param-name\">Kolor:<\/span> Czarny, szary, be\u017cowy (dost\u0119pne kolory niestandardowe)<\/li>\n<li><span class=\"param-name\">Grubo\u015b\u0107:<\/span> 0,6 mm, 0,7 mm, 0,8 mm, 1 mm<\/li>\n<li><span class=\"param-name\">Minimalna ilo\u015b\u0107 zam\u00f3wienia:<\/span> 300 metr\u00f3w bie\u017c\u0105cych<\/li>\n<li><span class=\"param-name\">D\u0142ugo\u015b\u0107 rolki:<\/span> 20-30 m\/rolka<\/li>\n<li><span class=\"param-name\">Czas dostawy:<\/span> 15-20 dni<\/li>\n<li><span class=\"param-name\">Szeroko\u015b\u0107:<\/span> 54\u2033, 137 cm<\/li>\n<li><span class=\"param-name\">Zdolno\u015b\u0107 produkcyjna:<\/span> 1 000 000 metr\u00f3w miesi\u0119cznie<\/li>\n<\/ul>\n<\/section>\n<section id=\"features\">\n<h2>Cechy produktu<\/h2>\n<div class=\"feature-item\">\n<img decoding=\"async\" alt=\"Wodoodporny materia\u0142 sk\u00f3rzany o grubo\u015bci 0\" class=\"feature-image left\" src=\"\/wp-content\/uploads\/2025\/08\/super-leather-feeling-vegan-leather-for-making-garment-material679-35390.jpg\"\/><\/p>\n<h3>Przechwa\u0142ki <strong>Obs\u0142uga wodoodpornych materia\u0142\u00f3w sk\u00f3rzanych<\/strong> grubo\u015b\u0107 0<\/h3>\n<p>Przechwa\u0142ki <strong>Obs\u0142uga wodoodpornych materia\u0142\u00f3w sk\u00f3rzanych<\/strong> Dzi\u0119ki grubo\u015bci 0,8 mm nasza sk\u00f3ra z mikrofibry PU nie tylko zapewnia trwa\u0142o\u015b\u0107 i odporno\u015b\u0107, ale tak\u017ce oferuje mi\u0119kki, elastyczny dotyk, kt\u00f3ry konkuruje z tradycyjn\u0105 sk\u00f3r\u0105, bez wp\u0142ywu na \u015brodowisko.<\/p>\n<div class=\"clear\"><\/div>\n<\/div>\n<div class=\"feature-item\">\n<img decoding=\"async\" alt=\"Zosta\u0142 zaprojektowany tak, aby wytrzyma\u0107 rygory codziennego noszenia, zachowuj\u0105c jednocze\u015bnie elegancki wygl\u0105d i luksusowy wygl\u0105d\" class=\"feature-image left\" src=\"\/wp-content\/uploads\/2025\/08\/super-leather-feeling-vegan-leather-for-making-garment-material679-35391.jpg\"\/><\/p>\n<h3>Zosta\u0142 zaprojektowany tak, aby wytrzyma\u0107 rygory codziennego noszenia, zachowuj\u0105c jednocze\u015bnie elegancki wygl\u0105d i luksusowy wygl\u0105d<\/h3>\n<p>Zosta\u0142 zaprojektowany tak, aby wytrzyma\u0107 rygory codziennego noszenia, zachowuj\u0105c jednocze\u015bnie elegancki wygl\u0105d i luksusowy wygl\u0105d. Wszechstronno\u015b\u0107 <strong>Wodoodporna tkanina sk\u00f3rzana Odmhsas<\/strong> Stylowa sk\u00f3ra PU o grubo\u015bci 0,8 mm z mikrofibry jest idealnym wyborem do szerokiej gamy zastosowa\u0144 odzie\u017cowych, od eleganckich kurtek i modnych torebek po wyrafinowane buty i eleganckie akcesoria.<\/p>\n<div class=\"clear\"><\/div>\n<\/div>\n<div class=\"feature-item\">\n<img decoding=\"async\" class=\"feature-image left\" src=\"\/wp-content\/uploads\/2025\/08\/super-leather-feeling-vegan-leather-for-making-garment-material679-35392.jpg\">\" alt=\"Jego g\u0142adkie wyko\u0144czenie i nienaganna trwa\u0142o\u015b\u0107 sprawiaj\u0105, \u017ce jest idealnym substytutem sk\u00f3ry zwierz\u0119cej, przemawiaj\u0105c zar\u00f3wno do \u015bwiadomych ekologicznie konsument\u00f3w, jak i entuzjast\u00f3w mody\"&gt;.<\/p>\n<h3>G\u0142adkie wyko\u0144czenie i nienaganna trwa\u0142o\u015b\u0107 sprawiaj\u0105, \u017ce jest to idealny zamiennik sk\u00f3ry zwierz\u0119cej, atrakcyjny zar\u00f3wno dla \u015bwiadomych ekologicznie konsument\u00f3w, jak i entuzjast\u00f3w mody<\/h3>\n<p>G\u0142adkie wyko\u0144czenie i nienaganna trwa\u0142o\u015b\u0107 sprawiaj\u0105, \u017ce jest to idealny zamiennik sk\u00f3ry zwierz\u0119cej, atrakcyjny zar\u00f3wno dla \u015bwiadomych ekologicznie konsument\u00f3w, jak i entuzjast\u00f3w mody.<\/p>\n<div class=\"clear\"><\/div>\n<p><\/img><\/div>\n<div class=\"feature-item\">\n<img decoding=\"async\" alt=\"Wysoka wytrzyma\u0142o\u015b\u0107 na rozdarcie - sztuczna sk\u00f3ra Ultrasuede z mikrofibry do r\u0119kawiczek rowerowych\" class=\"feature-image left\" src=\"\/wp-content\/uploads\/2025\/08\/07mm-ultrasuede-microfiber-faux-leather-for-cycling-gloves--37882.jpg\"\/><\/p>\n<h3>Wysoka wytrzyma\u0142o\u015b\u0107 na rozerwanie<\/h3>\n<p>Nasza sk\u00f3ra z mikrofibry Ultrasuede charakteryzuje si\u0119 wyj\u0105tkow\u0105 odporno\u015bci\u0105 na rozdarcia, dzi\u0119ki czemu nie p\u0119ka ani nie odkszta\u0142ca si\u0119 \u0142atwo pod wp\u0142ywem napr\u0119\u017ce\u0144. Dzi\u0119ki temu idealnie nadaje si\u0119 do produkt\u00f3w wymagaj\u0105cych trwa\u0142o\u015bci i d\u0142ugotrwa\u0142ej wydajno\u015bci.<\/p>\n<div class=\"clear\"><\/div>\n<\/div>\n<div class=\"feature-item\">\n<img decoding=\"async\" alt=\"Zachowanie kszta\u0142tu - Ultrasuede, mikrofibra, sztuczna sk\u00f3ra dla r\u0119kawiczek kolarskich\" class=\"feature-image right\" src=\"\/wp-content\/uploads\/2025\/08\/07mm-ultrasuede-microfiber-faux-leather-for-cycling-gloves--37883.jpg\"\/><\/p>\n<h3>Nie\u0142atwe do odkszta\u0142cenia<\/h3>\n<p>Poddany specjalnej obr\u00f3bce w celu zachowania oryginalnego kszta\u0142tu, materia\u0142 ten oferuje doskona\u0142\u0105 elastyczno\u015b\u0107 i stabilno\u015b\u0107. Jest odporny na odkszta\u0142cenia spowodowane naciskiem zewn\u0119trznym lub rozci\u0105ganiem, dzi\u0119ki czemu produkty pozostaj\u0105 nienaruszone i atrakcyjne przez d\u0142ugi czas.<\/p>\n<div class=\"clear\"><\/div>\n<\/div>\n<div class=\"feature-item\">\n<img decoding=\"async\" alt=\"Wytrzyma\u0142o\u015b\u0107 - r\u0119kawiczki kolarskie z mikrofibry i sztucznej sk\u00f3ry Ultrasuede\" class=\"feature-image left\" src=\"\/wp-content\/uploads\/2025\/08\/07mm-ultrasuede-microfiber-faux-leather-for-cycling-gloves--37884.jpg\"\/><\/p>\n<h3>Trwa\u0142o\u015b\u0107<\/h3>\n<p>Niezwykle odporny na \u015bcieranie, rozdarcia i przebicia materia\u0142 sprawia, \u017ce r\u0119kawice pozostaj\u0105 w doskona\u0142ym stanie nawet przy d\u0142ugotrwa\u0142ym u\u017cytkowaniu. Zachowuje r\u00f3wnie\u017c doskona\u0142\u0105 zr\u0119czno\u015b\u0107 i wytrzyma\u0142o\u015b\u0107 wysokiej jako\u015bci wyrob\u00f3w sk\u00f3rzanych.<\/p>\n<div class=\"clear\"><\/div>\n<\/div>\n<\/section>\n<section id=\"why-choose-us\">\n<h2>Dlaczego warto wybra\u0107 WINIW<\/h2>\n<div class=\"advantage-item\">\n<h3>Przedstawiamy nasz\u0105 premi\u0119 0<\/h3>\n<p>Przedstawiamy nasz najwy\u017cszej jako\u015bci przyjazny dla \u015brodowiska materia\u0142 PU z mikrofibry o grubo\u015bci 0,8 mm, b\u0119d\u0105cy rewolucyjn\u0105 innowacj\u0105 w \u015bwiecie zr\u00f3wnowa\u017conej mody. Wykonany z dba\u0142o\u015bci\u0105 o szczeg\u00f3\u0142y i niezachwianym zaanga\u017cowaniem w ekologi\u0119, materia\u0142 ten reprezentuje przysz\u0142o\u015b\u0107 wysokiej jako\u015bci, przyjaznej dla \u015brodowiska produkcji odzie\u017cy.<\/p>\n<\/div>\n<div class=\"advantage-item\">\n<h3>Zapewnienie jako\u015bci<\/h3>\n<p>Wdra\u017camy \u015bcis\u0142\u0105 kontrol\u0119 jako\u015bci w ca\u0142ym \u0142a\u0144cuchu produkcji i dostaw, zgodnie z normami ISO9001. Od wyboru surowc\u00f3w po kontrol\u0119 ko\u0144cow\u0105, priorytetowo traktujemy interesy klienta.<\/p>\n<\/div>\n<div class=\"advantage-item\">\n<h3>Profesjonalny zesp\u00f3\u0142 techniczny<\/h3>\n<p>Nasz wyspecjalizowany zesp\u00f3\u0142 techniczny sk\u0142ada si\u0119 z do\u015bwiadczonych profesjonalist\u00f3w z r\u00f3\u017cnych dziedzin, zaanga\u017cowanych w dostarczanie wysokiej jako\u015bci produkt\u00f3w i dostosowanych rozwi\u0105za\u0144.<\/p>\n<\/div>\n<div class=\"advantage-item\">\n<h3>Szeroki zakres zastosowa\u0144<\/h3>\n<p>Nasze materia\u0142y s\u0105 szeroko stosowane w obuwiu, odzie\u017cy, baga\u017cu, wn\u0119trzach samochod\u00f3w, meblach wypoczynkowych i nie tylko.<\/p>\n<\/div>\n<div class=\"advantage-item\">\n<h3>Bogate do\u015bwiadczenie<\/h3>\n<p>Quanzhou WINIW Import &amp; Export Co., Ltd. ma ponad 20-letnie do\u015bwiadczenie w produkcji, oferuj\u0105c doskona\u0142e rozwi\u0105zania dla klient\u00f3w na ca\u0142ym \u015bwiecie.<\/p>\n<\/div>\n<div class=\"advantage-item\">\n<h3>Przyst\u0119pna cena<\/h3>\n<p>Zapewniamy konkurencyjne ceny i doskona\u0142\u0105 obs\u0142ug\u0119 klienta. Popro\u015b o katalog lub odwied\u017a nasz\u0105 fabryk\u0119, aby zapozna\u0107 si\u0119 z naszymi produktami.<\/p>\n<\/div>\n<div class=\"advantage-item\">\n<h3>24-godzinna obs\u0142uga klienta online<\/h3>\n<p>Nasz zesp\u00f3\u0142 jest dost\u0119pny 24 godziny na dob\u0119, 7 dni w tygodniu, aby odpowiada\u0107 na zapytania i szybko reagowa\u0107 na opinie.<\/p>\n<\/div>\n<p><img decoding=\"async\" alt=\"Zak\u0142ad produkcyjny WINIW - proces produkcji sk\u00f3ry z mikrofibry Ultrasuede\" class=\"product-image\" src=\"\/wp-content\/uploads\/2025\/08\/07mm-ultrasuede-microfiber-faux-leather-for-cycling-gloves--37888.jpg\"\/><br \/>\n<\/section>\n<p><\/main><\/p>\n<section id=\"inquiry\">\n<h2 style=\"text-align: center;\">Z powa\u017caniem czekam na Twoje zapytanie!<\/h2>\n<p style=\"text-align: center;\">Skontaktuj si\u0119 z nami ju\u017c dzi\u015b, aby dowiedzie\u0107 si\u0119 wi\u0119cej o naszych produktach i z\u0142o\u017cy\u0107 zam\u00f3wienie.<\/p>\n<\/section>\n\n    <div class=\"xs_social_share_widget xs_share_url after_content \t\tmain_content  wslu-style-1 wslu-share-box-shaped wslu-fill-colored wslu-none wslu-share-horizontal wslu-theme-font-no wslu-main_content\">\n\n\t\t\n        <ul>\n\t\t\t        <\/ul>\n    <\/div>","protected":false},"excerpt":{"rendered":"<div class=\"product-short-description\">Odzie\u017c Sk\u00f3ra 0,8 mm Przyjazny dla \u015brodowiska materia\u0142 z mikrofibry Pu do produkcji odzie\u017cy WINIW 0,8 mm Przyjazny dla \u015brodowiska materia\u0142 z mikrofibry Pu do produkcji odzie\u017cy Kluczowe cechy to: Idealny dla os\u00f3b poszukuj\u0105cych jako\u015bci i niezawodno\u015bci.<\/p>\n<p>Jako bezpo\u015brednia fabryka, producent i hurtownik mo\u017cemy \u015bci\u015ble kontrolowa\u0107 proces produkcji, aby zapewni\u0107 jako\u015b\u0107 produktu, zapewniaj\u0105c jednocze\u015bnie najkorzystniejsze ceny. Dysponujemy zaawansowanym sprz\u0119tem produkcyjnym i profesjonalnym zespo\u0142em technicznym, aby sprosta\u0107 potrzebom zam\u00f3wie\u0144 na du\u017c\u0105 skal\u0119 i zapewni\u0107 terminow\u0105 dostaw\u0119.<\/p>\n<\/div>","protected":false},"featured_media":5390,"template":"","meta":[],"product_brand":[],"product_cat":[180],"product_tag":[],"class_list":{"0":"post-29543","1":"product","2":"type-product","3":"status-publish","4":"has-post-thumbnail","6":"product_cat-garments-leather","8":"first","9":"instock","10":"product-type-simple"},"_links":{"self":[{"href":"https:\/\/www.eco-leather.com\/pl\/wp-json\/wp\/v2\/product\/29543","targetHints":{"allow":["GET"]}}],"collection":[{"href":"https:\/\/www.eco-leather.com\/pl\/wp-json\/wp\/v2\/product"}],"about":[{"href":"https:\/\/www.eco-leather.com\/pl\/wp-json\/wp\/v2\/types\/product"}],"wp:featuredmedia":[{"embeddable":true,"href":"https:\/\/www.eco-leather.com\/pl\/wp-json\/wp\/v2\/media\/5390"}],"wp:attachment":[{"href":"https:\/\/www.eco-leather.com\/pl\/wp-json\/wp\/v2\/media?parent=29543"}],"wp:term":[{"taxonomy":"product_brand","embeddable":true,"href":"https:\/\/www.eco-leather.com\/pl\/wp-json\/wp\/v2\/product_brand?post=29543"},{"taxonomy":"product_cat","embeddable":true,"href":"https:\/\/www.eco-leather.com\/pl\/wp-json\/wp\/v2\/product_cat?post=29543"},{"taxonomy":"product_tag","embeddable":true,"href":"https:\/\/www.eco-leather.com\/pl\/wp-json\/wp\/v2\/product_tag?post=29543"}],"curies":[{"name":"wp","href":"https:\/\/api.w.org\/{rel}","templated":true}]}}