{"id":29510,"date":"2025-09-07T11:04:07","date_gmt":"2025-09-07T03:04:07","guid":{"rendered":"https:\/\/www.eco-leather.com\/product\/chemical-resistance-bio-based-faux-vegan-leather-for-car-seat-covers\/"},"modified":"2025-09-07T11:04:11","modified_gmt":"2025-09-07T03:04:11","slug":"odpornosc-chemiczna-na-bazie-bio-sztucznej-skory-weganskiej-na-pokrowce-na-siedzenia-samochodowe","status":"publish","type":"product","link":"https:\/\/www.eco-leather.com\/pl\/odpornosc-chemiczna-na-bazie-bio-sztucznej-skory-weganskiej-na-pokrowce-na-siedzenia-samochodowe\/","title":{"rendered":"Odporno\u015b\u0107 chemiczna na bazie sztucznej sk\u00f3ry wega\u0144skiej do pokrowc\u00f3w na siedzenia samochodowe"},"content":{"rendered":"<h2>Wytrzyma\u0142y materia\u0142 na sprzeda\u017c - sk\u00f3ra samochodowaSeats Service Dog, sk\u00f3ra odzie\u017cowa Importowane<\/h2>\n<p><main><\/p>\n<section id=\"product-overview\">\n<h2>Opis produktu<\/h2>\n<p>Chemiczny <strong>Wega\u0144skie sk\u00f3rzane portfolio<\/strong> Odporna sztuczna sk\u00f3ra wega\u0144ska na bazie bio do pokrowc\u00f3w na siedzenia samochodowe 01 - Specyfikacje i opisy<\/p>\n<p>Materia\u0142 <strong>Pude\u0142ka ze sztucznej sk\u00f3ry Chiny<\/strong> Biopochodna Grubo\u015b\u0107 1,2 mm Kolor Dostosowany Szeroko\u015b\u0107 1,37 m Waga 500 g\/m2 Zastosowanie Wn\u0119trza samochod\u00f3w Kolejn\u0105 zalet\u0105 biopochodnej sztucznej sk\u00f3ry wega\u0144skiej jest to, \u017ce jest przyjazna dla \u015brodowiska.<\/p>\n<p>Tradycyjna sk\u00f3ra jest cz\u0119sto wytwarzana przy u\u017cyciu agresywnych chemikali\u00f3w, kt\u00f3re mog\u0105 mie\u0107 negatywny wp\u0142yw na \u015brodowisko, ale sztuczna sk\u00f3ra wega\u0144ska na bazie biologicznej jest wytwarzana z naturalnych, zr\u00f3wnowa\u017conych materia\u0142\u00f3w, kt\u00f3re s\u0105 lepsze dla naszej planety.<\/p>\n<p>Wykonane z wysokiej jako\u015bci materia\u0142\u00f3w z mikrofibry, nasze r\u0119kawiczki Ultrasuede Microfiber Faux Leather 0,7 mm to idealny wyb\u00f3r na r\u0119kawiczki rowerowe. R\u00f3wnowa\u017cy elastyczno\u015b\u0107 i wytrzyma\u0142o\u015b\u0107, oferuj\u0105c wyj\u0105tkow\u0105 oddychalno\u015b\u0107 i w\u0142a\u015bciwo\u015bci odprowadzania wilgoci, aby d\u0142onie by\u0142y ch\u0142odne i suche podczas intensywnych przeja\u017cd\u017cek.<\/p>\n<p>Niezale\u017cnie od tego, czy jeste\u015b profesjonalnym rowerzyst\u0105, czy je\u017adzisz rekreacyjnie, materia\u0142 Microfiber Leather zapewnia niezr\u00f3wnany komfort i ochron\u0119. Jego wysoka odporno\u015b\u0107 na \u015bcieranie i rozdarcia zapewnia d\u0142ugotrwa\u0142\u0105 wydajno\u015b\u0107, a elegancki wygl\u0105d dodaje wyrafinowanego akcentu ka\u017cdemu zestawowi rowerowemu.<\/p>\n<\/section>\n<section id=\"features\">\n<h2>Cechy produktu<\/h2>\n<div class=\"feature-item\">\n<img decoding=\"async\" alt=\"KiedySuede Leather Waterproof Sprayit przychodzi do wyboru odpowiedniego materia\u0142u na pokrowce na siedzenia samochodowe, nale\u017cy wzi\u0105\u0107 pod uwag\u0119 wiele czynnik\u00f3w\" class=\"feature-image left\" src=\"\/wp-content\/uploads\/2025\/08\/chemical-resistance-bio-based-faux-vegan-leather-for-car-seat-covers-35095.png\"\/><\/p>\n<h3>Kiedy <strong>Wodoodporny spray do sk\u00f3ry zamszowej<\/strong> Je\u015bli chodzi o wyb\u00f3r odpowiedniego materia\u0142u na pokrowce na fotele samochodowe, nale\u017cy wzi\u0105\u0107 pod uwag\u0119 wiele czynnik\u00f3w<\/h3>\n<p>Kiedy <strong>Wodoodporny spray do sk\u00f3ry zamszowej<\/strong> Je\u015bli chodzi o wyb\u00f3r odpowiedniego materia\u0142u na pokrowce na fotele samochodowe, nale\u017cy wzi\u0105\u0107 pod uwag\u0119 wiele czynnik\u00f3w. Trwa\u0142o\u015b\u0107, komfort i estetyka s\u0105 wa\u017cne, ale jednym z czynnik\u00f3w, kt\u00f3ry cz\u0119sto mo\u017cna przeoczy\u0107, jest odporno\u015b\u0107 chemiczna.<\/p>\n<div class=\"clear\"><\/div>\n<\/div>\n<div class=\"feature-item\">\n<img decoding=\"async\" alt=\"To wodoodporna tkanina sk\u00f3rzana Odmhsas, w kt\u00f3rej pojawia si\u0119 sztuczna sk\u00f3ra wega\u0144ska na bazie biologicznej\" class=\"feature-image left\" src=\"\/wp-content\/uploads\/2025\/08\/chemical-resistance-bio-based-faux-vegan-leather-for-car-seat-covers-35096.png\"\/><\/p>\n<h3>To <strong>Wodoodporna tkanina sk\u00f3rzana Odmhsas<\/strong> gdzie pojawia si\u0119 sztuczna sk\u00f3ra wega\u0144ska na bazie biologicznej<\/h3>\n<p>To <strong>Wodoodporna tkanina sk\u00f3rzana Odmhsas<\/strong> gdzie z pomoc\u0105 przychodzi sztuczna sk\u00f3ra wega\u0144ska na bazie biologicznej. Biologiczna sztuczna sk\u00f3ra wega\u0144ska jest r\u00f3wnie\u017c niezwykle mi\u0119kka i wygodna, wi\u0119c nie po\u015bwi\u0119cisz komfortu na rzecz trwa\u0142o\u015bci.<\/p>\n<div class=\"clear\"><\/div>\n<\/div>\n<div class=\"feature-item\">\n<img decoding=\"async\" alt=\"Dodatkowo, wodoodporny materia\u0142 sk\u00f3rzany jest dost\u0119pny w szerokiej gamie kolor\u00f3w i styl\u00f3w, dzi\u0119ki czemu mo\u017cna znale\u017a\u0107 idealny wygl\u0105d dla swojego samochodu\" class=\"feature-image left\" src=\"\/wp-content\/uploads\/2025\/08\/chemical-resistance-bio-based-faux-vegan-leather-for-car-seat-covers-35097.png\"\/><\/p>\n<h3>Plus, <strong>Obs\u0142uga wodoodpornych materia\u0142\u00f3w sk\u00f3rzanych<\/strong> jest dost\u0119pny w szerokiej gamie kolor\u00f3w i styl\u00f3w, dzi\u0119ki czemu mo\u017cna znale\u017a\u0107 idealny wygl\u0105d dla swojego samochodu<\/h3>\n<p>Plus, <strong>Obs\u0142uga wodoodpornych materia\u0142\u00f3w sk\u00f3rzanych<\/strong> Jest on dost\u0119pny w szerokiej gamie kolor\u00f3w i styl\u00f3w, dzi\u0119ki czemu mo\u017cna znale\u017a\u0107 idealny wygl\u0105d dla swojego samochodu. Og\u00f3lnie rzecz bior\u0105c, je\u015bli szukasz trwa\u0142ego, wygodnego i przyjaznego dla \u015brodowiska materia\u0142u na pokrowce na fotele samochodowe, sztuczna sk\u00f3ra wega\u0144ska na bazie biologicznej jest \u015bwietn\u0105 opcj\u0105 do rozwa\u017cenia.<\/p>\n<div class=\"clear\"><\/div>\n<\/div>\n<div class=\"feature-item\">\n<img decoding=\"async\" alt=\"Jego odporno\u015b\u0107 chemiczna i d\u0142ugotrwa\u0142a wytrzyma\u0142o\u015b\u0107 sprawiaj\u0105, \u017ce jest to m\u0105dra inwestycja, a jego mi\u0119kko\u015b\u0107 w dotyku i stylowy wygl\u0105d sprawi\u0105, \u017ce Tw\u00f3j samoch\u00f3d b\u0119dzie wygl\u0105da\u0142 i czu\u0142 si\u0119 \u015bwietnie\" class=\"feature-image left\" src=\"\/wp-content\/uploads\/2025\/08\/chemical-resistance-bio-based-faux-vegan-leather-for-car-seat-covers-35098.png\"\/><\/p>\n<h3>Jego odporno\u015b\u0107 chemiczna i d\u0142ugotrwa\u0142a wytrzyma\u0142o\u015b\u0107 sprawiaj\u0105, \u017ce jest to m\u0105dra inwestycja, a jego mi\u0119kko\u015b\u0107 w dotyku i stylowy wygl\u0105d sprawi\u0105, \u017ce Tw\u00f3j samoch\u00f3d b\u0119dzie wygl\u0105da\u0142 i czu\u0142 si\u0119 \u015bwietnie<\/h3>\n<p>Jego odporno\u015b\u0107 chemiczna i d\u0142ugotrwa\u0142a wytrzyma\u0142o\u015b\u0107 sprawiaj\u0105, \u017ce jest to m\u0105dra inwestycja, a jego mi\u0119kki w dotyku i stylowy wygl\u0105d sprawi, \u017ce Tw\u00f3j samoch\u00f3d b\u0119dzie wygl\u0105da\u0142 i czu\u0142 si\u0119 \u015bwietnie.<\/p>\n<div class=\"clear\"><\/div>\n<\/div>\n<div class=\"feature-item\">\n<img decoding=\"async\" alt=\"Wysoka wytrzyma\u0142o\u015b\u0107 na rozdarcie - sztuczna sk\u00f3ra Ultrasuede z mikrofibry do r\u0119kawiczek rowerowych\" class=\"feature-image left\" src=\"\/wp-content\/uploads\/2025\/08\/07mm-ultrasuede-microfiber-faux-leather-for-cycling-gloves--37882.jpg\"\/><\/p>\n<h3>Wysoka wytrzyma\u0142o\u015b\u0107 na rozerwanie<\/h3>\n<p>Nasza sk\u00f3ra z mikrofibry Ultrasuede charakteryzuje si\u0119 wyj\u0105tkow\u0105 odporno\u015bci\u0105 na rozdarcia, dzi\u0119ki czemu nie p\u0119ka ani nie odkszta\u0142ca si\u0119 \u0142atwo pod wp\u0142ywem napr\u0119\u017ce\u0144. Dzi\u0119ki temu idealnie nadaje si\u0119 do produkt\u00f3w wymagaj\u0105cych trwa\u0142o\u015bci i d\u0142ugotrwa\u0142ej wydajno\u015bci.<\/p>\n<div class=\"clear\"><\/div>\n<\/div>\n<div class=\"feature-item\">\n<img decoding=\"async\" alt=\"Zachowanie kszta\u0142tu - Ultrasuede, mikrofibra, sztuczna sk\u00f3ra dla r\u0119kawiczek kolarskich\" class=\"feature-image right\" src=\"\/wp-content\/uploads\/2025\/08\/07mm-ultrasuede-microfiber-faux-leather-for-cycling-gloves--37883.jpg\"\/><\/p>\n<h3>Nie\u0142atwe do odkszta\u0142cenia<\/h3>\n<p>Poddany specjalnej obr\u00f3bce w celu zachowania oryginalnego kszta\u0142tu, materia\u0142 ten oferuje doskona\u0142\u0105 elastyczno\u015b\u0107 i stabilno\u015b\u0107. Jest odporny na odkszta\u0142cenia spowodowane naciskiem zewn\u0119trznym lub rozci\u0105ganiem, dzi\u0119ki czemu produkty pozostaj\u0105 nienaruszone i atrakcyjne przez d\u0142ugi czas.<\/p>\n<div class=\"clear\"><\/div>\n<\/div>\n<div class=\"feature-item\">\n<img decoding=\"async\" alt=\"Wytrzyma\u0142o\u015b\u0107 - r\u0119kawiczki kolarskie z mikrofibry i sztucznej sk\u00f3ry Ultrasuede\" class=\"feature-image left\" src=\"\/wp-content\/uploads\/2025\/08\/07mm-ultrasuede-microfiber-faux-leather-for-cycling-gloves--37884.jpg\"\/><\/p>\n<h3>Trwa\u0142o\u015b\u0107<\/h3>\n<p>Niezwykle odporny na \u015bcieranie, rozdarcia i przebicia materia\u0142 sprawia, \u017ce r\u0119kawice pozostaj\u0105 w doskona\u0142ym stanie nawet przy d\u0142ugotrwa\u0142ym u\u017cytkowaniu. Zachowuje r\u00f3wnie\u017c doskona\u0142\u0105 zr\u0119czno\u015b\u0107 i wytrzyma\u0142o\u015b\u0107 wysokiej jako\u015bci wyrob\u00f3w sk\u00f3rzanych.<\/p>\n<div class=\"clear\"><\/div>\n<\/div>\n<\/section>\n<section id=\"usage\">\n<h2>U\u017cycie i zastosowania<\/h2>\n<p><img decoding=\"async\" _src=\"\/wp-content\/uploads\/2025\/08\/chemical-resistance-bio-based-faux-vegan-leather-for-car-seat-covers-35099.png\" alt=\"Zastosowanie wysokiej jako\u015bci materia\u0142\u00f3w - pude\u0142ka ze sztucznej sk\u00f3ry Chiny, importowana sk\u00f3ra odzie\u017cowa\" src=\"\/wp-content\/uploads\/2025\/08\/chemical-resistance-bio-based-faux-vegan-leather-for-car-seat-covers-35099.png\"\/><\/p>\n<div class=\"usage-point\">\n<h3>To <strong>Torby sk\u00f3rzane z drugiej r\u0119ki<\/strong> Innowacyjny materia\u0142 jest wykonany z naturalnych, zr\u00f3wnowa\u017conych materia\u0142\u00f3w, kt\u00f3re s\u0105 odporne na szkodliwe dzia\u0142anie chemikali\u00f3w i innych trudnych substancji.<\/h3>\n<p>To <strong>Torby sk\u00f3rzane z drugiej r\u0119ki<\/strong> Innowacyjny materia\u0142 jest wykonany z naturalnych, zr\u00f3wnowa\u017conych materia\u0142\u00f3w, kt\u00f3re s\u0105 odporne na szkodliwe dzia\u0142anie chemikali\u00f3w i innych trudnych substancji. Jest idealny do fotelik\u00f3w samochodowych, poniewa\u017c nie zniszczy si\u0119 ani nie ulegnie degradacji z up\u0142ywem czasu, nawet przy intensywnym u\u017cytkowaniu.<\/p>\n<\/div>\n<div class=\"usage-point\">\n<h3>Wygodne i oddychaj\u0105ce<\/h3>\n<p>Mi\u0119kki, wygodny i wysoce oddychaj\u0105cy materia\u0142 jest idealny do r\u0119kawiczek rowerowych i innych produkt\u00f3w noszonych przez d\u0142u\u017cszy czas. Utrzymuje d\u0142onie w ch\u0142odzie i sucho\u015bci podczas intensywnych aktywno\u015bci.<\/p>\n<\/div>\n<div class=\"usage-point\">\n<h3>Przyjazny dla \u015brodowiska i zr\u00f3wnowa\u017cony<\/h3>\n<p>Nasza sztuczna sk\u00f3ra z mikrofibry Ultrasuede obejmuje opcje przyjazne dla \u015brodowiska, takie jak warianty wykonane z przetworzonego PET i materia\u0142\u00f3w ro\u015blinnych, zmniejszaj\u0105c wp\u0142yw na \u015brodowisko, oferuj\u0105c jednocze\u015bnie r\u00f3\u017cnorodne tekstury.<\/p>\n<\/div>\n<div class=\"usage-point\">\n<h3>Ochrona antybakteryjna i przeciwpy\u0142owa<\/h3>\n<p>Wybrane warianty charakteryzuj\u0105 si\u0119 w\u0142a\u015bciwo\u015bciami antybakteryjnymi i py\u0142oszczelnymi, spe\u0142niaj\u0105c wysokie standardy higieny idealne dla r\u0119kawic wymagaj\u0105cych \u015bcis\u0142ej kontroli jako\u015bci i bezpiecze\u0144stwa.<\/p>\n<\/div>\n<div class=\"usage-point\">\n<h3>R\u00f3\u017cnorodne scenariusze zastosowa\u0144<\/h3>\n<p>Opr\u00f3cz r\u0119kawiczek rowerowych, nadaje si\u0119 do r\u0119kawiczek z palcami, r\u0119kawic ochronnych i r\u00f3\u017cnych innych rodzaj\u00f3w r\u0119kawic, a tak\u017ce obuwia, odzie\u017cy i akcesori\u00f3w.<\/p>\n<\/div>\n<p><img decoding=\"async\" alt=\"Zastosowania sztucznej sk\u00f3ry z mikrofibry Ultrasuede 0,7 mm w r\u00f3\u017cnych produktach\" class=\"product-image\" src=\"\/wp-content\/uploads\/2025\/08\/07mm-ultrasuede-microfiber-faux-leather-for-cycling-gloves--37885.jpg\"\/><br \/>\n<img decoding=\"async\" alt=\"R\u0119kawiczki kolarskie wykonane z mikrofibry Ultrasuede - przyk\u0142ad produktu\" class=\"product-image\" src=\"\/wp-content\/uploads\/2025\/08\/07mm-ultrasuede-microfiber-faux-leather-for-cycling-gloves--37886.jpg\"\/><br \/>\n<\/section>\n<p><\/main><\/p>\n<section id=\"inquiry\">\n<h2 style=\"text-align: center;\">Z powa\u017caniem czekam na Twoje zapytanie!<\/h2>\n<p style=\"text-align: center;\">Skontaktuj si\u0119 z nami ju\u017c dzi\u015b, aby dowiedzie\u0107 si\u0119 wi\u0119cej o naszych produktach i z\u0142o\u017cy\u0107 zam\u00f3wienie.<\/p>\n<\/section>\n\n    <div class=\"xs_social_share_widget xs_share_url after_content \t\tmain_content  wslu-style-1 wslu-share-box-shaped wslu-fill-colored wslu-none wslu-share-horizontal wslu-theme-font-no wslu-main_content\">\n\n\t\t\n        <ul>\n\t\t\t        <\/ul>\n    <\/div>","protected":false},"excerpt":{"rendered":"<div class=\"product-short-description\">Produkty Odporno\u015b\u0107 chemiczna Bio Based Faux Vegan Leather For Car Seat Covers WINIW Odporno\u015b\u0107 chemiczna Bio Based Faux Vegan Leather For Car Seat Covers Kluczowe cechy obejmuj\u0105: Idealny dla os\u00f3b poszukuj\u0105cych jako\u015bci i niezawodno\u015bci.<\/p>\n<p>Jako bezpo\u015brednia fabryka, producent i hurtownik mo\u017cemy \u015bci\u015ble kontrolowa\u0107 proces produkcji, aby zapewni\u0107 jako\u015b\u0107 produktu, zapewniaj\u0105c jednocze\u015bnie najkorzystniejsze ceny. Dysponujemy zaawansowanym sprz\u0119tem produkcyjnym i profesjonalnym zespo\u0142em technicznym, aby sprosta\u0107 potrzebom zam\u00f3wie\u0144 na du\u017c\u0105 skal\u0119 i zapewni\u0107 terminow\u0105 dostaw\u0119.<\/p>\n<\/div>","protected":false},"featured_media":4890,"template":"","meta":[],"product_brand":[],"product_cat":[293],"product_tag":[],"class_list":{"0":"post-29510","1":"product","2":"type-product","3":"status-publish","4":"has-post-thumbnail","6":"product_cat-products","8":"first","9":"instock","10":"product-type-simple"},"_links":{"self":[{"href":"https:\/\/www.eco-leather.com\/pl\/wp-json\/wp\/v2\/product\/29510","targetHints":{"allow":["GET"]}}],"collection":[{"href":"https:\/\/www.eco-leather.com\/pl\/wp-json\/wp\/v2\/product"}],"about":[{"href":"https:\/\/www.eco-leather.com\/pl\/wp-json\/wp\/v2\/types\/product"}],"wp:featuredmedia":[{"embeddable":true,"href":"https:\/\/www.eco-leather.com\/pl\/wp-json\/wp\/v2\/media\/4890"}],"wp:attachment":[{"href":"https:\/\/www.eco-leather.com\/pl\/wp-json\/wp\/v2\/media?parent=29510"}],"wp:term":[{"taxonomy":"product_brand","embeddable":true,"href":"https:\/\/www.eco-leather.com\/pl\/wp-json\/wp\/v2\/product_brand?post=29510"},{"taxonomy":"product_cat","embeddable":true,"href":"https:\/\/www.eco-leather.com\/pl\/wp-json\/wp\/v2\/product_cat?post=29510"},{"taxonomy":"product_tag","embeddable":true,"href":"https:\/\/www.eco-leather.com\/pl\/wp-json\/wp\/v2\/product_tag?post=29510"}],"curies":[{"name":"wp","href":"https:\/\/api.w.org\/{rel}","templated":true}]}}