{"id":29504,"date":"2025-09-07T11:04:07","date_gmt":"2025-09-07T03:04:07","guid":{"rendered":"https:\/\/www.eco-leather.com\/product\/water-based-pu-material-microfiber-leather-for-cars\/"},"modified":"2025-09-07T11:04:09","modified_gmt":"2025-09-07T03:04:09","slug":"wodny-material-pu-z-mikrofibry-do-samochodow","status":"publish","type":"product","link":"https:\/\/www.eco-leather.com\/pl\/wodny-material-pu-z-mikrofibry-do-samochodow\/","title":{"rendered":"Sk\u00f3ra z mikrofibry na bazie wody do samochod\u00f3w"},"content":{"rendered":"<h2>Produkt z tkaniny premium - sk\u00f3rzane fotele samochodowe dla psa, bia\u0142y materia\u0142 Meesho<\/h2>\n<p><main><\/p>\n<section id=\"product-overview\">\n<h2>Opis produktu<\/h2>\n<p>Na bazie wody <strong>Faux Leather Spandex<\/strong> Materia\u0142 PU Sk\u00f3ra z mikrofibry do samochod\u00f3w 01 - Specyfikacje i opisy<\/p>\n<p>Produkt <strong>Pude\u0142ka ze sztucznej sk\u00f3ry Chiny<\/strong> Informacje Sk\u00f3ra z mikrofibry na bazie wodnego materia\u0142u PU jest r\u00f3wnie\u017c opcj\u0105 \u0142atw\u0105 w utrzymaniu, poniewa\u017c jest \u0142atwa w czyszczeniu i nie wymaga du\u017cego wysi\u0142ku. Mo\u017cna j\u0105 przetrze\u0107 i wyczy\u015bci\u0107 wilgotn\u0105 \u015bciereczk\u0105, co czyni j\u0105 idealnym rozwi\u0105zaniem dla zapracowanych w\u0142a\u015bcicieli samochod\u00f3w, kt\u00f3rzy potrzebuj\u0105 materia\u0142u \u0142atwego w utrzymaniu.<\/p>\n<p>Wykonane z wysokiej jako\u015bci materia\u0142\u00f3w z mikrofibry, nasze r\u0119kawiczki Ultrasuede Microfiber Faux Leather 0,7 mm to idealny wyb\u00f3r na r\u0119kawiczki rowerowe. R\u00f3wnowa\u017cy elastyczno\u015b\u0107 i wytrzyma\u0142o\u015b\u0107, oferuj\u0105c wyj\u0105tkow\u0105 oddychalno\u015b\u0107 i w\u0142a\u015bciwo\u015bci odprowadzania wilgoci, aby d\u0142onie by\u0142y ch\u0142odne i suche podczas intensywnych przeja\u017cd\u017cek.<\/p>\n<p>Niezale\u017cnie od tego, czy jeste\u015b profesjonalnym rowerzyst\u0105, czy je\u017adzisz rekreacyjnie, materia\u0142 Microfiber Leather zapewnia niezr\u00f3wnany komfort i ochron\u0119. Jego wysoka odporno\u015b\u0107 na \u015bcieranie i rozdarcia zapewnia d\u0142ugotrwa\u0142\u0105 wydajno\u015b\u0107, a elegancki wygl\u0105d dodaje wyrafinowanego akcentu ka\u017cdemu zestawowi rowerowemu.<\/p>\n<\/section>\n<section id=\"specifications\">\n<h2>Parametry techniczne<\/h2>\n<p>Parametr <strong>Sk\u00f3ra odzie\u017cowa Importowane<\/strong> Szczeg\u00f3\u0142y Tekstura G\u0142adka Szeroko\u015b\u0107 54, 137 cm Kolor Czarny, Bia\u0142y, Czerwony, Niebieski, Zielony, \u017b\u00f3\u0142ty, R\u00f3\u017cowy, Be\u017cowy, Kolory niestandardowe Cecha Ekologiczny, Anty-ple\u015bniowy, Antystatyczny itp.<\/p>\n<p>Zastosowanie Wn\u0119trze samochodu Materia\u0142 Sk\u00f3ra syntetyczna \/ Sztuczna sk\u00f3ra \/ Tkanina ze sztucznej sk\u00f3ry \/ Tkanina ze sztucznej sk\u00f3ry Opakowanie Rolki Grubo\u015b\u0107 1,2 mm MOQ 500 metr\u00f3w<\/p>\n<p><img decoding=\"async\" alt=\"R\u0119kawiczki kolarskie z mikrofibry 0,7 mm Ultrasuede - specyfikacja materia\u0142owa\" class=\"product-image\" src=\"\/wp-content\/uploads\/2025\/08\/07mm-ultrasuede-microfiber-faux-leather-for-cycling-gloves--37881.jpg\"\/><\/p>\n<h3>Parametry produktu<\/h3>\n<ul class=\"parameters-list\">\n<li><span class=\"param-name\">Materia\u0142:<\/span> Mikrofibra + PU<\/li>\n<li><span class=\"param-name\">Kolor:<\/span> Czarny, szary, be\u017cowy (dost\u0119pne kolory niestandardowe)<\/li>\n<li><span class=\"param-name\">Grubo\u015b\u0107:<\/span> 0,6 mm, 0,7 mm, 0,8 mm, 1 mm<\/li>\n<li><span class=\"param-name\">Minimalna ilo\u015b\u0107 zam\u00f3wienia:<\/span> 300 metr\u00f3w bie\u017c\u0105cych<\/li>\n<li><span class=\"param-name\">D\u0142ugo\u015b\u0107 rolki:<\/span> 20-30 m\/rolka<\/li>\n<li><span class=\"param-name\">Czas dostawy:<\/span> 15-20 dni<\/li>\n<li><span class=\"param-name\">Szeroko\u015b\u0107:<\/span> 54\u2033, 137 cm<\/li>\n<li><span class=\"param-name\">Zdolno\u015b\u0107 produkcyjna:<\/span> 1 000 000 metr\u00f3w miesi\u0119cznie<\/li>\n<\/ul>\n<\/section>\n<section id=\"features\">\n<h2>Cechy produktu<\/h2>\n<div class=\"feature-item\">\n<img decoding=\"async\" alt=\"Wodoodporny materia\u0142 sk\u00f3rzany ServicePU z mikrofibry do samochod\u00f3w to rewolucyjny materia\u0142, kt\u00f3ry szturmem podbija bran\u017c\u0119 motoryzacyjn\u0105\" class=\"feature-image left\" src=\"\/wp-content\/uploads\/2025\/08\/water-based-pu-material-microfiber-leather-for-cars-35080.png\"\/><\/p>\n<h3>Na bazie wody <strong>Obs\u0142uga wodoodpornych materia\u0142\u00f3w sk\u00f3rzanych<\/strong> Materia\u0142 PU z mikrofibry do samochod\u00f3w to rewolucyjny materia\u0142, kt\u00f3ry szturmem podbija bran\u017c\u0119 motoryzacyjn\u0105<\/h3>\n<p>Na bazie wody <strong>Obs\u0142uga wodoodpornych materia\u0142\u00f3w sk\u00f3rzanych<\/strong> Sk\u00f3ra PU z mikrofibry do samochod\u00f3w to rewolucyjny materia\u0142, kt\u00f3ry szturmem podbija bran\u017c\u0119 motoryzacyjn\u0105. Jest to nie tylko opcja przyjazna dla \u015brodowiska, ale tak\u017ce oferuje najwy\u017csz\u0105 jako\u015b\u0107 i trwa\u0142o\u015b\u0107.<\/p>\n<div class=\"clear\"><\/div>\n<\/div>\n<div class=\"feature-item\">\n<img decoding=\"async\" alt=\"Jedn\u0105 z g\u0142\u00f3wnych zalet wodoodpornych materia\u0142\u00f3w na sofy z mikrofibry jest ich ekologiczno\u015b\u0107\" class=\"feature-image left\" src=\"\/wp-content\/uploads\/2025\/08\/water-based-pu-material-microfiber-leather-for-cars-35081.png\"\/><\/p>\n<h3>Jeden <strong>Hurtownia wodoodpornych materia\u0142\u00f3w na sofy<\/strong> Jedn\u0105 z g\u0142\u00f3wnych zalet wodorozcie\u0144czalnego materia\u0142u PU z mikrofibry jest jego przyjazno\u015b\u0107 dla \u015brodowiska.<\/h3>\n<p>Jeden <strong>Hurtownia wodoodpornych materia\u0142\u00f3w na sofy<\/strong> Jedn\u0105 z g\u0142\u00f3wnych zalet mikrofibry na bazie wody jest jej przyjazno\u015b\u0107 dla \u015brodowiska. Jest to zr\u00f3wnowa\u017cona i bardziej ekologiczna alternatywa dla tradycyjnej sk\u00f3ry, poniewa\u017c jest wykonana z materia\u0142\u00f3w syntetycznych i nie zawiera \u017cadnych produkt\u00f3w ubocznych pochodzenia zwierz\u0119cego.<\/p>\n<div class=\"clear\"><\/div>\n<\/div>\n<div class=\"feature-item\">\n<img decoding=\"async\" alt=\"Ta wodoodporna sztuczna sk\u00f3ra na zam\u00f3wienie oznacza, \u017ce nie przyczynia si\u0119 do wylesiania ani traktowania zwierz\u0105t dla ich sk\u00f3ry\" class=\"feature-image left\" src=\"\/wp-content\/uploads\/2025\/08\/water-based-pu-material-microfiber-leather-for-cars-35082.png\"\/><\/p>\n<h3>To <strong>Wodoodporna sztuczna sk\u00f3ra na zam\u00f3wienie<\/strong> oznacza, \u017ce nie przyczynia si\u0119 do wylesiania lub traktowania zwierz\u0105t dla ich sk\u00f3ry.<\/h3>\n<p>To <strong>Wodoodporna sztuczna sk\u00f3ra na zam\u00f3wienie<\/strong> oznacza to, \u017ce nie przyczynia si\u0119 do wylesiania ani traktowania zwierz\u0105t dla ich sk\u00f3ry. Dodatkowo, mikrofibra z materia\u0142u PU na bazie wody oferuje lepsz\u0105 trwa\u0142o\u015b\u0107 ni\u017c tradycyjna sk\u00f3ra.<\/p>\n<div class=\"clear\"><\/div>\n<\/div>\n<div class=\"feature-item\">\n<img decoding=\"async\" alt=\"Jest odporny na zadrapania, plamy i blakni\u0119cie oraz wytrzymuje d\u0142u\u017cej ni\u017c inne materia\u0142y\" class=\"feature-image left\" src=\"\/wp-content\/uploads\/2025\/08\/water-based-pu-material-microfiber-leather-for-cars-35083.png\"\/><\/p>\n<h3>Jest odporny na zadrapania, plamy i blakni\u0119cie oraz wytrzymuje d\u0142u\u017cej ni\u017c inne materia\u0142y<\/h3>\n<p>Jest on odporny na zadrapania, plamy i blakni\u0119cie oraz wytrzymuje d\u0142u\u017cej ni\u017c inne materia\u0142y. To z kolei pozwala zaoszcz\u0119dzi\u0107 pieni\u0105dze i zmniejszy\u0107 ilo\u015b\u0107 odpad\u00f3w, poniewa\u017c materia\u0142 nie musi by\u0107 wymieniany tak cz\u0119sto.<\/p>\n<div class=\"clear\"><\/div>\n<\/div>\n<div class=\"feature-item\">\n<img decoding=\"async\" alt=\"Wysoka wytrzyma\u0142o\u015b\u0107 na rozdarcie - sztuczna sk\u00f3ra Ultrasuede z mikrofibry do r\u0119kawiczek rowerowych\" class=\"feature-image left\" src=\"\/wp-content\/uploads\/2025\/08\/07mm-ultrasuede-microfiber-faux-leather-for-cycling-gloves--37882.jpg\"\/><\/p>\n<h3>Wysoka wytrzyma\u0142o\u015b\u0107 na rozerwanie<\/h3>\n<p>Nasza sk\u00f3ra z mikrofibry Ultrasuede charakteryzuje si\u0119 wyj\u0105tkow\u0105 odporno\u015bci\u0105 na rozdarcia, dzi\u0119ki czemu nie p\u0119ka ani nie odkszta\u0142ca si\u0119 \u0142atwo pod wp\u0142ywem napr\u0119\u017ce\u0144. Dzi\u0119ki temu idealnie nadaje si\u0119 do produkt\u00f3w wymagaj\u0105cych trwa\u0142o\u015bci i d\u0142ugotrwa\u0142ej wydajno\u015bci.<\/p>\n<div class=\"clear\"><\/div>\n<\/div>\n<div class=\"feature-item\">\n<img decoding=\"async\" alt=\"Zachowanie kszta\u0142tu - Ultrasuede, mikrofibra, sztuczna sk\u00f3ra dla r\u0119kawiczek kolarskich\" class=\"feature-image right\" src=\"\/wp-content\/uploads\/2025\/08\/07mm-ultrasuede-microfiber-faux-leather-for-cycling-gloves--37883.jpg\"\/><\/p>\n<h3>Nie\u0142atwe do odkszta\u0142cenia<\/h3>\n<p>Poddany specjalnej obr\u00f3bce w celu zachowania oryginalnego kszta\u0142tu, materia\u0142 ten oferuje doskona\u0142\u0105 elastyczno\u015b\u0107 i stabilno\u015b\u0107. Jest odporny na odkszta\u0142cenia spowodowane naciskiem zewn\u0119trznym lub rozci\u0105ganiem, dzi\u0119ki czemu produkty pozostaj\u0105 nienaruszone i atrakcyjne przez d\u0142ugi czas.<\/p>\n<div class=\"clear\"><\/div>\n<\/div>\n<div class=\"feature-item\">\n<img decoding=\"async\" alt=\"Wytrzyma\u0142o\u015b\u0107 - r\u0119kawiczki kolarskie z mikrofibry i sztucznej sk\u00f3ry Ultrasuede\" class=\"feature-image left\" src=\"\/wp-content\/uploads\/2025\/08\/07mm-ultrasuede-microfiber-faux-leather-for-cycling-gloves--37884.jpg\"\/><\/p>\n<h3>Trwa\u0142o\u015b\u0107<\/h3>\n<p>Niezwykle odporny na \u015bcieranie, rozdarcia i przebicia materia\u0142 sprawia, \u017ce r\u0119kawice pozostaj\u0105 w doskona\u0142ym stanie nawet przy d\u0142ugotrwa\u0142ym u\u017cytkowaniu. Zachowuje r\u00f3wnie\u017c doskona\u0142\u0105 zr\u0119czno\u015b\u0107 i wytrzyma\u0142o\u015b\u0107 wysokiej jako\u015bci wyrob\u00f3w sk\u00f3rzanych.<\/p>\n<div class=\"clear\"><\/div>\n<\/div>\n<\/section>\n<p><\/main><\/p>\n<section id=\"inquiry\">\n<h2 style=\"text-align: center;\">Z powa\u017caniem czekam na Twoje zapytanie!<\/h2>\n<p style=\"text-align: center;\">Skontaktuj si\u0119 z nami ju\u017c dzi\u015b, aby dowiedzie\u0107 si\u0119 wi\u0119cej o naszych produktach i z\u0142o\u017cy\u0107 zam\u00f3wienie.<\/p>\n<\/section>\n\n    <div class=\"xs_social_share_widget xs_share_url after_content \t\tmain_content  wslu-style-1 wslu-share-box-shaped wslu-fill-colored wslu-none wslu-share-horizontal wslu-theme-font-no wslu-main_content\">\n\n\t\t\n        <ul>\n\t\t\t        <\/ul>\n    <\/div>","protected":false},"excerpt":{"rendered":"<div class=\"product-short-description\">Produkty Materia\u0142 PU na bazie wody Sk\u00f3ra z mikrofibry do samochod\u00f3w WINIW Materia\u0142 PU na bazie wody Sk\u00f3ra z mikrofibry do samochod\u00f3w Kluczowe cechy to: Idealny dla os\u00f3b poszukuj\u0105cych jako\u015bci i niezawodno\u015bci.<\/p>\n<p>Jako bezpo\u015brednia fabryka, producent i hurtownik mo\u017cemy \u015bci\u015ble kontrolowa\u0107 proces produkcji, aby zapewni\u0107 jako\u015b\u0107 produktu, zapewniaj\u0105c jednocze\u015bnie najkorzystniejsze ceny. Dysponujemy zaawansowanym sprz\u0119tem produkcyjnym i profesjonalnym zespo\u0142em technicznym, aby sprosta\u0107 potrzebom zam\u00f3wie\u0144 na du\u017c\u0105 skal\u0119 i zapewni\u0107 terminow\u0105 dostaw\u0119.<\/p>\n<\/div>","protected":false},"featured_media":4878,"template":"","meta":[],"product_brand":[],"product_cat":[293],"product_tag":[],"class_list":{"0":"post-29504","1":"product","2":"type-product","3":"status-publish","4":"has-post-thumbnail","6":"product_cat-products","8":"first","9":"instock","10":"product-type-simple"},"_links":{"self":[{"href":"https:\/\/www.eco-leather.com\/pl\/wp-json\/wp\/v2\/product\/29504","targetHints":{"allow":["GET"]}}],"collection":[{"href":"https:\/\/www.eco-leather.com\/pl\/wp-json\/wp\/v2\/product"}],"about":[{"href":"https:\/\/www.eco-leather.com\/pl\/wp-json\/wp\/v2\/types\/product"}],"wp:featuredmedia":[{"embeddable":true,"href":"https:\/\/www.eco-leather.com\/pl\/wp-json\/wp\/v2\/media\/4878"}],"wp:attachment":[{"href":"https:\/\/www.eco-leather.com\/pl\/wp-json\/wp\/v2\/media?parent=29504"}],"wp:term":[{"taxonomy":"product_brand","embeddable":true,"href":"https:\/\/www.eco-leather.com\/pl\/wp-json\/wp\/v2\/product_brand?post=29504"},{"taxonomy":"product_cat","embeddable":true,"href":"https:\/\/www.eco-leather.com\/pl\/wp-json\/wp\/v2\/product_cat?post=29504"},{"taxonomy":"product_tag","embeddable":true,"href":"https:\/\/www.eco-leather.com\/pl\/wp-json\/wp\/v2\/product_tag?post=29504"}],"curies":[{"name":"wp","href":"https:\/\/api.w.org\/{rel}","templated":true}]}}