{"id":29497,"date":"2025-09-07T11:03:56","date_gmt":"2025-09-07T03:03:56","guid":{"rendered":"https:\/\/www.eco-leather.com\/product\/0-5mm-microfiber-suede-pu-faux-suede-leather-jewelry-box-material\/"},"modified":"2025-09-07T11:04:03","modified_gmt":"2025-09-07T03:04:03","slug":"pudelko-na-bizuterie-ze-sztucznej-skory-zamszowej-o-grubosci-0-mm-z-mikrofibry-pu","status":"publish","type":"product","link":"https:\/\/www.eco-leather.com\/pl\/pudelko-na-bizuterie-ze-sztucznej-skory-zamszowej-o-grubosci-0-mm-z-mikrofibry-pu\/","title":{"rendered":"0,5 mm zamsz z mikrofibry PU Faux Suede Sk\u00f3rzane pude\u0142ko na bi\u017cuteri\u0119 Materia\u0142"},"content":{"rendered":"<h2>Trwa\u0142y materia\u0142 na sprzeda\u017c - u\u017cywane torby sk\u00f3rzane, sk\u00f3rzane fotele samochodowe, pies serwisowy<\/h2>\n<p><main><\/p>\n<section id=\"product-overview\">\n<h2>Opis produktu<\/h2>\n<p>0,5 mm <strong>Podeszwa ze sztucznej sk\u00f3ry<\/strong> Sk\u00f3rzane pude\u0142ko na bi\u017cuteri\u0119 z mikrofibry PU Faux Suede Materia\u0142 01-Specyfikacja i opisy<\/p>\n<p>Produkt <strong>Pude\u0142ka ze sztucznej sk\u00f3ry Chiny<\/strong> Informacje Przede wszystkim materia\u0142 ten jest luksusowy i mi\u0119kki w dotyku, dzi\u0119ki czemu idealnie nadaje si\u0119 do pude\u0142ek na bi\u017cuteri\u0119, w kt\u00f3rych nale\u017cy chroni\u0107 delikatne i cenne przedmioty.<\/p>\n<p>Tekstura przypominaj\u0105ca zamsz nadaje pude\u0142ku elegancki i wyrafinowany wygl\u0105d, kt\u00f3ry z pewno\u015bci\u0105 zrobi wra\u017cenie. Dodatkowo, <strong>Sk\u00f3ra odzie\u017cowa Importowane<\/strong> Sztuczna sk\u00f3ra zamszowa PU o grubo\u015bci 0,5 mm z mikrofibry jest bardzo trwa\u0142ym materia\u0142em, kt\u00f3ry mo\u017ce wytrzyma\u0107 zu\u017cycie, zapewniaj\u0105c, \u017ce pude\u0142ko na bi\u017cuteri\u0119 b\u0119dzie s\u0142u\u017cy\u0107 przez wiele lat.<\/p>\n<p>Jest r\u00f3wnie\u017c odporny na zarysowania i plamy, dzi\u0119ki czemu jest \u0142atwy w czyszczeniu i konserwacji. Ponadto, <strong>Torby sk\u00f3rzane z drugiej r\u0119ki<\/strong> Ten rodzaj materia\u0142u jest dost\u0119pny w szerokiej gamie kolor\u00f3w, co pozwala na niesko\u0144czone mo\u017cliwo\u015bci projektowania i dostosowywania.<\/p>\n<p>Od klasycznej czerni lub br\u0105zu po bardziej figlarne pastelowe odcienie, opcje kolorystyczne s\u0105 praktycznie nieograniczone.<\/p>\n<p>Wykonane z wysokiej jako\u015bci materia\u0142\u00f3w z mikrofibry, nasze r\u0119kawiczki Ultrasuede Microfiber Faux Leather 0,7 mm to idealny wyb\u00f3r na r\u0119kawiczki rowerowe. R\u00f3wnowa\u017cy elastyczno\u015b\u0107 i wytrzyma\u0142o\u015b\u0107, oferuj\u0105c wyj\u0105tkow\u0105 oddychalno\u015b\u0107 i w\u0142a\u015bciwo\u015bci odprowadzania wilgoci, aby d\u0142onie by\u0142y ch\u0142odne i suche podczas intensywnych przeja\u017cd\u017cek.<\/p>\n<p>Niezale\u017cnie od tego, czy jeste\u015b profesjonalnym rowerzyst\u0105, czy je\u017adzisz rekreacyjnie, materia\u0142 Microfiber Leather zapewnia niezr\u00f3wnany komfort i ochron\u0119. Jego wysoka odporno\u015b\u0107 na \u015bcieranie i rozdarcia zapewnia d\u0142ugotrwa\u0142\u0105 wydajno\u015b\u0107, a elegancki wygl\u0105d dodaje wyrafinowanego akcentu ka\u017cdemu zestawowi rowerowemu.<\/p>\n<\/section>\n<section id=\"specifications\">\n<h2>Parametry techniczne<\/h2>\n<p>Parametr <strong>Motoryzacja Fotele sk\u00f3rzane Pies s\u0142u\u017cbowy<\/strong> Szczeg\u00f3\u0142y Tekstura G\u0142adka Szeroko\u015b\u0107 54, 137 cm Kolor Czarny, Bia\u0142y, Czerwony, Niebieski, Zielony, \u017b\u00f3\u0142ty, R\u00f3\u017cowy, Be\u017cowy, Kolory niestandardowe Cecha Ekologiczny, Anty-ple\u015bniowy, Antystatyczny itp.<\/p>\n<p>Zastosowanie Dekoracja wy\u015bwietlacza, pude\u0142ko na bi\u017cuteri\u0119, stojaki ekspozycyjne, gablota, pude\u0142ka, pude\u0142ko na zegarek Grubo\u015b\u0107 0,4 mm-0,8 mm<\/p>\n<p><img decoding=\"async\" alt=\"R\u0119kawiczki kolarskie z mikrofibry 0,7 mm Ultrasuede - specyfikacja materia\u0142owa\" class=\"product-image\" src=\"\/wp-content\/uploads\/2025\/08\/07mm-ultrasuede-microfiber-faux-leather-for-cycling-gloves--37881.jpg\"\/><\/p>\n<h3>Parametry produktu<\/h3>\n<ul class=\"parameters-list\">\n<li><span class=\"param-name\">Materia\u0142:<\/span> Mikrofibra + PU<\/li>\n<li><span class=\"param-name\">Kolor:<\/span> Czarny, szary, be\u017cowy (dost\u0119pne kolory niestandardowe)<\/li>\n<li><span class=\"param-name\">Grubo\u015b\u0107:<\/span> 0,6 mm, 0,7 mm, 0,8 mm, 1 mm<\/li>\n<li><span class=\"param-name\">Minimalna ilo\u015b\u0107 zam\u00f3wienia:<\/span> 300 metr\u00f3w bie\u017c\u0105cych<\/li>\n<li><span class=\"param-name\">D\u0142ugo\u015b\u0107 rolki:<\/span> 20-30 m\/rolka<\/li>\n<li><span class=\"param-name\">Czas dostawy:<\/span> 15-20 dni<\/li>\n<li><span class=\"param-name\">Szeroko\u015b\u0107:<\/span> 54\u2033, 137 cm<\/li>\n<li><span class=\"param-name\">Zdolno\u015b\u0107 produkcyjna:<\/span> 1 000 000 metr\u00f3w miesi\u0119cznie<\/li>\n<\/ul>\n<\/section>\n<section id=\"usage\">\n<h2>U\u017cycie i zastosowania<\/h2>\n<p><img decoding=\"async\" _src=\"\/wp-content\/uploads\/2025\/08\/05mm-microfiber-suede-pu-faux-suede-leather-jewelry-box-material-35054.png\" alt=\"Trwa\u0142y materia\u0142 na sprzeda\u017c - u\u017cywane torby sk\u00f3rzane, sk\u00f3rzane fotele samochodowe, pies serwisowy\" src=\"\/wp-content\/uploads\/2025\/08\/05mm-microfiber-suede-pu-faux-suede-leather-jewelry-box-material-35054.png\"\/><\/p>\n<div class=\"usage-point\">\n<h3>Kiedy <strong>Wysokiej jako\u015bci torby ze sk\u00f3ry wega\u0144skiej<\/strong> Je\u015bli chodzi o projektowanie i tworzenie pude\u0142ka na bi\u017cuteri\u0119, u\u017cyty materia\u0142 jest kluczowym czynnikiem w osi\u0105gni\u0119ciu atrakcyjnego i trwa\u0142ego produktu ko\u0144cowego<\/h3>\n<p>Kiedy <strong>Wysokiej jako\u015bci torby ze sk\u00f3ry wega\u0144skiej<\/strong> Je\u015bli chodzi o projektowanie i tworzenie pude\u0142ka na bi\u017cuteri\u0119, u\u017cyty materia\u0142 jest kluczowym czynnikiem w uzyskaniu atrakcyjnego i trwa\u0142ego produktu ko\u0144cowego. Jednym z popularnych materia\u0142\u00f3w na pude\u0142ka na bi\u017cuteri\u0119 jest 0,5 mm mikrofibra zamszowa ze sztucznej sk\u00f3ry PU, kt\u00f3ra oferuje kilka korzy\u015bci.<\/p>\n<\/div>\n<div class=\"usage-point\">\n<h3>Wygodne i oddychaj\u0105ce<\/h3>\n<p>Mi\u0119kki, wygodny i wysoce oddychaj\u0105cy materia\u0142 jest idealny do r\u0119kawiczek rowerowych i innych produkt\u00f3w noszonych przez d\u0142u\u017cszy czas. Utrzymuje d\u0142onie w ch\u0142odzie i sucho\u015bci podczas intensywnych aktywno\u015bci.<\/p>\n<\/div>\n<div class=\"usage-point\">\n<h3>Przyjazny dla \u015brodowiska i zr\u00f3wnowa\u017cony<\/h3>\n<p>Nasza sztuczna sk\u00f3ra z mikrofibry Ultrasuede obejmuje opcje przyjazne dla \u015brodowiska, takie jak warianty wykonane z przetworzonego PET i materia\u0142\u00f3w ro\u015blinnych, zmniejszaj\u0105c wp\u0142yw na \u015brodowisko, oferuj\u0105c jednocze\u015bnie r\u00f3\u017cnorodne tekstury.<\/p>\n<\/div>\n<div class=\"usage-point\">\n<h3>Ochrona antybakteryjna i przeciwpy\u0142owa<\/h3>\n<p>Wybrane warianty charakteryzuj\u0105 si\u0119 w\u0142a\u015bciwo\u015bciami antybakteryjnymi i py\u0142oszczelnymi, spe\u0142niaj\u0105c wysokie standardy higieny idealne dla r\u0119kawic wymagaj\u0105cych \u015bcis\u0142ej kontroli jako\u015bci i bezpiecze\u0144stwa.<\/p>\n<\/div>\n<div class=\"usage-point\">\n<h3>R\u00f3\u017cnorodne scenariusze zastosowa\u0144<\/h3>\n<p>Opr\u00f3cz r\u0119kawiczek rowerowych, nadaje si\u0119 do r\u0119kawiczek z palcami, r\u0119kawic ochronnych i r\u00f3\u017cnych innych rodzaj\u00f3w r\u0119kawic, a tak\u017ce obuwia, odzie\u017cy i akcesori\u00f3w.<\/p>\n<\/div>\n<p><img decoding=\"async\" alt=\"Zastosowania sztucznej sk\u00f3ry z mikrofibry Ultrasuede 0,7 mm w r\u00f3\u017cnych produktach\" class=\"product-image\" src=\"\/wp-content\/uploads\/2025\/08\/07mm-ultrasuede-microfiber-faux-leather-for-cycling-gloves--37885.jpg\"\/><br \/>\n<img decoding=\"async\" alt=\"R\u0119kawiczki kolarskie wykonane z mikrofibry Ultrasuede - przyk\u0142ad produktu\" class=\"product-image\" src=\"\/wp-content\/uploads\/2025\/08\/07mm-ultrasuede-microfiber-faux-leather-for-cycling-gloves--37886.jpg\"\/><br \/>\n<\/section>\n<p><\/main><\/p>\n<section id=\"inquiry\">\n<h2 style=\"text-align: center;\">Z powa\u017caniem czekam na Twoje zapytanie!<\/h2>\n<p style=\"text-align: center;\">Skontaktuj si\u0119 z nami ju\u017c dzi\u015b, aby dowiedzie\u0107 si\u0119 wi\u0119cej o naszych produktach i z\u0142o\u017cy\u0107 zam\u00f3wienie.<\/p>\n<\/section>\n\n    <div class=\"xs_social_share_widget xs_share_url after_content \t\tmain_content  wslu-style-1 wslu-share-box-shaped wslu-fill-colored wslu-none wslu-share-horizontal wslu-theme-font-no wslu-main_content\">\n\n\t\t\n        <ul>\n\t\t\t        <\/ul>\n    <\/div>","protected":false},"excerpt":{"rendered":"<div class=\"product-short-description\">Produkty 0,5 mm Zamsz z mikrofibry PU Faux Suede Sk\u00f3rzane pude\u0142ko na bi\u017cuteri\u0119 WINIW 0,5 mm Zamsz z mikrofibry PU Faux Suede Sk\u00f3rzane pude\u0142ko na bi\u017cuteri\u0119 Kluczowe cechy obejmuj\u0105: Idealny dla os\u00f3b poszukuj\u0105cych jako\u015bci i niezawodno\u015bci.<\/p>\n<p>Jako bezpo\u015brednia fabryka, producent i hurtownik mo\u017cemy \u015bci\u015ble kontrolowa\u0107 proces produkcji, aby zapewni\u0107 jako\u015b\u0107 produktu, zapewniaj\u0105c jednocze\u015bnie najkorzystniejsze ceny. Dysponujemy zaawansowanym sprz\u0119tem produkcyjnym i profesjonalnym zespo\u0142em technicznym, aby sprosta\u0107 potrzebom zam\u00f3wie\u0144 na du\u017c\u0105 skal\u0119 i zapewni\u0107 terminow\u0105 dostaw\u0119.<\/p>\n<\/div>","protected":false},"featured_media":4862,"template":"","meta":[],"product_brand":[],"product_cat":[293],"product_tag":[19213],"class_list":{"0":"post-29497","1":"product","2":"type-product","3":"status-publish","4":"has-post-thumbnail","6":"product_cat-products","7":"product_tag-faux-leather-jewelryvegan-leather-jewelryvegan-leather-jewelry-casefaux-leather-jewelry-casefaux-leather-jewelry-bagfaux-leather-jewelry-box","9":"first","10":"instock","11":"product-type-simple"},"_links":{"self":[{"href":"https:\/\/www.eco-leather.com\/pl\/wp-json\/wp\/v2\/product\/29497","targetHints":{"allow":["GET"]}}],"collection":[{"href":"https:\/\/www.eco-leather.com\/pl\/wp-json\/wp\/v2\/product"}],"about":[{"href":"https:\/\/www.eco-leather.com\/pl\/wp-json\/wp\/v2\/types\/product"}],"wp:featuredmedia":[{"embeddable":true,"href":"https:\/\/www.eco-leather.com\/pl\/wp-json\/wp\/v2\/media\/4862"}],"wp:attachment":[{"href":"https:\/\/www.eco-leather.com\/pl\/wp-json\/wp\/v2\/media?parent=29497"}],"wp:term":[{"taxonomy":"product_brand","embeddable":true,"href":"https:\/\/www.eco-leather.com\/pl\/wp-json\/wp\/v2\/product_brand?post=29497"},{"taxonomy":"product_cat","embeddable":true,"href":"https:\/\/www.eco-leather.com\/pl\/wp-json\/wp\/v2\/product_cat?post=29497"},{"taxonomy":"product_tag","embeddable":true,"href":"https:\/\/www.eco-leather.com\/pl\/wp-json\/wp\/v2\/product_tag?post=29497"}],"curies":[{"name":"wp","href":"https:\/\/api.w.org\/{rel}","templated":true}]}}