{"id":29492,"date":"2025-09-07T11:03:56","date_gmt":"2025-09-07T03:03:56","guid":{"rendered":"https:\/\/www.eco-leather.com\/product\/aging-resistance-synthetic-pu-leather-for-sports-balls\/"},"modified":"2025-09-07T11:04:02","modified_gmt":"2025-09-07T03:04:02","slug":"aging-resistance-synthetic-pu-leather-for-sports-balls","status":"publish","type":"product","link":"https:\/\/www.eco-leather.com\/pl\/aging-resistance-synthetic-pu-leather-for-sports-balls\/","title":{"rendered":"Odporna na starzenie syntetyczna sk\u00f3ra PU do pi\u0142ek sportowych"},"content":{"rendered":"<h2>Durable material for sale &#8211; Faux Leather Boxes China, Second Hand Leather Bags<\/h2>\n<p><main><\/p>\n<section id=\"product-overview\">\n<h2>Opis produktu<\/h2>\n<p>Szybki <strong>Sk\u00f3ra pu z nadrukiem<\/strong> Szczeg\u00f3\u0142y: Opis:<\/p>\n<p>Z <strong>Motoryzacja Fotele sk\u00f3rzane Pies s\u0142u\u017cbowy<\/strong> its many benefits, it&#8217;s no wonder that Not Easy To Deform PU Material Microfiber Leather is a popular choice for football equipment manufacturers.<\/p>\n<p>Whether you&#8217;re a professional athlete or simply enjoy the game as a hobby, this material is worth considering for your next football-related purchase. So why wait Try Not Easy To Deform PU Material Microfiber Leather today and experience all its benefits for yourself!<\/p>\n<p>Wykonane z wysokiej jako\u015bci materia\u0142\u00f3w z mikrofibry, nasze r\u0119kawiczki Ultrasuede Microfiber Faux Leather 0,7 mm to idealny wyb\u00f3r na r\u0119kawiczki rowerowe. R\u00f3wnowa\u017cy elastyczno\u015b\u0107 i wytrzyma\u0142o\u015b\u0107, oferuj\u0105c wyj\u0105tkow\u0105 oddychalno\u015b\u0107 i w\u0142a\u015bciwo\u015bci odprowadzania wilgoci, aby d\u0142onie by\u0142y ch\u0142odne i suche podczas intensywnych przeja\u017cd\u017cek.<\/p>\n<p>Niezale\u017cnie od tego, czy jeste\u015b profesjonalnym rowerzyst\u0105, czy je\u017adzisz rekreacyjnie, materia\u0142 Microfiber Leather zapewnia niezr\u00f3wnany komfort i ochron\u0119. Jego wysoka odporno\u015b\u0107 na \u015bcieranie i rozdarcia zapewnia d\u0142ugotrwa\u0142\u0105 wydajno\u015b\u0107, a elegancki wygl\u0105d dodaje wyrafinowanego akcentu ka\u017cdemu zestawowi rowerowemu.<\/p>\n<\/section>\n<section id=\"specifications\">\n<h2>Parametry techniczne<\/h2>\n<ul class_=\"parameters-list\">\n<li><span class=\"param-name\">Specyfikacja:<\/span> <\/li>\n<\/ul>\n<p><img decoding=\"async\" alt=\"R\u0119kawiczki kolarskie z mikrofibry 0,7 mm Ultrasuede - specyfikacja materia\u0142owa\" class=\"product-image\" src=\"\/wp-content\/uploads\/2025\/08\/07mm-ultrasuede-microfiber-faux-leather-for-cycling-gloves--37881.jpg\"\/><\/p>\n<h3>Parametry produktu<\/h3>\n<ul class=\"parameters-list\">\n<li><span class=\"param-name\">Materia\u0142:<\/span> Mikrofibra + PU<\/li>\n<li><span class=\"param-name\">Kolor:<\/span> Czarny, szary, be\u017cowy (dost\u0119pne kolory niestandardowe)<\/li>\n<li><span class=\"param-name\">Grubo\u015b\u0107:<\/span> 0,6 mm, 0,7 mm, 0,8 mm, 1 mm<\/li>\n<li><span class=\"param-name\">Minimalna ilo\u015b\u0107 zam\u00f3wienia:<\/span> 300 metr\u00f3w bie\u017c\u0105cych<\/li>\n<li><span class=\"param-name\">D\u0142ugo\u015b\u0107 rolki:<\/span> 20-30 m\/rolka<\/li>\n<li><span class=\"param-name\">Czas dostawy:<\/span> 15-20 dni<\/li>\n<li><span class=\"param-name\">Szeroko\u015b\u0107:<\/span> 54\u2033, 137 cm<\/li>\n<li><span class=\"param-name\">Zdolno\u015b\u0107 produkcyjna:<\/span> 1 000 000 metr\u00f3w miesi\u0119cznie<\/li>\n<\/ul>\n<\/section>\n<section id=\"features\">\n<h2>Cechy produktu<\/h2>\n<div class=\"feature-item\">\n<img decoding=\"async\" alt=\"NotWaterproof Faux LeathermanEasy To Deform PU Material Microfiber Leather is an excellent choice for football applications\" class=\"feature-image left\" src=\"\/wp-content\/uploads\/2025\/08\/aging-resistance-synthetic-pu-leather-for-sports-balls-35038.png\"\/><\/p>\n<h3>Nie <strong>Wodoodporny Faux Leatherman<\/strong> \u0141atwy do odkszta\u0142cenia materia\u0142 PU - sk\u00f3ra z mikrofibry - to doskona\u0142y wyb\u00f3r do zastosowa\u0144 pi\u0142karskich.<\/h3>\n<p>Nie <strong>Wodoodporny Faux Leatherman<\/strong> \u0141atwy do odkszta\u0142cenia materia\u0142 PU Sk\u00f3ra z mikrofibry to doskona\u0142y wyb\u00f3r do zastosowa\u0144 pi\u0142karskich. Materia\u0142 ten zapewnia po\u0142\u0105czenie trwa\u0142o\u015bci, wygody i stylu, kt\u00f3re trudno znale\u017a\u0107 w innych materia\u0142ach.<\/p>\n<div class=\"clear\"><\/div>\n<\/div>\n<div class=\"feature-item\">\n<img decoding=\"async\" alt=\"Jest wysoce odporny na zu\u017cycie, dzi\u0119ki czemu idealnie nadaje si\u0119 do u\u017cytku w sytuacjach wysokiego stresu, takich jak te wyst\u0119puj\u0105ce podczas mecz\u00f3w pi\u0142ki no\u017cnej\" class=\"feature-image left\" src=\"\/wp-content\/uploads\/2025\/08\/aging-resistance-synthetic-pu-leather-for-sports-balls-35039.png\"\/><\/p>\n<h3>Jest wysoce odporny na zu\u017cycie, dzi\u0119ki czemu idealnie nadaje si\u0119 do u\u017cytku w sytuacjach wysokiego stresu, takich jak te wyst\u0119puj\u0105ce podczas mecz\u00f3w pi\u0142ki no\u017cnej<\/h3>\n<p>Jest wysoce odporny na zu\u017cycie, dzi\u0119ki czemu idealnie nadaje si\u0119 do u\u017cytku w sytuacjach wysokiego stresu, takich jak te wyst\u0119puj\u0105ce podczas mecz\u00f3w pi\u0142ki no\u017cnej. Dodatkowo, zosta\u0142 zaprojektowany tak, aby by\u0142 oddychaj\u0105cy i odprowadza\u0142 wilgo\u0107, co pomaga utrzyma\u0107 graczy w ch\u0142odzie i sucho\u015bci podczas intensywnej aktywno\u015bci fizycznej.<\/p>\n<div class=\"clear\"><\/div>\n<\/div>\n<div class=\"feature-item\">\n<img decoding=\"async\" alt=\"Wysoka wytrzyma\u0142o\u015b\u0107 na rozdarcie - sztuczna sk\u00f3ra Ultrasuede z mikrofibry do r\u0119kawiczek rowerowych\" class=\"feature-image left\" src=\"\/wp-content\/uploads\/2025\/08\/07mm-ultrasuede-microfiber-faux-leather-for-cycling-gloves--37882.jpg\"\/><\/p>\n<h3>Wysoka wytrzyma\u0142o\u015b\u0107 na rozerwanie<\/h3>\n<p>Nasza sk\u00f3ra z mikrofibry Ultrasuede charakteryzuje si\u0119 wyj\u0105tkow\u0105 odporno\u015bci\u0105 na rozdarcia, dzi\u0119ki czemu nie p\u0119ka ani nie odkszta\u0142ca si\u0119 \u0142atwo pod wp\u0142ywem napr\u0119\u017ce\u0144. Dzi\u0119ki temu idealnie nadaje si\u0119 do produkt\u00f3w wymagaj\u0105cych trwa\u0142o\u015bci i d\u0142ugotrwa\u0142ej wydajno\u015bci.<\/p>\n<div class=\"clear\"><\/div>\n<\/div>\n<div class=\"feature-item\">\n<img decoding=\"async\" alt=\"Zachowanie kszta\u0142tu - Ultrasuede, mikrofibra, sztuczna sk\u00f3ra dla r\u0119kawiczek kolarskich\" class=\"feature-image right\" src=\"\/wp-content\/uploads\/2025\/08\/07mm-ultrasuede-microfiber-faux-leather-for-cycling-gloves--37883.jpg\"\/><\/p>\n<h3>Nie\u0142atwe do odkszta\u0142cenia<\/h3>\n<p>Poddany specjalnej obr\u00f3bce w celu zachowania oryginalnego kszta\u0142tu, materia\u0142 ten oferuje doskona\u0142\u0105 elastyczno\u015b\u0107 i stabilno\u015b\u0107. Jest odporny na odkszta\u0142cenia spowodowane naciskiem zewn\u0119trznym lub rozci\u0105ganiem, dzi\u0119ki czemu produkty pozostaj\u0105 nienaruszone i atrakcyjne przez d\u0142ugi czas.<\/p>\n<div class=\"clear\"><\/div>\n<\/div>\n<div class=\"feature-item\">\n<img decoding=\"async\" alt=\"Wytrzyma\u0142o\u015b\u0107 - r\u0119kawiczki kolarskie z mikrofibry i sztucznej sk\u00f3ry Ultrasuede\" class=\"feature-image left\" src=\"\/wp-content\/uploads\/2025\/08\/07mm-ultrasuede-microfiber-faux-leather-for-cycling-gloves--37884.jpg\"\/><\/p>\n<h3>Trwa\u0142o\u015b\u0107<\/h3>\n<p>Niezwykle odporny na \u015bcieranie, rozdarcia i przebicia materia\u0142 sprawia, \u017ce r\u0119kawice pozostaj\u0105 w doskona\u0142ym stanie nawet przy d\u0142ugotrwa\u0142ym u\u017cytkowaniu. Zachowuje r\u00f3wnie\u017c doskona\u0142\u0105 zr\u0119czno\u015b\u0107 i wytrzyma\u0142o\u015b\u0107 wysokiej jako\u015bci wyrob\u00f3w sk\u00f3rzanych.<\/p>\n<div class=\"clear\"><\/div>\n<\/div>\n<\/section>\n<section id=\"usage\">\n<h2>U\u017cycie i zastosowania<\/h2>\n<p><img decoding=\"async\" _src=\"\/wp-content\/uploads\/2025\/08\/aging-resistance-synthetic-pu-leather-for-sports-balls-35037.png\" alt=\"Durable material for sale - Faux Leather Boxes China, Second Hand Leather Bags\" src=\"\/wp-content\/uploads\/2025\/08\/aging-resistance-synthetic-pu-leather-for-sports-balls-35037.png\"\/><\/p>\n<div class=\"usage-point\">\n<h3>WINIW <strong>Importerzy wega\u0144skich but\u00f3w sk\u00f3rzanych<\/strong> Company Factory Wholesale Patent Leather Manufacturersaddresses the challenge of long-term performance with its Aging Resistance Synthetic PU Leather <\/h3>\n<p>WINIW <strong>Importerzy wega\u0144skich but\u00f3w sk\u00f3rzanych<\/strong> Company Factory Wholesale Patent Leather Manufacturersaddresses the challenge of long-term performance with its Aging Resistance Synthetic PU Leather .<\/p>\n<\/div>\n<div class=\"usage-point\">\n<h3>Infused with advanced UV-stabilizing additives, this material resists degradation from sunlight, ozone, and general wear, ensuring sports balls maintain their shape, color, and functionality over time<\/h3>\n<p>Infused with advanced UV-stabilizing additives, this material resists degradation from sunlight, ozone, and general wear, ensuring sports balls maintain their shape, color, and functionality over time.<\/p>\n<\/div>\n<div class=\"usage-point\">\n<h3>The <strong>Sk\u00f3ra odzie\u017cowa Importowane<\/strong> synthetic PU matrix is designed to prevent cracking and yellowing, while the microfiber backing retains flexibility in varying climates<\/h3>\n<p>The <strong>Sk\u00f3ra odzie\u017cowa Importowane<\/strong> synthetic PU matrix is designed to prevent cracking and yellowing, while the microfiber backing retains flexibility in varying climates. Whether used in footballs, rugby balls, or training equipment, it offers peace of mind for brands seeking to deliver products that stand the test of time.<\/p>\n<\/div>\n<div class=\"usage-point\">\n<h3>WINIW <strong>Hurtownia but\u00f3w z mi\u0119kkiej sk\u00f3ry<\/strong> Company Factory Wholesale Patent Leather Manufacturersaging-resistant technology combines science and craftsmanship for enduring quality<\/h3>\n<p>WINIW <strong>Hurtownia but\u00f3w z mi\u0119kkiej sk\u00f3ry<\/strong> Company Factory Wholesale Patent Leather Manufacturersaging-resistant technology combines science and craftsmanship for enduring quality. Applications: Another advantage of Not Easy To Deform PU Material Microfiber Leather is its ability to resist deformation.<\/p>\n<\/div>\n<div class=\"usage-point\">\n<h3>This means that it can maintain its shape even under heavy pressure, making it ideal for use as a covering for footballs<\/h3>\n<p>This means that it can maintain its shape even under heavy pressure, making it ideal for use as a covering for footballs. Players can count on this material to provide a consistent feel and bounce during practice and games, which can help to improve their performance on the field.<\/p>\n<\/div>\n<div class=\"usage-point\">\n<h3>Wygodne i oddychaj\u0105ce<\/h3>\n<p>Mi\u0119kki, wygodny i wysoce oddychaj\u0105cy materia\u0142 jest idealny do r\u0119kawiczek rowerowych i innych produkt\u00f3w noszonych przez d\u0142u\u017cszy czas. Utrzymuje d\u0142onie w ch\u0142odzie i sucho\u015bci podczas intensywnych aktywno\u015bci.<\/p>\n<\/div>\n<div class=\"usage-point\">\n<h3>Przyjazny dla \u015brodowiska i zr\u00f3wnowa\u017cony<\/h3>\n<p>Nasza sztuczna sk\u00f3ra z mikrofibry Ultrasuede obejmuje opcje przyjazne dla \u015brodowiska, takie jak warianty wykonane z przetworzonego PET i materia\u0142\u00f3w ro\u015blinnych, zmniejszaj\u0105c wp\u0142yw na \u015brodowisko, oferuj\u0105c jednocze\u015bnie r\u00f3\u017cnorodne tekstury.<\/p>\n<\/div>\n<div class=\"usage-point\">\n<h3>Ochrona antybakteryjna i przeciwpy\u0142owa<\/h3>\n<p>Wybrane warianty charakteryzuj\u0105 si\u0119 w\u0142a\u015bciwo\u015bciami antybakteryjnymi i py\u0142oszczelnymi, spe\u0142niaj\u0105c wysokie standardy higieny idealne dla r\u0119kawic wymagaj\u0105cych \u015bcis\u0142ej kontroli jako\u015bci i bezpiecze\u0144stwa.<\/p>\n<\/div>\n<div class=\"usage-point\">\n<h3>R\u00f3\u017cnorodne scenariusze zastosowa\u0144<\/h3>\n<p>Opr\u00f3cz r\u0119kawiczek rowerowych, nadaje si\u0119 do r\u0119kawiczek z palcami, r\u0119kawic ochronnych i r\u00f3\u017cnych innych rodzaj\u00f3w r\u0119kawic, a tak\u017ce obuwia, odzie\u017cy i akcesori\u00f3w.<\/p>\n<\/div>\n<p><img decoding=\"async\" alt=\"Zastosowania sztucznej sk\u00f3ry z mikrofibry Ultrasuede 0,7 mm w r\u00f3\u017cnych produktach\" class=\"product-image\" src=\"\/wp-content\/uploads\/2025\/08\/07mm-ultrasuede-microfiber-faux-leather-for-cycling-gloves--37885.jpg\"\/><br \/>\n<img decoding=\"async\" alt=\"R\u0119kawiczki kolarskie wykonane z mikrofibry Ultrasuede - przyk\u0142ad produktu\" class=\"product-image\" src=\"\/wp-content\/uploads\/2025\/08\/07mm-ultrasuede-microfiber-faux-leather-for-cycling-gloves--37886.jpg\"\/><br \/>\n<\/section>\n<p><\/main><\/p>\n<section id=\"inquiry\">\n<h2 style=\"text-align: center;\">Z powa\u017caniem czekam na Twoje zapytanie!<\/h2>\n<p style=\"text-align: center;\">Skontaktuj si\u0119 z nami ju\u017c dzi\u015b, aby dowiedzie\u0107 si\u0119 wi\u0119cej o naszych produktach i z\u0142o\u017cy\u0107 zam\u00f3wienie.<\/p>\n<\/section>\n\n    <div class=\"xs_social_share_widget xs_share_url after_content \t\tmain_content  wslu-style-1 wslu-share-box-shaped wslu-fill-colored wslu-none wslu-share-horizontal wslu-theme-font-no wslu-main_content\">\n\n\t\t\n        <ul>\n\t\t\t        <\/ul>\n    <\/div>","protected":false},"excerpt":{"rendered":"<div class=\"product-short-description\">Balls Leather Aging Resistance Synthetic PU Leather for Sports Balls WINIW Aging Resistance Synthetic PU Leather for Sports Balls Key features include.Ideal for those seeking quality and reliability.<\/p>\n<p>Jako bezpo\u015brednia fabryka, producent i hurtownik mo\u017cemy \u015bci\u015ble kontrolowa\u0107 proces produkcji, aby zapewni\u0107 jako\u015b\u0107 produktu, zapewniaj\u0105c jednocze\u015bnie najkorzystniejsze ceny. Dysponujemy zaawansowanym sprz\u0119tem produkcyjnym i profesjonalnym zespo\u0142em technicznym, aby sprosta\u0107 potrzebom zam\u00f3wie\u0144 na du\u017c\u0105 skal\u0119 i zapewni\u0107 terminow\u0105 dostaw\u0119.<\/p>\n<\/div>","protected":false},"featured_media":4838,"template":"","meta":[],"product_brand":[],"product_cat":[271],"product_tag":[],"class_list":{"0":"post-29492","1":"product","2":"type-product","3":"status-publish","4":"has-post-thumbnail","6":"product_cat-balls-leather","8":"first","9":"instock","10":"product-type-simple"},"_links":{"self":[{"href":"https:\/\/www.eco-leather.com\/pl\/wp-json\/wp\/v2\/product\/29492","targetHints":{"allow":["GET"]}}],"collection":[{"href":"https:\/\/www.eco-leather.com\/pl\/wp-json\/wp\/v2\/product"}],"about":[{"href":"https:\/\/www.eco-leather.com\/pl\/wp-json\/wp\/v2\/types\/product"}],"wp:featuredmedia":[{"embeddable":true,"href":"https:\/\/www.eco-leather.com\/pl\/wp-json\/wp\/v2\/media\/4838"}],"wp:attachment":[{"href":"https:\/\/www.eco-leather.com\/pl\/wp-json\/wp\/v2\/media?parent=29492"}],"wp:term":[{"taxonomy":"product_brand","embeddable":true,"href":"https:\/\/www.eco-leather.com\/pl\/wp-json\/wp\/v2\/product_brand?post=29492"},{"taxonomy":"product_cat","embeddable":true,"href":"https:\/\/www.eco-leather.com\/pl\/wp-json\/wp\/v2\/product_cat?post=29492"},{"taxonomy":"product_tag","embeddable":true,"href":"https:\/\/www.eco-leather.com\/pl\/wp-json\/wp\/v2\/product_tag?post=29492"}],"curies":[{"name":"wp","href":"https:\/\/api.w.org\/{rel}","templated":true}]}}