{"id":29474,"date":"2025-09-07T11:03:44","date_gmt":"2025-09-07T03:03:44","guid":{"rendered":"https:\/\/www.eco-leather.com\/product\/elastic-synthetic-fabric-pu-leather-material-for-soccer-ball\/"},"modified":"2025-09-07T11:03:51","modified_gmt":"2025-09-07T03:03:51","slug":"elastyczny-material-syntetyczny-ze-skory-pu-do-pilki-noznej","status":"publish","type":"product","link":"https:\/\/www.eco-leather.com\/pl\/elastyczny-material-syntetyczny-ze-skory-pu-do-pilki-noznej\/","title":{"rendered":"Elastyczny materia\u0142 syntetyczny ze sk\u00f3ry PU do pi\u0142ki no\u017cnej"},"content":{"rendered":"<h2>Trwa\u0142y materia\u0142 na sprzeda\u017c - Dealerzy tkanin na torby, importowana sk\u00f3ra odzie\u017cowa<\/h2>\n<p><main><\/p>\n<section id=\"product-overview\">\n<h2>Opis produktu<\/h2>\n<p>Szybki <strong>Sk\u00f3ra pu z nadrukiem<\/strong> Szczeg\u00f3\u0142y: Opis:<\/p>\n<p>Wykonane z wysokiej jako\u015bci materia\u0142\u00f3w z mikrofibry, nasze r\u0119kawiczki Ultrasuede Microfiber Faux Leather 0,7 mm to idealny wyb\u00f3r na r\u0119kawiczki rowerowe. R\u00f3wnowa\u017cy elastyczno\u015b\u0107 i wytrzyma\u0142o\u015b\u0107, oferuj\u0105c wyj\u0105tkow\u0105 oddychalno\u015b\u0107 i w\u0142a\u015bciwo\u015bci odprowadzania wilgoci, aby d\u0142onie by\u0142y ch\u0142odne i suche podczas intensywnych przeja\u017cd\u017cek.<\/p>\n<p>Niezale\u017cnie od tego, czy jeste\u015b profesjonalnym rowerzyst\u0105, czy je\u017adzisz rekreacyjnie, materia\u0142 Microfiber Leather zapewnia niezr\u00f3wnany komfort i ochron\u0119. Jego wysoka odporno\u015b\u0107 na \u015bcieranie i rozdarcia zapewnia d\u0142ugotrwa\u0142\u0105 wydajno\u015b\u0107, a elegancki wygl\u0105d dodaje wyrafinowanego akcentu ka\u017cdemu zestawowi rowerowemu.<\/p>\n<\/section>\n<section id=\"features\">\n<h2>Cechy produktu<\/h2>\n<div class=\"feature-item\">\n<img decoding=\"async\" alt=\"Wodoodporny materia\u0142 syntetyczny PU LeathermanElastyczny materia\u0142 syntetyczny PU Leather to wysokiej jako\u015bci materia\u0142 wykorzystywany do produkcji najwy\u017cszej klasy pi\u0142ek do pi\u0142ki no\u017cnej\" class=\"feature-image left\" src=\"\/wp-content\/uploads\/2025\/08\/elastic-synthetic-fabric-pu-leather-material-for-soccer-ball-34966.png\"\/><\/p>\n<h3>The <strong>Wodoodporny Faux Leatherman<\/strong> Elastyczna tkanina syntetyczna ze sk\u00f3ry PU to wysokiej jako\u015bci materia\u0142 wykorzystywany do produkcji najwy\u017cszej klasy pi\u0142ek do pi\u0142ki no\u017cnej.<\/h3>\n<p>The <strong>Wodoodporny Faux Leatherman<\/strong> Elastyczna tkanina syntetyczna ze sk\u00f3ry PU to wysokiej jako\u015bci materia\u0142 wykorzystywany do produkcji najlepszych pi\u0142ek do pi\u0142ki no\u017cnej. Materia\u0142 ten zosta\u0142 zaprojektowany, aby zapewni\u0107 najwy\u017cszy poziom elastyczno\u015bci, trwa\u0142o\u015bci i niezawodno\u015bci.<\/p>\n<div class=\"clear\"><\/div>\n<\/div>\n<div class=\"feature-item\">\n<img decoding=\"async\" alt=\"Wykonany jest z po\u0142\u0105czenia tkanin syntetycznych i sk\u00f3ry poliuretanowej, kt\u00f3ra zapewnia maksymaln\u0105 wydajno\u015b\u0107 i trwa\u0142o\u015b\u0107\" class=\"feature-image left\" src=\"\/wp-content\/uploads\/2025\/08\/elastic-synthetic-fabric-pu-leather-material-for-soccer-ball-34967.png\"\/><\/p>\n<h3>Wykonany jest z po\u0142\u0105czenia tkanin syntetycznych i sk\u00f3ry poliuretanowej, kt\u00f3ra zapewnia maksymaln\u0105 wydajno\u015b\u0107 i trwa\u0142o\u015b\u0107<\/h3>\n<p>Wykonany jest z po\u0142\u0105czenia tkanin syntetycznych i sk\u00f3ry poliuretanowej, kt\u00f3ra zapewnia maksymaln\u0105 wydajno\u015b\u0107 i trwa\u0142o\u015b\u0107. Ca\u0142o\u015b\u0107, <strong>Eksporter wodoodpornych tkanin na sofy<\/strong> Elastyczny materia\u0142 syntetyczny ze sk\u00f3ry PU to fantastyczna opcja dla ka\u017cdego, kto chce stworzy\u0107 wysokiej jako\u015bci pi\u0142k\u0119 no\u017cn\u0105.<\/p>\n<div class=\"clear\"><\/div>\n<\/div>\n<div class=\"feature-item\">\n<img decoding=\"async\" alt=\"Dzi\u0119ki doskona\u0142ej elastyczno\u015bci, trwa\u0142o\u015bci i przyczepno\u015bci, materia\u0142 ten z pewno\u015bci\u0105 podniesie twoj\u0105 gr\u0119 na wy\u017cszy poziom\" class=\"feature-image left\" src=\"\/wp-content\/uploads\/2025\/08\/elastic-synthetic-fabric-pu-leather-material-for-soccer-ball-34968.png\"\/><\/p>\n<h3>Dzi\u0119ki doskona\u0142ej elastyczno\u015bci, trwa\u0142o\u015bci i przyczepno\u015bci, materia\u0142 ten z pewno\u015bci\u0105 podniesie twoj\u0105 gr\u0119 na wy\u017cszy poziom<\/h3>\n<p>Dzi\u0119ki doskona\u0142ej elastyczno\u015bci, trwa\u0142o\u015bci i przyczepno\u015bci, materia\u0142 ten z pewno\u015bci\u0105 podniesie twoj\u0105 gr\u0119 na wy\u017cszy poziom. Niezale\u017cnie od tego, czy jeste\u015b profesjonalnym pi\u0142karzem, czy po prostu kim\u015b, kto uwielbia gra\u0107 w pi\u0142k\u0119 no\u017cn\u0105, elastyczny syntetyczny materia\u0142 ze sk\u00f3ry PU jest doskona\u0142ym wyborem dla Ciebie.<\/p>\n<div class=\"clear\"><\/div>\n<\/div>\n<div class=\"feature-item\">\n<h3>Jeden <strong>Sofa z tkaniny wodoodpornej Importerzy<\/strong> Jedn\u0105 z kluczowych zalet nie\u0142atwego do odkszta\u0142cenia materia\u0142u PU z mikrofibry jest jego wyj\u0105tkowa trwa\u0142o\u015b\u0107<\/h3>\n<p>Jeden <strong>Sofa z tkaniny wodoodpornej Importerzy<\/strong> Jedn\u0105 z kluczowych zalet nie\u0142atwego do odkszta\u0142cenia materia\u0142u PU z mikrofibry jest jego wyj\u0105tkowa trwa\u0142o\u015b\u0107. Materia\u0142 ten zosta\u0142 zaprojektowany tak, aby wytrzyma\u0107 zu\u017cycie podczas regularnego u\u017cytkowania, w tym uderzenia podczas kopania, rzucania i innych manipulacji podczas gry.<\/p>\n<div class=\"clear\"><\/div>\n<\/div>\n<div class=\"feature-item\">\n<h3>Jego wytrzyma\u0142a obudowa oznacza, \u017ce mo\u017ce wytrzyma\u0107 rygory gry, zachowuj\u0105c jednocze\u015bnie sw\u00f3j kszta\u0142t i integralno\u015b\u0107<\/h3>\n<p>Jego wytrzyma\u0142a obudowa oznacza, \u017ce mo\u017ce wytrzyma\u0107 rygory gry, zachowuj\u0105c jednocze\u015bnie sw\u00f3j kszta\u0142t i integralno\u015b\u0107.<\/p>\n<div class=\"clear\"><\/div>\n<\/div>\n<div class=\"feature-item\">\n<img decoding=\"async\" alt=\"Wysoka wytrzyma\u0142o\u015b\u0107 na rozdarcie - sztuczna sk\u00f3ra Ultrasuede z mikrofibry do r\u0119kawiczek rowerowych\" class=\"feature-image left\" src=\"\/wp-content\/uploads\/2025\/08\/07mm-ultrasuede-microfiber-faux-leather-for-cycling-gloves--37882.jpg\"\/><\/p>\n<h3>Wysoka wytrzyma\u0142o\u015b\u0107 na rozerwanie<\/h3>\n<p>Nasza sk\u00f3ra z mikrofibry Ultrasuede charakteryzuje si\u0119 wyj\u0105tkow\u0105 odporno\u015bci\u0105 na rozdarcia, dzi\u0119ki czemu nie p\u0119ka ani nie odkszta\u0142ca si\u0119 \u0142atwo pod wp\u0142ywem napr\u0119\u017ce\u0144. Dzi\u0119ki temu idealnie nadaje si\u0119 do produkt\u00f3w wymagaj\u0105cych trwa\u0142o\u015bci i d\u0142ugotrwa\u0142ej wydajno\u015bci.<\/p>\n<div class=\"clear\"><\/div>\n<\/div>\n<div class=\"feature-item\">\n<img decoding=\"async\" alt=\"Zachowanie kszta\u0142tu - Ultrasuede, mikrofibra, sztuczna sk\u00f3ra dla r\u0119kawiczek kolarskich\" class=\"feature-image right\" src=\"\/wp-content\/uploads\/2025\/08\/07mm-ultrasuede-microfiber-faux-leather-for-cycling-gloves--37883.jpg\"\/><\/p>\n<h3>Nie\u0142atwe do odkszta\u0142cenia<\/h3>\n<p>Poddany specjalnej obr\u00f3bce w celu zachowania oryginalnego kszta\u0142tu, materia\u0142 ten oferuje doskona\u0142\u0105 elastyczno\u015b\u0107 i stabilno\u015b\u0107. Jest odporny na odkszta\u0142cenia spowodowane naciskiem zewn\u0119trznym lub rozci\u0105ganiem, dzi\u0119ki czemu produkty pozostaj\u0105 nienaruszone i atrakcyjne przez d\u0142ugi czas.<\/p>\n<div class=\"clear\"><\/div>\n<\/div>\n<div class=\"feature-item\">\n<img decoding=\"async\" alt=\"Wytrzyma\u0142o\u015b\u0107 - r\u0119kawiczki kolarskie z mikrofibry i sztucznej sk\u00f3ry Ultrasuede\" class=\"feature-image left\" src=\"\/wp-content\/uploads\/2025\/08\/07mm-ultrasuede-microfiber-faux-leather-for-cycling-gloves--37884.jpg\"\/><\/p>\n<h3>Trwa\u0142o\u015b\u0107<\/h3>\n<p>Niezwykle odporny na \u015bcieranie, rozdarcia i przebicia materia\u0142 sprawia, \u017ce r\u0119kawice pozostaj\u0105 w doskona\u0142ym stanie nawet przy d\u0142ugotrwa\u0142ym u\u017cytkowaniu. Zachowuje r\u00f3wnie\u017c doskona\u0142\u0105 zr\u0119czno\u015b\u0107 i wytrzyma\u0142o\u015b\u0107 wysokiej jako\u015bci wyrob\u00f3w sk\u00f3rzanych.<\/p>\n<div class=\"clear\"><\/div>\n<\/div>\n<\/section>\n<section id=\"usage\">\n<h2>U\u017cycie i zastosowania<\/h2>\n<div class=\"usage-point\">\n<h3>Kiedy <strong>Sk\u00f3ra odzie\u017cowa Importowane<\/strong> Je\u015bli chodzi o pi\u0142ki do pi\u0142ki no\u017cnej, jako\u015b\u0107 i wydajno\u015b\u0107 s\u0105 kluczowymi czynnikami<\/h3>\n<p>Kiedy <strong>Sk\u00f3ra odzie\u017cowa Importowane<\/strong> Je\u015bli chodzi o pi\u0142ki do pi\u0142ki no\u017cnej, jako\u015b\u0107 i wydajno\u015b\u0107 s\u0105 kluczowymi czynnikami. Dzi\u0119ki elastycznemu materia\u0142owi z syntetycznej sk\u00f3ry PU producent mo\u017ce stworzy\u0107 najwy\u017cszej jako\u015bci pi\u0142k\u0119, kt\u00f3ra spe\u0142ni wszystkie Twoje potrzeby.<\/p>\n<\/div>\n<div class=\"usage-point\">\n<h3>Materia\u0142 jest wysoce elastyczny, co oznacza, \u017ce mo\u017ce wytrzyma\u0107 si\u0142\u0119 powtarzaj\u0105cych si\u0119 uderze\u0144 bez p\u0119kania lub rozszczepiania si\u0119<\/h3>\n<p>Materia\u0142 jest wysoce elastyczny, co oznacza, \u017ce mo\u017ce wytrzyma\u0107 si\u0142\u0119 powtarzaj\u0105cych si\u0119 uderze\u0144 bez p\u0119kania lub rozszczepiania. Jest <strong>Torby sk\u00f3rzane z drugiej r\u0119ki<\/strong> Jest r\u00f3wnie\u017c bardzo spr\u0119\u017cysta, co oznacza, \u017ce mo\u017ce zachowa\u0107 sw\u00f3j kszta\u0142t nawet po intensywnym u\u017cytkowaniu.<\/p>\n<\/div>\n<div class=\"usage-point\">\n<h3>Nie\u0142atwy do odkszta\u0142cenia materia\u0142 PU Sk\u00f3ra z mikrofibry do pi\u0142ki no\u017cnej to wysokiej jako\u015bci materia\u0142, kt\u00f3ry zosta\u0142 specjalnie zaprojektowany, aby sprosta\u0107 wymaganiom pi\u0142karzy.<\/h3>\n<p>Nie\u0142atwy do odkszta\u0142cenia materia\u0142 PU Sk\u00f3ra z mikrofibry do pi\u0142ki no\u017cnej to wysokiej jako\u015bci materia\u0142, kt\u00f3ry zosta\u0142 specjalnie zaprojektowany, aby sprosta\u0107 wymaganiom pi\u0142karzy. Wykonany ze sk\u00f3ry z mikrofibry, materia\u0142 ten jest niezwykle trwa\u0142y i odporny na odkszta\u0142cenia, dzi\u0119ki czemu idealnie nadaje si\u0119 do stosowania w pi\u0142kach no\u017cnych.<\/p>\n<\/div>\n<div class=\"usage-point\">\n<h3>Jego unikalna struktura i w\u0142a\u015bciwo\u015bci sprawiaj\u0105, \u017ce jest popularnym wyborem zar\u00f3wno w\u015br\u00f3d producent\u00f3w sprz\u0119tu pi\u0142karskiego, jak i graczy<\/h3>\n<p>Jego unikalna struktura i w\u0142a\u015bciwo\u015bci sprawiaj\u0105, \u017ce jest to popularny wyb\u00f3r zar\u00f3wno w\u015br\u00f3d producent\u00f3w, jak i graczy.<\/p>\n<\/div>\n<div class=\"usage-point\">\n<h3>Wygodne i oddychaj\u0105ce<\/h3>\n<p>Mi\u0119kki, wygodny i wysoce oddychaj\u0105cy materia\u0142 jest idealny do r\u0119kawiczek rowerowych i innych produkt\u00f3w noszonych przez d\u0142u\u017cszy czas. Utrzymuje d\u0142onie w ch\u0142odzie i sucho\u015bci podczas intensywnych aktywno\u015bci.<\/p>\n<\/div>\n<div class=\"usage-point\">\n<h3>Przyjazny dla \u015brodowiska i zr\u00f3wnowa\u017cony<\/h3>\n<p>Nasza sztuczna sk\u00f3ra z mikrofibry Ultrasuede obejmuje opcje przyjazne dla \u015brodowiska, takie jak warianty wykonane z przetworzonego PET i materia\u0142\u00f3w ro\u015blinnych, zmniejszaj\u0105c wp\u0142yw na \u015brodowisko, oferuj\u0105c jednocze\u015bnie r\u00f3\u017cnorodne tekstury.<\/p>\n<\/div>\n<div class=\"usage-point\">\n<h3>Ochrona antybakteryjna i przeciwpy\u0142owa<\/h3>\n<p>Wybrane warianty charakteryzuj\u0105 si\u0119 w\u0142a\u015bciwo\u015bciami antybakteryjnymi i py\u0142oszczelnymi, spe\u0142niaj\u0105c wysokie standardy higieny idealne dla r\u0119kawic wymagaj\u0105cych \u015bcis\u0142ej kontroli jako\u015bci i bezpiecze\u0144stwa.<\/p>\n<\/div>\n<div class=\"usage-point\">\n<h3>R\u00f3\u017cnorodne scenariusze zastosowa\u0144<\/h3>\n<p>Opr\u00f3cz r\u0119kawiczek rowerowych, nadaje si\u0119 do r\u0119kawiczek z palcami, r\u0119kawic ochronnych i r\u00f3\u017cnych innych rodzaj\u00f3w r\u0119kawic, a tak\u017ce obuwia, odzie\u017cy i akcesori\u00f3w.<\/p>\n<\/div>\n<p><img decoding=\"async\" alt=\"Zastosowania sztucznej sk\u00f3ry z mikrofibry Ultrasuede 0,7 mm w r\u00f3\u017cnych produktach\" class=\"product-image\" src=\"\/wp-content\/uploads\/2025\/08\/07mm-ultrasuede-microfiber-faux-leather-for-cycling-gloves--37885.jpg\"\/><br \/>\n<img decoding=\"async\" alt=\"R\u0119kawiczki kolarskie wykonane z mikrofibry Ultrasuede - przyk\u0142ad produktu\" class=\"product-image\" src=\"\/wp-content\/uploads\/2025\/08\/07mm-ultrasuede-microfiber-faux-leather-for-cycling-gloves--37886.jpg\"\/><br \/>\n<\/section>\n<section id=\"why-choose-us\">\n<h2>Dlaczego warto wybra\u0107 WINIW<\/h2>\n<div class=\"advantage-item\">\n<h3>Kolejn\u0105 istotn\u0105 zalet\u0105 elastycznego materia\u0142u syntetycznego ze sk\u00f3ry PU jest to, \u017ce zapewnia on doskona\u0142y poziom przyczepno\u015bci<\/h3>\n<p>Kolejn\u0105 istotn\u0105 zalet\u0105 materia\u0142u Elastic Synthetic Fabric PU Leather jest to, \u017ce zapewnia on doskona\u0142y poziom przyczepno\u015bci. Materia\u0142 ten zosta\u0142 specjalnie zaprojektowany, aby zapewni\u0107 doskona\u0142\u0105 przyczepno\u015b\u0107 do pi\u0142ki no\u017cnej, co zapewnia lepsz\u0105 kontrol\u0119 nad pi\u0142k\u0105 i lepsz\u0105 wydajno\u015b\u0107. Nawet gdy pi\u0142ka staje si\u0119 mokra, przyczepno\u015b\u0107 pozostaje nienaruszona.<\/p>\n<\/div>\n<div class=\"advantage-item\">\n<h3>Zapewnienie jako\u015bci<\/h3>\n<p>Wdra\u017camy \u015bcis\u0142\u0105 kontrol\u0119 jako\u015bci w ca\u0142ym \u0142a\u0144cuchu produkcji i dostaw, zgodnie z normami ISO9001. Od wyboru surowc\u00f3w po kontrol\u0119 ko\u0144cow\u0105, priorytetowo traktujemy interesy klienta.<\/p>\n<\/div>\n<div class=\"advantage-item\">\n<h3>Profesjonalny zesp\u00f3\u0142 techniczny<\/h3>\n<p>Nasz wyspecjalizowany zesp\u00f3\u0142 techniczny sk\u0142ada si\u0119 z do\u015bwiadczonych profesjonalist\u00f3w z r\u00f3\u017cnych dziedzin, zaanga\u017cowanych w dostarczanie wysokiej jako\u015bci produkt\u00f3w i dostosowanych rozwi\u0105za\u0144.<\/p>\n<\/div>\n<div class=\"advantage-item\">\n<h3>Szeroki zakres zastosowa\u0144<\/h3>\n<p>Nasze materia\u0142y s\u0105 szeroko stosowane w obuwiu, odzie\u017cy, baga\u017cu, wn\u0119trzach samochod\u00f3w, meblach wypoczynkowych i nie tylko.<\/p>\n<\/div>\n<div class=\"advantage-item\">\n<h3>Bogate do\u015bwiadczenie<\/h3>\n<p>Quanzhou WINIW Import &amp; Export Co., Ltd. ma ponad 20-letnie do\u015bwiadczenie w produkcji, oferuj\u0105c doskona\u0142e rozwi\u0105zania dla klient\u00f3w na ca\u0142ym \u015bwiecie.<\/p>\n<\/div>\n<div class=\"advantage-item\">\n<h3>Przyst\u0119pna cena<\/h3>\n<p>Zapewniamy konkurencyjne ceny i doskona\u0142\u0105 obs\u0142ug\u0119 klienta. Popro\u015b o katalog lub odwied\u017a nasz\u0105 fabryk\u0119, aby zapozna\u0107 si\u0119 z naszymi produktami.<\/p>\n<\/div>\n<div class=\"advantage-item\">\n<h3>24-godzinna obs\u0142uga klienta online<\/h3>\n<p>Nasz zesp\u00f3\u0142 jest dost\u0119pny 24 godziny na dob\u0119, 7 dni w tygodniu, aby odpowiada\u0107 na zapytania i szybko reagowa\u0107 na opinie.<\/p>\n<\/div>\n<p><img decoding=\"async\" alt=\"Zak\u0142ad produkcyjny WINIW - proces produkcji sk\u00f3ry z mikrofibry Ultrasuede\" class=\"product-image\" src=\"\/wp-content\/uploads\/2025\/08\/07mm-ultrasuede-microfiber-faux-leather-for-cycling-gloves--37888.jpg\"\/><br \/>\n<\/section>\n<p><\/main><\/p>\n<section id=\"inquiry\">\n<h2 style=\"text-align: center;\">Z powa\u017caniem czekam na Twoje zapytanie!<\/h2>\n<p style=\"text-align: center;\">Skontaktuj si\u0119 z nami ju\u017c dzi\u015b, aby dowiedzie\u0107 si\u0119 wi\u0119cej o naszych produktach i z\u0142o\u017cy\u0107 zam\u00f3wienie.<\/p>\n<\/section>\n\n    <div class=\"xs_social_share_widget xs_share_url after_content \t\tmain_content  wslu-style-1 wslu-share-box-shaped wslu-fill-colored wslu-none wslu-share-horizontal wslu-theme-font-no wslu-main_content\">\n\n\t\t\n        <ul>\n\t\t\t        <\/ul>\n    <\/div>","protected":false},"excerpt":{"rendered":"<div class=\"product-short-description\">Pi\u0142ki sk\u00f3rzane Elastyczny materia\u0142 syntetyczny ze sk\u00f3ry PU do pi\u0142ki no\u017cnej WINIW Elastyczny materia\u0142 syntetyczny ze sk\u00f3ry PU do pi\u0142ki no\u017cnej Kluczowe cechy to: Idealny dla os\u00f3b poszukuj\u0105cych jako\u015bci i niezawodno\u015bci.<\/p>\n<p>Jako bezpo\u015brednia fabryka, producent i hurtownik mo\u017cemy \u015bci\u015ble kontrolowa\u0107 proces produkcji, aby zapewni\u0107 jako\u015b\u0107 produktu, zapewniaj\u0105c jednocze\u015bnie najkorzystniejsze ceny. Dysponujemy zaawansowanym sprz\u0119tem produkcyjnym i profesjonalnym zespo\u0142em technicznym, aby sprosta\u0107 potrzebom zam\u00f3wie\u0144 na du\u017c\u0105 skal\u0119 i zapewni\u0107 terminow\u0105 dostaw\u0119.<\/p>\n<\/div>","protected":false},"featured_media":4735,"template":"","meta":[],"product_brand":[],"product_cat":[271],"product_tag":[],"class_list":{"0":"post-29474","1":"product","2":"type-product","3":"status-publish","4":"has-post-thumbnail","6":"product_cat-balls-leather","8":"first","9":"instock","10":"product-type-simple"},"_links":{"self":[{"href":"https:\/\/www.eco-leather.com\/pl\/wp-json\/wp\/v2\/product\/29474","targetHints":{"allow":["GET"]}}],"collection":[{"href":"https:\/\/www.eco-leather.com\/pl\/wp-json\/wp\/v2\/product"}],"about":[{"href":"https:\/\/www.eco-leather.com\/pl\/wp-json\/wp\/v2\/types\/product"}],"wp:featuredmedia":[{"embeddable":true,"href":"https:\/\/www.eco-leather.com\/pl\/wp-json\/wp\/v2\/media\/4735"}],"wp:attachment":[{"href":"https:\/\/www.eco-leather.com\/pl\/wp-json\/wp\/v2\/media?parent=29474"}],"wp:term":[{"taxonomy":"product_brand","embeddable":true,"href":"https:\/\/www.eco-leather.com\/pl\/wp-json\/wp\/v2\/product_brand?post=29474"},{"taxonomy":"product_cat","embeddable":true,"href":"https:\/\/www.eco-leather.com\/pl\/wp-json\/wp\/v2\/product_cat?post=29474"},{"taxonomy":"product_tag","embeddable":true,"href":"https:\/\/www.eco-leather.com\/pl\/wp-json\/wp\/v2\/product_tag?post=29474"}],"curies":[{"name":"wp","href":"https:\/\/api.w.org\/{rel}","templated":true}]}}