{"id":29468,"date":"2025-09-07T11:03:44","date_gmt":"2025-09-07T03:03:44","guid":{"rendered":"https:\/\/www.eco-leather.com\/product\/white-environmentally-friendly-natural-pvc-leather-for-mikasa-balls\/"},"modified":"2025-09-07T11:03:49","modified_gmt":"2025-09-07T03:03:49","slug":"biala-przyjazna-dla-srodowiska-skora-naturalna-pcv-na-pilki-mikasa","status":"publish","type":"product","link":"https:\/\/www.eco-leather.com\/pl\/biala-przyjazna-dla-srodowiska-skora-naturalna-pcv-na-pilki-mikasa\/","title":{"rendered":"Bia\u0142a, przyjazna dla \u015brodowiska sk\u00f3ra naturalna PVC do pi\u0142ek MIKASA"},"content":{"rendered":"<h2>Trwa\u0142y materia\u0142 na sprzeda\u017c - importowana sk\u00f3ra odzie\u017cowa, pude\u0142ka ze sztucznej sk\u00f3ry Chiny<\/h2>\n<p><main><\/p>\n<section id=\"product-overview\">\n<h2>Opis produktu<\/h2>\n<p>Szybki <strong>Faux Leather Spandex<\/strong> Szczeg\u00f3\u0142y: Opis:<\/p>\n<p>D\u0142ugotrwa\u0142y <strong>Motoryzacja Fotele sk\u00f3rzane Pies s\u0142u\u017cbowy<\/strong> Wydajno\u015b\u0107 Specjalny sk\u0142ad sk\u00f3ry sprawia, \u017ce jest ona wyj\u0105tkowo odporna na zadrapania i otarcia. Pi\u0142ki do siatk\u00f3wki pozostaj\u0105 w stanie gotowym do zawod\u00f3w znacznie d\u0142u\u017cej, co pozwala zaoszcz\u0119dzi\u0107 pieni\u0105dze na ich wymianie.<\/p>\n<p>Materia\u0142 ten dobrze radzi sobie r\u00f3wnie\u017c w r\u00f3\u017cnych warunkach pogodowych, od gor\u0105cych kort\u00f3w halowych po gr\u0119 na \u015bwie\u017cym powietrzu. Doskona\u0142e wra\u017cenia z gry Sportowcy doceni\u0105 sta\u0142\u0105 przyczepno\u015b\u0107 i spr\u0119\u017cysto\u015b\u0107, jak\u0105 zapewnia ta sk\u00f3ra.<\/p>\n<p>Tekstura powierzchni zosta\u0142a zaprojektowana z my\u015bl\u0105 o optymalnym kontakcie z d\u0142oni\u0105, zapewniaj\u0105c graczom lepsz\u0105 kontrol\u0119 podczas szybkich gier. W przeciwie\u0144stwie do niekt\u00f3rych materia\u0142\u00f3w syntetycznych, nie staje si\u0119 \u015bliska, gdy gracze si\u0119 poc\u0105.<\/p>\n<p>Wykonane z wysokiej jako\u015bci materia\u0142\u00f3w z mikrofibry, nasze r\u0119kawiczki Ultrasuede Microfiber Faux Leather 0,7 mm to idealny wyb\u00f3r na r\u0119kawiczki rowerowe. R\u00f3wnowa\u017cy elastyczno\u015b\u0107 i wytrzyma\u0142o\u015b\u0107, oferuj\u0105c wyj\u0105tkow\u0105 oddychalno\u015b\u0107 i w\u0142a\u015bciwo\u015bci odprowadzania wilgoci, aby d\u0142onie by\u0142y ch\u0142odne i suche podczas intensywnych przeja\u017cd\u017cek.<\/p>\n<p>Niezale\u017cnie od tego, czy jeste\u015b profesjonalnym rowerzyst\u0105, czy je\u017adzisz rekreacyjnie, materia\u0142 Microfiber Leather zapewnia niezr\u00f3wnany komfort i ochron\u0119. Jego wysoka odporno\u015b\u0107 na \u015bcieranie i rozdarcia zapewnia d\u0142ugotrwa\u0142\u0105 wydajno\u015b\u0107, a elegancki wygl\u0105d dodaje wyrafinowanego akcentu ka\u017cdemu zestawowi rowerowemu.<\/p>\n<\/section>\n<section id=\"features\">\n<h2>Cechy produktu<\/h2>\n<div class=\"feature-item\">\n<img decoding=\"async\" alt=\"Nasza wodoodporna sk\u00f3ra zamszowa w sprayuPVC wyr\u00f3\u017cnia si\u0119 tym, \u017ce jest wykonana z naturalnych sk\u0142adnik\u00f3w i proces\u00f3w przyjaznych dla \u015brodowiska\" class=\"feature-image left\" src=\"\/wp-content\/uploads\/2025\/08\/white-environmentally-friendly-natural-pvc-leather-for-mikasa-balls-34948.png\"\/><\/p>\n<h3>Nasz <strong>Wodoodporny spray do sk\u00f3ry zamszowej<\/strong> Sk\u00f3ra PVC wyr\u00f3\u017cnia si\u0119 tym, \u017ce jest wykonana z naturalnych sk\u0142adnik\u00f3w i ekologicznych proces\u00f3w<\/h3>\n<p>Nasz <strong>Wodoodporny spray do sk\u00f3ry zamszowej<\/strong> Sk\u00f3ra PVC wyr\u00f3\u017cnia si\u0119 tym, \u017ce jest wykonana z naturalnych sk\u0142adnik\u00f3w i ekologicznych proces\u00f3w. W przeciwie\u0144stwie do tradycyjnych sk\u00f3r syntetycznych, unikamy szkodliwych chemikali\u00f3w, jednocze\u015bnie zapewniaj\u0105c doskona\u0142\u0105 trwa\u0142o\u015b\u0107.<\/p>\n<div class=\"clear\"><\/div>\n<\/div>\n<div class=\"feature-item\">\n<img decoding=\"async\" alt=\"Jasny, bia\u0142y kolor zachowuje \u015bwie\u017cy wygl\u0105d podczas niezliczonych gier, a g\u0142adka powierzchnia zapewnia graczom doskona\u0142\u0105 kontrol\u0119 nad pi\u0142k\u0105\" class=\"feature-image left\" src=\"\/wp-content\/uploads\/2025\/08\/white-environmentally-friendly-natural-pvc-leather-for-mikasa-balls-34949.png\"\/><\/p>\n<h3>Jasny, bia\u0142y kolor zachowuje \u015bwie\u017cy wygl\u0105d podczas niezliczonych gier, a g\u0142adka powierzchnia zapewnia graczom doskona\u0142\u0105 kontrol\u0119 nad pi\u0142k\u0105<\/h3>\n<p>Jasny bia\u0142y kolor zachowuje \u015bwie\u017cy wygl\u0105d przez niezliczone mecze, a g\u0142adka powierzchnia zapewnia graczom doskona\u0142\u0105 kontrol\u0119 nad pi\u0142k\u0105. Niezale\u017cnie od tego, czy jest u\u017cywana w profesjonalnych meczach, czy w szkolnych programach sportowych, ta sk\u00f3ra dzia\u0142a pi\u0119knie, jednocze\u015bnie zmniejszaj\u0105c wp\u0142yw na \u015brodowisko.<\/p>\n<div class=\"clear\"><\/div>\n<\/div>\n<div class=\"feature-item\">\n<img decoding=\"async\" alt=\"Wysoka wytrzyma\u0142o\u015b\u0107 na rozdarcie - sztuczna sk\u00f3ra Ultrasuede z mikrofibry do r\u0119kawiczek rowerowych\" class=\"feature-image left\" src=\"\/wp-content\/uploads\/2025\/08\/07mm-ultrasuede-microfiber-faux-leather-for-cycling-gloves--37882.jpg\"\/><\/p>\n<h3>Wysoka wytrzyma\u0142o\u015b\u0107 na rozerwanie<\/h3>\n<p>Nasza sk\u00f3ra z mikrofibry Ultrasuede charakteryzuje si\u0119 wyj\u0105tkow\u0105 odporno\u015bci\u0105 na rozdarcia, dzi\u0119ki czemu nie p\u0119ka ani nie odkszta\u0142ca si\u0119 \u0142atwo pod wp\u0142ywem napr\u0119\u017ce\u0144. Dzi\u0119ki temu idealnie nadaje si\u0119 do produkt\u00f3w wymagaj\u0105cych trwa\u0142o\u015bci i d\u0142ugotrwa\u0142ej wydajno\u015bci.<\/p>\n<div class=\"clear\"><\/div>\n<\/div>\n<div class=\"feature-item\">\n<img decoding=\"async\" alt=\"Zachowanie kszta\u0142tu - Ultrasuede, mikrofibra, sztuczna sk\u00f3ra dla r\u0119kawiczek kolarskich\" class=\"feature-image right\" src=\"\/wp-content\/uploads\/2025\/08\/07mm-ultrasuede-microfiber-faux-leather-for-cycling-gloves--37883.jpg\"\/><\/p>\n<h3>Nie\u0142atwe do odkszta\u0142cenia<\/h3>\n<p>Poddany specjalnej obr\u00f3bce w celu zachowania oryginalnego kszta\u0142tu, materia\u0142 ten oferuje doskona\u0142\u0105 elastyczno\u015b\u0107 i stabilno\u015b\u0107. Jest odporny na odkszta\u0142cenia spowodowane naciskiem zewn\u0119trznym lub rozci\u0105ganiem, dzi\u0119ki czemu produkty pozostaj\u0105 nienaruszone i atrakcyjne przez d\u0142ugi czas.<\/p>\n<div class=\"clear\"><\/div>\n<\/div>\n<div class=\"feature-item\">\n<img decoding=\"async\" alt=\"Wytrzyma\u0142o\u015b\u0107 - r\u0119kawiczki kolarskie z mikrofibry i sztucznej sk\u00f3ry Ultrasuede\" class=\"feature-image left\" src=\"\/wp-content\/uploads\/2025\/08\/07mm-ultrasuede-microfiber-faux-leather-for-cycling-gloves--37884.jpg\"\/><\/p>\n<h3>Trwa\u0142o\u015b\u0107<\/h3>\n<p>Niezwykle odporny na \u015bcieranie, rozdarcia i przebicia materia\u0142 sprawia, \u017ce r\u0119kawice pozostaj\u0105 w doskona\u0142ym stanie nawet przy d\u0142ugotrwa\u0142ym u\u017cytkowaniu. Zachowuje r\u00f3wnie\u017c doskona\u0142\u0105 zr\u0119czno\u015b\u0107 i wytrzyma\u0142o\u015b\u0107 wysokiej jako\u015bci wyrob\u00f3w sk\u00f3rzanych.<\/p>\n<div class=\"clear\"><\/div>\n<\/div>\n<\/section>\n<section id=\"usage\">\n<h2>U\u017cycie i zastosowania<\/h2>\n<p><img decoding=\"async\" _src=\"\/wp-content\/uploads\/2025\/08\/white-environmentally-friendly-natural-pvc-leather-for-mikasa-balls-34950.png\" alt=\"Wytrzyma\u0142y materia\u0142 na sprzeda\u017c - kurtka z eko sk\u00f3ry samochodowej, importowana sk\u00f3ra ekologiczna\" src=\"\/wp-content\/uploads\/2025\/08\/white-environmentally-friendly-natural-pvc-leather-for-mikasa-balls-34950.png\"\/><\/p>\n<div class=\"usage-point\">\n<h3>The <strong>Sk\u00f3ra odzie\u017cowa Importowane<\/strong> Materia\u0142 jest specjalnie obrabiany, aby by\u0142 odporny na zu\u017cycie podczas szorstkiej zabawy i cz\u0119stego u\u017cytkowania.<\/h3>\n<p>The <strong>Sk\u00f3ra odzie\u017cowa Importowane<\/strong> Materia\u0142 jest specjalnie obrabiany, aby by\u0142 odporny na zu\u017cycie podczas szorstkiej gry i cz\u0119stego u\u017cytkowania. Zauwa\u017cysz, jak zachowuje sw\u00f3j kszta\u0142t i tekstur\u0119 nawet po wielu meczach.<\/p>\n<\/div>\n<div class=\"usage-point\">\n<h3>Czyszczenie jest r\u00f3wnie\u017c proste, wystarczy przetrze\u0107 wilgotn\u0105 szmatk\u0105, aby wygl\u0105da\u0142 jak nowy<\/h3>\n<p>Czyszczenie jest r\u00f3wnie\u017c proste, wystarczy przetrze\u0107 wilgotn\u0105 szmatk\u0105, aby wygl\u0105da\u0142a jak nowa. WINIW Company Factory Wholesale Leatherette Material Manufacturer jest dumny z tworzenia produkt\u00f3w, kt\u00f3re pomagaj\u0105 sportowcom osi\u0105ga\u0107 najlepsze wyniki, a jednocze\u015bnie s\u0105 przyjazne dla naszej planety.<\/p>\n<\/div>\n<div class=\"usage-point\">\n<h3>Lepsze dla \u015brodowiska Nasza naturalna formu\u0142a PVC wykorzystuje materia\u0142y pochodzenia ro\u015blinnego zamiast agresywnych chemikali\u00f3w.<\/h3>\n<p>Lepsze dla \u015brodowiska Nasza naturalna formu\u0142a PVC wykorzystuje materia\u0142y pochodzenia ro\u015blinnego zamiast agresywnych chemikali\u00f3w. Oznacza to mniejsze zanieczyszczenie podczas produkcji i bezpieczniejsz\u0105 utylizacj\u0119 po zako\u0144czeniu eksploatacji produktu. Dru\u017cyny sportowe mog\u0105 czu\u0107 si\u0119 dobrze, wybieraj\u0105c sprz\u0119t, kt\u00f3ry odpowiada ich warto\u015bciom \u015brodowiskowym.<\/p>\n<\/div>\n<div class=\"usage-point\">\n<h3>Wygodne i oddychaj\u0105ce<\/h3>\n<p>Mi\u0119kki, wygodny i wysoce oddychaj\u0105cy materia\u0142 jest idealny do r\u0119kawiczek rowerowych i innych produkt\u00f3w noszonych przez d\u0142u\u017cszy czas. Utrzymuje d\u0142onie w ch\u0142odzie i sucho\u015bci podczas intensywnych aktywno\u015bci.<\/p>\n<\/div>\n<div class=\"usage-point\">\n<h3>Przyjazny dla \u015brodowiska i zr\u00f3wnowa\u017cony<\/h3>\n<p>Nasza sztuczna sk\u00f3ra z mikrofibry Ultrasuede obejmuje opcje przyjazne dla \u015brodowiska, takie jak warianty wykonane z przetworzonego PET i materia\u0142\u00f3w ro\u015blinnych, zmniejszaj\u0105c wp\u0142yw na \u015brodowisko, oferuj\u0105c jednocze\u015bnie r\u00f3\u017cnorodne tekstury.<\/p>\n<\/div>\n<div class=\"usage-point\">\n<h3>Ochrona antybakteryjna i przeciwpy\u0142owa<\/h3>\n<p>Wybrane warianty charakteryzuj\u0105 si\u0119 w\u0142a\u015bciwo\u015bciami antybakteryjnymi i py\u0142oszczelnymi, spe\u0142niaj\u0105c wysokie standardy higieny idealne dla r\u0119kawic wymagaj\u0105cych \u015bcis\u0142ej kontroli jako\u015bci i bezpiecze\u0144stwa.<\/p>\n<\/div>\n<div class=\"usage-point\">\n<h3>R\u00f3\u017cnorodne scenariusze zastosowa\u0144<\/h3>\n<p>Opr\u00f3cz r\u0119kawiczek rowerowych, nadaje si\u0119 do r\u0119kawiczek z palcami, r\u0119kawic ochronnych i r\u00f3\u017cnych innych rodzaj\u00f3w r\u0119kawic, a tak\u017ce obuwia, odzie\u017cy i akcesori\u00f3w.<\/p>\n<\/div>\n<p><img decoding=\"async\" alt=\"Zastosowania sztucznej sk\u00f3ry z mikrofibry Ultrasuede 0,7 mm w r\u00f3\u017cnych produktach\" class=\"product-image\" src=\"\/wp-content\/uploads\/2025\/08\/07mm-ultrasuede-microfiber-faux-leather-for-cycling-gloves--37885.jpg\"\/><br \/>\n<img decoding=\"async\" alt=\"R\u0119kawiczki kolarskie wykonane z mikrofibry Ultrasuede - przyk\u0142ad produktu\" class=\"product-image\" src=\"\/wp-content\/uploads\/2025\/08\/07mm-ultrasuede-microfiber-faux-leather-for-cycling-gloves--37886.jpg\"\/><br \/>\n<\/section>\n<section id=\"why-choose-us\">\n<h2>Dlaczego warto wybra\u0107 WINIW<\/h2>\n<div class=\"advantage-item\">\n<h3>WINIW Company Factory Wholesale Leatherette Material Manufacturers z przyjemno\u015bci\u0105 przedstawia nasz\u0105 now\u0105 bia\u0142\u0105, przyjazn\u0105 dla \u015brodowiska sk\u00f3r\u0119 naturaln\u0105 PVC, zaprojektowan\u0105 specjalnie do pi\u0142ek do siatk\u00f3wki MIKASA i sprz\u0119tu sportowego.<\/h3>\n<p>WINIW Company Factory Wholesale Leatherette Material Manufacturers z przyjemno\u015bci\u0105 przedstawia nasz\u0105 now\u0105 bia\u0142\u0105, przyjazn\u0105 dla \u015brodowiska sk\u00f3r\u0119 naturaln\u0105 PVC, zaprojektowan\u0105 specjalnie dla pi\u0142ek do siatk\u00f3wki MIKASA i sprz\u0119tu sportowego. Ten innowacyjny materia\u0142 \u0142\u0105czy w sobie najwy\u017csz\u0105 wydajno\u015b\u0107 i ekologiczn\u0105 produkcj\u0119, dzi\u0119ki czemu jest idealny dla sportowc\u00f3w i marek sportowych, kt\u00f3re dbaj\u0105 o jako\u015b\u0107 i \u015brodowisko.<\/p>\n<\/div>\n<div class=\"advantage-item\">\n<h3>Zapewnienie jako\u015bci<\/h3>\n<p>Wdra\u017camy \u015bcis\u0142\u0105 kontrol\u0119 jako\u015bci w ca\u0142ym \u0142a\u0144cuchu produkcji i dostaw, zgodnie z normami ISO9001. Od wyboru surowc\u00f3w po kontrol\u0119 ko\u0144cow\u0105, priorytetowo traktujemy interesy klienta.<\/p>\n<\/div>\n<div class=\"advantage-item\">\n<h3>Profesjonalny zesp\u00f3\u0142 techniczny<\/h3>\n<p>Nasz wyspecjalizowany zesp\u00f3\u0142 techniczny sk\u0142ada si\u0119 z do\u015bwiadczonych profesjonalist\u00f3w z r\u00f3\u017cnych dziedzin, zaanga\u017cowanych w dostarczanie wysokiej jako\u015bci produkt\u00f3w i dostosowanych rozwi\u0105za\u0144.<\/p>\n<\/div>\n<div class=\"advantage-item\">\n<h3>Szeroki zakres zastosowa\u0144<\/h3>\n<p>Nasze materia\u0142y s\u0105 szeroko stosowane w obuwiu, odzie\u017cy, baga\u017cu, wn\u0119trzach samochod\u00f3w, meblach wypoczynkowych i nie tylko.<\/p>\n<\/div>\n<div class=\"advantage-item\">\n<h3>Bogate do\u015bwiadczenie<\/h3>\n<p>Quanzhou WINIW Import &amp; Export Co., Ltd. ma ponad 20-letnie do\u015bwiadczenie w produkcji, oferuj\u0105c doskona\u0142e rozwi\u0105zania dla klient\u00f3w na ca\u0142ym \u015bwiecie.<\/p>\n<\/div>\n<div class=\"advantage-item\">\n<h3>Przyst\u0119pna cena<\/h3>\n<p>Zapewniamy konkurencyjne ceny i doskona\u0142\u0105 obs\u0142ug\u0119 klienta. Popro\u015b o katalog lub odwied\u017a nasz\u0105 fabryk\u0119, aby zapozna\u0107 si\u0119 z naszymi produktami.<\/p>\n<\/div>\n<div class=\"advantage-item\">\n<h3>24-godzinna obs\u0142uga klienta online<\/h3>\n<p>Nasz zesp\u00f3\u0142 jest dost\u0119pny 24 godziny na dob\u0119, 7 dni w tygodniu, aby odpowiada\u0107 na zapytania i szybko reagowa\u0107 na opinie.<\/p>\n<\/div>\n<p><img decoding=\"async\" alt=\"Zak\u0142ad produkcyjny WINIW - proces produkcji sk\u00f3ry z mikrofibry Ultrasuede\" class=\"product-image\" src=\"\/wp-content\/uploads\/2025\/08\/07mm-ultrasuede-microfiber-faux-leather-for-cycling-gloves--37888.jpg\"\/><br \/>\n<\/section>\n<p><\/main><\/p>\n<section id=\"inquiry\">\n<h2 style=\"text-align: center;\">Z powa\u017caniem czekam na Twoje zapytanie!<\/h2>\n<p style=\"text-align: center;\">Skontaktuj si\u0119 z nami ju\u017c dzi\u015b, aby dowiedzie\u0107 si\u0119 wi\u0119cej o naszych produktach i z\u0142o\u017cy\u0107 zam\u00f3wienie.<\/p>\n<\/section>\n\n    <div class=\"xs_social_share_widget xs_share_url after_content \t\tmain_content  wslu-style-1 wslu-share-box-shaped wslu-fill-colored wslu-none wslu-share-horizontal wslu-theme-font-no wslu-main_content\">\n\n\t\t\n        <ul>\n\t\t\t        <\/ul>\n    <\/div>","protected":false},"excerpt":{"rendered":"<div class=\"product-short-description\">Pi\u0142ki Sk\u00f3rzane Bia\u0142a Przyjazna \u015arodowisku Sk\u00f3ra Naturalna PVC do Pi\u0142ek MIKASA WINIW Bia\u0142a Przyjazna \u015arodowisku Sk\u00f3ra Naturalna PVC do Pi\u0142ek MIKASA Kluczowe cechy obejmuj\u0105.Idealny dla os\u00f3b poszukuj\u0105cych jako\u015bci i niezawodno\u015bci.<\/p>\n<p>Jako bezpo\u015brednia fabryka, producent i hurtownik mo\u017cemy \u015bci\u015ble kontrolowa\u0107 proces produkcji, aby zapewni\u0107 jako\u015b\u0107 produktu, zapewniaj\u0105c jednocze\u015bnie najkorzystniejsze ceny. Dysponujemy zaawansowanym sprz\u0119tem produkcyjnym i profesjonalnym zespo\u0142em technicznym, aby sprosta\u0107 potrzebom zam\u00f3wie\u0144 na du\u017c\u0105 skal\u0119 i zapewni\u0107 terminow\u0105 dostaw\u0119.<\/p>\n<\/div>","protected":false},"featured_media":4713,"template":"","meta":[],"product_brand":[],"product_cat":[271],"product_tag":[19201],"class_list":{"0":"post-29468","1":"product","2":"type-product","3":"status-publish","4":"has-post-thumbnail","6":"product_cat-balls-leather","7":"product_tag-pvc-leather-fabric-customizepvc-leather-fabric-wholesalerpvc-leather-fabric-odmpvc-leather-fabric-exportpvc-leather-fabric-providerpvc-leather-fabric-private-label","9":"first","10":"instock","11":"product-type-simple"},"_links":{"self":[{"href":"https:\/\/www.eco-leather.com\/pl\/wp-json\/wp\/v2\/product\/29468","targetHints":{"allow":["GET"]}}],"collection":[{"href":"https:\/\/www.eco-leather.com\/pl\/wp-json\/wp\/v2\/product"}],"about":[{"href":"https:\/\/www.eco-leather.com\/pl\/wp-json\/wp\/v2\/types\/product"}],"wp:featuredmedia":[{"embeddable":true,"href":"https:\/\/www.eco-leather.com\/pl\/wp-json\/wp\/v2\/media\/4713"}],"wp:attachment":[{"href":"https:\/\/www.eco-leather.com\/pl\/wp-json\/wp\/v2\/media?parent=29468"}],"wp:term":[{"taxonomy":"product_brand","embeddable":true,"href":"https:\/\/www.eco-leather.com\/pl\/wp-json\/wp\/v2\/product_brand?post=29468"},{"taxonomy":"product_cat","embeddable":true,"href":"https:\/\/www.eco-leather.com\/pl\/wp-json\/wp\/v2\/product_cat?post=29468"},{"taxonomy":"product_tag","embeddable":true,"href":"https:\/\/www.eco-leather.com\/pl\/wp-json\/wp\/v2\/product_tag?post=29468"}],"curies":[{"name":"wp","href":"https:\/\/api.w.org\/{rel}","templated":true}]}}