{"id":29465,"date":"2025-09-07T11:03:44","date_gmt":"2025-09-07T03:03:44","guid":{"rendered":"https:\/\/www.eco-leather.com\/product\/numerous-colors-faux-microfiber-material-for-balls\/"},"modified":"2025-09-07T11:03:48","modified_gmt":"2025-09-07T03:03:48","slug":"rozne-kolory-materialu-z-mikrofibry-na-pilki","status":"publish","type":"product","link":"https:\/\/www.eco-leather.com\/pl\/rozne-kolory-materialu-z-mikrofibry-na-pilki\/","title":{"rendered":"R\u00f3\u017cnokolorowy materia\u0142 ze sztucznej mikrofibry do pi\u0142ek"},"content":{"rendered":"<h2>Wytrzyma\u0142y materia\u0142 na sprzeda\u017c - Materia\u0142 podszewki obuwia, Materia\u0142 obuwia Pure<\/h2>\n<p><main><\/p>\n<section id=\"product-overview\">\n<h2>Opis produktu<\/h2>\n<p>Szybki <strong>Firma produkuj\u0105ca foteliki samochodowe<\/strong> Szczeg\u00f3\u0142y: Opis:<\/p>\n<p>Kolor <strong>Materia\u0142 podszewki obuwia<\/strong> Nasze kolory s\u0105 zablokowane mocniej ni\u017c kod czasu ekranu telefonu. Deszcz, s\u0142o\u0144ce, pot - do dzie\u0142a! Te odcienie nie poddadz\u0105 si\u0119, gdy sytuacja stanie si\u0119 trudna.<\/p>\n<p>Ponadto, dzi\u0119ki tak wielu opcjom, mo\u017cesz dopasowa\u0107 kolory swojej dru\u017cyny lub stworzy\u0107 co\u015b zupe\u0142nie wyj\u0105tkowego - \u015bmia\u0142o, b\u0105d\u017a t\u0105 fantazyjn\u0105 dru\u017cyn\u0105 z niestandardowymi kolorami pi\u0142ek! \u0141atwe czyszczenie Rozlany koktajl po meczu Nie ma problemu!<\/p>\n<p>Nasz materia\u0142 wyciera si\u0119 szybciej ni\u017c mo\u017cna powiedzie\u0107 \"ups\". Nie wymaga specjalnych \u015brodk\u00f3w czyszcz\u0105cych - wystarczy szybko przetrze\u0107 i mo\u017cna wr\u00f3ci\u0107 do gry. Mniej czasu na czyszczenie oznacza wi\u0119cej czasu na gr\u0119<\/p>\n<p>Wykonane z wysokiej jako\u015bci materia\u0142\u00f3w z mikrofibry, nasze r\u0119kawiczki Ultrasuede Microfiber Faux Leather 0,7 mm to idealny wyb\u00f3r na r\u0119kawiczki rowerowe. R\u00f3wnowa\u017cy elastyczno\u015b\u0107 i wytrzyma\u0142o\u015b\u0107, oferuj\u0105c wyj\u0105tkow\u0105 oddychalno\u015b\u0107 i w\u0142a\u015bciwo\u015bci odprowadzania wilgoci, aby d\u0142onie by\u0142y ch\u0142odne i suche podczas intensywnych przeja\u017cd\u017cek.<\/p>\n<p>Niezale\u017cnie od tego, czy jeste\u015b profesjonalnym rowerzyst\u0105, czy je\u017adzisz rekreacyjnie, materia\u0142 Microfiber Leather zapewnia niezr\u00f3wnany komfort i ochron\u0119. Jego wysoka odporno\u015b\u0107 na \u015bcieranie i rozdarcia zapewnia d\u0142ugotrwa\u0142\u0105 wydajno\u015b\u0107, a elegancki wygl\u0105d dodaje wyrafinowanego akcentu ka\u017cdemu zestawowi rowerowemu.<\/p>\n<\/section>\n<section id=\"usage\">\n<h2>U\u017cycie i zastosowania<\/h2>\n<p><img decoding=\"async\" _src=\"\/wp-content\/uploads\/2025\/08\/numerous-colors-faux-microfiber-material-for-balls-34939.png\" alt=\"Wytrzyma\u0142y materia\u0142 na sprzeda\u017c - Materia\u0142 podszewki obuwia, Materia\u0142 obuwia Pure\" src=\"\/wp-content\/uploads\/2025\/08\/numerous-colors-faux-microfiber-material-for-balls-34939.png\"\/><\/p>\n<div class=\"usage-point\">\n<h3>Nasz <strong>Materia\u0142 torby Firmy Pu<\/strong> Materia\u0142 z mikrofibry to nie tylko \u0142adny wygl\u0105d - to superbohater pokrowc\u00f3w na pi\u0142ki<\/h3>\n<p>Nasz <strong>Materia\u0142 torby Firmy Pu<\/strong> Materia\u0142 z mikrofibry to nie tylko \u0142adna buzia - to superbohater pokry\u0107 pi\u0142ek. Wystarczaj\u0105co wytrzyma\u0142y, aby poradzi\u0107 sobie z najdzikszymi grami, wystarczaj\u0105co mi\u0119kki, aby sprawi\u0107, \u017ce gracze mdlej\u0105, i wystarczaj\u0105co kolorowy, aby inne pi\u0142ki by\u0142y zazdrosne.<\/p>\n<\/div>\n<div class=\"usage-point\">\n<h3>Sekret U\u017cywamy specjalnej techniki tkania, kt\u00f3ra sprawia, \u017ce kolory s\u0105 \u017cywe, a materia\u0142 pozostaje mocny<\/h3>\n<p>Sekret Stosujemy specjaln\u0105 technik\u0119 tkania, kt\u00f3ra sprawia, \u017ce kolory s\u0105 \u017cywe, a materia\u0142 mocny. Nie <strong>Materia\u0142 but\u00f3w Pure<\/strong> wi\u0119cej smutnych, wyblak\u0142ych pi\u0142ek po kilku grach - te kolory pozostaj\u0105 \u017cywe d\u0142u\u017cej ni\u017c hawajskie koszule twojego wujka!<\/p>\n<\/div>\n<div class=\"usage-point\">\n<h3>Tough Love Ten materia\u0142 \u015bmieje si\u0119 w obliczu zadrapa\u0144 i zarysowa\u0144<\/h3>\n<p>Tough Love Ten materia\u0142 \u015bmieje si\u0119 w obliczu zadrapa\u0144 i zarysowa\u0144. Podczas gdy inne pi\u0142ki s\u0105 \u0142atane, twoja wci\u0105\u017c b\u0119dzie wygl\u0105da\u0107 \u015bwie\u017co. Powierzchnia z mikrofibry zapewnia graczom doskona\u0142\u0105 przyczepno\u015b\u0107 bez uczucia trzymania plastikowej torby - poniewa\u017c nikt nie chce tego niezr\u0119cznego momentu, w kt\u00f3rym pi\u0142ka wy\u015blizguje si\u0119 w najgorszym mo\u017cliwym momencie, prawda Aplikacje:<\/p>\n<\/div>\n<div class=\"usage-point\">\n<h3>Wygodne i oddychaj\u0105ce<\/h3>\n<p>Mi\u0119kki, wygodny i wysoce oddychaj\u0105cy materia\u0142 jest idealny do r\u0119kawiczek rowerowych i innych produkt\u00f3w noszonych przez d\u0142u\u017cszy czas. Utrzymuje d\u0142onie w ch\u0142odzie i sucho\u015bci podczas intensywnych aktywno\u015bci.<\/p>\n<\/div>\n<div class=\"usage-point\">\n<h3>Przyjazny dla \u015brodowiska i zr\u00f3wnowa\u017cony<\/h3>\n<p>Nasza sztuczna sk\u00f3ra z mikrofibry Ultrasuede obejmuje opcje przyjazne dla \u015brodowiska, takie jak warianty wykonane z przetworzonego PET i materia\u0142\u00f3w ro\u015blinnych, zmniejszaj\u0105c wp\u0142yw na \u015brodowisko, oferuj\u0105c jednocze\u015bnie r\u00f3\u017cnorodne tekstury.<\/p>\n<\/div>\n<div class=\"usage-point\">\n<h3>Ochrona antybakteryjna i przeciwpy\u0142owa<\/h3>\n<p>Wybrane warianty charakteryzuj\u0105 si\u0119 w\u0142a\u015bciwo\u015bciami antybakteryjnymi i py\u0142oszczelnymi, spe\u0142niaj\u0105c wysokie standardy higieny idealne dla r\u0119kawic wymagaj\u0105cych \u015bcis\u0142ej kontroli jako\u015bci i bezpiecze\u0144stwa.<\/p>\n<\/div>\n<div class=\"usage-point\">\n<h3>R\u00f3\u017cnorodne scenariusze zastosowa\u0144<\/h3>\n<p>Opr\u00f3cz r\u0119kawiczek rowerowych, nadaje si\u0119 do r\u0119kawiczek z palcami, r\u0119kawic ochronnych i r\u00f3\u017cnych innych rodzaj\u00f3w r\u0119kawic, a tak\u017ce obuwia, odzie\u017cy i akcesori\u00f3w.<\/p>\n<\/div>\n<p><img decoding=\"async\" alt=\"Zastosowania sztucznej sk\u00f3ry z mikrofibry Ultrasuede 0,7 mm w r\u00f3\u017cnych produktach\" class=\"product-image\" src=\"\/wp-content\/uploads\/2025\/08\/07mm-ultrasuede-microfiber-faux-leather-for-cycling-gloves--37885.jpg\"\/><br \/>\n<img decoding=\"async\" alt=\"R\u0119kawiczki kolarskie wykonane z mikrofibry Ultrasuede - przyk\u0142ad produktu\" class=\"product-image\" src=\"\/wp-content\/uploads\/2025\/08\/07mm-ultrasuede-microfiber-faux-leather-for-cycling-gloves--37886.jpg\"\/><br \/>\n<\/section>\n<section id=\"why-choose-us\">\n<h2>Dlaczego warto wybra\u0107 WINIW<\/h2>\n<div class=\"advantage-item\">\n<h3>Hej, mi\u0142o\u015bnicy kolor\u00f3w! WINIW Company Factory Wholesale Fabric Manufacturers maluje miasto na czerwono (i niebiesko, zielono, fioletowo).<\/h3>\n<p>Hej, mi\u0142o\u015bnicy kolor\u00f3w! WINIW Company Factory Wholesale Fabric Manufacturers maluje miasto na czerwono (i niebiesko, zielono, fioletowo...) dzi\u0119ki naszemu materia\u0142owi z mikrofibry w wielu kolorach, kt\u00f3ry zamienia nudne stare pi\u0142ki w dzie\u0142a sztuki. Wyobra\u017a sobie, \u017ce t\u0119cza eksplodowa\u0142a w naszej fabryce - w zasadzie tak w\u0142a\u015bnie robimy te rzeczy! Niezale\u017cnie od tego, czy szukasz neonowych jaskrawo\u015bci, aby o\u015blepi\u0107 konkurencj\u0119, czy klasycznych pasteli dla wyrafinowanego akcentu, mamy wi\u0119cej kolor\u00f3w ni\u017c torebka Skittles.<\/p>\n<\/div>\n<div class=\"advantage-item\">\n<h3>Zapewnienie jako\u015bci<\/h3>\n<p>Wdra\u017camy \u015bcis\u0142\u0105 kontrol\u0119 jako\u015bci w ca\u0142ym \u0142a\u0144cuchu produkcji i dostaw, zgodnie z normami ISO9001. Od wyboru surowc\u00f3w po kontrol\u0119 ko\u0144cow\u0105, priorytetowo traktujemy interesy klienta.<\/p>\n<\/div>\n<div class=\"advantage-item\">\n<h3>Profesjonalny zesp\u00f3\u0142 techniczny<\/h3>\n<p>Nasz wyspecjalizowany zesp\u00f3\u0142 techniczny sk\u0142ada si\u0119 z do\u015bwiadczonych profesjonalist\u00f3w z r\u00f3\u017cnych dziedzin, zaanga\u017cowanych w dostarczanie wysokiej jako\u015bci produkt\u00f3w i dostosowanych rozwi\u0105za\u0144.<\/p>\n<\/div>\n<div class=\"advantage-item\">\n<h3>Szeroki zakres zastosowa\u0144<\/h3>\n<p>Nasze materia\u0142y s\u0105 szeroko stosowane w obuwiu, odzie\u017cy, baga\u017cu, wn\u0119trzach samochod\u00f3w, meblach wypoczynkowych i nie tylko.<\/p>\n<\/div>\n<div class=\"advantage-item\">\n<h3>Bogate do\u015bwiadczenie<\/h3>\n<p>Quanzhou WINIW Import &amp; Export Co., Ltd. ma ponad 20-letnie do\u015bwiadczenie w produkcji, oferuj\u0105c doskona\u0142e rozwi\u0105zania dla klient\u00f3w na ca\u0142ym \u015bwiecie.<\/p>\n<\/div>\n<div class=\"advantage-item\">\n<h3>Przyst\u0119pna cena<\/h3>\n<p>Zapewniamy konkurencyjne ceny i doskona\u0142\u0105 obs\u0142ug\u0119 klienta. Popro\u015b o katalog lub odwied\u017a nasz\u0105 fabryk\u0119, aby zapozna\u0107 si\u0119 z naszymi produktami.<\/p>\n<\/div>\n<div class=\"advantage-item\">\n<h3>24-godzinna obs\u0142uga klienta online<\/h3>\n<p>Nasz zesp\u00f3\u0142 jest dost\u0119pny 24 godziny na dob\u0119, 7 dni w tygodniu, aby odpowiada\u0107 na zapytania i szybko reagowa\u0107 na opinie.<\/p>\n<\/div>\n<p><img decoding=\"async\" alt=\"Zak\u0142ad produkcyjny WINIW - proces produkcji sk\u00f3ry z mikrofibry Ultrasuede\" class=\"product-image\" src=\"\/wp-content\/uploads\/2025\/08\/07mm-ultrasuede-microfiber-faux-leather-for-cycling-gloves--37888.jpg\"\/><br \/>\n<\/section>\n<p><\/main><\/p>\n<section id=\"inquiry\">\n<h2 style=\"text-align: center;\">Z powa\u017caniem czekam na Twoje zapytanie!<\/h2>\n<p style=\"text-align: center;\">Skontaktuj si\u0119 z nami ju\u017c dzi\u015b, aby dowiedzie\u0107 si\u0119 wi\u0119cej o naszych produktach i z\u0142o\u017cy\u0107 zam\u00f3wienie.<\/p>\n<\/section>\n\n    <div class=\"xs_social_share_widget xs_share_url after_content \t\tmain_content  wslu-style-1 wslu-share-box-shaped wslu-fill-colored wslu-none wslu-share-horizontal wslu-theme-font-no wslu-main_content\">\n\n\t\t\n        <ul>\n\t\t\t        <\/ul>\n    <\/div>","protected":false},"excerpt":{"rendered":"<div class=\"product-short-description\">Pi\u0142ki Sk\u00f3rzane Liczne Kolory Sztuczny Materia\u0142 z Mikrofibry na Pi\u0142ki WINIW Liczne Kolory Sztuczny Materia\u0142 z Mikrofibry na Pi\u0142ki Kluczowe cechy obejmuj\u0105: Idealny dla os\u00f3b poszukuj\u0105cych jako\u015bci i niezawodno\u015bci.<\/p>\n<p>Jako bezpo\u015brednia fabryka, producent i hurtownik mo\u017cemy \u015bci\u015ble kontrolowa\u0107 proces produkcji, aby zapewni\u0107 jako\u015b\u0107 produktu, zapewniaj\u0105c jednocze\u015bnie najkorzystniejsze ceny. Dysponujemy zaawansowanym sprz\u0119tem produkcyjnym i profesjonalnym zespo\u0142em technicznym, aby sprosta\u0107 potrzebom zam\u00f3wie\u0144 na du\u017c\u0105 skal\u0119 i zapewni\u0107 terminow\u0105 dostaw\u0119.<\/p>\n<\/div>","protected":false},"featured_media":4707,"template":"","meta":[],"product_brand":[],"product_cat":[271],"product_tag":[19199],"class_list":{"0":"post-29465","1":"product","2":"type-product","3":"status-publish","4":"has-post-thumbnail","6":"product_cat-balls-leather","7":"product_tag-softspun-microfiber-cleaning-cloth-materialmicrofiber-material-by-the-yardmicrofiber-material-fabricmicrofiber-material-vs-cottonmicrofiber-material-for-beddingmicrofiber-material-means","9":"first","10":"instock","11":"product-type-simple"},"_links":{"self":[{"href":"https:\/\/www.eco-leather.com\/pl\/wp-json\/wp\/v2\/product\/29465","targetHints":{"allow":["GET"]}}],"collection":[{"href":"https:\/\/www.eco-leather.com\/pl\/wp-json\/wp\/v2\/product"}],"about":[{"href":"https:\/\/www.eco-leather.com\/pl\/wp-json\/wp\/v2\/types\/product"}],"wp:featuredmedia":[{"embeddable":true,"href":"https:\/\/www.eco-leather.com\/pl\/wp-json\/wp\/v2\/media\/4707"}],"wp:attachment":[{"href":"https:\/\/www.eco-leather.com\/pl\/wp-json\/wp\/v2\/media?parent=29465"}],"wp:term":[{"taxonomy":"product_brand","embeddable":true,"href":"https:\/\/www.eco-leather.com\/pl\/wp-json\/wp\/v2\/product_brand?post=29465"},{"taxonomy":"product_cat","embeddable":true,"href":"https:\/\/www.eco-leather.com\/pl\/wp-json\/wp\/v2\/product_cat?post=29465"},{"taxonomy":"product_tag","embeddable":true,"href":"https:\/\/www.eco-leather.com\/pl\/wp-json\/wp\/v2\/product_tag?post=29465"}],"curies":[{"name":"wp","href":"https:\/\/api.w.org\/{rel}","templated":true}]}}